{"id":115,"date":"2021-04-06T20:34:41","date_gmt":"2021-04-06T16:34:41","guid":{"rendered":"https:\/\/virtnum.com\/?page_id=115"},"modified":"2021-04-06T20:34:41","modified_gmt":"2021-04-06T16:34:41","slug":"buy-toll-free-number","status":"publish","type":"page","link":"https:\/\/virtnum.com\/de\/buy-toll-free-number\/","title":{"rendered":"Kaufen Sie geb\u00fchrenfreie Nummern"},"content":{"rendered":"<h2 class=\"wp-block-heading\">Was ist eine geb\u00fchrenfreie Nummer und wie funktioniert sie?<\/h2>\n\n\n\n<p>Mit geb\u00fchrenfreien Nummern k\u00f6nnen Anrufer Unternehmen und\/oder Privatpersonen erreichen, ohne dass f\u00fcr den Anruf Geb\u00fchren anfallen. Die Geb\u00fchr f\u00fcr die Nutzung einer geb\u00fchrenfreien Nummer wird vom angerufenen Teilnehmer (dem geb\u00fchrenfreien Teilnehmer) und nicht vom anrufenden Teilnehmer bezahlt. Geb\u00fchrenfreie Nummern k\u00f6nnen direkt zu Ihrem gesch\u00e4ftlichen oder privaten Telefonanschluss gew\u00e4hlt werden.<\/p>\n\n\n\n<p>Geb\u00fchrenfreie Nummern sind weit verbreitet und haben sich f\u00fcr Unternehmen bew\u00e4hrt, insbesondere in den Bereichen Kundenservice und Telemarketing. Der geb\u00fchrenfreie Service bietet potenziellen Kunden und anderen eine \u201ekostenlose\u201c und bequeme M\u00f6glichkeit, mit Unternehmen in Kontakt zu treten.<\/p>\n\n\n\n<p>Geb\u00fchrenfreie Nummern sind f\u00fcr Gesch\u00e4ftsinhaber und Verbraucher sehr erfolgreich. Unternehmen stellen ihren Kunden h\u00e4ufig geb\u00fchrenfreie Nummern zur Verf\u00fcgung, \u00fcber die sie Produkte bestellen oder Kundenservice leisten k\u00f6nnen. Normalerweise sind die Kosten pro Anruf f\u00fcr das Unternehmen geringer als die Kosten pro Anruf, wenn der Verbraucher Ferngespr\u00e4chsgeb\u00fchren bezahlt h\u00e4tte. Dar\u00fcber hinaus ist es wahrscheinlicher, dass Verbraucher das Unternehmen kontaktieren, wenn der Anruf kostenlos ist.<\/p>\n\n\n\n<p>Virtuelle Telefonnummern bieten Toll Free Nummern, die mit einem der folgenden Codes beginnen: 120, 1300, 1800, 1809, 20, 4, 400, 800, 803, 805, 807, 808, 844, 855, 866, 877, 888, 900.<\/p>\n\n\n\n<p>Virtuelle Telefonnummern bieten derzeit Toll Free Nummern aus den folgenden L\u00e4ndern: Argentinien, Australien, \u00d6sterreich, Bahrain, Bolivien, Brasilien, Bulgarien, Kanada, China, Kolumbien, Costa Rica, Kroatien, Zypern, Tschechische Republik, D\u00e4nemark, Ecuador, Estland, Finnland , Frankreich, Deutschland, Hongkong, Indien, Indonesien, Irland, Israel, Italien, Japan, Litauen, Luxemburg, Mexiko, Neuseeland, Norwegen, Panama, Peru, Polen, Portugal, Rum\u00e4nien, Russische F\u00f6deration, Slowakei, Spanien, Schweden, Gro\u00dfbritannien, Vereinigtes K\u00f6nigreich, Vereinigte Staaten, Uruguay, USA, Venezuela.<\/p>","protected":false},"excerpt":{"rendered":"<p>Was ist eine geb\u00fchrenfreie Nummer und wie funktioniert sie? Mit geb\u00fchrenfreien Nummern k\u00f6nnen Anrufer Unternehmen und\/oder Privatpersonen erreichen, ohne dass daf\u00fcr Geb\u00fchren anfallen.<\/p>","protected":false},"author":1,"featured_media":0,"parent":0,"menu_order":0,"comment_status":"closed","ping_status":"closed","template":"","meta":{"_acf_changed":false,"footnotes":""},"class_list":["post-115","page","type-page","status-publish","hentry"],"acf":[],"yoast_head":"<!-- This site is optimized with the Yoast SEO plugin v27.3 - https:\/\/yoast.com\/product\/yoast-seo-wordpress\/ -->\n<title>Buy Toll Free Numbers | Buy Virtual Toll Free Numbers | Buy Local Toll Free Number - Virtual Number Provider | DID Numbers | Call Forwarding<\/title>\n<meta name=\"description\" content=\"Buy Toll Free Number or Toll-free Phone Numbers from over 20 countries worldwide. Signup for a Toll Free Number for FREE NOW!!!\" \/>\n<meta name=\"robots\" content=\"index, follow, max-snippet:-1, max-image-preview:large, max-video-preview:-1\" \/>\n<link rel=\"canonical\" href=\"https:\/\/virtnum.com\/de\/buy-toll-free-number\/\" \/>\n<meta property=\"og:locale\" content=\"de_DE\" \/>\n<meta property=\"og:type\" content=\"article\" \/>\n<meta property=\"og:title\" content=\"Buy Toll Free Numbers | Buy Virtual Toll Free Numbers | Buy Local Toll Free Number - Virtual Number Provider | DID Numbers | Call Forwarding\" \/>\n<meta property=\"og:description\" content=\"Buy Toll Free Number or Toll-free Phone Numbers from over 20 countries worldwide. Signup for a Toll Free Number for FREE NOW!!!\" \/>\n<meta property=\"og:url\" content=\"https:\/\/virtnum.com\/de\/buy-toll-free-number\/\" \/>\n<meta property=\"og:site_name\" content=\"Virtual Local Phone Numbers\" \/>\n<meta name=\"twitter:card\" content=\"summary_large_image\" \/>\n<meta name=\"twitter:label1\" content=\"Gesch\u00e4tzte Lesezeit\" \/>\n\t<meta name=\"twitter:data1\" content=\"2\u00a0Minuten\" \/>\n<script type=\"application\/ld+json\" class=\"yoast-schema-graph\">{\"@context\":\"https:\\\/\\\/schema.org\",\"@graph\":[{\"@type\":\"WebPage\",\"@id\":\"https:\\\/\\\/virtnum.com\\\/buy-toll-free-number\\\/\",\"url\":\"https:\\\/\\\/virtnum.com\\\/buy-toll-free-number\\\/\",\"name\":\"Buy Toll Free Numbers | Buy Virtual Toll Free Numbers | Buy Local Toll Free Number - Virtual Number Provider | DID Numbers | Call Forwarding\",\"isPartOf\":{\"@id\":\"https:\\\/\\\/virtnum.com\\\/#website\"},\"datePublished\":\"2021-04-06T16:34:41+00:00\",\"description\":\"Buy Toll Free Number or Toll-free Phone Numbers from over 20 countries worldwide. Signup for a Toll Free Number for FREE NOW!!!\",\"inLanguage\":\"de\",\"potentialAction\":[{\"@type\":\"ReadAction\",\"target\":[\"https:\\\/\\\/virtnum.com\\\/buy-toll-free-number\\\/\"]}]},{\"@type\":\"WebSite\",\"@id\":\"https:\\\/\\\/virtnum.com\\\/#website\",\"url\":\"https:\\\/\\\/virtnum.com\\\/\",\"name\":\"Virtual Local Phone Numbers\",\"description\":\"Buy Virtual Phone Numbers | DID Numbers | VoIP Numbers | Toll-free Numbers | Call forwarding to SIP, VOIP, PBX, Mobile or Fixed Phones\",\"publisher\":{\"@id\":\"https:\\\/\\\/virtnum.com\\\/#organization\"},\"potentialAction\":[{\"@type\":\"SearchAction\",\"target\":{\"@type\":\"EntryPoint\",\"urlTemplate\":\"https:\\\/\\\/virtnum.com\\\/?s={search_term_string}\"},\"query-input\":{\"@type\":\"PropertyValueSpecification\",\"valueRequired\":true,\"valueName\":\"search_term_string\"}}],\"inLanguage\":\"de\"},{\"@type\":\"Organization\",\"@id\":\"https:\\\/\\\/virtnum.com\\\/#organization\",\"name\":\"Virtual Local Phone Numbers\",\"url\":\"https:\\\/\\\/virtnum.com\\\/\",\"logo\":{\"@type\":\"ImageObject\",\"inLanguage\":\"de\",\"@id\":\"https:\\\/\\\/virtnum.com\\\/#\\\/schema\\\/logo\\\/image\\\/\",\"url\":\"https:\\\/\\\/virtnum.com\\\/wp-content\\\/uploads\\\/2022\\\/12\\\/logo-1.png\",\"contentUrl\":\"https:\\\/\\\/virtnum.com\\\/wp-content\\\/uploads\\\/2022\\\/12\\\/logo-1.png\",\"width\":420,\"height\":165,\"caption\":\"Virtual Local Phone Numbers\"},\"image\":{\"@id\":\"https:\\\/\\\/virtnum.com\\\/#\\\/schema\\\/logo\\\/image\\\/\"}}]}<\/script>\n<!-- \/ Yoast SEO plugin. -->","yoast_head_json":{"title":"Geb\u00fchrenfreie Nummern kaufen | Kaufen Sie virtuelle geb\u00fchrenfreie Nummern | Kaufen Sie eine lokale geb\u00fchrenfreie Nummer \u2013 Anbieter virtueller Nummern | DID-Nummern | Anrufweiterleitung","description":"Kaufen Sie geb\u00fchrenfreie Nummern oder geb\u00fchrenfreie Telefonnummern aus \u00fcber 20 L\u00e4ndern weltweit. Melden Sie sich JETZT KOSTENLOS f\u00fcr eine geb\u00fchrenfreie Nummer an!!!","robots":{"index":"index","follow":"follow","max-snippet":"max-snippet:-1","max-image-preview":"max-image-preview:large","max-video-preview":"max-video-preview:-1"},"canonical":"https:\/\/virtnum.com\/de\/buy-toll-free-number\/","og_locale":"de_DE","og_type":"article","og_title":"Buy Toll Free Numbers | Buy Virtual Toll Free Numbers | Buy Local Toll Free Number - Virtual Number Provider | DID Numbers | Call Forwarding","og_description":"Buy Toll Free Number or Toll-free Phone Numbers from over 20 countries worldwide. Signup for a Toll Free Number for FREE NOW!!!","og_url":"https:\/\/virtnum.com\/de\/buy-toll-free-number\/","og_site_name":"Virtual Local Phone Numbers","twitter_card":"summary_large_image","twitter_misc":{"Gesch\u00e4tzte Lesezeit":"2\u00a0Minuten"},"schema":{"@context":"https:\/\/schema.org","@graph":[{"@type":"WebPage","@id":"https:\/\/virtnum.com\/buy-toll-free-number\/","url":"https:\/\/virtnum.com\/buy-toll-free-number\/","name":"Geb\u00fchrenfreie Nummern kaufen | Kaufen Sie virtuelle geb\u00fchrenfreie Nummern | Kaufen Sie eine lokale geb\u00fchrenfreie Nummer \u2013 Anbieter virtueller Nummern | DID-Nummern | Anrufweiterleitung","isPartOf":{"@id":"https:\/\/virtnum.com\/#website"},"datePublished":"2021-04-06T16:34:41+00:00","description":"Kaufen Sie geb\u00fchrenfreie Nummern oder geb\u00fchrenfreie Telefonnummern aus \u00fcber 20 L\u00e4ndern weltweit. Melden Sie sich JETZT KOSTENLOS f\u00fcr eine geb\u00fchrenfreie Nummer an!!!","inLanguage":"de","potentialAction":[{"@type":"ReadAction","target":["https:\/\/virtnum.com\/buy-toll-free-number\/"]}]},{"@type":"WebSite","@id":"https:\/\/virtnum.com\/#website","url":"https:\/\/virtnum.com\/","name":"Virtuelle lokale Telefonnummern","description":"Kaufen Sie virtuelle Telefonnummern | DID-Nummern | VoIP-Nummern | Geb\u00fchrenfreie Nummern | Anrufweiterleitung an SIP, VOIP, PBX, Mobil- oder Festnetztelefone","publisher":{"@id":"https:\/\/virtnum.com\/#organization"},"potentialAction":[{"@type":"SearchAction","target":{"@type":"EntryPoint","urlTemplate":"https:\/\/virtnum.com\/?s={search_term_string}"},"query-input":{"@type":"PropertyValueSpecification","valueRequired":true,"valueName":"search_term_string"}}],"inLanguage":"de"},{"@type":"Organization","@id":"https:\/\/virtnum.com\/#organization","name":"Virtuelle lokale Telefonnummern","url":"https:\/\/virtnum.com\/","logo":{"@type":"ImageObject","inLanguage":"de","@id":"https:\/\/virtnum.com\/#\/schema\/logo\/image\/","url":"https:\/\/virtnum.com\/wp-content\/uploads\/2022\/12\/logo-1.png","contentUrl":"https:\/\/virtnum.com\/wp-content\/uploads\/2022\/12\/logo-1.png","width":420,"height":165,"caption":"Virtual Local Phone Numbers"},"image":{"@id":"https:\/\/virtnum.com\/#\/schema\/logo\/image\/"}}]}},"_links":{"self":[{"href":"https:\/\/virtnum.com\/de\/wp-json\/wp\/v2\/pages\/115","targetHints":{"allow":["GET"]}}],"collection":[{"href":"https:\/\/virtnum.com\/de\/wp-json\/wp\/v2\/pages"}],"about":[{"href":"https:\/\/virtnum.com\/de\/wp-json\/wp\/v2\/types\/page"}],"author":[{"embeddable":true,"href":"https:\/\/virtnum.com\/de\/wp-json\/wp\/v2\/users\/1"}],"replies":[{"embeddable":true,"href":"https:\/\/virtnum.com\/de\/wp-json\/wp\/v2\/comments?post=115"}],"version-history":[{"count":1,"href":"https:\/\/virtnum.com\/de\/wp-json\/wp\/v2\/pages\/115\/revisions"}],"predecessor-version":[{"id":117,"href":"https:\/\/virtnum.com\/de\/wp-json\/wp\/v2\/pages\/115\/revisions\/117"}],"wp:attachment":[{"href":"https:\/\/virtnum.com\/de\/wp-json\/wp\/v2\/media?parent=115"}],"curies":[{"name":"wp","href":"https:\/\/api.w.org\/{rel}","templated":true}]}}