{"id":43,"date":"2021-01-17T12:44:30","date_gmt":"2021-01-17T08:44:30","guid":{"rendered":"https:\/\/virtnum.com\/?page_id=43"},"modified":"2022-10-31T14:54:45","modified_gmt":"2022-10-31T10:54:45","slug":"bahrain-virtual-numbers","status":"publish","type":"page","link":"https:\/\/virtnum.com\/de\/buy-virtual-phone-number\/bahrain-virtual-numbers\/","title":{"rendered":"Bahrain"},"content":{"rendered":"<p>Erhalten Sie Bahrain-DID-Nummern und lokale Telefonnummern in mehr als 60 anderen L\u00e4ndern in bester Qualit\u00e4t zum g\u00fcnstigsten Preis.<\/p>\n\n\n\n<ul class=\"wp-block-list\"><li>Leiten Sie Anrufe nach Bahrain an jeden Ort der Welt weiter.<\/li><li>T\u00e4tigen Sie ausgehende Anrufe mit Ihrer virtuellen Nummer in Bahrain \u00fcber ein Softphone oder unsere mobile App<\/li><li>Leiten Sie eingehende Anrufe zu einem sehr g\u00fcnstigen Tarif an einen beliebigen Festnetz- oder Mobilfunkanschluss weiter.<\/li><li>Die Weiterleitung eingehender Anrufe an einen beliebigen Voice-over-IP-Anbieter (VoIP), SIP, H.323 oder IAX ist inbegriffen.<\/li><li>Sie besitzen die Telefonnummer in Bahrain ohne Vertr\u00e4ge.<\/li><li>Wenn Sie eine geb\u00fchrenfreie oder geb\u00fchrenpflichtige Nummer in Bahrain ben\u00f6tigen, erfahren Sie hier mehr.<\/li><\/ul>\n\n\n\n<h2 class=\"wp-block-heading\">Kaufen Sie eine Bahrain-Telefonnummer f\u00fcr Ihr Unternehmen<\/h2>\n\n\n\n<p>Ben\u00f6tigen Sie eine Pr\u00e4senz in Bahrain f\u00fcr Ihr Unternehmen oder Ihre Website? Kaufen Sie eine virtuelle Telefonnummer f\u00fcr Bahrain (Bahrain DID-Nummer) und sprechen Sie mit Kunden, von denen Sie nie gedacht h\u00e4tten, dass Sie sie h\u00e4tten. Sowohl potenzielle als auch bestehende Kunden werden es zu sch\u00e4tzen wissen, dass ihnen eine lokale Telefonnummer in Bahrain zur Verf\u00fcgung steht. \u00dcberpr\u00fcfen Sie die Analyseberichte Ihrer Website. Wenn Sie Zugriffe au\u00dferhalb der Bereiche erhalten, in denen Sie Ihre unter \u201eKontakt\u201c aufgef\u00fchrte Telefonnummer haben, k\u00f6nnten Ihnen Gesch\u00e4fte entgehen. Nehmen Sie eine virtuelle Nummer in Bahrain, leiten Sie die Anrufe an ein beliebiges VoIP-Ger\u00e4t weiter und zahlen Sie eine Flatrate f\u00fcr unbegrenzte eingehende Minuten an diese Nummer. Sie w\u00e4ren \u00fcberrascht, wie viele Anrufer es in Bahrain geben k\u00f6nnte. <\/p>\n\n\n\n<h2 class=\"wp-block-heading\">Lokale Telefonnummer in Bahrain, damit Freunde und Familie in Kontakt bleiben k\u00f6nnen<\/h2>\n\n\n\n<p>Ganz gleich, ob Sie von zu Hause wegziehen oder nur \u00fcber den Sommer verreisen, Sie ben\u00f6tigen eine lokale Telefonnummer, unter der Freunde und Familie Sie erreichen k\u00f6nnen. W\u00e4hlen Sie eine lokale Telefonnummer in Bahrain und leiten Sie die Anrufe dorthin um, wo auch immer Sie sich befinden. Dies kann eine internationale Mobiltelefonnummer oder ein SIP-Client sein, der auf einem iPhone oder Android l\u00e4uft. Die M\u00f6glichkeiten sind endlos<\/p>","protected":false},"excerpt":{"rendered":"<p>Erhalten Sie DID-Nummern und lokale Telefonnummern aus Bahrain in mehr als 60 anderen L\u00e4ndern in bester Qualit\u00e4t zum g\u00fcnstigsten Preis. Anrufe weiterleiten an\u2026<\/p>","protected":false},"author":1,"featured_media":0,"parent":40,"menu_order":0,"comment_status":"closed","ping_status":"closed","template":"","meta":{"_acf_changed":false,"footnotes":""},"class_list":["post-43","page","type-page","status-publish","hentry"],"acf":[],"yoast_head":"<!-- This site is optimized with the Yoast SEO plugin v27.5 - https:\/\/yoast.com\/product\/yoast-seo-wordpress\/ -->\n<title>Buy Bahrain Virtual Phone Numbers for calls and SMS<\/title>\n<meta name=\"description\" content=\"Get unique Bahrain Virtual Phone Numbers (Bahrain DID Numbers). Make outgoing calls and receive incoming calls or forward the calls to anywhere in the world.\" \/>\n<meta name=\"robots\" content=\"index, follow, max-snippet:-1, max-image-preview:large, max-video-preview:-1\" \/>\n<link rel=\"canonical\" href=\"https:\/\/virtnum.com\/de\/buy-virtual-phone-number\/bahrain-virtual-numbers\/\" \/>\n<meta property=\"og:locale\" content=\"de_DE\" \/>\n<meta property=\"og:type\" content=\"article\" \/>\n<meta property=\"og:title\" content=\"Buy Bahrain Virtual Phone Numbers for calls and SMS\" \/>\n<meta property=\"og:description\" content=\"Get unique Bahrain Virtual Phone Numbers (Bahrain DID Numbers). Make outgoing calls and receive incoming calls or forward the calls to anywhere in the world.\" \/>\n<meta property=\"og:url\" content=\"https:\/\/virtnum.com\/de\/buy-virtual-phone-number\/bahrain-virtual-numbers\/\" \/>\n<meta property=\"og:site_name\" content=\"Virtual Local Phone Numbers\" \/>\n<meta property=\"article:modified_time\" content=\"2022-10-31T10:54:45+00:00\" \/>\n<meta name=\"twitter:card\" content=\"summary_large_image\" \/>\n<script type=\"application\/ld+json\" class=\"yoast-schema-graph\">{\"@context\":\"https:\\\/\\\/schema.org\",\"@graph\":[{\"@type\":\"WebPage\",\"@id\":\"https:\\\/\\\/virtnum.com\\\/buy-virtual-phone-number\\\/bahrain-virtual-numbers\\\/\",\"url\":\"https:\\\/\\\/virtnum.com\\\/buy-virtual-phone-number\\\/bahrain-virtual-numbers\\\/\",\"name\":\"Buy Bahrain Virtual Phone Numbers for calls and SMS\",\"isPartOf\":{\"@id\":\"https:\\\/\\\/virtnum.com\\\/#website\"},\"datePublished\":\"2021-01-17T08:44:30+00:00\",\"dateModified\":\"2022-10-31T10:54:45+00:00\",\"description\":\"Get unique Bahrain Virtual Phone Numbers (Bahrain DID Numbers). Make outgoing calls and receive incoming calls or forward the calls to anywhere in the world.\",\"breadcrumb\":{\"@id\":\"https:\\\/\\\/virtnum.com\\\/buy-virtual-phone-number\\\/bahrain-virtual-numbers\\\/#breadcrumb\"},\"inLanguage\":\"de\",\"potentialAction\":[{\"@type\":\"ReadAction\",\"target\":[\"https:\\\/\\\/virtnum.com\\\/buy-virtual-phone-number\\\/bahrain-virtual-numbers\\\/\"]}]},{\"@type\":\"BreadcrumbList\",\"@id\":\"https:\\\/\\\/virtnum.com\\\/buy-virtual-phone-number\\\/bahrain-virtual-numbers\\\/#breadcrumb\",\"itemListElement\":[{\"@type\":\"ListItem\",\"position\":1,\"name\":\"Permanent Virtual Phone Numbers\",\"item\":\"https:\\\/\\\/virtnum.com\\\/buy-virtual-phone-number\\\/\"},{\"@type\":\"ListItem\",\"position\":2,\"name\":\"Bahrain\"}]},{\"@type\":\"WebSite\",\"@id\":\"https:\\\/\\\/virtnum.com\\\/#website\",\"url\":\"https:\\\/\\\/virtnum.com\\\/\",\"name\":\"Virtual Local Phone Numbers\",\"description\":\"Buy Virtual Phone Numbers | DID Numbers | VoIP Numbers | Toll-free Numbers | Call forwarding to SIP, VOIP, PBX, Mobile or Fixed Phones\",\"publisher\":{\"@id\":\"https:\\\/\\\/virtnum.com\\\/#organization\"},\"potentialAction\":[{\"@type\":\"SearchAction\",\"target\":{\"@type\":\"EntryPoint\",\"urlTemplate\":\"https:\\\/\\\/virtnum.com\\\/?s={search_term_string}\"},\"query-input\":{\"@type\":\"PropertyValueSpecification\",\"valueRequired\":true,\"valueName\":\"search_term_string\"}}],\"inLanguage\":\"de\"},{\"@type\":\"Organization\",\"@id\":\"https:\\\/\\\/virtnum.com\\\/#organization\",\"name\":\"Virtual Local Phone Numbers\",\"url\":\"https:\\\/\\\/virtnum.com\\\/\",\"logo\":{\"@type\":\"ImageObject\",\"inLanguage\":\"de\",\"@id\":\"https:\\\/\\\/virtnum.com\\\/#\\\/schema\\\/logo\\\/image\\\/\",\"url\":\"https:\\\/\\\/virtnum.com\\\/wp-content\\\/uploads\\\/2022\\\/12\\\/logo-1.png\",\"contentUrl\":\"https:\\\/\\\/virtnum.com\\\/wp-content\\\/uploads\\\/2022\\\/12\\\/logo-1.png\",\"width\":420,\"height\":165,\"caption\":\"Virtual Local Phone Numbers\"},\"image\":{\"@id\":\"https:\\\/\\\/virtnum.com\\\/#\\\/schema\\\/logo\\\/image\\\/\"}}]}<\/script>\n<!-- \/ Yoast SEO plugin. -->","yoast_head_json":{"title":"Kaufen Sie virtuelle Telefonnummern f\u00fcr Bahrain f\u00fcr Anrufe und SMS","description":"Erhalten Sie einzigartige virtuelle Telefonnummern f\u00fcr Bahrain (DID-Nummern f\u00fcr Bahrain). T\u00e4tigen Sie ausgehende Anrufe und empfangen Sie eingehende Anrufe oder leiten Sie die Anrufe an einen beliebigen Ort auf der Welt weiter.","robots":{"index":"index","follow":"follow","max-snippet":"max-snippet:-1","max-image-preview":"max-image-preview:large","max-video-preview":"max-video-preview:-1"},"canonical":"https:\/\/virtnum.com\/de\/buy-virtual-phone-number\/bahrain-virtual-numbers\/","og_locale":"de_DE","og_type":"article","og_title":"Buy Bahrain Virtual Phone Numbers for calls and SMS","og_description":"Get unique Bahrain Virtual Phone Numbers (Bahrain DID Numbers). Make outgoing calls and receive incoming calls or forward the calls to anywhere in the world.","og_url":"https:\/\/virtnum.com\/de\/buy-virtual-phone-number\/bahrain-virtual-numbers\/","og_site_name":"Virtual Local Phone Numbers","article_modified_time":"2022-10-31T10:54:45+00:00","twitter_card":"summary_large_image","schema":{"@context":"https:\/\/schema.org","@graph":[{"@type":"WebPage","@id":"https:\/\/virtnum.com\/buy-virtual-phone-number\/bahrain-virtual-numbers\/","url":"https:\/\/virtnum.com\/buy-virtual-phone-number\/bahrain-virtual-numbers\/","name":"Kaufen Sie virtuelle Telefonnummern f\u00fcr Bahrain f\u00fcr Anrufe und SMS","isPartOf":{"@id":"https:\/\/virtnum.com\/#website"},"datePublished":"2021-01-17T08:44:30+00:00","dateModified":"2022-10-31T10:54:45+00:00","description":"Erhalten Sie einzigartige virtuelle Telefonnummern f\u00fcr Bahrain (DID-Nummern f\u00fcr Bahrain). T\u00e4tigen Sie ausgehende Anrufe und empfangen Sie eingehende Anrufe oder leiten Sie die Anrufe an einen beliebigen Ort auf der Welt weiter.","breadcrumb":{"@id":"https:\/\/virtnum.com\/buy-virtual-phone-number\/bahrain-virtual-numbers\/#breadcrumb"},"inLanguage":"de","potentialAction":[{"@type":"ReadAction","target":["https:\/\/virtnum.com\/buy-virtual-phone-number\/bahrain-virtual-numbers\/"]}]},{"@type":"BreadcrumbList","@id":"https:\/\/virtnum.com\/buy-virtual-phone-number\/bahrain-virtual-numbers\/#breadcrumb","itemListElement":[{"@type":"ListItem","position":1,"name":"Permanent Virtual Phone Numbers","item":"https:\/\/virtnum.com\/buy-virtual-phone-number\/"},{"@type":"ListItem","position":2,"name":"Bahrain"}]},{"@type":"WebSite","@id":"https:\/\/virtnum.com\/#website","url":"https:\/\/virtnum.com\/","name":"Virtuelle lokale Telefonnummern","description":"Kaufen Sie virtuelle Telefonnummern | DID-Nummern | VoIP-Nummern | Geb\u00fchrenfreie Nummern | Anrufweiterleitung an SIP, VOIP, PBX, Mobil- oder Festnetztelefone","publisher":{"@id":"https:\/\/virtnum.com\/#organization"},"potentialAction":[{"@type":"SearchAction","target":{"@type":"EntryPoint","urlTemplate":"https:\/\/virtnum.com\/?s={search_term_string}"},"query-input":{"@type":"PropertyValueSpecification","valueRequired":true,"valueName":"search_term_string"}}],"inLanguage":"de"},{"@type":"Organization","@id":"https:\/\/virtnum.com\/#organization","name":"Virtuelle lokale Telefonnummern","url":"https:\/\/virtnum.com\/","logo":{"@type":"ImageObject","inLanguage":"de","@id":"https:\/\/virtnum.com\/#\/schema\/logo\/image\/","url":"https:\/\/virtnum.com\/wp-content\/uploads\/2022\/12\/logo-1.png","contentUrl":"https:\/\/virtnum.com\/wp-content\/uploads\/2022\/12\/logo-1.png","width":420,"height":165,"caption":"Virtual Local Phone Numbers"},"image":{"@id":"https:\/\/virtnum.com\/#\/schema\/logo\/image\/"}}]}},"_links":{"self":[{"href":"https:\/\/virtnum.com\/de\/wp-json\/wp\/v2\/pages\/43","targetHints":{"allow":["GET"]}}],"collection":[{"href":"https:\/\/virtnum.com\/de\/wp-json\/wp\/v2\/pages"}],"about":[{"href":"https:\/\/virtnum.com\/de\/wp-json\/wp\/v2\/types\/page"}],"author":[{"embeddable":true,"href":"https:\/\/virtnum.com\/de\/wp-json\/wp\/v2\/users\/1"}],"replies":[{"embeddable":true,"href":"https:\/\/virtnum.com\/de\/wp-json\/wp\/v2\/comments?post=43"}],"version-history":[{"count":3,"href":"https:\/\/virtnum.com\/de\/wp-json\/wp\/v2\/pages\/43\/revisions"}],"predecessor-version":[{"id":312,"href":"https:\/\/virtnum.com\/de\/wp-json\/wp\/v2\/pages\/43\/revisions\/312"}],"up":[{"embeddable":true,"href":"https:\/\/virtnum.com\/de\/wp-json\/wp\/v2\/pages\/40"}],"wp:attachment":[{"href":"https:\/\/virtnum.com\/de\/wp-json\/wp\/v2\/media?parent=43"}],"curies":[{"name":"wp","href":"https:\/\/api.w.org\/{rel}","templated":true}]}}