{"id":467,"date":"2022-11-14T12:21:47","date_gmt":"2022-11-14T08:21:47","guid":{"rendered":"https:\/\/virtnum.com\/?page_id=467"},"modified":"2024-11-13T05:23:01","modified_gmt":"2024-11-13T01:23:01","slug":"disposable","status":"publish","type":"page","link":"https:\/\/virtnum.com\/de\/disposable\/","title":{"rendered":"Wegwerfnummern"},"content":{"rendered":"<h2 class=\"wp-block-heading\">Tempor\u00e4re Telefonnummern: <strong>Sichern Sie sich mit Wegwerf-SMS-Nummern<\/strong><\/h2>\n\n\n\n<p>Wegwerf-SMS-Nummern bieten eine einfache, sichere L\u00f6sung zum Schutz Ihrer Privatsph\u00e4re im Internet. Verwenden Sie eine tempor\u00e4re Nummer, um Konten zu verifizieren oder sich f\u00fcr Dienste anzumelden, ohne Ihre pers\u00f6nliche Nummer preiszugeben. Wegwerf-SMS-Nummern sind ideal f\u00fcr schnelle Verifizierungen auf Plattformen wie WhatsApp, sozialen Medien und Online-Marktpl\u00e4tzen und sorgen f\u00fcr Sicherheit, da Ihre echten Kontaktinformationen privat bleiben. Mit virtnum.com k\u00f6nnen Sie auf zuverl\u00e4ssige, praktische Nummern f\u00fcr alle Ihre Online-Anforderungen zugreifen \u2013 und so bei jeder Verbindung Flexibilit\u00e4t und Sicherheit gew\u00e4hrleisten.<\/p>\n\n\n\n<blockquote class=\"wp-block-quote is-layout-flow wp-block-quote-is-layout-flow\">\n<p>Um eine SMS-Wegwerfnummer zu erhalten, melden Sie sich beim Anbieter virtueller Nummern virtnum.com an &gt; w\u00e4hlen Sie das gew\u00fcnschte Land und die gew\u00fcnschte Laufzeit &gt; w\u00e4hlen Sie einen Plan, der zu Ihrem Budget passt, und legen Sie sofort los.<\/p>\n\n\n\n<p>Eine Wegwerf-SMS-Nummer ist eine tempor\u00e4re Nummer, die f\u00fcr einmalige Verifizierungen und sichere Online-Interaktionen verwendet wird.<\/p>\n\n\n\n<p>Wegwerfnummern erm\u00f6glichen die private Kontoverifizierung, ohne dass Ihre echte Nummer preisgegeben wird, und sind daher ideal f\u00fcr den pers\u00f6nlichen und beruflichen Gebrauch.<\/p>\n\n\n\n<p>Virtnum.com bietet flexible, g\u00fcnstige Tarife f\u00fcr Wegwerfnummern, die Datenschutz und nahtlose Kontoverwaltung unterst\u00fctzen.<\/p>\n<\/blockquote>\n\n\n<div id=\"footable_parent_705\"\n         class=\"footable_parent ninja_table_wrapper loading_ninja_table wp_table_data_press_parent bootstrap4\">\n                <table data-ninja_table_instance=\"ninja_table_instance_0\" data-footable_id=\"705\" data-filter-delay=\"1000\" aria-label=\"Beta-Einweg \u2013 Liste1.csv\"            id=\"footable_705\"\n           data-unique_identifier=\"ninja_table_unique_id_2698430983_705\"\n           class=\"foo-table ninja_footable foo_table_705 ninja_table_unique_id_2698430983_705 table  nt_type_ajax_table table-striped table-bordered vertical_centered  footable-paging-right\">\n                <colgroup>\n                            <col class=\"ninja_column_0\">\n                            <col class=\"ninja_column_1\">\n                            <col class=\"ninja_column_2\">\n                            <col class=\"ninja_column_3\">\n                    <\/colgroup>\n            <\/table>\n    \n    \n    \n<\/div>\n\n\n\n\n<h2 class=\"wp-block-heading\">Einfache Verifizierung mit Wegwerf-SMS-Nummern<\/h2>\n\n\n\n<p>Angesichts wachsender Bedenken hinsichtlich des Online-Datenschutzes bieten Einweg-SMS-Nummern eine einfache L\u00f6sung f\u00fcr sichere Konto\u00fcberpr\u00fcfungen und den Schutz pers\u00f6nlicher Daten. Einwegnummern sind ideal f\u00fcr Plattformen wie WhatsApp, soziale Medien oder E-Commerce und verhindern die Offenlegung Ihrer echten Nummer. Sie bieten eine schnelle und tempor\u00e4re Option f\u00fcr einmalige \u00dcberpr\u00fcfungen. So k\u00f6nnen Sie problemlos mehrere Konten verwalten, die Privatsph\u00e4re sch\u00fctzen und uneingeschr\u00e4nkt auf globale Dienste zugreifen.<\/p>\n\n\n\n<p>Mit virtnum.com erhalten Sie schnell und zuverl\u00e4ssig eine Einweg-SMS-Nummer, mit der Sie Konten verifizieren, Dienste testen oder sicher kommunizieren k\u00f6nnen. Egal, ob Sie professionell mehrere Plattformen verwalten oder einfach nur eine sichere Option f\u00fcr Online-Shopping suchen, Einwegnummern bieten flexible und private L\u00f6sungen ohne zus\u00e4tzliche Ger\u00e4te oder Verpflichtungen. Entdecken Sie die Vorteile von Einwegnummern zum Schutz Ihrer Daten und genie\u00dfen Sie ein nahtloses Erlebnis bei all Ihren digitalen Interaktionen.<\/p>\n\n\n\n<p>In diesem Handbuch erfahren Sie, wie Sie Ihre Wegwerf-SMS-Nummer f\u00fcr den sofortigen Zugriff einrichten und finden die besten Anbieter, die Wegwerfnummern f\u00fcr jeden gew\u00fcnschten Zweck anbieten.<\/p>\n\n\n\n<p align=\"center\"><a href=\"https:\/\/lk.virtnum.com\/en\/component\/telecomax?task=buyunregistred&#038;type=one-use-sms-numbers\" class=\"buy\">Kaufen Sie eine tempor\u00e4re Telefonnummer<\/a><\/p>\n\n\n\n<p>In diesem Artikel werden wir \u00fcber tempor\u00e4re Telefonnummern sprechen. Insbesondere werden wir die folgenden Themen behandeln:<\/p>\n\n\n\n<ul class=\"wp-block-list\">\n<li>Tempor\u00e4re Nummern definieren<\/li>\n\n\n\n<li>Warum sie n\u00fctzlich sind<\/li>\n\n\n\n<li>Wie Sie in weniger als 10 Minuten eines bekommen<\/li>\n<\/ul>\n\n\n\n<p>Wir empfehlen Ihnen, weiterzulesen, denn am Ende des Artikels werden Sie selbst sehen k\u00f6nnen, ob diese L\u00f6sung f\u00fcr Sie die richtige ist.<\/p>\n\n\n\n<h2 class=\"wp-block-heading\">Tempor\u00e4re Nummern: Was sollten Sie dar\u00fcber wissen?<\/h2>\n\n\n\n<p>Aus dem Namen selbst geht hervor, dass tempor\u00e4re Nummern ein Ablaufdatum haben. Sie unterscheiden sich von Ihrer Handynummer, die Sie wahrscheinlich schon seit Jahren haben. Abgesehen davon k\u00f6nnen Sie davon ausgehen, dass die tempor\u00e4re Version genauso funktioniert wie die regul\u00e4re.<\/p>\n\n\n\n<p>Fr\u00fcher war die einzige M\u00f6glichkeit, eines zu bekommen, der Kauf eines Brennertelefons. Obwohl diese Telefone relativ g\u00fcnstig waren (und immer noch sind), handelt es sich nicht um die beste Option auf dem Markt. Stellen Sie sich das so vor: W\u00fcrden Sie etwas im Wert von $20 kaufen, wenn Sie nur ein Teil ben\u00f6tigen, das $1 kostet?<\/p>\n\n\n\n<p>Es macht \u00fcberhaupt keinen Sinn! Auch wenn Sie strikt dagegen sind, die Rufnummer mit Ihrem eigenen Mobilger\u00e4t zu nutzen, gibt es daf\u00fcr bereits eine g\u00fcnstigere M\u00f6glichkeit: die virtuelle tempor\u00e4re Rufnummer. Diese L\u00f6sung eliminiert alle Nachteile einer tempor\u00e4ren Nummer.<\/p>\n\n\n\n<p>Durch die M\u00f6glichkeit, eine Einmalnummer direkt zu bestellen, zahlen Sie nur f\u00fcr das, was Sie tats\u00e4chlich nutzen. Dadurch k\u00f6nnen Sie Geld sparen, ohne die Qualit\u00e4t des von Ihnen ben\u00f6tigten Zugangs \u00fcber die tempor\u00e4re Rufnummer einzuschr\u00e4nken.<\/p>\n\n\n\n<p align=\"center\"><a href=\"https:\/\/lk.virtnum.com\/en\/component\/telecomax?task=buyunregistred&#038;type=one-use-sms-numbers\" class=\"buy\">Kaufen Sie eine Einwegnummer zur Registrierung<\/a><\/p>\n\n\n\n<h2 class=\"wp-block-heading\">Warum sollten Sie eine Einweg-Telefonnummer erhalten?<\/h2>\n\n\n\n<p>In den meisten F\u00e4llen m\u00fcssen Sie nur Ihre regul\u00e4re Nummer verwenden. Dies bedeutet jedoch nicht, dass tempor\u00e4re Nummern v\u00f6llig nutzlos sind. Indem Sie eines von den Top-Unternehmen wie erhalten <a href=\"https:\/\/telnum.net\/\">Telnum<\/a>profitieren Sie von folgenden Vorteilen:<\/p>\n\n\n\n<ol class=\"wp-block-list\">\n<li>Erh\u00f6htes Gef\u00fchl der Privatsph\u00e4re<\/li>\n<\/ol>\n\n\n\n<p>Stellen Sie sich vor, Sie registrieren sich f\u00fcr eine Messaging-App. Da Sie Ihre Privatnummer verwendet haben, schreiben Ihnen auch Personen, mit denen Sie nicht mehr sprechen m\u00f6chten, von Zeit zu Zeit eine SMS direkt an Ihre Nummer. Sie haben dar\u00fcber nachgedacht, Ihre Nummer komplett zu \u00e4ndern, aber das ist zu umst\u00e4ndlich.<\/p>\n\n\n\n<p>Dies wird zwangsl\u00e4ufig passieren, wenn Sie Ihre private Nummer nicht besser sch\u00fctzen. Aus diesem Grund ist es sinnvoll, sich stattdessen eine tempor\u00e4re Nummer zu besorgen, insbesondere wenn man bedenkt, wie g\u00fcnstig die Anschaffung ist. Zu einem Preis, der in der Regel weniger kostet als eine Tasse Kaffee, k\u00f6nnen Sie sich so vor unerw\u00fcnschten Textnachrichten und Anrufen sch\u00fctzen.<\/p>\n\n\n\n<ol start=\"2\" class=\"wp-block-list\">\n<li>Sie k\u00f6nnen dieselbe Nummer nicht zweimal registrieren<\/li>\n<\/ol>\n\n\n\n<p>Bei vielen Websites und Diensten gilt die Regel, dass eine Telefonnummer jeweils nur mit einem Konto verkn\u00fcpft werden kann. Das hei\u00dft, wenn Sie sich unter verschiedenen E-Mail-Adressen registrieren m\u00f6chten, m\u00fcssen Sie eine andere Nummer beantragen.<\/p>\n\n\n\n<p>Wenn Sie es jedoch nur einmal verwenden, macht es keinen Sinn, sich eine zweite dauerhafte Nummer zuzulegen. Mit einer tempor\u00e4ren Nummer ist dies nicht erforderlich.<\/p>\n\n\n\n<ol start=\"3\" class=\"wp-block-list\">\n<li>Sie m\u00f6chten keine Spam-Anrufe und -SMS erhalten<\/li>\n<\/ol>\n\n\n\n<p>Wenn es um den Umgang mit Ihren sensiblen Daten geht, gibt es immer das Versprechen von Sicherheit. Aber wie wir immer wieder gesehen haben, besteht immer die M\u00f6glichkeit, dass es zu einer Sicherheitsverletzung kommt.<\/p>\n\n\n\n<p>Nat\u00fcrlich kann man immer argumentieren, dass die Wahrscheinlichkeit, dass das passiert, sehr gering ist. Aber warum sollten Sie angesichts der m\u00f6glichen Auswirkungen das Risiko eingehen?<\/p>\n\n\n\n<p align=\"center\"><a href=\"https:\/\/lk.virtnum.com\/en\/component\/telecomax?task=buyunregistred&#038;type=one-use-sms-numbers\" class=\"buy\">Kaufen Sie eine Einwegnummer zur Verifizierung<\/a><\/p>\n\n\n\n<h2 class=\"wp-block-heading\">So kaufen Sie eine virtuelle tempor\u00e4re Nummer<\/h2>\n\n\n\n<p>Wenn Sie der Meinung sind, dass es f\u00fcr Sie von Vorteil sein wird, sich eines anzuschaffen, erfahren Sie hier, wie Sie es in 10 Minuten oder weniger erhalten k\u00f6nnen. Noch schneller geht es, wenn Sie bereits ein Konto bei dem von Ihnen gew\u00e4hlten Anbieter haben. Die unten beschriebenen Schritte zeigen, wie Sie es mit Telnum machen:<\/p>\n\n\n\n<ol class=\"wp-block-list\">\n<li>Besuchen Sie unsere Website.<\/li>\n\n\n\n<li>Gehen Sie unter \u201eServices\u201c auf \u201eWegwerfbare Nummern\u201c.<\/li>\n\n\n\n<li>Klicken Sie auf die blaue Schaltfl\u00e4che mit der Aufschrift \u201eEinweg-SMS-Nummer kaufen\u201c.<\/li>\n\n\n\n<li>W\u00e4hlen Sie das Land (f\u00fcr die Vorwahl) und den Zweck aus, f\u00fcr den Sie die Nummer erhalten m\u00f6chten.<\/li>\n\n\n\n<li>Melden Sie sich bei Ihrem Konto an oder erstellen Sie eines.<\/li>\n\n\n\n<li>Bezahlen Sie Ihre Nummer.<\/li>\n<\/ol>\n\n\n\n<p>Das ist es! Sie k\u00f6nnen die Nummer nun zur Authentifizierung eines Kontos verwenden. Wir hoffen, dass dieser Leitfaden Ihnen bei der Entscheidung geholfen hat, ob tempor\u00e4re Nummern f\u00fcr Sie geeignet sind oder nicht.<\/p>\n\n\n\n<p>Auch wenn sich herausstellt, dass Sie etwas anderes brauchen, machen Sie sich keine Sorgen! VoIP hat noch viel mehr zu bieten. Reduzierte Kosten, erh\u00f6hte Skalierbarkeit und Komfort sowie verbesserte Produktivit\u00e4t sind nur einige davon. Aber z\u00f6gern Sie nicht, dies zu erkunden und die Vorteile selbst zu erleben!<\/p>\n\n\n\n<p align=\"center\"><a href=\"https:\/\/lk.virtnum.com\/en\/component\/telecomax?task=buyunregistred&#038;type=one-use-sms-numbers\" class=\"buy\">Kaufen Sie eine OTP-Nummer mit Einmalpasswort<\/a><\/p>","protected":false},"excerpt":{"rendered":"<p>Tempor\u00e4re Telefonnummern: Sicherheit mit Wegwerf-SMS-Nummern Wegwerf-SMS-Nummern bieten eine einfache, sichere L\u00f6sung zum Schutz Ihrer Privatsph\u00e4re im Internet. Verwenden Sie eine tempor\u00e4re\u2026<\/p>","protected":false},"author":1,"featured_media":0,"parent":0,"menu_order":0,"comment_status":"closed","ping_status":"closed","template":"","meta":{"_acf_changed":false,"footnotes":""},"class_list":["post-467","page","type-page","status-publish","hentry"],"acf":[],"yoast_head":"<!-- This site is optimized with the Yoast SEO plugin v27.3 - https:\/\/yoast.com\/product\/yoast-seo-wordpress\/ -->\n<title>Buy disposable (temporary) phone numbers for registration\/verification<\/title>\n<meta name=\"description\" content=\"Buy disposable (temporary) phone numbers for registration\/verification\" \/>\n<meta name=\"robots\" content=\"index, follow, max-snippet:-1, max-image-preview:large, max-video-preview:-1\" \/>\n<link rel=\"canonical\" href=\"https:\/\/virtnum.com\/de\/disposable\/\" \/>\n<meta property=\"og:locale\" content=\"de_DE\" \/>\n<meta property=\"og:type\" content=\"article\" \/>\n<meta property=\"og:title\" content=\"Buy disposable (temporary) phone numbers for registration\/verification\" \/>\n<meta property=\"og:description\" content=\"Buy disposable (temporary) phone numbers for registration\/verification\" \/>\n<meta property=\"og:url\" content=\"https:\/\/virtnum.com\/de\/disposable\/\" \/>\n<meta property=\"og:site_name\" content=\"Virtual Local Phone Numbers\" \/>\n<meta property=\"article:modified_time\" content=\"2024-11-13T01:23:01+00:00\" \/>\n<meta name=\"twitter:card\" content=\"summary_large_image\" \/>\n<meta name=\"twitter:label1\" content=\"Gesch\u00e4tzte Lesezeit\" \/>\n\t<meta name=\"twitter:data1\" content=\"5\u00a0Minuten\" \/>\n<script type=\"application\/ld+json\" class=\"yoast-schema-graph\">{\"@context\":\"https:\\\/\\\/schema.org\",\"@graph\":[{\"@type\":\"WebPage\",\"@id\":\"https:\\\/\\\/virtnum.com\\\/disposable\\\/\",\"url\":\"https:\\\/\\\/virtnum.com\\\/disposable\\\/\",\"name\":\"Buy disposable (temporary) phone numbers for registration\\\/verification\",\"isPartOf\":{\"@id\":\"https:\\\/\\\/virtnum.com\\\/#website\"},\"datePublished\":\"2022-11-14T08:21:47+00:00\",\"dateModified\":\"2024-11-13T01:23:01+00:00\",\"description\":\"Buy disposable (temporary) phone numbers for registration\\\/verification\",\"inLanguage\":\"de\",\"potentialAction\":[{\"@type\":\"ReadAction\",\"target\":[\"https:\\\/\\\/virtnum.com\\\/disposable\\\/\"]}]},{\"@type\":\"WebSite\",\"@id\":\"https:\\\/\\\/virtnum.com\\\/#website\",\"url\":\"https:\\\/\\\/virtnum.com\\\/\",\"name\":\"Virtual Local Phone Numbers\",\"description\":\"Buy Virtual Phone Numbers | DID Numbers | VoIP Numbers | Toll-free Numbers | Call forwarding to SIP, VOIP, PBX, Mobile or Fixed Phones\",\"publisher\":{\"@id\":\"https:\\\/\\\/virtnum.com\\\/#organization\"},\"potentialAction\":[{\"@type\":\"SearchAction\",\"target\":{\"@type\":\"EntryPoint\",\"urlTemplate\":\"https:\\\/\\\/virtnum.com\\\/?s={search_term_string}\"},\"query-input\":{\"@type\":\"PropertyValueSpecification\",\"valueRequired\":true,\"valueName\":\"search_term_string\"}}],\"inLanguage\":\"de\"},{\"@type\":\"Organization\",\"@id\":\"https:\\\/\\\/virtnum.com\\\/#organization\",\"name\":\"Virtual Local Phone Numbers\",\"url\":\"https:\\\/\\\/virtnum.com\\\/\",\"logo\":{\"@type\":\"ImageObject\",\"inLanguage\":\"de\",\"@id\":\"https:\\\/\\\/virtnum.com\\\/#\\\/schema\\\/logo\\\/image\\\/\",\"url\":\"https:\\\/\\\/virtnum.com\\\/wp-content\\\/uploads\\\/2022\\\/12\\\/logo-1.png\",\"contentUrl\":\"https:\\\/\\\/virtnum.com\\\/wp-content\\\/uploads\\\/2022\\\/12\\\/logo-1.png\",\"width\":420,\"height\":165,\"caption\":\"Virtual Local Phone Numbers\"},\"image\":{\"@id\":\"https:\\\/\\\/virtnum.com\\\/#\\\/schema\\\/logo\\\/image\\\/\"}}]}<\/script>\n<!-- \/ Yoast SEO plugin. -->","yoast_head_json":{"title":"Kaufen Sie tempor\u00e4re (tempor\u00e4re) Telefonnummern zur Registrierung\/Verifizierung","description":"Kaufen Sie tempor\u00e4re (tempor\u00e4re) Telefonnummern zur Registrierung\/Verifizierung","robots":{"index":"index","follow":"follow","max-snippet":"max-snippet:-1","max-image-preview":"max-image-preview:large","max-video-preview":"max-video-preview:-1"},"canonical":"https:\/\/virtnum.com\/de\/disposable\/","og_locale":"de_DE","og_type":"article","og_title":"Buy disposable (temporary) phone numbers for registration\/verification","og_description":"Buy disposable (temporary) phone numbers for registration\/verification","og_url":"https:\/\/virtnum.com\/de\/disposable\/","og_site_name":"Virtual Local Phone Numbers","article_modified_time":"2024-11-13T01:23:01+00:00","twitter_card":"summary_large_image","twitter_misc":{"Gesch\u00e4tzte Lesezeit":"5\u00a0Minuten"},"schema":{"@context":"https:\/\/schema.org","@graph":[{"@type":"WebPage","@id":"https:\/\/virtnum.com\/disposable\/","url":"https:\/\/virtnum.com\/disposable\/","name":"Kaufen Sie tempor\u00e4re (tempor\u00e4re) Telefonnummern zur Registrierung\/Verifizierung","isPartOf":{"@id":"https:\/\/virtnum.com\/#website"},"datePublished":"2022-11-14T08:21:47+00:00","dateModified":"2024-11-13T01:23:01+00:00","description":"Kaufen Sie tempor\u00e4re (tempor\u00e4re) Telefonnummern zur Registrierung\/Verifizierung","inLanguage":"de","potentialAction":[{"@type":"ReadAction","target":["https:\/\/virtnum.com\/disposable\/"]}]},{"@type":"WebSite","@id":"https:\/\/virtnum.com\/#website","url":"https:\/\/virtnum.com\/","name":"Virtuelle lokale Telefonnummern","description":"Kaufen Sie virtuelle Telefonnummern | DID-Nummern | VoIP-Nummern | Geb\u00fchrenfreie Nummern | Anrufweiterleitung an SIP, VOIP, PBX, Mobil- oder Festnetztelefone","publisher":{"@id":"https:\/\/virtnum.com\/#organization"},"potentialAction":[{"@type":"SearchAction","target":{"@type":"EntryPoint","urlTemplate":"https:\/\/virtnum.com\/?s={search_term_string}"},"query-input":{"@type":"PropertyValueSpecification","valueRequired":true,"valueName":"search_term_string"}}],"inLanguage":"de"},{"@type":"Organization","@id":"https:\/\/virtnum.com\/#organization","name":"Virtuelle lokale Telefonnummern","url":"https:\/\/virtnum.com\/","logo":{"@type":"ImageObject","inLanguage":"de","@id":"https:\/\/virtnum.com\/#\/schema\/logo\/image\/","url":"https:\/\/virtnum.com\/wp-content\/uploads\/2022\/12\/logo-1.png","contentUrl":"https:\/\/virtnum.com\/wp-content\/uploads\/2022\/12\/logo-1.png","width":420,"height":165,"caption":"Virtual Local Phone Numbers"},"image":{"@id":"https:\/\/virtnum.com\/#\/schema\/logo\/image\/"}}]}},"_links":{"self":[{"href":"https:\/\/virtnum.com\/de\/wp-json\/wp\/v2\/pages\/467","targetHints":{"allow":["GET"]}}],"collection":[{"href":"https:\/\/virtnum.com\/de\/wp-json\/wp\/v2\/pages"}],"about":[{"href":"https:\/\/virtnum.com\/de\/wp-json\/wp\/v2\/types\/page"}],"author":[{"embeddable":true,"href":"https:\/\/virtnum.com\/de\/wp-json\/wp\/v2\/users\/1"}],"replies":[{"embeddable":true,"href":"https:\/\/virtnum.com\/de\/wp-json\/wp\/v2\/comments?post=467"}],"version-history":[{"count":12,"href":"https:\/\/virtnum.com\/de\/wp-json\/wp\/v2\/pages\/467\/revisions"}],"predecessor-version":[{"id":890,"href":"https:\/\/virtnum.com\/de\/wp-json\/wp\/v2\/pages\/467\/revisions\/890"}],"wp:attachment":[{"href":"https:\/\/virtnum.com\/de\/wp-json\/wp\/v2\/media?parent=467"}],"curies":[{"name":"wp","href":"https:\/\/api.w.org\/{rel}","templated":true}]}}