{"id":683,"date":"2023-03-22T13:30:03","date_gmt":"2023-03-22T09:30:03","guid":{"rendered":"https:\/\/virtnum.com\/?page_id=683"},"modified":"2023-03-22T15:41:14","modified_gmt":"2023-03-22T11:41:14","slug":"mobile-proxies","status":"publish","type":"page","link":"https:\/\/virtnum.com\/de\/mobile-proxies\/","title":{"rendered":"Mobile Proxys"},"content":{"rendered":"<div class=\"wp-block-image is-style-rounded\">\n<figure class=\"alignright size-large is-resized\"><img loading=\"lazy\" decoding=\"async\" src=\"https:\/\/virtnum.com\/wp-content\/uploads\/2023\/03\/mobile-proxies-1-1024x1024.jpg\" alt=\"Mobile Proxys\" class=\"wp-image-697\" width=\"256\" height=\"256\" srcset=\"https:\/\/virtnum.com\/wp-content\/uploads\/2023\/03\/mobile-proxies-1.jpg 1024w, https:\/\/virtnum.com\/wp-content\/uploads\/2023\/03\/mobile-proxies-1-300x300.jpg 300w, https:\/\/virtnum.com\/wp-content\/uploads\/2023\/03\/mobile-proxies-1-150x150.jpg 150w, https:\/\/virtnum.com\/wp-content\/uploads\/2023\/03\/mobile-proxies-1-768x768.jpg 768w\" sizes=\"auto, (max-width: 256px) 100vw, 256px\" \/><\/figure>\n<\/div>\n\n\n<p>Mobile Proxys sind eine Art Zwischenserver, der es Benutzern erm\u00f6glicht, anonym auf das Internet zuzugreifen und den Internetverkehr \u00fcber mobile Ger\u00e4te wie Smartphones oder Tablets weiterzuleiten. Sie bieten eine Schutzebene, indem sie jedem Ger\u00e4t eine eindeutige IP-Adresse zuweisen, die sich \u00e4ndern kann, wenn der Benutzer zwischen Ger\u00e4ten und Netzwerken wechselt, was es f\u00fcr Websites und Online-Dienste schwierig macht, ihre Online-Aktivit\u00e4ten zu verfolgen.<\/p>\n\n\n\n<p>Mobile Proxys bieten mehrere Vorteile f\u00fcr Benutzer, die einen sicheren und anonymen Internetzugang ben\u00f6tigen. Sie erm\u00f6glichen den Zugriff auf standortspezifische Inhalte, die aufgrund des geografischen Standorts oder auf andere Weise eingeschr\u00e4nkt oder blockiert sein k\u00f6nnen, was sie zu einem n\u00fctzlichen Tool f\u00fcr Unternehmen und Einzelpersonen macht, die Zugriff auf solche Inhalte ben\u00f6tigen. Sie k\u00f6nnen auch zum Schutz vor Hacking und Online-Sicherheitsbedrohungen beitragen, indem sie den Online-Aktivit\u00e4ten des Benutzers eine zus\u00e4tzliche Sicherheitsebene bieten.<\/p>\n\n\n\n<p>Insgesamt sind mobile Proxys ein immer beliebter werdendes Tool zum Online-Surfen und Datenschutz. Angesichts der zunehmenden Bedeutung von Online-Datenschutz und -Sicherheit sind mobile Proxys f\u00fcr Unternehmen und Privatpersonen unverzichtbar geworden, die einen sicheren, anonymen und standortspezifischen Internetzugang ben\u00f6tigen.<\/p>\n\n\n\n<h2 class=\"wp-block-heading\">Hier erfahren Sie, warum mobile Proxys f\u00fcr Online-Unternehmen eine entscheidende Rolle spielen:<\/h2>\n\n\n<div class=\"wp-block-image is-style-rounded\">\n<figure class=\"alignright size-large is-resized\"><img loading=\"lazy\" decoding=\"async\" src=\"https:\/\/virtnum.com\/wp-content\/uploads\/2023\/03\/mobile-proxies-3-1024x1024.jpg\" alt=\"Kaufen Sie mobile Proxys\" class=\"wp-image-699\" width=\"256\" height=\"256\" srcset=\"https:\/\/virtnum.com\/wp-content\/uploads\/2023\/03\/mobile-proxies-3.jpg 1024w, https:\/\/virtnum.com\/wp-content\/uploads\/2023\/03\/mobile-proxies-3-300x300.jpg 300w, https:\/\/virtnum.com\/wp-content\/uploads\/2023\/03\/mobile-proxies-3-150x150.jpg 150w, https:\/\/virtnum.com\/wp-content\/uploads\/2023\/03\/mobile-proxies-3-768x768.jpg 768w\" sizes=\"auto, (max-width: 256px) 100vw, 256px\" \/><\/figure>\n<\/div>\n\n\n<ol class=\"wp-block-list\">\n<li>Erh\u00f6hte Sicherheit: Mobile Proxys bieten eine zus\u00e4tzliche Sicherheitsebene. Durch die Verwendung mobiler Ger\u00e4te zur Weiterleitung des Datenverkehrs ist es f\u00fcr Hacker und andere Cyberkriminelle viel schwieriger, Ihre Online-Aktivit\u00e4ten zu verfolgen. Dies erleichtert den Schutz der sensiblen Daten Ihres Unternehmens und die Sicherheit Ihrer Online-Ressourcen.<\/li>\n\n\n\n<li>Verbesserte Leistung: Mobile Proxys k\u00f6nnen die Leistung Ihres Online-Gesch\u00e4fts verbessern, indem sie die Belastung Ihrer Server reduzieren. Denn mobile Proxys k\u00f6nnen dazu beitragen, die Last auf verschiedene Ger\u00e4te und Netzwerke zu verteilen, was zu schnelleren Ladezeiten und einem besseren Benutzererlebnis f\u00fchrt.<\/li>\n\n\n\n<li>Zugriff auf standortspezifische Inhalte: Mobile Proxys k\u00f6nnen Ihnen Zugriff auf standortspezifische Inhalte erm\u00f6glichen, die Sie sonst nicht sehen k\u00f6nnten. Dies liegt daran, dass mobile Proxys die IP-Adressen mobiler Ger\u00e4te verwenden, die sich h\u00e4ufig in verschiedenen Teilen der Welt befinden. Dies ist besonders n\u00fctzlich f\u00fcr Unternehmen, die auf geografisch eingeschr\u00e4nkte Inhalte zugreifen m\u00fcssen oder die Leistung ihrer Website in verschiedenen Teilen der Welt testen m\u00f6chten.<\/li>\n\n\n\n<li>Erh\u00f6hter Datenschutz: Mobile Proxys bieten mehr Datenschutz, indem sie Ihre Online-Aktivit\u00e4ten hinter der IP-Adresse eines Mobilger\u00e4ts verbergen. Dadurch wird es f\u00fcr Drittanbieter-Websites und Werbetreibende schwieriger, Ihr Online-Verhalten zu verfolgen und Sie gezielt mit Werbung anzusprechen.<\/li>\n\n\n\n<li>Kosteng\u00fcnstig: Mobile Proxys sind eine kosteng\u00fcnstige L\u00f6sung f\u00fcr Unternehmen, die gleichzeitig auf mehrere Online-Ressourcen zugreifen m\u00fcssen. Durch die Verwendung mobiler Proxys k\u00f6nnen Sie vermeiden, dass Sie f\u00fcr jedes Ger\u00e4t oder jeden Dienst, auf den Sie zugreifen m\u00fcssen, separate Datentarife erwerben m\u00fcssen.<\/li>\n<\/ol>\n\n\n\n<p>Zusammenfassend l\u00e4sst sich sagen, dass mobile Proxys f\u00fcr Online-Unternehmen von entscheidender Bedeutung sind. Sie bieten erh\u00f6hte Sicherheit, verbesserte Leistung, Zugriff auf standortspezifische Inhalte, mehr Privatsph\u00e4re und sind eine kosteng\u00fcnstige L\u00f6sung. Wenn Sie Ihr Online-Gesch\u00e4ft auf die n\u00e4chste Stufe heben m\u00f6chten, lohnt es sich, \u00fcber die Investition in mobile Proxys nachzudenken.<\/p>\n\n\n\n<h2 class=\"wp-block-heading\">Anwendungsf\u00e4lle mobiler Proxys<\/h2>\n\n\n\n<h3 class=\"wp-block-heading\">Sneaker Botting<\/h3>\n\n\n\n<blockquote class=\"wp-block-quote is-layout-flow wp-block-quote-is-layout-flow\">\n<p>Mobile Proxys haben mein Sneaker-Botting-Gesch\u00e4ft grundlegend ver\u00e4ndert. Sie erm\u00f6glichen es mir, Anti-Bot-Ma\u00dfnahmen zu umgehen und problemlos Sneaker in limitierter Auflage zu kaufen.<\/p>\n<cite>John, ein Sneaker-Wiederverk\u00e4ufer, nutzt mobile Proxys, um den Prozess des Kaufs von Sneakern in limitierter Auflage zu automatisieren.<\/cite><\/blockquote>\n\n\n\n<h3 class=\"wp-block-heading\">Social-Media-Management<\/h3>\n\n\n\n<blockquote class=\"wp-block-quote is-layout-flow wp-block-quote-is-layout-flow\">\n<p>Mobile Proxys sind f\u00fcr meinen Job unerl\u00e4sslich. Sie erm\u00f6glichen es mir, mehrere Social-Media-Konten zu verwalten, ohne durch die Sicherheitsma\u00dfnahmen der Plattform blockiert zu werden.<\/p>\n<cite>Sarah, eine Social-Media-Managerin, nutzt mobile Proxys, um mehrere Konten f\u00fcr ihre Kunden zu verwalten.<\/cite><\/blockquote>\n\n\n\n<p><\/p>\n\n\n\n<h3 class=\"wp-block-heading\">Marktforschung<\/h3>\n\n\n\n<blockquote class=\"wp-block-quote is-layout-flow wp-block-quote-is-layout-flow\">\n<p>Mobile Proxys haben meine Arbeit viel einfacher gemacht. Sie erm\u00f6glichen es mir, Daten aus verschiedenen Regionen zu sammeln, ohne von den IP-Tracking-Systemen von Websites blockiert zu werden.<\/p>\n<cite><em>Mark, ein Marktforscher, nutzt mobile Proxys, um Daten von Websites und Social-Media-Plattformen zu sammeln.<\/em><\/cite><\/blockquote>\n\n\n\n<p> <\/p>\n\n\n\n<h3 class=\"wp-block-heading\">Anzeigen\u00fcberpr\u00fcfung<\/h3>\n\n\n\n<blockquote class=\"wp-block-quote is-layout-flow wp-block-quote-is-layout-flow\">\n<p>Mobile Proxys sind zu einem unverzichtbaren Tool f\u00fcr die Anzeigenverifizierung geworden. Sie helfen mir, nicht als Bot gekennzeichnet zu werden und stellen sicher, dass Anzeigen korrekt angezeigt werden.<\/p>\n<cite>Mike, ein Anzeigenverifizierungsspezialist, verwendet mobile Proxys, um die Platzierung und den Inhalt von Online-Anzeigen zu \u00fcberpr\u00fcfen.<\/cite><\/blockquote>\n\n\n\n<p><\/p>\n\n\n\n<h3 class=\"wp-block-heading\">Reisebuchung<\/h3>\n\n\n\n<blockquote class=\"wp-block-quote is-layout-flow wp-block-quote-is-layout-flow\">\n<p>Mobile Proxys sind f\u00fcr Reiseb\u00fcros ein Muss. Sie erm\u00f6glichen mir den Zugriff auf standortspezifische Angebote und Rabatte, die mir helfen, Geld f\u00fcr meine Kunden zu sparen.<\/p>\n<cite><em>Tina, ein Reiseb\u00fcro, nutzt mobile Proxys, um auf standortspezifische Angebote und Rabatte zuzugreifen.<\/em><\/cite><\/blockquote>\n\n\n\n<h3 class=\"wp-block-heading\">Inhaltserstellung<\/h3>\n\n\n\n<blockquote class=\"wp-block-quote is-layout-flow wp-block-quote-is-layout-flow\">\n<p>Mobile Proxys haben es mir erm\u00f6glicht, auf eine Vielzahl von Inhaltsinspirationen aus verschiedenen Regionen zuzugreifen, was mir dabei geholfen hat, vielf\u00e4ltigere und ansprechendere Inhalte zu erstellen.<\/p>\n<cite><em>Carlos, ein Content-Ersteller, nutzt mobile Proxys, um auf Inspirationen aus verschiedenen Regionen zuzugreifen.<\/em><\/cite><\/blockquote>\n\n\n\n<h3 class=\"wp-block-heading\">E-Commerce<\/h3>\n\n\n\n<blockquote class=\"wp-block-quote is-layout-flow wp-block-quote-is-layout-flow\">\n<p>Mobile Proxys sind zu einem unverzichtbaren Tool f\u00fcr mein E-Commerce-Gesch\u00e4ft geworden. Sie helfen mir bei der Durchf\u00fchrung von Wettbewerbsrecherchen und Preisvergleichen, die mir helfen, der Konkurrenz einen Schritt voraus zu sein.<\/p>\n<cite><em>Emma, eine E-Commerce-Unternehmerin, nutzt mobile Proxys, um Wettbewerbsrecherchen und Preisvergleiche durchzuf\u00fchren.<\/em><\/cite><\/blockquote>\n\n\n\n<h3 class=\"wp-block-heading\">Data Mining<\/h3>\n\n\n\n<blockquote class=\"wp-block-quote is-layout-flow wp-block-quote-is-layout-flow\">\n<p>Mobile Proxys sind ein wesentliches Werkzeug f\u00fcr meinen Job. Sie erm\u00f6glichen es mir, Daten aus verschiedenen Regionen zu extrahieren, ohne von den IP-Tracking-Systemen von Websites blockiert zu werden.<\/p>\n<cite><em>David, ein Datenanalyst, nutzt mobile Proxys, um Daten von verschiedenen Websites und Social-Media-Plattformen zu extrahieren.<\/em><\/cite><\/blockquote>\n\n\n\n<h3 class=\"wp-block-heading\">Online Spielen<\/h3>\n\n\n\n<blockquote class=\"wp-block-quote is-layout-flow wp-block-quote-is-layout-flow\">\n<p>Mobile Proxys sind ein unverzichtbares Tool f\u00fcr ernsthafte Online-Gamer. Sie erm\u00f6glichen es mir, Einschr\u00e4nkungen von Spielservern zu umgehen und auf verschiedene Regionen zuzugreifen, was mir hilft, der Konkurrenz einen Schritt voraus zu sein.<\/p>\n<cite><em>Oliver, ein Online-Gamer, nutzt mobile Proxys, um Einschr\u00e4nkungen von Spielservern zu umgehen und auf verschiedene Regionen zuzugreifen.<\/em><\/cite><\/blockquote>\n\n\n\n<h3 class=\"wp-block-heading\">Werbekampagnen<\/h3>\n\n\n\n<blockquote class=\"wp-block-quote is-layout-flow wp-block-quote-is-layout-flow\">\n<p>Mobile Proxys sind zu einem wichtigen Werkzeug f\u00fcr meine digitalen Marketingkampagnen geworden. Sie erm\u00f6glichen mir, Werbekampagnen in verschiedenen Regionen zu testen, was mir hilft, meine Kampagnen f\u00fcr eine bessere Leistung zu optimieren.<\/p>\n<cite><em>Ava, ein digitaler Vermarkter, nutzt mobile Proxys, um Werbekampagnen in verschiedenen Regionen zu testen.<\/em><\/cite><\/blockquote>\n\n\n\n<p>Insgesamt gibt es f\u00fcr mobile Proxys zahlreiche Anwendungen in verschiedenen Branchen und Berufsfeldern. Ganz gleich, ob Sie Sneaker-Wiederverk\u00e4ufer, Social-Media-Manager, Marktforscher, Anzeigenverifizierungsspezialist, Reiseb\u00fcro, Content-Ersteller, E-Commerce-Unternehmer, Datenanalyst, Online-Gamer oder Digital-Vermarkter sind \u2013 mobile Proxys k\u00f6nnen Ihnen dabei helfen, der Konkurrenz einen Schritt voraus zu sein und deine Ziele erreichen.<\/p>","protected":false},"excerpt":{"rendered":"<p>Mobile Proxys sind eine Art Zwischenserver, der es Benutzern erm\u00f6glicht, anonym auf das Internet zuzugreifen und den Internetverkehr \u00fcber mobile Ger\u00e4te wie\u2026 weiterzuleiten.<\/p>","protected":false},"author":1,"featured_media":0,"parent":0,"menu_order":0,"comment_status":"closed","ping_status":"closed","template":"","meta":{"_acf_changed":false,"footnotes":""},"class_list":["post-683","page","type-page","status-publish","hentry"],"acf":[],"yoast_head":"<!-- This site is optimized with the Yoast SEO plugin v27.3 - https:\/\/yoast.com\/product\/yoast-seo-wordpress\/ -->\n<title>Mobile proxies - Virtual Local Phone Numbers<\/title>\n<meta name=\"robots\" content=\"index, follow, max-snippet:-1, max-image-preview:large, max-video-preview:-1\" \/>\n<link rel=\"canonical\" href=\"https:\/\/virtnum.com\/de\/mobile-proxies\/\" \/>\n<meta property=\"og:locale\" content=\"de_DE\" \/>\n<meta property=\"og:type\" content=\"article\" \/>\n<meta property=\"og:title\" content=\"Mobile proxies - Virtual Local Phone Numbers\" \/>\n<meta property=\"og:description\" content=\"Mobile proxies are a type of intermediary server that allow users to access the internet anonymously and route internet traffic through mobile devices such as&hellip;\" \/>\n<meta property=\"og:url\" content=\"https:\/\/virtnum.com\/de\/mobile-proxies\/\" \/>\n<meta property=\"og:site_name\" content=\"Virtual Local Phone Numbers\" \/>\n<meta property=\"article:modified_time\" content=\"2023-03-22T11:41:14+00:00\" \/>\n<meta property=\"og:image\" content=\"https:\/\/virtnum.com\/wp-content\/uploads\/2023\/03\/mobile-proxies-1-1024x1024.jpg\" \/>\n<meta name=\"twitter:card\" content=\"summary_large_image\" \/>\n<meta name=\"twitter:label1\" content=\"Gesch\u00e4tzte Lesezeit\" \/>\n\t<meta name=\"twitter:data1\" content=\"5\u00a0Minuten\" \/>\n<script type=\"application\/ld+json\" class=\"yoast-schema-graph\">{\"@context\":\"https:\\\/\\\/schema.org\",\"@graph\":[{\"@type\":\"WebPage\",\"@id\":\"https:\\\/\\\/virtnum.com\\\/mobile-proxies\\\/\",\"url\":\"https:\\\/\\\/virtnum.com\\\/mobile-proxies\\\/\",\"name\":\"Mobile proxies - Virtual Local Phone Numbers\",\"isPartOf\":{\"@id\":\"https:\\\/\\\/virtnum.com\\\/#website\"},\"primaryImageOfPage\":{\"@id\":\"https:\\\/\\\/virtnum.com\\\/mobile-proxies\\\/#primaryimage\"},\"image\":{\"@id\":\"https:\\\/\\\/virtnum.com\\\/mobile-proxies\\\/#primaryimage\"},\"thumbnailUrl\":\"https:\\\/\\\/virtnum.com\\\/wp-content\\\/uploads\\\/2023\\\/03\\\/mobile-proxies-1-1024x1024.jpg\",\"datePublished\":\"2023-03-22T09:30:03+00:00\",\"dateModified\":\"2023-03-22T11:41:14+00:00\",\"inLanguage\":\"de\",\"potentialAction\":[{\"@type\":\"ReadAction\",\"target\":[\"https:\\\/\\\/virtnum.com\\\/mobile-proxies\\\/\"]}]},{\"@type\":\"ImageObject\",\"inLanguage\":\"de\",\"@id\":\"https:\\\/\\\/virtnum.com\\\/mobile-proxies\\\/#primaryimage\",\"url\":\"https:\\\/\\\/virtnum.com\\\/wp-content\\\/uploads\\\/2023\\\/03\\\/mobile-proxies-1-1024x1024.jpg\",\"contentUrl\":\"https:\\\/\\\/virtnum.com\\\/wp-content\\\/uploads\\\/2023\\\/03\\\/mobile-proxies-1-1024x1024.jpg\"},{\"@type\":\"WebSite\",\"@id\":\"https:\\\/\\\/virtnum.com\\\/#website\",\"url\":\"https:\\\/\\\/virtnum.com\\\/\",\"name\":\"Virtual Local Phone Numbers\",\"description\":\"Buy Virtual Phone Numbers | DID Numbers | VoIP Numbers | Toll-free Numbers | Call forwarding to SIP, VOIP, PBX, Mobile or Fixed Phones\",\"publisher\":{\"@id\":\"https:\\\/\\\/virtnum.com\\\/#organization\"},\"potentialAction\":[{\"@type\":\"SearchAction\",\"target\":{\"@type\":\"EntryPoint\",\"urlTemplate\":\"https:\\\/\\\/virtnum.com\\\/?s={search_term_string}\"},\"query-input\":{\"@type\":\"PropertyValueSpecification\",\"valueRequired\":true,\"valueName\":\"search_term_string\"}}],\"inLanguage\":\"de\"},{\"@type\":\"Organization\",\"@id\":\"https:\\\/\\\/virtnum.com\\\/#organization\",\"name\":\"Virtual Local Phone Numbers\",\"url\":\"https:\\\/\\\/virtnum.com\\\/\",\"logo\":{\"@type\":\"ImageObject\",\"inLanguage\":\"de\",\"@id\":\"https:\\\/\\\/virtnum.com\\\/#\\\/schema\\\/logo\\\/image\\\/\",\"url\":\"https:\\\/\\\/virtnum.com\\\/wp-content\\\/uploads\\\/2022\\\/12\\\/logo-1.png\",\"contentUrl\":\"https:\\\/\\\/virtnum.com\\\/wp-content\\\/uploads\\\/2022\\\/12\\\/logo-1.png\",\"width\":420,\"height\":165,\"caption\":\"Virtual Local Phone Numbers\"},\"image\":{\"@id\":\"https:\\\/\\\/virtnum.com\\\/#\\\/schema\\\/logo\\\/image\\\/\"}}]}<\/script>\n<!-- \/ Yoast SEO plugin. -->","yoast_head_json":{"title":"Mobile Proxys \u2013 virtuelle lokale Telefonnummern","robots":{"index":"index","follow":"follow","max-snippet":"max-snippet:-1","max-image-preview":"max-image-preview:large","max-video-preview":"max-video-preview:-1"},"canonical":"https:\/\/virtnum.com\/de\/mobile-proxies\/","og_locale":"de_DE","og_type":"article","og_title":"Mobile proxies - Virtual Local Phone Numbers","og_description":"Mobile proxies are a type of intermediary server that allow users to access the internet anonymously and route internet traffic through mobile devices such as&hellip;","og_url":"https:\/\/virtnum.com\/de\/mobile-proxies\/","og_site_name":"Virtual Local Phone Numbers","article_modified_time":"2023-03-22T11:41:14+00:00","og_image":[{"url":"https:\/\/virtnum.com\/wp-content\/uploads\/2023\/03\/mobile-proxies-1-1024x1024.jpg","type":"","width":"","height":""}],"twitter_card":"summary_large_image","twitter_misc":{"Gesch\u00e4tzte Lesezeit":"5\u00a0Minuten"},"schema":{"@context":"https:\/\/schema.org","@graph":[{"@type":"WebPage","@id":"https:\/\/virtnum.com\/mobile-proxies\/","url":"https:\/\/virtnum.com\/mobile-proxies\/","name":"Mobile Proxys \u2013 virtuelle lokale Telefonnummern","isPartOf":{"@id":"https:\/\/virtnum.com\/#website"},"primaryImageOfPage":{"@id":"https:\/\/virtnum.com\/mobile-proxies\/#primaryimage"},"image":{"@id":"https:\/\/virtnum.com\/mobile-proxies\/#primaryimage"},"thumbnailUrl":"https:\/\/virtnum.com\/wp-content\/uploads\/2023\/03\/mobile-proxies-1-1024x1024.jpg","datePublished":"2023-03-22T09:30:03+00:00","dateModified":"2023-03-22T11:41:14+00:00","inLanguage":"de","potentialAction":[{"@type":"ReadAction","target":["https:\/\/virtnum.com\/mobile-proxies\/"]}]},{"@type":"ImageObject","inLanguage":"de","@id":"https:\/\/virtnum.com\/mobile-proxies\/#primaryimage","url":"https:\/\/virtnum.com\/wp-content\/uploads\/2023\/03\/mobile-proxies-1-1024x1024.jpg","contentUrl":"https:\/\/virtnum.com\/wp-content\/uploads\/2023\/03\/mobile-proxies-1-1024x1024.jpg"},{"@type":"WebSite","@id":"https:\/\/virtnum.com\/#website","url":"https:\/\/virtnum.com\/","name":"Virtuelle lokale Telefonnummern","description":"Kaufen Sie virtuelle Telefonnummern | DID-Nummern | VoIP-Nummern | Geb\u00fchrenfreie Nummern | Anrufweiterleitung an SIP, VOIP, PBX, Mobil- oder Festnetztelefone","publisher":{"@id":"https:\/\/virtnum.com\/#organization"},"potentialAction":[{"@type":"SearchAction","target":{"@type":"EntryPoint","urlTemplate":"https:\/\/virtnum.com\/?s={search_term_string}"},"query-input":{"@type":"PropertyValueSpecification","valueRequired":true,"valueName":"search_term_string"}}],"inLanguage":"de"},{"@type":"Organization","@id":"https:\/\/virtnum.com\/#organization","name":"Virtuelle lokale Telefonnummern","url":"https:\/\/virtnum.com\/","logo":{"@type":"ImageObject","inLanguage":"de","@id":"https:\/\/virtnum.com\/#\/schema\/logo\/image\/","url":"https:\/\/virtnum.com\/wp-content\/uploads\/2022\/12\/logo-1.png","contentUrl":"https:\/\/virtnum.com\/wp-content\/uploads\/2022\/12\/logo-1.png","width":420,"height":165,"caption":"Virtual Local Phone Numbers"},"image":{"@id":"https:\/\/virtnum.com\/#\/schema\/logo\/image\/"}}]}},"_links":{"self":[{"href":"https:\/\/virtnum.com\/de\/wp-json\/wp\/v2\/pages\/683","targetHints":{"allow":["GET"]}}],"collection":[{"href":"https:\/\/virtnum.com\/de\/wp-json\/wp\/v2\/pages"}],"about":[{"href":"https:\/\/virtnum.com\/de\/wp-json\/wp\/v2\/types\/page"}],"author":[{"embeddable":true,"href":"https:\/\/virtnum.com\/de\/wp-json\/wp\/v2\/users\/1"}],"replies":[{"embeddable":true,"href":"https:\/\/virtnum.com\/de\/wp-json\/wp\/v2\/comments?post=683"}],"version-history":[{"count":9,"href":"https:\/\/virtnum.com\/de\/wp-json\/wp\/v2\/pages\/683\/revisions"}],"predecessor-version":[{"id":702,"href":"https:\/\/virtnum.com\/de\/wp-json\/wp\/v2\/pages\/683\/revisions\/702"}],"wp:attachment":[{"href":"https:\/\/virtnum.com\/de\/wp-json\/wp\/v2\/media?parent=683"}],"curies":[{"name":"wp","href":"https:\/\/api.w.org\/{rel}","templated":true}]}}