{"id":820,"date":"2023-10-31T01:51:49","date_gmt":"2023-10-30T21:51:49","guid":{"rendered":"https:\/\/virtnum.com\/?page_id=820"},"modified":"2026-02-02T01:24:52","modified_gmt":"2026-02-01T21:24:52","slug":"home-empty","status":"publish","type":"page","link":"https:\/\/virtnum.com\/de\/","title":{"rendered":"Virtuelle Telefonnummern"},"content":{"rendered":"<h2 class=\"wp-block-heading\"><strong>Wir bieten virtuelle Telefonnummern und Direct Inward Dialing (DID)-Nummern in \u00fcber 60 L\u00e4ndern mit der besten Qualit\u00e4t zu den g\u00fcnstigsten Kosten auf dem Markt.<\/strong><\/h2>\n\n\n\n<p>Insgesamt bieten virtuelle DID-Telefonnummern eine flexible und vielseitige L\u00f6sung f\u00fcr den Empfang von Telefonanrufen und k\u00f6nnen in einer Vielzahl von Anwendungen eingesetzt werden, um unterschiedlichen Anforderungen gerecht zu werden.<\/p>\n\n\n\n<p>Die derzeit unterst\u00fctzten L\u00e4nder werden unten angezeigt. Bitte besuchen Sie diese Seite regelm\u00e4\u00dfig, um nach Aktualisierungen der Abdeckung zu suchen.<\/p>\n\n\n\n\n<!-- Page-list plugin v.5.9 wordpress.org\/plugins\/page-list\/ -->\n<ul class=\"page-list\">\n<li class=\"page_item page-item-243\"><a href=\"https:\/\/virtnum.com\/de\/buy-virtual-phone-number\/albania\/\">Albanien<\/a><\/li>\n<li class=\"page_item page-item-248\"><a href=\"https:\/\/virtnum.com\/de\/buy-virtual-phone-number\/algeria\/\">Algerien<\/a><\/li>\n<li class=\"page_item page-item-855\"><a href=\"https:\/\/virtnum.com\/de\/buy-virtual-phone-number\/angola\/\">Angola<\/a><\/li>\n<li class=\"page_item page-item-231\"><a href=\"https:\/\/virtnum.com\/de\/buy-virtual-phone-number\/argentina\/\">Argentinien<\/a><\/li>\n<li class=\"page_item page-item-251\"><a href=\"https:\/\/virtnum.com\/de\/buy-virtual-phone-number\/armenia\/\">Armenien<\/a><\/li>\n<li class=\"page_item page-item-175\"><a href=\"https:\/\/virtnum.com\/de\/buy-virtual-phone-number\/australia\/\">Australien<\/a><\/li>\n<li class=\"page_item page-item-216\"><a href=\"https:\/\/virtnum.com\/de\/buy-virtual-phone-number\/austria\/\">\u00d6sterreich<\/a><\/li>\n<li class=\"page_item page-item-254\"><a href=\"https:\/\/virtnum.com\/de\/buy-virtual-phone-number\/azerbaijan\/\">Aserbaidschan<\/a><\/li>\n<li class=\"page_item page-item-43\"><a href=\"https:\/\/virtnum.com\/de\/buy-virtual-phone-number\/bahrain-virtual-numbers\/\">Bahrain<\/a><\/li>\n<li class=\"page_item page-item-257\"><a href=\"https:\/\/virtnum.com\/de\/buy-virtual-phone-number\/bangladesh\/\">Bangladesch<\/a><\/li>\n<li class=\"page_item page-item-260\"><a href=\"https:\/\/virtnum.com\/de\/buy-virtual-phone-number\/belarus\/\">Wei\u00dfrussland<\/a><\/li>\n<li class=\"page_item page-item-237\"><a href=\"https:\/\/virtnum.com\/de\/buy-virtual-phone-number\/belgium\/\">Belgien<\/a><\/li>\n<li class=\"page_item page-item-264\"><a href=\"https:\/\/virtnum.com\/de\/buy-virtual-phone-number\/benin\/\">Benin<\/a><\/li>\n<li class=\"page_item page-item-268\"><a href=\"https:\/\/virtnum.com\/de\/buy-virtual-phone-number\/bolivia\/\">Bolivien<\/a><\/li>\n<li class=\"page_item page-item-858\"><a href=\"https:\/\/virtnum.com\/de\/buy-virtual-phone-number\/bosnia-and-herzegovina\/\">Bosnien und Herzegowina<\/a><\/li>\n<li class=\"page_item page-item-933\"><a href=\"https:\/\/virtnum.com\/de\/buy-virtual-phone-number\/botswana\/\">Botswana<\/a><\/li>\n<li class=\"page_item page-item-271\"><a href=\"https:\/\/virtnum.com\/de\/buy-virtual-phone-number\/brazil\/\">Brasilien<\/a><\/li>\n<li class=\"page_item page-item-274\"><a href=\"https:\/\/virtnum.com\/de\/buy-virtual-phone-number\/bulgaria\/\">Bulgarien<\/a><\/li>\n<li class=\"page_item page-item-937\"><a href=\"https:\/\/virtnum.com\/de\/buy-virtual-phone-number\/cambodia\/\">Kambodscha<\/a><\/li>\n<li class=\"page_item page-item-939\"><a href=\"https:\/\/virtnum.com\/de\/buy-virtual-phone-number\/cameroon\/\">Kamerun<\/a><\/li>\n<li class=\"page_item page-item-234\"><a href=\"https:\/\/virtnum.com\/de\/buy-virtual-phone-number\/canada\/\">Kanada<\/a><\/li>\n<li class=\"page_item page-item-277\"><a href=\"https:\/\/virtnum.com\/de\/buy-virtual-phone-number\/cayman-islands\/\">Cayman Inseln<\/a><\/li>\n<li class=\"page_item page-item-651\"><a href=\"https:\/\/virtnum.com\/de\/buy-virtual-phone-number\/chad\/\">Tschad<\/a><\/li>\n<li class=\"page_item page-item-280\"><a href=\"https:\/\/virtnum.com\/de\/buy-virtual-phone-number\/chile\/\">Chile<\/a><\/li>\n<li class=\"page_item page-item-582\"><a href=\"https:\/\/virtnum.com\/de\/buy-virtual-phone-number\/china\/\">China<\/a><\/li>\n<li class=\"page_item page-item-283\"><a href=\"https:\/\/virtnum.com\/de\/buy-virtual-phone-number\/colombia\/\">Kolumbien<\/a><\/li>\n<li class=\"page_item page-item-286\"><a href=\"https:\/\/virtnum.com\/de\/buy-virtual-phone-number\/costa-rica\/\">Costa Rica<\/a><\/li>\n<li class=\"page_item page-item-289\"><a href=\"https:\/\/virtnum.com\/de\/buy-virtual-phone-number\/croatia\/\">Kroatien<\/a><\/li>\n<li class=\"page_item page-item-941\"><a href=\"https:\/\/virtnum.com\/de\/buy-virtual-phone-number\/cuba\/\">Kuba<\/a><\/li>\n<li class=\"page_item page-item-292\"><a href=\"https:\/\/virtnum.com\/de\/buy-virtual-phone-number\/cyprus\/\">Zypern<\/a><\/li>\n<li class=\"page_item page-item-295\"><a href=\"https:\/\/virtnum.com\/de\/buy-virtual-phone-number\/czech-republic\/\">Tschechien<\/a><\/li>\n<li class=\"page_item page-item-298\"><a href=\"https:\/\/virtnum.com\/de\/buy-virtual-phone-number\/denmark\/\">D\u00e4nemark<\/a><\/li>\n<li class=\"page_item page-item-313\"><a href=\"https:\/\/virtnum.com\/de\/buy-virtual-phone-number\/dominican-republic\/\">Dominikanische Republik<\/a><\/li>\n<li class=\"page_item page-item-316\"><a href=\"https:\/\/virtnum.com\/de\/buy-virtual-phone-number\/ecuador\/\">Ecuador<\/a><\/li>\n<li class=\"page_item page-item-319\"><a href=\"https:\/\/virtnum.com\/de\/buy-virtual-phone-number\/egypt\/\">\u00c4gypten<\/a><\/li>\n<li class=\"page_item page-item-322\"><a href=\"https:\/\/virtnum.com\/de\/buy-virtual-phone-number\/el-salvador\/\">El Salvador<\/a><\/li>\n<li class=\"page_item page-item-325\"><a href=\"https:\/\/virtnum.com\/de\/buy-virtual-phone-number\/estonia\/\">Estland<\/a><\/li>\n<li class=\"page_item page-item-911\"><a href=\"https:\/\/virtnum.com\/de\/buy-virtual-phone-number\/ethiopia\/\">\u00c4thiopien<\/a><\/li>\n<li class=\"page_item page-item-328\"><a href=\"https:\/\/virtnum.com\/de\/buy-virtual-phone-number\/finland\/\">Finnland<\/a><\/li>\n<li class=\"page_item page-item-222\"><a href=\"https:\/\/virtnum.com\/de\/buy-virtual-phone-number\/france\/\">Frankreich<\/a><\/li>\n<li class=\"page_item page-item-331\"><a href=\"https:\/\/virtnum.com\/de\/buy-virtual-phone-number\/georgia\/\">Georgia<\/a><\/li>\n<li class=\"page_item page-item-334\"><a href=\"https:\/\/virtnum.com\/de\/buy-virtual-phone-number\/germany\/\">Deutschland<\/a><\/li>\n<li class=\"page_item page-item-337\"><a href=\"https:\/\/virtnum.com\/de\/buy-virtual-phone-number\/ghana\/\">Ghana<\/a><\/li>\n<li class=\"page_item page-item-340\"><a href=\"https:\/\/virtnum.com\/de\/buy-virtual-phone-number\/gibraltar\/\">Gibraltar<\/a><\/li>\n<li class=\"page_item page-item-343\"><a href=\"https:\/\/virtnum.com\/de\/buy-virtual-phone-number\/greece\/\">Griechenland<\/a><\/li>\n<li class=\"page_item page-item-346\"><a href=\"https:\/\/virtnum.com\/de\/buy-virtual-phone-number\/guatemala\/\">Guatemala<\/a><\/li>\n<li class=\"page_item page-item-943\"><a href=\"https:\/\/virtnum.com\/de\/buy-virtual-phone-number\/haiti\/\">Haiti<\/a><\/li>\n<li class=\"page_item page-item-349\"><a href=\"https:\/\/virtnum.com\/de\/buy-virtual-phone-number\/hong-kong\/\">Hongkong<\/a><\/li>\n<li class=\"page_item page-item-352\"><a href=\"https:\/\/virtnum.com\/de\/buy-virtual-phone-number\/hungary\/\">Ungarn<\/a><\/li>\n<li class=\"page_item page-item-357\"><a href=\"https:\/\/virtnum.com\/de\/buy-virtual-phone-number\/iceland\/\">Island<\/a><\/li>\n<li class=\"page_item page-item-360\"><a href=\"https:\/\/virtnum.com\/de\/buy-virtual-phone-number\/india\/\">Indien<\/a><\/li>\n<li class=\"page_item page-item-363\"><a href=\"https:\/\/virtnum.com\/de\/buy-virtual-phone-number\/indonesia\/\">Indonesien<\/a><\/li>\n<li class=\"page_item page-item-366\"><a href=\"https:\/\/virtnum.com\/de\/buy-virtual-phone-number\/iraq\/\">Irak<\/a><\/li>\n<li class=\"page_item page-item-369\"><a href=\"https:\/\/virtnum.com\/de\/buy-virtual-phone-number\/ireland\/\">Irland<\/a><\/li>\n<li class=\"page_item page-item-372\"><a href=\"https:\/\/virtnum.com\/de\/buy-virtual-phone-number\/israel\/\">Israel<\/a><\/li>\n<li class=\"page_item page-item-375\"><a href=\"https:\/\/virtnum.com\/de\/buy-virtual-phone-number\/italy\/\">Italien<\/a><\/li>\n<li class=\"page_item page-item-378\"><a href=\"https:\/\/virtnum.com\/de\/buy-virtual-phone-number\/ivory-coast\/\">Elfenbeink\u00fcste<\/a><\/li>\n<li class=\"page_item page-item-381\"><a href=\"https:\/\/virtnum.com\/de\/buy-virtual-phone-number\/japan\/\">Japan<\/a><\/li>\n<li class=\"page_item page-item-384\"><a href=\"https:\/\/virtnum.com\/de\/buy-virtual-phone-number\/kazakhstan\/\">Kasachstan<\/a><\/li>\n<li class=\"page_item page-item-387\"><a href=\"https:\/\/virtnum.com\/de\/buy-virtual-phone-number\/kenya\/\">Kenia<\/a><\/li>\n<li class=\"page_item page-item-390\"><a href=\"https:\/\/virtnum.com\/de\/buy-virtual-phone-number\/kuwait\/\">Kuwait<\/a><\/li>\n<li class=\"page_item page-item-393\"><a href=\"https:\/\/virtnum.com\/de\/buy-virtual-phone-number\/kyrgyzstan\/\">Kirgisistan<\/a><\/li>\n<li class=\"page_item page-item-396\"><a href=\"https:\/\/virtnum.com\/de\/buy-virtual-phone-number\/latvia\/\">Lettland<\/a><\/li>\n<li class=\"page_item page-item-240\"><a href=\"https:\/\/virtnum.com\/de\/buy-virtual-phone-number\/lithuania\/\">Litauen<\/a><\/li>\n<li class=\"page_item page-item-399\"><a href=\"https:\/\/virtnum.com\/de\/buy-virtual-phone-number\/luxembourg\/\">Luxemburg<\/a><\/li>\n<li class=\"page_item page-item-403\"><a href=\"https:\/\/virtnum.com\/de\/buy-virtual-phone-number\/macedonia\/\">Mazedonien<\/a><\/li>\n<li class=\"page_item page-item-406\"><a href=\"https:\/\/virtnum.com\/de\/buy-virtual-phone-number\/malaysia\/\">Malaysia<\/a><\/li>\n<li class=\"page_item page-item-409\"><a href=\"https:\/\/virtnum.com\/de\/buy-virtual-phone-number\/malta\/\">Malta<\/a><\/li>\n<li class=\"page_item page-item-412\"><a href=\"https:\/\/virtnum.com\/de\/buy-virtual-phone-number\/mauritius\/\">Mauritius<\/a><\/li>\n<li class=\"page_item page-item-415\"><a href=\"https:\/\/virtnum.com\/de\/buy-virtual-phone-number\/mexico\/\">Mexiko<\/a><\/li>\n<li class=\"page_item page-item-418\"><a href=\"https:\/\/virtnum.com\/de\/buy-virtual-phone-number\/moldova\/\">Moldawien<\/a><\/li>\n<li class=\"page_item page-item-424\"><a href=\"https:\/\/virtnum.com\/de\/buy-virtual-phone-number\/monaco\/\">Monaco<\/a><\/li>\n<li class=\"page_item page-item-427\"><a href=\"https:\/\/virtnum.com\/de\/buy-virtual-phone-number\/morocco\/\">Marokko<\/a><\/li>\n<li class=\"page_item page-item-917\"><a href=\"https:\/\/virtnum.com\/de\/buy-virtual-phone-number\/mozambique\/\">Mosambik<\/a><\/li>\n<li class=\"page_item page-item-945\"><a href=\"https:\/\/virtnum.com\/de\/buy-virtual-phone-number\/myanmar\/\">Myanmar<\/a><\/li>\n<li class=\"page_item page-item-430\"><a href=\"https:\/\/virtnum.com\/de\/buy-virtual-phone-number\/namibia\/\">Namibia<\/a><\/li>\n<li class=\"page_item page-item-947\"><a href=\"https:\/\/virtnum.com\/de\/buy-virtual-phone-number\/nepal\/\">Nepal<\/a><\/li>\n<li class=\"page_item page-item-433\"><a href=\"https:\/\/virtnum.com\/de\/buy-virtual-phone-number\/netherlands\/\">Niederlande<\/a><\/li>\n<li class=\"page_item page-item-436\"><a href=\"https:\/\/virtnum.com\/de\/buy-virtual-phone-number\/new-zealand\/\">Neuseeland<\/a><\/li>\n<li class=\"page_item page-item-439\"><a href=\"https:\/\/virtnum.com\/de\/buy-virtual-phone-number\/nicaragua\/\">Nicaragua<\/a><\/li>\n<li class=\"page_item page-item-442\"><a href=\"https:\/\/virtnum.com\/de\/buy-virtual-phone-number\/nigeria\/\">Nigeria<\/a><\/li>\n<li class=\"page_item page-item-445\"><a href=\"https:\/\/virtnum.com\/de\/buy-virtual-phone-number\/norway\/\">Norwegen<\/a><\/li>\n<li class=\"page_item page-item-448\"><a href=\"https:\/\/virtnum.com\/de\/buy-virtual-phone-number\/pakistan\/\">Pakistan<\/a><\/li>\n<li class=\"page_item page-item-451\"><a href=\"https:\/\/virtnum.com\/de\/buy-virtual-phone-number\/panama\/\">Panama<\/a><\/li>\n<li class=\"page_item page-item-454\"><a href=\"https:\/\/virtnum.com\/de\/buy-virtual-phone-number\/paraguay\/\">Paraguay<\/a><\/li>\n<li class=\"page_item page-item-457\"><a href=\"https:\/\/virtnum.com\/de\/buy-virtual-phone-number\/peru\/\">Peru<\/a><\/li>\n<li class=\"page_item page-item-460\"><a href=\"https:\/\/virtnum.com\/de\/buy-virtual-phone-number\/philippines\/\">Philippinen<\/a><\/li>\n<li class=\"page_item page-item-463\"><a href=\"https:\/\/virtnum.com\/de\/buy-virtual-phone-number\/poland\/\">Polen<\/a><\/li>\n<li class=\"page_item page-item-479\"><a href=\"https:\/\/virtnum.com\/de\/buy-virtual-phone-number\/portugal\/\">Portugal<\/a><\/li>\n<li class=\"page_item page-item-482\"><a href=\"https:\/\/virtnum.com\/de\/buy-virtual-phone-number\/puerto-rico\/\">Puerto Rico<\/a><\/li>\n<li class=\"page_item page-item-485\"><a href=\"https:\/\/virtnum.com\/de\/buy-virtual-phone-number\/romania\/\">Rum\u00e4nien<\/a><\/li>\n<li class=\"page_item page-item-488\"><a href=\"https:\/\/virtnum.com\/de\/buy-virtual-phone-number\/russia\/\">Russland<\/a><\/li>\n<li class=\"page_item page-item-847\"><a href=\"https:\/\/virtnum.com\/de\/buy-virtual-phone-number\/saudi-arabia\/\">Saudi-Arabien<\/a><\/li>\n<li class=\"page_item page-item-491\"><a href=\"https:\/\/virtnum.com\/de\/buy-virtual-phone-number\/serbia\/\">Serbien<\/a><\/li>\n<li class=\"page_item page-item-494\"><a href=\"https:\/\/virtnum.com\/de\/buy-virtual-phone-number\/singapore\/\">Singapur<\/a><\/li>\n<li class=\"page_item page-item-497\"><a href=\"https:\/\/virtnum.com\/de\/buy-virtual-phone-number\/slovakia\/\">Slowakei<\/a><\/li>\n<li class=\"page_item page-item-500\"><a href=\"https:\/\/virtnum.com\/de\/buy-virtual-phone-number\/slovenia\/\">Slowenien<\/a><\/li>\n<li class=\"page_item page-item-503\"><a href=\"https:\/\/virtnum.com\/de\/buy-virtual-phone-number\/south-africa\/\">S\u00fcdafrika<\/a><\/li>\n<li class=\"page_item page-item-506\"><a href=\"https:\/\/virtnum.com\/de\/buy-virtual-phone-number\/south-korea\/\">S\u00fcdkorea<\/a><\/li>\n<li class=\"page_item page-item-509\"><a href=\"https:\/\/virtnum.com\/de\/buy-virtual-phone-number\/spain\/\">Spanien<\/a><\/li>\n<li class=\"page_item page-item-512\"><a href=\"https:\/\/virtnum.com\/de\/buy-virtual-phone-number\/sri-lanka\/\">Sri Lanka<\/a><\/li>\n<li class=\"page_item page-item-515\"><a href=\"https:\/\/virtnum.com\/de\/buy-virtual-phone-number\/sweden\/\">Schweden<\/a><\/li>\n<li class=\"page_item page-item-518\"><a href=\"https:\/\/virtnum.com\/de\/buy-virtual-phone-number\/switzerland\/\">Schweiz<\/a><\/li>\n<li class=\"page_item page-item-521\"><a href=\"https:\/\/virtnum.com\/de\/buy-virtual-phone-number\/taiwan\/\">Taiwan<\/a><\/li>\n<li class=\"page_item page-item-524\"><a href=\"https:\/\/virtnum.com\/de\/buy-virtual-phone-number\/tanzania\/\">Tansania<\/a><\/li>\n<li class=\"page_item page-item-527\"><a href=\"https:\/\/virtnum.com\/de\/buy-virtual-phone-number\/thailand\/\">Thailand<\/a><\/li>\n<li class=\"page_item page-item-530\"><a href=\"https:\/\/virtnum.com\/de\/buy-virtual-phone-number\/turkey\/\">Truthahn<\/a><\/li>\n<li class=\"page_item page-item-536\"><a href=\"https:\/\/virtnum.com\/de\/buy-virtual-phone-number\/uganda\/\">Uganda<\/a><\/li>\n<li class=\"page_item page-item-539\"><a href=\"https:\/\/virtnum.com\/de\/buy-virtual-phone-number\/ukraine\/\">Ukraine<\/a><\/li>\n<li class=\"page_item page-item-542\"><a href=\"https:\/\/virtnum.com\/de\/buy-virtual-phone-number\/united-arab-emirates\/\">Vereinigte Arabische Emirate<\/a><\/li>\n<li class=\"page_item page-item-545\"><a href=\"https:\/\/virtnum.com\/de\/buy-virtual-phone-number\/united-kingdom\/\">Gro\u00dfbritannien<\/a><\/li>\n<li class=\"page_item page-item-548\"><a href=\"https:\/\/virtnum.com\/de\/buy-virtual-phone-number\/uruguay\/\">Uruguay<\/a><\/li>\n<li class=\"page_item page-item-533\"><a href=\"https:\/\/virtnum.com\/de\/buy-virtual-phone-number\/usa\/\">USA<\/a><\/li>\n<li class=\"page_item page-item-551\"><a href=\"https:\/\/virtnum.com\/de\/buy-virtual-phone-number\/uzbekistan\/\">Usbekistan<\/a><\/li>\n<li class=\"page_item page-item-554\"><a href=\"https:\/\/virtnum.com\/de\/buy-virtual-phone-number\/venezuela\/\">Venezuela<\/a><\/li>\n<li class=\"page_item page-item-949\"><a href=\"https:\/\/virtnum.com\/de\/buy-virtual-phone-number\/vietnam\/\">Vietnam<\/a><\/li>\n\n<\/ul>","protected":false},"excerpt":{"rendered":"<p>Wir bieten virtuelle Telefonnummern und DID-Nummern (Direct Inward Dialing) in \u00fcber 60 L\u00e4ndern mit der besten Qualit\u00e4t zu den g\u00fcnstigsten Kosten in der Welt an.<\/p>","protected":false},"author":1,"featured_media":0,"parent":0,"menu_order":0,"comment_status":"closed","ping_status":"closed","template":"","meta":{"_acf_changed":false,"footnotes":""},"class_list":["post-820","page","type-page","status-publish","hentry"],"acf":[],"yoast_head":"<!-- This site is optimized with the Yoast SEO plugin v27.5 - https:\/\/yoast.com\/product\/yoast-seo-wordpress\/ -->\n<title>Buy virtual phone numbers online - pay with crypto<\/title>\n<meta name=\"description\" content=\"Buy Virtual Phone Numbers with Unlimited Minutes | DID Numbers | VoIP Numbers | Toll-free Numbers | Call forwarding to SIP, VOIP, PBX, Mobile or Fixed Phones\" \/>\n<meta name=\"robots\" content=\"index, follow, max-snippet:-1, max-image-preview:large, max-video-preview:-1\" \/>\n<link rel=\"canonical\" href=\"https:\/\/virtnum.com\/de\/\" \/>\n<meta property=\"og:locale\" content=\"de_DE\" \/>\n<meta property=\"og:type\" content=\"article\" \/>\n<meta property=\"og:title\" content=\"Buy virtual phone numbers online - pay with crypto\" \/>\n<meta property=\"og:description\" content=\"Buy Virtual Phone Numbers with Unlimited Minutes | DID Numbers | VoIP Numbers | Toll-free Numbers | Call forwarding to SIP, VOIP, PBX, Mobile or Fixed Phones\" \/>\n<meta property=\"og:url\" content=\"https:\/\/virtnum.com\/de\/\" \/>\n<meta property=\"og:site_name\" content=\"Virtual Local Phone Numbers\" \/>\n<meta property=\"article:modified_time\" content=\"2026-02-01T21:24:52+00:00\" \/>\n<meta name=\"twitter:card\" content=\"summary_large_image\" \/>\n<meta name=\"twitter:label1\" content=\"Gesch\u00e4tzte Lesezeit\" \/>\n\t<meta name=\"twitter:data1\" content=\"1\u00a0Minute\" \/>\n<script type=\"application\/ld+json\" class=\"yoast-schema-graph\">{\"@context\":\"https:\\\/\\\/schema.org\",\"@graph\":[{\"@type\":\"WebPage\",\"@id\":\"https:\\\/\\\/virtnum.com\\\/\",\"url\":\"https:\\\/\\\/virtnum.com\\\/\",\"name\":\"Buy virtual phone numbers online - pay with crypto\",\"isPartOf\":{\"@id\":\"https:\\\/\\\/virtnum.com\\\/#website\"},\"datePublished\":\"2023-10-30T21:51:49+00:00\",\"dateModified\":\"2026-02-01T21:24:52+00:00\",\"description\":\"Buy Virtual Phone Numbers with Unlimited Minutes | DID Numbers | VoIP Numbers | Toll-free Numbers | Call forwarding to SIP, VOIP, PBX, Mobile or Fixed Phones\",\"inLanguage\":\"de\",\"potentialAction\":[{\"@type\":\"ReadAction\",\"target\":[\"https:\\\/\\\/virtnum.com\\\/\"]}]},{\"@type\":\"WebSite\",\"@id\":\"https:\\\/\\\/virtnum.com\\\/#website\",\"url\":\"https:\\\/\\\/virtnum.com\\\/\",\"name\":\"Virtual Local Phone Numbers\",\"description\":\"Buy Virtual Phone Numbers | DID Numbers | VoIP Numbers | Toll-free Numbers | Call forwarding to SIP, VOIP, PBX, Mobile or Fixed Phones\",\"publisher\":{\"@id\":\"https:\\\/\\\/virtnum.com\\\/#organization\"},\"potentialAction\":[{\"@type\":\"SearchAction\",\"target\":{\"@type\":\"EntryPoint\",\"urlTemplate\":\"https:\\\/\\\/virtnum.com\\\/?s={search_term_string}\"},\"query-input\":{\"@type\":\"PropertyValueSpecification\",\"valueRequired\":true,\"valueName\":\"search_term_string\"}}],\"inLanguage\":\"de\"},{\"@type\":\"Organization\",\"@id\":\"https:\\\/\\\/virtnum.com\\\/#organization\",\"name\":\"Virtual Local Phone Numbers\",\"url\":\"https:\\\/\\\/virtnum.com\\\/\",\"logo\":{\"@type\":\"ImageObject\",\"inLanguage\":\"de\",\"@id\":\"https:\\\/\\\/virtnum.com\\\/#\\\/schema\\\/logo\\\/image\\\/\",\"url\":\"https:\\\/\\\/virtnum.com\\\/wp-content\\\/uploads\\\/2022\\\/12\\\/logo-1.png\",\"contentUrl\":\"https:\\\/\\\/virtnum.com\\\/wp-content\\\/uploads\\\/2022\\\/12\\\/logo-1.png\",\"width\":420,\"height\":165,\"caption\":\"Virtual Local Phone Numbers\"},\"image\":{\"@id\":\"https:\\\/\\\/virtnum.com\\\/#\\\/schema\\\/logo\\\/image\\\/\"}}]}<\/script>\n<!-- \/ Yoast SEO plugin. -->","yoast_head_json":{"title":"Virtuelle Telefonnummern online kaufen \u2013 mit Kryptow\u00e4hrung bezahlen","description":"Kaufen Sie virtuelle Telefonnummern mit unbegrenzten Minuten | DID-Nummern | VoIP-Nummern | Geb\u00fchrenfreie Nummern | Anrufweiterleitung an SIP, VOIP, PBX, Mobil- oder Festnetztelefone","robots":{"index":"index","follow":"follow","max-snippet":"max-snippet:-1","max-image-preview":"max-image-preview:large","max-video-preview":"max-video-preview:-1"},"canonical":"https:\/\/virtnum.com\/de\/","og_locale":"de_DE","og_type":"article","og_title":"Buy virtual phone numbers online - pay with crypto","og_description":"Buy Virtual Phone Numbers with Unlimited Minutes | DID Numbers | VoIP Numbers | Toll-free Numbers | Call forwarding to SIP, VOIP, PBX, Mobile or Fixed Phones","og_url":"https:\/\/virtnum.com\/de\/","og_site_name":"Virtual Local Phone Numbers","article_modified_time":"2026-02-01T21:24:52+00:00","twitter_card":"summary_large_image","twitter_misc":{"Gesch\u00e4tzte Lesezeit":"1\u00a0Minute"},"schema":{"@context":"https:\/\/schema.org","@graph":[{"@type":"WebPage","@id":"https:\/\/virtnum.com\/","url":"https:\/\/virtnum.com\/","name":"Virtuelle Telefonnummern online kaufen \u2013 mit Kryptow\u00e4hrung bezahlen","isPartOf":{"@id":"https:\/\/virtnum.com\/#website"},"datePublished":"2023-10-30T21:51:49+00:00","dateModified":"2026-02-01T21:24:52+00:00","description":"Kaufen Sie virtuelle Telefonnummern mit unbegrenzten Minuten | DID-Nummern | VoIP-Nummern | Geb\u00fchrenfreie Nummern | Anrufweiterleitung an SIP, VOIP, PBX, Mobil- oder Festnetztelefone","inLanguage":"de","potentialAction":[{"@type":"ReadAction","target":["https:\/\/virtnum.com\/"]}]},{"@type":"WebSite","@id":"https:\/\/virtnum.com\/#website","url":"https:\/\/virtnum.com\/","name":"Virtuelle lokale Telefonnummern","description":"Kaufen Sie virtuelle Telefonnummern | DID-Nummern | VoIP-Nummern | Geb\u00fchrenfreie Nummern | Anrufweiterleitung an SIP, VOIP, PBX, Mobil- oder Festnetztelefone","publisher":{"@id":"https:\/\/virtnum.com\/#organization"},"potentialAction":[{"@type":"SearchAction","target":{"@type":"EntryPoint","urlTemplate":"https:\/\/virtnum.com\/?s={search_term_string}"},"query-input":{"@type":"PropertyValueSpecification","valueRequired":true,"valueName":"search_term_string"}}],"inLanguage":"de"},{"@type":"Organization","@id":"https:\/\/virtnum.com\/#organization","name":"Virtuelle lokale Telefonnummern","url":"https:\/\/virtnum.com\/","logo":{"@type":"ImageObject","inLanguage":"de","@id":"https:\/\/virtnum.com\/#\/schema\/logo\/image\/","url":"https:\/\/virtnum.com\/wp-content\/uploads\/2022\/12\/logo-1.png","contentUrl":"https:\/\/virtnum.com\/wp-content\/uploads\/2022\/12\/logo-1.png","width":420,"height":165,"caption":"Virtual Local Phone Numbers"},"image":{"@id":"https:\/\/virtnum.com\/#\/schema\/logo\/image\/"}}]}},"_links":{"self":[{"href":"https:\/\/virtnum.com\/de\/wp-json\/wp\/v2\/pages\/820","targetHints":{"allow":["GET"]}}],"collection":[{"href":"https:\/\/virtnum.com\/de\/wp-json\/wp\/v2\/pages"}],"about":[{"href":"https:\/\/virtnum.com\/de\/wp-json\/wp\/v2\/types\/page"}],"author":[{"embeddable":true,"href":"https:\/\/virtnum.com\/de\/wp-json\/wp\/v2\/users\/1"}],"replies":[{"embeddable":true,"href":"https:\/\/virtnum.com\/de\/wp-json\/wp\/v2\/comments?post=820"}],"version-history":[{"count":3,"href":"https:\/\/virtnum.com\/de\/wp-json\/wp\/v2\/pages\/820\/revisions"}],"predecessor-version":[{"id":915,"href":"https:\/\/virtnum.com\/de\/wp-json\/wp\/v2\/pages\/820\/revisions\/915"}],"wp:attachment":[{"href":"https:\/\/virtnum.com\/de\/wp-json\/wp\/v2\/media?parent=820"}],"curies":[{"name":"wp","href":"https:\/\/api.w.org\/{rel}","templated":true}]}}