{"id":851,"date":"2024-08-06T05:32:36","date_gmt":"2024-08-06T01:32:36","guid":{"rendered":"https:\/\/virtnum.com\/?page_id=851"},"modified":"2025-10-24T17:09:12","modified_gmt":"2025-10-24T13:09:12","slug":"telegram","status":"publish","type":"page","link":"https:\/\/virtnum.com\/de\/disposable\/telegram\/","title":{"rendered":"Virtuelle Nummer f\u00fcr Telegram"},"content":{"rendered":"<p>Telegram ist eine robuste Messaging-Plattform, die f\u00fcr ihre Sicherheit und Vielseitigkeit bekannt ist. Um den gr\u00f6\u00dftm\u00f6glichen Nutzen zu erzielen, kann die Verwendung einer virtuellen Nummer jedoch von entscheidender Bedeutung sein. Virtuelle Nummern bieten zus\u00e4tzliche Privatsph\u00e4re und k\u00f6nnen dabei helfen, mehrere Konten zu verwalten, ohne mehrere SIM-Karten zu ben\u00f6tigen.<\/p>\n\n\n\n<h2 class=\"wp-block-heading\">Verbesserter Datenschutz<\/h2>\n\n\n\n<p>Eines der gr\u00f6\u00dften Anliegen im heutigen digitalen Zeitalter ist die Wahrung der Privatsph\u00e4re. Virtuelle Nummern bieten eine L\u00f6sung, indem sie Ihre pers\u00f6nliche Telefonnummer verbergen. Dies ist besonders n\u00fctzlich f\u00fcr diejenigen, die ihre pers\u00f6nliche und berufliche Kommunikation trennen m\u00f6chten. Durch die Verwendung einer virtuellen Nummer k\u00f6nnen Sie sicherstellen, dass Ihre echte Nummer vertraulich bleibt, wodurch das Risiko unerw\u00fcnschter Kontakte und potenzieller Sicherheitsverletzungen verringert wird.<\/p>\n\n\n\n<p align=\"center\"><a href=\"https:\/\/lk.virtnum.com\/en\/component\/telecomax?task=buyunregistred&#038;type=one-use-sms-numbers\" class=\"buy\">Kaufen Sie eine tempor\u00e4re Telefonnummer f\u00fcr Telegram<\/a><\/p>\n\n\n\n<h2 class=\"wp-block-heading\">Verwalten mehrerer Konten<\/h2>\n\n\n\n<p>F\u00fcr Privatpersonen und Unternehmen kann die Verwaltung mehrerer Telegram-Konten eine Notwendigkeit sein. Egal, ob Sie pers\u00f6nliche, gesch\u00e4ftliche und Kundenkommunikation abwickeln oder mehrere Kampagnen durchf\u00fchren, eine virtuelle Nummer vereinfacht den Vorgang. Anstatt mit mehreren SIM-Karten und Ger\u00e4ten zu jonglieren, k\u00f6nnen Sie f\u00fcr jedes Konto eine andere virtuelle Nummer verwenden. Das spart nicht nur Zeit, sondern reduziert auch den Aufwand, der mit der Verwaltung mehrerer physischer Nummern verbunden ist.<\/p>\n\n\n\n<h2 class=\"wp-block-heading\">Kosteng\u00fcnstige L\u00f6sung<\/h2>\n\n\n\n<p>Die Verwendung mehrerer SIM-Karten kann teuer und unpraktisch sein, insbesondere f\u00fcr Vielreisende oder internationale Gesch\u00e4ftsinhaber. Virtuelle Nummern bieten eine kosteng\u00fcnstige Alternative. Sie erm\u00f6glichen Ihnen, mehrere Nummern zu haben, ohne dass zus\u00e4tzliche Hardware erforderlich ist. Dies ist insbesondere f\u00fcr Unternehmen von Vorteil, die in verschiedenen Regionen pr\u00e4sent sein m\u00fcssen, aber die Kosten f\u00fcr mehrere Telefontarife vermeiden m\u00f6chten.<\/p>\n\n\n\n<h2 class=\"wp-block-heading\">Flexibilit\u00e4t und Komfort<\/h2>\n\n\n\n<p>Virtuelle Nummern bieten beispiellose Flexibilit\u00e4t. Sie k\u00f6nnen diese Nummern online erhalten und verwalten, ohne ein Ladengesch\u00e4ft aufsuchen zu m\u00fcssen. Das bedeutet, dass Sie innerhalb von Minuten eine neue Nummer einrichten und verwenden k\u00f6nnen. Wenn Sie Ihre Nummer \u00e4ndern m\u00fcssen, k\u00f6nnen Sie dies au\u00dferdem ganz einfach tun, ohne dass Sie sich mit dem Austausch einer physischen SIM-Karte herumschlagen m\u00fcssen. Dieser Komfort ist ein erheblicher Vorteil f\u00fcr diejenigen, die sich schnell an ver\u00e4nderte Kommunikationsbed\u00fcrfnisse anpassen m\u00fcssen.<\/p>\n\n\n\n<h2 class=\"wp-block-heading\">Professionalit\u00e4t und Kontrolle<\/h2>\n\n\n\n<p>Die Verwendung virtueller Nummern kann auch Ihr professionelles Image verbessern. F\u00fcr Unternehmen k\u00f6nnen dedizierte Nummern f\u00fcr Kundensupport, Vertrieb und andere Funktionen dazu f\u00fchren, dass die Abl\u00e4ufe organisierter und professioneller erscheinen. Sie haben auch mehr Kontrolle \u00fcber Ihre Kommunikationskan\u00e4le und k\u00f6nnen Interaktionen effektiver verwalten und \u00fcberwachen. Sie k\u00f6nnen Anrufe und Nachrichten problemlos an verschiedene Teammitglieder weiterleiten und so schnelle und effiziente Antworten gew\u00e4hrleisten.<\/p>\n\n\n\n<h2 class=\"wp-block-heading\">Sicherheit und Anonymit\u00e4t<\/h2>\n\n\n\n<p>In bestimmten Situationen kann die Wahrung der Anonymit\u00e4t von entscheidender Bedeutung sein. Ob Sie Marktforschung betreiben, vertrauliche Kommunikation verwalten oder einfach Ihre Identit\u00e4t geheim halten m\u00f6chten: Virtuelle Nummern bieten eine zus\u00e4tzliche Sicherheitsebene. Sie erm\u00f6glichen Ihnen die Interaktion, ohne Ihre wahre Identit\u00e4t preiszugeben, was zum Schutz vor Betrug und anderen Sicherheitsbedrohungen besonders wichtig sein kann.<\/p>\n\n\n\n<h2 class=\"wp-block-heading\">Optimierte Kommunikation<\/h2>\n\n\n\n<p>F\u00fcr diejenigen, die h\u00e4ufig Messaging-Apps wie Telegram verwenden, k\u00f6nnen virtuelle Nummern die Kommunikation vereinfachen. Sie k\u00f6nnen dedizierte Nummern f\u00fcr verschiedene Gruppen oder Zwecke haben, was es einfacher macht, Gespr\u00e4che zu verfolgen und Interaktionen zu verwalten. Dies ist besonders n\u00fctzlich f\u00fcr Influencer, Vermarkter und Kundenserviceteams, die ein hohes Nachrichtenvolumen effizient bew\u00e4ltigen m\u00fcssen.<\/p>\n\n\n\n<h2 class=\"wp-block-heading\">Abschluss<\/h2>\n\n\n\n<p>Zusammenfassend bieten virtuelle Nummern Telegram-Benutzern zahlreiche Vorteile, von verbesserter Privatsph\u00e4re und Sicherheit bis hin zu Kosteneinsparungen und Komfort. Durch die Integration virtueller Nummern in Ihre Kommunikationsstrategie k\u00f6nnen Sie mehrere Konten besser verwalten, Ihre Privatsph\u00e4re wahren und ein professionelles Image vermitteln. Ob f\u00fcr den pers\u00f6nlichen oder gesch\u00e4ftlichen Gebrauch, virtuelle Nummern sind ein vielseitiges Tool, das Ihr Telegram-Erlebnis erheblich verbessern kann.<\/p>\n\n\n\n<p>Durch die Nutzung von Plattformen wie <a href=\"https:\/\/virtnum.com\/en\/\">Virtnum<\/a>k\u00f6nnen Sie ganz einfach virtuelle Nummern erhalten und verwalten und so einen nahtlosen und effizienten Kommunikationsprozess gew\u00e4hrleisten. Nutzen Sie diese moderne L\u00f6sung, um in der digitalen Landschaft die Nase vorn zu behalten.<\/p>\n\n\n\n<p align=\"center\"><a href=\"https:\/\/lk.virtnum.com\/en\/component\/telecomax?task=buyunregistred&#038;type=one-use-sms-numbers\" class=\"buy\">Kaufen Sie eine Einwegnummer zur Telegrammverifizierung<\/a><\/p>\n\n\n\n<h2 class=\"wp-block-heading\">So kaufen Sie eine virtuelle tempor\u00e4re Nummer f\u00fcr Telegram<\/h2>\n\n\n\n<p>Wenn Sie der Meinung sind, dass es f\u00fcr Sie von Vorteil sein wird, sich eines anzuschaffen, erfahren Sie hier, wie Sie es in 10 Minuten oder weniger erhalten k\u00f6nnen. Noch schneller geht es, wenn Sie bereits ein Konto bei dem von Ihnen gew\u00e4hlten Anbieter haben. Die unten beschriebenen Schritte zeigen, wie Sie es mit Telnum machen:<\/p>\n\n\n\n<ol class=\"wp-block-list\">\n<li>Besuchen Sie unsere Website.<\/li>\n\n\n\n<li>Laden Sie Ihr Konto auf<\/li>\n\n\n\n<li>Gehen Sie unter \u201eServices\u201c auf \u201eWegwerfbare Nummern\u201c.<\/li>\n\n\n\n<li>Klicken Sie auf die blaue Schaltfl\u00e4che mit der Aufschrift \u201eEinweg-SMS-Nummer kaufen\u201c.<\/li>\n\n\n\n<li>W\u00e4hlen Sie das Land (f\u00fcr die Vorwahl) und das Telegramm aus.<\/li>\n\n\n\n<li>Melden Sie sich bei Ihrem Konto an oder erstellen Sie eines.<\/li>\n<\/ol>\n\n\n\n<p align=\"center\"><a href=\"https:\/\/lk.virtnum.com\/en\/component\/telecomax?task=buyunregistred&#038;type=one-use-sms-numbers\" class=\"buy\">Kaufen Sie eine OTP-Nummer mit Einmalpasswort<\/a><\/p>","protected":false},"excerpt":{"rendered":"<p>Telegram ist eine robuste Messaging-Plattform, die f\u00fcr ihre Sicherheit und Vielseitigkeit bekannt ist. Um den gr\u00f6\u00dftm\u00f6glichen Nutzen zu erzielen, kann die Verwendung einer virtuellen Nummer jedoch entscheidend sein.\u2026<\/p>","protected":false},"author":1,"featured_media":0,"parent":467,"menu_order":0,"comment_status":"closed","ping_status":"closed","template":"","meta":{"_acf_changed":false,"footnotes":""},"class_list":["post-851","page","type-page","status-publish","hentry"],"acf":[],"yoast_head":"<!-- This site is optimized with the Yoast SEO plugin v27.4 - https:\/\/yoast.com\/product\/yoast-seo-wordpress\/ -->\n<title>Virtual numbers for Telegram registration\/verification<\/title>\n<meta name=\"description\" content=\"Buy disposable (temporary) phone numbers for Telegram registration\/verification\" \/>\n<meta name=\"robots\" content=\"index, follow, max-snippet:-1, max-image-preview:large, max-video-preview:-1\" \/>\n<link rel=\"canonical\" href=\"https:\/\/virtnum.com\/de\/disposable\/telegram\/\" \/>\n<meta property=\"og:locale\" content=\"de_DE\" \/>\n<meta property=\"og:type\" content=\"article\" \/>\n<meta property=\"og:title\" content=\"Virtual numbers for Telegram registration\/verification\" \/>\n<meta property=\"og:description\" content=\"Buy disposable (temporary) phone numbers for Telegram registration\/verification\" \/>\n<meta property=\"og:url\" content=\"https:\/\/virtnum.com\/de\/disposable\/telegram\/\" \/>\n<meta property=\"og:site_name\" content=\"Virtual Local Phone Numbers\" \/>\n<meta property=\"article:modified_time\" content=\"2025-10-24T13:09:12+00:00\" \/>\n<meta name=\"twitter:card\" content=\"summary_large_image\" \/>\n<meta name=\"twitter:label1\" content=\"Gesch\u00e4tzte Lesezeit\" \/>\n\t<meta name=\"twitter:data1\" content=\"4\u00a0Minuten\" \/>\n<script type=\"application\/ld+json\" class=\"yoast-schema-graph\">{\"@context\":\"https:\\\/\\\/schema.org\",\"@graph\":[{\"@type\":\"WebPage\",\"@id\":\"https:\\\/\\\/virtnum.com\\\/disposable\\\/telegram\\\/\",\"url\":\"https:\\\/\\\/virtnum.com\\\/disposable\\\/telegram\\\/\",\"name\":\"Virtual numbers for Telegram registration\\\/verification\",\"isPartOf\":{\"@id\":\"https:\\\/\\\/virtnum.com\\\/#website\"},\"datePublished\":\"2024-08-06T01:32:36+00:00\",\"dateModified\":\"2025-10-24T13:09:12+00:00\",\"description\":\"Buy disposable (temporary) phone numbers for Telegram registration\\\/verification\",\"breadcrumb\":{\"@id\":\"https:\\\/\\\/virtnum.com\\\/disposable\\\/telegram\\\/#breadcrumb\"},\"inLanguage\":\"de\",\"potentialAction\":[{\"@type\":\"ReadAction\",\"target\":[\"https:\\\/\\\/virtnum.com\\\/disposable\\\/telegram\\\/\"]}]},{\"@type\":\"BreadcrumbList\",\"@id\":\"https:\\\/\\\/virtnum.com\\\/disposable\\\/telegram\\\/#breadcrumb\",\"itemListElement\":[{\"@type\":\"ListItem\",\"position\":1,\"name\":\"Disposable numbers\",\"item\":\"https:\\\/\\\/virtnum.com\\\/disposable\\\/\"},{\"@type\":\"ListItem\",\"position\":2,\"name\":\"Virtual Number for Telegram\"}]},{\"@type\":\"WebSite\",\"@id\":\"https:\\\/\\\/virtnum.com\\\/#website\",\"url\":\"https:\\\/\\\/virtnum.com\\\/\",\"name\":\"Virtual Local Phone Numbers\",\"description\":\"Buy Virtual Phone Numbers | DID Numbers | VoIP Numbers | Toll-free Numbers | Call forwarding to SIP, VOIP, PBX, Mobile or Fixed Phones\",\"publisher\":{\"@id\":\"https:\\\/\\\/virtnum.com\\\/#organization\"},\"potentialAction\":[{\"@type\":\"SearchAction\",\"target\":{\"@type\":\"EntryPoint\",\"urlTemplate\":\"https:\\\/\\\/virtnum.com\\\/?s={search_term_string}\"},\"query-input\":{\"@type\":\"PropertyValueSpecification\",\"valueRequired\":true,\"valueName\":\"search_term_string\"}}],\"inLanguage\":\"de\"},{\"@type\":\"Organization\",\"@id\":\"https:\\\/\\\/virtnum.com\\\/#organization\",\"name\":\"Virtual Local Phone Numbers\",\"url\":\"https:\\\/\\\/virtnum.com\\\/\",\"logo\":{\"@type\":\"ImageObject\",\"inLanguage\":\"de\",\"@id\":\"https:\\\/\\\/virtnum.com\\\/#\\\/schema\\\/logo\\\/image\\\/\",\"url\":\"https:\\\/\\\/virtnum.com\\\/wp-content\\\/uploads\\\/2022\\\/12\\\/logo-1.png\",\"contentUrl\":\"https:\\\/\\\/virtnum.com\\\/wp-content\\\/uploads\\\/2022\\\/12\\\/logo-1.png\",\"width\":420,\"height\":165,\"caption\":\"Virtual Local Phone Numbers\"},\"image\":{\"@id\":\"https:\\\/\\\/virtnum.com\\\/#\\\/schema\\\/logo\\\/image\\\/\"}}]}<\/script>\n<!-- \/ Yoast SEO plugin. -->","yoast_head_json":{"title":"Virtuelle Nummern f\u00fcr die Telegram-Registrierung\/Verifizierung","description":"Kaufen Sie tempor\u00e4re Telefonnummern f\u00fcr die Telegram-Registrierung\/-Verifizierung","robots":{"index":"index","follow":"follow","max-snippet":"max-snippet:-1","max-image-preview":"max-image-preview:large","max-video-preview":"max-video-preview:-1"},"canonical":"https:\/\/virtnum.com\/de\/disposable\/telegram\/","og_locale":"de_DE","og_type":"article","og_title":"Virtual numbers for Telegram registration\/verification","og_description":"Buy disposable (temporary) phone numbers for Telegram registration\/verification","og_url":"https:\/\/virtnum.com\/de\/disposable\/telegram\/","og_site_name":"Virtual Local Phone Numbers","article_modified_time":"2025-10-24T13:09:12+00:00","twitter_card":"summary_large_image","twitter_misc":{"Gesch\u00e4tzte Lesezeit":"4\u00a0Minuten"},"schema":{"@context":"https:\/\/schema.org","@graph":[{"@type":"WebPage","@id":"https:\/\/virtnum.com\/disposable\/telegram\/","url":"https:\/\/virtnum.com\/disposable\/telegram\/","name":"Virtuelle Nummern f\u00fcr die Telegram-Registrierung\/Verifizierung","isPartOf":{"@id":"https:\/\/virtnum.com\/#website"},"datePublished":"2024-08-06T01:32:36+00:00","dateModified":"2025-10-24T13:09:12+00:00","description":"Kaufen Sie tempor\u00e4re Telefonnummern f\u00fcr die Telegram-Registrierung\/-Verifizierung","breadcrumb":{"@id":"https:\/\/virtnum.com\/disposable\/telegram\/#breadcrumb"},"inLanguage":"de","potentialAction":[{"@type":"ReadAction","target":["https:\/\/virtnum.com\/disposable\/telegram\/"]}]},{"@type":"BreadcrumbList","@id":"https:\/\/virtnum.com\/disposable\/telegram\/#breadcrumb","itemListElement":[{"@type":"ListItem","position":1,"name":"Disposable numbers","item":"https:\/\/virtnum.com\/disposable\/"},{"@type":"ListItem","position":2,"name":"Virtual Number for Telegram"}]},{"@type":"WebSite","@id":"https:\/\/virtnum.com\/#website","url":"https:\/\/virtnum.com\/","name":"Virtuelle lokale Telefonnummern","description":"Kaufen Sie virtuelle Telefonnummern | DID-Nummern | VoIP-Nummern | Geb\u00fchrenfreie Nummern | Anrufweiterleitung an SIP, VOIP, PBX, Mobil- oder Festnetztelefone","publisher":{"@id":"https:\/\/virtnum.com\/#organization"},"potentialAction":[{"@type":"SearchAction","target":{"@type":"EntryPoint","urlTemplate":"https:\/\/virtnum.com\/?s={search_term_string}"},"query-input":{"@type":"PropertyValueSpecification","valueRequired":true,"valueName":"search_term_string"}}],"inLanguage":"de"},{"@type":"Organization","@id":"https:\/\/virtnum.com\/#organization","name":"Virtuelle lokale Telefonnummern","url":"https:\/\/virtnum.com\/","logo":{"@type":"ImageObject","inLanguage":"de","@id":"https:\/\/virtnum.com\/#\/schema\/logo\/image\/","url":"https:\/\/virtnum.com\/wp-content\/uploads\/2022\/12\/logo-1.png","contentUrl":"https:\/\/virtnum.com\/wp-content\/uploads\/2022\/12\/logo-1.png","width":420,"height":165,"caption":"Virtual Local Phone Numbers"},"image":{"@id":"https:\/\/virtnum.com\/#\/schema\/logo\/image\/"}}]}},"_links":{"self":[{"href":"https:\/\/virtnum.com\/de\/wp-json\/wp\/v2\/pages\/851","targetHints":{"allow":["GET"]}}],"collection":[{"href":"https:\/\/virtnum.com\/de\/wp-json\/wp\/v2\/pages"}],"about":[{"href":"https:\/\/virtnum.com\/de\/wp-json\/wp\/v2\/types\/page"}],"author":[{"embeddable":true,"href":"https:\/\/virtnum.com\/de\/wp-json\/wp\/v2\/users\/1"}],"replies":[{"embeddable":true,"href":"https:\/\/virtnum.com\/de\/wp-json\/wp\/v2\/comments?post=851"}],"version-history":[{"count":1,"href":"https:\/\/virtnum.com\/de\/wp-json\/wp\/v2\/pages\/851\/revisions"}],"predecessor-version":[{"id":852,"href":"https:\/\/virtnum.com\/de\/wp-json\/wp\/v2\/pages\/851\/revisions\/852"}],"up":[{"embeddable":true,"href":"https:\/\/virtnum.com\/de\/wp-json\/wp\/v2\/pages\/467"}],"wp:attachment":[{"href":"https:\/\/virtnum.com\/de\/wp-json\/wp\/v2\/media?parent=851"}],"curies":[{"name":"wp","href":"https:\/\/api.w.org\/{rel}","templated":true}]}}