{"id":853,"date":"2024-08-07T02:35:07","date_gmt":"2024-08-06T22:35:07","guid":{"rendered":"https:\/\/virtnum.com\/?page_id=853"},"modified":"2025-10-24T17:08:47","modified_gmt":"2025-10-24T13:08:47","slug":"whatsapp","status":"publish","type":"page","link":"https:\/\/virtnum.com\/de\/disposable\/whatsapp\/","title":{"rendered":"Virtuelle Nummer f\u00fcr WhatsApp"},"content":{"rendered":"<p>WhatsApp ist eine fantastische Messaging-App, die f\u00fcr ihre Zuverl\u00e4ssigkeit und Benutzerfreundlichkeit bekannt ist. Wenn Sie jedoch noch mehr daraus machen m\u00f6chten, kann die Verwendung einer virtuellen Nummer ein echter Wendepunkt sein. Virtuelle Nummern bieten zus\u00e4tzliche Privatsph\u00e4re, vereinfachen die Verwaltung mehrerer Konten und bieten kosteng\u00fcnstige L\u00f6sungen f\u00fcr den privaten und gesch\u00e4ftlichen Gebrauch.<\/p>\n\n\n\n<p align=\"center\"><a href=\"https:\/\/lk.virtnum.com\/en\/component\/telecomax?task=buyunregistred&#038;type=one-use-sms-numbers\" class=\"buy\">Kaufen Sie eine tempor\u00e4re Telefonnummer f\u00fcr WhatsApp<\/a><\/p>\n\n\n\n<h2 class=\"wp-block-heading\">Verbessern Sie Ihre Privatsph\u00e4re<\/h2>\n\n\n\n<p>In der heutigen digitalen Welt ist es entscheidend, Ihre pers\u00f6nlichen Daten geheim zu halten. Virtuelle Nummern k\u00f6nnen dabei helfen, Ihre echte Telefonnummer zu verbergen. Dies ist besonders n\u00fctzlich, wenn Sie Ihre pers\u00f6nliche und berufliche Kommunikation trennen m\u00f6chten. Durch die Verwendung einer virtuellen Nummer k\u00f6nnen Sie sicherstellen, dass Ihre echte Nummer vertraulich bleibt, wodurch das Risiko unerw\u00fcnschter Kontakte und potenzieller Sicherheitsprobleme verringert wird.<\/p>\n\n\n\n<h2 class=\"wp-block-heading\">Einfaches Verwalten mehrerer Konten<\/h2>\n\n\n\n<p>Egal, ob Sie eine Privatperson sind oder ein Unternehmen f\u00fchren, manchmal m\u00fcssen Sie mehrere WhatsApp-Konten verwalten. Virtuelle Nummern machen diese Aufgabe viel einfacher. Anstatt mit mehreren SIM-Karten und Ger\u00e4ten zu jonglieren, k\u00f6nnen Sie f\u00fcr jedes Konto eine andere virtuelle Nummer verwenden. Das spart Ihnen Zeit und vereinfacht die Verwaltung verschiedener Konten.<\/p>\n\n\n\n<p align=\"center\"><a href=\"https:\/\/lk.virtnum.com\/en\/component\/telecomax?task=buyunregistred&#038;type=one-use-sms-numbers\" class=\"buy\">Einwegnummer zur WhatsApp-Verifizierung kaufen<\/a><\/p>\n\n\n\n<h2 class=\"wp-block-heading\">So kaufen Sie eine virtuelle tempor\u00e4re Nummer f\u00fcr WhatsApp<\/h2>\n\n\n\n<p>Wenn Sie der Meinung sind, dass es f\u00fcr Sie von Vorteil sein wird, sich eines anzuschaffen, erfahren Sie hier, wie Sie es in 10 Minuten oder weniger erhalten k\u00f6nnen. Noch schneller geht es, wenn Sie bereits ein Konto bei dem von Ihnen gew\u00e4hlten Anbieter haben. Die unten beschriebenen Schritte zeigen, wie Sie es mit Telnum machen:<\/p>\n\n\n\n<ol class=\"wp-block-list\">\n<li>Besuchen Sie unsere Website.<\/li>\n\n\n\n<li>Laden Sie Ihr Konto auf<\/li>\n\n\n\n<li>Gehen Sie unter \u201eServices\u201c auf \u201eWegwerfbare Nummern\u201c.<\/li>\n\n\n\n<li>Klicken Sie auf die blaue Schaltfl\u00e4che mit der Aufschrift \u201eEinweg-SMS-Nummer kaufen\u201c.<\/li>\n\n\n\n<li>W\u00e4hlen Sie das Land (f\u00fcr die Vorwahl) und die WhatsApp aus.<\/li>\n\n\n\n<li>Melden Sie sich bei Ihrem Konto an oder erstellen Sie eines.<\/li>\n<\/ol>\n\n\n\n<p align=\"center\"><a href=\"https:\/\/lk.virtnum.com\/en\/component\/telecomax?task=buyunregistred&#038;type=one-use-sms-numbers\" class=\"buy\">Kaufen Sie eine OTP-Nummer mit Einmalpasswort<\/a><\/p>","protected":false},"excerpt":{"rendered":"<p>WhatsApp ist eine fantastische Messaging-App, die f\u00fcr ihre Zuverl\u00e4ssigkeit und Benutzerfreundlichkeit bekannt ist. Wenn Sie jedoch noch mehr aus WhatsApp herausholen m\u00f6chten,\u2026<\/p>","protected":false},"author":1,"featured_media":0,"parent":467,"menu_order":0,"comment_status":"closed","ping_status":"closed","template":"","meta":{"_acf_changed":false,"footnotes":""},"class_list":["post-853","page","type-page","status-publish","hentry"],"acf":[],"yoast_head":"<!-- This site is optimized with the Yoast SEO plugin v27.5 - https:\/\/yoast.com\/product\/yoast-seo-wordpress\/ -->\n<title>Virtual numbers for WhatsApp registration\/verification<\/title>\n<meta name=\"description\" content=\"Buy disposable (temporary) phone numbers for WhatsApp registration\/verification\" \/>\n<meta name=\"robots\" content=\"index, follow, max-snippet:-1, max-image-preview:large, max-video-preview:-1\" \/>\n<link rel=\"canonical\" href=\"https:\/\/virtnum.com\/de\/disposable\/whatsapp\/\" \/>\n<meta property=\"og:locale\" content=\"de_DE\" \/>\n<meta property=\"og:type\" content=\"article\" \/>\n<meta property=\"og:title\" content=\"Virtual numbers for WhatsApp registration\/verification\" \/>\n<meta property=\"og:description\" content=\"Buy disposable (temporary) phone numbers for WhatsApp registration\/verification\" \/>\n<meta property=\"og:url\" content=\"https:\/\/virtnum.com\/de\/disposable\/whatsapp\/\" \/>\n<meta property=\"og:site_name\" content=\"Virtual Local Phone Numbers\" \/>\n<meta property=\"article:modified_time\" content=\"2025-10-24T13:08:47+00:00\" \/>\n<meta name=\"twitter:card\" content=\"summary_large_image\" \/>\n<meta name=\"twitter:label1\" content=\"Gesch\u00e4tzte Lesezeit\" \/>\n\t<meta name=\"twitter:data1\" content=\"2\u00a0Minuten\" \/>\n<script type=\"application\/ld+json\" class=\"yoast-schema-graph\">{\"@context\":\"https:\\\/\\\/schema.org\",\"@graph\":[{\"@type\":\"WebPage\",\"@id\":\"https:\\\/\\\/virtnum.com\\\/disposable\\\/whatsapp\\\/\",\"url\":\"https:\\\/\\\/virtnum.com\\\/disposable\\\/whatsapp\\\/\",\"name\":\"Virtual numbers for WhatsApp registration\\\/verification\",\"isPartOf\":{\"@id\":\"https:\\\/\\\/virtnum.com\\\/#website\"},\"datePublished\":\"2024-08-06T22:35:07+00:00\",\"dateModified\":\"2025-10-24T13:08:47+00:00\",\"description\":\"Buy disposable (temporary) phone numbers for WhatsApp registration\\\/verification\",\"breadcrumb\":{\"@id\":\"https:\\\/\\\/virtnum.com\\\/disposable\\\/whatsapp\\\/#breadcrumb\"},\"inLanguage\":\"de\",\"potentialAction\":[{\"@type\":\"ReadAction\",\"target\":[\"https:\\\/\\\/virtnum.com\\\/disposable\\\/whatsapp\\\/\"]}]},{\"@type\":\"BreadcrumbList\",\"@id\":\"https:\\\/\\\/virtnum.com\\\/disposable\\\/whatsapp\\\/#breadcrumb\",\"itemListElement\":[{\"@type\":\"ListItem\",\"position\":1,\"name\":\"Disposable numbers\",\"item\":\"https:\\\/\\\/virtnum.com\\\/disposable\\\/\"},{\"@type\":\"ListItem\",\"position\":2,\"name\":\"Virtual Number for WhatsApp\"}]},{\"@type\":\"WebSite\",\"@id\":\"https:\\\/\\\/virtnum.com\\\/#website\",\"url\":\"https:\\\/\\\/virtnum.com\\\/\",\"name\":\"Virtual Local Phone Numbers\",\"description\":\"Buy Virtual Phone Numbers | DID Numbers | VoIP Numbers | Toll-free Numbers | Call forwarding to SIP, VOIP, PBX, Mobile or Fixed Phones\",\"publisher\":{\"@id\":\"https:\\\/\\\/virtnum.com\\\/#organization\"},\"potentialAction\":[{\"@type\":\"SearchAction\",\"target\":{\"@type\":\"EntryPoint\",\"urlTemplate\":\"https:\\\/\\\/virtnum.com\\\/?s={search_term_string}\"},\"query-input\":{\"@type\":\"PropertyValueSpecification\",\"valueRequired\":true,\"valueName\":\"search_term_string\"}}],\"inLanguage\":\"de\"},{\"@type\":\"Organization\",\"@id\":\"https:\\\/\\\/virtnum.com\\\/#organization\",\"name\":\"Virtual Local Phone Numbers\",\"url\":\"https:\\\/\\\/virtnum.com\\\/\",\"logo\":{\"@type\":\"ImageObject\",\"inLanguage\":\"de\",\"@id\":\"https:\\\/\\\/virtnum.com\\\/#\\\/schema\\\/logo\\\/image\\\/\",\"url\":\"https:\\\/\\\/virtnum.com\\\/wp-content\\\/uploads\\\/2022\\\/12\\\/logo-1.png\",\"contentUrl\":\"https:\\\/\\\/virtnum.com\\\/wp-content\\\/uploads\\\/2022\\\/12\\\/logo-1.png\",\"width\":420,\"height\":165,\"caption\":\"Virtual Local Phone Numbers\"},\"image\":{\"@id\":\"https:\\\/\\\/virtnum.com\\\/#\\\/schema\\\/logo\\\/image\\\/\"}}]}<\/script>\n<!-- \/ Yoast SEO plugin. -->","yoast_head_json":{"title":"Virtuelle Nummern f\u00fcr die WhatsApp-Registrierung\/Verifizierung","description":"Kaufen Sie tempor\u00e4re Telefonnummern f\u00fcr die WhatsApp-Registrierung\/-Verifizierung","robots":{"index":"index","follow":"follow","max-snippet":"max-snippet:-1","max-image-preview":"max-image-preview:large","max-video-preview":"max-video-preview:-1"},"canonical":"https:\/\/virtnum.com\/de\/disposable\/whatsapp\/","og_locale":"de_DE","og_type":"article","og_title":"Virtual numbers for WhatsApp registration\/verification","og_description":"Buy disposable (temporary) phone numbers for WhatsApp registration\/verification","og_url":"https:\/\/virtnum.com\/de\/disposable\/whatsapp\/","og_site_name":"Virtual Local Phone Numbers","article_modified_time":"2025-10-24T13:08:47+00:00","twitter_card":"summary_large_image","twitter_misc":{"Gesch\u00e4tzte Lesezeit":"2\u00a0Minuten"},"schema":{"@context":"https:\/\/schema.org","@graph":[{"@type":"WebPage","@id":"https:\/\/virtnum.com\/disposable\/whatsapp\/","url":"https:\/\/virtnum.com\/disposable\/whatsapp\/","name":"Virtuelle Nummern f\u00fcr die WhatsApp-Registrierung\/Verifizierung","isPartOf":{"@id":"https:\/\/virtnum.com\/#website"},"datePublished":"2024-08-06T22:35:07+00:00","dateModified":"2025-10-24T13:08:47+00:00","description":"Kaufen Sie tempor\u00e4re Telefonnummern f\u00fcr die WhatsApp-Registrierung\/-Verifizierung","breadcrumb":{"@id":"https:\/\/virtnum.com\/disposable\/whatsapp\/#breadcrumb"},"inLanguage":"de","potentialAction":[{"@type":"ReadAction","target":["https:\/\/virtnum.com\/disposable\/whatsapp\/"]}]},{"@type":"BreadcrumbList","@id":"https:\/\/virtnum.com\/disposable\/whatsapp\/#breadcrumb","itemListElement":[{"@type":"ListItem","position":1,"name":"Disposable numbers","item":"https:\/\/virtnum.com\/disposable\/"},{"@type":"ListItem","position":2,"name":"Virtual Number for WhatsApp"}]},{"@type":"WebSite","@id":"https:\/\/virtnum.com\/#website","url":"https:\/\/virtnum.com\/","name":"Virtuelle lokale Telefonnummern","description":"Kaufen Sie virtuelle Telefonnummern | DID-Nummern | VoIP-Nummern | Geb\u00fchrenfreie Nummern | Anrufweiterleitung an SIP, VOIP, PBX, Mobil- oder Festnetztelefone","publisher":{"@id":"https:\/\/virtnum.com\/#organization"},"potentialAction":[{"@type":"SearchAction","target":{"@type":"EntryPoint","urlTemplate":"https:\/\/virtnum.com\/?s={search_term_string}"},"query-input":{"@type":"PropertyValueSpecification","valueRequired":true,"valueName":"search_term_string"}}],"inLanguage":"de"},{"@type":"Organization","@id":"https:\/\/virtnum.com\/#organization","name":"Virtuelle lokale Telefonnummern","url":"https:\/\/virtnum.com\/","logo":{"@type":"ImageObject","inLanguage":"de","@id":"https:\/\/virtnum.com\/#\/schema\/logo\/image\/","url":"https:\/\/virtnum.com\/wp-content\/uploads\/2022\/12\/logo-1.png","contentUrl":"https:\/\/virtnum.com\/wp-content\/uploads\/2022\/12\/logo-1.png","width":420,"height":165,"caption":"Virtual Local Phone Numbers"},"image":{"@id":"https:\/\/virtnum.com\/#\/schema\/logo\/image\/"}}]}},"_links":{"self":[{"href":"https:\/\/virtnum.com\/de\/wp-json\/wp\/v2\/pages\/853","targetHints":{"allow":["GET"]}}],"collection":[{"href":"https:\/\/virtnum.com\/de\/wp-json\/wp\/v2\/pages"}],"about":[{"href":"https:\/\/virtnum.com\/de\/wp-json\/wp\/v2\/types\/page"}],"author":[{"embeddable":true,"href":"https:\/\/virtnum.com\/de\/wp-json\/wp\/v2\/users\/1"}],"replies":[{"embeddable":true,"href":"https:\/\/virtnum.com\/de\/wp-json\/wp\/v2\/comments?post=853"}],"version-history":[{"count":1,"href":"https:\/\/virtnum.com\/de\/wp-json\/wp\/v2\/pages\/853\/revisions"}],"predecessor-version":[{"id":854,"href":"https:\/\/virtnum.com\/de\/wp-json\/wp\/v2\/pages\/853\/revisions\/854"}],"up":[{"embeddable":true,"href":"https:\/\/virtnum.com\/de\/wp-json\/wp\/v2\/pages\/467"}],"wp:attachment":[{"href":"https:\/\/virtnum.com\/de\/wp-json\/wp\/v2\/media?parent=853"}],"curies":[{"name":"wp","href":"https:\/\/api.w.org\/{rel}","templated":true}]}}