{"id":858,"date":"2024-08-07T02:43:17","date_gmt":"2024-08-06T22:43:17","guid":{"rendered":"https:\/\/virtnum.com\/?page_id=858"},"modified":"2024-08-07T02:43:24","modified_gmt":"2024-08-06T22:43:24","slug":"bosnia-and-herzegovina","status":"publish","type":"page","link":"https:\/\/virtnum.com\/de\/buy-virtual-phone-number\/bosnia-and-herzegovina\/","title":{"rendered":"Bosnien und Herzegowina"},"content":{"rendered":"<div class=\"wp-block-columns is-layout-flex wp-container-core-columns-is-layout-9d6595d7 wp-block-columns-is-layout-flex\">\n<div class=\"wp-block-column is-layout-flow wp-block-column-is-layout-flow\">\n<h2 class=\"wp-block-heading\">Lokale virtuelle Nummer f\u00fcr Bosnien und Herzegowina<\/h2>\n\n\n\n<h3 class=\"wp-block-heading\">Empfangen und leiten Sie Anrufe und SMS weltweit weiter<\/h3>\n\n\n\n<ul class=\"wp-block-list\">\n<li>Mieten Sie eine bosnisch-herzegowinische Telefonnummer von jedem beliebigen Land aus.<\/li>\n\n\n\n<li>Wenn Sie die Telefonnummer speichern m\u00fcssen, wenn Sie die Adresse Ihres Unternehmens \u00e4ndern.<\/li>\n\n\n\n<li>Dar\u00fcber hinaus werden Gespr\u00e4che vertraulich behandelt.<\/li>\n\n\n\n<li>Nutzen Sie es, um Werbekampagnen durchzuf\u00fchren.<\/li>\n\n\n\n<li>Reduzieren Sie die Kosten f\u00fcr Auslandsgespr\u00e4che. Ihre Kontakte k\u00f6nnen eine lokale Nummer anrufen.<\/li>\n<\/ul>\n<\/div>\n\n\n\n<div class=\"wp-block-column is-vertically-aligned-top is-layout-flow wp-block-column-is-layout-flow\">\n<p>W\u00e4hlen Sie Ihr Land und Ihre Region aus und w\u00e4hlen Sie dann aus der Liste die Nummer aus, die Ihren Suchkriterien entspricht.<\/p>\n<a href=\"https:\/\/virtnum.com\/buy\/Bosnia and Herzegovina\"><img loading=\"lazy\" decoding=\"async\" width=\"500\" height=\"200\" src=\"https:\/\/virtnum.com\/wp-content\/uploads\/2021\/04\/check-price.png\" alt=\"\" class=\"wp-image-96\" srcset=\"https:\/\/virtnum.com\/wp-content\/uploads\/2021\/04\/check-price.png 500w, https:\/\/virtnum.com\/wp-content\/uploads\/2021\/04\/check-price-300x120.png 300w\" sizes=\"auto, (max-width: 500px) 100vw, 500px\" \/><\/a>\n\n<p>Ben\u00f6tigen Sie mehr als eine Nummer? Nichts, \u00fcber das man sich sorgen sollte. Es ist m\u00f6glich, ein paar Nummern aus dem Land oder der Region Ihrer Wahl zu kaufen.<\/p>\n\n<p>Nachfolgend finden Sie Tabellen, die einen schnellen Zugriff erm\u00f6glichen<br> <a href=\"#prices\" style=\"text-decoration:underline\">Preise f\u00fcr virtuelle Nummern<\/a>.<\/p>\n<\/div>\n<\/div>\n\n\n\n<p>Mit der virtuellen Telefonnummer f\u00fcr Bosnien und Herzegowina k\u00f6nnen Sie Anrufe an jede beliebige Nummer weiterleiten: Festnetz, Mobiltelefon, SIP oder Telegram. Anruf- und SMS-Weiterleitungen k\u00f6nnen von Ihrem Konto aus eingerichtet werden.<\/p>\n\n\n\n<a name=\"prices\">\n\n\n<p><div>\n               <h2>Preise f\u00fcr virtuelle Telefonnummern in Bosnien und Herzegowina<\/h2>\n                <table id=\"city-search-voice\">\n                            <thead>\n                                <tr>\n                                <th>\n                                    Region\n                                <\/th>\n                                <th>\n                                    Telefoncode\n                                <\/th>\n                                <th>\n                                    Einrichtungsgeb\u00fchr\n                                <\/th>\n                                <th>\n                                    Monatliche Geb\u00fchr\n                                <\/th>\n                                <th>\n                                    \n                                <\/th>\n                                <\/tr>\n                            <\/thead>\n                            <tbody>\n                            <tr >\n                                <td data-label=\"City\">Mobiltelefon zur Registrierung (Anrufe und SMS)<\/td>\n                \t\t\t\t<td data-label=\"Code\">+387 (123)<\/td>\n                \t\t\t\t<td data-label=\"Setup\">$40<\/td>\n                        \t    <td data-label=\"Fix\">$80<\/td>\n                                <td><a href=\"https:\/\/lk.virtnum.com\/de\/component\/telecomax\/?task=buyunregistred&type=voice&country=bosnia-and-herzegovina&city=mobile-for-registration-calls-and-sms\" class=\"buy\">KAUFEN \ud83d\uded2<\/a><\/td> \n                            <\/tr><\/tbody>\n                <\/table>\n                <\/div><br \/>\n<div>\n               <h2>Preise f\u00fcr virtuelle SMS-Nummern in Bosnien und Herzegowina<\/h2>\n                <table id=\"city-search-sms\">\n                            <thead>\n                                <tr>\n                                <th>\n                                    Region\n                                <\/th>\n                                <th>\n                                    Telefoncode\n                                <\/th>\n                                <th>\n                                    Einrichtungsgeb\u00fchr\n                                <\/th>\n                                <th>\n                                    Monatliche Geb\u00fchr\n                                <\/th>\n                                <th>\n                                    \n                                <\/th>\n                                <\/tr>\n                            <\/thead>\n                            <tbody>\n                            <tr >\n                                <td data-label=\"City\">Mobiltelefon zur Registrierung (Anrufe und SMS)<\/td>\n                \t\t\t\t<td data-label=\"Code\">+387 (123)<\/td>\n                \t\t\t\t<td data-label=\"Setup\">$40<\/td>\n                        \t    <td data-label=\"Fix\">$80<\/td>\n                                <td><a href=\"https:\/\/lk.virtnum.com\/de\/component\/telecomax\/?task=buyunregistred&type=sms&country=bosnia-and-herzegovina&city=mobile-for-registration-calls-and-sms\" class=\"buy\">KAUFEN \ud83d\uded2<\/a><\/td> \n                            <\/tr><\/tbody>\n                <\/table>\n                <\/div><br \/>\n<div>\n               <h2>Preise f\u00fcr geb\u00fchrenfreie virtuelle Nummern in Bosnien und Herzegowina<\/h2>\n                <table id=\"city-search-tollfree\">\n                            <thead>\n                                <tr>\n                                <th>\n                                    Region\n                                <\/th>\n                                <th>\n                                    Telefoncode\n                                <\/th>\n                                <th>\n                                    Einrichtungsgeb\u00fchr\n                                <\/th>\n                                <th>\n                                    Monatliche Geb\u00fchr\n                                <\/th>\n                                <th>\n                                    \n                                <\/th>\n                                <\/tr>\n                            <\/thead>\n                            <tbody>\n                            <tr >\n                                <td data-label=\"City\">Zollfrei<\/td>\n                \t\t\t\t<td data-label=\"Code\">+387 (800)<\/td>\n                \t\t\t\t<td data-label=\"Setup\">$200<\/td>\n                        \t    <td data-label=\"Fix\">$80<\/td>\n                                <td><a href=\"https:\/\/lk.virtnum.com\/de\/component\/telecomax\/?task=buyunregistred&type=tollfree&country=bosnia-and-herzegovina&city=tollfree\" class=\"buy\">KAUFEN \ud83d\uded2<\/a><\/td> \n                            <\/tr><\/tbody>\n                <\/table>\n                <\/div><\/p>\n\n\n\n<h2 class=\"wp-block-heading\">Optionen<\/h2>\n\n\n\n<ul class=\"wp-block-list\">\n<li>Leiten Sie Anrufe aus Bosnien und Herzegowina \u00fcberall auf der Welt weiter.<\/li>\n\n\n\n<li>Empfangen Sie eingehende Anrufe mit Ihrer virtuellen Nummer f\u00fcr Bosnien und Herzegowina \u00fcber ein Softphone oder unsere mobile App.<\/li>\n\n\n\n<li>Leiten Sie eingehende Anrufe zu einem sehr g\u00fcnstigen Tarif an einen beliebigen Festnetz- oder Mobilfunkanschluss weiter.<\/li>\n\n\n\n<li>Die Weiterleitung eingehender Anrufe an einen beliebigen Voice-over-IP-Anbieter (VoIP), SIP, H.323 oder IAX ist inbegriffen.<\/li>\n\n\n\n<li>Eingehende Anrufe \u00fcber ITSP oder VoIP (SIP, H.323 oder IAX)<\/li>\n\n\n\n<li>Sie mieten die bosnisch-herzegowinische Telefonnummer ohne Vertrag.<\/li>\n\n\n\n<li>Wenn Sie eine geb\u00fchrenfreie oder geb\u00fchrenpflichtige Nummer f\u00fcr Bosnien und Herzegowina ben\u00f6tigen, wenden Sie sich bitte an den Support.<\/li>\n<\/ul>\n\n\n\n<p align=\"center\"><a class=\"buy\" href=\"https:\/\/virtnum.com\/buy\/Bosnia and Herzegovina\">\u27a1\ufe0f DID-Nummer in Bosnien und Herzegowina kaufen \u2b05\ufe0f<\/a><\/p>\n\n\n\n<h2 class=\"wp-block-heading\">Holen Sie sich eine zweite Telefonleitung f\u00fcr Bosnien und Herzegowina<\/h2>\n\n\n\n<p>Ben\u00f6tigen Sie f\u00fcr Ihr Unternehmen oder Ihre Website eine Pr\u00e4senz in Bosnien und Herzegowina? Kaufen Sie eine virtuelle Telefonnummer f\u00fcr Bosnien und Herzegowina (Bosnien und Herzegowina DID-Nummer) und sprechen Sie mit Kunden, von denen Sie nie gedacht h\u00e4tten, dass Sie sie haben. Sowohl potenzielle als auch aktuelle Kunden werden eine lokale Telefonnummer in Bosnien und Herzegowina zu sch\u00e4tzen wissen. \u00dcberpr\u00fcfen Sie die Analyseberichte Ihrer Website. Wenn Sie Verkehr au\u00dferhalb der Gebiete haben, in denen Ihre \u201eKontakt\u201c-Telefonnummer aufgef\u00fchrt ist, k\u00f6nnten Ihnen Gesch\u00e4ftsm\u00f6glichkeiten entgehen. Nehmen Sie eine virtuelle Nummer f\u00fcr Bosnien und Herzegowina und leiten Sie die Anrufe an jedes VOIP-Ger\u00e4t weiter. Zahlen Sie eine Flatrate f\u00fcr unbegrenzte Minuten f\u00fcr eingehende Anrufe an diese Nummer. Sie w\u00e4ren \u00fcberrascht, wie viele Anrufer es in Bosnien und Herzegowina geben k\u00f6nnte.<\/p>\n\n\n\n<p align=\"center\"><a class=\"buy\" href=\"https:\/\/virtnum.com\/buy\/Bosnia and Herzegovina\">\u27a1\ufe0f Holen Sie sich eine virtuelle Nummer f\u00fcr Bosnien und Herzegowina \u2b05\ufe0f<\/a><\/p>\n\n\n\n<h2 class=\"wp-block-heading\">Wie erhalte ich eine lokale virtuelle Telefonnummer f\u00fcr Bosnien und Herzegowina?<\/h2>\n\n\n\n<ol class=\"wp-block-list\">\n<li>W\u00e4hlen Sie in Ihrem Konto das aus <strong>Nummerntyp<\/strong> (SMS, Sprache oder geb\u00fchrenfrei).<\/li>\n\n\n\n<li>W\u00e4hlen Sie <strong>Bosnien und Herzegowina<\/strong> aus der L\u00e4nderliste.<\/li>\n\n\n\n<li>W\u00e4hle aus <strong>Stadt\/Region<\/strong> wo Sie die Nummer erhalten m\u00f6chten.<\/li>\n\n\n\n<li>Aufstellen <strong>Anrufweiterleitungsrichtung<\/strong> (an Telefonnummer, SIP oder Telegram).<\/li>\n\n\n\n<li>Zahlen Sie die <strong>Einrichtungsgeb\u00fchr<\/strong> Und <strong>monatliche Geb\u00fchr<\/strong> f\u00fcr die erforderliche Anzahl an Mietmonaten (bei Erh\u00f6hung der Anzahl an Monaten ist ein Rabatt m\u00f6glich).<\/li>\n<\/ol>","protected":false},"excerpt":{"rendered":"<p>Lokale virtuelle Nummer Empfangen und Weiterleiten von Anrufen und SMS weltweit. W\u00e4hlen Sie Ihr Land und Ihre Region und dann die Nummer aus, die Ihren Suchkriterien entspricht.<\/p>","protected":false},"author":1,"featured_media":0,"parent":40,"menu_order":0,"comment_status":"closed","ping_status":"closed","template":"","meta":{"_acf_changed":false,"footnotes":""},"class_list":["post-858","page","type-page","status-publish","hentry"],"acf":[],"yoast_head":"<!-- This site is optimized with the Yoast SEO plugin v27.3 - https:\/\/yoast.com\/product\/yoast-seo-wordpress\/ -->\n<title>Buy Bosnia and Herzegovina Virtual Phone Numbers - Virtual Local Phone Numbers<\/title>\n<meta name=\"description\" content=\"Get unique Bosnia and Herzegovina Virtual Phone Numbers (Bosnia and Herzegovina DID Numbers). Make outgoing calls and receive incoming calls or forward the calls to anywhere in the world. Signup for Local Bosnia and Herzegovina Number.\" \/>\n<meta name=\"robots\" content=\"index, follow, max-snippet:-1, max-image-preview:large, max-video-preview:-1\" \/>\n<link rel=\"canonical\" href=\"https:\/\/virtnum.com\/de\/buy-virtual-phone-number\/bosnia-and-herzegovina\/\" \/>\n<meta property=\"og:locale\" content=\"de_DE\" \/>\n<meta property=\"og:type\" content=\"article\" \/>\n<meta property=\"og:title\" content=\"Buy Bosnia and Herzegovina Virtual Phone Numbers - Virtual Local Phone Numbers\" \/>\n<meta property=\"og:description\" content=\"Get unique Bosnia and Herzegovina Virtual Phone Numbers (Bosnia and Herzegovina DID Numbers). Make outgoing calls and receive incoming calls or forward the calls to anywhere in the world. Signup for Local Bosnia and Herzegovina Number.\" \/>\n<meta property=\"og:url\" content=\"https:\/\/virtnum.com\/de\/buy-virtual-phone-number\/bosnia-and-herzegovina\/\" \/>\n<meta property=\"og:site_name\" content=\"Virtual Local Phone Numbers\" \/>\n<meta property=\"article:modified_time\" content=\"2024-08-06T22:43:24+00:00\" \/>\n<meta property=\"og:image\" content=\"https:\/\/virtnum.com\/wp-content\/uploads\/2021\/04\/check-price.png\" \/>\n<meta name=\"twitter:card\" content=\"summary_large_image\" \/>\n<meta name=\"twitter:label1\" content=\"Gesch\u00e4tzte Lesezeit\" \/>\n\t<meta name=\"twitter:data1\" content=\"3\u00a0Minuten\" \/>\n<script type=\"application\/ld+json\" class=\"yoast-schema-graph\">{\"@context\":\"https:\\\/\\\/schema.org\",\"@graph\":[{\"@type\":\"WebPage\",\"@id\":\"https:\\\/\\\/virtnum.com\\\/buy-virtual-phone-number\\\/bosnia-and-herzegovina\\\/\",\"url\":\"https:\\\/\\\/virtnum.com\\\/buy-virtual-phone-number\\\/bosnia-and-herzegovina\\\/\",\"name\":\"Buy Bosnia and Herzegovina Virtual Phone Numbers - Virtual Local Phone Numbers\",\"isPartOf\":{\"@id\":\"https:\\\/\\\/virtnum.com\\\/#website\"},\"primaryImageOfPage\":{\"@id\":\"https:\\\/\\\/virtnum.com\\\/buy-virtual-phone-number\\\/bosnia-and-herzegovina\\\/#primaryimage\"},\"image\":{\"@id\":\"https:\\\/\\\/virtnum.com\\\/buy-virtual-phone-number\\\/bosnia-and-herzegovina\\\/#primaryimage\"},\"thumbnailUrl\":\"https:\\\/\\\/virtnum.com\\\/wp-content\\\/uploads\\\/2021\\\/04\\\/check-price.png\",\"datePublished\":\"2024-08-06T22:43:17+00:00\",\"dateModified\":\"2024-08-06T22:43:24+00:00\",\"description\":\"Get unique Bosnia and Herzegovina Virtual Phone Numbers (Bosnia and Herzegovina DID Numbers). Make outgoing calls and receive incoming calls or forward the calls to anywhere in the world. Signup for Local Bosnia and Herzegovina Number.\",\"breadcrumb\":{\"@id\":\"https:\\\/\\\/virtnum.com\\\/buy-virtual-phone-number\\\/bosnia-and-herzegovina\\\/#breadcrumb\"},\"inLanguage\":\"de\",\"potentialAction\":[{\"@type\":\"ReadAction\",\"target\":[\"https:\\\/\\\/virtnum.com\\\/buy-virtual-phone-number\\\/bosnia-and-herzegovina\\\/\"]}]},{\"@type\":\"ImageObject\",\"inLanguage\":\"de\",\"@id\":\"https:\\\/\\\/virtnum.com\\\/buy-virtual-phone-number\\\/bosnia-and-herzegovina\\\/#primaryimage\",\"url\":\"https:\\\/\\\/virtnum.com\\\/wp-content\\\/uploads\\\/2021\\\/04\\\/check-price.png\",\"contentUrl\":\"https:\\\/\\\/virtnum.com\\\/wp-content\\\/uploads\\\/2021\\\/04\\\/check-price.png\"},{\"@type\":\"BreadcrumbList\",\"@id\":\"https:\\\/\\\/virtnum.com\\\/buy-virtual-phone-number\\\/bosnia-and-herzegovina\\\/#breadcrumb\",\"itemListElement\":[{\"@type\":\"ListItem\",\"position\":1,\"name\":\"Permanent Virtual Phone Numbers\",\"item\":\"https:\\\/\\\/virtnum.com\\\/buy-virtual-phone-number\\\/\"},{\"@type\":\"ListItem\",\"position\":2,\"name\":\"Bosnia and Herzegovina\"}]},{\"@type\":\"WebSite\",\"@id\":\"https:\\\/\\\/virtnum.com\\\/#website\",\"url\":\"https:\\\/\\\/virtnum.com\\\/\",\"name\":\"Virtual Local Phone Numbers\",\"description\":\"Buy Virtual Phone Numbers | DID Numbers | VoIP Numbers | Toll-free Numbers | Call forwarding to SIP, VOIP, PBX, Mobile or Fixed Phones\",\"publisher\":{\"@id\":\"https:\\\/\\\/virtnum.com\\\/#organization\"},\"potentialAction\":[{\"@type\":\"SearchAction\",\"target\":{\"@type\":\"EntryPoint\",\"urlTemplate\":\"https:\\\/\\\/virtnum.com\\\/?s={search_term_string}\"},\"query-input\":{\"@type\":\"PropertyValueSpecification\",\"valueRequired\":true,\"valueName\":\"search_term_string\"}}],\"inLanguage\":\"de\"},{\"@type\":\"Organization\",\"@id\":\"https:\\\/\\\/virtnum.com\\\/#organization\",\"name\":\"Virtual Local Phone Numbers\",\"url\":\"https:\\\/\\\/virtnum.com\\\/\",\"logo\":{\"@type\":\"ImageObject\",\"inLanguage\":\"de\",\"@id\":\"https:\\\/\\\/virtnum.com\\\/#\\\/schema\\\/logo\\\/image\\\/\",\"url\":\"https:\\\/\\\/virtnum.com\\\/wp-content\\\/uploads\\\/2022\\\/12\\\/logo-1.png\",\"contentUrl\":\"https:\\\/\\\/virtnum.com\\\/wp-content\\\/uploads\\\/2022\\\/12\\\/logo-1.png\",\"width\":420,\"height\":165,\"caption\":\"Virtual Local Phone Numbers\"},\"image\":{\"@id\":\"https:\\\/\\\/virtnum.com\\\/#\\\/schema\\\/logo\\\/image\\\/\"}}]}<\/script>\n<!-- \/ Yoast SEO plugin. -->","yoast_head_json":{"title":"Kaufen Sie virtuelle Telefonnummern f\u00fcr Bosnien und Herzegowina - Virtuelle lokale Telefonnummern","description":"Holen Sie sich einzigartige virtuelle Telefonnummern f\u00fcr Bosnien und Herzegowina (DID-Nummern f\u00fcr Bosnien und Herzegowina). T\u00e4tigen Sie ausgehende Anrufe und empfangen Sie eingehende Anrufe oder leiten Sie die Anrufe \u00fcberall auf der Welt weiter. Melden Sie sich f\u00fcr eine lokale Nummer f\u00fcr Bosnien und Herzegowina an.","robots":{"index":"index","follow":"follow","max-snippet":"max-snippet:-1","max-image-preview":"max-image-preview:large","max-video-preview":"max-video-preview:-1"},"canonical":"https:\/\/virtnum.com\/de\/buy-virtual-phone-number\/bosnia-and-herzegovina\/","og_locale":"de_DE","og_type":"article","og_title":"Buy Bosnia and Herzegovina Virtual Phone Numbers - Virtual Local Phone Numbers","og_description":"Get unique Bosnia and Herzegovina Virtual Phone Numbers (Bosnia and Herzegovina DID Numbers). Make outgoing calls and receive incoming calls or forward the calls to anywhere in the world. Signup for Local Bosnia and Herzegovina Number.","og_url":"https:\/\/virtnum.com\/de\/buy-virtual-phone-number\/bosnia-and-herzegovina\/","og_site_name":"Virtual Local Phone Numbers","article_modified_time":"2024-08-06T22:43:24+00:00","og_image":[{"url":"https:\/\/virtnum.com\/wp-content\/uploads\/2021\/04\/check-price.png","type":"","width":"","height":""}],"twitter_card":"summary_large_image","twitter_misc":{"Gesch\u00e4tzte Lesezeit":"3\u00a0Minuten"},"schema":{"@context":"https:\/\/schema.org","@graph":[{"@type":"WebPage","@id":"https:\/\/virtnum.com\/buy-virtual-phone-number\/bosnia-and-herzegovina\/","url":"https:\/\/virtnum.com\/buy-virtual-phone-number\/bosnia-and-herzegovina\/","name":"Kaufen Sie virtuelle Telefonnummern f\u00fcr Bosnien und Herzegowina - Virtuelle lokale Telefonnummern","isPartOf":{"@id":"https:\/\/virtnum.com\/#website"},"primaryImageOfPage":{"@id":"https:\/\/virtnum.com\/buy-virtual-phone-number\/bosnia-and-herzegovina\/#primaryimage"},"image":{"@id":"https:\/\/virtnum.com\/buy-virtual-phone-number\/bosnia-and-herzegovina\/#primaryimage"},"thumbnailUrl":"https:\/\/virtnum.com\/wp-content\/uploads\/2021\/04\/check-price.png","datePublished":"2024-08-06T22:43:17+00:00","dateModified":"2024-08-06T22:43:24+00:00","description":"Holen Sie sich einzigartige virtuelle Telefonnummern f\u00fcr Bosnien und Herzegowina (DID-Nummern f\u00fcr Bosnien und Herzegowina). T\u00e4tigen Sie ausgehende Anrufe und empfangen Sie eingehende Anrufe oder leiten Sie die Anrufe \u00fcberall auf der Welt weiter. Melden Sie sich f\u00fcr eine lokale Nummer f\u00fcr Bosnien und Herzegowina an.","breadcrumb":{"@id":"https:\/\/virtnum.com\/buy-virtual-phone-number\/bosnia-and-herzegovina\/#breadcrumb"},"inLanguage":"de","potentialAction":[{"@type":"ReadAction","target":["https:\/\/virtnum.com\/buy-virtual-phone-number\/bosnia-and-herzegovina\/"]}]},{"@type":"ImageObject","inLanguage":"de","@id":"https:\/\/virtnum.com\/buy-virtual-phone-number\/bosnia-and-herzegovina\/#primaryimage","url":"https:\/\/virtnum.com\/wp-content\/uploads\/2021\/04\/check-price.png","contentUrl":"https:\/\/virtnum.com\/wp-content\/uploads\/2021\/04\/check-price.png"},{"@type":"BreadcrumbList","@id":"https:\/\/virtnum.com\/buy-virtual-phone-number\/bosnia-and-herzegovina\/#breadcrumb","itemListElement":[{"@type":"ListItem","position":1,"name":"Permanent Virtual Phone Numbers","item":"https:\/\/virtnum.com\/buy-virtual-phone-number\/"},{"@type":"ListItem","position":2,"name":"Bosnia and Herzegovina"}]},{"@type":"WebSite","@id":"https:\/\/virtnum.com\/#website","url":"https:\/\/virtnum.com\/","name":"Virtuelle lokale Telefonnummern","description":"Kaufen Sie virtuelle Telefonnummern | DID-Nummern | VoIP-Nummern | Geb\u00fchrenfreie Nummern | Anrufweiterleitung an SIP, VOIP, PBX, Mobil- oder Festnetztelefone","publisher":{"@id":"https:\/\/virtnum.com\/#organization"},"potentialAction":[{"@type":"SearchAction","target":{"@type":"EntryPoint","urlTemplate":"https:\/\/virtnum.com\/?s={search_term_string}"},"query-input":{"@type":"PropertyValueSpecification","valueRequired":true,"valueName":"search_term_string"}}],"inLanguage":"de"},{"@type":"Organization","@id":"https:\/\/virtnum.com\/#organization","name":"Virtuelle lokale Telefonnummern","url":"https:\/\/virtnum.com\/","logo":{"@type":"ImageObject","inLanguage":"de","@id":"https:\/\/virtnum.com\/#\/schema\/logo\/image\/","url":"https:\/\/virtnum.com\/wp-content\/uploads\/2022\/12\/logo-1.png","contentUrl":"https:\/\/virtnum.com\/wp-content\/uploads\/2022\/12\/logo-1.png","width":420,"height":165,"caption":"Virtual Local Phone Numbers"},"image":{"@id":"https:\/\/virtnum.com\/#\/schema\/logo\/image\/"}}]}},"_links":{"self":[{"href":"https:\/\/virtnum.com\/de\/wp-json\/wp\/v2\/pages\/858","targetHints":{"allow":["GET"]}}],"collection":[{"href":"https:\/\/virtnum.com\/de\/wp-json\/wp\/v2\/pages"}],"about":[{"href":"https:\/\/virtnum.com\/de\/wp-json\/wp\/v2\/types\/page"}],"author":[{"embeddable":true,"href":"https:\/\/virtnum.com\/de\/wp-json\/wp\/v2\/users\/1"}],"replies":[{"embeddable":true,"href":"https:\/\/virtnum.com\/de\/wp-json\/wp\/v2\/comments?post=858"}],"version-history":[{"count":2,"href":"https:\/\/virtnum.com\/de\/wp-json\/wp\/v2\/pages\/858\/revisions"}],"predecessor-version":[{"id":860,"href":"https:\/\/virtnum.com\/de\/wp-json\/wp\/v2\/pages\/858\/revisions\/860"}],"up":[{"embeddable":true,"href":"https:\/\/virtnum.com\/de\/wp-json\/wp\/v2\/pages\/40"}],"wp:attachment":[{"href":"https:\/\/virtnum.com\/de\/wp-json\/wp\/v2\/media?parent=858"}],"curies":[{"name":"wp","href":"https:\/\/api.w.org\/{rel}","templated":true}]}}