{"id":862,"date":"2024-08-14T05:53:36","date_gmt":"2024-08-14T01:53:36","guid":{"rendered":"https:\/\/virtnum.com\/?page_id=862"},"modified":"2026-03-12T01:12:37","modified_gmt":"2026-03-11T21:12:37","slug":"sms-numbers","status":"publish","type":"page","link":"https:\/\/virtnum.com\/de\/sms-numbers\/","title":{"rendered":"Virtuelle SMS-Nummern"},"content":{"rendered":"<p>\u00dcbernehmen Sie die Kontrolle \u00fcber Ihre Messaging-Strategie mit den virtuellen SMS-Nummern von Virtnum. Aktivieren Sie sofort Nummern aus \u00fcber 100 L\u00e4ndern und beginnen Sie mit dem Senden und Empfangen von SMS-Nachrichten, ohne dass Sie eine physische SIM-Karte ben\u00f6tigen. Unsere virtuellen Nummern sind perfekt f\u00fcr Unternehmen jeder Gr\u00f6\u00dfe und erm\u00f6glichen es Ihnen, eine lokale Pr\u00e4senz aufrechtzuerhalten, direkt mit Kunden in Kontakt zu treten und Ihre Kommunikation zu optimieren. Ob Sie Marketingkampagnen durchf\u00fchren oder den Kundendienst verwalten, die virtuellen SMS-Nummern von Virtnum bieten eine problemlose L\u00f6sung f\u00fcr Ihre Anforderungen.<\/p>\n\n\n\n<p align=\"center\"><a href=\"https:\/\/lk.virtnum.com\/en\/component\/telecomax?task=buyunregistred&#038;type=sms\" class=\"buy\">Virtuelle SMS Nummer kaufen<\/a><\/p>\n\n\n\n<h3 class=\"wp-block-heading\">Warum sollten Sie sich f\u00fcr virtuelle SMS-Nummern von Virtnum.com entscheiden?<\/h3>\n\n\n\n<p>Virtnum bietet eine robuste Plattform mit un\u00fcbertroffener Zuverl\u00e4ssigkeit und globaler Reichweite. Unsere virtuellen SMS-Nummern sind nicht nur einfach einzurichten, sondern verf\u00fcgen auch \u00fcber eine Reihe von Funktionen zur Optimierung Ihrer Messaging-Funktionen. Genie\u00dfen Sie Funktionen wie bidirektionales Messaging, automatische Antworten und Zustellberichte in Echtzeit, w\u00e4hrend Ihre pers\u00f6nliche Nummer vertraulich bleibt. Mit wettbewerbsf\u00e4higen Preisen und Support rund um die Uhr sorgt Virtnum daf\u00fcr, dass Ihre Gesch\u00e4ftskommunikation immer reibungslos l\u00e4uft, egal wo sich Ihre Kunden befinden.<\/p>\n\n\n\n<p align=\"center\"><a href=\"https:\/\/lk.virtnum.com\/en\/component\/telecomax?task=buyunregistred&#038;type=sms\" class=\"buy\">Virtuelle SMS Nummer kaufen<\/a><\/p>\n\n\n\n<h3 class=\"wp-block-heading\">Wie es funktioniert<\/h3>\n\n\n\n<p>Der Einstieg bei Virtnum ist schnell und einfach. W\u00e4hlen Sie Ihre bevorzugte virtuelle SMS-Nummer aus unserem umfangreichen Bestand, w\u00e4hlen Sie Ihren gew\u00fcnschten Plan und schon kann es losgehen! \u00dcber unser benutzerfreundliches Dashboard k\u00f6nnen Sie alle Ihre Nummern verwalten, Ihre SMS-Aktivit\u00e4t verfolgen und mit nur wenigen Klicks auf erweiterte Funktionen zugreifen. <\/p>\n\n\n\n<p><\/p>","protected":false},"excerpt":{"rendered":"<p>\u00dcbernehmen Sie die Kontrolle \u00fcber Ihre Messaging-Strategie mit den virtuellen SMS-Nummern von Virtnum. Aktivieren Sie sofort Nummern aus \u00fcber 100 L\u00e4ndern und beginnen Sie mit dem Senden und Empfangen von SMS-Nachrichten \u2026<\/p>","protected":false},"author":1,"featured_media":0,"parent":0,"menu_order":0,"comment_status":"closed","ping_status":"closed","template":"","meta":{"_acf_changed":false,"footnotes":""},"class_list":["post-862","page","type-page","status-publish","hentry"],"acf":[],"yoast_head":"<!-- This site is optimized with the Yoast SEO plugin v27.4 - https:\/\/yoast.com\/product\/yoast-seo-wordpress\/ -->\n<title>Virtual SMS Numbers - Virtual Local Phone Numbers<\/title>\n<meta name=\"description\" content=\"Buy virtual SMS numbers from 100+ countries instantly. No SIM card needed. Two-way messaging, real-time delivery reports &amp; 24\/7 support. Start today \u2014 Virtnum.\" \/>\n<meta name=\"robots\" content=\"index, follow, max-snippet:-1, max-image-preview:large, max-video-preview:-1\" \/>\n<link rel=\"canonical\" href=\"https:\/\/virtnum.com\/de\/sms-numbers\/\" \/>\n<meta property=\"og:locale\" content=\"de_DE\" \/>\n<meta property=\"og:type\" content=\"article\" \/>\n<meta property=\"og:title\" content=\"Virtual SMS Numbers - Virtual Local Phone Numbers\" \/>\n<meta property=\"og:description\" content=\"Buy virtual SMS numbers from 100+ countries instantly. No SIM card needed. Two-way messaging, real-time delivery reports &amp; 24\/7 support. Start today \u2014 Virtnum.\" \/>\n<meta property=\"og:url\" content=\"https:\/\/virtnum.com\/de\/sms-numbers\/\" \/>\n<meta property=\"og:site_name\" content=\"Virtual Local Phone Numbers\" \/>\n<meta property=\"article:modified_time\" content=\"2026-03-11T21:12:37+00:00\" \/>\n<meta name=\"twitter:card\" content=\"summary_large_image\" \/>\n<meta name=\"twitter:label1\" content=\"Gesch\u00e4tzte Lesezeit\" \/>\n\t<meta name=\"twitter:data1\" content=\"1\u00a0Minute\" \/>\n<script type=\"application\/ld+json\" class=\"yoast-schema-graph\">{\"@context\":\"https:\\\/\\\/schema.org\",\"@graph\":[{\"@type\":\"WebPage\",\"@id\":\"https:\\\/\\\/virtnum.com\\\/sms-numbers\\\/\",\"url\":\"https:\\\/\\\/virtnum.com\\\/sms-numbers\\\/\",\"name\":\"Virtual SMS Numbers - Virtual Local Phone Numbers\",\"isPartOf\":{\"@id\":\"https:\\\/\\\/virtnum.com\\\/#website\"},\"datePublished\":\"2024-08-14T01:53:36+00:00\",\"dateModified\":\"2026-03-11T21:12:37+00:00\",\"description\":\"Buy virtual SMS numbers from 100+ countries instantly. No SIM card needed. Two-way messaging, real-time delivery reports & 24\\\/7 support. Start today \u2014 Virtnum.\",\"inLanguage\":\"de\",\"potentialAction\":[{\"@type\":\"ReadAction\",\"target\":[\"https:\\\/\\\/virtnum.com\\\/sms-numbers\\\/\"]}]},{\"@type\":\"WebSite\",\"@id\":\"https:\\\/\\\/virtnum.com\\\/#website\",\"url\":\"https:\\\/\\\/virtnum.com\\\/\",\"name\":\"Virtual Local Phone Numbers\",\"description\":\"Buy Virtual Phone Numbers | DID Numbers | VoIP Numbers | Toll-free Numbers | Call forwarding to SIP, VOIP, PBX, Mobile or Fixed Phones\",\"publisher\":{\"@id\":\"https:\\\/\\\/virtnum.com\\\/#organization\"},\"potentialAction\":[{\"@type\":\"SearchAction\",\"target\":{\"@type\":\"EntryPoint\",\"urlTemplate\":\"https:\\\/\\\/virtnum.com\\\/?s={search_term_string}\"},\"query-input\":{\"@type\":\"PropertyValueSpecification\",\"valueRequired\":true,\"valueName\":\"search_term_string\"}}],\"inLanguage\":\"de\"},{\"@type\":\"Organization\",\"@id\":\"https:\\\/\\\/virtnum.com\\\/#organization\",\"name\":\"Virtual Local Phone Numbers\",\"url\":\"https:\\\/\\\/virtnum.com\\\/\",\"logo\":{\"@type\":\"ImageObject\",\"inLanguage\":\"de\",\"@id\":\"https:\\\/\\\/virtnum.com\\\/#\\\/schema\\\/logo\\\/image\\\/\",\"url\":\"https:\\\/\\\/virtnum.com\\\/wp-content\\\/uploads\\\/2022\\\/12\\\/logo-1.png\",\"contentUrl\":\"https:\\\/\\\/virtnum.com\\\/wp-content\\\/uploads\\\/2022\\\/12\\\/logo-1.png\",\"width\":420,\"height\":165,\"caption\":\"Virtual Local Phone Numbers\"},\"image\":{\"@id\":\"https:\\\/\\\/virtnum.com\\\/#\\\/schema\\\/logo\\\/image\\\/\"}}]}<\/script>\n<!-- \/ Yoast SEO plugin. -->","yoast_head_json":{"title":"Virtuelle SMS-Nummern - Virtuelle lokale Telefonnummern","description":"Kaufen Sie sofort virtuelle SMS-Nummern aus \u00fcber 100 L\u00e4ndern. Keine SIM-Karte erforderlich. Zwei-Wege-Nachrichten, Zustellberichte in Echtzeit und Support rund um die Uhr. Jetzt starten \u2013 Virtnum.","robots":{"index":"index","follow":"follow","max-snippet":"max-snippet:-1","max-image-preview":"max-image-preview:large","max-video-preview":"max-video-preview:-1"},"canonical":"https:\/\/virtnum.com\/de\/sms-numbers\/","og_locale":"de_DE","og_type":"article","og_title":"Virtual SMS Numbers - Virtual Local Phone Numbers","og_description":"Buy virtual SMS numbers from 100+ countries instantly. No SIM card needed. Two-way messaging, real-time delivery reports & 24\/7 support. Start today \u2014 Virtnum.","og_url":"https:\/\/virtnum.com\/de\/sms-numbers\/","og_site_name":"Virtual Local Phone Numbers","article_modified_time":"2026-03-11T21:12:37+00:00","twitter_card":"summary_large_image","twitter_misc":{"Gesch\u00e4tzte Lesezeit":"1\u00a0Minute"},"schema":{"@context":"https:\/\/schema.org","@graph":[{"@type":"WebPage","@id":"https:\/\/virtnum.com\/sms-numbers\/","url":"https:\/\/virtnum.com\/sms-numbers\/","name":"Virtuelle SMS-Nummern - Virtuelle lokale Telefonnummern","isPartOf":{"@id":"https:\/\/virtnum.com\/#website"},"datePublished":"2024-08-14T01:53:36+00:00","dateModified":"2026-03-11T21:12:37+00:00","description":"Kaufen Sie sofort virtuelle SMS-Nummern aus \u00fcber 100 L\u00e4ndern. Keine SIM-Karte erforderlich. Zwei-Wege-Nachrichten, Zustellberichte in Echtzeit und Support rund um die Uhr. Jetzt starten \u2013 Virtnum.","inLanguage":"de","potentialAction":[{"@type":"ReadAction","target":["https:\/\/virtnum.com\/sms-numbers\/"]}]},{"@type":"WebSite","@id":"https:\/\/virtnum.com\/#website","url":"https:\/\/virtnum.com\/","name":"Virtuelle lokale Telefonnummern","description":"Kaufen Sie virtuelle Telefonnummern | DID-Nummern | VoIP-Nummern | Geb\u00fchrenfreie Nummern | Anrufweiterleitung an SIP, VOIP, PBX, Mobil- oder Festnetztelefone","publisher":{"@id":"https:\/\/virtnum.com\/#organization"},"potentialAction":[{"@type":"SearchAction","target":{"@type":"EntryPoint","urlTemplate":"https:\/\/virtnum.com\/?s={search_term_string}"},"query-input":{"@type":"PropertyValueSpecification","valueRequired":true,"valueName":"search_term_string"}}],"inLanguage":"de"},{"@type":"Organization","@id":"https:\/\/virtnum.com\/#organization","name":"Virtuelle lokale Telefonnummern","url":"https:\/\/virtnum.com\/","logo":{"@type":"ImageObject","inLanguage":"de","@id":"https:\/\/virtnum.com\/#\/schema\/logo\/image\/","url":"https:\/\/virtnum.com\/wp-content\/uploads\/2022\/12\/logo-1.png","contentUrl":"https:\/\/virtnum.com\/wp-content\/uploads\/2022\/12\/logo-1.png","width":420,"height":165,"caption":"Virtual Local Phone Numbers"},"image":{"@id":"https:\/\/virtnum.com\/#\/schema\/logo\/image\/"}}]}},"_links":{"self":[{"href":"https:\/\/virtnum.com\/de\/wp-json\/wp\/v2\/pages\/862","targetHints":{"allow":["GET"]}}],"collection":[{"href":"https:\/\/virtnum.com\/de\/wp-json\/wp\/v2\/pages"}],"about":[{"href":"https:\/\/virtnum.com\/de\/wp-json\/wp\/v2\/types\/page"}],"author":[{"embeddable":true,"href":"https:\/\/virtnum.com\/de\/wp-json\/wp\/v2\/users\/1"}],"replies":[{"embeddable":true,"href":"https:\/\/virtnum.com\/de\/wp-json\/wp\/v2\/comments?post=862"}],"version-history":[{"count":2,"href":"https:\/\/virtnum.com\/de\/wp-json\/wp\/v2\/pages\/862\/revisions"}],"predecessor-version":[{"id":866,"href":"https:\/\/virtnum.com\/de\/wp-json\/wp\/v2\/pages\/862\/revisions\/866"}],"wp:attachment":[{"href":"https:\/\/virtnum.com\/de\/wp-json\/wp\/v2\/media?parent=862"}],"curies":[{"name":"wp","href":"https:\/\/api.w.org\/{rel}","templated":true}]}}