{"id":867,"date":"2024-08-14T05:58:27","date_gmt":"2024-08-14T01:58:27","guid":{"rendered":"https:\/\/virtnum.com\/?page_id=867"},"modified":"2024-08-14T05:59:00","modified_gmt":"2024-08-14T01:59:00","slug":"numbers-for-call","status":"publish","type":"page","link":"https:\/\/virtnum.com\/de\/numbers-for-call\/","title":{"rendered":"Virtuelle Nummern f\u00fcr Anrufe"},"content":{"rendered":"<p>Verwalten Sie Ihre internationalen Anrufe m\u00fchelos mit den virtuellen Sprachnummern von Virtnum. Aktivieren Sie sofort Nummern aus \u00fcber 100 L\u00e4ndern und empfangen Sie Anrufe, ohne dass Sie physische Telefonleitungen ben\u00f6tigen. Unsere virtuellen Nummern sind ideal f\u00fcr Unternehmen jeder Gr\u00f6\u00dfe und erm\u00f6glichen Ihnen, eine lokale Pr\u00e4senz aufzubauen, direkt mit globalen Kunden in Kontakt zu treten und Ihre eingehende Kommunikation zu optimieren. Ganz gleich, ob Sie Kundensupport leisten oder in neue M\u00e4rkte expandieren, die virtuellen Sprachnummern von Virtnum bieten eine nahtlose, zuverl\u00e4ssige L\u00f6sung, die Ihren Anforderungen gerecht wird.<\/p>\n\n\n\n<p align=\"center\"><a href=\"https:\/\/lk.virtnum.com\/en\/component\/telecomax?task=buyunregistred&#038;type=voice\" class=\"buy\">Kaufen Sie eine virtuelle Nummer f\u00fcr Anrufe<\/a><\/p>\n\n\n\n<h3 class=\"wp-block-heading\">Warum sollten Sie sich f\u00fcr virtuelle Sprachnummern von Virtnum.com entscheiden?<\/h3>\n\n\n\n<p>Virtnum bietet eine leistungsstarke Plattform mit au\u00dfergew\u00f6hnlicher Zuverl\u00e4ssigkeit und globaler Konnektivit\u00e4t. Unsere virtuellen Sprachnummern sind einfach einzurichten und verf\u00fcgen \u00fcber eine Reihe von Funktionen, die Ihr Anrufmanagement verbessern. Genie\u00dfen Sie Vorteile wie Anrufweiterleitung, Voicemail und detaillierte Anrufprotokolle, w\u00e4hrend Ihre pers\u00f6nliche Nummer vertraulich bleibt. Mit wettbewerbsf\u00e4higen Preisen und 24\/7-Support sorgt Virtnum daf\u00fcr, dass Ihre Gesch\u00e4ftskommunikation effizient und professionell bleibt, egal woher Ihre Anrufe kommen.<\/p>\n\n\n\n<p align=\"center\"><a href=\"https:\/\/lk.virtnum.com\/en\/component\/telecomax?task=buyunregistred&#038;type=voice\" class=\"buy\">Virtuelle Sprachnummer kaufen<\/a><\/p>\n\n\n\n<h3 class=\"wp-block-heading\">Wie es funktioniert<\/h3>\n\n\n\n<p>Der Einstieg bei Virtnum ist einfach und unkompliziert. W\u00e4hlen Sie Ihre bevorzugte virtuelle Sprachnummer aus unserem umfangreichen globalen Bestand, w\u00e4hlen Sie einen Plan, der Ihren Anforderungen entspricht, und schon k\u00f6nnen Sie Anrufe empfangen! \u00dcber unser intuitives Dashboard k\u00f6nnen Sie alle Ihre Nummern verwalten, die Anrufaktivit\u00e4t \u00fcberwachen und mit nur wenigen Klicks auf erweiterte Funktionen zugreifen. Beginnen Sie mit dem Empfangen von Anrufen aus der ganzen Welt mit der flexiblen und benutzerfreundlichen Plattform von Virtnum.<\/p>","protected":false},"excerpt":{"rendered":"<p>Verwalten Sie Ihre internationalen Anrufe m\u00fchelos mit den virtuellen Sprachnummern von Virtnum. Aktivieren Sie sofort Nummern aus \u00fcber 100 L\u00e4ndern und empfangen Sie Anrufe, ohne dass Sie \u2026<\/p>","protected":false},"author":1,"featured_media":0,"parent":0,"menu_order":0,"comment_status":"closed","ping_status":"closed","template":"","meta":{"_acf_changed":false,"footnotes":""},"class_list":["post-867","page","type-page","status-publish","hentry"],"acf":[],"yoast_head":"<!-- This site is optimized with the Yoast SEO plugin v27.4 - https:\/\/yoast.com\/product\/yoast-seo-wordpress\/ -->\n<title>Buy Virtual Numbers for Calls - Receive Global Calls Anywhere | Virtnum<\/title>\n<meta name=\"description\" content=\"Get virtual phone numbers from Virtnum to receive calls from over 100 countries. Instantly activate numbers, manage global calls seamlessly, and maintain your privacy. Start receiving international calls with Virtnum today!\" \/>\n<meta name=\"robots\" content=\"index, follow, max-snippet:-1, max-image-preview:large, max-video-preview:-1\" \/>\n<link rel=\"canonical\" href=\"https:\/\/virtnum.com\/de\/numbers-for-call\/\" \/>\n<meta property=\"og:locale\" content=\"de_DE\" \/>\n<meta property=\"og:type\" content=\"article\" \/>\n<meta property=\"og:title\" content=\"Buy Virtual Numbers for Calls - Receive Global Calls Anywhere | Virtnum\" \/>\n<meta property=\"og:description\" content=\"Get virtual phone numbers from Virtnum to receive calls from over 100 countries. Instantly activate numbers, manage global calls seamlessly, and maintain your privacy. Start receiving international calls with Virtnum today!\" \/>\n<meta property=\"og:url\" content=\"https:\/\/virtnum.com\/de\/numbers-for-call\/\" \/>\n<meta property=\"og:site_name\" content=\"Virtual Local Phone Numbers\" \/>\n<meta property=\"article:modified_time\" content=\"2024-08-14T01:59:00+00:00\" \/>\n<meta name=\"twitter:card\" content=\"summary_large_image\" \/>\n<meta name=\"twitter:label1\" content=\"Gesch\u00e4tzte Lesezeit\" \/>\n\t<meta name=\"twitter:data1\" content=\"2\u00a0Minuten\" \/>\n<script type=\"application\/ld+json\" class=\"yoast-schema-graph\">{\"@context\":\"https:\\\/\\\/schema.org\",\"@graph\":[{\"@type\":\"WebPage\",\"@id\":\"https:\\\/\\\/virtnum.com\\\/numbers-for-call\\\/\",\"url\":\"https:\\\/\\\/virtnum.com\\\/numbers-for-call\\\/\",\"name\":\"Buy Virtual Numbers for Calls - Receive Global Calls Anywhere | Virtnum\",\"isPartOf\":{\"@id\":\"https:\\\/\\\/virtnum.com\\\/#website\"},\"datePublished\":\"2024-08-14T01:58:27+00:00\",\"dateModified\":\"2024-08-14T01:59:00+00:00\",\"description\":\"Get virtual phone numbers from Virtnum to receive calls from over 100 countries. Instantly activate numbers, manage global calls seamlessly, and maintain your privacy. Start receiving international calls with Virtnum today!\",\"inLanguage\":\"de\",\"potentialAction\":[{\"@type\":\"ReadAction\",\"target\":[\"https:\\\/\\\/virtnum.com\\\/numbers-for-call\\\/\"]}]},{\"@type\":\"WebSite\",\"@id\":\"https:\\\/\\\/virtnum.com\\\/#website\",\"url\":\"https:\\\/\\\/virtnum.com\\\/\",\"name\":\"Virtual Local Phone Numbers\",\"description\":\"Buy Virtual Phone Numbers | DID Numbers | VoIP Numbers | Toll-free Numbers | Call forwarding to SIP, VOIP, PBX, Mobile or Fixed Phones\",\"publisher\":{\"@id\":\"https:\\\/\\\/virtnum.com\\\/#organization\"},\"potentialAction\":[{\"@type\":\"SearchAction\",\"target\":{\"@type\":\"EntryPoint\",\"urlTemplate\":\"https:\\\/\\\/virtnum.com\\\/?s={search_term_string}\"},\"query-input\":{\"@type\":\"PropertyValueSpecification\",\"valueRequired\":true,\"valueName\":\"search_term_string\"}}],\"inLanguage\":\"de\"},{\"@type\":\"Organization\",\"@id\":\"https:\\\/\\\/virtnum.com\\\/#organization\",\"name\":\"Virtual Local Phone Numbers\",\"url\":\"https:\\\/\\\/virtnum.com\\\/\",\"logo\":{\"@type\":\"ImageObject\",\"inLanguage\":\"de\",\"@id\":\"https:\\\/\\\/virtnum.com\\\/#\\\/schema\\\/logo\\\/image\\\/\",\"url\":\"https:\\\/\\\/virtnum.com\\\/wp-content\\\/uploads\\\/2022\\\/12\\\/logo-1.png\",\"contentUrl\":\"https:\\\/\\\/virtnum.com\\\/wp-content\\\/uploads\\\/2022\\\/12\\\/logo-1.png\",\"width\":420,\"height\":165,\"caption\":\"Virtual Local Phone Numbers\"},\"image\":{\"@id\":\"https:\\\/\\\/virtnum.com\\\/#\\\/schema\\\/logo\\\/image\\\/\"}}]}<\/script>\n<!-- \/ Yoast SEO plugin. -->","yoast_head_json":{"title":"Kaufen Sie virtuelle Nummern f\u00fcr Anrufe \u2013 Empfangen Sie weltweite Anrufe \u00fcberall | Virtnum","description":"Holen Sie sich virtuelle Telefonnummern von Virtnum, um Anrufe aus \u00fcber 100 L\u00e4ndern zu empfangen. Aktivieren Sie Nummern sofort, verwalten Sie globale Anrufe nahtlos und sch\u00fctzen Sie Ihre Privatsph\u00e4re. Beginnen Sie noch heute mit dem Empfang internationaler Anrufe mit Virtnum!","robots":{"index":"index","follow":"follow","max-snippet":"max-snippet:-1","max-image-preview":"max-image-preview:large","max-video-preview":"max-video-preview:-1"},"canonical":"https:\/\/virtnum.com\/de\/numbers-for-call\/","og_locale":"de_DE","og_type":"article","og_title":"Buy Virtual Numbers for Calls - Receive Global Calls Anywhere | Virtnum","og_description":"Get virtual phone numbers from Virtnum to receive calls from over 100 countries. Instantly activate numbers, manage global calls seamlessly, and maintain your privacy. Start receiving international calls with Virtnum today!","og_url":"https:\/\/virtnum.com\/de\/numbers-for-call\/","og_site_name":"Virtual Local Phone Numbers","article_modified_time":"2024-08-14T01:59:00+00:00","twitter_card":"summary_large_image","twitter_misc":{"Gesch\u00e4tzte Lesezeit":"2\u00a0Minuten"},"schema":{"@context":"https:\/\/schema.org","@graph":[{"@type":"WebPage","@id":"https:\/\/virtnum.com\/numbers-for-call\/","url":"https:\/\/virtnum.com\/numbers-for-call\/","name":"Kaufen Sie virtuelle Nummern f\u00fcr Anrufe \u2013 Empfangen Sie weltweite Anrufe \u00fcberall | Virtnum","isPartOf":{"@id":"https:\/\/virtnum.com\/#website"},"datePublished":"2024-08-14T01:58:27+00:00","dateModified":"2024-08-14T01:59:00+00:00","description":"Holen Sie sich virtuelle Telefonnummern von Virtnum, um Anrufe aus \u00fcber 100 L\u00e4ndern zu empfangen. Aktivieren Sie Nummern sofort, verwalten Sie globale Anrufe nahtlos und sch\u00fctzen Sie Ihre Privatsph\u00e4re. Beginnen Sie noch heute mit dem Empfang internationaler Anrufe mit Virtnum!","inLanguage":"de","potentialAction":[{"@type":"ReadAction","target":["https:\/\/virtnum.com\/numbers-for-call\/"]}]},{"@type":"WebSite","@id":"https:\/\/virtnum.com\/#website","url":"https:\/\/virtnum.com\/","name":"Virtuelle lokale Telefonnummern","description":"Kaufen Sie virtuelle Telefonnummern | DID-Nummern | VoIP-Nummern | Geb\u00fchrenfreie Nummern | Anrufweiterleitung an SIP, VOIP, PBX, Mobil- oder Festnetztelefone","publisher":{"@id":"https:\/\/virtnum.com\/#organization"},"potentialAction":[{"@type":"SearchAction","target":{"@type":"EntryPoint","urlTemplate":"https:\/\/virtnum.com\/?s={search_term_string}"},"query-input":{"@type":"PropertyValueSpecification","valueRequired":true,"valueName":"search_term_string"}}],"inLanguage":"de"},{"@type":"Organization","@id":"https:\/\/virtnum.com\/#organization","name":"Virtuelle lokale Telefonnummern","url":"https:\/\/virtnum.com\/","logo":{"@type":"ImageObject","inLanguage":"de","@id":"https:\/\/virtnum.com\/#\/schema\/logo\/image\/","url":"https:\/\/virtnum.com\/wp-content\/uploads\/2022\/12\/logo-1.png","contentUrl":"https:\/\/virtnum.com\/wp-content\/uploads\/2022\/12\/logo-1.png","width":420,"height":165,"caption":"Virtual Local Phone Numbers"},"image":{"@id":"https:\/\/virtnum.com\/#\/schema\/logo\/image\/"}}]}},"_links":{"self":[{"href":"https:\/\/virtnum.com\/de\/wp-json\/wp\/v2\/pages\/867","targetHints":{"allow":["GET"]}}],"collection":[{"href":"https:\/\/virtnum.com\/de\/wp-json\/wp\/v2\/pages"}],"about":[{"href":"https:\/\/virtnum.com\/de\/wp-json\/wp\/v2\/types\/page"}],"author":[{"embeddable":true,"href":"https:\/\/virtnum.com\/de\/wp-json\/wp\/v2\/users\/1"}],"replies":[{"embeddable":true,"href":"https:\/\/virtnum.com\/de\/wp-json\/wp\/v2\/comments?post=867"}],"version-history":[{"count":2,"href":"https:\/\/virtnum.com\/de\/wp-json\/wp\/v2\/pages\/867\/revisions"}],"predecessor-version":[{"id":871,"href":"https:\/\/virtnum.com\/de\/wp-json\/wp\/v2\/pages\/867\/revisions\/871"}],"wp:attachment":[{"href":"https:\/\/virtnum.com\/de\/wp-json\/wp\/v2\/media?parent=867"}],"curies":[{"name":"wp","href":"https:\/\/api.w.org\/{rel}","templated":true}]}}