{"id":874,"date":"2024-08-23T04:21:14","date_gmt":"2024-08-23T00:21:14","guid":{"rendered":"https:\/\/virtnum.com\/?page_id=874"},"modified":"2024-08-23T04:21:17","modified_gmt":"2024-08-23T00:21:17","slug":"sms-number-registration","status":"publish","type":"page","link":"https:\/\/virtnum.com\/de\/sms-number-registration\/","title":{"rendered":"Feste SMS-Nummer zur Registrierung"},"content":{"rendered":"<p><strong>Sind Sie es leid, bei jeder Registrierung bei verschiedenen Diensten und sozialen Netzwerken nach einer neuen Nummer zu suchen?<\/strong> Mit unserer permanenten SMS-Nummer k\u00f6nnen Sie die Kontoerstellung auf mehreren Plattformen vereinfachen. Diese wiederverwendbaren virtuellen SMS-Nummern erm\u00f6glichen Ihnen eine einfache Registrierung in sozialen Netzwerken, Apps und anderen Diensten und bieten eine zuverl\u00e4ssige und bequeme L\u00f6sung f\u00fcr alle Ihre Registrierungsanforderungen.<\/p>\n\n\n\n<p align=\"center\"><a href=\"https:\/\/lk.virtnum.com\/en\/component\/telecomax?task=buyunregistred\" class=\"buy\">SMS-Nummer zur Registrierung kaufen<\/a><\/p>\n\n\n\n<h2 class=\"wp-block-heading\">Was ist eine permanente SMS-Nummer?<\/h2>\n\n\n\n<p>Dies ist eine virtuelle Nummer, mit der Sie Konten auf zahlreichen Websites, Apps und sozialen Netzwerken erstellen und verifizieren k\u00f6nnen. Im Gegensatz zu Wegwerfnummern bleibt unsere permanente SMS-Nummer lange bei Ihnen und kann wiederholt verwendet werden, um SMS-Codes von verschiedenen Diensten zu erhalten.<\/p>\n\n\n\n<h2 class=\"wp-block-heading\">Vorteile einer permanenten SMS-Nummer:<\/h2>\n\n\n\n<ul class=\"wp-block-list\">\n<li><strong>Wiederverwendbar:<\/strong> Erstellen Sie mit derselben Nummer Konten auf verschiedenen Plattformen.<\/li>\n\n\n\n<li><strong>Vielseitig:<\/strong> Geeignet f\u00fcr die Registrierung in sozialen Netzwerken, Foren, Messengern, Online-Shops und anderen Diensten.<\/li>\n\n\n\n<li><strong>Zuverl\u00e4ssig:<\/strong> Erhalten Sie SMS-Codes, auch wenn Sie sich mehrfach f\u00fcr denselben Dienst registrieren.<\/li>\n\n\n\n<li><strong>Komfortabel:<\/strong> Sie brauchen nicht jedes Mal nach einer neuen Nummer zu suchen \u2013 die feste Nummer steht Ihnen immer zur Verf\u00fcgung.<\/li>\n<\/ul>\n\n\n\n<h2 class=\"wp-block-heading\">Wie funktioniert es?<\/h2>\n\n\n\n<ol class=\"wp-block-list\">\n<li><strong>W\u00e4hlen Sie eine Nummer:<\/strong> Eine freie, dauerhaft verf\u00fcgbare SMS-Nummer finden Sie auf unserer Website.<\/li>\n\n\n\n<li><strong>Nutzen Sie es zur Anmeldung:<\/strong> Verwenden Sie die Nummer zur Registrierung und Verifizierung von Konten f\u00fcr die von Ihnen ben\u00f6tigten Dienste.<\/li>\n\n\n\n<li><strong>SMS-Codes empfangen:<\/strong> Alle Codes werden an Ihre permanente Nummer gesendet, unabh\u00e4ngig davon, wie viele Konten Sie erstellen.<\/li>\n<\/ol>\n\n\n\n<p>Unsere permanenten SMS-Nummern sind die perfekte Wahl f\u00fcr alle, die sich h\u00e4ufig bei verschiedenen Diensten anmelden und Wert auf Komfort und Zuverl\u00e4ssigkeit legen. Verabschieden Sie sich vom \u00c4rger mit Wegwerfnummern und erreichen Sie mit unserem Service ein neues Niveau mobiler Freiheit!<\/p>\n\n\n\n<p align=\"center\"><a href=\"https:\/\/lk.virtnum.com\/en\/component\/telecomax?task=buyunregistred\" class=\"buy\">SMS-Nummer zur Registrierung kaufen<\/a><\/p>\n\n\n\n<p><strong>Nutzen Sie noch heute eine permanente SMS-Nummer und vereinfachen Sie den Registrierungsprozess f\u00fcr Ihre bevorzugten Dienste!<\/strong><\/p>","protected":false},"excerpt":{"rendered":"<p>Sind Sie es leid, bei jeder Anmeldung bei verschiedenen Diensten und sozialen Netzwerken nach einer neuen Nummer zu suchen? Mit unserer permanenten SMS-Nummer k\u00f6nnen Sie \u2026<\/p>","protected":false},"author":1,"featured_media":0,"parent":0,"menu_order":0,"comment_status":"closed","ping_status":"closed","template":"","meta":{"_acf_changed":false,"footnotes":""},"class_list":["post-874","page","type-page","status-publish","hentry"],"acf":[],"yoast_head":"<!-- This site is optimized with the Yoast SEO plugin v27.3 - https:\/\/yoast.com\/product\/yoast-seo-wordpress\/ -->\n<title>Permanent SMS Number for Registration<\/title>\n<meta name=\"description\" content=\"Discover the advantages of using a permanent SMS number for registration on multiple platforms. Learn how our reusable virtual numbers simplify account creation across social networks, apps, and other services. Enjoy reliable, convenient, and versatile registration with a number that stays with you. Start today!\" \/>\n<meta name=\"robots\" content=\"index, follow, max-snippet:-1, max-image-preview:large, max-video-preview:-1\" \/>\n<link rel=\"canonical\" href=\"https:\/\/virtnum.com\/de\/sms-number-registration\/\" \/>\n<meta property=\"og:locale\" content=\"de_DE\" \/>\n<meta property=\"og:type\" content=\"article\" \/>\n<meta property=\"og:title\" content=\"Permanent SMS Number for Registration\" \/>\n<meta property=\"og:description\" content=\"Discover the advantages of using a permanent SMS number for registration on multiple platforms. Learn how our reusable virtual numbers simplify account creation across social networks, apps, and other services. Enjoy reliable, convenient, and versatile registration with a number that stays with you. Start today!\" \/>\n<meta property=\"og:url\" content=\"https:\/\/virtnum.com\/de\/sms-number-registration\/\" \/>\n<meta property=\"og:site_name\" content=\"Virtual Local Phone Numbers\" \/>\n<meta property=\"article:modified_time\" content=\"2024-08-23T00:21:17+00:00\" \/>\n<meta name=\"twitter:card\" content=\"summary_large_image\" \/>\n<meta name=\"twitter:label1\" content=\"Gesch\u00e4tzte Lesezeit\" \/>\n\t<meta name=\"twitter:data1\" content=\"2\u00a0Minuten\" \/>\n<script type=\"application\/ld+json\" class=\"yoast-schema-graph\">{\"@context\":\"https:\\\/\\\/schema.org\",\"@graph\":[{\"@type\":\"WebPage\",\"@id\":\"https:\\\/\\\/virtnum.com\\\/sms-number-registration\\\/\",\"url\":\"https:\\\/\\\/virtnum.com\\\/sms-number-registration\\\/\",\"name\":\"Permanent SMS Number for Registration\",\"isPartOf\":{\"@id\":\"https:\\\/\\\/virtnum.com\\\/#website\"},\"datePublished\":\"2024-08-23T00:21:14+00:00\",\"dateModified\":\"2024-08-23T00:21:17+00:00\",\"description\":\"Discover the advantages of using a permanent SMS number for registration on multiple platforms. Learn how our reusable virtual numbers simplify account creation across social networks, apps, and other services. Enjoy reliable, convenient, and versatile registration with a number that stays with you. Start today!\",\"inLanguage\":\"de\",\"potentialAction\":[{\"@type\":\"ReadAction\",\"target\":[\"https:\\\/\\\/virtnum.com\\\/sms-number-registration\\\/\"]}]},{\"@type\":\"WebSite\",\"@id\":\"https:\\\/\\\/virtnum.com\\\/#website\",\"url\":\"https:\\\/\\\/virtnum.com\\\/\",\"name\":\"Virtual Local Phone Numbers\",\"description\":\"Buy Virtual Phone Numbers | DID Numbers | VoIP Numbers | Toll-free Numbers | Call forwarding to SIP, VOIP, PBX, Mobile or Fixed Phones\",\"publisher\":{\"@id\":\"https:\\\/\\\/virtnum.com\\\/#organization\"},\"potentialAction\":[{\"@type\":\"SearchAction\",\"target\":{\"@type\":\"EntryPoint\",\"urlTemplate\":\"https:\\\/\\\/virtnum.com\\\/?s={search_term_string}\"},\"query-input\":{\"@type\":\"PropertyValueSpecification\",\"valueRequired\":true,\"valueName\":\"search_term_string\"}}],\"inLanguage\":\"de\"},{\"@type\":\"Organization\",\"@id\":\"https:\\\/\\\/virtnum.com\\\/#organization\",\"name\":\"Virtual Local Phone Numbers\",\"url\":\"https:\\\/\\\/virtnum.com\\\/\",\"logo\":{\"@type\":\"ImageObject\",\"inLanguage\":\"de\",\"@id\":\"https:\\\/\\\/virtnum.com\\\/#\\\/schema\\\/logo\\\/image\\\/\",\"url\":\"https:\\\/\\\/virtnum.com\\\/wp-content\\\/uploads\\\/2022\\\/12\\\/logo-1.png\",\"contentUrl\":\"https:\\\/\\\/virtnum.com\\\/wp-content\\\/uploads\\\/2022\\\/12\\\/logo-1.png\",\"width\":420,\"height\":165,\"caption\":\"Virtual Local Phone Numbers\"},\"image\":{\"@id\":\"https:\\\/\\\/virtnum.com\\\/#\\\/schema\\\/logo\\\/image\\\/\"}}]}<\/script>\n<!-- \/ Yoast SEO plugin. -->","yoast_head_json":{"title":"Feste SMS-Nummer zur Registrierung","description":"Entdecken Sie die Vorteile einer permanenten SMS-Nummer f\u00fcr die Registrierung auf mehreren Plattformen. Erfahren Sie, wie unsere wiederverwendbaren virtuellen Nummern die Kontoerstellung in sozialen Netzwerken, Apps und anderen Diensten vereinfachen. Genie\u00dfen Sie eine zuverl\u00e4ssige, bequeme und vielseitige Registrierung mit einer Nummer, die Sie behalten. Beginnen Sie noch heute!","robots":{"index":"index","follow":"follow","max-snippet":"max-snippet:-1","max-image-preview":"max-image-preview:large","max-video-preview":"max-video-preview:-1"},"canonical":"https:\/\/virtnum.com\/de\/sms-number-registration\/","og_locale":"de_DE","og_type":"article","og_title":"Permanent SMS Number for Registration","og_description":"Discover the advantages of using a permanent SMS number for registration on multiple platforms. Learn how our reusable virtual numbers simplify account creation across social networks, apps, and other services. Enjoy reliable, convenient, and versatile registration with a number that stays with you. Start today!","og_url":"https:\/\/virtnum.com\/de\/sms-number-registration\/","og_site_name":"Virtual Local Phone Numbers","article_modified_time":"2024-08-23T00:21:17+00:00","twitter_card":"summary_large_image","twitter_misc":{"Gesch\u00e4tzte Lesezeit":"2\u00a0Minuten"},"schema":{"@context":"https:\/\/schema.org","@graph":[{"@type":"WebPage","@id":"https:\/\/virtnum.com\/sms-number-registration\/","url":"https:\/\/virtnum.com\/sms-number-registration\/","name":"Feste SMS-Nummer zur Registrierung","isPartOf":{"@id":"https:\/\/virtnum.com\/#website"},"datePublished":"2024-08-23T00:21:14+00:00","dateModified":"2024-08-23T00:21:17+00:00","description":"Entdecken Sie die Vorteile einer permanenten SMS-Nummer f\u00fcr die Registrierung auf mehreren Plattformen. Erfahren Sie, wie unsere wiederverwendbaren virtuellen Nummern die Kontoerstellung in sozialen Netzwerken, Apps und anderen Diensten vereinfachen. Genie\u00dfen Sie eine zuverl\u00e4ssige, bequeme und vielseitige Registrierung mit einer Nummer, die Sie behalten. Beginnen Sie noch heute!","inLanguage":"de","potentialAction":[{"@type":"ReadAction","target":["https:\/\/virtnum.com\/sms-number-registration\/"]}]},{"@type":"WebSite","@id":"https:\/\/virtnum.com\/#website","url":"https:\/\/virtnum.com\/","name":"Virtuelle lokale Telefonnummern","description":"Kaufen Sie virtuelle Telefonnummern | DID-Nummern | VoIP-Nummern | Geb\u00fchrenfreie Nummern | Anrufweiterleitung an SIP, VOIP, PBX, Mobil- oder Festnetztelefone","publisher":{"@id":"https:\/\/virtnum.com\/#organization"},"potentialAction":[{"@type":"SearchAction","target":{"@type":"EntryPoint","urlTemplate":"https:\/\/virtnum.com\/?s={search_term_string}"},"query-input":{"@type":"PropertyValueSpecification","valueRequired":true,"valueName":"search_term_string"}}],"inLanguage":"de"},{"@type":"Organization","@id":"https:\/\/virtnum.com\/#organization","name":"Virtuelle lokale Telefonnummern","url":"https:\/\/virtnum.com\/","logo":{"@type":"ImageObject","inLanguage":"de","@id":"https:\/\/virtnum.com\/#\/schema\/logo\/image\/","url":"https:\/\/virtnum.com\/wp-content\/uploads\/2022\/12\/logo-1.png","contentUrl":"https:\/\/virtnum.com\/wp-content\/uploads\/2022\/12\/logo-1.png","width":420,"height":165,"caption":"Virtual Local Phone Numbers"},"image":{"@id":"https:\/\/virtnum.com\/#\/schema\/logo\/image\/"}}]}},"_links":{"self":[{"href":"https:\/\/virtnum.com\/de\/wp-json\/wp\/v2\/pages\/874","targetHints":{"allow":["GET"]}}],"collection":[{"href":"https:\/\/virtnum.com\/de\/wp-json\/wp\/v2\/pages"}],"about":[{"href":"https:\/\/virtnum.com\/de\/wp-json\/wp\/v2\/types\/page"}],"author":[{"embeddable":true,"href":"https:\/\/virtnum.com\/de\/wp-json\/wp\/v2\/users\/1"}],"replies":[{"embeddable":true,"href":"https:\/\/virtnum.com\/de\/wp-json\/wp\/v2\/comments?post=874"}],"version-history":[{"count":1,"href":"https:\/\/virtnum.com\/de\/wp-json\/wp\/v2\/pages\/874\/revisions"}],"predecessor-version":[{"id":878,"href":"https:\/\/virtnum.com\/de\/wp-json\/wp\/v2\/pages\/874\/revisions\/878"}],"wp:attachment":[{"href":"https:\/\/virtnum.com\/de\/wp-json\/wp\/v2\/media?parent=874"}],"curies":[{"name":"wp","href":"https:\/\/api.w.org\/{rel}","templated":true}]}}