{"id":917,"date":"2025-05-30T01:41:08","date_gmt":"2025-05-29T21:41:08","guid":{"rendered":"https:\/\/virtnum.com\/?page_id=917"},"modified":"2025-05-30T01:41:12","modified_gmt":"2025-05-29T21:41:12","slug":"mozambique","status":"publish","type":"page","link":"https:\/\/virtnum.com\/de\/buy-virtual-phone-number\/mozambique\/","title":{"rendered":"Mosambik"},"content":{"rendered":"<div class=\"wp-block-columns is-layout-flex wp-container-core-columns-is-layout-9d6595d7 wp-block-columns-is-layout-flex\">\n<div class=\"wp-block-column is-layout-flow wp-block-column-is-layout-flow\">\n<h2 class=\"wp-block-heading\">Lokale virtuelle Nummer f\u00fcr Mosambik<\/h2>\n\n\n\n<h3 class=\"wp-block-heading\">Empfangen und leiten Sie Anrufe und SMS weltweit weiter<\/h3>\n\n\n\n<ul class=\"wp-block-list\">\n<li>Mieten Sie eine mosambikanische Telefonnummer aus jedem beliebigen Land.<\/li>\n\n\n\n<li>Wenn Sie die Telefonnummer speichern m\u00fcssen, wenn Sie die Adresse Ihres Unternehmens \u00e4ndern.<\/li>\n\n\n\n<li>Dar\u00fcber hinaus werden Gespr\u00e4che vertraulich behandelt.<\/li>\n\n\n\n<li>Nutzen Sie es, um Werbekampagnen durchzuf\u00fchren.<\/li>\n\n\n\n<li>Reduzieren Sie die Kosten f\u00fcr Auslandsgespr\u00e4che. Ihre Kontakte k\u00f6nnen eine lokale Nummer anrufen.<\/li>\n<\/ul>\n<\/div>\n\n\n\n<div class=\"wp-block-column is-vertically-aligned-top is-layout-flow wp-block-column-is-layout-flow\">\n<p>W\u00e4hlen Sie Ihr Land und Ihre Region aus und w\u00e4hlen Sie dann aus der Liste die Nummer aus, die Ihren Suchkriterien entspricht.<\/p>\n<a href=\"https:\/\/virtnum.com\/buy\/Mozambique\"><img loading=\"lazy\" decoding=\"async\" width=\"500\" height=\"200\" src=\"https:\/\/virtnum.com\/wp-content\/uploads\/2021\/04\/check-price.png\" alt=\"\" class=\"wp-image-96\" srcset=\"https:\/\/virtnum.com\/wp-content\/uploads\/2021\/04\/check-price.png 500w, https:\/\/virtnum.com\/wp-content\/uploads\/2021\/04\/check-price-300x120.png 300w\" sizes=\"auto, (max-width: 500px) 100vw, 500px\" \/><\/a>\n\n<p>Ben\u00f6tigen Sie mehr als eine Nummer? Nichts, \u00fcber das man sich sorgen sollte. Es ist m\u00f6glich, ein paar Nummern aus dem Land oder der Region Ihrer Wahl zu kaufen.<\/p>\n\n<p>Nachfolgend finden Sie Tabellen, die einen schnellen Zugriff erm\u00f6glichen<br> <a href=\"#prices\" style=\"text-decoration:underline\">Preise f\u00fcr virtuelle Nummern<\/a>.<\/p>\n<\/div>\n<\/div>\n\n\n\n<p>Mit der virtuellen Telefonnummer f\u00fcr Mosambik k\u00f6nnen Sie Anrufe an jede beliebige Nummer weiterleiten: Festnetz, Mobiltelefon, SIP oder Telegram. Anruf- und SMS-Weiterleitungen k\u00f6nnen Sie direkt \u00fcber Ihr Konto einrichten.<\/p>\n\n\n\n<a name=\"prices\">\n\n\n<p><div><\/tbody>\n                <\/table>\n                <\/div><br \/>\n<div>\n               <h2>Preise f\u00fcr virtuelle SMS-Nummern in Mosambik<\/h2>\n                <table id=\"city-search-sms\">\n                            <thead>\n                                <tr>\n                                <th>\n                                    Region\n                                <\/th>\n                                <th>\n                                    Telefoncode\n                                <\/th>\n                                <th>\n                                    Einrichtungsgeb\u00fchr\n                                <\/th>\n                                <th>\n                                    Monatliche Geb\u00fchr\n                                <\/th>\n                                <th>\n                                    \n                                <\/th>\n                                <\/tr>\n                            <\/thead>\n                            <tbody>\n                            <tr >\n                                <td data-label=\"City\">Mobiltelefon zur Registrierung (nur SMS)<\/td>\n                \t\t\t\t<td data-label=\"Code\">+258 (86)<\/td>\n                \t\t\t\t<td data-label=\"Setup\">$20<\/td>\n                        \t    <td data-label=\"Fix\">$20<\/td>\n                                <td><a href=\"https:\/\/lk.virtnum.com\/de\/component\/telecomax\/?task=buyunregistred&type=sms&country=mozambique&city=mobile-for-registration-sms-only\" class=\"buy\">KAUFEN \ud83d\uded2<\/a><\/td> \n                            <\/tr>\n                            <tr >\n                                <td data-label=\"City\">Mobiltelefon zur Registrierung (nur SMS)<\/td>\n                \t\t\t\t<td data-label=\"Code\">+258 (123)<\/td>\n                \t\t\t\t<td data-label=\"Setup\">$17<\/td>\n                        \t    <td data-label=\"Fix\">$18<\/td>\n                                <td><a href=\"https:\/\/lk.virtnum.com\/de\/component\/telecomax\/?task=buyunregistred&type=sms&country=mozambique&city=mobile-for-registration-sms-only\" class=\"buy\">KAUFEN \ud83d\uded2<\/a><\/td> \n                            <\/tr><\/tbody>\n                <\/table>\n                <\/div><br \/>\n<div><\/tbody>\n                <\/table>\n                <\/div><\/p>\n\n\n\n<h2 class=\"wp-block-heading\">Optionen<\/h2>\n\n\n\n<ul class=\"wp-block-list\">\n<li>Leiten Sie Anrufe aus Mosambik \u00fcberall auf der Welt weiter.<\/li>\n\n\n\n<li>Empfangen Sie eingehende Anrufe mit Ihrer virtuellen Nummer f\u00fcr Mosambik \u00fcber ein Softphone oder unsere mobile App.<\/li>\n\n\n\n<li>Leiten Sie eingehende Anrufe zu einem sehr g\u00fcnstigen Tarif an einen beliebigen Festnetz- oder Mobilfunkanschluss weiter.<\/li>\n\n\n\n<li>Die Weiterleitung eingehender Anrufe an einen beliebigen Voice-over-IP-Anbieter (VoIP), SIP, H.323 oder IAX ist inbegriffen.<\/li>\n\n\n\n<li>Eingehende Anrufe \u00fcber ITSP oder VoIP (SIP, H.323 oder IAX)<\/li>\n\n\n\n<li>Sie mieten die mosambikanische Telefonnummer ohne Vertrag.<\/li>\n\n\n\n<li>Wenn Sie eine geb\u00fchrenfreie oder geb\u00fchrenpflichtige Nummer f\u00fcr Mosambik ben\u00f6tigen, wenden Sie sich bitte an den Support.<\/li>\n<\/ul>\n\n\n\n<p align=\"center\"><a class=\"buy\" href=\"https:\/\/virtnum.com\/buy\/Mozambique\">\u27a1\ufe0f DID-Nummer in Mosambik kaufen \u2b05\ufe0f<\/a><\/p>\n\n\n\n<h2 class=\"wp-block-heading\">Holen Sie sich eine zweite Telefonleitung in Mosambik<\/h2>\n\n\n\n<p>Ben\u00f6tigen Sie f\u00fcr Ihr Unternehmen oder Ihre Website eine Pr\u00e4senz in Mosambik? Kaufen Sie eine virtuelle Telefonnummer (DID-Nummer) f\u00fcr Mosambik und erreichen Sie Kunden, von denen Sie nie gedacht h\u00e4tten, dass Sie sie haben. Sowohl potenzielle als auch bestehende Kunden freuen sich \u00fcber eine lokale Telefonnummer in Mosambik. \u00dcberpr\u00fcfen Sie die Analyseberichte Ihrer Website. Wenn Sie Verkehr au\u00dferhalb der von Ihnen angegebenen Kontaktnummer haben, k\u00f6nnten Ihnen Gesch\u00e4ftsabschl\u00fcsse entgehen. Nutzen Sie eine virtuelle Nummer f\u00fcr Mosambik und leiten Sie Anrufe an jedes VoIP-Ger\u00e4t weiter. Zahlen Sie eine Flatrate f\u00fcr unbegrenzte Minuten f\u00fcr eingehende Anrufe. Sie werden \u00fcberrascht sein, wie viele Anrufer es in Mosambik geben k\u00f6nnte.<\/p>\n\n\n\n<p align=\"center\"><a class=\"buy\" href=\"https:\/\/virtnum.com\/buy\/Mozambique\">\u27a1\ufe0f Holen Sie sich eine virtuelle Nummer f\u00fcr Mosambik \u2b05\ufe0f<\/a><\/p>\n\n\n\n<h2 class=\"wp-block-heading\">Wie erhalte ich eine lokale virtuelle Telefonnummer f\u00fcr Mosambik?<\/h2>\n\n\n\n<ol class=\"wp-block-list\">\n<li>W\u00e4hlen Sie in Ihrem Konto das aus <strong>Nummerntyp<\/strong> (SMS, Sprache oder geb\u00fchrenfrei).<\/li>\n\n\n\n<li>W\u00e4hlen Sie <strong>Mosambik<\/strong> aus der L\u00e4nderliste.<\/li>\n\n\n\n<li>W\u00e4hle aus <strong>Stadt\/Region<\/strong> wo Sie die Nummer erhalten m\u00f6chten.<\/li>\n\n\n\n<li>Aufstellen <strong>Anrufweiterleitungsrichtung<\/strong> (an Telefonnummer, SIP oder Telegram).<\/li>\n\n\n\n<li>Zahlen Sie die <strong>Einrichtungsgeb\u00fchr<\/strong> Und <strong>monatliche Geb\u00fchr<\/strong> f\u00fcr die erforderliche Anzahl an Mietmonaten (bei Erh\u00f6hung der Anzahl an Monaten ist ein Rabatt m\u00f6glich).<\/li>\n<\/ol>","protected":false},"excerpt":{"rendered":"<p>Lokale virtuelle Nummer Empfangen und Weiterleiten von Anrufen und SMS weltweit. W\u00e4hlen Sie Ihr Land und Ihre Region und dann die Nummer aus, die Ihren Suchkriterien entspricht.<\/p>","protected":false},"author":1,"featured_media":0,"parent":40,"menu_order":0,"comment_status":"closed","ping_status":"closed","template":"","meta":{"_acf_changed":false,"footnotes":""},"class_list":["post-917","page","type-page","status-publish","hentry"],"acf":[],"yoast_head":"<!-- This site is optimized with the Yoast SEO plugin v27.4 - https:\/\/yoast.com\/product\/yoast-seo-wordpress\/ -->\n<title>Buy Mozambique Virtual Phone Numbers - Virtual Local Phone Numbers<\/title>\n<meta name=\"description\" content=\"Get unique Mozambique Virtual Phone Numbers (Mozambique DID Numbers). Make outgoing calls and receive incoming calls or forward the calls to anywhere in the world. Signup for Local Mozambique Number.\" \/>\n<meta name=\"robots\" content=\"index, follow, max-snippet:-1, max-image-preview:large, max-video-preview:-1\" \/>\n<link rel=\"canonical\" href=\"https:\/\/virtnum.com\/de\/buy-virtual-phone-number\/mozambique\/\" \/>\n<meta property=\"og:locale\" content=\"de_DE\" \/>\n<meta property=\"og:type\" content=\"article\" \/>\n<meta property=\"og:title\" content=\"Buy Mozambique Virtual Phone Numbers - Virtual Local Phone Numbers\" \/>\n<meta property=\"og:description\" content=\"Get unique Mozambique Virtual Phone Numbers (Mozambique DID Numbers). Make outgoing calls and receive incoming calls or forward the calls to anywhere in the world. Signup for Local Mozambique Number.\" \/>\n<meta property=\"og:url\" content=\"https:\/\/virtnum.com\/de\/buy-virtual-phone-number\/mozambique\/\" \/>\n<meta property=\"og:site_name\" content=\"Virtual Local Phone Numbers\" \/>\n<meta property=\"article:modified_time\" content=\"2025-05-29T21:41:12+00:00\" \/>\n<meta property=\"og:image\" content=\"https:\/\/virtnum.com\/wp-content\/uploads\/2021\/04\/check-price.png\" \/>\n\t<meta property=\"og:image:width\" content=\"500\" \/>\n\t<meta property=\"og:image:height\" content=\"200\" \/>\n\t<meta property=\"og:image:type\" content=\"image\/png\" \/>\n<meta name=\"twitter:card\" content=\"summary_large_image\" \/>\n<meta name=\"twitter:label1\" content=\"Gesch\u00e4tzte Lesezeit\" \/>\n\t<meta name=\"twitter:data1\" content=\"3\u00a0Minuten\" \/>\n<script type=\"application\/ld+json\" class=\"yoast-schema-graph\">{\"@context\":\"https:\\\/\\\/schema.org\",\"@graph\":[{\"@type\":\"WebPage\",\"@id\":\"https:\\\/\\\/virtnum.com\\\/buy-virtual-phone-number\\\/mozambique\\\/\",\"url\":\"https:\\\/\\\/virtnum.com\\\/buy-virtual-phone-number\\\/mozambique\\\/\",\"name\":\"Buy Mozambique Virtual Phone Numbers - Virtual Local Phone Numbers\",\"isPartOf\":{\"@id\":\"https:\\\/\\\/virtnum.com\\\/#website\"},\"primaryImageOfPage\":{\"@id\":\"https:\\\/\\\/virtnum.com\\\/buy-virtual-phone-number\\\/mozambique\\\/#primaryimage\"},\"image\":{\"@id\":\"https:\\\/\\\/virtnum.com\\\/buy-virtual-phone-number\\\/mozambique\\\/#primaryimage\"},\"thumbnailUrl\":\"https:\\\/\\\/virtnum.com\\\/wp-content\\\/uploads\\\/2021\\\/04\\\/check-price.png\",\"datePublished\":\"2025-05-29T21:41:08+00:00\",\"dateModified\":\"2025-05-29T21:41:12+00:00\",\"description\":\"Get unique Mozambique Virtual Phone Numbers (Mozambique DID Numbers). Make outgoing calls and receive incoming calls or forward the calls to anywhere in the world. Signup for Local Mozambique Number.\",\"breadcrumb\":{\"@id\":\"https:\\\/\\\/virtnum.com\\\/buy-virtual-phone-number\\\/mozambique\\\/#breadcrumb\"},\"inLanguage\":\"de\",\"potentialAction\":[{\"@type\":\"ReadAction\",\"target\":[\"https:\\\/\\\/virtnum.com\\\/buy-virtual-phone-number\\\/mozambique\\\/\"]}]},{\"@type\":\"ImageObject\",\"inLanguage\":\"de\",\"@id\":\"https:\\\/\\\/virtnum.com\\\/buy-virtual-phone-number\\\/mozambique\\\/#primaryimage\",\"url\":\"https:\\\/\\\/virtnum.com\\\/wp-content\\\/uploads\\\/2021\\\/04\\\/check-price.png\",\"contentUrl\":\"https:\\\/\\\/virtnum.com\\\/wp-content\\\/uploads\\\/2021\\\/04\\\/check-price.png\"},{\"@type\":\"BreadcrumbList\",\"@id\":\"https:\\\/\\\/virtnum.com\\\/buy-virtual-phone-number\\\/mozambique\\\/#breadcrumb\",\"itemListElement\":[{\"@type\":\"ListItem\",\"position\":1,\"name\":\"Permanent Virtual Phone Numbers\",\"item\":\"https:\\\/\\\/virtnum.com\\\/buy-virtual-phone-number\\\/\"},{\"@type\":\"ListItem\",\"position\":2,\"name\":\"Mozambique\"}]},{\"@type\":\"WebSite\",\"@id\":\"https:\\\/\\\/virtnum.com\\\/#website\",\"url\":\"https:\\\/\\\/virtnum.com\\\/\",\"name\":\"Virtual Local Phone Numbers\",\"description\":\"Buy Virtual Phone Numbers | DID Numbers | VoIP Numbers | Toll-free Numbers | Call forwarding to SIP, VOIP, PBX, Mobile or Fixed Phones\",\"publisher\":{\"@id\":\"https:\\\/\\\/virtnum.com\\\/#organization\"},\"potentialAction\":[{\"@type\":\"SearchAction\",\"target\":{\"@type\":\"EntryPoint\",\"urlTemplate\":\"https:\\\/\\\/virtnum.com\\\/?s={search_term_string}\"},\"query-input\":{\"@type\":\"PropertyValueSpecification\",\"valueRequired\":true,\"valueName\":\"search_term_string\"}}],\"inLanguage\":\"de\"},{\"@type\":\"Organization\",\"@id\":\"https:\\\/\\\/virtnum.com\\\/#organization\",\"name\":\"Virtual Local Phone Numbers\",\"url\":\"https:\\\/\\\/virtnum.com\\\/\",\"logo\":{\"@type\":\"ImageObject\",\"inLanguage\":\"de\",\"@id\":\"https:\\\/\\\/virtnum.com\\\/#\\\/schema\\\/logo\\\/image\\\/\",\"url\":\"https:\\\/\\\/virtnum.com\\\/wp-content\\\/uploads\\\/2022\\\/12\\\/logo-1.png\",\"contentUrl\":\"https:\\\/\\\/virtnum.com\\\/wp-content\\\/uploads\\\/2022\\\/12\\\/logo-1.png\",\"width\":420,\"height\":165,\"caption\":\"Virtual Local Phone Numbers\"},\"image\":{\"@id\":\"https:\\\/\\\/virtnum.com\\\/#\\\/schema\\\/logo\\\/image\\\/\"}}]}<\/script>\n<!-- \/ Yoast SEO plugin. -->","yoast_head_json":{"title":"Virtuelle Telefonnummern f\u00fcr Mosambik kaufen - Virtuelle lokale Telefonnummern","description":"Holen Sie sich einzigartige virtuelle Telefonnummern (DID-Nummern) f\u00fcr Mosambik. T\u00e4tigen Sie ausgehende und empfangen Sie eingehende Anrufe oder leiten Sie Anrufe weltweit weiter. Registrieren Sie sich f\u00fcr eine lokale Nummer in Mosambik.","robots":{"index":"index","follow":"follow","max-snippet":"max-snippet:-1","max-image-preview":"max-image-preview:large","max-video-preview":"max-video-preview:-1"},"canonical":"https:\/\/virtnum.com\/de\/buy-virtual-phone-number\/mozambique\/","og_locale":"de_DE","og_type":"article","og_title":"Buy Mozambique Virtual Phone Numbers - Virtual Local Phone Numbers","og_description":"Get unique Mozambique Virtual Phone Numbers (Mozambique DID Numbers). Make outgoing calls and receive incoming calls or forward the calls to anywhere in the world. Signup for Local Mozambique Number.","og_url":"https:\/\/virtnum.com\/de\/buy-virtual-phone-number\/mozambique\/","og_site_name":"Virtual Local Phone Numbers","article_modified_time":"2025-05-29T21:41:12+00:00","og_image":[{"width":500,"height":200,"url":"https:\/\/virtnum.com\/wp-content\/uploads\/2021\/04\/check-price.png","type":"image\/png"}],"twitter_card":"summary_large_image","twitter_misc":{"Gesch\u00e4tzte Lesezeit":"3\u00a0Minuten"},"schema":{"@context":"https:\/\/schema.org","@graph":[{"@type":"WebPage","@id":"https:\/\/virtnum.com\/buy-virtual-phone-number\/mozambique\/","url":"https:\/\/virtnum.com\/buy-virtual-phone-number\/mozambique\/","name":"Virtuelle Telefonnummern f\u00fcr Mosambik kaufen - Virtuelle lokale Telefonnummern","isPartOf":{"@id":"https:\/\/virtnum.com\/#website"},"primaryImageOfPage":{"@id":"https:\/\/virtnum.com\/buy-virtual-phone-number\/mozambique\/#primaryimage"},"image":{"@id":"https:\/\/virtnum.com\/buy-virtual-phone-number\/mozambique\/#primaryimage"},"thumbnailUrl":"https:\/\/virtnum.com\/wp-content\/uploads\/2021\/04\/check-price.png","datePublished":"2025-05-29T21:41:08+00:00","dateModified":"2025-05-29T21:41:12+00:00","description":"Holen Sie sich einzigartige virtuelle Telefonnummern (DID-Nummern) f\u00fcr Mosambik. T\u00e4tigen Sie ausgehende und empfangen Sie eingehende Anrufe oder leiten Sie Anrufe weltweit weiter. Registrieren Sie sich f\u00fcr eine lokale Nummer in Mosambik.","breadcrumb":{"@id":"https:\/\/virtnum.com\/buy-virtual-phone-number\/mozambique\/#breadcrumb"},"inLanguage":"de","potentialAction":[{"@type":"ReadAction","target":["https:\/\/virtnum.com\/buy-virtual-phone-number\/mozambique\/"]}]},{"@type":"ImageObject","inLanguage":"de","@id":"https:\/\/virtnum.com\/buy-virtual-phone-number\/mozambique\/#primaryimage","url":"https:\/\/virtnum.com\/wp-content\/uploads\/2021\/04\/check-price.png","contentUrl":"https:\/\/virtnum.com\/wp-content\/uploads\/2021\/04\/check-price.png"},{"@type":"BreadcrumbList","@id":"https:\/\/virtnum.com\/buy-virtual-phone-number\/mozambique\/#breadcrumb","itemListElement":[{"@type":"ListItem","position":1,"name":"Permanent Virtual Phone Numbers","item":"https:\/\/virtnum.com\/buy-virtual-phone-number\/"},{"@type":"ListItem","position":2,"name":"Mozambique"}]},{"@type":"WebSite","@id":"https:\/\/virtnum.com\/#website","url":"https:\/\/virtnum.com\/","name":"Virtuelle lokale Telefonnummern","description":"Kaufen Sie virtuelle Telefonnummern | DID-Nummern | VoIP-Nummern | Geb\u00fchrenfreie Nummern | Anrufweiterleitung an SIP, VOIP, PBX, Mobil- oder Festnetztelefone","publisher":{"@id":"https:\/\/virtnum.com\/#organization"},"potentialAction":[{"@type":"SearchAction","target":{"@type":"EntryPoint","urlTemplate":"https:\/\/virtnum.com\/?s={search_term_string}"},"query-input":{"@type":"PropertyValueSpecification","valueRequired":true,"valueName":"search_term_string"}}],"inLanguage":"de"},{"@type":"Organization","@id":"https:\/\/virtnum.com\/#organization","name":"Virtuelle lokale Telefonnummern","url":"https:\/\/virtnum.com\/","logo":{"@type":"ImageObject","inLanguage":"de","@id":"https:\/\/virtnum.com\/#\/schema\/logo\/image\/","url":"https:\/\/virtnum.com\/wp-content\/uploads\/2022\/12\/logo-1.png","contentUrl":"https:\/\/virtnum.com\/wp-content\/uploads\/2022\/12\/logo-1.png","width":420,"height":165,"caption":"Virtual Local Phone Numbers"},"image":{"@id":"https:\/\/virtnum.com\/#\/schema\/logo\/image\/"}}]}},"_links":{"self":[{"href":"https:\/\/virtnum.com\/de\/wp-json\/wp\/v2\/pages\/917","targetHints":{"allow":["GET"]}}],"collection":[{"href":"https:\/\/virtnum.com\/de\/wp-json\/wp\/v2\/pages"}],"about":[{"href":"https:\/\/virtnum.com\/de\/wp-json\/wp\/v2\/types\/page"}],"author":[{"embeddable":true,"href":"https:\/\/virtnum.com\/de\/wp-json\/wp\/v2\/users\/1"}],"replies":[{"embeddable":true,"href":"https:\/\/virtnum.com\/de\/wp-json\/wp\/v2\/comments?post=917"}],"version-history":[{"count":1,"href":"https:\/\/virtnum.com\/de\/wp-json\/wp\/v2\/pages\/917\/revisions"}],"predecessor-version":[{"id":918,"href":"https:\/\/virtnum.com\/de\/wp-json\/wp\/v2\/pages\/917\/revisions\/918"}],"up":[{"embeddable":true,"href":"https:\/\/virtnum.com\/de\/wp-json\/wp\/v2\/pages\/40"}],"wp:attachment":[{"href":"https:\/\/virtnum.com\/de\/wp-json\/wp\/v2\/media?parent=917"}],"curies":[{"name":"wp","href":"https:\/\/api.w.org\/{rel}","templated":true}]}}