{"id":933,"date":"2026-02-20T00:56:34","date_gmt":"2026-02-19T20:56:34","guid":{"rendered":"https:\/\/virtnum.com\/?page_id=933"},"modified":"2026-02-20T00:58:24","modified_gmt":"2026-02-19T20:58:24","slug":"botswana","status":"publish","type":"page","link":"https:\/\/virtnum.com\/de\/buy-virtual-phone-number\/botswana\/","title":{"rendered":"Botswana"},"content":{"rendered":"<div class=\"wp-block-columns is-layout-flex wp-container-core-columns-is-layout-9d6595d7 wp-block-columns-is-layout-flex\">\n<div class=\"wp-block-column is-layout-flow wp-block-column-is-layout-flow\">\n<h2 class=\"wp-block-heading\">Botswana Lokale virtuelle Nummer<\/h2>\n\n\n\n<h3 class=\"wp-block-heading\">Empfangen und leiten Sie Anrufe und SMS weltweit weiter<\/h3>\n\n\n\n<ul class=\"wp-block-list\">\n<li>Mieten Sie eine botswanische Telefonnummer aus jedem Land.<\/li>\n\n\n\n<li>Wenn Sie die Telefonnummer speichern m\u00fcssen, wenn Sie die Adresse Ihres Unternehmens \u00e4ndern.<\/li>\n\n\n\n<li>Dar\u00fcber hinaus werden Gespr\u00e4che vertraulich behandelt.<\/li>\n\n\n\n<li>Nutzen Sie es, um Werbekampagnen durchzuf\u00fchren.<\/li>\n\n\n\n<li>Reduzieren Sie die Kosten f\u00fcr Auslandsgespr\u00e4che. Ihre Kontakte k\u00f6nnen eine lokale Nummer anrufen.<\/li>\n<\/ul>\n<\/div>\n\n\n\n<div class=\"wp-block-column is-vertically-aligned-top is-layout-flow wp-block-column-is-layout-flow\">\n<p>W\u00e4hlen Sie Ihr Land und Ihre Region aus und w\u00e4hlen Sie dann aus der Liste die Nummer aus, die Ihren Suchkriterien entspricht.<\/p>\n<a href=\"https:\/\/virtnum.com\/buy\/Botswana\"><img loading=\"lazy\" decoding=\"async\" width=\"500\" height=\"200\" src=\"https:\/\/virtnum.com\/wp-content\/uploads\/2021\/04\/check-price.png\" alt=\"\" class=\"wp-image-96\" srcset=\"https:\/\/virtnum.com\/wp-content\/uploads\/2021\/04\/check-price.png 500w, https:\/\/virtnum.com\/wp-content\/uploads\/2021\/04\/check-price-300x120.png 300w\" sizes=\"auto, (max-width: 500px) 100vw, 500px\" \/><\/a>\n\n<p>Ben\u00f6tigen Sie mehr als eine Nummer? Nichts, \u00fcber das man sich sorgen sollte. Es ist m\u00f6glich, ein paar Nummern aus dem Land oder der Region Ihrer Wahl zu kaufen.<\/p>\n\n<p>Nachfolgend finden Sie Tabellen, die einen schnellen Zugriff erm\u00f6glichen<br> <a href=\"#prices\" style=\"text-decoration:underline\">Preise f\u00fcr virtuelle Nummern<\/a>.<\/p>\n<\/div>\n<\/div>\n\n\n\n<p>Mit einer virtuellen Telefonnummer aus Botswana k\u00f6nnen Sie Anrufe an beliebige Nummern weiterleiten: Festnetz, Mobilfunk, SIP oder Telegram. Die Anruf- und SMS-Weiterleitung kann in Ihrem Konto eingerichtet werden.<\/p>\n\n\n\n<a name=\"prices\">\n\n\n<p><div><\/tbody>\n                <\/table>\n                <\/div><br \/>\n<div><\/tbody>\n                <\/table>\n                <\/div><br \/>\n<div><\/tbody>\n                <\/table>\n                <\/div><br \/>\n<div><\/tbody>\n                <\/table>\n                <\/div><\/p>\n\n\n\n<h2 class=\"wp-block-heading\">Optionen<\/h2>\n\n\n\n<ul class=\"wp-block-list\">\n<li>Anrufe nach Botswana k\u00f6nnen an jeden Ort der Welt weitergeleitet werden.<\/li>\n\n\n\n<li>Empfangen Sie eingehende Anrufe mit Ihrer virtuellen Botswana-Nummer \u00fcber ein Softphone oder unsere mobile App.<\/li>\n\n\n\n<li>Leiten Sie eingehende Anrufe zu einem sehr g\u00fcnstigen Tarif an einen beliebigen Festnetz- oder Mobilfunkanschluss weiter.<\/li>\n\n\n\n<li>Die Weiterleitung eingehender Anrufe an einen beliebigen Voice-over-IP-Anbieter (VoIP), SIP, H.323 oder IAX ist inbegriffen.<\/li>\n\n\n\n<li>Eingehende Anrufe \u00fcber ITSP oder VoIP (SIP, H.323 oder IAX)<\/li>\n\n\n\n<li>Sie mieten die botswanische Telefonnummer ohne Vertragslaufzeit.<\/li>\n\n\n\n<li>Falls Sie eine geb\u00fchrenfreie Rufnummer oder eine Rufnummer mit Geb\u00fchrenabrechnung f\u00fcr Botswana ben\u00f6tigen, wenden Sie sich bitte an den Support.<\/li>\n<\/ul>\n\n\n\n<p align=\"center\"><a class=\"buy\" href=\"https:\/\/virtnum.com\/buy\/Botswana\">\u27a1\ufe0f DID-Nummer in Botswana kaufen \u2b05\ufe0f<\/a><\/p>\n\n\n\n<h2 class=\"wp-block-heading\">Sichern Sie sich eine zweite Telefonleitung in Botswana<\/h2>\n\n\n\n<p>Ben\u00f6tigen Sie eine Pr\u00e4senz in Botswana f\u00fcr Ihr Unternehmen oder Ihre Website? Kaufen Sie eine virtuelle Telefonnummer aus Botswana (Botswana-DID-Nummer) und erreichen Sie Kunden, von denen Sie bisher nichts wussten. Sowohl potenzielle als auch bestehende Kunden werden eine lokale Telefonnummer in Botswana zu sch\u00e4tzen wissen. \u00dcberpr\u00fcfen Sie Ihre Website-Analyseberichte: Wenn Sie Besucher au\u00dferhalb der Gebiete haben, in denen Ihre Kontaktnummer angegeben ist, entgehen Ihnen m\u00f6glicherweise potenzielle Kunden. Nutzen Sie eine virtuelle Nummer aus Botswana, leiten Sie Anrufe an ein beliebiges VoIP-Ger\u00e4t weiter und zahlen Sie eine Pauschalgeb\u00fchr f\u00fcr unbegrenzte eingehende Gespr\u00e4chsminuten. Sie werden \u00fcberrascht sein, wie viele Anrufer aus Botswana kommen k\u00f6nnten.<\/p>\n\n\n\n<p align=\"center\"><a class=\"buy\" href=\"https:\/\/virtnum.com\/buy\/Botswana\">\u27a1\ufe0f Botswana-Virtuelle Nummer erhalten \u2b05\ufe0f<\/a><\/p>\n\n\n\n<h2 class=\"wp-block-heading\">Wie erhalte ich eine virtuelle Telefonnummer in Botswana?<\/h2>\n\n\n\n<ol class=\"wp-block-list\">\n<li>W\u00e4hlen Sie in Ihrem Konto das aus <strong>Nummerntyp<\/strong> (SMS, Sprache oder geb\u00fchrenfrei).<\/li>\n\n\n\n<li>W\u00e4hlen Sie <strong>Botswana<\/strong> aus der L\u00e4nderliste.<\/li>\n\n\n\n<li>W\u00e4hle aus <strong>Stadt\/Region<\/strong> wo Sie die Nummer erhalten m\u00f6chten.<\/li>\n\n\n\n<li>Aufstellen <strong>Anrufweiterleitungsrichtung<\/strong> (an Telefonnummer, SIP oder Telegram).<\/li>\n\n\n\n<li>Zahlen Sie die <strong>Einrichtungsgeb\u00fchr<\/strong> Und <strong>monatliche Geb\u00fchr<\/strong> f\u00fcr die erforderliche Anzahl an Mietmonaten (bei Erh\u00f6hung der Anzahl an Monaten ist ein Rabatt m\u00f6glich).<\/li>\n<\/ol>","protected":false},"excerpt":{"rendered":"<p>Lokale virtuelle Nummer Empfangen und Weiterleiten von Anrufen und SMS weltweit. W\u00e4hlen Sie Ihr Land und Ihre Region und dann die Nummer aus, die Ihren Suchkriterien entspricht.<\/p>","protected":false},"author":1,"featured_media":0,"parent":40,"menu_order":0,"comment_status":"closed","ping_status":"closed","template":"","meta":{"_acf_changed":false,"footnotes":""},"class_list":["post-933","page","type-page","status-publish","hentry"],"acf":[],"yoast_head":"<!-- This site is optimized with the Yoast SEO plugin v27.3 - https:\/\/yoast.com\/product\/yoast-seo-wordpress\/ -->\n<title>Buy Botswana Virtual Phone Numbers - Virtual Local Phone Numbers<\/title>\n<meta name=\"description\" content=\"Get unique Botswana Virtual Phone Numbers (Botswana DID Numbers). Make outgoing calls and receive incoming calls or forward the calls to anywhere in the world. Signup for Local Botswana Number.\" \/>\n<meta name=\"robots\" content=\"index, follow, max-snippet:-1, max-image-preview:large, max-video-preview:-1\" \/>\n<link rel=\"canonical\" href=\"https:\/\/virtnum.com\/de\/buy-virtual-phone-number\/botswana\/\" \/>\n<meta property=\"og:locale\" content=\"de_DE\" \/>\n<meta property=\"og:type\" content=\"article\" \/>\n<meta property=\"og:title\" content=\"Buy Botswana Virtual Phone Numbers - Virtual Local Phone Numbers\" \/>\n<meta property=\"og:description\" content=\"Get unique Botswana Virtual Phone Numbers (Botswana DID Numbers). Make outgoing calls and receive incoming calls or forward the calls to anywhere in the world. Signup for Local Botswana Number.\" \/>\n<meta property=\"og:url\" content=\"https:\/\/virtnum.com\/de\/buy-virtual-phone-number\/botswana\/\" \/>\n<meta property=\"og:site_name\" content=\"Virtual Local Phone Numbers\" \/>\n<meta property=\"article:modified_time\" content=\"2026-02-19T20:58:24+00:00\" \/>\n<meta property=\"og:image\" content=\"https:\/\/virtnum.com\/wp-content\/uploads\/2021\/04\/check-price.png\" \/>\n\t<meta property=\"og:image:width\" content=\"500\" \/>\n\t<meta property=\"og:image:height\" content=\"200\" \/>\n\t<meta property=\"og:image:type\" content=\"image\/png\" \/>\n<meta name=\"twitter:card\" content=\"summary_large_image\" \/>\n<meta name=\"twitter:label1\" content=\"Gesch\u00e4tzte Lesezeit\" \/>\n\t<meta name=\"twitter:data1\" content=\"3\u00a0Minuten\" \/>\n<script type=\"application\/ld+json\" class=\"yoast-schema-graph\">{\"@context\":\"https:\\\/\\\/schema.org\",\"@graph\":[{\"@type\":\"WebPage\",\"@id\":\"https:\\\/\\\/virtnum.com\\\/buy-virtual-phone-number\\\/botswana\\\/\",\"url\":\"https:\\\/\\\/virtnum.com\\\/buy-virtual-phone-number\\\/botswana\\\/\",\"name\":\"Buy Botswana Virtual Phone Numbers - Virtual Local Phone Numbers\",\"isPartOf\":{\"@id\":\"https:\\\/\\\/virtnum.com\\\/#website\"},\"primaryImageOfPage\":{\"@id\":\"https:\\\/\\\/virtnum.com\\\/buy-virtual-phone-number\\\/botswana\\\/#primaryimage\"},\"image\":{\"@id\":\"https:\\\/\\\/virtnum.com\\\/buy-virtual-phone-number\\\/botswana\\\/#primaryimage\"},\"thumbnailUrl\":\"https:\\\/\\\/virtnum.com\\\/wp-content\\\/uploads\\\/2021\\\/04\\\/check-price.png\",\"datePublished\":\"2026-02-19T20:56:34+00:00\",\"dateModified\":\"2026-02-19T20:58:24+00:00\",\"description\":\"Get unique Botswana Virtual Phone Numbers (Botswana DID Numbers). Make outgoing calls and receive incoming calls or forward the calls to anywhere in the world. Signup for Local Botswana Number.\",\"breadcrumb\":{\"@id\":\"https:\\\/\\\/virtnum.com\\\/buy-virtual-phone-number\\\/botswana\\\/#breadcrumb\"},\"inLanguage\":\"de\",\"potentialAction\":[{\"@type\":\"ReadAction\",\"target\":[\"https:\\\/\\\/virtnum.com\\\/buy-virtual-phone-number\\\/botswana\\\/\"]}]},{\"@type\":\"ImageObject\",\"inLanguage\":\"de\",\"@id\":\"https:\\\/\\\/virtnum.com\\\/buy-virtual-phone-number\\\/botswana\\\/#primaryimage\",\"url\":\"https:\\\/\\\/virtnum.com\\\/wp-content\\\/uploads\\\/2021\\\/04\\\/check-price.png\",\"contentUrl\":\"https:\\\/\\\/virtnum.com\\\/wp-content\\\/uploads\\\/2021\\\/04\\\/check-price.png\"},{\"@type\":\"BreadcrumbList\",\"@id\":\"https:\\\/\\\/virtnum.com\\\/buy-virtual-phone-number\\\/botswana\\\/#breadcrumb\",\"itemListElement\":[{\"@type\":\"ListItem\",\"position\":1,\"name\":\"Permanent Virtual Phone Numbers\",\"item\":\"https:\\\/\\\/virtnum.com\\\/buy-virtual-phone-number\\\/\"},{\"@type\":\"ListItem\",\"position\":2,\"name\":\"Botswana\"}]},{\"@type\":\"WebSite\",\"@id\":\"https:\\\/\\\/virtnum.com\\\/#website\",\"url\":\"https:\\\/\\\/virtnum.com\\\/\",\"name\":\"Virtual Local Phone Numbers\",\"description\":\"Buy Virtual Phone Numbers | DID Numbers | VoIP Numbers | Toll-free Numbers | Call forwarding to SIP, VOIP, PBX, Mobile or Fixed Phones\",\"publisher\":{\"@id\":\"https:\\\/\\\/virtnum.com\\\/#organization\"},\"potentialAction\":[{\"@type\":\"SearchAction\",\"target\":{\"@type\":\"EntryPoint\",\"urlTemplate\":\"https:\\\/\\\/virtnum.com\\\/?s={search_term_string}\"},\"query-input\":{\"@type\":\"PropertyValueSpecification\",\"valueRequired\":true,\"valueName\":\"search_term_string\"}}],\"inLanguage\":\"de\"},{\"@type\":\"Organization\",\"@id\":\"https:\\\/\\\/virtnum.com\\\/#organization\",\"name\":\"Virtual Local Phone Numbers\",\"url\":\"https:\\\/\\\/virtnum.com\\\/\",\"logo\":{\"@type\":\"ImageObject\",\"inLanguage\":\"de\",\"@id\":\"https:\\\/\\\/virtnum.com\\\/#\\\/schema\\\/logo\\\/image\\\/\",\"url\":\"https:\\\/\\\/virtnum.com\\\/wp-content\\\/uploads\\\/2022\\\/12\\\/logo-1.png\",\"contentUrl\":\"https:\\\/\\\/virtnum.com\\\/wp-content\\\/uploads\\\/2022\\\/12\\\/logo-1.png\",\"width\":420,\"height\":165,\"caption\":\"Virtual Local Phone Numbers\"},\"image\":{\"@id\":\"https:\\\/\\\/virtnum.com\\\/#\\\/schema\\\/logo\\\/image\\\/\"}}]}<\/script>\n<!-- \/ Yoast SEO plugin. -->","yoast_head_json":{"title":"Kaufen Sie virtuelle Telefonnummern aus Botswana \u2013 Virtuelle lokale Telefonnummern","description":"Sichern Sie sich einzigartige virtuelle Telefonnummern aus Botswana (Botswana-DID-Nummern). T\u00e4tigen Sie ausgehende Anrufe, empfangen Sie eingehende Anrufe oder leiten Sie Anrufe weltweit weiter. Registrieren Sie sich jetzt f\u00fcr eine lokale Nummer aus Botswana.","robots":{"index":"index","follow":"follow","max-snippet":"max-snippet:-1","max-image-preview":"max-image-preview:large","max-video-preview":"max-video-preview:-1"},"canonical":"https:\/\/virtnum.com\/de\/buy-virtual-phone-number\/botswana\/","og_locale":"de_DE","og_type":"article","og_title":"Buy Botswana Virtual Phone Numbers - Virtual Local Phone Numbers","og_description":"Get unique Botswana Virtual Phone Numbers (Botswana DID Numbers). Make outgoing calls and receive incoming calls or forward the calls to anywhere in the world. Signup for Local Botswana Number.","og_url":"https:\/\/virtnum.com\/de\/buy-virtual-phone-number\/botswana\/","og_site_name":"Virtual Local Phone Numbers","article_modified_time":"2026-02-19T20:58:24+00:00","og_image":[{"width":500,"height":200,"url":"https:\/\/virtnum.com\/wp-content\/uploads\/2021\/04\/check-price.png","type":"image\/png"}],"twitter_card":"summary_large_image","twitter_misc":{"Gesch\u00e4tzte Lesezeit":"3\u00a0Minuten"},"schema":{"@context":"https:\/\/schema.org","@graph":[{"@type":"WebPage","@id":"https:\/\/virtnum.com\/buy-virtual-phone-number\/botswana\/","url":"https:\/\/virtnum.com\/buy-virtual-phone-number\/botswana\/","name":"Kaufen Sie virtuelle Telefonnummern aus Botswana \u2013 Virtuelle lokale Telefonnummern","isPartOf":{"@id":"https:\/\/virtnum.com\/#website"},"primaryImageOfPage":{"@id":"https:\/\/virtnum.com\/buy-virtual-phone-number\/botswana\/#primaryimage"},"image":{"@id":"https:\/\/virtnum.com\/buy-virtual-phone-number\/botswana\/#primaryimage"},"thumbnailUrl":"https:\/\/virtnum.com\/wp-content\/uploads\/2021\/04\/check-price.png","datePublished":"2026-02-19T20:56:34+00:00","dateModified":"2026-02-19T20:58:24+00:00","description":"Sichern Sie sich einzigartige virtuelle Telefonnummern aus Botswana (Botswana-DID-Nummern). T\u00e4tigen Sie ausgehende Anrufe, empfangen Sie eingehende Anrufe oder leiten Sie Anrufe weltweit weiter. Registrieren Sie sich jetzt f\u00fcr eine lokale Nummer aus Botswana.","breadcrumb":{"@id":"https:\/\/virtnum.com\/buy-virtual-phone-number\/botswana\/#breadcrumb"},"inLanguage":"de","potentialAction":[{"@type":"ReadAction","target":["https:\/\/virtnum.com\/buy-virtual-phone-number\/botswana\/"]}]},{"@type":"ImageObject","inLanguage":"de","@id":"https:\/\/virtnum.com\/buy-virtual-phone-number\/botswana\/#primaryimage","url":"https:\/\/virtnum.com\/wp-content\/uploads\/2021\/04\/check-price.png","contentUrl":"https:\/\/virtnum.com\/wp-content\/uploads\/2021\/04\/check-price.png"},{"@type":"BreadcrumbList","@id":"https:\/\/virtnum.com\/buy-virtual-phone-number\/botswana\/#breadcrumb","itemListElement":[{"@type":"ListItem","position":1,"name":"Permanent Virtual Phone Numbers","item":"https:\/\/virtnum.com\/buy-virtual-phone-number\/"},{"@type":"ListItem","position":2,"name":"Botswana"}]},{"@type":"WebSite","@id":"https:\/\/virtnum.com\/#website","url":"https:\/\/virtnum.com\/","name":"Virtuelle lokale Telefonnummern","description":"Kaufen Sie virtuelle Telefonnummern | DID-Nummern | VoIP-Nummern | Geb\u00fchrenfreie Nummern | Anrufweiterleitung an SIP, VOIP, PBX, Mobil- oder Festnetztelefone","publisher":{"@id":"https:\/\/virtnum.com\/#organization"},"potentialAction":[{"@type":"SearchAction","target":{"@type":"EntryPoint","urlTemplate":"https:\/\/virtnum.com\/?s={search_term_string}"},"query-input":{"@type":"PropertyValueSpecification","valueRequired":true,"valueName":"search_term_string"}}],"inLanguage":"de"},{"@type":"Organization","@id":"https:\/\/virtnum.com\/#organization","name":"Virtuelle lokale Telefonnummern","url":"https:\/\/virtnum.com\/","logo":{"@type":"ImageObject","inLanguage":"de","@id":"https:\/\/virtnum.com\/#\/schema\/logo\/image\/","url":"https:\/\/virtnum.com\/wp-content\/uploads\/2022\/12\/logo-1.png","contentUrl":"https:\/\/virtnum.com\/wp-content\/uploads\/2022\/12\/logo-1.png","width":420,"height":165,"caption":"Virtual Local Phone Numbers"},"image":{"@id":"https:\/\/virtnum.com\/#\/schema\/logo\/image\/"}}]}},"_links":{"self":[{"href":"https:\/\/virtnum.com\/de\/wp-json\/wp\/v2\/pages\/933","targetHints":{"allow":["GET"]}}],"collection":[{"href":"https:\/\/virtnum.com\/de\/wp-json\/wp\/v2\/pages"}],"about":[{"href":"https:\/\/virtnum.com\/de\/wp-json\/wp\/v2\/types\/page"}],"author":[{"embeddable":true,"href":"https:\/\/virtnum.com\/de\/wp-json\/wp\/v2\/users\/1"}],"replies":[{"embeddable":true,"href":"https:\/\/virtnum.com\/de\/wp-json\/wp\/v2\/comments?post=933"}],"version-history":[{"count":3,"href":"https:\/\/virtnum.com\/de\/wp-json\/wp\/v2\/pages\/933\/revisions"}],"predecessor-version":[{"id":936,"href":"https:\/\/virtnum.com\/de\/wp-json\/wp\/v2\/pages\/933\/revisions\/936"}],"up":[{"embeddable":true,"href":"https:\/\/virtnum.com\/de\/wp-json\/wp\/v2\/pages\/40"}],"wp:attachment":[{"href":"https:\/\/virtnum.com\/de\/wp-json\/wp\/v2\/media?parent=933"}],"curies":[{"name":"wp","href":"https:\/\/api.w.org\/{rel}","templated":true}]}}