{"id":957,"date":"2026-04-15T00:59:07","date_gmt":"2026-04-14T20:59:07","guid":{"rendered":"https:\/\/virtnum.com\/?page_id=957"},"modified":"2026-04-15T00:59:08","modified_gmt":"2026-04-14T20:59:08","slug":"cookie-statement","status":"publish","type":"page","link":"https:\/\/virtnum.com\/de\/cookie-statement\/","title":{"rendered":"Cookie-Richtlinie"},"content":{"rendered":"<h1 class=\"wp-block-heading\">Cookie-Richtlinie<\/h1>\n\n\n\n<p>Jegliche Bezugnahme auf \u201cwir\u201d, \u201cuns\u201d, \u201cunser\u201d oder \u201cBeta-Unternehmen\u201d in diesem Dokument bezieht sich auf Virtnum.com (Beta-Unternehmen sp. z o.o., REGON 146444560).<\/p>\n\n\n\n<p>Diese Cookie-Richtlinie erkl\u00e4rt, wie wir Cookies und \u00e4hnliche Technologien verwenden, wenn Sie unsere Websites besuchen, wie zum Beispiel\u00a0<a href=\"https:\/\/betacompany.net\/\">betacompany.net<\/a>,\u00a0<a href=\"https:\/\/telnum.net\/\">virtnum.com<\/a>, oder jede andere von uns betriebene Website oder Anwendung (zusammen die \u201cWebsites\u201d). Sie erkl\u00e4rt, was diese Technologien sind, warum wir sie verwenden und welche Rechte Sie hinsichtlich ihrer Verwendung durch uns haben.<\/p>\n\n\n\n<p>Diese Cookie-Richtlinie ist Bestandteil unserer Nutzungsbedingungen. Alle hier nicht definierten Begriffe in Gro\u00dfbuchstaben haben die in unserer Datenschutzerkl\u00e4rung festgelegte Bedeutung.<\/p>\n\n\n\n<p>In einigen F\u00e4llen verwenden wir Cookies und andere Tracking-Technologien, um personenbezogene Daten zu erfassen oder Informationen zu sammeln, die zu personenbezogenen Daten werden, wenn wir sie mit anderen Informationen kombinieren. Weitere Informationen zur Verarbeitung Ihrer personenbezogenen Daten finden Sie in unserer Datenschutzerkl\u00e4rung.<\/p>\n\n\n\n<h2 class=\"wp-block-heading\">Was sind Cookies?<\/h2>\n\n\n\n<p>Cookies sind kleine Datendateien, die beim Besuch einer Website auf Ihrem Computer oder Mobilger\u00e4t gespeichert werden. Sie werden von Online-Dienstleistern h\u00e4ufig eingesetzt, um die Effizienz von Websites zu gew\u00e4hrleisten, die Benutzerfreundlichkeit zu verbessern und Berichtsinformationen bereitzustellen.<\/p>\n\n\n\n<ul class=\"wp-block-list\">\n<li><strong>Erstanbieter-Cookies:<\/strong>\u00a0Cookies, die vom Website-Inhaber (in diesem Fall der Firma Beta) gesetzt werden.<\/li>\n\n\n\n<li><strong>Cookies von Drittanbietern:<\/strong>\u00a0Cookies, die von anderen Anbietern als dem Website-Betreiber gesetzt werden. Diese erm\u00f6glichen Funktionen von Drittanbietern auf unseren Websites, wie z. B. Werbung, interaktive Inhalte und Analysen. Die Anbieter dieser Cookies k\u00f6nnen Ihren Computer erkennen, wenn Sie unsere Websites und bestimmte andere Websites besuchen.<\/li>\n<\/ul>\n\n\n\n<h2 class=\"wp-block-heading\">Warum verwenden wir Cookies?<\/h2>\n\n\n\n<p>Wir verwenden Cookies von Erstanbietern und Drittanbietern aus verschiedenen Gr\u00fcnden. Einige sind aus technischen Gr\u00fcnden erforderlich, damit unsere Websites ordnungsgem\u00e4\u00df funktionieren (diese bezeichnen wir als \u201cessenzielle\u201d Cookies). Andere Cookies helfen uns, die Interessen unserer Besucher zu erfassen und gezielt anzusprechen, um deren Benutzererfahrung zu verbessern (\u201cPerformance\u201d- oder \u201cFunktionalit\u00e4ts\u201d-Cookies). Schlie\u00dflich setzen Drittanbieter Cookies \u00fcber unsere Websites f\u00fcr Werbung, Analysen und andere Zwecke.<\/p>\n\n\n\n<h2 class=\"wp-block-heading\">\u00dcber unsere Websites bereitgestellte Cookies<\/h2>\n\n\n\n<p>Zu den spezifischen Arten von Cookies, die \u00fcber unsere Websites verwendet werden, geh\u00f6ren:<\/p>\n\n\n\n<h3 class=\"wp-block-heading\">Essenzielle Website-Cookies<\/h3>\n\n\n\n<p>Diese Cookies sind unbedingt erforderlich, um Ihnen die \u00fcber unsere Websites verf\u00fcgbaren Dienste bereitzustellen und einige ihrer Funktionen, wie beispielsweise den Zugriff auf gesch\u00fctzte Bereiche, zu erm\u00f6glichen. Da sie unerl\u00e4sslich sind, k\u00f6nnen Sie sie nicht ablehnen, ohne die Funktionalit\u00e4t der Website zu beeintr\u00e4chtigen. Sie k\u00f6nnen sie zwar in Ihren Browsereinstellungen blockieren oder l\u00f6schen, die Websites funktionieren dann aber m\u00f6glicherweise nicht ordnungsgem\u00e4\u00df.<\/p>\n\n\n\n<h3 class=\"wp-block-heading\">Leistungs- und Funktions-Cookies<\/h3>\n\n\n\n<p>Diese Cookies dienen der Verbesserung der Leistung und Funktionalit\u00e4t unserer Websites, sind aber f\u00fcr deren grundlegende Nutzung nicht unbedingt erforderlich. Ohne diese Cookies sind jedoch bestimmte Funktionen m\u00f6glicherweise nicht verf\u00fcgbar oder nur schwer nutzbar.<\/p>\n\n\n\n<h3 class=\"wp-block-heading\">Analyse- und Personalisierungs-Cookies<\/h3>\n\n\n\n<p>Diese Cookies sammeln Informationen in aggregierter Form, um uns zu helfen, zu verstehen, wie unsere Websites genutzt werden, die Effektivit\u00e4t unserer Marketingkampagnen zu messen und Ihnen ein personalisiertes Nutzererlebnis zu bieten.<\/p>\n\n\n\n<h3 class=\"wp-block-heading\">Werbe-Cookies (Targeting-Cookies)<\/h3>\n\n\n\n<p>Diese Cookies dienen dazu, Werbebotschaften besser auf Ihre Interessen abzustimmen. Sie verhindern, dass Ihnen dieselbe Anzeige immer wieder angezeigt wird, gew\u00e4hrleisten die korrekte Darstellung von Anzeigen und w\u00e4hlen Werbung basierend auf Ihrem Surfverhalten aus.<\/p>\n\n\n\n<h2 class=\"wp-block-heading\">Andere Ortungstechnologien<\/h2>\n\n\n\n<p>Wir und unsere Drittanbieterpartner verwenden m\u00f6glicherweise \u00e4hnliche Technologien wie Web-Beacons oder Z\u00e4hlpixel (Clear GIFs). Dabei handelt es sich um winzige Grafiken mit einer eindeutigen Kennung, die es uns erm\u00f6glichen zu erkennen, wann jemand unsere Websites besucht oder eine von uns gesendete E-Mail ge\u00f6ffnet hat. Dies hilft uns, das Nutzerverhalten zu analysieren, die Website-Performance zu verbessern und den Erfolg von Marketingkampagnen zu messen. In vielen F\u00e4llen ben\u00f6tigen diese Technologien Cookies, um ordnungsgem\u00e4\u00df zu funktionieren. Das Ablehnen von Cookies kann daher ihre Wirksamkeit beeintr\u00e4chtigen.<\/p>\n\n\n\n<h2 class=\"wp-block-heading\">Gezielte Online-Werbung<\/h2>\n\n\n\n<p>Wir arbeiten mit Drittanbietern zusammen, um Nutzungs- und statistische Informationen aus der Interaktion mit unseren Websites zu erfassen und auszuwerten. Diese Drittanbieter verwenden Cookies, Web-Beacons und \u00e4hnliche Tracking-Technologien, um Ihre Interessen zu ermitteln und Ihnen auf Basis Ihrer Surfaktivit\u00e4ten zielgerichtete Werbung anzuzeigen.<\/p>\n\n\n\n<p>Die von diesen Drittanbietern gesammelten Informationen enthalten keine personenbezogenen Daten, die Sie konkret identifizieren (wie Ihren Namen oder Ihre E-Mail-Adresse), es sei denn, Sie entscheiden sich, diese anzugeben.<\/p>\n\n\n\n<h2 class=\"wp-block-heading\">So kontrollieren Sie Cookies<\/h2>\n\n\n\n<p>Sie haben das Recht, nicht notwendige Cookies zu akzeptieren oder abzulehnen. Sie k\u00f6nnen die Einstellungen Ihres Webbrowsers entsprechend anpassen. Wenn Sie Cookies ablehnen, k\u00f6nnen Sie unsere Websites weiterhin nutzen, jedoch kann der Zugriff auf einige Funktionen und Bereiche eingeschr\u00e4nkt sein. Da die Vorgehensweise zum Ablehnen von Cookies je nach Browser unterschiedlich ist, finden Sie weitere Informationen in der Hilfe Ihres Browsers.<\/p>\n\n\n\n<h2 class=\"wp-block-heading\">Aktualisierungen der Richtlinien<\/h2>\n\n\n\n<p>Wir k\u00f6nnen diese Cookie-Richtlinie von Zeit zu Zeit aktualisieren, um \u00c4nderungen an den von uns verwendeten Cookies oder andere betriebliche, rechtliche oder regulatorische Gr\u00fcnde zu ber\u00fccksichtigen. Bitte besuchen Sie diese Seite regelm\u00e4\u00dfig, um sich \u00fcber unsere Verwendung von Tracking-Technologien zu informieren.<\/p>\n\n\n\n<h2 class=\"wp-block-heading\">Kontaktieren Sie uns<\/h2>\n\n\n\n<p>Wenn Sie Fragen zu unserer Verwendung von Cookies oder anderen Technologien haben, senden Sie uns bitte eine E-Mail an&nbsp;<a href=\"mailto:info@betacompany.net\">info@betacompany.net<\/a>.<\/p>","protected":false},"excerpt":{"rendered":"<p>Cookie-Richtlinie Jegliche Bezugnahme auf \u201cwir\u201d, \u201cuns\u201d, \u201cunser\u201d oder \u201cBeta-Unternehmen\u201d in diesem Dokument bezieht sich auf Virtnum.com (Beta-Unternehmen sp. z o.o., REGON 146444560). Diese Cookie-Richtlinie\u2026<\/p>","protected":false},"author":1,"featured_media":0,"parent":0,"menu_order":0,"comment_status":"closed","ping_status":"closed","template":"","meta":{"_acf_changed":false,"footnotes":""},"class_list":["post-957","page","type-page","status-publish","hentry"],"acf":[],"yoast_head":"<!-- This site is optimized with the Yoast SEO plugin v27.4 - https:\/\/yoast.com\/product\/yoast-seo-wordpress\/ -->\n<title>Cookie Statement - Virtnum.com<\/title>\n<meta name=\"description\" content=\"Cookie Statement - Virtnum.com\" \/>\n<meta name=\"robots\" content=\"index, follow, max-snippet:-1, max-image-preview:large, max-video-preview:-1\" \/>\n<link rel=\"canonical\" href=\"https:\/\/virtnum.com\/de\/cookie-statement\/\" \/>\n<meta property=\"og:locale\" content=\"de_DE\" \/>\n<meta property=\"og:type\" content=\"article\" \/>\n<meta property=\"og:title\" content=\"Cookie Statement - Virtnum.com\" \/>\n<meta property=\"og:description\" content=\"Cookie Statement - Virtnum.com\" \/>\n<meta property=\"og:url\" content=\"https:\/\/virtnum.com\/de\/cookie-statement\/\" \/>\n<meta property=\"og:site_name\" content=\"Virtual Local Phone Numbers\" \/>\n<meta property=\"article:modified_time\" content=\"2026-04-14T20:59:08+00:00\" \/>\n<meta name=\"twitter:card\" content=\"summary_large_image\" \/>\n<meta name=\"twitter:label1\" content=\"Gesch\u00e4tzte Lesezeit\" \/>\n\t<meta name=\"twitter:data1\" content=\"4\u00a0Minuten\" \/>\n<script type=\"application\/ld+json\" class=\"yoast-schema-graph\">{\"@context\":\"https:\\\/\\\/schema.org\",\"@graph\":[{\"@type\":\"WebPage\",\"@id\":\"https:\\\/\\\/virtnum.com\\\/cookie-statement\\\/\",\"url\":\"https:\\\/\\\/virtnum.com\\\/cookie-statement\\\/\",\"name\":\"Cookie Statement - Virtnum.com\",\"isPartOf\":{\"@id\":\"https:\\\/\\\/virtnum.com\\\/#website\"},\"datePublished\":\"2026-04-14T20:59:07+00:00\",\"dateModified\":\"2026-04-14T20:59:08+00:00\",\"description\":\"Cookie Statement - Virtnum.com\",\"inLanguage\":\"de\",\"potentialAction\":[{\"@type\":\"ReadAction\",\"target\":[\"https:\\\/\\\/virtnum.com\\\/cookie-statement\\\/\"]}]},{\"@type\":\"WebSite\",\"@id\":\"https:\\\/\\\/virtnum.com\\\/#website\",\"url\":\"https:\\\/\\\/virtnum.com\\\/\",\"name\":\"Virtual Local Phone Numbers\",\"description\":\"Buy Virtual Phone Numbers | DID Numbers | VoIP Numbers | Toll-free Numbers | Call forwarding to SIP, VOIP, PBX, Mobile or Fixed Phones\",\"publisher\":{\"@id\":\"https:\\\/\\\/virtnum.com\\\/#organization\"},\"potentialAction\":[{\"@type\":\"SearchAction\",\"target\":{\"@type\":\"EntryPoint\",\"urlTemplate\":\"https:\\\/\\\/virtnum.com\\\/?s={search_term_string}\"},\"query-input\":{\"@type\":\"PropertyValueSpecification\",\"valueRequired\":true,\"valueName\":\"search_term_string\"}}],\"inLanguage\":\"de\"},{\"@type\":\"Organization\",\"@id\":\"https:\\\/\\\/virtnum.com\\\/#organization\",\"name\":\"Virtual Local Phone Numbers\",\"url\":\"https:\\\/\\\/virtnum.com\\\/\",\"logo\":{\"@type\":\"ImageObject\",\"inLanguage\":\"de\",\"@id\":\"https:\\\/\\\/virtnum.com\\\/#\\\/schema\\\/logo\\\/image\\\/\",\"url\":\"https:\\\/\\\/virtnum.com\\\/wp-content\\\/uploads\\\/2022\\\/12\\\/logo-1.png\",\"contentUrl\":\"https:\\\/\\\/virtnum.com\\\/wp-content\\\/uploads\\\/2022\\\/12\\\/logo-1.png\",\"width\":420,\"height\":165,\"caption\":\"Virtual Local Phone Numbers\"},\"image\":{\"@id\":\"https:\\\/\\\/virtnum.com\\\/#\\\/schema\\\/logo\\\/image\\\/\"}}]}<\/script>\n<!-- \/ Yoast SEO plugin. -->","yoast_head_json":{"title":"Cookie-Richtlinie \u2013 Virtnum.com","description":"Cookie-Richtlinie \u2013 Virtnum.com","robots":{"index":"index","follow":"follow","max-snippet":"max-snippet:-1","max-image-preview":"max-image-preview:large","max-video-preview":"max-video-preview:-1"},"canonical":"https:\/\/virtnum.com\/de\/cookie-statement\/","og_locale":"de_DE","og_type":"article","og_title":"Cookie Statement - Virtnum.com","og_description":"Cookie Statement - Virtnum.com","og_url":"https:\/\/virtnum.com\/de\/cookie-statement\/","og_site_name":"Virtual Local Phone Numbers","article_modified_time":"2026-04-14T20:59:08+00:00","twitter_card":"summary_large_image","twitter_misc":{"Gesch\u00e4tzte Lesezeit":"4\u00a0Minuten"},"schema":{"@context":"https:\/\/schema.org","@graph":[{"@type":"WebPage","@id":"https:\/\/virtnum.com\/cookie-statement\/","url":"https:\/\/virtnum.com\/cookie-statement\/","name":"Cookie-Richtlinie \u2013 Virtnum.com","isPartOf":{"@id":"https:\/\/virtnum.com\/#website"},"datePublished":"2026-04-14T20:59:07+00:00","dateModified":"2026-04-14T20:59:08+00:00","description":"Cookie-Richtlinie \u2013 Virtnum.com","inLanguage":"de","potentialAction":[{"@type":"ReadAction","target":["https:\/\/virtnum.com\/cookie-statement\/"]}]},{"@type":"WebSite","@id":"https:\/\/virtnum.com\/#website","url":"https:\/\/virtnum.com\/","name":"Virtuelle lokale Telefonnummern","description":"Kaufen Sie virtuelle Telefonnummern | DID-Nummern | VoIP-Nummern | Geb\u00fchrenfreie Nummern | Anrufweiterleitung an SIP, VOIP, PBX, Mobil- oder Festnetztelefone","publisher":{"@id":"https:\/\/virtnum.com\/#organization"},"potentialAction":[{"@type":"SearchAction","target":{"@type":"EntryPoint","urlTemplate":"https:\/\/virtnum.com\/?s={search_term_string}"},"query-input":{"@type":"PropertyValueSpecification","valueRequired":true,"valueName":"search_term_string"}}],"inLanguage":"de"},{"@type":"Organization","@id":"https:\/\/virtnum.com\/#organization","name":"Virtuelle lokale Telefonnummern","url":"https:\/\/virtnum.com\/","logo":{"@type":"ImageObject","inLanguage":"de","@id":"https:\/\/virtnum.com\/#\/schema\/logo\/image\/","url":"https:\/\/virtnum.com\/wp-content\/uploads\/2022\/12\/logo-1.png","contentUrl":"https:\/\/virtnum.com\/wp-content\/uploads\/2022\/12\/logo-1.png","width":420,"height":165,"caption":"Virtual Local Phone Numbers"},"image":{"@id":"https:\/\/virtnum.com\/#\/schema\/logo\/image\/"}}]}},"_links":{"self":[{"href":"https:\/\/virtnum.com\/de\/wp-json\/wp\/v2\/pages\/957","targetHints":{"allow":["GET"]}}],"collection":[{"href":"https:\/\/virtnum.com\/de\/wp-json\/wp\/v2\/pages"}],"about":[{"href":"https:\/\/virtnum.com\/de\/wp-json\/wp\/v2\/types\/page"}],"author":[{"embeddable":true,"href":"https:\/\/virtnum.com\/de\/wp-json\/wp\/v2\/users\/1"}],"replies":[{"embeddable":true,"href":"https:\/\/virtnum.com\/de\/wp-json\/wp\/v2\/comments?post=957"}],"version-history":[{"count":1,"href":"https:\/\/virtnum.com\/de\/wp-json\/wp\/v2\/pages\/957\/revisions"}],"predecessor-version":[{"id":960,"href":"https:\/\/virtnum.com\/de\/wp-json\/wp\/v2\/pages\/957\/revisions\/960"}],"wp:attachment":[{"href":"https:\/\/virtnum.com\/de\/wp-json\/wp\/v2\/media?parent=957"}],"curies":[{"name":"wp","href":"https:\/\/api.w.org\/{rel}","templated":true}]}}