{"id":19,"date":"2021-01-08T14:32:50","date_gmt":"2021-01-08T14:32:50","guid":{"rendered":"https:\/\/virtnum.com\/contact\/"},"modified":"2022-11-14T15:57:21","modified_gmt":"2022-11-14T11:57:21","slug":"contact","status":"publish","type":"page","link":"https:\/\/virtnum.com\/es\/contact\/","title":{"rendered":"Contacto"},"content":{"rendered":"<div class=\"wp-block-contact-form-7-contact-form-selector\">\n<div class=\"wpcf7 no-js\" id=\"wpcf7-f122-o1\" lang=\"en-US\" dir=\"ltr\" data-wpcf7-id=\"122\">\n<div class=\"screen-reader-response\"><p role=\"status\" aria-live=\"polite\" aria-atomic=\"true\"><\/p> <ul><\/ul><\/div>\n<form action=\"\/es\/wp-json\/wp\/v2\/pages\/19#wpcf7-f122-o1\" method=\"post\" class=\"wpcf7-form init\" aria-label=\"Formulario de contacto\" novalidate=\"novalidate\" data-status=\"init\" data-trp-original-action=\"\/es\/wp-json\/wp\/v2\/pages\/19#wpcf7-f122-o1\">\n<fieldset class=\"hidden-fields-container\"><input type=\"hidden\" name=\"_wpcf7\" value=\"122\" \/><input type=\"hidden\" name=\"_wpcf7_version\" value=\"6.1.5\" \/><input type=\"hidden\" name=\"_wpcf7_locale\" value=\"en_US\" \/><input type=\"hidden\" name=\"_wpcf7_unit_tag\" value=\"wpcf7-f122-o1\" \/><input type=\"hidden\" name=\"_wpcf7_container_post\" value=\"0\" \/><input type=\"hidden\" name=\"_wpcf7_posted_data_hash\" value=\"\" \/>\n<\/fieldset>\n<p><span class=\"wpcf7-form-control-wrap\" data-name=\"Choosecountry\"><select class=\"wpcf7-form-control wpcf7-select wpcf7-validates-as-required\" aria-required=\"true\" aria-invalid=\"false\" name=\"Choosecountry\"><option value=\"Algeria\">Argelia<\/option><option value=\"Argentina\">Argentina<\/option><option value=\"Armenia\">Armenia<\/option><option value=\"Australia\">Australia<\/option><option value=\"Austria\">Austria<\/option><option value=\"Bahrain\">Bahr\u00e9in<\/option><option value=\"Belarus\">Bielorrusia<\/option><option value=\"Belgium\">B\u00e9lgica<\/option><option value=\"Benin\">Ben\u00edn<\/option><option value=\"Brazil\">Brasil<\/option><option value=\"Bulgaria\">Bulgaria<\/option><option value=\"Canada\">Canad\u00e1<\/option><option value=\"Cayman Islands\">Islas Caim\u00e1n<\/option><option value=\"Chile\">Chile<\/option><option value=\"China\">Porcelana<\/option><option value=\"Colombia\">Colombia<\/option><option value=\"Costa Rica\">Costa Rica<\/option><option value=\"Croatia\">Croacia<\/option><option value=\"Cyprus\">Chipre<\/option><option value=\"Czech\">checo<\/option><option value=\"Denmark\">Dinamarca<\/option><option value=\"Dominican Republic\">Rep\u00fablica Dominicana<\/option><option value=\"El Salvador\">El Salvador<\/option><option value=\"Estonia\">Estonia<\/option><option value=\"Finland\">Finlandia<\/option><option value=\"France\">Francia<\/option><option value=\"Georgia\">Georgia<\/option><option value=\"Germany\">Alemania<\/option><option value=\"Greece\">Grecia<\/option><option value=\"Guatemala\">Guatemala<\/option><option value=\"Hong Kong\">Hong Kong<\/option><option value=\"Hungary\">Hungr\u00eda<\/option><option value=\"Iceland\">Islandia<\/option><option value=\"Ireland\">Irlanda<\/option><option value=\"Israel\">Israel<\/option><option value=\"Italy\">Italia<\/option><option value=\"Japan\">Jap\u00f3n<\/option><option value=\"Kazakhstan\">Kazajst\u00e1n<\/option><option value=\"Kenya\">Kenia<\/option><option value=\"Kyrgyzstan\">Kirguist\u00e1n<\/option><option value=\"Latvia\">Letonia<\/option><option value=\"Lithuania\">Lituania<\/option><option value=\"Luxembourg\">Luxemburgo<\/option><option value=\"Macau\">Macao<\/option><option value=\"Malaysia\">Malasia<\/option><option value=\"Malta\">Malta<\/option><option value=\"Mexico\">M\u00e9xico<\/option><option value=\"Moldova\">Moldavia<\/option><option value=\"Namibia\">Namibia<\/option><option value=\"Netherlands\">Pa\u00edses Bajos<\/option><option value=\"New Zealand\">Nueva Zelanda<\/option><option value=\"Nicaragua\">Nicaragua<\/option><option value=\"Nigeria\">Nigeria<\/option><option value=\"Pakistan\">Pakist\u00e1n<\/option><option value=\"Panama\">Panam\u00e1<\/option><option value=\"Peru\">Per\u00fa<\/option><option value=\"Philippines\">Filipinas<\/option><option value=\"Poland\">Polonia<\/option><option value=\"Portugal\">Portugal<\/option><option value=\"Puerto Rico\">Puerto Rico<\/option><option value=\"Romania\">Rumania<\/option><option value=\"Russia\">Rusia<\/option><option value=\"Saudi Arabia\">Arabia Saudita<\/option><option value=\"Singapore\">Singapur<\/option><option value=\"Slovakia\">Eslovaquia<\/option><option value=\"Slovenia\">Eslovenia<\/option><option value=\"South Africa\">Sud\u00e1frica<\/option><option value=\"Spain\">Espa\u00f1a<\/option><option value=\"Sweden\">Suecia<\/option><option value=\"Switzerland\">Suiza<\/option><option value=\"Taiwan\">Taiw\u00e1n<\/option><option value=\"Tajikistan\">Tayikist\u00e1n<\/option><option value=\"Thailand\">Tailandia<\/option><option value=\"Turkey\">Pavo<\/option><option value=\"Uganda\">Uganda<\/option><option value=\"Ukraine\">Ucrania<\/option><option value=\"United Kingdom\">Reino Unido<\/option><option value=\"United States\">Estados Unidos<\/option><option value=\"Venezuela\">Venezuela<\/option><option value=\"Vietnam\">Vietnam<\/option><\/select><\/span>\n<\/p><div class=\"wpcf7-response-output\" aria-hidden=\"true\"><\/div>\n<input type=\"hidden\" name=\"trp-form-language\" value=\"es\"\/><\/form>\n<\/div>\n<\/div>","protected":false},"excerpt":{"rendered":"","protected":false},"author":1,"featured_media":0,"parent":0,"menu_order":0,"comment_status":"closed","ping_status":"closed","template":"","meta":{"_acf_changed":false,"footnotes":""},"class_list":["post-19","page","type-page","status-publish","hentry"],"acf":[],"yoast_head":"<!-- This site is optimized with the Yoast SEO plugin v27.3 - https:\/\/yoast.com\/product\/yoast-seo-wordpress\/ -->\n<title>Contact - Virtual Local Phone Numbers<\/title>\n<meta name=\"robots\" content=\"index, follow, max-snippet:-1, max-image-preview:large, max-video-preview:-1\" \/>\n<link rel=\"canonical\" href=\"https:\/\/virtnum.com\/es\/contact\/\" \/>\n<meta property=\"og:locale\" content=\"es_ES\" \/>\n<meta property=\"og:type\" content=\"article\" \/>\n<meta property=\"og:title\" content=\"Contact - Virtual Local Phone Numbers\" \/>\n<meta property=\"og:url\" content=\"https:\/\/virtnum.com\/es\/contact\/\" \/>\n<meta property=\"og:site_name\" content=\"Virtual Local Phone Numbers\" \/>\n<meta property=\"article:modified_time\" content=\"2022-11-14T11:57:21+00:00\" \/>\n<meta name=\"twitter:card\" content=\"summary_large_image\" \/>\n<meta name=\"twitter:label1\" content=\"Tiempo de lectura\" \/>\n\t<meta name=\"twitter:data1\" content=\"1 minuto\" \/>\n<script type=\"application\/ld+json\" class=\"yoast-schema-graph\">{\"@context\":\"https:\\\/\\\/schema.org\",\"@graph\":[{\"@type\":\"WebPage\",\"@id\":\"https:\\\/\\\/virtnum.com\\\/contact\\\/\",\"url\":\"https:\\\/\\\/virtnum.com\\\/contact\\\/\",\"name\":\"Contact - Virtual Local Phone Numbers\",\"isPartOf\":{\"@id\":\"https:\\\/\\\/virtnum.com\\\/#website\"},\"datePublished\":\"2021-01-08T14:32:50+00:00\",\"dateModified\":\"2022-11-14T11:57:21+00:00\",\"inLanguage\":\"es\",\"potentialAction\":[{\"@type\":\"ReadAction\",\"target\":[\"https:\\\/\\\/virtnum.com\\\/contact\\\/\"]}]},{\"@type\":\"WebSite\",\"@id\":\"https:\\\/\\\/virtnum.com\\\/#website\",\"url\":\"https:\\\/\\\/virtnum.com\\\/\",\"name\":\"Virtual Local Phone Numbers\",\"description\":\"Buy Virtual Phone Numbers | DID Numbers | VoIP Numbers | Toll-free Numbers | Call forwarding to SIP, VOIP, PBX, Mobile or Fixed Phones\",\"publisher\":{\"@id\":\"https:\\\/\\\/virtnum.com\\\/#organization\"},\"potentialAction\":[{\"@type\":\"SearchAction\",\"target\":{\"@type\":\"EntryPoint\",\"urlTemplate\":\"https:\\\/\\\/virtnum.com\\\/?s={search_term_string}\"},\"query-input\":{\"@type\":\"PropertyValueSpecification\",\"valueRequired\":true,\"valueName\":\"search_term_string\"}}],\"inLanguage\":\"es\"},{\"@type\":\"Organization\",\"@id\":\"https:\\\/\\\/virtnum.com\\\/#organization\",\"name\":\"Virtual Local Phone Numbers\",\"url\":\"https:\\\/\\\/virtnum.com\\\/\",\"logo\":{\"@type\":\"ImageObject\",\"inLanguage\":\"es\",\"@id\":\"https:\\\/\\\/virtnum.com\\\/#\\\/schema\\\/logo\\\/image\\\/\",\"url\":\"https:\\\/\\\/virtnum.com\\\/wp-content\\\/uploads\\\/2022\\\/12\\\/logo-1.png\",\"contentUrl\":\"https:\\\/\\\/virtnum.com\\\/wp-content\\\/uploads\\\/2022\\\/12\\\/logo-1.png\",\"width\":420,\"height\":165,\"caption\":\"Virtual Local Phone Numbers\"},\"image\":{\"@id\":\"https:\\\/\\\/virtnum.com\\\/#\\\/schema\\\/logo\\\/image\\\/\"}}]}<\/script>\n<!-- \/ Yoast SEO plugin. -->","yoast_head_json":{"title":"Contacto - N\u00fameros de tel\u00e9fono locales virtuales","robots":{"index":"index","follow":"follow","max-snippet":"max-snippet:-1","max-image-preview":"max-image-preview:large","max-video-preview":"max-video-preview:-1"},"canonical":"https:\/\/virtnum.com\/es\/contact\/","og_locale":"es_ES","og_type":"article","og_title":"Contact - Virtual Local Phone Numbers","og_url":"https:\/\/virtnum.com\/es\/contact\/","og_site_name":"Virtual Local Phone Numbers","article_modified_time":"2022-11-14T11:57:21+00:00","twitter_card":"summary_large_image","twitter_misc":{"Tiempo de lectura":"1 minuto"},"schema":{"@context":"https:\/\/schema.org","@graph":[{"@type":"WebPage","@id":"https:\/\/virtnum.com\/contact\/","url":"https:\/\/virtnum.com\/contact\/","name":"Contacto - N\u00fameros de tel\u00e9fono locales virtuales","isPartOf":{"@id":"https:\/\/virtnum.com\/#website"},"datePublished":"2021-01-08T14:32:50+00:00","dateModified":"2022-11-14T11:57:21+00:00","inLanguage":"es","potentialAction":[{"@type":"ReadAction","target":["https:\/\/virtnum.com\/contact\/"]}]},{"@type":"WebSite","@id":"https:\/\/virtnum.com\/#website","url":"https:\/\/virtnum.com\/","name":"N\u00fameros de tel\u00e9fono locales virtuales","description":"Comprar n\u00fameros de tel\u00e9fono virtuales | N\u00fameros DID | N\u00fameros VoIP | N\u00fameros gratuitos | Desv\u00edo de llamadas a SIP, VOIP, PBX, Tel\u00e9fonos M\u00f3viles o Fijos","publisher":{"@id":"https:\/\/virtnum.com\/#organization"},"potentialAction":[{"@type":"SearchAction","target":{"@type":"EntryPoint","urlTemplate":"https:\/\/virtnum.com\/?s={search_term_string}"},"query-input":{"@type":"PropertyValueSpecification","valueRequired":true,"valueName":"search_term_string"}}],"inLanguage":"es"},{"@type":"Organization","@id":"https:\/\/virtnum.com\/#organization","name":"N\u00fameros de tel\u00e9fono locales virtuales","url":"https:\/\/virtnum.com\/","logo":{"@type":"ImageObject","inLanguage":"es","@id":"https:\/\/virtnum.com\/#\/schema\/logo\/image\/","url":"https:\/\/virtnum.com\/wp-content\/uploads\/2022\/12\/logo-1.png","contentUrl":"https:\/\/virtnum.com\/wp-content\/uploads\/2022\/12\/logo-1.png","width":420,"height":165,"caption":"Virtual Local Phone Numbers"},"image":{"@id":"https:\/\/virtnum.com\/#\/schema\/logo\/image\/"}}]}},"_links":{"self":[{"href":"https:\/\/virtnum.com\/es\/wp-json\/wp\/v2\/pages\/19","targetHints":{"allow":["GET"]}}],"collection":[{"href":"https:\/\/virtnum.com\/es\/wp-json\/wp\/v2\/pages"}],"about":[{"href":"https:\/\/virtnum.com\/es\/wp-json\/wp\/v2\/types\/page"}],"author":[{"embeddable":true,"href":"https:\/\/virtnum.com\/es\/wp-json\/wp\/v2\/users\/1"}],"replies":[{"embeddable":true,"href":"https:\/\/virtnum.com\/es\/wp-json\/wp\/v2\/comments?post=19"}],"version-history":[{"count":2,"href":"https:\/\/virtnum.com\/es\/wp-json\/wp\/v2\/pages\/19\/revisions"}],"predecessor-version":[{"id":478,"href":"https:\/\/virtnum.com\/es\/wp-json\/wp\/v2\/pages\/19\/revisions\/478"}],"wp:attachment":[{"href":"https:\/\/virtnum.com\/es\/wp-json\/wp\/v2\/media?parent=19"}],"curies":[{"name":"gracias","href":"https:\/\/api.w.org\/{rel}","templated":true}]}}