{"id":363,"date":"2022-11-03T13:24:42","date_gmt":"2022-11-03T09:24:42","guid":{"rendered":"https:\/\/virtnum.com\/?page_id=363"},"modified":"2022-11-03T13:24:43","modified_gmt":"2022-11-03T09:24:43","slug":"indonesia","status":"publish","type":"page","link":"https:\/\/virtnum.com\/es\/buy-virtual-phone-number\/indonesia\/","title":{"rendered":"Indonesia"},"content":{"rendered":"<div class=\"wp-block-columns is-layout-flex wp-container-core-columns-is-layout-9d6595d7 wp-block-columns-is-layout-flex\">\n<div class=\"wp-block-column is-layout-flow wp-block-column-is-layout-flow\">\n<h2 class=\"wp-block-heading\">N\u00famero virtual local de Indonesia<\/h2>\n\n\n\n<h3 class=\"wp-block-heading\">Recibir y reenviar llamadas y SMS en todo el mundo<\/h3>\n\n\n\n<ul class=\"wp-block-list\">\n<li>Alquila un n\u00famero de tel\u00e9fono de Indonesia desde cualquier pa\u00eds.<\/li>\n\n\n\n<li>Si necesita guardar el n\u00famero de tel\u00e9fono cuando cambia la direcci\u00f3n de su empresa.<\/li>\n\n\n\n<li>Adem\u00e1s, las conversaciones se mantienen confidenciales.<\/li>\n\n\n\n<li>\u00daselo para ejecutar campa\u00f1as publicitarias.<\/li>\n\n\n\n<li>Reducir los costos de llamadas internacionales. Tus contactos podr\u00e1n llamar a un n\u00famero local.<\/li>\n<\/ul>\n<\/div>\n\n\n\n<div class=\"wp-block-column is-vertically-aligned-top is-layout-flow wp-block-column-is-layout-flow\">\n<p>\u0421elija su pa\u00eds y regi\u00f3n, luego seleccione el n\u00famero que coincida con sus criterios de b\u00fasqueda de la lista.<\/p>\n<a href=\"https:\/\/virtnum.com\/buy\/Indonesia\"><img loading=\"lazy\" decoding=\"async\" width=\"500\" height=\"200\" src=\"https:\/\/virtnum.com\/wp-content\/uploads\/2021\/04\/check-price.png\" alt=\"\" class=\"wp-image-96\" srcset=\"https:\/\/virtnum.com\/wp-content\/uploads\/2021\/04\/check-price.png 500w, https:\/\/virtnum.com\/wp-content\/uploads\/2021\/04\/check-price-300x120.png 300w\" sizes=\"auto, (max-width: 500px) 100vw, 500px\" \/><\/a>\n\n<p>\u00bfNecesitas m\u00e1s de un n\u00famero? Nada de que preocuparse. Es posible comprar algunos n\u00fameros del pa\u00eds o regi\u00f3n de su elecci\u00f3n.<\/p>\n\n<p>A continuaci\u00f3n se muestran tablas que brindan acceso r\u00e1pido a<br> <a href=\"#prices\" style=\"text-decoration:underline\">precios de numeros virtuales<\/a>.<\/p>\n<\/div>\n<\/div>\n\n\n\n<p>Con el n\u00famero de tel\u00e9fono virtual de Indonesia podr\u00e1s desviar llamadas a cualquier n\u00famero: fijo, m\u00f3vil, SIP o Telegram. El desv\u00edo de llamadas y SMS se puede configurar desde su cuenta.<\/p>\n\n\n\n<a name=\"prices\">\n\n\n<p><div><\/tbody>\n                <\/table>\n                <\/div><br \/>\n<div>\n               <h2>Precios de n\u00fameros virtuales sms de Indonesia<\/h2>\n                <table id=\"city-search-sms\">\n                            <thead>\n                                <tr>\n                                <th>\n                                    Regi\u00f3n\n                                <\/th>\n                                <th>\n                                    C\u00f3digo telef\u00f3nico\n                                <\/th>\n                                <th>\n                                    Tarifa de instalaci\u00f3n\n                                <\/th>\n                                <th>\n                                    Cuota mensual\n                                <\/th>\n                                <th>\n                                    \n                                <\/th>\n                                <\/tr>\n                            <\/thead>\n                            <tbody>\n                            <tr >\n                                <td data-label=\"City\">M\u00f3vil para registro (S\u00f3lo SMS)<\/td>\n                \t\t\t\t<td data-label=\"Code\">+62 (2)<\/td>\n                \t\t\t\t<td data-label=\"Setup\">$17<\/td>\n                        \t    <td data-label=\"Fix\">$18<\/td>\n                                <td><a href=\"https:\/\/lk.virtnum.com\/es\/component\/telecomax\/?task=buyunregistred&type=sms&country=indonesia&city=mobile-for-registration-sms-only\" class=\"buy\">COMPRAR \ud83d\uded2<\/a><\/td> \n                            <\/tr>\n                            <tr >\n                                <td data-label=\"City\">M\u00f3vil para registro (S\u00f3lo SMS)<\/td>\n                \t\t\t\t<td data-label=\"Code\">+62 (85)<\/td>\n                \t\t\t\t<td data-label=\"Setup\">$17<\/td>\n                        \t    <td data-label=\"Fix\">$18<\/td>\n                                <td><a href=\"https:\/\/lk.virtnum.com\/es\/component\/telecomax\/?task=buyunregistred&type=sms&country=indonesia&city=mobile-for-registration-sms-only\" class=\"buy\">COMPRAR \ud83d\uded2<\/a><\/td> \n                            <\/tr>\n                            <tr >\n                                <td data-label=\"City\">M\u00f3vil para registro (S\u00f3lo SMS)<\/td>\n                \t\t\t\t<td data-label=\"Code\">+62 (89)<\/td>\n                \t\t\t\t<td data-label=\"Setup\">$17<\/td>\n                        \t    <td data-label=\"Fix\">$18<\/td>\n                                <td><a href=\"https:\/\/lk.virtnum.com\/es\/component\/telecomax\/?task=buyunregistred&type=sms&country=indonesia&city=mobile-for-registration-sms-only\" class=\"buy\">COMPRAR \ud83d\uded2<\/a><\/td> \n                            <\/tr><\/tbody>\n                <\/table>\n                <\/div><br \/>\n<div>\n               <h2>Precios de los n\u00fameros virtuales gratuitos de Indonesia<\/h2>\n                <table id=\"city-search-tollfree\">\n                            <thead>\n                                <tr>\n                                <th>\n                                    Regi\u00f3n\n                                <\/th>\n                                <th>\n                                    C\u00f3digo telef\u00f3nico\n                                <\/th>\n                                <th>\n                                    Tarifa de instalaci\u00f3n\n                                <\/th>\n                                <th>\n                                    Cuota mensual\n                                <\/th>\n                                <th>\n                                    \n                                <\/th>\n                                <\/tr>\n                            <\/thead>\n                            <tbody>\n                            <tr >\n                                <td data-label=\"City\">Toll Free<\/td>\n                \t\t\t\t<td data-label=\"Code\">+62 (800)<\/td>\n                \t\t\t\t<td data-label=\"Setup\">$200<\/td>\n                        \t    <td data-label=\"Fix\">$40<\/td>\n                                <td><a href=\"https:\/\/lk.virtnum.com\/es\/component\/telecomax\/?task=buyunregistred&type=tollfree&country=indonesia&city=toll-free\" class=\"buy\">COMPRAR \ud83d\uded2<\/a><\/td> \n                            <\/tr><\/tbody>\n                <\/table>\n                <\/div><\/p>\n\n\n\n<h2 class=\"wp-block-heading\">Opciones<\/h2>\n\n\n\n<ul class=\"wp-block-list\">\n<li>Desv\u00eda llamadas realizadas a Indonesia a cualquier parte del mundo.<\/li>\n\n\n\n<li>Recibe llamadas entrantes con tu n\u00famero virtual de Indonesia usando un softphone o nuestra aplicaci\u00f3n m\u00f3vil.<\/li>\n\n\n\n<li>Desv\u00eda llamadas entrantes a cualquier l\u00ednea de tel\u00e9fono fijo o m\u00f3vil por una tarifa muy econ\u00f3mica.<\/li>\n\n\n\n<li>Se incluye desv\u00edo de llamadas entrantes a cualquier proveedor de Voz sobre IP (VoIP), SIP, H.323 o IAX.<\/li>\n\n\n\n<li>Llamadas entrantes mediante ITSP o VoIP (SIP, H.323 o IAX)<\/li>\n\n\n\n<li>Alquilas el n\u00famero de tel\u00e9fono de Indonesia sin contratos.<\/li>\n\n\n\n<li>Si necesita un n\u00famero gratuito o un n\u00famero medido de Indonesia, comun\u00edquese con el servicio de asistencia.<\/li>\n<\/ul>\n\n\n\n<p align=\"center\"><a class=\"buy\" href=\"https:\/\/virtnum.com\/buy\/Indonesia\">\u27a1\ufe0f Comprar n\u00famero DID en Indonesia \u2b05\ufe0f<\/a><\/p>\n\n\n\n<h2 class=\"wp-block-heading\">Obtenga una segunda l\u00ednea telef\u00f3nica en Indonesia<\/h2>\n\n\n\n<p>\u00bfNecesita presencia en Indonesia para su negocio o sitio web? Compra un n\u00famero de tel\u00e9fono virtual de Indonesia (n\u00famero DID de Indonesia) y habla con clientes que nunca pensaste que ten\u00edas. Tanto los clientes actuales como los potenciales apreciar\u00e1n tener un n\u00famero de tel\u00e9fono local en Indonesia para utilizar. Verifique los informes anal\u00edticos de sus sitios web; si recibe tr\u00e1fico fuera de las \u00e1reas en las que figura su n\u00famero de tel\u00e9fono &quot;Cont\u00e1ctenos&quot;, podr\u00eda estar perdiendo negocios. Tome un n\u00famero virtual de Indonesia y reenv\u00ede las llamadas a cualquier dispositivo VOIP y pague una tarifa plana por minutos entrantes ilimitados a ese n\u00famero. Le sorprender\u00eda saber cu\u00e1ntas personas podr\u00edan llamar en Indonesia.<\/p>\n\n\n\n<p align=\"center\"><a class=\"buy\" href=\"https:\/\/virtnum.com\/buy\/Indonesia\">\u27a1\ufe0f Obtenga un n\u00famero virtual de Indonesia \u2b05\ufe0f<\/a><\/p>\n\n\n\n<h2 class=\"wp-block-heading\">\u00bfC\u00f3mo obtener un n\u00famero de tel\u00e9fono virtual local de Indonesia?<\/h2>\n\n\n\n<ol class=\"wp-block-list\">\n<li>En Su cuenta, seleccione el <strong>tipo de n\u00famero<\/strong> (SMS, Voz o TollFree).<\/li>\n\n\n\n<li>Elige <strong>Indonesia<\/strong> de la lista de pa\u00edses.<\/li>\n\n\n\n<li>Selecciona el <strong>ciudad\/regi\u00f3n<\/strong> donde desea obtener el n\u00famero.<\/li>\n\n\n\n<li>Configuraci\u00f3n <strong>direcci\u00f3n de desv\u00edo de llamadas<\/strong> (al n\u00famero de tel\u00e9fono, SIP o Telegram).<\/li>\n\n\n\n<li>Paga el <strong>tarifa de instalaci\u00f3n<\/strong> y <strong>cuota mensual<\/strong> por la cantidad requerida de meses de alquiler (es posible un descuento con un aumento en la cantidad de meses).<\/li>\n<\/ol>","protected":false},"excerpt":{"rendered":"<p>N\u00famero virtual local Reciba y reenv\u00ede llamadas y SMS en todo el mundo. Elija su pa\u00eds y regi\u00f3n, luego seleccione el n\u00famero que coincida con sus criterios de b\u00fasqueda entre...<\/p>","protected":false},"author":1,"featured_media":0,"parent":40,"menu_order":0,"comment_status":"closed","ping_status":"closed","template":"","meta":{"_acf_changed":false,"footnotes":""},"class_list":["post-363","page","type-page","status-publish","hentry"],"acf":[],"yoast_head":"<!-- This site is optimized with the Yoast SEO plugin v27.3 - https:\/\/yoast.com\/product\/yoast-seo-wordpress\/ -->\n<title>Buy Indonesia Virtual Phone Numbers - Virtual Local Phone Numbers<\/title>\n<meta name=\"description\" content=\"Get unique Indonesia Virtual Phone Numbers (Indonesia DID Numbers). Make outgoing calls and receive incoming calls or forward the calls to anywhere in the world. Signup for Local Indonesia Number.\" \/>\n<meta name=\"robots\" content=\"index, follow, max-snippet:-1, max-image-preview:large, max-video-preview:-1\" \/>\n<link rel=\"canonical\" href=\"https:\/\/virtnum.com\/es\/buy-virtual-phone-number\/indonesia\/\" \/>\n<meta property=\"og:locale\" content=\"es_ES\" \/>\n<meta property=\"og:type\" content=\"article\" \/>\n<meta property=\"og:title\" content=\"Buy Indonesia Virtual Phone Numbers - Virtual Local Phone Numbers\" \/>\n<meta property=\"og:description\" content=\"Get unique Indonesia Virtual Phone Numbers (Indonesia DID Numbers). Make outgoing calls and receive incoming calls or forward the calls to anywhere in the world. Signup for Local Indonesia Number.\" \/>\n<meta property=\"og:url\" content=\"https:\/\/virtnum.com\/es\/buy-virtual-phone-number\/indonesia\/\" \/>\n<meta property=\"og:site_name\" content=\"Virtual Local Phone Numbers\" \/>\n<meta property=\"article:modified_time\" content=\"2022-11-03T09:24:43+00:00\" \/>\n<meta property=\"og:image\" content=\"https:\/\/virtnum.com\/wp-content\/uploads\/2021\/04\/check-price.png\" \/>\n<meta name=\"twitter:card\" content=\"summary_large_image\" \/>\n<meta name=\"twitter:label1\" content=\"Tiempo de lectura\" \/>\n\t<meta name=\"twitter:data1\" content=\"3 minutos\" \/>\n<script type=\"application\/ld+json\" class=\"yoast-schema-graph\">{\"@context\":\"https:\\\/\\\/schema.org\",\"@graph\":[{\"@type\":\"WebPage\",\"@id\":\"https:\\\/\\\/virtnum.com\\\/buy-virtual-phone-number\\\/indonesia\\\/\",\"url\":\"https:\\\/\\\/virtnum.com\\\/buy-virtual-phone-number\\\/indonesia\\\/\",\"name\":\"Buy Indonesia Virtual Phone Numbers - Virtual Local Phone Numbers\",\"isPartOf\":{\"@id\":\"https:\\\/\\\/virtnum.com\\\/#website\"},\"primaryImageOfPage\":{\"@id\":\"https:\\\/\\\/virtnum.com\\\/buy-virtual-phone-number\\\/indonesia\\\/#primaryimage\"},\"image\":{\"@id\":\"https:\\\/\\\/virtnum.com\\\/buy-virtual-phone-number\\\/indonesia\\\/#primaryimage\"},\"thumbnailUrl\":\"https:\\\/\\\/virtnum.com\\\/wp-content\\\/uploads\\\/2021\\\/04\\\/check-price.png\",\"datePublished\":\"2022-11-03T09:24:42+00:00\",\"dateModified\":\"2022-11-03T09:24:43+00:00\",\"description\":\"Get unique Indonesia Virtual Phone Numbers (Indonesia DID Numbers). Make outgoing calls and receive incoming calls or forward the calls to anywhere in the world. Signup for Local Indonesia Number.\",\"breadcrumb\":{\"@id\":\"https:\\\/\\\/virtnum.com\\\/buy-virtual-phone-number\\\/indonesia\\\/#breadcrumb\"},\"inLanguage\":\"es\",\"potentialAction\":[{\"@type\":\"ReadAction\",\"target\":[\"https:\\\/\\\/virtnum.com\\\/buy-virtual-phone-number\\\/indonesia\\\/\"]}]},{\"@type\":\"ImageObject\",\"inLanguage\":\"es\",\"@id\":\"https:\\\/\\\/virtnum.com\\\/buy-virtual-phone-number\\\/indonesia\\\/#primaryimage\",\"url\":\"https:\\\/\\\/virtnum.com\\\/wp-content\\\/uploads\\\/2021\\\/04\\\/check-price.png\",\"contentUrl\":\"https:\\\/\\\/virtnum.com\\\/wp-content\\\/uploads\\\/2021\\\/04\\\/check-price.png\"},{\"@type\":\"BreadcrumbList\",\"@id\":\"https:\\\/\\\/virtnum.com\\\/buy-virtual-phone-number\\\/indonesia\\\/#breadcrumb\",\"itemListElement\":[{\"@type\":\"ListItem\",\"position\":1,\"name\":\"Permanent Virtual Phone Numbers\",\"item\":\"https:\\\/\\\/virtnum.com\\\/buy-virtual-phone-number\\\/\"},{\"@type\":\"ListItem\",\"position\":2,\"name\":\"Indonesia\"}]},{\"@type\":\"WebSite\",\"@id\":\"https:\\\/\\\/virtnum.com\\\/#website\",\"url\":\"https:\\\/\\\/virtnum.com\\\/\",\"name\":\"Virtual Local Phone Numbers\",\"description\":\"Buy Virtual Phone Numbers | DID Numbers | VoIP Numbers | Toll-free Numbers | Call forwarding to SIP, VOIP, PBX, Mobile or Fixed Phones\",\"publisher\":{\"@id\":\"https:\\\/\\\/virtnum.com\\\/#organization\"},\"potentialAction\":[{\"@type\":\"SearchAction\",\"target\":{\"@type\":\"EntryPoint\",\"urlTemplate\":\"https:\\\/\\\/virtnum.com\\\/?s={search_term_string}\"},\"query-input\":{\"@type\":\"PropertyValueSpecification\",\"valueRequired\":true,\"valueName\":\"search_term_string\"}}],\"inLanguage\":\"es\"},{\"@type\":\"Organization\",\"@id\":\"https:\\\/\\\/virtnum.com\\\/#organization\",\"name\":\"Virtual Local Phone Numbers\",\"url\":\"https:\\\/\\\/virtnum.com\\\/\",\"logo\":{\"@type\":\"ImageObject\",\"inLanguage\":\"es\",\"@id\":\"https:\\\/\\\/virtnum.com\\\/#\\\/schema\\\/logo\\\/image\\\/\",\"url\":\"https:\\\/\\\/virtnum.com\\\/wp-content\\\/uploads\\\/2022\\\/12\\\/logo-1.png\",\"contentUrl\":\"https:\\\/\\\/virtnum.com\\\/wp-content\\\/uploads\\\/2022\\\/12\\\/logo-1.png\",\"width\":420,\"height\":165,\"caption\":\"Virtual Local Phone Numbers\"},\"image\":{\"@id\":\"https:\\\/\\\/virtnum.com\\\/#\\\/schema\\\/logo\\\/image\\\/\"}}]}<\/script>\n<!-- \/ Yoast SEO plugin. -->","yoast_head_json":{"title":"Comprar n\u00fameros de tel\u00e9fono virtuales de Indonesia - N\u00fameros de tel\u00e9fono locales virtuales","description":"Obtenga n\u00fameros de tel\u00e9fono virtuales \u00fanicos de Indonesia (n\u00fameros DID de Indonesia). Realice llamadas salientes y reciba llamadas entrantes o reenv\u00ede llamadas a cualquier parte del mundo. Reg\u00edstrese para obtener el n\u00famero local de Indonesia.","robots":{"index":"index","follow":"follow","max-snippet":"max-snippet:-1","max-image-preview":"max-image-preview:large","max-video-preview":"max-video-preview:-1"},"canonical":"https:\/\/virtnum.com\/es\/buy-virtual-phone-number\/indonesia\/","og_locale":"es_ES","og_type":"article","og_title":"Buy Indonesia Virtual Phone Numbers - Virtual Local Phone Numbers","og_description":"Get unique Indonesia Virtual Phone Numbers (Indonesia DID Numbers). Make outgoing calls and receive incoming calls or forward the calls to anywhere in the world. Signup for Local Indonesia Number.","og_url":"https:\/\/virtnum.com\/es\/buy-virtual-phone-number\/indonesia\/","og_site_name":"Virtual Local Phone Numbers","article_modified_time":"2022-11-03T09:24:43+00:00","og_image":[{"url":"https:\/\/virtnum.com\/wp-content\/uploads\/2021\/04\/check-price.png","type":"","width":"","height":""}],"twitter_card":"summary_large_image","twitter_misc":{"Tiempo de lectura":"3 minutos"},"schema":{"@context":"https:\/\/schema.org","@graph":[{"@type":"WebPage","@id":"https:\/\/virtnum.com\/buy-virtual-phone-number\/indonesia\/","url":"https:\/\/virtnum.com\/buy-virtual-phone-number\/indonesia\/","name":"Comprar n\u00fameros de tel\u00e9fono virtuales de Indonesia - N\u00fameros de tel\u00e9fono locales virtuales","isPartOf":{"@id":"https:\/\/virtnum.com\/#website"},"primaryImageOfPage":{"@id":"https:\/\/virtnum.com\/buy-virtual-phone-number\/indonesia\/#primaryimage"},"image":{"@id":"https:\/\/virtnum.com\/buy-virtual-phone-number\/indonesia\/#primaryimage"},"thumbnailUrl":"https:\/\/virtnum.com\/wp-content\/uploads\/2021\/04\/check-price.png","datePublished":"2022-11-03T09:24:42+00:00","dateModified":"2022-11-03T09:24:43+00:00","description":"Obtenga n\u00fameros de tel\u00e9fono virtuales \u00fanicos de Indonesia (n\u00fameros DID de Indonesia). Realice llamadas salientes y reciba llamadas entrantes o reenv\u00ede llamadas a cualquier parte del mundo. Reg\u00edstrese para obtener el n\u00famero local de Indonesia.","breadcrumb":{"@id":"https:\/\/virtnum.com\/buy-virtual-phone-number\/indonesia\/#breadcrumb"},"inLanguage":"es","potentialAction":[{"@type":"ReadAction","target":["https:\/\/virtnum.com\/buy-virtual-phone-number\/indonesia\/"]}]},{"@type":"ImageObject","inLanguage":"es","@id":"https:\/\/virtnum.com\/buy-virtual-phone-number\/indonesia\/#primaryimage","url":"https:\/\/virtnum.com\/wp-content\/uploads\/2021\/04\/check-price.png","contentUrl":"https:\/\/virtnum.com\/wp-content\/uploads\/2021\/04\/check-price.png"},{"@type":"BreadcrumbList","@id":"https:\/\/virtnum.com\/buy-virtual-phone-number\/indonesia\/#breadcrumb","itemListElement":[{"@type":"ListItem","position":1,"name":"Permanent Virtual Phone Numbers","item":"https:\/\/virtnum.com\/buy-virtual-phone-number\/"},{"@type":"ListItem","position":2,"name":"Indonesia"}]},{"@type":"WebSite","@id":"https:\/\/virtnum.com\/#website","url":"https:\/\/virtnum.com\/","name":"N\u00fameros de tel\u00e9fono locales virtuales","description":"Comprar n\u00fameros de tel\u00e9fono virtuales | N\u00fameros DID | N\u00fameros VoIP | N\u00fameros gratuitos | Desv\u00edo de llamadas a SIP, VOIP, PBX, Tel\u00e9fonos M\u00f3viles o Fijos","publisher":{"@id":"https:\/\/virtnum.com\/#organization"},"potentialAction":[{"@type":"SearchAction","target":{"@type":"EntryPoint","urlTemplate":"https:\/\/virtnum.com\/?s={search_term_string}"},"query-input":{"@type":"PropertyValueSpecification","valueRequired":true,"valueName":"search_term_string"}}],"inLanguage":"es"},{"@type":"Organization","@id":"https:\/\/virtnum.com\/#organization","name":"N\u00fameros de tel\u00e9fono locales virtuales","url":"https:\/\/virtnum.com\/","logo":{"@type":"ImageObject","inLanguage":"es","@id":"https:\/\/virtnum.com\/#\/schema\/logo\/image\/","url":"https:\/\/virtnum.com\/wp-content\/uploads\/2022\/12\/logo-1.png","contentUrl":"https:\/\/virtnum.com\/wp-content\/uploads\/2022\/12\/logo-1.png","width":420,"height":165,"caption":"Virtual Local Phone Numbers"},"image":{"@id":"https:\/\/virtnum.com\/#\/schema\/logo\/image\/"}}]}},"_links":{"self":[{"href":"https:\/\/virtnum.com\/es\/wp-json\/wp\/v2\/pages\/363","targetHints":{"allow":["GET"]}}],"collection":[{"href":"https:\/\/virtnum.com\/es\/wp-json\/wp\/v2\/pages"}],"about":[{"href":"https:\/\/virtnum.com\/es\/wp-json\/wp\/v2\/types\/page"}],"author":[{"embeddable":true,"href":"https:\/\/virtnum.com\/es\/wp-json\/wp\/v2\/users\/1"}],"replies":[{"embeddable":true,"href":"https:\/\/virtnum.com\/es\/wp-json\/wp\/v2\/comments?post=363"}],"version-history":[{"count":2,"href":"https:\/\/virtnum.com\/es\/wp-json\/wp\/v2\/pages\/363\/revisions"}],"predecessor-version":[{"id":365,"href":"https:\/\/virtnum.com\/es\/wp-json\/wp\/v2\/pages\/363\/revisions\/365"}],"up":[{"embeddable":true,"href":"https:\/\/virtnum.com\/es\/wp-json\/wp\/v2\/pages\/40"}],"wp:attachment":[{"href":"https:\/\/virtnum.com\/es\/wp-json\/wp\/v2\/media?parent=363"}],"curies":[{"name":"gracias","href":"https:\/\/api.w.org\/{rel}","templated":true}]}}