{"id":43,"date":"2021-01-17T12:44:30","date_gmt":"2021-01-17T08:44:30","guid":{"rendered":"https:\/\/virtnum.com\/?page_id=43"},"modified":"2022-10-31T14:54:45","modified_gmt":"2022-10-31T10:54:45","slug":"bahrain-virtual-numbers","status":"publish","type":"page","link":"https:\/\/virtnum.com\/es\/buy-virtual-phone-number\/bahrain-virtual-numbers\/","title":{"rendered":"Bahr\u00e9in"},"content":{"rendered":"<p>Obtenga n\u00fameros DID de Bar\u00e9in y n\u00fameros de tel\u00e9fono locales en m\u00e1s de 60 pa\u00edses con la mejor calidad al costo m\u00e1s econ\u00f3mico.<\/p>\n\n\n\n<ul class=\"wp-block-list\"><li>Desviar llamadas realizadas a Bar\u00e9in a cualquier parte del mundo.<\/li><li>Haz llamadas salientes con tu n\u00famero virtual de Bar\u00e9in usando un softphone o nuestra aplicaci\u00f3n m\u00f3vil<\/li><li>Desv\u00eda llamadas entrantes a cualquier l\u00ednea de tel\u00e9fono fijo o m\u00f3vil por una tarifa muy econ\u00f3mica.<\/li><li>Se incluye desv\u00edo de llamadas entrantes a cualquier proveedor de Voz sobre IP (VoIP), SIP, H.323 o IAX.<\/li><li>Eres propietario del n\u00famero de tel\u00e9fono de Bahrein sin contratos.<\/li><li>Si necesita un n\u00famero gratuito o un n\u00famero con medidor de Bahrein, obtenga m\u00e1s informaci\u00f3n aqu\u00ed.<\/li><\/ul>\n\n\n\n<h2 class=\"wp-block-heading\">Compre un n\u00famero de tel\u00e9fono de Bahrein para su empresa<\/h2>\n\n\n\n<p>\u00bfNecesita presencia en Bahrein para su negocio o sitio web? Compra un n\u00famero de tel\u00e9fono virtual de Bahr\u00e9in (n\u00famero DID de Bahr\u00e9in) y habla con clientes que nunca pensaste que ten\u00edas. Tanto los clientes actuales como los potenciales apreciar\u00e1n tener un n\u00famero de tel\u00e9fono local en Bahr\u00e9in para utilizar. Verifique los informes anal\u00edticos de sus sitios web; si recibe tr\u00e1fico fuera de las \u00e1reas en las que figura su n\u00famero de tel\u00e9fono &quot;Cont\u00e1ctenos&quot;, podr\u00eda estar perdiendo negocios. Tome un n\u00famero virtual de Bar\u00e9in y desv\u00ede las llamadas a cualquier dispositivo VOIP y pague una tarifa plana por minutos entrantes ilimitados a ese n\u00famero. Le sorprender\u00eda saber cu\u00e1ntas personas podr\u00edan llamar en Bahrein. <\/p>\n\n\n\n<h2 class=\"wp-block-heading\">N\u00famero de tel\u00e9fono local de Bahr\u00e9in para que amigos y familiares puedan mantenerse en contacto<\/h2>\n\n\n\n<p>Ya sea que se mude lejos de casa o simplemente viaje durante el verano, querr\u00e1 un n\u00famero de tel\u00e9fono local para que sus amigos y familiares se comuniquen con usted. Elija un n\u00famero de tel\u00e9fono local de Bahrein y desv\u00ede las llamadas telef\u00f3nicas a donde quiera que est\u00e9. Puede ser un n\u00famero de tel\u00e9fono m\u00f3vil internacional o un cliente SIP que se ejecuta en un iPhone o Android. Las posibilidades son infinitas<\/p>","protected":false},"excerpt":{"rendered":"<p>Obtenga n\u00fameros DID de Bar\u00e9in y n\u00fameros de tel\u00e9fono locales en m\u00e1s de 60 pa\u00edses con la mejor calidad al costo m\u00e1s econ\u00f3mico. Desviar llamadas realizadas a...<\/p>","protected":false},"author":1,"featured_media":0,"parent":40,"menu_order":0,"comment_status":"closed","ping_status":"closed","template":"","meta":{"_acf_changed":false,"footnotes":""},"class_list":["post-43","page","type-page","status-publish","hentry"],"acf":[],"yoast_head":"<!-- This site is optimized with the Yoast SEO plugin v27.4 - https:\/\/yoast.com\/product\/yoast-seo-wordpress\/ -->\n<title>Buy Bahrain Virtual Phone Numbers for calls and SMS<\/title>\n<meta name=\"description\" content=\"Get unique Bahrain Virtual Phone Numbers (Bahrain DID Numbers). Make outgoing calls and receive incoming calls or forward the calls to anywhere in the world.\" \/>\n<meta name=\"robots\" content=\"index, follow, max-snippet:-1, max-image-preview:large, max-video-preview:-1\" \/>\n<link rel=\"canonical\" href=\"https:\/\/virtnum.com\/es\/buy-virtual-phone-number\/bahrain-virtual-numbers\/\" \/>\n<meta property=\"og:locale\" content=\"es_ES\" \/>\n<meta property=\"og:type\" content=\"article\" \/>\n<meta property=\"og:title\" content=\"Buy Bahrain Virtual Phone Numbers for calls and SMS\" \/>\n<meta property=\"og:description\" content=\"Get unique Bahrain Virtual Phone Numbers (Bahrain DID Numbers). Make outgoing calls and receive incoming calls or forward the calls to anywhere in the world.\" \/>\n<meta property=\"og:url\" content=\"https:\/\/virtnum.com\/es\/buy-virtual-phone-number\/bahrain-virtual-numbers\/\" \/>\n<meta property=\"og:site_name\" content=\"Virtual Local Phone Numbers\" \/>\n<meta property=\"article:modified_time\" content=\"2022-10-31T10:54:45+00:00\" \/>\n<meta name=\"twitter:card\" content=\"summary_large_image\" \/>\n<script type=\"application\/ld+json\" class=\"yoast-schema-graph\">{\"@context\":\"https:\\\/\\\/schema.org\",\"@graph\":[{\"@type\":\"WebPage\",\"@id\":\"https:\\\/\\\/virtnum.com\\\/buy-virtual-phone-number\\\/bahrain-virtual-numbers\\\/\",\"url\":\"https:\\\/\\\/virtnum.com\\\/buy-virtual-phone-number\\\/bahrain-virtual-numbers\\\/\",\"name\":\"Buy Bahrain Virtual Phone Numbers for calls and SMS\",\"isPartOf\":{\"@id\":\"https:\\\/\\\/virtnum.com\\\/#website\"},\"datePublished\":\"2021-01-17T08:44:30+00:00\",\"dateModified\":\"2022-10-31T10:54:45+00:00\",\"description\":\"Get unique Bahrain Virtual Phone Numbers (Bahrain DID Numbers). Make outgoing calls and receive incoming calls or forward the calls to anywhere in the world.\",\"breadcrumb\":{\"@id\":\"https:\\\/\\\/virtnum.com\\\/buy-virtual-phone-number\\\/bahrain-virtual-numbers\\\/#breadcrumb\"},\"inLanguage\":\"es\",\"potentialAction\":[{\"@type\":\"ReadAction\",\"target\":[\"https:\\\/\\\/virtnum.com\\\/buy-virtual-phone-number\\\/bahrain-virtual-numbers\\\/\"]}]},{\"@type\":\"BreadcrumbList\",\"@id\":\"https:\\\/\\\/virtnum.com\\\/buy-virtual-phone-number\\\/bahrain-virtual-numbers\\\/#breadcrumb\",\"itemListElement\":[{\"@type\":\"ListItem\",\"position\":1,\"name\":\"Permanent Virtual Phone Numbers\",\"item\":\"https:\\\/\\\/virtnum.com\\\/buy-virtual-phone-number\\\/\"},{\"@type\":\"ListItem\",\"position\":2,\"name\":\"Bahrain\"}]},{\"@type\":\"WebSite\",\"@id\":\"https:\\\/\\\/virtnum.com\\\/#website\",\"url\":\"https:\\\/\\\/virtnum.com\\\/\",\"name\":\"Virtual Local Phone Numbers\",\"description\":\"Buy Virtual Phone Numbers | DID Numbers | VoIP Numbers | Toll-free Numbers | Call forwarding to SIP, VOIP, PBX, Mobile or Fixed Phones\",\"publisher\":{\"@id\":\"https:\\\/\\\/virtnum.com\\\/#organization\"},\"potentialAction\":[{\"@type\":\"SearchAction\",\"target\":{\"@type\":\"EntryPoint\",\"urlTemplate\":\"https:\\\/\\\/virtnum.com\\\/?s={search_term_string}\"},\"query-input\":{\"@type\":\"PropertyValueSpecification\",\"valueRequired\":true,\"valueName\":\"search_term_string\"}}],\"inLanguage\":\"es\"},{\"@type\":\"Organization\",\"@id\":\"https:\\\/\\\/virtnum.com\\\/#organization\",\"name\":\"Virtual Local Phone Numbers\",\"url\":\"https:\\\/\\\/virtnum.com\\\/\",\"logo\":{\"@type\":\"ImageObject\",\"inLanguage\":\"es\",\"@id\":\"https:\\\/\\\/virtnum.com\\\/#\\\/schema\\\/logo\\\/image\\\/\",\"url\":\"https:\\\/\\\/virtnum.com\\\/wp-content\\\/uploads\\\/2022\\\/12\\\/logo-1.png\",\"contentUrl\":\"https:\\\/\\\/virtnum.com\\\/wp-content\\\/uploads\\\/2022\\\/12\\\/logo-1.png\",\"width\":420,\"height\":165,\"caption\":\"Virtual Local Phone Numbers\"},\"image\":{\"@id\":\"https:\\\/\\\/virtnum.com\\\/#\\\/schema\\\/logo\\\/image\\\/\"}}]}<\/script>\n<!-- \/ Yoast SEO plugin. -->","yoast_head_json":{"title":"Compra n\u00fameros de tel\u00e9fono virtuales de Bar\u00e9in para llamadas y SMS","description":"Obtenga n\u00fameros de tel\u00e9fono virtuales de Bahrein \u00fanicos (n\u00fameros DID de Bahrein). Realice llamadas salientes y reciba llamadas entrantes o reenv\u00ede llamadas a cualquier parte del mundo.","robots":{"index":"index","follow":"follow","max-snippet":"max-snippet:-1","max-image-preview":"max-image-preview:large","max-video-preview":"max-video-preview:-1"},"canonical":"https:\/\/virtnum.com\/es\/buy-virtual-phone-number\/bahrain-virtual-numbers\/","og_locale":"es_ES","og_type":"article","og_title":"Buy Bahrain Virtual Phone Numbers for calls and SMS","og_description":"Get unique Bahrain Virtual Phone Numbers (Bahrain DID Numbers). Make outgoing calls and receive incoming calls or forward the calls to anywhere in the world.","og_url":"https:\/\/virtnum.com\/es\/buy-virtual-phone-number\/bahrain-virtual-numbers\/","og_site_name":"Virtual Local Phone Numbers","article_modified_time":"2022-10-31T10:54:45+00:00","twitter_card":"summary_large_image","schema":{"@context":"https:\/\/schema.org","@graph":[{"@type":"WebPage","@id":"https:\/\/virtnum.com\/buy-virtual-phone-number\/bahrain-virtual-numbers\/","url":"https:\/\/virtnum.com\/buy-virtual-phone-number\/bahrain-virtual-numbers\/","name":"Compra n\u00fameros de tel\u00e9fono virtuales de Bar\u00e9in para llamadas y SMS","isPartOf":{"@id":"https:\/\/virtnum.com\/#website"},"datePublished":"2021-01-17T08:44:30+00:00","dateModified":"2022-10-31T10:54:45+00:00","description":"Obtenga n\u00fameros de tel\u00e9fono virtuales de Bahrein \u00fanicos (n\u00fameros DID de Bahrein). Realice llamadas salientes y reciba llamadas entrantes o reenv\u00ede llamadas a cualquier parte del mundo.","breadcrumb":{"@id":"https:\/\/virtnum.com\/buy-virtual-phone-number\/bahrain-virtual-numbers\/#breadcrumb"},"inLanguage":"es","potentialAction":[{"@type":"ReadAction","target":["https:\/\/virtnum.com\/buy-virtual-phone-number\/bahrain-virtual-numbers\/"]}]},{"@type":"BreadcrumbList","@id":"https:\/\/virtnum.com\/buy-virtual-phone-number\/bahrain-virtual-numbers\/#breadcrumb","itemListElement":[{"@type":"ListItem","position":1,"name":"Permanent Virtual Phone Numbers","item":"https:\/\/virtnum.com\/buy-virtual-phone-number\/"},{"@type":"ListItem","position":2,"name":"Bahrain"}]},{"@type":"WebSite","@id":"https:\/\/virtnum.com\/#website","url":"https:\/\/virtnum.com\/","name":"N\u00fameros de tel\u00e9fono locales virtuales","description":"Comprar n\u00fameros de tel\u00e9fono virtuales | N\u00fameros DID | N\u00fameros VoIP | N\u00fameros gratuitos | Desv\u00edo de llamadas a SIP, VOIP, PBX, Tel\u00e9fonos M\u00f3viles o Fijos","publisher":{"@id":"https:\/\/virtnum.com\/#organization"},"potentialAction":[{"@type":"SearchAction","target":{"@type":"EntryPoint","urlTemplate":"https:\/\/virtnum.com\/?s={search_term_string}"},"query-input":{"@type":"PropertyValueSpecification","valueRequired":true,"valueName":"search_term_string"}}],"inLanguage":"es"},{"@type":"Organization","@id":"https:\/\/virtnum.com\/#organization","name":"N\u00fameros de tel\u00e9fono locales virtuales","url":"https:\/\/virtnum.com\/","logo":{"@type":"ImageObject","inLanguage":"es","@id":"https:\/\/virtnum.com\/#\/schema\/logo\/image\/","url":"https:\/\/virtnum.com\/wp-content\/uploads\/2022\/12\/logo-1.png","contentUrl":"https:\/\/virtnum.com\/wp-content\/uploads\/2022\/12\/logo-1.png","width":420,"height":165,"caption":"Virtual Local Phone Numbers"},"image":{"@id":"https:\/\/virtnum.com\/#\/schema\/logo\/image\/"}}]}},"_links":{"self":[{"href":"https:\/\/virtnum.com\/es\/wp-json\/wp\/v2\/pages\/43","targetHints":{"allow":["GET"]}}],"collection":[{"href":"https:\/\/virtnum.com\/es\/wp-json\/wp\/v2\/pages"}],"about":[{"href":"https:\/\/virtnum.com\/es\/wp-json\/wp\/v2\/types\/page"}],"author":[{"embeddable":true,"href":"https:\/\/virtnum.com\/es\/wp-json\/wp\/v2\/users\/1"}],"replies":[{"embeddable":true,"href":"https:\/\/virtnum.com\/es\/wp-json\/wp\/v2\/comments?post=43"}],"version-history":[{"count":3,"href":"https:\/\/virtnum.com\/es\/wp-json\/wp\/v2\/pages\/43\/revisions"}],"predecessor-version":[{"id":312,"href":"https:\/\/virtnum.com\/es\/wp-json\/wp\/v2\/pages\/43\/revisions\/312"}],"up":[{"embeddable":true,"href":"https:\/\/virtnum.com\/es\/wp-json\/wp\/v2\/pages\/40"}],"wp:attachment":[{"href":"https:\/\/virtnum.com\/es\/wp-json\/wp\/v2\/media?parent=43"}],"curies":[{"name":"gracias","href":"https:\/\/api.w.org\/{rel}","templated":true}]}}