{"id":551,"date":"2022-11-17T15:22:33","date_gmt":"2022-11-17T11:22:33","guid":{"rendered":"https:\/\/virtnum.com\/?page_id=551"},"modified":"2022-11-17T15:22:34","modified_gmt":"2022-11-17T11:22:34","slug":"uzbekistan","status":"publish","type":"page","link":"https:\/\/virtnum.com\/es\/buy-virtual-phone-number\/uzbekistan\/","title":{"rendered":"Uzbekist\u00e1n"},"content":{"rendered":"<div class=\"wp-block-columns is-layout-flex wp-container-core-columns-is-layout-9d6595d7 wp-block-columns-is-layout-flex\">\n<div class=\"wp-block-column is-layout-flow wp-block-column-is-layout-flow\">\n<h2 class=\"wp-block-heading\">N\u00famero virtual local de Uzbekist\u00e1n<\/h2>\n\n\n\n<h3 class=\"wp-block-heading\">Recibir y reenviar llamadas y SMS en todo el mundo<\/h3>\n\n\n\n<ul class=\"wp-block-list\">\n<li>Alquila un n\u00famero de tel\u00e9fono de Uzbekist\u00e1n desde cualquier pa\u00eds.<\/li>\n\n\n\n<li>Si necesita guardar el n\u00famero de tel\u00e9fono cuando cambia la direcci\u00f3n de su empresa.<\/li>\n\n\n\n<li>Adem\u00e1s, las conversaciones se mantienen confidenciales.<\/li>\n\n\n\n<li>\u00daselo para ejecutar campa\u00f1as publicitarias.<\/li>\n\n\n\n<li>Reducir los costos de llamadas internacionales. Tus contactos podr\u00e1n llamar a un n\u00famero local.<\/li>\n<\/ul>\n<\/div>\n\n\n\n<div class=\"wp-block-column is-vertically-aligned-top is-layout-flow wp-block-column-is-layout-flow\">\n<p>\u0421elija su pa\u00eds y regi\u00f3n, luego seleccione el n\u00famero que coincida con sus criterios de b\u00fasqueda de la lista.<\/p>\n<a href=\"https:\/\/virtnum.com\/buy\/Uzbekistan\"><img loading=\"lazy\" decoding=\"async\" width=\"500\" height=\"200\" src=\"https:\/\/virtnum.com\/wp-content\/uploads\/2021\/04\/check-price.png\" alt=\"\" class=\"wp-image-96\" srcset=\"https:\/\/virtnum.com\/wp-content\/uploads\/2021\/04\/check-price.png 500w, https:\/\/virtnum.com\/wp-content\/uploads\/2021\/04\/check-price-300x120.png 300w\" sizes=\"auto, (max-width: 500px) 100vw, 500px\" \/><\/a>\n\n<p>\u00bfNecesitas m\u00e1s de un n\u00famero? Nada de que preocuparse. Es posible comprar algunos n\u00fameros del pa\u00eds o regi\u00f3n de su elecci\u00f3n.<\/p>\n\n<p>A continuaci\u00f3n se muestran tablas que brindan acceso r\u00e1pido a<br> <a href=\"#prices\" style=\"text-decoration:underline\">precios de numeros virtuales<\/a>.<\/p>\n<\/div>\n<\/div>\n\n\n\n<p>Con el n\u00famero de tel\u00e9fono virtual de Uzbekist\u00e1n podr\u00e1s desviar llamadas a cualquier n\u00famero: fijo, m\u00f3vil, SIP o Telegram. El desv\u00edo de llamadas y SMS se puede configurar desde su cuenta.<\/p>\n\n\n\n<a name=\"prices\">\n\n\n<p><div><\/tbody>\n                <\/table>\n                <\/div><br \/>\n<div><\/tbody>\n                <\/table>\n                <\/div><br \/>\n<div><\/tbody>\n                <\/table>\n                <\/div><\/p>\n\n\n\n<h2 class=\"wp-block-heading\">Opciones<\/h2>\n\n\n\n<ul class=\"wp-block-list\">\n<li>Desviar llamadas realizadas a Uzbekist\u00e1n a cualquier parte del mundo.<\/li>\n\n\n\n<li>Recibe llamadas entrantes con tu n\u00famero virtual de Uzbekist\u00e1n usando un softphone o nuestra aplicaci\u00f3n m\u00f3vil.<\/li>\n\n\n\n<li>Desv\u00eda llamadas entrantes a cualquier l\u00ednea de tel\u00e9fono fijo o m\u00f3vil por una tarifa muy econ\u00f3mica.<\/li>\n\n\n\n<li>Se incluye desv\u00edo de llamadas entrantes a cualquier proveedor de Voz sobre IP (VoIP), SIP, H.323 o IAX.<\/li>\n\n\n\n<li>Llamadas entrantes mediante ITSP o VoIP (SIP, H.323 o IAX)<\/li>\n\n\n\n<li>Alquilas el n\u00famero de tel\u00e9fono de Uzbekist\u00e1n sin contratos.<\/li>\n\n\n\n<li>Si necesita un n\u00famero gratuito o un n\u00famero medido de Uzbekist\u00e1n, comun\u00edquese con el soporte.<\/li>\n<\/ul>\n\n\n\n<p align=\"center\"><a class=\"buy\" href=\"https:\/\/virtnum.com\/buy\/Uzbekistan\">\u27a1\ufe0f Comprar n\u00famero DID en Uzbekist\u00e1n \u2b05\ufe0f<\/a><\/p>\n\n\n\n<h2 class=\"wp-block-heading\">Obtenga una segunda l\u00ednea telef\u00f3nica de Uzbekist\u00e1n<\/h2>\n\n\n\n<p>\u00bfNecesita presencia en Uzbekist\u00e1n para su negocio o sitio web? Compra un n\u00famero de tel\u00e9fono virtual de Uzbekist\u00e1n (n\u00famero DID de Uzbekist\u00e1n) y habla con clientes que nunca pensaste que ten\u00edas. Tanto los clientes actuales como los potenciales apreciar\u00e1n tener un n\u00famero de tel\u00e9fono local en Uzbekist\u00e1n para utilizar. Verifique los informes anal\u00edticos de sus sitios web; si recibe tr\u00e1fico fuera de las \u00e1reas en las que figura su n\u00famero de tel\u00e9fono &quot;Cont\u00e1ctenos&quot;, podr\u00eda estar perdiendo negocios. Tome un n\u00famero virtual de Uzbekist\u00e1n y desv\u00ede las llamadas a cualquier dispositivo VOIP y pague una tarifa plana por minutos entrantes ilimitados a ese n\u00famero. Le sorprender\u00eda saber cu\u00e1ntas personas podr\u00edan llamar en Uzbekist\u00e1n.<\/p>\n\n\n\n<p align=\"center\"><a class=\"buy\" href=\"https:\/\/virtnum.com\/buy\/Uzbekistan\">\u27a1\ufe0f Consigue el n\u00famero virtual de Uzbekist\u00e1n \u2b05\ufe0f<\/a><\/p>\n\n\n\n<h2 class=\"wp-block-heading\">\u00bfC\u00f3mo obtener un n\u00famero de tel\u00e9fono virtual local de Uzbekist\u00e1n?<\/h2>\n\n\n\n<ol class=\"wp-block-list\">\n<li>En Su cuenta, seleccione el <strong>tipo de n\u00famero<\/strong> (SMS, Voz o TollFree).<\/li>\n\n\n\n<li>Elige <strong>Uzbekist\u00e1n<\/strong> de la lista de pa\u00edses.<\/li>\n\n\n\n<li>Selecciona el <strong>ciudad\/regi\u00f3n<\/strong> donde desea obtener el n\u00famero.<\/li>\n\n\n\n<li>Configuraci\u00f3n <strong>direcci\u00f3n de desv\u00edo de llamadas<\/strong> (al n\u00famero de tel\u00e9fono, SIP o Telegram).<\/li>\n\n\n\n<li>Paga el <strong>tarifa de instalaci\u00f3n<\/strong> y <strong>cuota mensual<\/strong> por la cantidad requerida de meses de alquiler (es posible un descuento con un aumento en la cantidad de meses).<\/li>\n<\/ol>","protected":false},"excerpt":{"rendered":"<p>N\u00famero virtual local Reciba y reenv\u00ede llamadas y SMS en todo el mundo. Elija su pa\u00eds y regi\u00f3n, luego seleccione el n\u00famero que coincida con sus criterios de b\u00fasqueda entre...<\/p>","protected":false},"author":1,"featured_media":0,"parent":40,"menu_order":0,"comment_status":"closed","ping_status":"closed","template":"","meta":{"_acf_changed":false,"footnotes":""},"class_list":["post-551","page","type-page","status-publish","hentry"],"acf":[],"yoast_head":"<!-- This site is optimized with the Yoast SEO plugin v27.3 - https:\/\/yoast.com\/product\/yoast-seo-wordpress\/ -->\n<title>Buy Uzbekistan Virtual Phone Numbers - Virtual Local Phone Numbers<\/title>\n<meta name=\"description\" content=\"Get unique Uzbekistan Virtual Phone Numbers (Uzbekistan DID Numbers). Make outgoing calls and receive incoming calls or forward the calls to anywhere in the world. Signup for Local Uzbekistan Number.\" \/>\n<meta name=\"robots\" content=\"index, follow, max-snippet:-1, max-image-preview:large, max-video-preview:-1\" \/>\n<link rel=\"canonical\" href=\"https:\/\/virtnum.com\/es\/buy-virtual-phone-number\/uzbekistan\/\" \/>\n<meta property=\"og:locale\" content=\"es_ES\" \/>\n<meta property=\"og:type\" content=\"article\" \/>\n<meta property=\"og:title\" content=\"Buy Uzbekistan Virtual Phone Numbers - Virtual Local Phone Numbers\" \/>\n<meta property=\"og:description\" content=\"Get unique Uzbekistan Virtual Phone Numbers (Uzbekistan DID Numbers). Make outgoing calls and receive incoming calls or forward the calls to anywhere in the world. Signup for Local Uzbekistan Number.\" \/>\n<meta property=\"og:url\" content=\"https:\/\/virtnum.com\/es\/buy-virtual-phone-number\/uzbekistan\/\" \/>\n<meta property=\"og:site_name\" content=\"Virtual Local Phone Numbers\" \/>\n<meta property=\"article:modified_time\" content=\"2022-11-17T11:22:34+00:00\" \/>\n<meta property=\"og:image\" content=\"https:\/\/virtnum.com\/wp-content\/uploads\/2021\/04\/check-price.png\" \/>\n<meta name=\"twitter:card\" content=\"summary_large_image\" \/>\n<meta name=\"twitter:label1\" content=\"Tiempo de lectura\" \/>\n\t<meta name=\"twitter:data1\" content=\"3 minutos\" \/>\n<script type=\"application\/ld+json\" class=\"yoast-schema-graph\">{\"@context\":\"https:\\\/\\\/schema.org\",\"@graph\":[{\"@type\":\"WebPage\",\"@id\":\"https:\\\/\\\/virtnum.com\\\/buy-virtual-phone-number\\\/uzbekistan\\\/\",\"url\":\"https:\\\/\\\/virtnum.com\\\/buy-virtual-phone-number\\\/uzbekistan\\\/\",\"name\":\"Buy Uzbekistan Virtual Phone Numbers - Virtual Local Phone Numbers\",\"isPartOf\":{\"@id\":\"https:\\\/\\\/virtnum.com\\\/#website\"},\"primaryImageOfPage\":{\"@id\":\"https:\\\/\\\/virtnum.com\\\/buy-virtual-phone-number\\\/uzbekistan\\\/#primaryimage\"},\"image\":{\"@id\":\"https:\\\/\\\/virtnum.com\\\/buy-virtual-phone-number\\\/uzbekistan\\\/#primaryimage\"},\"thumbnailUrl\":\"https:\\\/\\\/virtnum.com\\\/wp-content\\\/uploads\\\/2021\\\/04\\\/check-price.png\",\"datePublished\":\"2022-11-17T11:22:33+00:00\",\"dateModified\":\"2022-11-17T11:22:34+00:00\",\"description\":\"Get unique Uzbekistan Virtual Phone Numbers (Uzbekistan DID Numbers). Make outgoing calls and receive incoming calls or forward the calls to anywhere in the world. Signup for Local Uzbekistan Number.\",\"breadcrumb\":{\"@id\":\"https:\\\/\\\/virtnum.com\\\/buy-virtual-phone-number\\\/uzbekistan\\\/#breadcrumb\"},\"inLanguage\":\"es\",\"potentialAction\":[{\"@type\":\"ReadAction\",\"target\":[\"https:\\\/\\\/virtnum.com\\\/buy-virtual-phone-number\\\/uzbekistan\\\/\"]}]},{\"@type\":\"ImageObject\",\"inLanguage\":\"es\",\"@id\":\"https:\\\/\\\/virtnum.com\\\/buy-virtual-phone-number\\\/uzbekistan\\\/#primaryimage\",\"url\":\"https:\\\/\\\/virtnum.com\\\/wp-content\\\/uploads\\\/2021\\\/04\\\/check-price.png\",\"contentUrl\":\"https:\\\/\\\/virtnum.com\\\/wp-content\\\/uploads\\\/2021\\\/04\\\/check-price.png\"},{\"@type\":\"BreadcrumbList\",\"@id\":\"https:\\\/\\\/virtnum.com\\\/buy-virtual-phone-number\\\/uzbekistan\\\/#breadcrumb\",\"itemListElement\":[{\"@type\":\"ListItem\",\"position\":1,\"name\":\"Permanent Virtual Phone Numbers\",\"item\":\"https:\\\/\\\/virtnum.com\\\/buy-virtual-phone-number\\\/\"},{\"@type\":\"ListItem\",\"position\":2,\"name\":\"Uzbekistan\"}]},{\"@type\":\"WebSite\",\"@id\":\"https:\\\/\\\/virtnum.com\\\/#website\",\"url\":\"https:\\\/\\\/virtnum.com\\\/\",\"name\":\"Virtual Local Phone Numbers\",\"description\":\"Buy Virtual Phone Numbers | DID Numbers | VoIP Numbers | Toll-free Numbers | Call forwarding to SIP, VOIP, PBX, Mobile or Fixed Phones\",\"publisher\":{\"@id\":\"https:\\\/\\\/virtnum.com\\\/#organization\"},\"potentialAction\":[{\"@type\":\"SearchAction\",\"target\":{\"@type\":\"EntryPoint\",\"urlTemplate\":\"https:\\\/\\\/virtnum.com\\\/?s={search_term_string}\"},\"query-input\":{\"@type\":\"PropertyValueSpecification\",\"valueRequired\":true,\"valueName\":\"search_term_string\"}}],\"inLanguage\":\"es\"},{\"@type\":\"Organization\",\"@id\":\"https:\\\/\\\/virtnum.com\\\/#organization\",\"name\":\"Virtual Local Phone Numbers\",\"url\":\"https:\\\/\\\/virtnum.com\\\/\",\"logo\":{\"@type\":\"ImageObject\",\"inLanguage\":\"es\",\"@id\":\"https:\\\/\\\/virtnum.com\\\/#\\\/schema\\\/logo\\\/image\\\/\",\"url\":\"https:\\\/\\\/virtnum.com\\\/wp-content\\\/uploads\\\/2022\\\/12\\\/logo-1.png\",\"contentUrl\":\"https:\\\/\\\/virtnum.com\\\/wp-content\\\/uploads\\\/2022\\\/12\\\/logo-1.png\",\"width\":420,\"height\":165,\"caption\":\"Virtual Local Phone Numbers\"},\"image\":{\"@id\":\"https:\\\/\\\/virtnum.com\\\/#\\\/schema\\\/logo\\\/image\\\/\"}}]}<\/script>\n<!-- \/ Yoast SEO plugin. -->","yoast_head_json":{"title":"Comprar n\u00fameros de tel\u00e9fono virtuales de Uzbekist\u00e1n - N\u00fameros de tel\u00e9fono locales virtuales","description":"Obtenga n\u00fameros de tel\u00e9fono virtuales \u00fanicos de Uzbekist\u00e1n (n\u00fameros DID de Uzbekist\u00e1n). Realice llamadas salientes y reciba llamadas entrantes o reenv\u00ede llamadas a cualquier parte del mundo. Reg\u00edstrese para obtener el n\u00famero local de Uzbekist\u00e1n.","robots":{"index":"index","follow":"follow","max-snippet":"max-snippet:-1","max-image-preview":"max-image-preview:large","max-video-preview":"max-video-preview:-1"},"canonical":"https:\/\/virtnum.com\/es\/buy-virtual-phone-number\/uzbekistan\/","og_locale":"es_ES","og_type":"article","og_title":"Buy Uzbekistan Virtual Phone Numbers - Virtual Local Phone Numbers","og_description":"Get unique Uzbekistan Virtual Phone Numbers (Uzbekistan DID Numbers). Make outgoing calls and receive incoming calls or forward the calls to anywhere in the world. Signup for Local Uzbekistan Number.","og_url":"https:\/\/virtnum.com\/es\/buy-virtual-phone-number\/uzbekistan\/","og_site_name":"Virtual Local Phone Numbers","article_modified_time":"2022-11-17T11:22:34+00:00","og_image":[{"url":"https:\/\/virtnum.com\/wp-content\/uploads\/2021\/04\/check-price.png","type":"","width":"","height":""}],"twitter_card":"summary_large_image","twitter_misc":{"Tiempo de lectura":"3 minutos"},"schema":{"@context":"https:\/\/schema.org","@graph":[{"@type":"WebPage","@id":"https:\/\/virtnum.com\/buy-virtual-phone-number\/uzbekistan\/","url":"https:\/\/virtnum.com\/buy-virtual-phone-number\/uzbekistan\/","name":"Comprar n\u00fameros de tel\u00e9fono virtuales de Uzbekist\u00e1n - N\u00fameros de tel\u00e9fono locales virtuales","isPartOf":{"@id":"https:\/\/virtnum.com\/#website"},"primaryImageOfPage":{"@id":"https:\/\/virtnum.com\/buy-virtual-phone-number\/uzbekistan\/#primaryimage"},"image":{"@id":"https:\/\/virtnum.com\/buy-virtual-phone-number\/uzbekistan\/#primaryimage"},"thumbnailUrl":"https:\/\/virtnum.com\/wp-content\/uploads\/2021\/04\/check-price.png","datePublished":"2022-11-17T11:22:33+00:00","dateModified":"2022-11-17T11:22:34+00:00","description":"Obtenga n\u00fameros de tel\u00e9fono virtuales \u00fanicos de Uzbekist\u00e1n (n\u00fameros DID de Uzbekist\u00e1n). Realice llamadas salientes y reciba llamadas entrantes o reenv\u00ede llamadas a cualquier parte del mundo. Reg\u00edstrese para obtener el n\u00famero local de Uzbekist\u00e1n.","breadcrumb":{"@id":"https:\/\/virtnum.com\/buy-virtual-phone-number\/uzbekistan\/#breadcrumb"},"inLanguage":"es","potentialAction":[{"@type":"ReadAction","target":["https:\/\/virtnum.com\/buy-virtual-phone-number\/uzbekistan\/"]}]},{"@type":"ImageObject","inLanguage":"es","@id":"https:\/\/virtnum.com\/buy-virtual-phone-number\/uzbekistan\/#primaryimage","url":"https:\/\/virtnum.com\/wp-content\/uploads\/2021\/04\/check-price.png","contentUrl":"https:\/\/virtnum.com\/wp-content\/uploads\/2021\/04\/check-price.png"},{"@type":"BreadcrumbList","@id":"https:\/\/virtnum.com\/buy-virtual-phone-number\/uzbekistan\/#breadcrumb","itemListElement":[{"@type":"ListItem","position":1,"name":"Permanent Virtual Phone Numbers","item":"https:\/\/virtnum.com\/buy-virtual-phone-number\/"},{"@type":"ListItem","position":2,"name":"Uzbekistan"}]},{"@type":"WebSite","@id":"https:\/\/virtnum.com\/#website","url":"https:\/\/virtnum.com\/","name":"N\u00fameros de tel\u00e9fono locales virtuales","description":"Comprar n\u00fameros de tel\u00e9fono virtuales | N\u00fameros DID | N\u00fameros VoIP | N\u00fameros gratuitos | Desv\u00edo de llamadas a SIP, VOIP, PBX, Tel\u00e9fonos M\u00f3viles o Fijos","publisher":{"@id":"https:\/\/virtnum.com\/#organization"},"potentialAction":[{"@type":"SearchAction","target":{"@type":"EntryPoint","urlTemplate":"https:\/\/virtnum.com\/?s={search_term_string}"},"query-input":{"@type":"PropertyValueSpecification","valueRequired":true,"valueName":"search_term_string"}}],"inLanguage":"es"},{"@type":"Organization","@id":"https:\/\/virtnum.com\/#organization","name":"N\u00fameros de tel\u00e9fono locales virtuales","url":"https:\/\/virtnum.com\/","logo":{"@type":"ImageObject","inLanguage":"es","@id":"https:\/\/virtnum.com\/#\/schema\/logo\/image\/","url":"https:\/\/virtnum.com\/wp-content\/uploads\/2022\/12\/logo-1.png","contentUrl":"https:\/\/virtnum.com\/wp-content\/uploads\/2022\/12\/logo-1.png","width":420,"height":165,"caption":"Virtual Local Phone Numbers"},"image":{"@id":"https:\/\/virtnum.com\/#\/schema\/logo\/image\/"}}]}},"_links":{"self":[{"href":"https:\/\/virtnum.com\/es\/wp-json\/wp\/v2\/pages\/551","targetHints":{"allow":["GET"]}}],"collection":[{"href":"https:\/\/virtnum.com\/es\/wp-json\/wp\/v2\/pages"}],"about":[{"href":"https:\/\/virtnum.com\/es\/wp-json\/wp\/v2\/types\/page"}],"author":[{"embeddable":true,"href":"https:\/\/virtnum.com\/es\/wp-json\/wp\/v2\/users\/1"}],"replies":[{"embeddable":true,"href":"https:\/\/virtnum.com\/es\/wp-json\/wp\/v2\/comments?post=551"}],"version-history":[{"count":2,"href":"https:\/\/virtnum.com\/es\/wp-json\/wp\/v2\/pages\/551\/revisions"}],"predecessor-version":[{"id":553,"href":"https:\/\/virtnum.com\/es\/wp-json\/wp\/v2\/pages\/551\/revisions\/553"}],"up":[{"embeddable":true,"href":"https:\/\/virtnum.com\/es\/wp-json\/wp\/v2\/pages\/40"}],"wp:attachment":[{"href":"https:\/\/virtnum.com\/es\/wp-json\/wp\/v2\/media?parent=551"}],"curies":[{"name":"gracias","href":"https:\/\/api.w.org\/{rel}","templated":true}]}}