{"id":714,"date":"2023-04-26T14:49:48","date_gmt":"2023-04-26T10:49:48","guid":{"rendered":"https:\/\/virtnum.com\/?page_id=714"},"modified":"2026-02-18T23:47:12","modified_gmt":"2026-02-18T19:47:12","slug":"buy-with-crypto","status":"publish","type":"page","link":"https:\/\/virtnum.com\/es\/buy-with-crypto\/","title":{"rendered":"Compra n\u00fameros virtuales con criptomonedas: BTC, USDT, ETH"},"content":{"rendered":"<p>Los n\u00fameros virtuales son n\u00fameros de tel\u00e9fono que no est\u00e1n vinculados a un dispositivo o ubicaci\u00f3n espec\u00edficos. En cambio, enrutan llamadas y mensajes a trav\u00e9s de una conexi\u00f3n a Internet.<\/p>\n\n\n\n<h2 class=\"wp-block-heading\">Las caracter\u00edsticas y beneficios clave de los n\u00fameros virtuales incluyen:<\/h2>\n\n\n\n<ul class=\"wp-block-list\">\n<li>Privacidad: Proteja su n\u00famero personal y mantenga su privacidad.<\/li>\n\n\n\n<li>Flexibilidad: enrute llamadas a diferentes dispositivos, facilitando la gesti\u00f3n de la comunicaci\u00f3n.<\/li>\n\n\n\n<li>Rentabilidad: Ahorre en cargos de llamadas internacionales y elimine la necesidad de m\u00faltiples tarjetas SIM.<\/li>\n<\/ul>\n\n\n\n<p>Descubre las ventajas de utilizar n\u00fameros virtuales y los beneficios de comprarlos con criptomonedas. Experimente una mayor privacidad, flexibilidad y rentabilidad al elegir nuestros servicios.<\/p>\n\n\n\n<p class=\"buy-p\"><a class=\"buy\" href=\"https:\/\/lk.virtnum.com\/component\/telecomax?task=buyunregistred\">\u27a1\ufe0fCompra n\u00famero virtual con Crypto \u2b05\ufe0f<\/a><br \/>\n\u2b50\u2b50\u2b50\u2b50\u2b50<br \/>\n<span>Pague con BTC, ETH, USDT, LTC, XMR<\/span><\/p>\n\n\n\n<h2 class=\"wp-block-heading\">\u00bfPor qu\u00e9 utilizar criptomonedas para comprar n\u00fameros virtuales? El uso de criptomonedas para comprar n\u00fameros virtuales tiene varias ventajas:<\/h2>\n\n\n\n<ul class=\"wp-block-list\">\n<li>Transacciones seguras: las criptomonedas utilizan cifrado avanzado, lo que garantiza transacciones seguras.<\/li>\n\n\n\n<li>Descentralizado: No se necesitan bancos ni intermediarios, lo que reduce las tarifas de transacci\u00f3n.<\/li>\n\n\n\n<li>Transacciones r\u00e1pidas: las transferencias de criptomonedas suelen ser m\u00e1s r\u00e1pidas que los m\u00e9todos de pago tradicionales.<\/li>\n\n\n\n<li>Accesibilidad global: las criptomonedas est\u00e1n disponibles para usuarios de todo el mundo, con tarifas m\u00e1s bajas para transacciones internacionales.<\/li>\n<\/ul>\n\n\n\n<h2 class=\"wp-block-heading\">Aceptamos las siguientes criptomonedas para comprar n\u00fameros virtuales:<\/h2>\n\n\n\n<ul class=\"wp-block-list\">\n<li>Bitcoin (BTC)<\/li>\n\n\n\n<li>Litecoin (LTC)<\/li>\n\n\n\n<li>Efectivo de Bitcoin (BCH)<\/li>\n\n\n\n<li>Moneda negra (BLK)<\/li>\n\n\n\n<li>Dash (DASH)<\/li>\n\n\n\n<li>Decred (DCR)<\/li>\n\n\n\n<li>DigiByte (DGB)<\/li>\n\n\n\n<li>Dogecoin (DOGE)<\/li>\n\n\n\n<li>Ethereum cl\u00e1sico (ETC)<\/li>\n\n\n\n<li>Etereum (ETH)<\/li>\n\n\n\n<li>Cr\u00e9ditos del juego (JUEGO)<\/li>\n\n\n\n<li>PotCoin (POT)<\/li>\n\n\n\n<li>Vertcoin (VTC)<\/li>\n\n\n\n<li>Monero (XMR)<\/li>\n\n\n\n<li>Ondulaci\u00f3n (XRP)<\/li>\n<\/ul>\n\n\n\n<h2 class=\"wp-block-heading\">C\u00f3mo comprar un n\u00famero virtual con cripto<\/h2>\n\n\n\n<p>Sigue estos sencillos pasos para comprar un n\u00famero virtual con criptomonedas en nuestro sitio:<\/p>\n\n\n\n<ul class=\"wp-block-list\">\n<li>Reg\u00edstrese en Virtnum.com.<\/li>\n\n\n\n<li>Agregue fondos a su cuenta.<\/li>\n\n\n\n<li>Compre un n\u00famero virtual usando su criptomoneda preferida (las opciones incluyen Bitcoin, USDT, BUSD y m\u00e1s).<\/li>\n\n\n\n<li>\u00a1Comienza a recibir tus mensajes y llamadas!<\/li>\n<\/ul>\n\n\n\n<p class=\"buy-p\"><a class=\"buy\" href=\"https:\/\/lk.virtnum.com\/component\/telecomax?task=buyunregistred\">\u27a1\ufe0fCompra n\u00famero virtual con Crypto \u2b05\ufe0f<\/a><br \/>\n\u2b50\u2b50\u2b50\u2b50\u2b50<br \/>\n<span>Pague con BTC, ETH, USDT, LTC, XMR<\/span><\/p>\n\n\n\n<h2 class=\"wp-block-heading\">\u00bfPor qu\u00e9 comprar un n\u00famero virtual con criptomonedas?<\/h2>\n\n\n\n<ul class=\"wp-block-list\">\n<li>Pagos an\u00f3nimos<\/li>\n\n\n\n<li>Sin devoluciones de cargos<\/li>\n\n\n\n<li>Acceso global<\/li>\n\n\n\n<li>Transacciones r\u00e1pidas<\/li>\n\n\n\n<li>No se requiere banco<\/li>\n<\/ul>\n\n\n\n<h2 class=\"wp-block-heading\">Preguntas frecuentes<\/h2>\n\n\n\n<p><strong>\u00bfPuedo comprar un n\u00famero virtual con Bitcoin?<\/strong><br>S\u00ed, puedes comprar un n\u00famero virtual con Bitcoin (BTC), USDT, ETH, LTC, XMR y otras criptomonedas compatibles.<\/p>\n\n\n\n<p><strong>\u00bfEs seguro comprar un n\u00famero virtual con criptomonedas?<\/strong><br>S\u00ed. Los pagos con criptomonedas son seguros y se procesan a trav\u00e9s de transacciones blockchain encriptadas.<\/p>\n\n\n\n<p><strong>\u00bfQu\u00e9 tan r\u00e1pida es la activaci\u00f3n despu\u00e9s del pago de criptomonedas?<\/strong><br>Generalmente dentro de minutos despu\u00e9s de la confirmaci\u00f3n de la cadena de bloques.<\/p>\n\n\n\n<p class=\"buy-p\"><a class=\"buy\" href=\"https:\/\/lk.virtnum.com\/component\/telecomax?task=buyunregistred\">\u27a1\ufe0fCompra n\u00famero virtual con Crypto \u2b05\ufe0f<\/a><br \/>\n\u2b50\u2b50\u2b50\u2b50\u2b50<br \/>\n<span>Pague con BTC, ETH, USDT, LTC, XMR<\/span><\/p>","protected":false},"excerpt":{"rendered":"<p>Los n\u00fameros virtuales son n\u00fameros de tel\u00e9fono que no est\u00e1n vinculados a un dispositivo o ubicaci\u00f3n espec\u00edfica. En cambio, enrutan llamadas y mensajes a trav\u00e9s de una conexi\u00f3n a Internet. Llave\u2026<\/p>","protected":false},"author":1,"featured_media":0,"parent":0,"menu_order":0,"comment_status":"closed","ping_status":"closed","template":"","meta":{"_acf_changed":false,"footnotes":""},"class_list":["post-714","page","type-page","status-publish","hentry"],"acf":[],"yoast_head":"<!-- This site is optimized with the Yoast SEO plugin v27.4 - https:\/\/yoast.com\/product\/yoast-seo-wordpress\/ -->\n<title>Buy Virtual Numbers with Crypto (USDT, Bitcoin, etc): Secure, Private, and Efficient<\/title>\n<meta name=\"description\" content=\"Discover the benefits of buying virtual phone numbers with Bitcoin, a perfect blend of cryptocurrency and telecommunication that offers privacy, flexibility, and global accessibility. Embrace the digital future with this innovative approach to communication.\" \/>\n<meta name=\"robots\" content=\"index, follow, max-snippet:-1, max-image-preview:large, max-video-preview:-1\" \/>\n<link rel=\"canonical\" href=\"https:\/\/virtnum.com\/es\/buy-with-crypto\/\" \/>\n<meta property=\"og:locale\" content=\"es_ES\" \/>\n<meta property=\"og:type\" content=\"article\" \/>\n<meta property=\"og:title\" content=\"Buy Virtual Numbers with Crypto (USDT, Bitcoin, etc): Secure, Private, and Efficient\" \/>\n<meta property=\"og:description\" content=\"Discover the benefits of buying virtual phone numbers with Bitcoin, a perfect blend of cryptocurrency and telecommunication that offers privacy, flexibility, and global accessibility. Embrace the digital future with this innovative approach to communication.\" \/>\n<meta property=\"og:url\" content=\"https:\/\/virtnum.com\/es\/buy-with-crypto\/\" \/>\n<meta property=\"og:site_name\" content=\"Virtual Local Phone Numbers\" \/>\n<meta property=\"article:modified_time\" content=\"2026-02-18T19:47:12+00:00\" \/>\n<meta name=\"twitter:card\" content=\"summary_large_image\" \/>\n<meta name=\"twitter:label1\" content=\"Tiempo de lectura\" \/>\n\t<meta name=\"twitter:data1\" content=\"2 minutos\" \/>\n<script type=\"application\/ld+json\" class=\"yoast-schema-graph\">{\"@context\":\"https:\\\/\\\/schema.org\",\"@graph\":[{\"@type\":\"WebPage\",\"@id\":\"https:\\\/\\\/virtnum.com\\\/buy-with-crypto\\\/\",\"url\":\"https:\\\/\\\/virtnum.com\\\/buy-with-crypto\\\/\",\"name\":\"Buy Virtual Numbers with Crypto (USDT, Bitcoin, etc): Secure, Private, and Efficient\",\"isPartOf\":{\"@id\":\"https:\\\/\\\/virtnum.com\\\/#website\"},\"datePublished\":\"2023-04-26T10:49:48+00:00\",\"dateModified\":\"2026-02-18T19:47:12+00:00\",\"description\":\"Discover the benefits of buying virtual phone numbers with Bitcoin, a perfect blend of cryptocurrency and telecommunication that offers privacy, flexibility, and global accessibility. Embrace the digital future with this innovative approach to communication.\",\"inLanguage\":\"es\",\"potentialAction\":[{\"@type\":\"ReadAction\",\"target\":[\"https:\\\/\\\/virtnum.com\\\/buy-with-crypto\\\/\"]}]},{\"@type\":\"WebSite\",\"@id\":\"https:\\\/\\\/virtnum.com\\\/#website\",\"url\":\"https:\\\/\\\/virtnum.com\\\/\",\"name\":\"Virtual Local Phone Numbers\",\"description\":\"Buy Virtual Phone Numbers | DID Numbers | VoIP Numbers | Toll-free Numbers | Call forwarding to SIP, VOIP, PBX, Mobile or Fixed Phones\",\"publisher\":{\"@id\":\"https:\\\/\\\/virtnum.com\\\/#organization\"},\"potentialAction\":[{\"@type\":\"SearchAction\",\"target\":{\"@type\":\"EntryPoint\",\"urlTemplate\":\"https:\\\/\\\/virtnum.com\\\/?s={search_term_string}\"},\"query-input\":{\"@type\":\"PropertyValueSpecification\",\"valueRequired\":true,\"valueName\":\"search_term_string\"}}],\"inLanguage\":\"es\"},{\"@type\":\"Organization\",\"@id\":\"https:\\\/\\\/virtnum.com\\\/#organization\",\"name\":\"Virtual Local Phone Numbers\",\"url\":\"https:\\\/\\\/virtnum.com\\\/\",\"logo\":{\"@type\":\"ImageObject\",\"inLanguage\":\"es\",\"@id\":\"https:\\\/\\\/virtnum.com\\\/#\\\/schema\\\/logo\\\/image\\\/\",\"url\":\"https:\\\/\\\/virtnum.com\\\/wp-content\\\/uploads\\\/2022\\\/12\\\/logo-1.png\",\"contentUrl\":\"https:\\\/\\\/virtnum.com\\\/wp-content\\\/uploads\\\/2022\\\/12\\\/logo-1.png\",\"width\":420,\"height\":165,\"caption\":\"Virtual Local Phone Numbers\"},\"image\":{\"@id\":\"https:\\\/\\\/virtnum.com\\\/#\\\/schema\\\/logo\\\/image\\\/\"}}]}<\/script>\n<!-- \/ Yoast SEO plugin. -->","yoast_head_json":{"title":"Compre n\u00fameros virtuales con criptomonedas (USDT, Bitcoin, etc.): seguro, privado y eficiente","description":"Descubra los beneficios de comprar n\u00fameros de tel\u00e9fono virtuales con Bitcoin, una combinaci\u00f3n perfecta de criptomonedas y telecomunicaciones que ofrece privacidad, flexibilidad y accesibilidad global. Abrace el futuro digital con este enfoque innovador de la comunicaci\u00f3n.","robots":{"index":"index","follow":"follow","max-snippet":"max-snippet:-1","max-image-preview":"max-image-preview:large","max-video-preview":"max-video-preview:-1"},"canonical":"https:\/\/virtnum.com\/es\/buy-with-crypto\/","og_locale":"es_ES","og_type":"article","og_title":"Buy Virtual Numbers with Crypto (USDT, Bitcoin, etc): Secure, Private, and Efficient","og_description":"Discover the benefits of buying virtual phone numbers with Bitcoin, a perfect blend of cryptocurrency and telecommunication that offers privacy, flexibility, and global accessibility. Embrace the digital future with this innovative approach to communication.","og_url":"https:\/\/virtnum.com\/es\/buy-with-crypto\/","og_site_name":"Virtual Local Phone Numbers","article_modified_time":"2026-02-18T19:47:12+00:00","twitter_card":"summary_large_image","twitter_misc":{"Tiempo de lectura":"2 minutos"},"schema":{"@context":"https:\/\/schema.org","@graph":[{"@type":"WebPage","@id":"https:\/\/virtnum.com\/buy-with-crypto\/","url":"https:\/\/virtnum.com\/buy-with-crypto\/","name":"Compre n\u00fameros virtuales con criptomonedas (USDT, Bitcoin, etc.): seguro, privado y eficiente","isPartOf":{"@id":"https:\/\/virtnum.com\/#website"},"datePublished":"2023-04-26T10:49:48+00:00","dateModified":"2026-02-18T19:47:12+00:00","description":"Descubra los beneficios de comprar n\u00fameros de tel\u00e9fono virtuales con Bitcoin, una combinaci\u00f3n perfecta de criptomonedas y telecomunicaciones que ofrece privacidad, flexibilidad y accesibilidad global. Abrace el futuro digital con este enfoque innovador de la comunicaci\u00f3n.","inLanguage":"es","potentialAction":[{"@type":"ReadAction","target":["https:\/\/virtnum.com\/buy-with-crypto\/"]}]},{"@type":"WebSite","@id":"https:\/\/virtnum.com\/#website","url":"https:\/\/virtnum.com\/","name":"N\u00fameros de tel\u00e9fono locales virtuales","description":"Comprar n\u00fameros de tel\u00e9fono virtuales | N\u00fameros DID | N\u00fameros VoIP | N\u00fameros gratuitos | Desv\u00edo de llamadas a SIP, VOIP, PBX, Tel\u00e9fonos M\u00f3viles o Fijos","publisher":{"@id":"https:\/\/virtnum.com\/#organization"},"potentialAction":[{"@type":"SearchAction","target":{"@type":"EntryPoint","urlTemplate":"https:\/\/virtnum.com\/?s={search_term_string}"},"query-input":{"@type":"PropertyValueSpecification","valueRequired":true,"valueName":"search_term_string"}}],"inLanguage":"es"},{"@type":"Organization","@id":"https:\/\/virtnum.com\/#organization","name":"N\u00fameros de tel\u00e9fono locales virtuales","url":"https:\/\/virtnum.com\/","logo":{"@type":"ImageObject","inLanguage":"es","@id":"https:\/\/virtnum.com\/#\/schema\/logo\/image\/","url":"https:\/\/virtnum.com\/wp-content\/uploads\/2022\/12\/logo-1.png","contentUrl":"https:\/\/virtnum.com\/wp-content\/uploads\/2022\/12\/logo-1.png","width":420,"height":165,"caption":"Virtual Local Phone Numbers"},"image":{"@id":"https:\/\/virtnum.com\/#\/schema\/logo\/image\/"}}]}},"_links":{"self":[{"href":"https:\/\/virtnum.com\/es\/wp-json\/wp\/v2\/pages\/714","targetHints":{"allow":["GET"]}}],"collection":[{"href":"https:\/\/virtnum.com\/es\/wp-json\/wp\/v2\/pages"}],"about":[{"href":"https:\/\/virtnum.com\/es\/wp-json\/wp\/v2\/types\/page"}],"author":[{"embeddable":true,"href":"https:\/\/virtnum.com\/es\/wp-json\/wp\/v2\/users\/1"}],"replies":[{"embeddable":true,"href":"https:\/\/virtnum.com\/es\/wp-json\/wp\/v2\/comments?post=714"}],"version-history":[{"count":11,"href":"https:\/\/virtnum.com\/es\/wp-json\/wp\/v2\/pages\/714\/revisions"}],"predecessor-version":[{"id":932,"href":"https:\/\/virtnum.com\/es\/wp-json\/wp\/v2\/pages\/714\/revisions\/932"}],"wp:attachment":[{"href":"https:\/\/virtnum.com\/es\/wp-json\/wp\/v2\/media?parent=714"}],"curies":[{"name":"gracias","href":"https:\/\/api.w.org\/{rel}","templated":true}]}}