{"id":820,"date":"2023-10-31T01:51:49","date_gmt":"2023-10-30T21:51:49","guid":{"rendered":"https:\/\/virtnum.com\/?page_id=820"},"modified":"2026-02-02T01:24:52","modified_gmt":"2026-02-01T21:24:52","slug":"home-empty","status":"publish","type":"page","link":"https:\/\/virtnum.com\/es\/","title":{"rendered":"N\u00fameros de tel\u00e9fono virtuales"},"content":{"rendered":"<h2 class=\"wp-block-heading\"><strong>Brindamos n\u00fameros de tel\u00e9fono virtuales y n\u00fameros de marcaci\u00f3n interna directa (DID) en m\u00e1s de 60 pa\u00edses con la mejor calidad al costo m\u00e1s econ\u00f3mico del mercado.<\/strong><\/h2>\n\n\n\n<p>En general, los n\u00fameros de tel\u00e9fono DID virtuales ofrecen una soluci\u00f3n flexible y vers\u00e1til para recibir llamadas telef\u00f3nicas y pueden usarse en una amplia gama de aplicaciones para satisfacer diferentes necesidades.<\/p>\n\n\n\n<p>Los pa\u00edses actualmente admitidos se muestran a continuaci\u00f3n. Visite esta p\u00e1gina peri\u00f3dicamente para comprobar las actualizaciones de cobertura.<\/p>\n\n\n\n\n<!-- Page-list plugin v.5.9 wordpress.org\/plugins\/page-list\/ -->\n<ul class=\"page-list\">\n<li class=\"page_item page-item-243\"><a href=\"https:\/\/virtnum.com\/es\/buy-virtual-phone-number\/albania\/\">Albania<\/a><\/li>\n<li class=\"page_item page-item-248\"><a href=\"https:\/\/virtnum.com\/es\/buy-virtual-phone-number\/algeria\/\">Argelia<\/a><\/li>\n<li class=\"page_item page-item-855\"><a href=\"https:\/\/virtnum.com\/es\/buy-virtual-phone-number\/angola\/\">Angola<\/a><\/li>\n<li class=\"page_item page-item-231\"><a href=\"https:\/\/virtnum.com\/es\/buy-virtual-phone-number\/argentina\/\">Argentina<\/a><\/li>\n<li class=\"page_item page-item-251\"><a href=\"https:\/\/virtnum.com\/es\/buy-virtual-phone-number\/armenia\/\">Armenia<\/a><\/li>\n<li class=\"page_item page-item-175\"><a href=\"https:\/\/virtnum.com\/es\/buy-virtual-phone-number\/australia\/\">Australia<\/a><\/li>\n<li class=\"page_item page-item-216\"><a href=\"https:\/\/virtnum.com\/es\/buy-virtual-phone-number\/austria\/\">Austria<\/a><\/li>\n<li class=\"page_item page-item-254\"><a href=\"https:\/\/virtnum.com\/es\/buy-virtual-phone-number\/azerbaijan\/\">Azerbaiy\u00e1n<\/a><\/li>\n<li class=\"page_item page-item-43\"><a href=\"https:\/\/virtnum.com\/es\/buy-virtual-phone-number\/bahrain-virtual-numbers\/\">Bahr\u00e9in<\/a><\/li>\n<li class=\"page_item page-item-257\"><a href=\"https:\/\/virtnum.com\/es\/buy-virtual-phone-number\/bangladesh\/\">Bangladesh<\/a><\/li>\n<li class=\"page_item page-item-260\"><a href=\"https:\/\/virtnum.com\/es\/buy-virtual-phone-number\/belarus\/\">Bielorrusia<\/a><\/li>\n<li class=\"page_item page-item-237\"><a href=\"https:\/\/virtnum.com\/es\/buy-virtual-phone-number\/belgium\/\">B\u00e9lgica<\/a><\/li>\n<li class=\"page_item page-item-264\"><a href=\"https:\/\/virtnum.com\/es\/buy-virtual-phone-number\/benin\/\">Ben\u00edn<\/a><\/li>\n<li class=\"page_item page-item-268\"><a href=\"https:\/\/virtnum.com\/es\/buy-virtual-phone-number\/bolivia\/\">bolivia<\/a><\/li>\n<li class=\"page_item page-item-858\"><a href=\"https:\/\/virtnum.com\/es\/buy-virtual-phone-number\/bosnia-and-herzegovina\/\">Bosnia y Herzegovina<\/a><\/li>\n<li class=\"page_item page-item-933\"><a href=\"https:\/\/virtnum.com\/es\/buy-virtual-phone-number\/botswana\/\">Botsuana<\/a><\/li>\n<li class=\"page_item page-item-271\"><a href=\"https:\/\/virtnum.com\/es\/buy-virtual-phone-number\/brazil\/\">Brasil<\/a><\/li>\n<li class=\"page_item page-item-274\"><a href=\"https:\/\/virtnum.com\/es\/buy-virtual-phone-number\/bulgaria\/\">Bulgaria<\/a><\/li>\n<li class=\"page_item page-item-937\"><a href=\"https:\/\/virtnum.com\/es\/buy-virtual-phone-number\/cambodia\/\">Camboya<\/a><\/li>\n<li class=\"page_item page-item-939\"><a href=\"https:\/\/virtnum.com\/es\/buy-virtual-phone-number\/cameroon\/\">Camer\u00fan<\/a><\/li>\n<li class=\"page_item page-item-234\"><a href=\"https:\/\/virtnum.com\/es\/buy-virtual-phone-number\/canada\/\">Canad\u00e1<\/a><\/li>\n<li class=\"page_item page-item-277\"><a href=\"https:\/\/virtnum.com\/es\/buy-virtual-phone-number\/cayman-islands\/\">Islas Caim\u00e1n<\/a><\/li>\n<li class=\"page_item page-item-651\"><a href=\"https:\/\/virtnum.com\/es\/buy-virtual-phone-number\/chad\/\">Chad<\/a><\/li>\n<li class=\"page_item page-item-280\"><a href=\"https:\/\/virtnum.com\/es\/buy-virtual-phone-number\/chile\/\">Chile<\/a><\/li>\n<li class=\"page_item page-item-582\"><a href=\"https:\/\/virtnum.com\/es\/buy-virtual-phone-number\/china\/\">Porcelana<\/a><\/li>\n<li class=\"page_item page-item-283\"><a href=\"https:\/\/virtnum.com\/es\/buy-virtual-phone-number\/colombia\/\">Colombia<\/a><\/li>\n<li class=\"page_item page-item-286\"><a href=\"https:\/\/virtnum.com\/es\/buy-virtual-phone-number\/costa-rica\/\">Costa Rica<\/a><\/li>\n<li class=\"page_item page-item-289\"><a href=\"https:\/\/virtnum.com\/es\/buy-virtual-phone-number\/croatia\/\">Croacia<\/a><\/li>\n<li class=\"page_item page-item-941\"><a href=\"https:\/\/virtnum.com\/es\/buy-virtual-phone-number\/cuba\/\">Cuba<\/a><\/li>\n<li class=\"page_item page-item-292\"><a href=\"https:\/\/virtnum.com\/es\/buy-virtual-phone-number\/cyprus\/\">Chipre<\/a><\/li>\n<li class=\"page_item page-item-295\"><a href=\"https:\/\/virtnum.com\/es\/buy-virtual-phone-number\/czech-republic\/\">Rep\u00fablica Checa<\/a><\/li>\n<li class=\"page_item page-item-298\"><a href=\"https:\/\/virtnum.com\/es\/buy-virtual-phone-number\/denmark\/\">Dinamarca<\/a><\/li>\n<li class=\"page_item page-item-313\"><a href=\"https:\/\/virtnum.com\/es\/buy-virtual-phone-number\/dominican-republic\/\">Rep\u00fablica Dominicana<\/a><\/li>\n<li class=\"page_item page-item-316\"><a href=\"https:\/\/virtnum.com\/es\/buy-virtual-phone-number\/ecuador\/\">Ecuador<\/a><\/li>\n<li class=\"page_item page-item-319\"><a href=\"https:\/\/virtnum.com\/es\/buy-virtual-phone-number\/egypt\/\">Egipto<\/a><\/li>\n<li class=\"page_item page-item-322\"><a href=\"https:\/\/virtnum.com\/es\/buy-virtual-phone-number\/el-salvador\/\">El Salvador<\/a><\/li>\n<li class=\"page_item page-item-325\"><a href=\"https:\/\/virtnum.com\/es\/buy-virtual-phone-number\/estonia\/\">Estonia<\/a><\/li>\n<li class=\"page_item page-item-911\"><a href=\"https:\/\/virtnum.com\/es\/buy-virtual-phone-number\/ethiopia\/\">Etiop\u00eda<\/a><\/li>\n<li class=\"page_item page-item-328\"><a href=\"https:\/\/virtnum.com\/es\/buy-virtual-phone-number\/finland\/\">Finlandia<\/a><\/li>\n<li class=\"page_item page-item-222\"><a href=\"https:\/\/virtnum.com\/es\/buy-virtual-phone-number\/france\/\">Francia<\/a><\/li>\n<li class=\"page_item page-item-331\"><a href=\"https:\/\/virtnum.com\/es\/buy-virtual-phone-number\/georgia\/\">Georgia<\/a><\/li>\n<li class=\"page_item page-item-334\"><a href=\"https:\/\/virtnum.com\/es\/buy-virtual-phone-number\/germany\/\">Alemania<\/a><\/li>\n<li class=\"page_item page-item-337\"><a href=\"https:\/\/virtnum.com\/es\/buy-virtual-phone-number\/ghana\/\">Ghana<\/a><\/li>\n<li class=\"page_item page-item-340\"><a href=\"https:\/\/virtnum.com\/es\/buy-virtual-phone-number\/gibraltar\/\">Gibraltar<\/a><\/li>\n<li class=\"page_item page-item-343\"><a href=\"https:\/\/virtnum.com\/es\/buy-virtual-phone-number\/greece\/\">Grecia<\/a><\/li>\n<li class=\"page_item page-item-346\"><a href=\"https:\/\/virtnum.com\/es\/buy-virtual-phone-number\/guatemala\/\">Guatemala<\/a><\/li>\n<li class=\"page_item page-item-943\"><a href=\"https:\/\/virtnum.com\/es\/buy-virtual-phone-number\/haiti\/\">Hait\u00ed<\/a><\/li>\n<li class=\"page_item page-item-349\"><a href=\"https:\/\/virtnum.com\/es\/buy-virtual-phone-number\/hong-kong\/\">Hong Kong<\/a><\/li>\n<li class=\"page_item page-item-352\"><a href=\"https:\/\/virtnum.com\/es\/buy-virtual-phone-number\/hungary\/\">Hungr\u00eda<\/a><\/li>\n<li class=\"page_item page-item-357\"><a href=\"https:\/\/virtnum.com\/es\/buy-virtual-phone-number\/iceland\/\">Islandia<\/a><\/li>\n<li class=\"page_item page-item-360\"><a href=\"https:\/\/virtnum.com\/es\/buy-virtual-phone-number\/india\/\">India<\/a><\/li>\n<li class=\"page_item page-item-363\"><a href=\"https:\/\/virtnum.com\/es\/buy-virtual-phone-number\/indonesia\/\">Indonesia<\/a><\/li>\n<li class=\"page_item page-item-366\"><a href=\"https:\/\/virtnum.com\/es\/buy-virtual-phone-number\/iraq\/\">Irak<\/a><\/li>\n<li class=\"page_item page-item-369\"><a href=\"https:\/\/virtnum.com\/es\/buy-virtual-phone-number\/ireland\/\">Irlanda<\/a><\/li>\n<li class=\"page_item page-item-372\"><a href=\"https:\/\/virtnum.com\/es\/buy-virtual-phone-number\/israel\/\">Israel<\/a><\/li>\n<li class=\"page_item page-item-375\"><a href=\"https:\/\/virtnum.com\/es\/buy-virtual-phone-number\/italy\/\">Italia<\/a><\/li>\n<li class=\"page_item page-item-378\"><a href=\"https:\/\/virtnum.com\/es\/buy-virtual-phone-number\/ivory-coast\/\">Costa de Marfil<\/a><\/li>\n<li class=\"page_item page-item-381\"><a href=\"https:\/\/virtnum.com\/es\/buy-virtual-phone-number\/japan\/\">Jap\u00f3n<\/a><\/li>\n<li class=\"page_item page-item-384\"><a href=\"https:\/\/virtnum.com\/es\/buy-virtual-phone-number\/kazakhstan\/\">Kazajst\u00e1n<\/a><\/li>\n<li class=\"page_item page-item-387\"><a href=\"https:\/\/virtnum.com\/es\/buy-virtual-phone-number\/kenya\/\">Kenia<\/a><\/li>\n<li class=\"page_item page-item-390\"><a href=\"https:\/\/virtnum.com\/es\/buy-virtual-phone-number\/kuwait\/\">Kuwait<\/a><\/li>\n<li class=\"page_item page-item-393\"><a href=\"https:\/\/virtnum.com\/es\/buy-virtual-phone-number\/kyrgyzstan\/\">Kirguist\u00e1n<\/a><\/li>\n<li class=\"page_item page-item-396\"><a href=\"https:\/\/virtnum.com\/es\/buy-virtual-phone-number\/latvia\/\">Letonia<\/a><\/li>\n<li class=\"page_item page-item-240\"><a href=\"https:\/\/virtnum.com\/es\/buy-virtual-phone-number\/lithuania\/\">Lituania<\/a><\/li>\n<li class=\"page_item page-item-399\"><a href=\"https:\/\/virtnum.com\/es\/buy-virtual-phone-number\/luxembourg\/\">Luxemburgo<\/a><\/li>\n<li class=\"page_item page-item-403\"><a href=\"https:\/\/virtnum.com\/es\/buy-virtual-phone-number\/macedonia\/\">macedonia<\/a><\/li>\n<li class=\"page_item page-item-406\"><a href=\"https:\/\/virtnum.com\/es\/buy-virtual-phone-number\/malaysia\/\">Malasia<\/a><\/li>\n<li class=\"page_item page-item-409\"><a href=\"https:\/\/virtnum.com\/es\/buy-virtual-phone-number\/malta\/\">Malta<\/a><\/li>\n<li class=\"page_item page-item-412\"><a href=\"https:\/\/virtnum.com\/es\/buy-virtual-phone-number\/mauritius\/\">Mauricio<\/a><\/li>\n<li class=\"page_item page-item-415\"><a href=\"https:\/\/virtnum.com\/es\/buy-virtual-phone-number\/mexico\/\">M\u00e9xico<\/a><\/li>\n<li class=\"page_item page-item-418\"><a href=\"https:\/\/virtnum.com\/es\/buy-virtual-phone-number\/moldova\/\">Moldavia<\/a><\/li>\n<li class=\"page_item page-item-424\"><a href=\"https:\/\/virtnum.com\/es\/buy-virtual-phone-number\/monaco\/\">M\u00f3naco<\/a><\/li>\n<li class=\"page_item page-item-427\"><a href=\"https:\/\/virtnum.com\/es\/buy-virtual-phone-number\/morocco\/\">Marruecos<\/a><\/li>\n<li class=\"page_item page-item-917\"><a href=\"https:\/\/virtnum.com\/es\/buy-virtual-phone-number\/mozambique\/\">Mozambique<\/a><\/li>\n<li class=\"page_item page-item-945\"><a href=\"https:\/\/virtnum.com\/es\/buy-virtual-phone-number\/myanmar\/\">Myanmar<\/a><\/li>\n<li class=\"page_item page-item-430\"><a href=\"https:\/\/virtnum.com\/es\/buy-virtual-phone-number\/namibia\/\">Namibia<\/a><\/li>\n<li class=\"page_item page-item-947\"><a href=\"https:\/\/virtnum.com\/es\/buy-virtual-phone-number\/nepal\/\">Nepal<\/a><\/li>\n<li class=\"page_item page-item-433\"><a href=\"https:\/\/virtnum.com\/es\/buy-virtual-phone-number\/netherlands\/\">Pa\u00edses Bajos<\/a><\/li>\n<li class=\"page_item page-item-436\"><a href=\"https:\/\/virtnum.com\/es\/buy-virtual-phone-number\/new-zealand\/\">Nueva Zelanda<\/a><\/li>\n<li class=\"page_item page-item-439\"><a href=\"https:\/\/virtnum.com\/es\/buy-virtual-phone-number\/nicaragua\/\">Nicaragua<\/a><\/li>\n<li class=\"page_item page-item-442\"><a href=\"https:\/\/virtnum.com\/es\/buy-virtual-phone-number\/nigeria\/\">Nigeria<\/a><\/li>\n<li class=\"page_item page-item-445\"><a href=\"https:\/\/virtnum.com\/es\/buy-virtual-phone-number\/norway\/\">Noruega<\/a><\/li>\n<li class=\"page_item page-item-448\"><a href=\"https:\/\/virtnum.com\/es\/buy-virtual-phone-number\/pakistan\/\">Pakist\u00e1n<\/a><\/li>\n<li class=\"page_item page-item-451\"><a href=\"https:\/\/virtnum.com\/es\/buy-virtual-phone-number\/panama\/\">Panam\u00e1<\/a><\/li>\n<li class=\"page_item page-item-454\"><a href=\"https:\/\/virtnum.com\/es\/buy-virtual-phone-number\/paraguay\/\">Paraguay<\/a><\/li>\n<li class=\"page_item page-item-457\"><a href=\"https:\/\/virtnum.com\/es\/buy-virtual-phone-number\/peru\/\">Per\u00fa<\/a><\/li>\n<li class=\"page_item page-item-460\"><a href=\"https:\/\/virtnum.com\/es\/buy-virtual-phone-number\/philippines\/\">Filipinas<\/a><\/li>\n<li class=\"page_item page-item-463\"><a href=\"https:\/\/virtnum.com\/es\/buy-virtual-phone-number\/poland\/\">Polonia<\/a><\/li>\n<li class=\"page_item page-item-479\"><a href=\"https:\/\/virtnum.com\/es\/buy-virtual-phone-number\/portugal\/\">Portugal<\/a><\/li>\n<li class=\"page_item page-item-482\"><a href=\"https:\/\/virtnum.com\/es\/buy-virtual-phone-number\/puerto-rico\/\">Puerto Rico<\/a><\/li>\n<li class=\"page_item page-item-485\"><a href=\"https:\/\/virtnum.com\/es\/buy-virtual-phone-number\/romania\/\">Rumania<\/a><\/li>\n<li class=\"page_item page-item-488\"><a href=\"https:\/\/virtnum.com\/es\/buy-virtual-phone-number\/russia\/\">Rusia<\/a><\/li>\n<li class=\"page_item page-item-847\"><a href=\"https:\/\/virtnum.com\/es\/buy-virtual-phone-number\/saudi-arabia\/\">Arabia Saudita<\/a><\/li>\n<li class=\"page_item page-item-491\"><a href=\"https:\/\/virtnum.com\/es\/buy-virtual-phone-number\/serbia\/\">Serbia<\/a><\/li>\n<li class=\"page_item page-item-494\"><a href=\"https:\/\/virtnum.com\/es\/buy-virtual-phone-number\/singapore\/\">Singapur<\/a><\/li>\n<li class=\"page_item page-item-497\"><a href=\"https:\/\/virtnum.com\/es\/buy-virtual-phone-number\/slovakia\/\">Eslovaquia<\/a><\/li>\n<li class=\"page_item page-item-500\"><a href=\"https:\/\/virtnum.com\/es\/buy-virtual-phone-number\/slovenia\/\">Eslovenia<\/a><\/li>\n<li class=\"page_item page-item-503\"><a href=\"https:\/\/virtnum.com\/es\/buy-virtual-phone-number\/south-africa\/\">Sud\u00e1frica<\/a><\/li>\n<li class=\"page_item page-item-506\"><a href=\"https:\/\/virtnum.com\/es\/buy-virtual-phone-number\/south-korea\/\">Corea del Sur<\/a><\/li>\n<li class=\"page_item page-item-509\"><a href=\"https:\/\/virtnum.com\/es\/buy-virtual-phone-number\/spain\/\">Espa\u00f1a<\/a><\/li>\n<li class=\"page_item page-item-512\"><a href=\"https:\/\/virtnum.com\/es\/buy-virtual-phone-number\/sri-lanka\/\">Sri Lanka<\/a><\/li>\n<li class=\"page_item page-item-515\"><a href=\"https:\/\/virtnum.com\/es\/buy-virtual-phone-number\/sweden\/\">Suecia<\/a><\/li>\n<li class=\"page_item page-item-518\"><a href=\"https:\/\/virtnum.com\/es\/buy-virtual-phone-number\/switzerland\/\">Suiza<\/a><\/li>\n<li class=\"page_item page-item-521\"><a href=\"https:\/\/virtnum.com\/es\/buy-virtual-phone-number\/taiwan\/\">Taiw\u00e1n<\/a><\/li>\n<li class=\"page_item page-item-524\"><a href=\"https:\/\/virtnum.com\/es\/buy-virtual-phone-number\/tanzania\/\">Tanzania<\/a><\/li>\n<li class=\"page_item page-item-527\"><a href=\"https:\/\/virtnum.com\/es\/buy-virtual-phone-number\/thailand\/\">Tailandia<\/a><\/li>\n<li class=\"page_item page-item-530\"><a href=\"https:\/\/virtnum.com\/es\/buy-virtual-phone-number\/turkey\/\">Pavo<\/a><\/li>\n<li class=\"page_item page-item-536\"><a href=\"https:\/\/virtnum.com\/es\/buy-virtual-phone-number\/uganda\/\">Uganda<\/a><\/li>\n<li class=\"page_item page-item-539\"><a href=\"https:\/\/virtnum.com\/es\/buy-virtual-phone-number\/ukraine\/\">Ucrania<\/a><\/li>\n<li class=\"page_item page-item-542\"><a href=\"https:\/\/virtnum.com\/es\/buy-virtual-phone-number\/united-arab-emirates\/\">Emiratos \u00c1rabes Unidos<\/a><\/li>\n<li class=\"page_item page-item-545\"><a href=\"https:\/\/virtnum.com\/es\/buy-virtual-phone-number\/united-kingdom\/\">Reino Unido<\/a><\/li>\n<li class=\"page_item page-item-548\"><a href=\"https:\/\/virtnum.com\/es\/buy-virtual-phone-number\/uruguay\/\">Uruguay<\/a><\/li>\n<li class=\"page_item page-item-533\"><a href=\"https:\/\/virtnum.com\/es\/buy-virtual-phone-number\/usa\/\">EE.UU<\/a><\/li>\n<li class=\"page_item page-item-551\"><a href=\"https:\/\/virtnum.com\/es\/buy-virtual-phone-number\/uzbekistan\/\">Uzbekist\u00e1n<\/a><\/li>\n<li class=\"page_item page-item-554\"><a href=\"https:\/\/virtnum.com\/es\/buy-virtual-phone-number\/venezuela\/\">Venezuela<\/a><\/li>\n<li class=\"page_item page-item-949\"><a href=\"https:\/\/virtnum.com\/es\/buy-virtual-phone-number\/vietnam\/\">Vietnam<\/a><\/li>\n\n<\/ul>","protected":false},"excerpt":{"rendered":"<p>Proporcionamos n\u00fameros de tel\u00e9fono virtuales y n\u00fameros de marcaci\u00f3n interna directa (DID) en m\u00e1s de 60 pa\u00edses con la mejor calidad al costo m\u00e1s barato del...<\/p>","protected":false},"author":1,"featured_media":0,"parent":0,"menu_order":0,"comment_status":"closed","ping_status":"closed","template":"","meta":{"_acf_changed":false,"footnotes":""},"class_list":["post-820","page","type-page","status-publish","hentry"],"acf":[],"yoast_head":"<!-- This site is optimized with the Yoast SEO plugin v27.4 - https:\/\/yoast.com\/product\/yoast-seo-wordpress\/ -->\n<title>Buy virtual phone numbers online - pay with crypto<\/title>\n<meta name=\"description\" content=\"Buy Virtual Phone Numbers with Unlimited Minutes | DID Numbers | VoIP Numbers | Toll-free Numbers | Call forwarding to SIP, VOIP, PBX, Mobile or Fixed Phones\" \/>\n<meta name=\"robots\" content=\"index, follow, max-snippet:-1, max-image-preview:large, max-video-preview:-1\" \/>\n<link rel=\"canonical\" href=\"https:\/\/virtnum.com\/es\/\" \/>\n<meta property=\"og:locale\" content=\"es_ES\" \/>\n<meta property=\"og:type\" content=\"article\" \/>\n<meta property=\"og:title\" content=\"Buy virtual phone numbers online - pay with crypto\" \/>\n<meta property=\"og:description\" content=\"Buy Virtual Phone Numbers with Unlimited Minutes | DID Numbers | VoIP Numbers | Toll-free Numbers | Call forwarding to SIP, VOIP, PBX, Mobile or Fixed Phones\" \/>\n<meta property=\"og:url\" content=\"https:\/\/virtnum.com\/es\/\" \/>\n<meta property=\"og:site_name\" content=\"Virtual Local Phone Numbers\" \/>\n<meta property=\"article:modified_time\" content=\"2026-02-01T21:24:52+00:00\" \/>\n<meta name=\"twitter:card\" content=\"summary_large_image\" \/>\n<meta name=\"twitter:label1\" content=\"Tiempo de lectura\" \/>\n\t<meta name=\"twitter:data1\" content=\"1 minuto\" \/>\n<script type=\"application\/ld+json\" class=\"yoast-schema-graph\">{\"@context\":\"https:\\\/\\\/schema.org\",\"@graph\":[{\"@type\":\"WebPage\",\"@id\":\"https:\\\/\\\/virtnum.com\\\/\",\"url\":\"https:\\\/\\\/virtnum.com\\\/\",\"name\":\"Buy virtual phone numbers online - pay with crypto\",\"isPartOf\":{\"@id\":\"https:\\\/\\\/virtnum.com\\\/#website\"},\"datePublished\":\"2023-10-30T21:51:49+00:00\",\"dateModified\":\"2026-02-01T21:24:52+00:00\",\"description\":\"Buy Virtual Phone Numbers with Unlimited Minutes | DID Numbers | VoIP Numbers | Toll-free Numbers | Call forwarding to SIP, VOIP, PBX, Mobile or Fixed Phones\",\"inLanguage\":\"es\",\"potentialAction\":[{\"@type\":\"ReadAction\",\"target\":[\"https:\\\/\\\/virtnum.com\\\/\"]}]},{\"@type\":\"WebSite\",\"@id\":\"https:\\\/\\\/virtnum.com\\\/#website\",\"url\":\"https:\\\/\\\/virtnum.com\\\/\",\"name\":\"Virtual Local Phone Numbers\",\"description\":\"Buy Virtual Phone Numbers | DID Numbers | VoIP Numbers | Toll-free Numbers | Call forwarding to SIP, VOIP, PBX, Mobile or Fixed Phones\",\"publisher\":{\"@id\":\"https:\\\/\\\/virtnum.com\\\/#organization\"},\"potentialAction\":[{\"@type\":\"SearchAction\",\"target\":{\"@type\":\"EntryPoint\",\"urlTemplate\":\"https:\\\/\\\/virtnum.com\\\/?s={search_term_string}\"},\"query-input\":{\"@type\":\"PropertyValueSpecification\",\"valueRequired\":true,\"valueName\":\"search_term_string\"}}],\"inLanguage\":\"es\"},{\"@type\":\"Organization\",\"@id\":\"https:\\\/\\\/virtnum.com\\\/#organization\",\"name\":\"Virtual Local Phone Numbers\",\"url\":\"https:\\\/\\\/virtnum.com\\\/\",\"logo\":{\"@type\":\"ImageObject\",\"inLanguage\":\"es\",\"@id\":\"https:\\\/\\\/virtnum.com\\\/#\\\/schema\\\/logo\\\/image\\\/\",\"url\":\"https:\\\/\\\/virtnum.com\\\/wp-content\\\/uploads\\\/2022\\\/12\\\/logo-1.png\",\"contentUrl\":\"https:\\\/\\\/virtnum.com\\\/wp-content\\\/uploads\\\/2022\\\/12\\\/logo-1.png\",\"width\":420,\"height\":165,\"caption\":\"Virtual Local Phone Numbers\"},\"image\":{\"@id\":\"https:\\\/\\\/virtnum.com\\\/#\\\/schema\\\/logo\\\/image\\\/\"}}]}<\/script>\n<!-- \/ Yoast SEO plugin. -->","yoast_head_json":{"title":"Compra n\u00fameros de tel\u00e9fono virtuales en l\u00ednea: paga con criptomonedas","description":"Compre n\u00fameros de tel\u00e9fono virtuales con minutos ilimitados | N\u00fameros DID | N\u00fameros VoIP | N\u00fameros gratuitos | Desv\u00edo de llamadas a SIP, VOIP, PBX, Tel\u00e9fonos M\u00f3viles o Fijos","robots":{"index":"index","follow":"follow","max-snippet":"max-snippet:-1","max-image-preview":"max-image-preview:large","max-video-preview":"max-video-preview:-1"},"canonical":"https:\/\/virtnum.com\/es\/","og_locale":"es_ES","og_type":"article","og_title":"Buy virtual phone numbers online - pay with crypto","og_description":"Buy Virtual Phone Numbers with Unlimited Minutes | DID Numbers | VoIP Numbers | Toll-free Numbers | Call forwarding to SIP, VOIP, PBX, Mobile or Fixed Phones","og_url":"https:\/\/virtnum.com\/es\/","og_site_name":"Virtual Local Phone Numbers","article_modified_time":"2026-02-01T21:24:52+00:00","twitter_card":"summary_large_image","twitter_misc":{"Tiempo de lectura":"1 minuto"},"schema":{"@context":"https:\/\/schema.org","@graph":[{"@type":"WebPage","@id":"https:\/\/virtnum.com\/","url":"https:\/\/virtnum.com\/","name":"Compra n\u00fameros de tel\u00e9fono virtuales en l\u00ednea: paga con criptomonedas","isPartOf":{"@id":"https:\/\/virtnum.com\/#website"},"datePublished":"2023-10-30T21:51:49+00:00","dateModified":"2026-02-01T21:24:52+00:00","description":"Compre n\u00fameros de tel\u00e9fono virtuales con minutos ilimitados | N\u00fameros DID | N\u00fameros VoIP | N\u00fameros gratuitos | Desv\u00edo de llamadas a SIP, VOIP, PBX, Tel\u00e9fonos M\u00f3viles o Fijos","inLanguage":"es","potentialAction":[{"@type":"ReadAction","target":["https:\/\/virtnum.com\/"]}]},{"@type":"WebSite","@id":"https:\/\/virtnum.com\/#website","url":"https:\/\/virtnum.com\/","name":"N\u00fameros de tel\u00e9fono locales virtuales","description":"Comprar n\u00fameros de tel\u00e9fono virtuales | N\u00fameros DID | N\u00fameros VoIP | N\u00fameros gratuitos | Desv\u00edo de llamadas a SIP, VOIP, PBX, Tel\u00e9fonos M\u00f3viles o Fijos","publisher":{"@id":"https:\/\/virtnum.com\/#organization"},"potentialAction":[{"@type":"SearchAction","target":{"@type":"EntryPoint","urlTemplate":"https:\/\/virtnum.com\/?s={search_term_string}"},"query-input":{"@type":"PropertyValueSpecification","valueRequired":true,"valueName":"search_term_string"}}],"inLanguage":"es"},{"@type":"Organization","@id":"https:\/\/virtnum.com\/#organization","name":"N\u00fameros de tel\u00e9fono locales virtuales","url":"https:\/\/virtnum.com\/","logo":{"@type":"ImageObject","inLanguage":"es","@id":"https:\/\/virtnum.com\/#\/schema\/logo\/image\/","url":"https:\/\/virtnum.com\/wp-content\/uploads\/2022\/12\/logo-1.png","contentUrl":"https:\/\/virtnum.com\/wp-content\/uploads\/2022\/12\/logo-1.png","width":420,"height":165,"caption":"Virtual Local Phone Numbers"},"image":{"@id":"https:\/\/virtnum.com\/#\/schema\/logo\/image\/"}}]}},"_links":{"self":[{"href":"https:\/\/virtnum.com\/es\/wp-json\/wp\/v2\/pages\/820","targetHints":{"allow":["GET"]}}],"collection":[{"href":"https:\/\/virtnum.com\/es\/wp-json\/wp\/v2\/pages"}],"about":[{"href":"https:\/\/virtnum.com\/es\/wp-json\/wp\/v2\/types\/page"}],"author":[{"embeddable":true,"href":"https:\/\/virtnum.com\/es\/wp-json\/wp\/v2\/users\/1"}],"replies":[{"embeddable":true,"href":"https:\/\/virtnum.com\/es\/wp-json\/wp\/v2\/comments?post=820"}],"version-history":[{"count":3,"href":"https:\/\/virtnum.com\/es\/wp-json\/wp\/v2\/pages\/820\/revisions"}],"predecessor-version":[{"id":915,"href":"https:\/\/virtnum.com\/es\/wp-json\/wp\/v2\/pages\/820\/revisions\/915"}],"wp:attachment":[{"href":"https:\/\/virtnum.com\/es\/wp-json\/wp\/v2\/media?parent=820"}],"curies":[{"name":"gracias","href":"https:\/\/api.w.org\/{rel}","templated":true}]}}