{"id":862,"date":"2024-08-14T05:53:36","date_gmt":"2024-08-14T01:53:36","guid":{"rendered":"https:\/\/virtnum.com\/?page_id=862"},"modified":"2026-03-12T01:12:37","modified_gmt":"2026-03-11T21:12:37","slug":"sms-numbers","status":"publish","type":"page","link":"https:\/\/virtnum.com\/es\/sms-numbers\/","title":{"rendered":"N\u00fameros SMS virtuales"},"content":{"rendered":"<p>Tome el control de su estrategia de mensajer\u00eda con los n\u00fameros SMS virtuales de Virtnum. Active al instante n\u00fameros de m\u00e1s de 100 pa\u00edses y comience a enviar y recibir mensajes SMS sin la necesidad de una tarjeta SIM f\u00edsica. Nuestros n\u00fameros virtuales son perfectos para empresas de todos los tama\u00f1os, ya que le permiten mantener una presencia local, interactuar con los clientes directamente y agilizar sus comunicaciones. Ya sea que est\u00e9 realizando campa\u00f1as de marketing o administrando el servicio de atenci\u00f3n al cliente, los n\u00fameros SMS virtuales de Virtnum brindan una soluci\u00f3n sin complicaciones para satisfacer sus necesidades.<\/p>\n\n\n\n<p align=\"center\"><a href=\"https:\/\/lk.virtnum.com\/en\/component\/telecomax?task=buyunregistred&#038;type=sms\" class=\"buy\">Comprar n\u00famero SMS virtual<\/a><\/p>\n\n\n\n<h3 class=\"wp-block-heading\">\u00bfPor qu\u00e9 elegir Virtnum.com para n\u00fameros SMS virtuales?<\/h3>\n\n\n\n<p>Virtnum ofrece una plataforma s\u00f3lida con una confiabilidad inigualable y un alcance global. Nuestros n\u00fameros SMS virtuales no solo son f\u00e1ciles de configurar, sino que tambi\u00e9n vienen con una variedad de funciones dise\u00f1adas para optimizar sus capacidades de mensajer\u00eda. Disfrute de funciones como mensajer\u00eda bidireccional, respuestas autom\u00e1ticas e informes de entrega en tiempo real, todo mientras mantiene su n\u00famero personal privado. Con precios competitivos y soporte las 24 horas, los 7 d\u00edas de la semana, Virtnum garantiza que las comunicaciones de su empresa siempre funcionen sin problemas, sin importar d\u00f3nde se encuentren sus clientes.<\/p>\n\n\n\n<p align=\"center\"><a href=\"https:\/\/lk.virtnum.com\/en\/component\/telecomax?task=buyunregistred&#038;type=sms\" class=\"buy\">Comprar n\u00famero SMS virtual<\/a><\/p>\n\n\n\n<h3 class=\"wp-block-heading\">C\u00f3mo funciona<\/h3>\n\n\n\n<p>Comenzar a usar Virtnum es r\u00e1pido y f\u00e1cil. Elige tu n\u00famero de SMS virtual preferido de nuestro amplio inventario, selecciona el plan que desees y \u00a1listo! Nuestro panel de control f\u00e1cil de usar te permite administrar todos tus n\u00fameros, hacer un seguimiento de tu actividad de SMS y acceder a funciones avanzadas con solo unos clics. <\/p>\n\n\n\n<p><\/p>","protected":false},"excerpt":{"rendered":"<p>Tome el control de su estrategia de mensajer\u00eda con los n\u00fameros SMS virtuales de Virtnum. Active al instante n\u00fameros de m\u00e1s de 100 pa\u00edses y comience a enviar y recibir mensajes SMS...<\/p>","protected":false},"author":1,"featured_media":0,"parent":0,"menu_order":0,"comment_status":"closed","ping_status":"closed","template":"","meta":{"_acf_changed":false,"footnotes":""},"class_list":["post-862","page","type-page","status-publish","hentry"],"acf":[],"yoast_head":"<!-- This site is optimized with the Yoast SEO plugin v27.3 - https:\/\/yoast.com\/product\/yoast-seo-wordpress\/ -->\n<title>Virtual SMS Numbers - Virtual Local Phone Numbers<\/title>\n<meta name=\"description\" content=\"Buy virtual SMS numbers from 100+ countries instantly. No SIM card needed. Two-way messaging, real-time delivery reports &amp; 24\/7 support. Start today \u2014 Virtnum.\" \/>\n<meta name=\"robots\" content=\"index, follow, max-snippet:-1, max-image-preview:large, max-video-preview:-1\" \/>\n<link rel=\"canonical\" href=\"https:\/\/virtnum.com\/es\/sms-numbers\/\" \/>\n<meta property=\"og:locale\" content=\"es_ES\" \/>\n<meta property=\"og:type\" content=\"article\" \/>\n<meta property=\"og:title\" content=\"Virtual SMS Numbers - Virtual Local Phone Numbers\" \/>\n<meta property=\"og:description\" content=\"Buy virtual SMS numbers from 100+ countries instantly. No SIM card needed. Two-way messaging, real-time delivery reports &amp; 24\/7 support. Start today \u2014 Virtnum.\" \/>\n<meta property=\"og:url\" content=\"https:\/\/virtnum.com\/es\/sms-numbers\/\" \/>\n<meta property=\"og:site_name\" content=\"Virtual Local Phone Numbers\" \/>\n<meta property=\"article:modified_time\" content=\"2026-03-11T21:12:37+00:00\" \/>\n<meta name=\"twitter:card\" content=\"summary_large_image\" \/>\n<meta name=\"twitter:label1\" content=\"Tiempo de lectura\" \/>\n\t<meta name=\"twitter:data1\" content=\"1 minuto\" \/>\n<script type=\"application\/ld+json\" class=\"yoast-schema-graph\">{\"@context\":\"https:\\\/\\\/schema.org\",\"@graph\":[{\"@type\":\"WebPage\",\"@id\":\"https:\\\/\\\/virtnum.com\\\/sms-numbers\\\/\",\"url\":\"https:\\\/\\\/virtnum.com\\\/sms-numbers\\\/\",\"name\":\"Virtual SMS Numbers - Virtual Local Phone Numbers\",\"isPartOf\":{\"@id\":\"https:\\\/\\\/virtnum.com\\\/#website\"},\"datePublished\":\"2024-08-14T01:53:36+00:00\",\"dateModified\":\"2026-03-11T21:12:37+00:00\",\"description\":\"Buy virtual SMS numbers from 100+ countries instantly. No SIM card needed. Two-way messaging, real-time delivery reports & 24\\\/7 support. Start today \u2014 Virtnum.\",\"inLanguage\":\"es\",\"potentialAction\":[{\"@type\":\"ReadAction\",\"target\":[\"https:\\\/\\\/virtnum.com\\\/sms-numbers\\\/\"]}]},{\"@type\":\"WebSite\",\"@id\":\"https:\\\/\\\/virtnum.com\\\/#website\",\"url\":\"https:\\\/\\\/virtnum.com\\\/\",\"name\":\"Virtual Local Phone Numbers\",\"description\":\"Buy Virtual Phone Numbers | DID Numbers | VoIP Numbers | Toll-free Numbers | Call forwarding to SIP, VOIP, PBX, Mobile or Fixed Phones\",\"publisher\":{\"@id\":\"https:\\\/\\\/virtnum.com\\\/#organization\"},\"potentialAction\":[{\"@type\":\"SearchAction\",\"target\":{\"@type\":\"EntryPoint\",\"urlTemplate\":\"https:\\\/\\\/virtnum.com\\\/?s={search_term_string}\"},\"query-input\":{\"@type\":\"PropertyValueSpecification\",\"valueRequired\":true,\"valueName\":\"search_term_string\"}}],\"inLanguage\":\"es\"},{\"@type\":\"Organization\",\"@id\":\"https:\\\/\\\/virtnum.com\\\/#organization\",\"name\":\"Virtual Local Phone Numbers\",\"url\":\"https:\\\/\\\/virtnum.com\\\/\",\"logo\":{\"@type\":\"ImageObject\",\"inLanguage\":\"es\",\"@id\":\"https:\\\/\\\/virtnum.com\\\/#\\\/schema\\\/logo\\\/image\\\/\",\"url\":\"https:\\\/\\\/virtnum.com\\\/wp-content\\\/uploads\\\/2022\\\/12\\\/logo-1.png\",\"contentUrl\":\"https:\\\/\\\/virtnum.com\\\/wp-content\\\/uploads\\\/2022\\\/12\\\/logo-1.png\",\"width\":420,\"height\":165,\"caption\":\"Virtual Local Phone Numbers\"},\"image\":{\"@id\":\"https:\\\/\\\/virtnum.com\\\/#\\\/schema\\\/logo\\\/image\\\/\"}}]}<\/script>\n<!-- \/ Yoast SEO plugin. -->","yoast_head_json":{"title":"N\u00fameros SMS virtuales - N\u00fameros telef\u00f3nicos locales virtuales","description":"Compra n\u00fameros SMS virtuales de m\u00e1s de 100 pa\u00edses al instante. No necesitas tarjeta SIM. Mensajer\u00eda bidireccional, informes de entrega en tiempo real y soporte 24\/7. Empieza hoy mismo: Virtnum.","robots":{"index":"index","follow":"follow","max-snippet":"max-snippet:-1","max-image-preview":"max-image-preview:large","max-video-preview":"max-video-preview:-1"},"canonical":"https:\/\/virtnum.com\/es\/sms-numbers\/","og_locale":"es_ES","og_type":"article","og_title":"Virtual SMS Numbers - Virtual Local Phone Numbers","og_description":"Buy virtual SMS numbers from 100+ countries instantly. No SIM card needed. Two-way messaging, real-time delivery reports & 24\/7 support. Start today \u2014 Virtnum.","og_url":"https:\/\/virtnum.com\/es\/sms-numbers\/","og_site_name":"Virtual Local Phone Numbers","article_modified_time":"2026-03-11T21:12:37+00:00","twitter_card":"summary_large_image","twitter_misc":{"Tiempo de lectura":"1 minuto"},"schema":{"@context":"https:\/\/schema.org","@graph":[{"@type":"WebPage","@id":"https:\/\/virtnum.com\/sms-numbers\/","url":"https:\/\/virtnum.com\/sms-numbers\/","name":"N\u00fameros SMS virtuales - N\u00fameros telef\u00f3nicos locales virtuales","isPartOf":{"@id":"https:\/\/virtnum.com\/#website"},"datePublished":"2024-08-14T01:53:36+00:00","dateModified":"2026-03-11T21:12:37+00:00","description":"Compra n\u00fameros SMS virtuales de m\u00e1s de 100 pa\u00edses al instante. No necesitas tarjeta SIM. Mensajer\u00eda bidireccional, informes de entrega en tiempo real y soporte 24\/7. Empieza hoy mismo: Virtnum.","inLanguage":"es","potentialAction":[{"@type":"ReadAction","target":["https:\/\/virtnum.com\/sms-numbers\/"]}]},{"@type":"WebSite","@id":"https:\/\/virtnum.com\/#website","url":"https:\/\/virtnum.com\/","name":"N\u00fameros de tel\u00e9fono locales virtuales","description":"Comprar n\u00fameros de tel\u00e9fono virtuales | N\u00fameros DID | N\u00fameros VoIP | N\u00fameros gratuitos | Desv\u00edo de llamadas a SIP, VOIP, PBX, Tel\u00e9fonos M\u00f3viles o Fijos","publisher":{"@id":"https:\/\/virtnum.com\/#organization"},"potentialAction":[{"@type":"SearchAction","target":{"@type":"EntryPoint","urlTemplate":"https:\/\/virtnum.com\/?s={search_term_string}"},"query-input":{"@type":"PropertyValueSpecification","valueRequired":true,"valueName":"search_term_string"}}],"inLanguage":"es"},{"@type":"Organization","@id":"https:\/\/virtnum.com\/#organization","name":"N\u00fameros de tel\u00e9fono locales virtuales","url":"https:\/\/virtnum.com\/","logo":{"@type":"ImageObject","inLanguage":"es","@id":"https:\/\/virtnum.com\/#\/schema\/logo\/image\/","url":"https:\/\/virtnum.com\/wp-content\/uploads\/2022\/12\/logo-1.png","contentUrl":"https:\/\/virtnum.com\/wp-content\/uploads\/2022\/12\/logo-1.png","width":420,"height":165,"caption":"Virtual Local Phone Numbers"},"image":{"@id":"https:\/\/virtnum.com\/#\/schema\/logo\/image\/"}}]}},"_links":{"self":[{"href":"https:\/\/virtnum.com\/es\/wp-json\/wp\/v2\/pages\/862","targetHints":{"allow":["GET"]}}],"collection":[{"href":"https:\/\/virtnum.com\/es\/wp-json\/wp\/v2\/pages"}],"about":[{"href":"https:\/\/virtnum.com\/es\/wp-json\/wp\/v2\/types\/page"}],"author":[{"embeddable":true,"href":"https:\/\/virtnum.com\/es\/wp-json\/wp\/v2\/users\/1"}],"replies":[{"embeddable":true,"href":"https:\/\/virtnum.com\/es\/wp-json\/wp\/v2\/comments?post=862"}],"version-history":[{"count":2,"href":"https:\/\/virtnum.com\/es\/wp-json\/wp\/v2\/pages\/862\/revisions"}],"predecessor-version":[{"id":866,"href":"https:\/\/virtnum.com\/es\/wp-json\/wp\/v2\/pages\/862\/revisions\/866"}],"wp:attachment":[{"href":"https:\/\/virtnum.com\/es\/wp-json\/wp\/v2\/media?parent=862"}],"curies":[{"name":"gracias","href":"https:\/\/api.w.org\/{rel}","templated":true}]}}