{"id":867,"date":"2024-08-14T05:58:27","date_gmt":"2024-08-14T01:58:27","guid":{"rendered":"https:\/\/virtnum.com\/?page_id=867"},"modified":"2024-08-14T05:59:00","modified_gmt":"2024-08-14T01:59:00","slug":"numbers-for-call","status":"publish","type":"page","link":"https:\/\/virtnum.com\/es\/numbers-for-call\/","title":{"rendered":"N\u00fameros virtuales para llamadas"},"content":{"rendered":"<p>Administre sin esfuerzo sus llamadas internacionales con los n\u00fameros de voz virtuales de Virtnum. Active al instante n\u00fameros de m\u00e1s de 100 pa\u00edses y comience a recibir llamadas sin necesidad de l\u00edneas telef\u00f3nicas f\u00edsicas. Nuestros n\u00fameros virtuales son ideales para empresas de todos los tama\u00f1os, ya que le permiten establecer una presencia local, interactuar directamente con clientes globales y agilizar sus comunicaciones entrantes. Ya sea que se ocupe de la atenci\u00f3n al cliente o se expanda a nuevos mercados, los n\u00fameros de voz virtuales de Virtnum brindan una soluci\u00f3n perfecta y confiable para satisfacer sus necesidades.<\/p>\n\n\n\n<p align=\"center\"><a href=\"https:\/\/lk.virtnum.com\/en\/component\/telecomax?task=buyunregistred&#038;type=voice\" class=\"buy\">Comprar n\u00famero virtual para llamadas<\/a><\/p>\n\n\n\n<h3 class=\"wp-block-heading\">\u00bfPor qu\u00e9 elegir Virtnum.com para n\u00fameros de voz virtuales?<\/h3>\n\n\n\n<p>Virtnum ofrece una plataforma potente con una fiabilidad excepcional y conectividad global. Nuestros n\u00fameros de voz virtuales son f\u00e1ciles de configurar y vienen equipados con una variedad de funciones dise\u00f1adas para mejorar la gesti\u00f3n de sus llamadas. Disfrute de beneficios como el desv\u00edo de llamadas, el correo de voz y los registros de llamadas detallados, todo ello mientras mantiene su n\u00famero personal privado. Con precios competitivos y asistencia las 24 horas, los 7 d\u00edas de la semana, Virtnum garantiza que sus comunicaciones comerciales se mantengan eficientes y profesionales, sin importar de d\u00f3nde provengan sus llamadas.<\/p>\n\n\n\n<p align=\"center\"><a href=\"https:\/\/lk.virtnum.com\/en\/component\/telecomax?task=buyunregistred&#038;type=voice\" class=\"buy\">Comprar numero de voz virtual<\/a><\/p>\n\n\n\n<h3 class=\"wp-block-heading\">C\u00f3mo funciona<\/h3>\n\n\n\n<p>Comenzar a usar Virtnum es simple y directo. Seleccione su n\u00famero de voz virtual preferido de nuestro amplio inventario global, elija un plan que se ajuste a sus necesidades y \u00a1ya est\u00e1 listo para recibir llamadas! Nuestro panel intuitivo le permite administrar todos sus n\u00fameros, monitorear la actividad de llamadas y acceder a funciones avanzadas con solo unos pocos clics. Comience a recibir llamadas de todo el mundo con la plataforma flexible y f\u00e1cil de usar de Virtnum.<\/p>","protected":false},"excerpt":{"rendered":"<p>Gestiona sin esfuerzo tus llamadas internacionales con los n\u00fameros de voz virtuales de Virtnum. Activa al instante n\u00fameros de m\u00e1s de 100 pa\u00edses y empieza a recibir llamadas sin necesidad de\u2026<\/p>","protected":false},"author":1,"featured_media":0,"parent":0,"menu_order":0,"comment_status":"closed","ping_status":"closed","template":"","meta":{"_acf_changed":false,"footnotes":""},"class_list":["post-867","page","type-page","status-publish","hentry"],"acf":[],"yoast_head":"<!-- This site is optimized with the Yoast SEO plugin v27.3 - https:\/\/yoast.com\/product\/yoast-seo-wordpress\/ -->\n<title>Buy Virtual Numbers for Calls - Receive Global Calls Anywhere | Virtnum<\/title>\n<meta name=\"description\" content=\"Get virtual phone numbers from Virtnum to receive calls from over 100 countries. Instantly activate numbers, manage global calls seamlessly, and maintain your privacy. Start receiving international calls with Virtnum today!\" \/>\n<meta name=\"robots\" content=\"index, follow, max-snippet:-1, max-image-preview:large, max-video-preview:-1\" \/>\n<link rel=\"canonical\" href=\"https:\/\/virtnum.com\/es\/numbers-for-call\/\" \/>\n<meta property=\"og:locale\" content=\"es_ES\" \/>\n<meta property=\"og:type\" content=\"article\" \/>\n<meta property=\"og:title\" content=\"Buy Virtual Numbers for Calls - Receive Global Calls Anywhere | Virtnum\" \/>\n<meta property=\"og:description\" content=\"Get virtual phone numbers from Virtnum to receive calls from over 100 countries. Instantly activate numbers, manage global calls seamlessly, and maintain your privacy. Start receiving international calls with Virtnum today!\" \/>\n<meta property=\"og:url\" content=\"https:\/\/virtnum.com\/es\/numbers-for-call\/\" \/>\n<meta property=\"og:site_name\" content=\"Virtual Local Phone Numbers\" \/>\n<meta property=\"article:modified_time\" content=\"2024-08-14T01:59:00+00:00\" \/>\n<meta name=\"twitter:card\" content=\"summary_large_image\" \/>\n<meta name=\"twitter:label1\" content=\"Tiempo de lectura\" \/>\n\t<meta name=\"twitter:data1\" content=\"2 minutos\" \/>\n<script type=\"application\/ld+json\" class=\"yoast-schema-graph\">{\"@context\":\"https:\\\/\\\/schema.org\",\"@graph\":[{\"@type\":\"WebPage\",\"@id\":\"https:\\\/\\\/virtnum.com\\\/numbers-for-call\\\/\",\"url\":\"https:\\\/\\\/virtnum.com\\\/numbers-for-call\\\/\",\"name\":\"Buy Virtual Numbers for Calls - Receive Global Calls Anywhere | Virtnum\",\"isPartOf\":{\"@id\":\"https:\\\/\\\/virtnum.com\\\/#website\"},\"datePublished\":\"2024-08-14T01:58:27+00:00\",\"dateModified\":\"2024-08-14T01:59:00+00:00\",\"description\":\"Get virtual phone numbers from Virtnum to receive calls from over 100 countries. Instantly activate numbers, manage global calls seamlessly, and maintain your privacy. Start receiving international calls with Virtnum today!\",\"inLanguage\":\"es\",\"potentialAction\":[{\"@type\":\"ReadAction\",\"target\":[\"https:\\\/\\\/virtnum.com\\\/numbers-for-call\\\/\"]}]},{\"@type\":\"WebSite\",\"@id\":\"https:\\\/\\\/virtnum.com\\\/#website\",\"url\":\"https:\\\/\\\/virtnum.com\\\/\",\"name\":\"Virtual Local Phone Numbers\",\"description\":\"Buy Virtual Phone Numbers | DID Numbers | VoIP Numbers | Toll-free Numbers | Call forwarding to SIP, VOIP, PBX, Mobile or Fixed Phones\",\"publisher\":{\"@id\":\"https:\\\/\\\/virtnum.com\\\/#organization\"},\"potentialAction\":[{\"@type\":\"SearchAction\",\"target\":{\"@type\":\"EntryPoint\",\"urlTemplate\":\"https:\\\/\\\/virtnum.com\\\/?s={search_term_string}\"},\"query-input\":{\"@type\":\"PropertyValueSpecification\",\"valueRequired\":true,\"valueName\":\"search_term_string\"}}],\"inLanguage\":\"es\"},{\"@type\":\"Organization\",\"@id\":\"https:\\\/\\\/virtnum.com\\\/#organization\",\"name\":\"Virtual Local Phone Numbers\",\"url\":\"https:\\\/\\\/virtnum.com\\\/\",\"logo\":{\"@type\":\"ImageObject\",\"inLanguage\":\"es\",\"@id\":\"https:\\\/\\\/virtnum.com\\\/#\\\/schema\\\/logo\\\/image\\\/\",\"url\":\"https:\\\/\\\/virtnum.com\\\/wp-content\\\/uploads\\\/2022\\\/12\\\/logo-1.png\",\"contentUrl\":\"https:\\\/\\\/virtnum.com\\\/wp-content\\\/uploads\\\/2022\\\/12\\\/logo-1.png\",\"width\":420,\"height\":165,\"caption\":\"Virtual Local Phone Numbers\"},\"image\":{\"@id\":\"https:\\\/\\\/virtnum.com\\\/#\\\/schema\\\/logo\\\/image\\\/\"}}]}<\/script>\n<!-- \/ Yoast SEO plugin. -->","yoast_head_json":{"title":"Compre n\u00fameros virtuales para llamadas: reciba llamadas internacionales en cualquier lugar | Virtnum","description":"Consigue n\u00fameros de tel\u00e9fono virtuales de Virtnum para recibir llamadas de m\u00e1s de 100 pa\u00edses. Activa n\u00fameros al instante, gestiona llamadas internacionales sin problemas y mant\u00e9n tu privacidad. \u00a1Comienza a recibir llamadas internacionales con Virtnum hoy mismo!","robots":{"index":"index","follow":"follow","max-snippet":"max-snippet:-1","max-image-preview":"max-image-preview:large","max-video-preview":"max-video-preview:-1"},"canonical":"https:\/\/virtnum.com\/es\/numbers-for-call\/","og_locale":"es_ES","og_type":"article","og_title":"Buy Virtual Numbers for Calls - Receive Global Calls Anywhere | Virtnum","og_description":"Get virtual phone numbers from Virtnum to receive calls from over 100 countries. Instantly activate numbers, manage global calls seamlessly, and maintain your privacy. Start receiving international calls with Virtnum today!","og_url":"https:\/\/virtnum.com\/es\/numbers-for-call\/","og_site_name":"Virtual Local Phone Numbers","article_modified_time":"2024-08-14T01:59:00+00:00","twitter_card":"summary_large_image","twitter_misc":{"Tiempo de lectura":"2 minutos"},"schema":{"@context":"https:\/\/schema.org","@graph":[{"@type":"WebPage","@id":"https:\/\/virtnum.com\/numbers-for-call\/","url":"https:\/\/virtnum.com\/numbers-for-call\/","name":"Compre n\u00fameros virtuales para llamadas: reciba llamadas internacionales en cualquier lugar | Virtnum","isPartOf":{"@id":"https:\/\/virtnum.com\/#website"},"datePublished":"2024-08-14T01:58:27+00:00","dateModified":"2024-08-14T01:59:00+00:00","description":"Consigue n\u00fameros de tel\u00e9fono virtuales de Virtnum para recibir llamadas de m\u00e1s de 100 pa\u00edses. Activa n\u00fameros al instante, gestiona llamadas internacionales sin problemas y mant\u00e9n tu privacidad. \u00a1Comienza a recibir llamadas internacionales con Virtnum hoy mismo!","inLanguage":"es","potentialAction":[{"@type":"ReadAction","target":["https:\/\/virtnum.com\/numbers-for-call\/"]}]},{"@type":"WebSite","@id":"https:\/\/virtnum.com\/#website","url":"https:\/\/virtnum.com\/","name":"N\u00fameros de tel\u00e9fono locales virtuales","description":"Comprar n\u00fameros de tel\u00e9fono virtuales | N\u00fameros DID | N\u00fameros VoIP | N\u00fameros gratuitos | Desv\u00edo de llamadas a SIP, VOIP, PBX, Tel\u00e9fonos M\u00f3viles o Fijos","publisher":{"@id":"https:\/\/virtnum.com\/#organization"},"potentialAction":[{"@type":"SearchAction","target":{"@type":"EntryPoint","urlTemplate":"https:\/\/virtnum.com\/?s={search_term_string}"},"query-input":{"@type":"PropertyValueSpecification","valueRequired":true,"valueName":"search_term_string"}}],"inLanguage":"es"},{"@type":"Organization","@id":"https:\/\/virtnum.com\/#organization","name":"N\u00fameros de tel\u00e9fono locales virtuales","url":"https:\/\/virtnum.com\/","logo":{"@type":"ImageObject","inLanguage":"es","@id":"https:\/\/virtnum.com\/#\/schema\/logo\/image\/","url":"https:\/\/virtnum.com\/wp-content\/uploads\/2022\/12\/logo-1.png","contentUrl":"https:\/\/virtnum.com\/wp-content\/uploads\/2022\/12\/logo-1.png","width":420,"height":165,"caption":"Virtual Local Phone Numbers"},"image":{"@id":"https:\/\/virtnum.com\/#\/schema\/logo\/image\/"}}]}},"_links":{"self":[{"href":"https:\/\/virtnum.com\/es\/wp-json\/wp\/v2\/pages\/867","targetHints":{"allow":["GET"]}}],"collection":[{"href":"https:\/\/virtnum.com\/es\/wp-json\/wp\/v2\/pages"}],"about":[{"href":"https:\/\/virtnum.com\/es\/wp-json\/wp\/v2\/types\/page"}],"author":[{"embeddable":true,"href":"https:\/\/virtnum.com\/es\/wp-json\/wp\/v2\/users\/1"}],"replies":[{"embeddable":true,"href":"https:\/\/virtnum.com\/es\/wp-json\/wp\/v2\/comments?post=867"}],"version-history":[{"count":2,"href":"https:\/\/virtnum.com\/es\/wp-json\/wp\/v2\/pages\/867\/revisions"}],"predecessor-version":[{"id":871,"href":"https:\/\/virtnum.com\/es\/wp-json\/wp\/v2\/pages\/867\/revisions\/871"}],"wp:attachment":[{"href":"https:\/\/virtnum.com\/es\/wp-json\/wp\/v2\/media?parent=867"}],"curies":[{"name":"gracias","href":"https:\/\/api.w.org\/{rel}","templated":true}]}}