{"id":874,"date":"2024-08-23T04:21:14","date_gmt":"2024-08-23T00:21:14","guid":{"rendered":"https:\/\/virtnum.com\/?page_id=874"},"modified":"2024-08-23T04:21:17","modified_gmt":"2024-08-23T00:21:17","slug":"sms-number-registration","status":"publish","type":"page","link":"https:\/\/virtnum.com\/es\/sms-number-registration\/","title":{"rendered":"N\u00famero SMS permanente para registro"},"content":{"rendered":"<p><strong>\u00bfCansado de buscar un nuevo n\u00famero cada vez que necesitas registrarte en diferentes servicios y redes sociales?<\/strong> Con nuestro n\u00famero SMS permanente, puede simplificar la creaci\u00f3n de cuentas en m\u00faltiples plataformas. Estos n\u00fameros SMS virtuales reutilizables le permiten registrarse f\u00e1cilmente en redes sociales, aplicaciones y otros servicios, lo que le brinda una soluci\u00f3n confiable y conveniente para todas sus necesidades de registro.<\/p>\n\n\n\n<p align=\"center\"><a href=\"https:\/\/lk.virtnum.com\/en\/component\/telecomax?task=buyunregistred\" class=\"buy\">Comprar n\u00famero SMS para registro<\/a><\/p>\n\n\n\n<h2 class=\"wp-block-heading\">\u00bfQu\u00e9 es un n\u00famero SMS permanente?<\/h2>\n\n\n\n<p>Este es un n\u00famero virtual que se puede utilizar para crear y verificar cuentas en numerosos sitios web, aplicaciones y redes sociales. A diferencia de los n\u00fameros desechables, nuestro n\u00famero SMS permanente permanece con usted durante mucho tiempo y se puede utilizar repetidamente para recibir c\u00f3digos SMS de diferentes servicios.<\/p>\n\n\n\n<h2 class=\"wp-block-heading\">Beneficios de un n\u00famero SMS permanente:<\/h2>\n\n\n\n<ul class=\"wp-block-list\">\n<li><strong>Reutilizable:<\/strong> Crea cuentas en diferentes plataformas usando el mismo n\u00famero.<\/li>\n\n\n\n<li><strong>Vers\u00e1til:<\/strong> Adecuado para registrarse en redes sociales, foros, mensajeros, tiendas en l\u00ednea y otros servicios.<\/li>\n\n\n\n<li><strong>Confiable:<\/strong> Recibe c\u00f3digos SMS incluso cuando te registres varias veces en el mismo servicio.<\/li>\n\n\n\n<li><strong>Conveniente:<\/strong> No es necesario buscar un nuevo n\u00famero cada vez: el n\u00famero permanente siempre estar\u00e1 a su disposici\u00f3n.<\/li>\n<\/ul>\n\n\n\n<h2 class=\"wp-block-heading\">\u00bfC\u00f3mo funciona?<\/h2>\n\n\n\n<ol class=\"wp-block-list\">\n<li><strong>Elija un n\u00famero:<\/strong> Encuentre un n\u00famero SMS permanente disponible en nuestro sitio web.<\/li>\n\n\n\n<li><strong>\u00daselo para registrarse:<\/strong> Utilice el n\u00famero para registrarse y verificar cuentas en los servicios que necesita.<\/li>\n\n\n\n<li><strong>Recibir c\u00f3digos SMS:<\/strong> Todos los c\u00f3digos se enviar\u00e1n a tu n\u00famero permanente, independientemente de cu\u00e1ntas cuentas crees.<\/li>\n<\/ol>\n\n\n\n<p>Nuestros n\u00fameros SMS permanentes son la opci\u00f3n perfecta para quienes se registran con frecuencia en diferentes servicios y valoran la comodidad y la fiabilidad. \u00a1D\u00edgale adi\u00f3s a las molestias de los n\u00fameros desechables y avance hacia un nuevo nivel de libertad m\u00f3vil con nuestro servicio!<\/p>\n\n\n\n<p align=\"center\"><a href=\"https:\/\/lk.virtnum.com\/en\/component\/telecomax?task=buyunregistred\" class=\"buy\">Comprar n\u00famero SMS para registro<\/a><\/p>\n\n\n\n<p><strong>\u00a1Comienza a utilizar un n\u00famero SMS permanente hoy y simplifica el proceso de registro en tus servicios favoritos!<\/strong><\/p>","protected":false},"excerpt":{"rendered":"<p>\u00bfCansado de buscar un nuevo n\u00famero cada vez que necesitas registrarte en diferentes servicios y redes sociales? Con nuestro n\u00famero SMS permanente, puedes\u2026<\/p>","protected":false},"author":1,"featured_media":0,"parent":0,"menu_order":0,"comment_status":"closed","ping_status":"closed","template":"","meta":{"_acf_changed":false,"footnotes":""},"class_list":["post-874","page","type-page","status-publish","hentry"],"acf":[],"yoast_head":"<!-- This site is optimized with the Yoast SEO plugin v27.4 - https:\/\/yoast.com\/product\/yoast-seo-wordpress\/ -->\n<title>Permanent SMS Number for Registration<\/title>\n<meta name=\"description\" content=\"Discover the advantages of using a permanent SMS number for registration on multiple platforms. Learn how our reusable virtual numbers simplify account creation across social networks, apps, and other services. Enjoy reliable, convenient, and versatile registration with a number that stays with you. Start today!\" \/>\n<meta name=\"robots\" content=\"index, follow, max-snippet:-1, max-image-preview:large, max-video-preview:-1\" \/>\n<link rel=\"canonical\" href=\"https:\/\/virtnum.com\/es\/sms-number-registration\/\" \/>\n<meta property=\"og:locale\" content=\"es_ES\" \/>\n<meta property=\"og:type\" content=\"article\" \/>\n<meta property=\"og:title\" content=\"Permanent SMS Number for Registration\" \/>\n<meta property=\"og:description\" content=\"Discover the advantages of using a permanent SMS number for registration on multiple platforms. Learn how our reusable virtual numbers simplify account creation across social networks, apps, and other services. Enjoy reliable, convenient, and versatile registration with a number that stays with you. Start today!\" \/>\n<meta property=\"og:url\" content=\"https:\/\/virtnum.com\/es\/sms-number-registration\/\" \/>\n<meta property=\"og:site_name\" content=\"Virtual Local Phone Numbers\" \/>\n<meta property=\"article:modified_time\" content=\"2024-08-23T00:21:17+00:00\" \/>\n<meta name=\"twitter:card\" content=\"summary_large_image\" \/>\n<meta name=\"twitter:label1\" content=\"Tiempo de lectura\" \/>\n\t<meta name=\"twitter:data1\" content=\"2 minutos\" \/>\n<script type=\"application\/ld+json\" class=\"yoast-schema-graph\">{\"@context\":\"https:\\\/\\\/schema.org\",\"@graph\":[{\"@type\":\"WebPage\",\"@id\":\"https:\\\/\\\/virtnum.com\\\/sms-number-registration\\\/\",\"url\":\"https:\\\/\\\/virtnum.com\\\/sms-number-registration\\\/\",\"name\":\"Permanent SMS Number for Registration\",\"isPartOf\":{\"@id\":\"https:\\\/\\\/virtnum.com\\\/#website\"},\"datePublished\":\"2024-08-23T00:21:14+00:00\",\"dateModified\":\"2024-08-23T00:21:17+00:00\",\"description\":\"Discover the advantages of using a permanent SMS number for registration on multiple platforms. Learn how our reusable virtual numbers simplify account creation across social networks, apps, and other services. Enjoy reliable, convenient, and versatile registration with a number that stays with you. Start today!\",\"inLanguage\":\"es\",\"potentialAction\":[{\"@type\":\"ReadAction\",\"target\":[\"https:\\\/\\\/virtnum.com\\\/sms-number-registration\\\/\"]}]},{\"@type\":\"WebSite\",\"@id\":\"https:\\\/\\\/virtnum.com\\\/#website\",\"url\":\"https:\\\/\\\/virtnum.com\\\/\",\"name\":\"Virtual Local Phone Numbers\",\"description\":\"Buy Virtual Phone Numbers | DID Numbers | VoIP Numbers | Toll-free Numbers | Call forwarding to SIP, VOIP, PBX, Mobile or Fixed Phones\",\"publisher\":{\"@id\":\"https:\\\/\\\/virtnum.com\\\/#organization\"},\"potentialAction\":[{\"@type\":\"SearchAction\",\"target\":{\"@type\":\"EntryPoint\",\"urlTemplate\":\"https:\\\/\\\/virtnum.com\\\/?s={search_term_string}\"},\"query-input\":{\"@type\":\"PropertyValueSpecification\",\"valueRequired\":true,\"valueName\":\"search_term_string\"}}],\"inLanguage\":\"es\"},{\"@type\":\"Organization\",\"@id\":\"https:\\\/\\\/virtnum.com\\\/#organization\",\"name\":\"Virtual Local Phone Numbers\",\"url\":\"https:\\\/\\\/virtnum.com\\\/\",\"logo\":{\"@type\":\"ImageObject\",\"inLanguage\":\"es\",\"@id\":\"https:\\\/\\\/virtnum.com\\\/#\\\/schema\\\/logo\\\/image\\\/\",\"url\":\"https:\\\/\\\/virtnum.com\\\/wp-content\\\/uploads\\\/2022\\\/12\\\/logo-1.png\",\"contentUrl\":\"https:\\\/\\\/virtnum.com\\\/wp-content\\\/uploads\\\/2022\\\/12\\\/logo-1.png\",\"width\":420,\"height\":165,\"caption\":\"Virtual Local Phone Numbers\"},\"image\":{\"@id\":\"https:\\\/\\\/virtnum.com\\\/#\\\/schema\\\/logo\\\/image\\\/\"}}]}<\/script>\n<!-- \/ Yoast SEO plugin. -->","yoast_head_json":{"title":"N\u00famero SMS permanente para registro","description":"Descubra las ventajas de utilizar un n\u00famero SMS permanente para registrarse en m\u00faltiples plataformas. Conozca c\u00f3mo nuestros n\u00fameros virtuales reutilizables simplifican la creaci\u00f3n de cuentas en redes sociales, aplicaciones y otros servicios. Disfrute de un registro confiable, conveniente y vers\u00e1til con un n\u00famero que permanece con usted. \u00a1Comience hoy!","robots":{"index":"index","follow":"follow","max-snippet":"max-snippet:-1","max-image-preview":"max-image-preview:large","max-video-preview":"max-video-preview:-1"},"canonical":"https:\/\/virtnum.com\/es\/sms-number-registration\/","og_locale":"es_ES","og_type":"article","og_title":"Permanent SMS Number for Registration","og_description":"Discover the advantages of using a permanent SMS number for registration on multiple platforms. Learn how our reusable virtual numbers simplify account creation across social networks, apps, and other services. Enjoy reliable, convenient, and versatile registration with a number that stays with you. Start today!","og_url":"https:\/\/virtnum.com\/es\/sms-number-registration\/","og_site_name":"Virtual Local Phone Numbers","article_modified_time":"2024-08-23T00:21:17+00:00","twitter_card":"summary_large_image","twitter_misc":{"Tiempo de lectura":"2 minutos"},"schema":{"@context":"https:\/\/schema.org","@graph":[{"@type":"WebPage","@id":"https:\/\/virtnum.com\/sms-number-registration\/","url":"https:\/\/virtnum.com\/sms-number-registration\/","name":"N\u00famero SMS permanente para registro","isPartOf":{"@id":"https:\/\/virtnum.com\/#website"},"datePublished":"2024-08-23T00:21:14+00:00","dateModified":"2024-08-23T00:21:17+00:00","description":"Descubra las ventajas de utilizar un n\u00famero SMS permanente para registrarse en m\u00faltiples plataformas. Conozca c\u00f3mo nuestros n\u00fameros virtuales reutilizables simplifican la creaci\u00f3n de cuentas en redes sociales, aplicaciones y otros servicios. Disfrute de un registro confiable, conveniente y vers\u00e1til con un n\u00famero que permanece con usted. \u00a1Comience hoy!","inLanguage":"es","potentialAction":[{"@type":"ReadAction","target":["https:\/\/virtnum.com\/sms-number-registration\/"]}]},{"@type":"WebSite","@id":"https:\/\/virtnum.com\/#website","url":"https:\/\/virtnum.com\/","name":"N\u00fameros de tel\u00e9fono locales virtuales","description":"Comprar n\u00fameros de tel\u00e9fono virtuales | N\u00fameros DID | N\u00fameros VoIP | N\u00fameros gratuitos | Desv\u00edo de llamadas a SIP, VOIP, PBX, Tel\u00e9fonos M\u00f3viles o Fijos","publisher":{"@id":"https:\/\/virtnum.com\/#organization"},"potentialAction":[{"@type":"SearchAction","target":{"@type":"EntryPoint","urlTemplate":"https:\/\/virtnum.com\/?s={search_term_string}"},"query-input":{"@type":"PropertyValueSpecification","valueRequired":true,"valueName":"search_term_string"}}],"inLanguage":"es"},{"@type":"Organization","@id":"https:\/\/virtnum.com\/#organization","name":"N\u00fameros de tel\u00e9fono locales virtuales","url":"https:\/\/virtnum.com\/","logo":{"@type":"ImageObject","inLanguage":"es","@id":"https:\/\/virtnum.com\/#\/schema\/logo\/image\/","url":"https:\/\/virtnum.com\/wp-content\/uploads\/2022\/12\/logo-1.png","contentUrl":"https:\/\/virtnum.com\/wp-content\/uploads\/2022\/12\/logo-1.png","width":420,"height":165,"caption":"Virtual Local Phone Numbers"},"image":{"@id":"https:\/\/virtnum.com\/#\/schema\/logo\/image\/"}}]}},"_links":{"self":[{"href":"https:\/\/virtnum.com\/es\/wp-json\/wp\/v2\/pages\/874","targetHints":{"allow":["GET"]}}],"collection":[{"href":"https:\/\/virtnum.com\/es\/wp-json\/wp\/v2\/pages"}],"about":[{"href":"https:\/\/virtnum.com\/es\/wp-json\/wp\/v2\/types\/page"}],"author":[{"embeddable":true,"href":"https:\/\/virtnum.com\/es\/wp-json\/wp\/v2\/users\/1"}],"replies":[{"embeddable":true,"href":"https:\/\/virtnum.com\/es\/wp-json\/wp\/v2\/comments?post=874"}],"version-history":[{"count":1,"href":"https:\/\/virtnum.com\/es\/wp-json\/wp\/v2\/pages\/874\/revisions"}],"predecessor-version":[{"id":878,"href":"https:\/\/virtnum.com\/es\/wp-json\/wp\/v2\/pages\/874\/revisions\/878"}],"wp:attachment":[{"href":"https:\/\/virtnum.com\/es\/wp-json\/wp\/v2\/media?parent=874"}],"curies":[{"name":"gracias","href":"https:\/\/api.w.org\/{rel}","templated":true}]}}