{"id":957,"date":"2026-04-15T00:59:07","date_gmt":"2026-04-14T20:59:07","guid":{"rendered":"https:\/\/virtnum.com\/?page_id=957"},"modified":"2026-04-15T00:59:08","modified_gmt":"2026-04-14T20:59:08","slug":"cookie-statement","status":"publish","type":"page","link":"https:\/\/virtnum.com\/es\/cookie-statement\/","title":{"rendered":"Declaraci\u00f3n sobre cookies"},"content":{"rendered":"<h1 class=\"wp-block-heading\">Declaraci\u00f3n sobre cookies<\/h1>\n\n\n\n<p>Cualquier referencia a \u201cnosotros\u201d, \u201cnos\u201d, \u201cnuestro\u201d o \u201cBeta company\u201d en este documento se refiere a Virtnum.com (Beta company sp. z oo, REGON 146444560).<\/p>\n\n\n\n<p>Esta Declaraci\u00f3n de cookies explica c\u00f3mo utilizamos las cookies y tecnolog\u00edas similares cuando visita nuestros sitios web, como por ejemplo:\u00a0<a href=\"https:\/\/betacompany.net\/\">betacompany.net<\/a>,\u00a0<a href=\"https:\/\/telnum.net\/\">virtnum.com<\/a>, o cualquier otro sitio web o aplicaci\u00f3n operada por nosotros (en conjunto, los \u201cSitios web\u201d). Explica qu\u00e9 son estas tecnolog\u00edas, por qu\u00e9 las usamos y sus derechos para controlar nuestro uso de las mismas.<\/p>\n\n\n\n<p>Esta Declaraci\u00f3n sobre cookies forma parte de nuestras Condiciones de uso. Los t\u00e9rminos en may\u00fasculas que no se definen aqu\u00ed tienen el significado que se les atribuye en nuestra Pol\u00edtica de privacidad.<\/p>\n\n\n\n<p>En algunos casos, podemos utilizar cookies y otras tecnolog\u00edas de seguimiento para recopilar datos personales, o informaci\u00f3n que se convierte en datos personales al combinarla con otra informaci\u00f3n. Para obtener m\u00e1s detalles sobre c\u00f3mo procesamos su informaci\u00f3n personal, consulte nuestra Pol\u00edtica de Privacidad.<\/p>\n\n\n\n<h2 class=\"wp-block-heading\">\u00bfQu\u00e9 son las cookies?<\/h2>\n\n\n\n<p>Las cookies son peque\u00f1os archivos de datos que se almacenan en tu ordenador o dispositivo m\u00f3vil cuando visitas un sitio web. Los proveedores de servicios en l\u00ednea las utilizan ampliamente para que los sitios web funcionen correctamente, mejorar la experiencia del usuario y proporcionar informaci\u00f3n para informes.<\/p>\n\n\n\n<ul class=\"wp-block-list\">\n<li><strong>Cookies de origen:<\/strong>\u00a0Cookies establecidas por el propietario del sitio web (en este caso, la empresa Beta).<\/li>\n\n\n\n<li><strong>Cookies de terceros:<\/strong>\u00a0Cookies establecidas por terceros ajenos al propietario del sitio web. Estas permiten el funcionamiento de funciones de terceros en nuestros sitios web, como publicidad, contenido interactivo y an\u00e1lisis. Quienes establecen estas cookies pueden reconocer su ordenador cuando visita nuestros sitios web y otros sitios web.<\/li>\n<\/ul>\n\n\n\n<h2 class=\"wp-block-heading\">\u00bfPor qu\u00e9 utilizamos cookies?<\/h2>\n\n\n\n<p>Utilizamos cookies propias y de terceros por diversas razones. Algunas son necesarias por motivos t\u00e9cnicos para el correcto funcionamiento de nuestros sitios web (las llamamos cookies \u201cesenciales\u201d). Otras nos ayudan a analizar y segmentar los intereses de nuestros visitantes para mejorar su experiencia (cookies de \u201crendimiento\u201d o \u201cfuncionalidad\u201d). Por \u00faltimo, terceros utilizan cookies a trav\u00e9s de nuestros sitios web con fines publicitarios, anal\u00edticos y otros.<\/p>\n\n\n\n<h2 class=\"wp-block-heading\">Cookies utilizadas a trav\u00e9s de nuestros sitios web<\/h2>\n\n\n\n<p>Los tipos espec\u00edficos de cookies que se utilizan en nuestros sitios web incluyen:<\/p>\n\n\n\n<h3 class=\"wp-block-heading\">Cookies esenciales del sitio web<\/h3>\n\n\n\n<p>Estas cookies son estrictamente necesarias para brindarle los servicios disponibles a trav\u00e9s de nuestros sitios web y para utilizar algunas de sus funciones, como el acceso a \u00e1reas seguras. Dado que son esenciales, no puede rechazarlas sin que ello afecte el funcionamiento del sitio. Aun as\u00ed, puede bloquearlas o eliminarlas modificando la configuraci\u00f3n de su navegador, pero es posible que los sitios web no funcionen correctamente.<\/p>\n\n\n\n<h3 class=\"wp-block-heading\">Cookies de rendimiento y funcionalidad<\/h3>\n\n\n\n<p>Estas cookies se utilizan para mejorar el rendimiento y la funcionalidad de nuestros sitios web, pero no son esenciales para su uso b\u00e1sico. Sin embargo, sin estas cookies, algunas funciones podr\u00edan no estar disponibles o ser dif\u00edciles de usar.<\/p>\n\n\n\n<h3 class=\"wp-block-heading\">Cookies de an\u00e1lisis y personalizaci\u00f3n<\/h3>\n\n\n\n<p>Estas cookies recopilan informaci\u00f3n de forma agregada para ayudarnos a comprender c\u00f3mo se utilizan nuestros sitios web, medir la eficacia de nuestras campa\u00f1as de marketing y ayudarnos a personalizar su experiencia.<\/p>\n\n\n\n<h3 class=\"wp-block-heading\">Cookies publicitarias (segmentaci\u00f3n)<\/h3>\n\n\n\n<p>Estas cookies se utilizan para que los mensajes publicitarios sean m\u00e1s relevantes para tus intereses. Evitan que el mismo anuncio aparezca repetidamente, garantizan que los anuncios se muestren correctamente y seleccionan la publicidad en funci\u00f3n de tus h\u00e1bitos de navegaci\u00f3n.<\/p>\n\n\n\n<h2 class=\"wp-block-heading\">Otras tecnolog\u00edas de seguimiento<\/h2>\n\n\n\n<p>Nosotros y nuestros socios externos podemos utilizar tecnolog\u00edas similares, como balizas web o p\u00edxeles (GIF transparentes). Se trata de peque\u00f1os gr\u00e1ficos con un identificador \u00fanico que nos permiten saber cu\u00e1ndo alguien ha visitado nuestros sitios web o ha abierto un correo electr\u00f3nico que le hemos enviado. Esto nos ayuda a monitorizar los patrones de tr\u00e1fico de los usuarios, mejorar el rendimiento del sitio y medir el \u00e9xito de las campa\u00f1as de marketing. En muchos casos, estas tecnolog\u00edas dependen de las cookies para funcionar correctamente, por lo que rechazarlas afectar\u00e1 a su eficacia.<\/p>\n\n\n\n<h2 class=\"wp-block-heading\">Publicidad online segmentada<\/h2>\n\n\n\n<p>Colaboramos con proveedores de servicios externos para rastrear y analizar el uso y la informaci\u00f3n estad\u00edstica derivada de las interacciones con nuestros sitios web. Estos terceros utilizan cookies, balizas web y tecnolog\u00edas de seguimiento similares para inferir sus intereses y mostrarle anuncios personalizados seg\u00fan su actividad de navegaci\u00f3n.<\/p>\n\n\n\n<p>La informaci\u00f3n recopilada por estos terceros no incluye datos personales que lo identifiquen espec\u00edficamente (como su nombre o direcci\u00f3n de correo electr\u00f3nico), a menos que usted decida proporcionarlos.<\/p>\n\n\n\n<h2 class=\"wp-block-heading\">C\u00f3mo controlar las cookies<\/h2>\n\n\n\n<p>Usted tiene derecho a decidir si acepta o rechaza las cookies no esenciales. Puede configurar o modificar los ajustes de su navegador para aceptarlas o rechazarlas. Si decide rechazarlas, podr\u00e1 seguir utilizando nuestros sitios web, pero su acceso a algunas funciones y \u00e1reas podr\u00eda verse restringido. Dado que los pasos para rechazar las cookies var\u00edan seg\u00fan el navegador, consulte el men\u00fa de ayuda de su navegador para obtener m\u00e1s informaci\u00f3n.<\/p>\n\n\n\n<h2 class=\"wp-block-heading\">Actualizaciones de pol\u00edticas<\/h2>\n\n\n\n<p>Es posible que actualicemos esta Declaraci\u00f3n de cookies peri\u00f3dicamente para reflejar los cambios en las cookies que utilizamos o por otros motivos operativos, legales o reglamentarios. Le recomendamos que visite esta p\u00e1gina con regularidad para mantenerse informado sobre nuestro uso de tecnolog\u00edas de seguimiento.<\/p>\n\n\n\n<h2 class=\"wp-block-heading\">Cont\u00e1ctanos<\/h2>\n\n\n\n<p>Si tiene alguna pregunta sobre nuestro uso de cookies u otras tecnolog\u00edas, env\u00edenos un correo electr\u00f3nico a&nbsp;<a href=\"mailto:info@betacompany.net\">info@betacompany.net<\/a>.<\/p>","protected":false},"excerpt":{"rendered":"<p>Declaraci\u00f3n sobre cookies. Cualquier referencia a \u201cnosotros\u201d, \u201cnos\u201d, \u201cnuestro\u201d o \u201cempresa Beta\u201d en este documento se refiere a Virtnum.com (empresa Beta sp. z oo, REGON 146444560). Esta Pol\u00edtica de cookies\u2026<\/p>","protected":false},"author":1,"featured_media":0,"parent":0,"menu_order":0,"comment_status":"closed","ping_status":"closed","template":"","meta":{"_acf_changed":false,"footnotes":""},"class_list":["post-957","page","type-page","status-publish","hentry"],"acf":[],"yoast_head":"<!-- This site is optimized with the Yoast SEO plugin v27.4 - https:\/\/yoast.com\/product\/yoast-seo-wordpress\/ -->\n<title>Cookie Statement - Virtnum.com<\/title>\n<meta name=\"description\" content=\"Cookie Statement - Virtnum.com\" \/>\n<meta name=\"robots\" content=\"index, follow, max-snippet:-1, max-image-preview:large, max-video-preview:-1\" \/>\n<link rel=\"canonical\" href=\"https:\/\/virtnum.com\/es\/cookie-statement\/\" \/>\n<meta property=\"og:locale\" content=\"es_ES\" \/>\n<meta property=\"og:type\" content=\"article\" \/>\n<meta property=\"og:title\" content=\"Cookie Statement - Virtnum.com\" \/>\n<meta property=\"og:description\" content=\"Cookie Statement - Virtnum.com\" \/>\n<meta property=\"og:url\" content=\"https:\/\/virtnum.com\/es\/cookie-statement\/\" \/>\n<meta property=\"og:site_name\" content=\"Virtual Local Phone Numbers\" \/>\n<meta property=\"article:modified_time\" content=\"2026-04-14T20:59:08+00:00\" \/>\n<meta name=\"twitter:card\" content=\"summary_large_image\" \/>\n<meta name=\"twitter:label1\" content=\"Tiempo de lectura\" \/>\n\t<meta name=\"twitter:data1\" content=\"4 minutos\" \/>\n<script type=\"application\/ld+json\" class=\"yoast-schema-graph\">{\"@context\":\"https:\\\/\\\/schema.org\",\"@graph\":[{\"@type\":\"WebPage\",\"@id\":\"https:\\\/\\\/virtnum.com\\\/cookie-statement\\\/\",\"url\":\"https:\\\/\\\/virtnum.com\\\/cookie-statement\\\/\",\"name\":\"Cookie Statement - Virtnum.com\",\"isPartOf\":{\"@id\":\"https:\\\/\\\/virtnum.com\\\/#website\"},\"datePublished\":\"2026-04-14T20:59:07+00:00\",\"dateModified\":\"2026-04-14T20:59:08+00:00\",\"description\":\"Cookie Statement - Virtnum.com\",\"inLanguage\":\"es\",\"potentialAction\":[{\"@type\":\"ReadAction\",\"target\":[\"https:\\\/\\\/virtnum.com\\\/cookie-statement\\\/\"]}]},{\"@type\":\"WebSite\",\"@id\":\"https:\\\/\\\/virtnum.com\\\/#website\",\"url\":\"https:\\\/\\\/virtnum.com\\\/\",\"name\":\"Virtual Local Phone Numbers\",\"description\":\"Buy Virtual Phone Numbers | DID Numbers | VoIP Numbers | Toll-free Numbers | Call forwarding to SIP, VOIP, PBX, Mobile or Fixed Phones\",\"publisher\":{\"@id\":\"https:\\\/\\\/virtnum.com\\\/#organization\"},\"potentialAction\":[{\"@type\":\"SearchAction\",\"target\":{\"@type\":\"EntryPoint\",\"urlTemplate\":\"https:\\\/\\\/virtnum.com\\\/?s={search_term_string}\"},\"query-input\":{\"@type\":\"PropertyValueSpecification\",\"valueRequired\":true,\"valueName\":\"search_term_string\"}}],\"inLanguage\":\"es\"},{\"@type\":\"Organization\",\"@id\":\"https:\\\/\\\/virtnum.com\\\/#organization\",\"name\":\"Virtual Local Phone Numbers\",\"url\":\"https:\\\/\\\/virtnum.com\\\/\",\"logo\":{\"@type\":\"ImageObject\",\"inLanguage\":\"es\",\"@id\":\"https:\\\/\\\/virtnum.com\\\/#\\\/schema\\\/logo\\\/image\\\/\",\"url\":\"https:\\\/\\\/virtnum.com\\\/wp-content\\\/uploads\\\/2022\\\/12\\\/logo-1.png\",\"contentUrl\":\"https:\\\/\\\/virtnum.com\\\/wp-content\\\/uploads\\\/2022\\\/12\\\/logo-1.png\",\"width\":420,\"height\":165,\"caption\":\"Virtual Local Phone Numbers\"},\"image\":{\"@id\":\"https:\\\/\\\/virtnum.com\\\/#\\\/schema\\\/logo\\\/image\\\/\"}}]}<\/script>\n<!-- \/ Yoast SEO plugin. -->","yoast_head_json":{"title":"Declaraci\u00f3n sobre cookies - Virtnum.com","description":"Declaraci\u00f3n sobre cookies - Virtnum.com","robots":{"index":"index","follow":"follow","max-snippet":"max-snippet:-1","max-image-preview":"max-image-preview:large","max-video-preview":"max-video-preview:-1"},"canonical":"https:\/\/virtnum.com\/es\/cookie-statement\/","og_locale":"es_ES","og_type":"article","og_title":"Cookie Statement - Virtnum.com","og_description":"Cookie Statement - Virtnum.com","og_url":"https:\/\/virtnum.com\/es\/cookie-statement\/","og_site_name":"Virtual Local Phone Numbers","article_modified_time":"2026-04-14T20:59:08+00:00","twitter_card":"summary_large_image","twitter_misc":{"Tiempo de lectura":"4 minutos"},"schema":{"@context":"https:\/\/schema.org","@graph":[{"@type":"WebPage","@id":"https:\/\/virtnum.com\/cookie-statement\/","url":"https:\/\/virtnum.com\/cookie-statement\/","name":"Declaraci\u00f3n sobre cookies - Virtnum.com","isPartOf":{"@id":"https:\/\/virtnum.com\/#website"},"datePublished":"2026-04-14T20:59:07+00:00","dateModified":"2026-04-14T20:59:08+00:00","description":"Declaraci\u00f3n sobre cookies - Virtnum.com","inLanguage":"es","potentialAction":[{"@type":"ReadAction","target":["https:\/\/virtnum.com\/cookie-statement\/"]}]},{"@type":"WebSite","@id":"https:\/\/virtnum.com\/#website","url":"https:\/\/virtnum.com\/","name":"N\u00fameros de tel\u00e9fono locales virtuales","description":"Comprar n\u00fameros de tel\u00e9fono virtuales | N\u00fameros DID | N\u00fameros VoIP | N\u00fameros gratuitos | Desv\u00edo de llamadas a SIP, VOIP, PBX, Tel\u00e9fonos M\u00f3viles o Fijos","publisher":{"@id":"https:\/\/virtnum.com\/#organization"},"potentialAction":[{"@type":"SearchAction","target":{"@type":"EntryPoint","urlTemplate":"https:\/\/virtnum.com\/?s={search_term_string}"},"query-input":{"@type":"PropertyValueSpecification","valueRequired":true,"valueName":"search_term_string"}}],"inLanguage":"es"},{"@type":"Organization","@id":"https:\/\/virtnum.com\/#organization","name":"N\u00fameros de tel\u00e9fono locales virtuales","url":"https:\/\/virtnum.com\/","logo":{"@type":"ImageObject","inLanguage":"es","@id":"https:\/\/virtnum.com\/#\/schema\/logo\/image\/","url":"https:\/\/virtnum.com\/wp-content\/uploads\/2022\/12\/logo-1.png","contentUrl":"https:\/\/virtnum.com\/wp-content\/uploads\/2022\/12\/logo-1.png","width":420,"height":165,"caption":"Virtual Local Phone Numbers"},"image":{"@id":"https:\/\/virtnum.com\/#\/schema\/logo\/image\/"}}]}},"_links":{"self":[{"href":"https:\/\/virtnum.com\/es\/wp-json\/wp\/v2\/pages\/957","targetHints":{"allow":["GET"]}}],"collection":[{"href":"https:\/\/virtnum.com\/es\/wp-json\/wp\/v2\/pages"}],"about":[{"href":"https:\/\/virtnum.com\/es\/wp-json\/wp\/v2\/types\/page"}],"author":[{"embeddable":true,"href":"https:\/\/virtnum.com\/es\/wp-json\/wp\/v2\/users\/1"}],"replies":[{"embeddable":true,"href":"https:\/\/virtnum.com\/es\/wp-json\/wp\/v2\/comments?post=957"}],"version-history":[{"count":1,"href":"https:\/\/virtnum.com\/es\/wp-json\/wp\/v2\/pages\/957\/revisions"}],"predecessor-version":[{"id":960,"href":"https:\/\/virtnum.com\/es\/wp-json\/wp\/v2\/pages\/957\/revisions\/960"}],"wp:attachment":[{"href":"https:\/\/virtnum.com\/es\/wp-json\/wp\/v2\/media?parent=957"}],"curies":[{"name":"gracias","href":"https:\/\/api.w.org\/{rel}","templated":true}]}}