{"id":115,"date":"2021-04-06T20:34:41","date_gmt":"2021-04-06T16:34:41","guid":{"rendered":"https:\/\/virtnum.com\/?page_id=115"},"modified":"2021-04-06T20:34:41","modified_gmt":"2021-04-06T16:34:41","slug":"buy-toll-free-number","status":"publish","type":"page","link":"https:\/\/virtnum.com\/fr\/buy-toll-free-number\/","title":{"rendered":"Acheter des num\u00e9ros gratuits"},"content":{"rendered":"<h2 class=\"wp-block-heading\">Qu&#039;est-ce qu&#039;un num\u00e9ro gratuit et comment \u00e7a marche ?<\/h2>\n\n\n\n<p>Les num\u00e9ros gratuits permettent aux appelants de joindre des entreprises et\/ou des particuliers sans frais pour l&#039;appel. Les frais d&#039;utilisation d&#039;un num\u00e9ro gratuit sont pay\u00e9s par l&#039;appel\u00e9 (l&#039;abonn\u00e9 gratuit) et non par l&#039;appelant. Les num\u00e9ros gratuits peuvent \u00eatre compos\u00e9s directement sur votre ligne t\u00e9l\u00e9phonique professionnelle ou personnelle.<\/p>\n\n\n\n<p>Les num\u00e9ros gratuits sont tr\u00e8s courants et se sont av\u00e9r\u00e9s efficaces pour les entreprises, notamment dans les domaines du service client et du t\u00e9l\u00e9marketing. Le service sans frais offre aux clients potentiels et \u00e0 d\u2019autres personnes un moyen \u00ab gratuit \u00bb et pratique de contacter les entreprises.<\/p>\n\n\n\n<p>Les num\u00e9ros gratuits ont connu un grand succ\u00e8s aupr\u00e8s des propri\u00e9taires d\u2019entreprises et des consommateurs. Les entreprises fournissent souvent \u00e0 leurs clients des num\u00e9ros gratuits pour commander des produits ou fournir un service client. En r\u00e8gle g\u00e9n\u00e9rale, le co\u00fbt par appel pour l&#039;entreprise est inf\u00e9rieur au co\u00fbt par appel si le consommateur payait des frais d&#039;interurbain. De plus, les consommateurs sont plus susceptibles de contacter l&#039;entreprise si l&#039;appel est gratuit.<\/p>\n\n\n\n<p>Les num\u00e9ros de t\u00e9l\u00e9phone virtuels proposent des num\u00e9ros Toll Free commen\u00e7ant par l'un des codes suivants\u00a0: 120, 1300, 1800, 1809, 20, 4, 400, 800, 803, 805, 807, 808, 844, 855, 866, 877, 888, 900.<\/p>\n\n\n\n<p>Les num\u00e9ros de t\u00e9l\u00e9phone virtuels fournissent actuellement des num\u00e9ros Toll Free \u00e0 partir des pays suivants\u00a0: Argentine, Australie, Autriche, Bahre\u00efn, Bolivie, Br\u00e9sil, Bulgarie, Canada, Chine, Colombie, Costa Rica, Croatie, Chypre, R\u00e9publique tch\u00e8que, Danemark, \u00c9quateur, Estonie, Finlande. , France, Allemagne, Hong Kong, Inde, Indon\u00e9sie, Irlande, Isra\u00ebl, Italie, Japon, Lituanie, Luxembourg, Mexique, Nouvelle-Z\u00e9lande, Norv\u00e8ge, Panama, P\u00e9rou, Pologne, Portugal, Roumanie, F\u00e9d\u00e9ration de Russie, Slovaquie, Espagne, Su\u00e8de, Royaume-Uni, Royaume-Uni, \u00c9tats-Unis, Uruguay, \u00c9tats-Unis, Venezuela.<\/p>","protected":false},"excerpt":{"rendered":"<p>Qu&#039;est-ce qu&#039;un num\u00e9ro gratuit et comment \u00e7a marche ? Les num\u00e9ros gratuits permettent aux appelants de joindre des entreprises et\/ou des particuliers sans \u00eatre factur\u00e9s pour le\u2026<\/p>","protected":false},"author":1,"featured_media":0,"parent":0,"menu_order":0,"comment_status":"closed","ping_status":"closed","template":"","meta":{"_acf_changed":false,"footnotes":""},"class_list":["post-115","page","type-page","status-publish","hentry"],"acf":[],"yoast_head":"<!-- This site is optimized with the Yoast SEO plugin v27.4 - https:\/\/yoast.com\/product\/yoast-seo-wordpress\/ -->\n<title>Buy Toll Free Numbers | Buy Virtual Toll Free Numbers | Buy Local Toll Free Number - Virtual Number Provider | DID Numbers | Call Forwarding<\/title>\n<meta name=\"description\" content=\"Buy Toll Free Number or Toll-free Phone Numbers from over 20 countries worldwide. Signup for a Toll Free Number for FREE NOW!!!\" \/>\n<meta name=\"robots\" content=\"index, follow, max-snippet:-1, max-image-preview:large, max-video-preview:-1\" \/>\n<link rel=\"canonical\" href=\"https:\/\/virtnum.com\/fr\/buy-toll-free-number\/\" \/>\n<meta property=\"og:locale\" content=\"fr_FR\" \/>\n<meta property=\"og:type\" content=\"article\" \/>\n<meta property=\"og:title\" content=\"Buy Toll Free Numbers | Buy Virtual Toll Free Numbers | Buy Local Toll Free Number - Virtual Number Provider | DID Numbers | Call Forwarding\" \/>\n<meta property=\"og:description\" content=\"Buy Toll Free Number or Toll-free Phone Numbers from over 20 countries worldwide. Signup for a Toll Free Number for FREE NOW!!!\" \/>\n<meta property=\"og:url\" content=\"https:\/\/virtnum.com\/fr\/buy-toll-free-number\/\" \/>\n<meta property=\"og:site_name\" content=\"Virtual Local Phone Numbers\" \/>\n<meta name=\"twitter:card\" content=\"summary_large_image\" \/>\n<meta name=\"twitter:label1\" content=\"Dur\u00e9e de lecture estim\u00e9e\" \/>\n\t<meta name=\"twitter:data1\" content=\"2 minutes\" \/>\n<script type=\"application\/ld+json\" class=\"yoast-schema-graph\">{\"@context\":\"https:\\\/\\\/schema.org\",\"@graph\":[{\"@type\":\"WebPage\",\"@id\":\"https:\\\/\\\/virtnum.com\\\/buy-toll-free-number\\\/\",\"url\":\"https:\\\/\\\/virtnum.com\\\/buy-toll-free-number\\\/\",\"name\":\"Buy Toll Free Numbers | Buy Virtual Toll Free Numbers | Buy Local Toll Free Number - Virtual Number Provider | DID Numbers | Call Forwarding\",\"isPartOf\":{\"@id\":\"https:\\\/\\\/virtnum.com\\\/#website\"},\"datePublished\":\"2021-04-06T16:34:41+00:00\",\"description\":\"Buy Toll Free Number or Toll-free Phone Numbers from over 20 countries worldwide. Signup for a Toll Free Number for FREE NOW!!!\",\"inLanguage\":\"fr-FR\",\"potentialAction\":[{\"@type\":\"ReadAction\",\"target\":[\"https:\\\/\\\/virtnum.com\\\/buy-toll-free-number\\\/\"]}]},{\"@type\":\"WebSite\",\"@id\":\"https:\\\/\\\/virtnum.com\\\/#website\",\"url\":\"https:\\\/\\\/virtnum.com\\\/\",\"name\":\"Virtual Local Phone Numbers\",\"description\":\"Buy Virtual Phone Numbers | DID Numbers | VoIP Numbers | Toll-free Numbers | Call forwarding to SIP, VOIP, PBX, Mobile or Fixed Phones\",\"publisher\":{\"@id\":\"https:\\\/\\\/virtnum.com\\\/#organization\"},\"potentialAction\":[{\"@type\":\"SearchAction\",\"target\":{\"@type\":\"EntryPoint\",\"urlTemplate\":\"https:\\\/\\\/virtnum.com\\\/?s={search_term_string}\"},\"query-input\":{\"@type\":\"PropertyValueSpecification\",\"valueRequired\":true,\"valueName\":\"search_term_string\"}}],\"inLanguage\":\"fr-FR\"},{\"@type\":\"Organization\",\"@id\":\"https:\\\/\\\/virtnum.com\\\/#organization\",\"name\":\"Virtual Local Phone Numbers\",\"url\":\"https:\\\/\\\/virtnum.com\\\/\",\"logo\":{\"@type\":\"ImageObject\",\"inLanguage\":\"fr-FR\",\"@id\":\"https:\\\/\\\/virtnum.com\\\/#\\\/schema\\\/logo\\\/image\\\/\",\"url\":\"https:\\\/\\\/virtnum.com\\\/wp-content\\\/uploads\\\/2022\\\/12\\\/logo-1.png\",\"contentUrl\":\"https:\\\/\\\/virtnum.com\\\/wp-content\\\/uploads\\\/2022\\\/12\\\/logo-1.png\",\"width\":420,\"height\":165,\"caption\":\"Virtual Local Phone Numbers\"},\"image\":{\"@id\":\"https:\\\/\\\/virtnum.com\\\/#\\\/schema\\\/logo\\\/image\\\/\"}}]}<\/script>\n<!-- \/ Yoast SEO plugin. -->","yoast_head_json":{"title":"Acheter des num\u00e9ros gratuits | Acheter des num\u00e9ros gratuits virtuels | Acheter un num\u00e9ro gratuit local - Fournisseur de num\u00e9ro virtuel | Num\u00e9ros DID | Renvoi d&#039;appel","description":"Achetez un num\u00e9ro gratuit ou des num\u00e9ros de t\u00e9l\u00e9phone gratuits dans plus de 20 pays \u00e0 travers le monde. Inscrivez-vous pour un num\u00e9ro sans frais GRATUITEMENT MAINTENANT !!!","robots":{"index":"index","follow":"follow","max-snippet":"max-snippet:-1","max-image-preview":"max-image-preview:large","max-video-preview":"max-video-preview:-1"},"canonical":"https:\/\/virtnum.com\/fr\/buy-toll-free-number\/","og_locale":"fr_FR","og_type":"article","og_title":"Buy Toll Free Numbers | Buy Virtual Toll Free Numbers | Buy Local Toll Free Number - Virtual Number Provider | DID Numbers | Call Forwarding","og_description":"Buy Toll Free Number or Toll-free Phone Numbers from over 20 countries worldwide. Signup for a Toll Free Number for FREE NOW!!!","og_url":"https:\/\/virtnum.com\/fr\/buy-toll-free-number\/","og_site_name":"Virtual Local Phone Numbers","twitter_card":"summary_large_image","twitter_misc":{"Dur\u00e9e de lecture estim\u00e9e":"2 minutes"},"schema":{"@context":"https:\/\/schema.org","@graph":[{"@type":"WebPage","@id":"https:\/\/virtnum.com\/buy-toll-free-number\/","url":"https:\/\/virtnum.com\/buy-toll-free-number\/","name":"Acheter des num\u00e9ros gratuits | Acheter des num\u00e9ros gratuits virtuels | Acheter un num\u00e9ro gratuit local - Fournisseur de num\u00e9ro virtuel | Num\u00e9ros DID | Renvoi d&#039;appel","isPartOf":{"@id":"https:\/\/virtnum.com\/#website"},"datePublished":"2021-04-06T16:34:41+00:00","description":"Achetez un num\u00e9ro gratuit ou des num\u00e9ros de t\u00e9l\u00e9phone gratuits dans plus de 20 pays \u00e0 travers le monde. Inscrivez-vous pour un num\u00e9ro sans frais GRATUITEMENT MAINTENANT !!!","inLanguage":"fr-FR","potentialAction":[{"@type":"ReadAction","target":["https:\/\/virtnum.com\/buy-toll-free-number\/"]}]},{"@type":"WebSite","@id":"https:\/\/virtnum.com\/#website","url":"https:\/\/virtnum.com\/","name":"Num\u00e9ros de t\u00e9l\u00e9phone locaux virtuels","description":"Acheter des num\u00e9ros de t\u00e9l\u00e9phone virtuels | Num\u00e9ros DID | Num\u00e9ros VoIP | Num\u00e9ros gratuits | Renvoi d&#039;appel vers SIP, VOIP, PBX, t\u00e9l\u00e9phones mobiles ou fixes","publisher":{"@id":"https:\/\/virtnum.com\/#organization"},"potentialAction":[{"@type":"SearchAction","target":{"@type":"EntryPoint","urlTemplate":"https:\/\/virtnum.com\/?s={search_term_string}"},"query-input":{"@type":"PropertyValueSpecification","valueRequired":true,"valueName":"search_term_string"}}],"inLanguage":"fr-FR"},{"@type":"Organization","@id":"https:\/\/virtnum.com\/#organization","name":"Num\u00e9ros de t\u00e9l\u00e9phone locaux virtuels","url":"https:\/\/virtnum.com\/","logo":{"@type":"ImageObject","inLanguage":"fr-FR","@id":"https:\/\/virtnum.com\/#\/schema\/logo\/image\/","url":"https:\/\/virtnum.com\/wp-content\/uploads\/2022\/12\/logo-1.png","contentUrl":"https:\/\/virtnum.com\/wp-content\/uploads\/2022\/12\/logo-1.png","width":420,"height":165,"caption":"Virtual Local Phone Numbers"},"image":{"@id":"https:\/\/virtnum.com\/#\/schema\/logo\/image\/"}}]}},"_links":{"self":[{"href":"https:\/\/virtnum.com\/fr\/wp-json\/wp\/v2\/pages\/115","targetHints":{"allow":["GET"]}}],"collection":[{"href":"https:\/\/virtnum.com\/fr\/wp-json\/wp\/v2\/pages"}],"about":[{"href":"https:\/\/virtnum.com\/fr\/wp-json\/wp\/v2\/types\/page"}],"author":[{"embeddable":true,"href":"https:\/\/virtnum.com\/fr\/wp-json\/wp\/v2\/users\/1"}],"replies":[{"embeddable":true,"href":"https:\/\/virtnum.com\/fr\/wp-json\/wp\/v2\/comments?post=115"}],"version-history":[{"count":1,"href":"https:\/\/virtnum.com\/fr\/wp-json\/wp\/v2\/pages\/115\/revisions"}],"predecessor-version":[{"id":117,"href":"https:\/\/virtnum.com\/fr\/wp-json\/wp\/v2\/pages\/115\/revisions\/117"}],"wp:attachment":[{"href":"https:\/\/virtnum.com\/fr\/wp-json\/wp\/v2\/media?parent=115"}],"curies":[{"name":"wp","href":"https:\/\/api.w.org\/{rel}","templated":true}]}}