{"id":19,"date":"2021-01-08T14:32:50","date_gmt":"2021-01-08T14:32:50","guid":{"rendered":"https:\/\/virtnum.com\/contact\/"},"modified":"2022-11-14T15:57:21","modified_gmt":"2022-11-14T11:57:21","slug":"contact","status":"publish","type":"page","link":"https:\/\/virtnum.com\/fr\/contact\/","title":{"rendered":"Contact"},"content":{"rendered":"<div class=\"wp-block-contact-form-7-contact-form-selector\">\n<div class=\"wpcf7 no-js\" id=\"wpcf7-f122-o1\" lang=\"en-US\" dir=\"ltr\" data-wpcf7-id=\"122\">\n<div class=\"screen-reader-response\"><p role=\"status\" aria-live=\"polite\" aria-atomic=\"true\"><\/p> <ul><\/ul><\/div>\n<form action=\"\/fr\/wp-json\/wp\/v2\/pages\/19#wpcf7-f122-o1\" method=\"post\" class=\"wpcf7-form init\" aria-label=\"Formulaire de contact\" novalidate=\"novalidate\" data-status=\"init\" data-trp-original-action=\"\/fr\/wp-json\/wp\/v2\/pages\/19#wpcf7-f122-o1\">\n<fieldset class=\"hidden-fields-container\"><input type=\"hidden\" name=\"_wpcf7\" value=\"122\" \/><input type=\"hidden\" name=\"_wpcf7_version\" value=\"6.1.5\" \/><input type=\"hidden\" name=\"_wpcf7_locale\" value=\"en_US\" \/><input type=\"hidden\" name=\"_wpcf7_unit_tag\" value=\"wpcf7-f122-o1\" \/><input type=\"hidden\" name=\"_wpcf7_container_post\" value=\"0\" \/><input type=\"hidden\" name=\"_wpcf7_posted_data_hash\" value=\"\" \/>\n<\/fieldset>\n<p><span class=\"wpcf7-form-control-wrap\" data-name=\"Choosecountry\"><select class=\"wpcf7-form-control wpcf7-select wpcf7-validates-as-required\" aria-required=\"true\" aria-invalid=\"false\" name=\"Choosecountry\"><option value=\"Algeria\">Alg\u00e9rie<\/option><option value=\"Argentina\">Argentine<\/option><option value=\"Armenia\">Arm\u00e9nie<\/option><option value=\"Australia\">Australie<\/option><option value=\"Austria\">L&#039;Autriche<\/option><option value=\"Bahrain\">Bahre\u00efn<\/option><option value=\"Belarus\">Bi\u00e9lorussie<\/option><option value=\"Belgium\">Belgique<\/option><option value=\"Benin\">B\u00e9nin<\/option><option value=\"Brazil\">Br\u00e9sil<\/option><option value=\"Bulgaria\">Bulgarie<\/option><option value=\"Canada\">Canada<\/option><option value=\"Cayman Islands\">\u00celes Ca\u00efmans<\/option><option value=\"Chile\">Chili<\/option><option value=\"China\">Chine<\/option><option value=\"Colombia\">Colombie<\/option><option value=\"Costa Rica\">Costa Rica<\/option><option value=\"Croatia\">Croatie<\/option><option value=\"Cyprus\">Chypre<\/option><option value=\"Czech\">tch\u00e8que<\/option><option value=\"Denmark\">Danemark<\/option><option value=\"Dominican Republic\">R\u00e9publique dominicaine<\/option><option value=\"El Salvador\">Le Salvador<\/option><option value=\"Estonia\">Estonie<\/option><option value=\"Finland\">Finlande<\/option><option value=\"France\">France<\/option><option value=\"Georgia\">G\u00e9orgie<\/option><option value=\"Germany\">Allemagne<\/option><option value=\"Greece\">Gr\u00e8ce<\/option><option value=\"Guatemala\">Guatemala<\/option><option value=\"Hong Kong\">Hong Kong<\/option><option value=\"Hungary\">Hongrie<\/option><option value=\"Iceland\">Islande<\/option><option value=\"Ireland\">Irlande<\/option><option value=\"Israel\">Isra\u00ebl<\/option><option value=\"Italy\">Italie<\/option><option value=\"Japan\">Japon<\/option><option value=\"Kazakhstan\">Kazakhstan<\/option><option value=\"Kenya\">Kenya<\/option><option value=\"Kyrgyzstan\">Kirghizistan<\/option><option value=\"Latvia\">Lettonie<\/option><option value=\"Lithuania\">Lituanie<\/option><option value=\"Luxembourg\">Luxembourg<\/option><option value=\"Macau\">Macao<\/option><option value=\"Malaysia\">Malaisie<\/option><option value=\"Malta\">Malte<\/option><option value=\"Mexico\">Mexique<\/option><option value=\"Moldova\">Moldavie<\/option><option value=\"Namibia\">Namibie<\/option><option value=\"Netherlands\">Pays-Bas<\/option><option value=\"New Zealand\">Nouvelle-Z\u00e9lande<\/option><option value=\"Nicaragua\">Nicaragua<\/option><option value=\"Nigeria\">Nigeria<\/option><option value=\"Pakistan\">Pakistan<\/option><option value=\"Panama\">Panama<\/option><option value=\"Peru\">P\u00e9rou<\/option><option value=\"Philippines\">Philippines<\/option><option value=\"Poland\">Pologne<\/option><option value=\"Portugal\">le Portugal<\/option><option value=\"Puerto Rico\">Porto Rico<\/option><option value=\"Romania\">Roumanie<\/option><option value=\"Russia\">Russie<\/option><option value=\"Saudi Arabia\">Arabie Saoudite<\/option><option value=\"Singapore\">Singapour<\/option><option value=\"Slovakia\">Slovaquie<\/option><option value=\"Slovenia\">Slov\u00e9nie<\/option><option value=\"South Africa\">Afrique du Sud<\/option><option value=\"Spain\">Espagne<\/option><option value=\"Sweden\">Su\u00e8de<\/option><option value=\"Switzerland\">Suisse<\/option><option value=\"Taiwan\">Ta\u00efwan<\/option><option value=\"Tajikistan\">Tadjikistan<\/option><option value=\"Thailand\">Tha\u00eflande<\/option><option value=\"Turkey\">Turquie<\/option><option value=\"Uganda\">Ouganda<\/option><option value=\"Ukraine\">Ukraine<\/option><option value=\"United Kingdom\">Royaume-Uni<\/option><option value=\"United States\">\u00c9tats-Unis<\/option><option value=\"Venezuela\">Venezuela<\/option><option value=\"Vietnam\">Vi\u00eat Nam<\/option><\/select><\/span>\n<\/p><div class=\"wpcf7-response-output\" aria-hidden=\"true\"><\/div>\n<input type=\"hidden\" name=\"trp-form-language\" value=\"fr\"\/><\/form>\n<\/div>\n<\/div>","protected":false},"excerpt":{"rendered":"","protected":false},"author":1,"featured_media":0,"parent":0,"menu_order":0,"comment_status":"closed","ping_status":"closed","template":"","meta":{"_acf_changed":false,"footnotes":""},"class_list":["post-19","page","type-page","status-publish","hentry"],"acf":[],"yoast_head":"<!-- This site is optimized with the Yoast SEO plugin v27.3 - https:\/\/yoast.com\/product\/yoast-seo-wordpress\/ -->\n<title>Contact - Virtual Local Phone Numbers<\/title>\n<meta name=\"robots\" content=\"index, follow, max-snippet:-1, max-image-preview:large, max-video-preview:-1\" \/>\n<link rel=\"canonical\" href=\"https:\/\/virtnum.com\/fr\/contact\/\" \/>\n<meta property=\"og:locale\" content=\"fr_FR\" \/>\n<meta property=\"og:type\" content=\"article\" \/>\n<meta property=\"og:title\" content=\"Contact - Virtual Local Phone Numbers\" \/>\n<meta property=\"og:url\" content=\"https:\/\/virtnum.com\/fr\/contact\/\" \/>\n<meta property=\"og:site_name\" content=\"Virtual Local Phone Numbers\" \/>\n<meta property=\"article:modified_time\" content=\"2022-11-14T11:57:21+00:00\" \/>\n<meta name=\"twitter:card\" content=\"summary_large_image\" \/>\n<meta name=\"twitter:label1\" content=\"Dur\u00e9e de lecture estim\u00e9e\" \/>\n\t<meta name=\"twitter:data1\" content=\"1 minute\" \/>\n<script type=\"application\/ld+json\" class=\"yoast-schema-graph\">{\"@context\":\"https:\\\/\\\/schema.org\",\"@graph\":[{\"@type\":\"WebPage\",\"@id\":\"https:\\\/\\\/virtnum.com\\\/contact\\\/\",\"url\":\"https:\\\/\\\/virtnum.com\\\/contact\\\/\",\"name\":\"Contact - Virtual Local Phone Numbers\",\"isPartOf\":{\"@id\":\"https:\\\/\\\/virtnum.com\\\/#website\"},\"datePublished\":\"2021-01-08T14:32:50+00:00\",\"dateModified\":\"2022-11-14T11:57:21+00:00\",\"inLanguage\":\"fr-FR\",\"potentialAction\":[{\"@type\":\"ReadAction\",\"target\":[\"https:\\\/\\\/virtnum.com\\\/contact\\\/\"]}]},{\"@type\":\"WebSite\",\"@id\":\"https:\\\/\\\/virtnum.com\\\/#website\",\"url\":\"https:\\\/\\\/virtnum.com\\\/\",\"name\":\"Virtual Local Phone Numbers\",\"description\":\"Buy Virtual Phone Numbers | DID Numbers | VoIP Numbers | Toll-free Numbers | Call forwarding to SIP, VOIP, PBX, Mobile or Fixed Phones\",\"publisher\":{\"@id\":\"https:\\\/\\\/virtnum.com\\\/#organization\"},\"potentialAction\":[{\"@type\":\"SearchAction\",\"target\":{\"@type\":\"EntryPoint\",\"urlTemplate\":\"https:\\\/\\\/virtnum.com\\\/?s={search_term_string}\"},\"query-input\":{\"@type\":\"PropertyValueSpecification\",\"valueRequired\":true,\"valueName\":\"search_term_string\"}}],\"inLanguage\":\"fr-FR\"},{\"@type\":\"Organization\",\"@id\":\"https:\\\/\\\/virtnum.com\\\/#organization\",\"name\":\"Virtual Local Phone Numbers\",\"url\":\"https:\\\/\\\/virtnum.com\\\/\",\"logo\":{\"@type\":\"ImageObject\",\"inLanguage\":\"fr-FR\",\"@id\":\"https:\\\/\\\/virtnum.com\\\/#\\\/schema\\\/logo\\\/image\\\/\",\"url\":\"https:\\\/\\\/virtnum.com\\\/wp-content\\\/uploads\\\/2022\\\/12\\\/logo-1.png\",\"contentUrl\":\"https:\\\/\\\/virtnum.com\\\/wp-content\\\/uploads\\\/2022\\\/12\\\/logo-1.png\",\"width\":420,\"height\":165,\"caption\":\"Virtual Local Phone Numbers\"},\"image\":{\"@id\":\"https:\\\/\\\/virtnum.com\\\/#\\\/schema\\\/logo\\\/image\\\/\"}}]}<\/script>\n<!-- \/ Yoast SEO plugin. -->","yoast_head_json":{"title":"Contact - Num\u00e9ros de t\u00e9l\u00e9phone locaux virtuels","robots":{"index":"index","follow":"follow","max-snippet":"max-snippet:-1","max-image-preview":"max-image-preview:large","max-video-preview":"max-video-preview:-1"},"canonical":"https:\/\/virtnum.com\/fr\/contact\/","og_locale":"fr_FR","og_type":"article","og_title":"Contact - Virtual Local Phone Numbers","og_url":"https:\/\/virtnum.com\/fr\/contact\/","og_site_name":"Virtual Local Phone Numbers","article_modified_time":"2022-11-14T11:57:21+00:00","twitter_card":"summary_large_image","twitter_misc":{"Dur\u00e9e de lecture estim\u00e9e":"1 minute"},"schema":{"@context":"https:\/\/schema.org","@graph":[{"@type":"WebPage","@id":"https:\/\/virtnum.com\/contact\/","url":"https:\/\/virtnum.com\/contact\/","name":"Contact - Num\u00e9ros de t\u00e9l\u00e9phone locaux virtuels","isPartOf":{"@id":"https:\/\/virtnum.com\/#website"},"datePublished":"2021-01-08T14:32:50+00:00","dateModified":"2022-11-14T11:57:21+00:00","inLanguage":"fr-FR","potentialAction":[{"@type":"ReadAction","target":["https:\/\/virtnum.com\/contact\/"]}]},{"@type":"WebSite","@id":"https:\/\/virtnum.com\/#website","url":"https:\/\/virtnum.com\/","name":"Num\u00e9ros de t\u00e9l\u00e9phone locaux virtuels","description":"Acheter des num\u00e9ros de t\u00e9l\u00e9phone virtuels | Num\u00e9ros DID | Num\u00e9ros VoIP | Num\u00e9ros gratuits | Renvoi d&#039;appel vers SIP, VOIP, PBX, t\u00e9l\u00e9phones mobiles ou fixes","publisher":{"@id":"https:\/\/virtnum.com\/#organization"},"potentialAction":[{"@type":"SearchAction","target":{"@type":"EntryPoint","urlTemplate":"https:\/\/virtnum.com\/?s={search_term_string}"},"query-input":{"@type":"PropertyValueSpecification","valueRequired":true,"valueName":"search_term_string"}}],"inLanguage":"fr-FR"},{"@type":"Organization","@id":"https:\/\/virtnum.com\/#organization","name":"Num\u00e9ros de t\u00e9l\u00e9phone locaux virtuels","url":"https:\/\/virtnum.com\/","logo":{"@type":"ImageObject","inLanguage":"fr-FR","@id":"https:\/\/virtnum.com\/#\/schema\/logo\/image\/","url":"https:\/\/virtnum.com\/wp-content\/uploads\/2022\/12\/logo-1.png","contentUrl":"https:\/\/virtnum.com\/wp-content\/uploads\/2022\/12\/logo-1.png","width":420,"height":165,"caption":"Virtual Local Phone Numbers"},"image":{"@id":"https:\/\/virtnum.com\/#\/schema\/logo\/image\/"}}]}},"_links":{"self":[{"href":"https:\/\/virtnum.com\/fr\/wp-json\/wp\/v2\/pages\/19","targetHints":{"allow":["GET"]}}],"collection":[{"href":"https:\/\/virtnum.com\/fr\/wp-json\/wp\/v2\/pages"}],"about":[{"href":"https:\/\/virtnum.com\/fr\/wp-json\/wp\/v2\/types\/page"}],"author":[{"embeddable":true,"href":"https:\/\/virtnum.com\/fr\/wp-json\/wp\/v2\/users\/1"}],"replies":[{"embeddable":true,"href":"https:\/\/virtnum.com\/fr\/wp-json\/wp\/v2\/comments?post=19"}],"version-history":[{"count":2,"href":"https:\/\/virtnum.com\/fr\/wp-json\/wp\/v2\/pages\/19\/revisions"}],"predecessor-version":[{"id":478,"href":"https:\/\/virtnum.com\/fr\/wp-json\/wp\/v2\/pages\/19\/revisions\/478"}],"wp:attachment":[{"href":"https:\/\/virtnum.com\/fr\/wp-json\/wp\/v2\/media?parent=19"}],"curies":[{"name":"wp","href":"https:\/\/api.w.org\/{rel}","templated":true}]}}