{"id":274,"date":"2022-10-28T02:02:20","date_gmt":"2022-10-27T22:02:20","guid":{"rendered":"https:\/\/virtnum.com\/?page_id=274"},"modified":"2022-10-28T02:02:21","modified_gmt":"2022-10-27T22:02:21","slug":"bulgaria","status":"publish","type":"page","link":"https:\/\/virtnum.com\/fr\/buy-virtual-phone-number\/bulgaria\/","title":{"rendered":"Bulgarie"},"content":{"rendered":"<div class=\"wp-block-columns is-layout-flex wp-container-core-columns-is-layout-9d6595d7 wp-block-columns-is-layout-flex\">\n<div class=\"wp-block-column is-layout-flow wp-block-column-is-layout-flow\">\n<h2 class=\"wp-block-heading\">Num\u00e9ro virtuel local de Bulgarie<\/h2>\n\n\n\n<h3 class=\"wp-block-heading\">Recevez et transf\u00e9rez des appels et des SMS dans le monde entier<\/h3>\n\n\n\n<ul class=\"wp-block-list\"><li>Louez un num\u00e9ro de t\u00e9l\u00e9phone en Bulgarie depuis n&#039;importe quel pays.<\/li><li>Si vous devez enregistrer le num\u00e9ro de t\u00e9l\u00e9phone lorsque vous modifiez l&#039;adresse de votre entreprise.<\/li><li>De plus, les conversations restent confidentielles.<\/li><li>Utilisez-le pour lancer des campagnes publicitaires.<\/li><li>R\u00e9duisez les co\u00fbts des appels internationaux. Vos contacts pourront appeler un num\u00e9ro local.<\/li><\/ul>\n<\/div>\n\n\n\n<div class=\"wp-block-column is-vertically-aligned-top is-layout-flow wp-block-column-is-layout-flow\">\n<p>\u0421hoisissez votre pays et votre r\u00e9gion, puis s\u00e9lectionnez le num\u00e9ro qui correspond \u00e0 vos crit\u00e8res de recherche dans la liste.<\/p>\n<a href=\"https:\/\/virtnum.com\/buy\/Bulgaria\"><img loading=\"lazy\" decoding=\"async\" width=\"500\" height=\"200\" src=\"https:\/\/virtnum.com\/wp-content\/uploads\/2021\/04\/check-price.png\" alt=\"\" class=\"wp-image-96\" srcset=\"https:\/\/virtnum.com\/wp-content\/uploads\/2021\/04\/check-price.png 500w, https:\/\/virtnum.com\/wp-content\/uploads\/2021\/04\/check-price-300x120.png 300w\" sizes=\"auto, (max-width: 500px) 100vw, 500px\" \/><\/a>\n\n<p>Avez-vous besoin de plusieurs num\u00e9ros ? Pas d&#039;inqui\u00e9tudes \u00e0 avoir. Il est possible d&#039;acheter quelques num\u00e9ros du pays ou de la r\u00e9gion de votre choix.<\/p>\n\n<p>Vous trouverez ci-dessous des tableaux permettant d&#039;acc\u00e9der rapidement \u00e0<br> <a href=\"#prices\" style=\"text-decoration:underline\">prix des num\u00e9ros virtuels<\/a>.<\/p>\n<\/div>\n<\/div>\n\n\n\n<p>Avec le num\u00e9ro virtuel de Bulgarie vous pouvez renvoyer les appels vers n&#039;importe quel num\u00e9ro : fixe, mobile, SIP ou Telegram. Les transferts d&#039;appels et de SMS peuvent \u00eatre configur\u00e9s depuis votre compte.<\/p>\n\n\n\n<a name=\"prices\">\n\n\n<p><div>\n               <h2>Tarifs des num\u00e9ros virtuels vocaux en Bulgarie<\/h2>\n                <table id=\"city-search-voice\">\n                            <thead>\n                                <tr>\n                                <th>\n                                    R\u00e9gion\n                                <\/th>\n                                <th>\n                                    Code de t\u00e9l\u00e9phone\n                                <\/th>\n                                <th>\n                                    Frais d&#039;installation\n                                <\/th>\n                                <th>\n                                    Redevance mensuelle\n                                <\/th>\n                                <th>\n                                    \n                                <\/th>\n                                <\/tr>\n                            <\/thead>\n                            <tbody>\n                            <tr >\n                                <td data-label=\"City\">Mobile pour inscription (Appels et SMS)<\/td>\n                \t\t\t\t<td data-label=\"Code\">+359 (123)<\/td>\n                \t\t\t\t<td data-label=\"Setup\">$80<\/td>\n                        \t    <td data-label=\"Fix\">$80<\/td>\n                                <td><a href=\"https:\/\/lk.virtnum.com\/fr\/component\/telecomax\/?task=buyunregistred&type=voice&country=bulgaria&city=mobile-for-registration-calls-and-sms\" class=\"buy\">ACHETER \ud83d\uded2<\/a><\/td> \n                            <\/tr>\n                            <tr >\n                                <td data-label=\"City\">Plovdiv<\/td>\n                \t\t\t\t<td data-label=\"Code\">+359 (32)<\/td>\n                \t\t\t\t<td data-label=\"Setup\">$50<\/td>\n                        \t    <td data-label=\"Fix\">$20<\/td>\n                                <td><a href=\"https:\/\/lk.virtnum.com\/fr\/component\/telecomax\/?task=buyunregistred&type=voice&country=bulgaria&city=plovdiv\" class=\"buy\">ACHETER \ud83d\uded2<\/a><\/td> \n                            <\/tr><\/tbody>\n                <\/table>\n                <\/div><br \/>\n<div>\n               <h2>Tarifs num\u00e9ros virtuels sms Bulgarie<\/h2>\n                <table id=\"city-search-sms\">\n                            <thead>\n                                <tr>\n                                <th>\n                                    R\u00e9gion\n                                <\/th>\n                                <th>\n                                    Code de t\u00e9l\u00e9phone\n                                <\/th>\n                                <th>\n                                    Frais d&#039;installation\n                                <\/th>\n                                <th>\n                                    Redevance mensuelle\n                                <\/th>\n                                <th>\n                                    \n                                <\/th>\n                                <\/tr>\n                            <\/thead>\n                            <tbody>\n                            <tr >\n                                <td data-label=\"City\">Mobile pour inscription (Appels et SMS)<\/td>\n                \t\t\t\t<td data-label=\"Code\">+359 (123)<\/td>\n                \t\t\t\t<td data-label=\"Setup\">$80<\/td>\n                        \t    <td data-label=\"Fix\">$80<\/td>\n                                <td><a href=\"https:\/\/lk.virtnum.com\/fr\/component\/telecomax\/?task=buyunregistred&type=sms&country=bulgaria&city=mobile-for-registration-calls-and-sms\" class=\"buy\">ACHETER \ud83d\uded2<\/a><\/td> \n                            <\/tr><\/tbody>\n                <\/table>\n                <\/div><br \/>\n<div>\n               <h2>Tarifs des num\u00e9ros virtuels gratuits en Bulgarie<\/h2>\n                <table id=\"city-search-tollfree\">\n                            <thead>\n                                <tr>\n                                <th>\n                                    R\u00e9gion\n                                <\/th>\n                                <th>\n                                    Code de t\u00e9l\u00e9phone\n                                <\/th>\n                                <th>\n                                    Frais d&#039;installation\n                                <\/th>\n                                <th>\n                                    Redevance mensuelle\n                                <\/th>\n                                <th>\n                                    \n                                <\/th>\n                                <\/tr>\n                            <\/thead>\n                            <tbody>\n                            <tr >\n                                <td data-label=\"City\">Gratuit<\/td>\n                \t\t\t\t<td data-label=\"Code\">+359 (800)<\/td>\n                \t\t\t\t<td data-label=\"Setup\">$100<\/td>\n                        \t    <td data-label=\"Fix\">$60<\/td>\n                                <td><a href=\"https:\/\/lk.virtnum.com\/fr\/component\/telecomax\/?task=buyunregistred&type=tollfree&country=bulgaria&city=tollfree\" class=\"buy\">ACHETER \ud83d\uded2<\/a><\/td> \n                            <\/tr><\/tbody>\n                <\/table>\n                <\/div><\/p>\n\n\n\n<h2 class=\"wp-block-heading\">Possibilit\u00e9s<\/h2>\n\n\n\n<ul class=\"wp-block-list\"><li>Transf\u00e9rer les appels pass\u00e9s vers la Bulgarie vers n\u2019importe o\u00f9 dans le monde.<\/li><li>Recevez des appels entrants avec votre num\u00e9ro virtuel de Bulgarie en utilisant un softphone ou notre application mobile.<\/li><li>Transf\u00e9rez les appels entrants vers n\u2019importe quelle ligne t\u00e9l\u00e9phonique ordinaire ou mobile \u00e0 un tarif tr\u00e8s bas.<\/li><li>Le renvoi d&#039;appel entrant vers n&#039;importe quel fournisseur de voix sur IP (VoIP), SIP, H.323 ou IAX est inclus.<\/li><li>Appels entrants via ITSP ou VoIP (SIP, H.323 ou IAX)<\/li><li>Vous louez le num\u00e9ro de t\u00e9l\u00e9phone de Bulgarie sans contrat.<\/li><li>Si vous avez besoin d&#039;un num\u00e9ro gratuit ou d&#039;un num\u00e9ro payant en Bulgarie, veuillez contacter l&#039;assistance.<\/li><\/ul>\n\n\n\n<p align=\"center\"><a class=\"buy\" href=\"https:\/\/virtnum.com\/buy\/Bulgaria\">\u27a1\ufe0f Acheter un num\u00e9ro DID en Bulgarie \u2b05\ufe0f<\/a><\/p>\n\n\n\n<h2 class=\"wp-block-heading\">Obtenez une 2\u00e8me ligne t\u00e9l\u00e9phonique pour la Bulgarie<\/h2>\n\n\n\n<p>Avez-vous besoin d&#039;une pr\u00e9sence en Bulgarie pour votre entreprise ou votre site Web ? Achetez un num\u00e9ro de t\u00e9l\u00e9phone virtuel de Bulgarie (num\u00e9ro SDA de Bulgarie) et parlez \u00e0 des clients que vous n&#039;auriez jamais cru avoir. Les clients potentiels et actuels appr\u00e9cieront tous deux de pouvoir utiliser un num\u00e9ro de t\u00e9l\u00e9phone local en Bulgarie. V\u00e9rifiez les rapports d&#039;analyse de vos sites Web. Si vous obtenez du trafic en dehors des zones dans lesquelles vous avez indiqu\u00e9 votre num\u00e9ro de t\u00e9l\u00e9phone \u00ab\u00a0Contactez-nous\u00a0\u00bb, vous pourriez manquer des affaires. Prenez un num\u00e9ro virtuel de Bulgarie et transf\u00e9rez les appels vers n&#039;importe quel appareil VOIP et payez un forfait pour les minutes entrantes illimit\u00e9es vers ce num\u00e9ro. Vous seriez surpris du nombre d&#039;appels qu&#039;il pourrait y avoir en Bulgarie.<\/p>\n\n\n\n<p align=\"center\"><a class=\"buy\" href=\"https:\/\/virtnum.com\/buy\/Bulgaria\">\u27a1\ufe0f Obtenez le num\u00e9ro virtuel de Bulgarie \u2b05\ufe0f<\/a><\/p>\n\n\n\n<h2 class=\"wp-block-heading\">Comment obtenir un num\u00e9ro de t\u00e9l\u00e9phone virtuel Local Bulgarie ?<\/h2>\n\n\n\n<ol class=\"wp-block-list\"><li>Dans Votre compte, s\u00e9lectionnez le <strong>type de num\u00e9ro<\/strong> (SMS, voix ou num\u00e9ro gratuit).<\/li><li>\u0421hoisissez <strong>Bulgarie<\/strong> \u00e0 partir de la liste des pays.<\/li><li>S\u00e9lectionnez le <strong>ville\/r\u00e9gion<\/strong> o\u00f9 vous voulez obtenir le num\u00e9ro.<\/li><li>Installation <strong>direction de renvoi d&#039;appel<\/strong> (au num\u00e9ro de t\u00e9l\u00e9phone, SIP ou Telegram).<\/li><li>Paye le <strong>frais d&#039;installation<\/strong> et <strong>redevance mensuelle<\/strong> pour le nombre de mois de loyer requis (une remise est possible avec une augmentation du nombre de mois).<\/li><\/ol>","protected":false},"excerpt":{"rendered":"<p>Num\u00e9ro virtuel local Recevez et transf\u00e9rez des appels et des SMS dans le monde entier. Louez un num\u00e9ro de t\u00e9l\u00e9phone depuis n&#039;importe quel pays. Si vous devez enregistrer le num\u00e9ro de t\u00e9l\u00e9phone lorsque\u2026<\/p>","protected":false},"author":1,"featured_media":0,"parent":40,"menu_order":0,"comment_status":"closed","ping_status":"closed","template":"","meta":{"_acf_changed":false,"footnotes":""},"class_list":["post-274","page","type-page","status-publish","hentry"],"acf":[],"yoast_head":"<!-- This site is optimized with the Yoast SEO plugin v27.3 - https:\/\/yoast.com\/product\/yoast-seo-wordpress\/ -->\n<title>Buy Bulgaria Virtual Phone Numbers - Virtual Local Phone Numbers<\/title>\n<meta name=\"description\" content=\"Get unique Bulgaria Virtual Phone Numbers (Bulgaria DID Numbers). Make outgoing calls and receive incoming calls or forward the calls to anywhere in the world. Signup for Local Bulgaria Number.\" \/>\n<meta name=\"robots\" content=\"index, follow, max-snippet:-1, max-image-preview:large, max-video-preview:-1\" \/>\n<link rel=\"canonical\" href=\"https:\/\/virtnum.com\/fr\/buy-virtual-phone-number\/bulgaria\/\" \/>\n<meta property=\"og:locale\" content=\"fr_FR\" \/>\n<meta property=\"og:type\" content=\"article\" \/>\n<meta property=\"og:title\" content=\"Buy Bulgaria Virtual Phone Numbers - Virtual Local Phone Numbers\" \/>\n<meta property=\"og:description\" content=\"Get unique Bulgaria Virtual Phone Numbers (Bulgaria DID Numbers). Make outgoing calls and receive incoming calls or forward the calls to anywhere in the world. Signup for Local Bulgaria Number.\" \/>\n<meta property=\"og:url\" content=\"https:\/\/virtnum.com\/fr\/buy-virtual-phone-number\/bulgaria\/\" \/>\n<meta property=\"og:site_name\" content=\"Virtual Local Phone Numbers\" \/>\n<meta property=\"article:modified_time\" content=\"2022-10-27T22:02:21+00:00\" \/>\n<meta property=\"og:image\" content=\"https:\/\/virtnum.com\/wp-content\/uploads\/2021\/04\/check-price.png\" \/>\n<meta name=\"twitter:card\" content=\"summary_large_image\" \/>\n<meta name=\"twitter:label1\" content=\"Dur\u00e9e de lecture estim\u00e9e\" \/>\n\t<meta name=\"twitter:data1\" content=\"3 minutes\" \/>\n<script type=\"application\/ld+json\" class=\"yoast-schema-graph\">{\"@context\":\"https:\\\/\\\/schema.org\",\"@graph\":[{\"@type\":\"WebPage\",\"@id\":\"https:\\\/\\\/virtnum.com\\\/buy-virtual-phone-number\\\/bulgaria\\\/\",\"url\":\"https:\\\/\\\/virtnum.com\\\/buy-virtual-phone-number\\\/bulgaria\\\/\",\"name\":\"Buy Bulgaria Virtual Phone Numbers - Virtual Local Phone Numbers\",\"isPartOf\":{\"@id\":\"https:\\\/\\\/virtnum.com\\\/#website\"},\"primaryImageOfPage\":{\"@id\":\"https:\\\/\\\/virtnum.com\\\/buy-virtual-phone-number\\\/bulgaria\\\/#primaryimage\"},\"image\":{\"@id\":\"https:\\\/\\\/virtnum.com\\\/buy-virtual-phone-number\\\/bulgaria\\\/#primaryimage\"},\"thumbnailUrl\":\"https:\\\/\\\/virtnum.com\\\/wp-content\\\/uploads\\\/2021\\\/04\\\/check-price.png\",\"datePublished\":\"2022-10-27T22:02:20+00:00\",\"dateModified\":\"2022-10-27T22:02:21+00:00\",\"description\":\"Get unique Bulgaria Virtual Phone Numbers (Bulgaria DID Numbers). Make outgoing calls and receive incoming calls or forward the calls to anywhere in the world. Signup for Local Bulgaria Number.\",\"breadcrumb\":{\"@id\":\"https:\\\/\\\/virtnum.com\\\/buy-virtual-phone-number\\\/bulgaria\\\/#breadcrumb\"},\"inLanguage\":\"fr-FR\",\"potentialAction\":[{\"@type\":\"ReadAction\",\"target\":[\"https:\\\/\\\/virtnum.com\\\/buy-virtual-phone-number\\\/bulgaria\\\/\"]}]},{\"@type\":\"ImageObject\",\"inLanguage\":\"fr-FR\",\"@id\":\"https:\\\/\\\/virtnum.com\\\/buy-virtual-phone-number\\\/bulgaria\\\/#primaryimage\",\"url\":\"https:\\\/\\\/virtnum.com\\\/wp-content\\\/uploads\\\/2021\\\/04\\\/check-price.png\",\"contentUrl\":\"https:\\\/\\\/virtnum.com\\\/wp-content\\\/uploads\\\/2021\\\/04\\\/check-price.png\"},{\"@type\":\"BreadcrumbList\",\"@id\":\"https:\\\/\\\/virtnum.com\\\/buy-virtual-phone-number\\\/bulgaria\\\/#breadcrumb\",\"itemListElement\":[{\"@type\":\"ListItem\",\"position\":1,\"name\":\"Permanent Virtual Phone Numbers\",\"item\":\"https:\\\/\\\/virtnum.com\\\/buy-virtual-phone-number\\\/\"},{\"@type\":\"ListItem\",\"position\":2,\"name\":\"Bulgaria\"}]},{\"@type\":\"WebSite\",\"@id\":\"https:\\\/\\\/virtnum.com\\\/#website\",\"url\":\"https:\\\/\\\/virtnum.com\\\/\",\"name\":\"Virtual Local Phone Numbers\",\"description\":\"Buy Virtual Phone Numbers | DID Numbers | VoIP Numbers | Toll-free Numbers | Call forwarding to SIP, VOIP, PBX, Mobile or Fixed Phones\",\"publisher\":{\"@id\":\"https:\\\/\\\/virtnum.com\\\/#organization\"},\"potentialAction\":[{\"@type\":\"SearchAction\",\"target\":{\"@type\":\"EntryPoint\",\"urlTemplate\":\"https:\\\/\\\/virtnum.com\\\/?s={search_term_string}\"},\"query-input\":{\"@type\":\"PropertyValueSpecification\",\"valueRequired\":true,\"valueName\":\"search_term_string\"}}],\"inLanguage\":\"fr-FR\"},{\"@type\":\"Organization\",\"@id\":\"https:\\\/\\\/virtnum.com\\\/#organization\",\"name\":\"Virtual Local Phone Numbers\",\"url\":\"https:\\\/\\\/virtnum.com\\\/\",\"logo\":{\"@type\":\"ImageObject\",\"inLanguage\":\"fr-FR\",\"@id\":\"https:\\\/\\\/virtnum.com\\\/#\\\/schema\\\/logo\\\/image\\\/\",\"url\":\"https:\\\/\\\/virtnum.com\\\/wp-content\\\/uploads\\\/2022\\\/12\\\/logo-1.png\",\"contentUrl\":\"https:\\\/\\\/virtnum.com\\\/wp-content\\\/uploads\\\/2022\\\/12\\\/logo-1.png\",\"width\":420,\"height\":165,\"caption\":\"Virtual Local Phone Numbers\"},\"image\":{\"@id\":\"https:\\\/\\\/virtnum.com\\\/#\\\/schema\\\/logo\\\/image\\\/\"}}]}<\/script>\n<!-- \/ Yoast SEO plugin. -->","yoast_head_json":{"title":"Acheter des num\u00e9ros de t\u00e9l\u00e9phone virtuels pour la Bulgarie - Num\u00e9ros de t\u00e9l\u00e9phone locaux virtuels","description":"Obtenez des num\u00e9ros de t\u00e9l\u00e9phone virtuels uniques pour la Bulgarie (num\u00e9ros DID pour la Bulgarie). Passez des appels sortants et recevez des appels entrants ou transf\u00e9rez les appels partout dans le monde. Inscrivez-vous au num\u00e9ro local de Bulgarie.","robots":{"index":"index","follow":"follow","max-snippet":"max-snippet:-1","max-image-preview":"max-image-preview:large","max-video-preview":"max-video-preview:-1"},"canonical":"https:\/\/virtnum.com\/fr\/buy-virtual-phone-number\/bulgaria\/","og_locale":"fr_FR","og_type":"article","og_title":"Buy Bulgaria Virtual Phone Numbers - Virtual Local Phone Numbers","og_description":"Get unique Bulgaria Virtual Phone Numbers (Bulgaria DID Numbers). Make outgoing calls and receive incoming calls or forward the calls to anywhere in the world. Signup for Local Bulgaria Number.","og_url":"https:\/\/virtnum.com\/fr\/buy-virtual-phone-number\/bulgaria\/","og_site_name":"Virtual Local Phone Numbers","article_modified_time":"2022-10-27T22:02:21+00:00","og_image":[{"url":"https:\/\/virtnum.com\/wp-content\/uploads\/2021\/04\/check-price.png","type":"","width":"","height":""}],"twitter_card":"summary_large_image","twitter_misc":{"Dur\u00e9e de lecture estim\u00e9e":"3 minutes"},"schema":{"@context":"https:\/\/schema.org","@graph":[{"@type":"WebPage","@id":"https:\/\/virtnum.com\/buy-virtual-phone-number\/bulgaria\/","url":"https:\/\/virtnum.com\/buy-virtual-phone-number\/bulgaria\/","name":"Acheter des num\u00e9ros de t\u00e9l\u00e9phone virtuels pour la Bulgarie - Num\u00e9ros de t\u00e9l\u00e9phone locaux virtuels","isPartOf":{"@id":"https:\/\/virtnum.com\/#website"},"primaryImageOfPage":{"@id":"https:\/\/virtnum.com\/buy-virtual-phone-number\/bulgaria\/#primaryimage"},"image":{"@id":"https:\/\/virtnum.com\/buy-virtual-phone-number\/bulgaria\/#primaryimage"},"thumbnailUrl":"https:\/\/virtnum.com\/wp-content\/uploads\/2021\/04\/check-price.png","datePublished":"2022-10-27T22:02:20+00:00","dateModified":"2022-10-27T22:02:21+00:00","description":"Obtenez des num\u00e9ros de t\u00e9l\u00e9phone virtuels uniques pour la Bulgarie (num\u00e9ros DID pour la Bulgarie). Passez des appels sortants et recevez des appels entrants ou transf\u00e9rez les appels partout dans le monde. Inscrivez-vous au num\u00e9ro local de Bulgarie.","breadcrumb":{"@id":"https:\/\/virtnum.com\/buy-virtual-phone-number\/bulgaria\/#breadcrumb"},"inLanguage":"fr-FR","potentialAction":[{"@type":"ReadAction","target":["https:\/\/virtnum.com\/buy-virtual-phone-number\/bulgaria\/"]}]},{"@type":"ImageObject","inLanguage":"fr-FR","@id":"https:\/\/virtnum.com\/buy-virtual-phone-number\/bulgaria\/#primaryimage","url":"https:\/\/virtnum.com\/wp-content\/uploads\/2021\/04\/check-price.png","contentUrl":"https:\/\/virtnum.com\/wp-content\/uploads\/2021\/04\/check-price.png"},{"@type":"BreadcrumbList","@id":"https:\/\/virtnum.com\/buy-virtual-phone-number\/bulgaria\/#breadcrumb","itemListElement":[{"@type":"ListItem","position":1,"name":"Permanent Virtual Phone Numbers","item":"https:\/\/virtnum.com\/buy-virtual-phone-number\/"},{"@type":"ListItem","position":2,"name":"Bulgaria"}]},{"@type":"WebSite","@id":"https:\/\/virtnum.com\/#website","url":"https:\/\/virtnum.com\/","name":"Num\u00e9ros de t\u00e9l\u00e9phone locaux virtuels","description":"Acheter des num\u00e9ros de t\u00e9l\u00e9phone virtuels | Num\u00e9ros DID | Num\u00e9ros VoIP | Num\u00e9ros gratuits | Renvoi d&#039;appel vers SIP, VOIP, PBX, t\u00e9l\u00e9phones mobiles ou fixes","publisher":{"@id":"https:\/\/virtnum.com\/#organization"},"potentialAction":[{"@type":"SearchAction","target":{"@type":"EntryPoint","urlTemplate":"https:\/\/virtnum.com\/?s={search_term_string}"},"query-input":{"@type":"PropertyValueSpecification","valueRequired":true,"valueName":"search_term_string"}}],"inLanguage":"fr-FR"},{"@type":"Organization","@id":"https:\/\/virtnum.com\/#organization","name":"Num\u00e9ros de t\u00e9l\u00e9phone locaux virtuels","url":"https:\/\/virtnum.com\/","logo":{"@type":"ImageObject","inLanguage":"fr-FR","@id":"https:\/\/virtnum.com\/#\/schema\/logo\/image\/","url":"https:\/\/virtnum.com\/wp-content\/uploads\/2022\/12\/logo-1.png","contentUrl":"https:\/\/virtnum.com\/wp-content\/uploads\/2022\/12\/logo-1.png","width":420,"height":165,"caption":"Virtual Local Phone Numbers"},"image":{"@id":"https:\/\/virtnum.com\/#\/schema\/logo\/image\/"}}]}},"_links":{"self":[{"href":"https:\/\/virtnum.com\/fr\/wp-json\/wp\/v2\/pages\/274","targetHints":{"allow":["GET"]}}],"collection":[{"href":"https:\/\/virtnum.com\/fr\/wp-json\/wp\/v2\/pages"}],"about":[{"href":"https:\/\/virtnum.com\/fr\/wp-json\/wp\/v2\/types\/page"}],"author":[{"embeddable":true,"href":"https:\/\/virtnum.com\/fr\/wp-json\/wp\/v2\/users\/1"}],"replies":[{"embeddable":true,"href":"https:\/\/virtnum.com\/fr\/wp-json\/wp\/v2\/comments?post=274"}],"version-history":[{"count":2,"href":"https:\/\/virtnum.com\/fr\/wp-json\/wp\/v2\/pages\/274\/revisions"}],"predecessor-version":[{"id":276,"href":"https:\/\/virtnum.com\/fr\/wp-json\/wp\/v2\/pages\/274\/revisions\/276"}],"up":[{"embeddable":true,"href":"https:\/\/virtnum.com\/fr\/wp-json\/wp\/v2\/pages\/40"}],"wp:attachment":[{"href":"https:\/\/virtnum.com\/fr\/wp-json\/wp\/v2\/media?parent=274"}],"curies":[{"name":"wp","href":"https:\/\/api.w.org\/{rel}","templated":true}]}}