{"id":349,"date":"2022-11-02T00:56:19","date_gmt":"2022-11-01T20:56:19","guid":{"rendered":"https:\/\/virtnum.com\/?page_id=349"},"modified":"2023-11-01T03:19:37","modified_gmt":"2023-10-31T23:19:37","slug":"hong-kong","status":"publish","type":"page","link":"https:\/\/virtnum.com\/fr\/buy-virtual-phone-number\/hong-kong\/","title":{"rendered":"Hong Kong"},"content":{"rendered":"<div class=\"wp-block-columns is-layout-flex wp-container-core-columns-is-layout-9d6595d7 wp-block-columns-is-layout-flex\">\n<div class=\"wp-block-column is-layout-flow wp-block-column-is-layout-flow\">\n<h2 class=\"wp-block-heading\">Num\u00e9ro virtuel local de Hong Kong<\/h2>\n\n\n\n<h3 class=\"wp-block-heading\">Recevez et transf\u00e9rez des appels et des SMS dans le monde entier<\/h3>\n\n\n\n<ul class=\"wp-block-list\">\n<li>Louez un num\u00e9ro de t\u00e9l\u00e9phone de Hong Kong depuis n\u2019importe quel pays.<\/li>\n\n\n\n<li>Si vous devez enregistrer le num\u00e9ro de t\u00e9l\u00e9phone lorsque vous modifiez l&#039;adresse de votre entreprise.<\/li>\n\n\n\n<li>De plus, les conversations restent confidentielles.<\/li>\n\n\n\n<li>Utilisez-le pour lancer des campagnes publicitaires.<\/li>\n\n\n\n<li>R\u00e9duisez les co\u00fbts des appels internationaux. Vos contacts pourront appeler un num\u00e9ro local.<\/li>\n<\/ul>\n<\/div>\n\n\n\n<div class=\"wp-block-column is-vertically-aligned-top is-layout-flow wp-block-column-is-layout-flow\">\n<p>\u0421hoisissez votre pays et votre r\u00e9gion, puis s\u00e9lectionnez le num\u00e9ro qui correspond \u00e0 vos crit\u00e8res de recherche dans la liste.<\/p>\n<a href=\"https:\/\/virtnum.com\/buy\/Hong Kong\"><img loading=\"lazy\" decoding=\"async\" width=\"500\" height=\"200\" src=\"https:\/\/virtnum.com\/wp-content\/uploads\/2021\/04\/check-price.png\" alt=\"\" class=\"wp-image-96\" srcset=\"https:\/\/virtnum.com\/wp-content\/uploads\/2021\/04\/check-price.png 500w, https:\/\/virtnum.com\/wp-content\/uploads\/2021\/04\/check-price-300x120.png 300w\" sizes=\"auto, (max-width: 500px) 100vw, 500px\" \/><\/a>\n\n<p>Avez-vous besoin de plusieurs num\u00e9ros ? Pas d&#039;inqui\u00e9tudes \u00e0 avoir. Il est possible d&#039;acheter quelques num\u00e9ros du pays ou de la r\u00e9gion de votre choix.<\/p>\n\n<p>Vous trouverez ci-dessous des tableaux permettant d&#039;acc\u00e9der rapidement \u00e0<br> <a href=\"#prices\" style=\"text-decoration:underline\">prix des num\u00e9ros virtuels<\/a>.<\/p>\n<\/div>\n<\/div>\n\n\n\n<p>Avec le num\u00e9ro de t\u00e9l\u00e9phone virtuel de Hong Kong vous pouvez renvoyer les appels vers n&#039;importe quel num\u00e9ro : fixe, mobile, SIP ou Telegram. Les transferts d&#039;appels et de SMS peuvent \u00eatre configur\u00e9s depuis votre compte.<\/p>\n\n\n\n<a name=\"prices\">\n\n\n<p><div>\n               <h2>Tarifs des num\u00e9ros virtuels vocaux de Hong Kong<\/h2>\n                <table id=\"city-search-voice\">\n                            <thead>\n                                <tr>\n                                <th>\n                                    R\u00e9gion\n                                <\/th>\n                                <th>\n                                    Code de t\u00e9l\u00e9phone\n                                <\/th>\n                                <th>\n                                    Frais d&#039;installation\n                                <\/th>\n                                <th>\n                                    Redevance mensuelle\n                                <\/th>\n                                <th>\n                                    \n                                <\/th>\n                                <\/tr>\n                            <\/thead>\n                            <tbody>\n                            <tr >\n                                <td data-label=\"City\">Nationale (5)<\/td>\n                \t\t\t\t<td data-label=\"Code\">+852 (5)<\/td>\n                \t\t\t\t<td data-label=\"Setup\">$50<\/td>\n                        \t    <td data-label=\"Fix\">$30<\/td>\n                                <td><a href=\"https:\/\/lk.virtnum.com\/fr\/component\/telecomax\/?task=buyunregistred&type=voice&country=hong-kong&city=national-5\" class=\"buy\">ACHETER \ud83d\uded2<\/a><\/td> \n                            <\/tr><\/tbody>\n                <\/table>\n                <\/div><br \/>\n<div>\n               <h2>Tarifs des num\u00e9ros virtuels sms \u00e0 Hong Kong<\/h2>\n                <table id=\"city-search-sms\">\n                            <thead>\n                                <tr>\n                                <th>\n                                    R\u00e9gion\n                                <\/th>\n                                <th>\n                                    Code de t\u00e9l\u00e9phone\n                                <\/th>\n                                <th>\n                                    Frais d&#039;installation\n                                <\/th>\n                                <th>\n                                    Redevance mensuelle\n                                <\/th>\n                                <th>\n                                    \n                                <\/th>\n                                <\/tr>\n                            <\/thead>\n                            <tbody>\n                            <tr >\n                                <td data-label=\"City\">Mobile pour l&#039;inscription (SMS uniquement)<\/td>\n                \t\t\t\t<td data-label=\"Code\">+852 (52)<\/td>\n                \t\t\t\t<td data-label=\"Setup\">$40<\/td>\n                        \t    <td data-label=\"Fix\">$40<\/td>\n                                <td><a href=\"https:\/\/lk.virtnum.com\/fr\/component\/telecomax\/?task=buyunregistred&type=sms&country=hong-kong&city=mobile-for-registration-sms-only\" class=\"buy\">ACHETER \ud83d\uded2<\/a><\/td> \n                            <\/tr>\n                            <tr >\n                                <td data-label=\"City\">Mobile pour l&#039;inscription (SMS uniquement)<\/td>\n                \t\t\t\t<td data-label=\"Code\">+852 (63)<\/td>\n                \t\t\t\t<td data-label=\"Setup\">$40<\/td>\n                        \t    <td data-label=\"Fix\">$40<\/td>\n                                <td><a href=\"https:\/\/lk.virtnum.com\/fr\/component\/telecomax\/?task=buyunregistred&type=sms&country=hong-kong&city=mobile-for-registration-sms-only\" class=\"buy\">ACHETER \ud83d\uded2<\/a><\/td> \n                            <\/tr>\n                            <tr >\n                                <td data-label=\"City\">Mobile pour l&#039;inscription (SMS uniquement)<\/td>\n                \t\t\t\t<td data-label=\"Code\">+852 (123)<\/td>\n                \t\t\t\t<td data-label=\"Setup\">$40<\/td>\n                        \t    <td data-label=\"Fix\">$40<\/td>\n                                <td><a href=\"https:\/\/lk.virtnum.com\/fr\/component\/telecomax\/?task=buyunregistred&type=sms&country=hong-kong&city=mobile-for-registration-sms-only\" class=\"buy\">ACHETER \ud83d\uded2<\/a><\/td> \n                            <\/tr><\/tbody>\n                <\/table>\n                <\/div><br \/>\n<div>\n               <h2>Tarifs des num\u00e9ros virtuels gratuits de Hong Kong<\/h2>\n                <table id=\"city-search-tollfree\">\n                            <thead>\n                                <tr>\n                                <th>\n                                    R\u00e9gion\n                                <\/th>\n                                <th>\n                                    Code de t\u00e9l\u00e9phone\n                                <\/th>\n                                <th>\n                                    Frais d&#039;installation\n                                <\/th>\n                                <th>\n                                    Redevance mensuelle\n                                <\/th>\n                                <th>\n                                    \n                                <\/th>\n                                <\/tr>\n                            <\/thead>\n                            <tbody>\n                            <tr >\n                                <td data-label=\"City\">Gratuit<\/td>\n                \t\t\t\t<td data-label=\"Code\">+852 (800)<\/td>\n                \t\t\t\t<td data-label=\"Setup\">$140<\/td>\n                        \t    <td data-label=\"Fix\">$140<\/td>\n                                <td><a href=\"https:\/\/lk.virtnum.com\/fr\/component\/telecomax\/?task=buyunregistred&type=tollfree&country=hong-kong&city=tollfree\" class=\"buy\">ACHETER \ud83d\uded2<\/a><\/td> \n                            <\/tr><\/tbody>\n                <\/table>\n                <\/div><\/p>\n\n\n\n<h2 class=\"wp-block-heading\">Possibilit\u00e9s<\/h2>\n\n\n\n<ul class=\"wp-block-list\">\n<li>Transf\u00e9rez les appels pass\u00e9s \u00e0 Hong Kong vers n\u2019importe o\u00f9 dans le monde.<\/li>\n\n\n\n<li>Recevez des appels entrants avec votre num\u00e9ro virtuel de Hong Kong en utilisant un softphone ou notre application mobile.<\/li>\n\n\n\n<li>Transf\u00e9rez les appels entrants vers n\u2019importe quelle ligne t\u00e9l\u00e9phonique ordinaire ou mobile \u00e0 un tarif tr\u00e8s bas.<\/li>\n\n\n\n<li>Le renvoi d&#039;appel entrant vers n&#039;importe quel fournisseur de voix sur IP (VoIP), SIP, H.323 ou IAX est inclus.<\/li>\n\n\n\n<li>Appels entrants via ITSP ou VoIP (SIP, H.323 ou IAX)<\/li>\n\n\n\n<li>Vous louez le num\u00e9ro de t\u00e9l\u00e9phone de Hong Kong sans contrat.<\/li>\n\n\n\n<li>Si vous avez besoin d&#039;un num\u00e9ro gratuit ou d&#039;un num\u00e9ro payant \u00e0 Hong Kong, veuillez contacter l&#039;assistance.<\/li>\n<\/ul>\n\n\n\n<p align=\"center\"><a class=\"buy\" href=\"https:\/\/virtnum.com\/buy\/Hong Kong\">\u27a1\ufe0f Acheter un num\u00e9ro DID \u00e0 Hong Kong \u2b05\ufe0f<\/a><\/p>\n\n\n\n<h2 class=\"wp-block-heading\"><\/h2>\n\n\n\n<p align=\"center\"><a class=\"buy\" href=\"https:\/\/virtnum.com\/buy\/Hong Kong\">\u27a1\ufe0f Acheter un num\u00e9ro virtuel de Hong Kong \u2b05\ufe0f<\/a><\/p>","protected":false},"excerpt":{"rendered":"<p>Num\u00e9ro virtuel local Recevez et transf\u00e9rez des appels et des SMS dans le monde entier \u0421hoisissez votre pays et votre r\u00e9gion, puis s\u00e9lectionnez le num\u00e9ro qui correspond \u00e0 vos crit\u00e8res de recherche parmi\u2026<\/p>","protected":false},"author":1,"featured_media":752,"parent":40,"menu_order":0,"comment_status":"closed","ping_status":"closed","template":"","meta":{"_acf_changed":false,"footnotes":""},"class_list":["post-349","page","type-page","status-publish","has-post-thumbnail","hentry"],"acf":[],"yoast_head":"<!-- This site is optimized with the Yoast SEO plugin v27.3 - https:\/\/yoast.com\/product\/yoast-seo-wordpress\/ -->\n<title>Buy Hong Kong Virtual Phone Numbers - Virtual Local Phone Numbers<\/title>\n<meta name=\"description\" content=\"Get unique Hong Kong Virtual Phone Numbers (Hong Kong DID Numbers). Make outgoing calls and receive incoming calls or forward the calls to anywhere in the world. Signup for Local Hong Kong Number.\" \/>\n<meta name=\"robots\" content=\"index, follow, max-snippet:-1, max-image-preview:large, max-video-preview:-1\" \/>\n<link rel=\"canonical\" href=\"https:\/\/virtnum.com\/fr\/buy-virtual-phone-number\/hong-kong\/\" \/>\n<meta property=\"og:locale\" content=\"fr_FR\" \/>\n<meta property=\"og:type\" content=\"article\" \/>\n<meta property=\"og:title\" content=\"Buy Hong Kong Virtual Phone Numbers - Virtual Local Phone Numbers\" \/>\n<meta property=\"og:description\" content=\"Get unique Hong Kong Virtual Phone Numbers (Hong Kong DID Numbers). Make outgoing calls and receive incoming calls or forward the calls to anywhere in the world. Signup for Local Hong Kong Number.\" \/>\n<meta property=\"og:url\" content=\"https:\/\/virtnum.com\/fr\/buy-virtual-phone-number\/hong-kong\/\" \/>\n<meta property=\"og:site_name\" content=\"Virtual Local Phone Numbers\" \/>\n<meta property=\"article:modified_time\" content=\"2023-10-31T23:19:37+00:00\" \/>\n<meta property=\"og:image\" content=\"https:\/\/virtnum.com\/wp-content\/uploads\/2023\/05\/virtual-phone-number-hong-kong.jpg\" \/>\n\t<meta property=\"og:image:width\" content=\"1200\" \/>\n\t<meta property=\"og:image:height\" content=\"628\" \/>\n\t<meta property=\"og:image:type\" content=\"image\/jpeg\" \/>\n<meta name=\"twitter:card\" content=\"summary_large_image\" \/>\n<meta name=\"twitter:label1\" content=\"Dur\u00e9e de lecture estim\u00e9e\" \/>\n\t<meta name=\"twitter:data1\" content=\"2 minutes\" \/>\n<script type=\"application\/ld+json\" class=\"yoast-schema-graph\">{\"@context\":\"https:\\\/\\\/schema.org\",\"@graph\":[{\"@type\":\"WebPage\",\"@id\":\"https:\\\/\\\/virtnum.com\\\/buy-virtual-phone-number\\\/hong-kong\\\/\",\"url\":\"https:\\\/\\\/virtnum.com\\\/buy-virtual-phone-number\\\/hong-kong\\\/\",\"name\":\"Buy Hong Kong Virtual Phone Numbers - Virtual Local Phone Numbers\",\"isPartOf\":{\"@id\":\"https:\\\/\\\/virtnum.com\\\/#website\"},\"primaryImageOfPage\":{\"@id\":\"https:\\\/\\\/virtnum.com\\\/buy-virtual-phone-number\\\/hong-kong\\\/#primaryimage\"},\"image\":{\"@id\":\"https:\\\/\\\/virtnum.com\\\/buy-virtual-phone-number\\\/hong-kong\\\/#primaryimage\"},\"thumbnailUrl\":\"https:\\\/\\\/virtnum.com\\\/wp-content\\\/uploads\\\/2023\\\/05\\\/virtual-phone-number-hong-kong.jpg\",\"datePublished\":\"2022-11-01T20:56:19+00:00\",\"dateModified\":\"2023-10-31T23:19:37+00:00\",\"description\":\"Get unique Hong Kong Virtual Phone Numbers (Hong Kong DID Numbers). Make outgoing calls and receive incoming calls or forward the calls to anywhere in the world. Signup for Local Hong Kong Number.\",\"breadcrumb\":{\"@id\":\"https:\\\/\\\/virtnum.com\\\/buy-virtual-phone-number\\\/hong-kong\\\/#breadcrumb\"},\"inLanguage\":\"fr-FR\",\"potentialAction\":[{\"@type\":\"ReadAction\",\"target\":[\"https:\\\/\\\/virtnum.com\\\/buy-virtual-phone-number\\\/hong-kong\\\/\"]}]},{\"@type\":\"ImageObject\",\"inLanguage\":\"fr-FR\",\"@id\":\"https:\\\/\\\/virtnum.com\\\/buy-virtual-phone-number\\\/hong-kong\\\/#primaryimage\",\"url\":\"https:\\\/\\\/virtnum.com\\\/wp-content\\\/uploads\\\/2023\\\/05\\\/virtual-phone-number-hong-kong.jpg\",\"contentUrl\":\"https:\\\/\\\/virtnum.com\\\/wp-content\\\/uploads\\\/2023\\\/05\\\/virtual-phone-number-hong-kong.jpg\",\"width\":1200,\"height\":628,\"caption\":\"Virtual Phone Number for Hong Kong\"},{\"@type\":\"BreadcrumbList\",\"@id\":\"https:\\\/\\\/virtnum.com\\\/buy-virtual-phone-number\\\/hong-kong\\\/#breadcrumb\",\"itemListElement\":[{\"@type\":\"ListItem\",\"position\":1,\"name\":\"Permanent Virtual Phone Numbers\",\"item\":\"https:\\\/\\\/virtnum.com\\\/buy-virtual-phone-number\\\/\"},{\"@type\":\"ListItem\",\"position\":2,\"name\":\"Hong Kong\"}]},{\"@type\":\"WebSite\",\"@id\":\"https:\\\/\\\/virtnum.com\\\/#website\",\"url\":\"https:\\\/\\\/virtnum.com\\\/\",\"name\":\"Virtual Local Phone Numbers\",\"description\":\"Buy Virtual Phone Numbers | DID Numbers | VoIP Numbers | Toll-free Numbers | Call forwarding to SIP, VOIP, PBX, Mobile or Fixed Phones\",\"publisher\":{\"@id\":\"https:\\\/\\\/virtnum.com\\\/#organization\"},\"potentialAction\":[{\"@type\":\"SearchAction\",\"target\":{\"@type\":\"EntryPoint\",\"urlTemplate\":\"https:\\\/\\\/virtnum.com\\\/?s={search_term_string}\"},\"query-input\":{\"@type\":\"PropertyValueSpecification\",\"valueRequired\":true,\"valueName\":\"search_term_string\"}}],\"inLanguage\":\"fr-FR\"},{\"@type\":\"Organization\",\"@id\":\"https:\\\/\\\/virtnum.com\\\/#organization\",\"name\":\"Virtual Local Phone Numbers\",\"url\":\"https:\\\/\\\/virtnum.com\\\/\",\"logo\":{\"@type\":\"ImageObject\",\"inLanguage\":\"fr-FR\",\"@id\":\"https:\\\/\\\/virtnum.com\\\/#\\\/schema\\\/logo\\\/image\\\/\",\"url\":\"https:\\\/\\\/virtnum.com\\\/wp-content\\\/uploads\\\/2022\\\/12\\\/logo-1.png\",\"contentUrl\":\"https:\\\/\\\/virtnum.com\\\/wp-content\\\/uploads\\\/2022\\\/12\\\/logo-1.png\",\"width\":420,\"height\":165,\"caption\":\"Virtual Local Phone Numbers\"},\"image\":{\"@id\":\"https:\\\/\\\/virtnum.com\\\/#\\\/schema\\\/logo\\\/image\\\/\"}}]}<\/script>\n<!-- \/ Yoast SEO plugin. -->","yoast_head_json":{"title":"Acheter des num\u00e9ros de t\u00e9l\u00e9phone virtuels \u00e0 Hong Kong - Num\u00e9ros de t\u00e9l\u00e9phone locaux virtuels","description":"Obtenez des num\u00e9ros de t\u00e9l\u00e9phone virtuels uniques de Hong Kong (num\u00e9ros DID de Hong Kong). Passez des appels sortants et recevez des appels entrants ou transf\u00e9rez les appels partout dans le monde. Inscrivez-vous pour un num\u00e9ro local de Hong Kong.","robots":{"index":"index","follow":"follow","max-snippet":"max-snippet:-1","max-image-preview":"max-image-preview:large","max-video-preview":"max-video-preview:-1"},"canonical":"https:\/\/virtnum.com\/fr\/buy-virtual-phone-number\/hong-kong\/","og_locale":"fr_FR","og_type":"article","og_title":"Buy Hong Kong Virtual Phone Numbers - Virtual Local Phone Numbers","og_description":"Get unique Hong Kong Virtual Phone Numbers (Hong Kong DID Numbers). Make outgoing calls and receive incoming calls or forward the calls to anywhere in the world. Signup for Local Hong Kong Number.","og_url":"https:\/\/virtnum.com\/fr\/buy-virtual-phone-number\/hong-kong\/","og_site_name":"Virtual Local Phone Numbers","article_modified_time":"2023-10-31T23:19:37+00:00","og_image":[{"width":1200,"height":628,"url":"https:\/\/virtnum.com\/wp-content\/uploads\/2023\/05\/virtual-phone-number-hong-kong.jpg","type":"image\/jpeg"}],"twitter_card":"summary_large_image","twitter_misc":{"Dur\u00e9e de lecture estim\u00e9e":"2 minutes"},"schema":{"@context":"https:\/\/schema.org","@graph":[{"@type":"WebPage","@id":"https:\/\/virtnum.com\/buy-virtual-phone-number\/hong-kong\/","url":"https:\/\/virtnum.com\/buy-virtual-phone-number\/hong-kong\/","name":"Acheter des num\u00e9ros de t\u00e9l\u00e9phone virtuels \u00e0 Hong Kong - Num\u00e9ros de t\u00e9l\u00e9phone locaux virtuels","isPartOf":{"@id":"https:\/\/virtnum.com\/#website"},"primaryImageOfPage":{"@id":"https:\/\/virtnum.com\/buy-virtual-phone-number\/hong-kong\/#primaryimage"},"image":{"@id":"https:\/\/virtnum.com\/buy-virtual-phone-number\/hong-kong\/#primaryimage"},"thumbnailUrl":"https:\/\/virtnum.com\/wp-content\/uploads\/2023\/05\/virtual-phone-number-hong-kong.jpg","datePublished":"2022-11-01T20:56:19+00:00","dateModified":"2023-10-31T23:19:37+00:00","description":"Obtenez des num\u00e9ros de t\u00e9l\u00e9phone virtuels uniques de Hong Kong (num\u00e9ros DID de Hong Kong). Passez des appels sortants et recevez des appels entrants ou transf\u00e9rez les appels partout dans le monde. Inscrivez-vous pour un num\u00e9ro local de Hong Kong.","breadcrumb":{"@id":"https:\/\/virtnum.com\/buy-virtual-phone-number\/hong-kong\/#breadcrumb"},"inLanguage":"fr-FR","potentialAction":[{"@type":"ReadAction","target":["https:\/\/virtnum.com\/buy-virtual-phone-number\/hong-kong\/"]}]},{"@type":"ImageObject","inLanguage":"fr-FR","@id":"https:\/\/virtnum.com\/buy-virtual-phone-number\/hong-kong\/#primaryimage","url":"https:\/\/virtnum.com\/wp-content\/uploads\/2023\/05\/virtual-phone-number-hong-kong.jpg","contentUrl":"https:\/\/virtnum.com\/wp-content\/uploads\/2023\/05\/virtual-phone-number-hong-kong.jpg","width":1200,"height":628,"caption":"Virtual Phone Number for Hong Kong"},{"@type":"BreadcrumbList","@id":"https:\/\/virtnum.com\/buy-virtual-phone-number\/hong-kong\/#breadcrumb","itemListElement":[{"@type":"ListItem","position":1,"name":"Permanent Virtual Phone Numbers","item":"https:\/\/virtnum.com\/buy-virtual-phone-number\/"},{"@type":"ListItem","position":2,"name":"Hong Kong"}]},{"@type":"WebSite","@id":"https:\/\/virtnum.com\/#website","url":"https:\/\/virtnum.com\/","name":"Num\u00e9ros de t\u00e9l\u00e9phone locaux virtuels","description":"Acheter des num\u00e9ros de t\u00e9l\u00e9phone virtuels | Num\u00e9ros DID | Num\u00e9ros VoIP | Num\u00e9ros gratuits | Renvoi d&#039;appel vers SIP, VOIP, PBX, t\u00e9l\u00e9phones mobiles ou fixes","publisher":{"@id":"https:\/\/virtnum.com\/#organization"},"potentialAction":[{"@type":"SearchAction","target":{"@type":"EntryPoint","urlTemplate":"https:\/\/virtnum.com\/?s={search_term_string}"},"query-input":{"@type":"PropertyValueSpecification","valueRequired":true,"valueName":"search_term_string"}}],"inLanguage":"fr-FR"},{"@type":"Organization","@id":"https:\/\/virtnum.com\/#organization","name":"Num\u00e9ros de t\u00e9l\u00e9phone locaux virtuels","url":"https:\/\/virtnum.com\/","logo":{"@type":"ImageObject","inLanguage":"fr-FR","@id":"https:\/\/virtnum.com\/#\/schema\/logo\/image\/","url":"https:\/\/virtnum.com\/wp-content\/uploads\/2022\/12\/logo-1.png","contentUrl":"https:\/\/virtnum.com\/wp-content\/uploads\/2022\/12\/logo-1.png","width":420,"height":165,"caption":"Virtual Local Phone Numbers"},"image":{"@id":"https:\/\/virtnum.com\/#\/schema\/logo\/image\/"}}]}},"_links":{"self":[{"href":"https:\/\/virtnum.com\/fr\/wp-json\/wp\/v2\/pages\/349","targetHints":{"allow":["GET"]}}],"collection":[{"href":"https:\/\/virtnum.com\/fr\/wp-json\/wp\/v2\/pages"}],"about":[{"href":"https:\/\/virtnum.com\/fr\/wp-json\/wp\/v2\/types\/page"}],"author":[{"embeddable":true,"href":"https:\/\/virtnum.com\/fr\/wp-json\/wp\/v2\/users\/1"}],"replies":[{"embeddable":true,"href":"https:\/\/virtnum.com\/fr\/wp-json\/wp\/v2\/comments?post=349"}],"version-history":[{"count":7,"href":"https:\/\/virtnum.com\/fr\/wp-json\/wp\/v2\/pages\/349\/revisions"}],"predecessor-version":[{"id":825,"href":"https:\/\/virtnum.com\/fr\/wp-json\/wp\/v2\/pages\/349\/revisions\/825"}],"up":[{"embeddable":true,"href":"https:\/\/virtnum.com\/fr\/wp-json\/wp\/v2\/pages\/40"}],"wp:featuredmedia":[{"embeddable":true,"href":"https:\/\/virtnum.com\/fr\/wp-json\/wp\/v2\/media\/752"}],"wp:attachment":[{"href":"https:\/\/virtnum.com\/fr\/wp-json\/wp\/v2\/media?parent=349"}],"curies":[{"name":"wp","href":"https:\/\/api.w.org\/{rel}","templated":true}]}}