{"id":43,"date":"2021-01-17T12:44:30","date_gmt":"2021-01-17T08:44:30","guid":{"rendered":"https:\/\/virtnum.com\/?page_id=43"},"modified":"2022-10-31T14:54:45","modified_gmt":"2022-10-31T10:54:45","slug":"bahrain-virtual-numbers","status":"publish","type":"page","link":"https:\/\/virtnum.com\/fr\/buy-virtual-phone-number\/bahrain-virtual-numbers\/","title":{"rendered":"Bahre\u00efn"},"content":{"rendered":"<p>Obtenez des num\u00e9ros DID de Bahre\u00efn et des num\u00e9ros de t\u00e9l\u00e9phone locaux dans plus de 60 autres pays avec la meilleure qualit\u00e9 au prix le moins cher.<\/p>\n\n\n\n<ul class=\"wp-block-list\"><li>Transf\u00e9rer les appels pass\u00e9s vers Bahre\u00efn vers n&#039;importe o\u00f9 dans le monde.<\/li><li>Passez des appels sortants avec votre num\u00e9ro virtuel de Bahre\u00efn en utilisant un softphone ou notre application mobile<\/li><li>Transf\u00e9rez les appels entrants vers n\u2019importe quelle ligne t\u00e9l\u00e9phonique ordinaire ou mobile \u00e0 un tarif tr\u00e8s bas.<\/li><li>Le renvoi d&#039;appel entrant vers n&#039;importe quel fournisseur de voix sur IP (VoIP), SIP, H.323 ou IAX est inclus.<\/li><li>Vous poss\u00e9dez le num\u00e9ro de t\u00e9l\u00e9phone de Bahre\u00efn sans contrat.<\/li><li>Si vous avez besoin d&#039;un num\u00e9ro gratuit ou d&#039;un num\u00e9ro payant de Bahre\u00efn, veuillez en savoir plus ici.<\/li><\/ul>\n\n\n\n<h2 class=\"wp-block-heading\">Achetez un num\u00e9ro de t\u00e9l\u00e9phone de Bahre\u00efn pour votre entreprise<\/h2>\n\n\n\n<p>Avez-vous besoin d&#039;une pr\u00e9sence au Bahre\u00efn pour votre entreprise ou votre site Web ? Achetez un num\u00e9ro de t\u00e9l\u00e9phone virtuel de Bahre\u00efn (num\u00e9ro SDA de Bahre\u00efn) et parlez \u00e0 des clients que vous n&#039;auriez jamais cru avoir. Les clients potentiels et actuels appr\u00e9cieront tous deux de pouvoir utiliser un num\u00e9ro de t\u00e9l\u00e9phone local \u00e0 Bahre\u00efn. V\u00e9rifiez les rapports d&#039;analyse de vos sites Web. Si vous obtenez du trafic en dehors des zones dans lesquelles vous avez indiqu\u00e9 votre num\u00e9ro de t\u00e9l\u00e9phone \u00ab\u00a0Contactez-nous\u00a0\u00bb, vous pourriez manquer des affaires. Prenez un num\u00e9ro virtuel de Bahre\u00efn et transf\u00e9rez les appels vers n&#039;importe quel appareil VOIP et payez un forfait pour les minutes entrantes illimit\u00e9es vers ce num\u00e9ro. Vous seriez surpris du nombre d&#039;appels qu&#039;il pourrait y avoir \u00e0 Bahre\u00efn. <\/p>\n\n\n\n<h2 class=\"wp-block-heading\">Num\u00e9ro de t\u00e9l\u00e9phone local de Bahre\u00efn pour que les amis et la famille puissent rester en contact<\/h2>\n\n\n\n<p>Que vous d\u00e9m\u00e9nagiez loin de chez vous ou que vous voyagiez simplement pour l&#039;\u00e9t\u00e9, vous aurez besoin d&#039;un num\u00e9ro de t\u00e9l\u00e9phone local sur lequel vos amis et votre famille pourront vous joindre. Choisissez un num\u00e9ro de t\u00e9l\u00e9phone local de Bahre\u00efn et renvoyez les appels t\u00e9l\u00e9phoniques o\u00f9 que vous soyez. Il peut s&#039;agir d&#039;un num\u00e9ro de t\u00e9l\u00e9phone mobile international ou d&#039;un client SIP fonctionnant sur un iPhone ou Android. Les possibilit\u00e9s sont infinies<\/p>","protected":false},"excerpt":{"rendered":"<p>Obtenez des num\u00e9ros DID de Bahre\u00efn et des num\u00e9ros de t\u00e9l\u00e9phone locaux dans plus de 60 autres pays avec la meilleure qualit\u00e9 au co\u00fbt le moins cher. Renvoyer les appels pass\u00e9s vers\u2026<\/p>","protected":false},"author":1,"featured_media":0,"parent":40,"menu_order":0,"comment_status":"closed","ping_status":"closed","template":"","meta":{"_acf_changed":false,"footnotes":""},"class_list":["post-43","page","type-page","status-publish","hentry"],"acf":[],"yoast_head":"<!-- This site is optimized with the Yoast SEO plugin v27.4 - https:\/\/yoast.com\/product\/yoast-seo-wordpress\/ -->\n<title>Buy Bahrain Virtual Phone Numbers for calls and SMS<\/title>\n<meta name=\"description\" content=\"Get unique Bahrain Virtual Phone Numbers (Bahrain DID Numbers). Make outgoing calls and receive incoming calls or forward the calls to anywhere in the world.\" \/>\n<meta name=\"robots\" content=\"index, follow, max-snippet:-1, max-image-preview:large, max-video-preview:-1\" \/>\n<link rel=\"canonical\" href=\"https:\/\/virtnum.com\/fr\/buy-virtual-phone-number\/bahrain-virtual-numbers\/\" \/>\n<meta property=\"og:locale\" content=\"fr_FR\" \/>\n<meta property=\"og:type\" content=\"article\" \/>\n<meta property=\"og:title\" content=\"Buy Bahrain Virtual Phone Numbers for calls and SMS\" \/>\n<meta property=\"og:description\" content=\"Get unique Bahrain Virtual Phone Numbers (Bahrain DID Numbers). Make outgoing calls and receive incoming calls or forward the calls to anywhere in the world.\" \/>\n<meta property=\"og:url\" content=\"https:\/\/virtnum.com\/fr\/buy-virtual-phone-number\/bahrain-virtual-numbers\/\" \/>\n<meta property=\"og:site_name\" content=\"Virtual Local Phone Numbers\" \/>\n<meta property=\"article:modified_time\" content=\"2022-10-31T10:54:45+00:00\" \/>\n<meta name=\"twitter:card\" content=\"summary_large_image\" \/>\n<script type=\"application\/ld+json\" class=\"yoast-schema-graph\">{\"@context\":\"https:\\\/\\\/schema.org\",\"@graph\":[{\"@type\":\"WebPage\",\"@id\":\"https:\\\/\\\/virtnum.com\\\/buy-virtual-phone-number\\\/bahrain-virtual-numbers\\\/\",\"url\":\"https:\\\/\\\/virtnum.com\\\/buy-virtual-phone-number\\\/bahrain-virtual-numbers\\\/\",\"name\":\"Buy Bahrain Virtual Phone Numbers for calls and SMS\",\"isPartOf\":{\"@id\":\"https:\\\/\\\/virtnum.com\\\/#website\"},\"datePublished\":\"2021-01-17T08:44:30+00:00\",\"dateModified\":\"2022-10-31T10:54:45+00:00\",\"description\":\"Get unique Bahrain Virtual Phone Numbers (Bahrain DID Numbers). Make outgoing calls and receive incoming calls or forward the calls to anywhere in the world.\",\"breadcrumb\":{\"@id\":\"https:\\\/\\\/virtnum.com\\\/buy-virtual-phone-number\\\/bahrain-virtual-numbers\\\/#breadcrumb\"},\"inLanguage\":\"fr-FR\",\"potentialAction\":[{\"@type\":\"ReadAction\",\"target\":[\"https:\\\/\\\/virtnum.com\\\/buy-virtual-phone-number\\\/bahrain-virtual-numbers\\\/\"]}]},{\"@type\":\"BreadcrumbList\",\"@id\":\"https:\\\/\\\/virtnum.com\\\/buy-virtual-phone-number\\\/bahrain-virtual-numbers\\\/#breadcrumb\",\"itemListElement\":[{\"@type\":\"ListItem\",\"position\":1,\"name\":\"Permanent Virtual Phone Numbers\",\"item\":\"https:\\\/\\\/virtnum.com\\\/buy-virtual-phone-number\\\/\"},{\"@type\":\"ListItem\",\"position\":2,\"name\":\"Bahrain\"}]},{\"@type\":\"WebSite\",\"@id\":\"https:\\\/\\\/virtnum.com\\\/#website\",\"url\":\"https:\\\/\\\/virtnum.com\\\/\",\"name\":\"Virtual Local Phone Numbers\",\"description\":\"Buy Virtual Phone Numbers | DID Numbers | VoIP Numbers | Toll-free Numbers | Call forwarding to SIP, VOIP, PBX, Mobile or Fixed Phones\",\"publisher\":{\"@id\":\"https:\\\/\\\/virtnum.com\\\/#organization\"},\"potentialAction\":[{\"@type\":\"SearchAction\",\"target\":{\"@type\":\"EntryPoint\",\"urlTemplate\":\"https:\\\/\\\/virtnum.com\\\/?s={search_term_string}\"},\"query-input\":{\"@type\":\"PropertyValueSpecification\",\"valueRequired\":true,\"valueName\":\"search_term_string\"}}],\"inLanguage\":\"fr-FR\"},{\"@type\":\"Organization\",\"@id\":\"https:\\\/\\\/virtnum.com\\\/#organization\",\"name\":\"Virtual Local Phone Numbers\",\"url\":\"https:\\\/\\\/virtnum.com\\\/\",\"logo\":{\"@type\":\"ImageObject\",\"inLanguage\":\"fr-FR\",\"@id\":\"https:\\\/\\\/virtnum.com\\\/#\\\/schema\\\/logo\\\/image\\\/\",\"url\":\"https:\\\/\\\/virtnum.com\\\/wp-content\\\/uploads\\\/2022\\\/12\\\/logo-1.png\",\"contentUrl\":\"https:\\\/\\\/virtnum.com\\\/wp-content\\\/uploads\\\/2022\\\/12\\\/logo-1.png\",\"width\":420,\"height\":165,\"caption\":\"Virtual Local Phone Numbers\"},\"image\":{\"@id\":\"https:\\\/\\\/virtnum.com\\\/#\\\/schema\\\/logo\\\/image\\\/\"}}]}<\/script>\n<!-- \/ Yoast SEO plugin. -->","yoast_head_json":{"title":"Acheter des num\u00e9ros de t\u00e9l\u00e9phone virtuels de Bahre\u00efn pour les appels et SMS","description":"Obtenez des num\u00e9ros de t\u00e9l\u00e9phone virtuels de Bahre\u00efn uniques (num\u00e9ros DID de Bahre\u00efn). Passez des appels sortants et recevez des appels entrants ou transf\u00e9rez les appels partout dans le monde.","robots":{"index":"index","follow":"follow","max-snippet":"max-snippet:-1","max-image-preview":"max-image-preview:large","max-video-preview":"max-video-preview:-1"},"canonical":"https:\/\/virtnum.com\/fr\/buy-virtual-phone-number\/bahrain-virtual-numbers\/","og_locale":"fr_FR","og_type":"article","og_title":"Buy Bahrain Virtual Phone Numbers for calls and SMS","og_description":"Get unique Bahrain Virtual Phone Numbers (Bahrain DID Numbers). Make outgoing calls and receive incoming calls or forward the calls to anywhere in the world.","og_url":"https:\/\/virtnum.com\/fr\/buy-virtual-phone-number\/bahrain-virtual-numbers\/","og_site_name":"Virtual Local Phone Numbers","article_modified_time":"2022-10-31T10:54:45+00:00","twitter_card":"summary_large_image","schema":{"@context":"https:\/\/schema.org","@graph":[{"@type":"WebPage","@id":"https:\/\/virtnum.com\/buy-virtual-phone-number\/bahrain-virtual-numbers\/","url":"https:\/\/virtnum.com\/buy-virtual-phone-number\/bahrain-virtual-numbers\/","name":"Acheter des num\u00e9ros de t\u00e9l\u00e9phone virtuels de Bahre\u00efn pour les appels et SMS","isPartOf":{"@id":"https:\/\/virtnum.com\/#website"},"datePublished":"2021-01-17T08:44:30+00:00","dateModified":"2022-10-31T10:54:45+00:00","description":"Obtenez des num\u00e9ros de t\u00e9l\u00e9phone virtuels de Bahre\u00efn uniques (num\u00e9ros DID de Bahre\u00efn). Passez des appels sortants et recevez des appels entrants ou transf\u00e9rez les appels partout dans le monde.","breadcrumb":{"@id":"https:\/\/virtnum.com\/buy-virtual-phone-number\/bahrain-virtual-numbers\/#breadcrumb"},"inLanguage":"fr-FR","potentialAction":[{"@type":"ReadAction","target":["https:\/\/virtnum.com\/buy-virtual-phone-number\/bahrain-virtual-numbers\/"]}]},{"@type":"BreadcrumbList","@id":"https:\/\/virtnum.com\/buy-virtual-phone-number\/bahrain-virtual-numbers\/#breadcrumb","itemListElement":[{"@type":"ListItem","position":1,"name":"Permanent Virtual Phone Numbers","item":"https:\/\/virtnum.com\/buy-virtual-phone-number\/"},{"@type":"ListItem","position":2,"name":"Bahrain"}]},{"@type":"WebSite","@id":"https:\/\/virtnum.com\/#website","url":"https:\/\/virtnum.com\/","name":"Num\u00e9ros de t\u00e9l\u00e9phone locaux virtuels","description":"Acheter des num\u00e9ros de t\u00e9l\u00e9phone virtuels | Num\u00e9ros DID | Num\u00e9ros VoIP | Num\u00e9ros gratuits | Renvoi d&#039;appel vers SIP, VOIP, PBX, t\u00e9l\u00e9phones mobiles ou fixes","publisher":{"@id":"https:\/\/virtnum.com\/#organization"},"potentialAction":[{"@type":"SearchAction","target":{"@type":"EntryPoint","urlTemplate":"https:\/\/virtnum.com\/?s={search_term_string}"},"query-input":{"@type":"PropertyValueSpecification","valueRequired":true,"valueName":"search_term_string"}}],"inLanguage":"fr-FR"},{"@type":"Organization","@id":"https:\/\/virtnum.com\/#organization","name":"Num\u00e9ros de t\u00e9l\u00e9phone locaux virtuels","url":"https:\/\/virtnum.com\/","logo":{"@type":"ImageObject","inLanguage":"fr-FR","@id":"https:\/\/virtnum.com\/#\/schema\/logo\/image\/","url":"https:\/\/virtnum.com\/wp-content\/uploads\/2022\/12\/logo-1.png","contentUrl":"https:\/\/virtnum.com\/wp-content\/uploads\/2022\/12\/logo-1.png","width":420,"height":165,"caption":"Virtual Local Phone Numbers"},"image":{"@id":"https:\/\/virtnum.com\/#\/schema\/logo\/image\/"}}]}},"_links":{"self":[{"href":"https:\/\/virtnum.com\/fr\/wp-json\/wp\/v2\/pages\/43","targetHints":{"allow":["GET"]}}],"collection":[{"href":"https:\/\/virtnum.com\/fr\/wp-json\/wp\/v2\/pages"}],"about":[{"href":"https:\/\/virtnum.com\/fr\/wp-json\/wp\/v2\/types\/page"}],"author":[{"embeddable":true,"href":"https:\/\/virtnum.com\/fr\/wp-json\/wp\/v2\/users\/1"}],"replies":[{"embeddable":true,"href":"https:\/\/virtnum.com\/fr\/wp-json\/wp\/v2\/comments?post=43"}],"version-history":[{"count":3,"href":"https:\/\/virtnum.com\/fr\/wp-json\/wp\/v2\/pages\/43\/revisions"}],"predecessor-version":[{"id":312,"href":"https:\/\/virtnum.com\/fr\/wp-json\/wp\/v2\/pages\/43\/revisions\/312"}],"up":[{"embeddable":true,"href":"https:\/\/virtnum.com\/fr\/wp-json\/wp\/v2\/pages\/40"}],"wp:attachment":[{"href":"https:\/\/virtnum.com\/fr\/wp-json\/wp\/v2\/media?parent=43"}],"curies":[{"name":"wp","href":"https:\/\/api.w.org\/{rel}","templated":true}]}}