{"id":683,"date":"2023-03-22T13:30:03","date_gmt":"2023-03-22T09:30:03","guid":{"rendered":"https:\/\/virtnum.com\/?page_id=683"},"modified":"2023-03-22T15:41:14","modified_gmt":"2023-03-22T11:41:14","slug":"mobile-proxies","status":"publish","type":"page","link":"https:\/\/virtnum.com\/fr\/mobile-proxies\/","title":{"rendered":"Proxy mobiles"},"content":{"rendered":"<div class=\"wp-block-image is-style-rounded\">\n<figure class=\"alignright size-large is-resized\"><img loading=\"lazy\" decoding=\"async\" src=\"https:\/\/virtnum.com\/wp-content\/uploads\/2023\/03\/mobile-proxies-1-1024x1024.jpg\" alt=\"Proxy mobiles\" class=\"wp-image-697\" width=\"256\" height=\"256\" srcset=\"https:\/\/virtnum.com\/wp-content\/uploads\/2023\/03\/mobile-proxies-1.jpg 1024w, https:\/\/virtnum.com\/wp-content\/uploads\/2023\/03\/mobile-proxies-1-300x300.jpg 300w, https:\/\/virtnum.com\/wp-content\/uploads\/2023\/03\/mobile-proxies-1-150x150.jpg 150w, https:\/\/virtnum.com\/wp-content\/uploads\/2023\/03\/mobile-proxies-1-768x768.jpg 768w\" sizes=\"auto, (max-width: 256px) 100vw, 256px\" \/><\/figure>\n<\/div>\n\n\n<p>Les proxys mobiles sont un type de serveur interm\u00e9diaire qui permet aux utilisateurs d&#039;acc\u00e9der \u00e0 Internet de mani\u00e8re anonyme et d&#039;acheminer le trafic Internet via des appareils mobiles tels que des smartphones ou des tablettes. Ils fournissent un niveau de protection en attribuant une adresse IP unique \u00e0 chaque appareil, qui peut changer \u00e0 mesure que l&#039;utilisateur bascule entre les appareils et les r\u00e9seaux, ce qui rend difficile pour les sites Web et les services en ligne de suivre leur activit\u00e9 en ligne.<\/p>\n\n\n\n<p>Les proxys mobiles offrent plusieurs avantages aux utilisateurs qui ont besoin d&#039;un acc\u00e8s Internet s\u00e9curis\u00e9 et anonyme. Ils donnent acc\u00e8s \u00e0 du contenu sp\u00e9cifique \u00e0 un emplacement qui peut \u00eatre restreint ou bloqu\u00e9 en fonction de l&#039;emplacement g\u00e9ographique ou d&#039;autres moyens, ce qui en fait un outil utile pour les entreprises et les particuliers qui ont besoin d&#039;acc\u00e9der \u00e0 ce contenu. Ils peuvent \u00e9galement contribuer \u00e0 prot\u00e9ger contre le piratage et les menaces de s\u00e9curit\u00e9 en ligne en fournissant une couche de s\u00e9curit\u00e9 suppl\u00e9mentaire \u00e0 l&#039;activit\u00e9 en ligne de l&#039;utilisateur.<\/p>\n\n\n\n<p>Dans l\u2019ensemble, les proxys mobiles constituent un outil de plus en plus populaire pour la navigation en ligne et la protection des donn\u00e9es. Avec l&#039;importance croissante de la confidentialit\u00e9 et de la s\u00e9curit\u00e9 en ligne, les proxys mobiles sont devenus essentiels pour les entreprises et les particuliers qui ont besoin d&#039;un acc\u00e8s Internet s\u00e9curis\u00e9, anonyme et g\u00e9olocalis\u00e9.<\/p>\n\n\n\n<h2 class=\"wp-block-heading\">Voici pourquoi les proxys mobiles changent la donne pour les entreprises en ligne\u00a0:<\/h2>\n\n\n<div class=\"wp-block-image is-style-rounded\">\n<figure class=\"alignright size-large is-resized\"><img loading=\"lazy\" decoding=\"async\" src=\"https:\/\/virtnum.com\/wp-content\/uploads\/2023\/03\/mobile-proxies-3-1024x1024.jpg\" alt=\"Acheter des proxys mobiles\" class=\"wp-image-699\" width=\"256\" height=\"256\" srcset=\"https:\/\/virtnum.com\/wp-content\/uploads\/2023\/03\/mobile-proxies-3.jpg 1024w, https:\/\/virtnum.com\/wp-content\/uploads\/2023\/03\/mobile-proxies-3-300x300.jpg 300w, https:\/\/virtnum.com\/wp-content\/uploads\/2023\/03\/mobile-proxies-3-150x150.jpg 150w, https:\/\/virtnum.com\/wp-content\/uploads\/2023\/03\/mobile-proxies-3-768x768.jpg 768w\" sizes=\"auto, (max-width: 256px) 100vw, 256px\" \/><\/figure>\n<\/div>\n\n\n<ol class=\"wp-block-list\">\n<li>S\u00e9curit\u00e9 am\u00e9lior\u00e9e\u00a0: les proxys mobiles offrent une couche de s\u00e9curit\u00e9 suppl\u00e9mentaire. En utilisant des appareils mobiles pour acheminer le trafic, il est beaucoup plus difficile pour les pirates informatiques et autres cybercriminels de suivre votre activit\u00e9 en ligne. Cela facilite la protection des donn\u00e9es sensibles de votre entreprise et la s\u00e9curit\u00e9 de vos actifs en ligne.<\/li>\n\n\n\n<li>Performances am\u00e9lior\u00e9es\u00a0: les proxys mobiles peuvent am\u00e9liorer les performances de votre activit\u00e9 en ligne en r\u00e9duisant la charge sur vos serveurs. En effet, les proxys mobiles peuvent aider \u00e0 r\u00e9partir la charge sur diff\u00e9rents appareils et r\u00e9seaux, ce qui entra\u00eene des temps de chargement plus rapides et une meilleure exp\u00e9rience utilisateur.<\/li>\n\n\n\n<li>Acc\u00e8s au contenu sp\u00e9cifique \u00e0 un emplacement\u00a0: les proxys mobiles peuvent vous donner acc\u00e8s \u00e0 du contenu sp\u00e9cifique \u00e0 un emplacement que vous ne pourriez pas voir autrement. En effet, les proxys mobiles utilisent les adresses IP des appareils mobiles, qui sont souvent situ\u00e9s dans diff\u00e9rentes parties du monde. Ceci est particuli\u00e8rement utile pour les entreprises qui ont besoin d&#039;acc\u00e9der \u00e0 du contenu g\u00e9o-restreint ou qui souhaitent tester les performances de leur site Web dans diff\u00e9rentes parties du monde.<\/li>\n\n\n\n<li>Confidentialit\u00e9 accrue\u00a0: les proxys mobiles offrent une plus grande confidentialit\u00e9 en masquant votre activit\u00e9 en ligne derri\u00e8re l&#039;adresse IP d&#039;un appareil mobile. Cela rend plus difficile pour les sites Web tiers et les annonceurs de suivre votre comportement en ligne et de vous cibler avec des publicit\u00e9s.<\/li>\n\n\n\n<li>Rentable\u00a0: les proxys mobiles constituent une solution rentable pour les entreprises qui doivent acc\u00e9der simultan\u00e9ment \u00e0 plusieurs ressources en ligne. En utilisant des proxys mobiles, vous pouvez \u00e9viter d&#039;avoir \u00e0 acheter des forfaits de donn\u00e9es distincts pour chaque appareil ou service auquel vous devez acc\u00e9der.<\/li>\n<\/ol>\n\n\n\n<p>En conclusion, les proxys mobiles changent la donne pour les entreprises en ligne. Ils offrent une s\u00e9curit\u00e9 renforc\u00e9e, des performances am\u00e9lior\u00e9es, un acc\u00e8s \u00e0 du contenu sp\u00e9cifique \u00e0 un emplacement, une confidentialit\u00e9 accrue et constituent une solution rentable. Si vous souhaitez faire passer votre activit\u00e9 en ligne au niveau sup\u00e9rieur, cela vaut la peine d&#039;envisager d&#039;investir dans des proxys mobiles.<\/p>\n\n\n\n<h2 class=\"wp-block-heading\">Cas d&#039;utilisation des proxys mobiles<\/h2>\n\n\n\n<h3 class=\"wp-block-heading\">Bottage de baskets<\/h3>\n\n\n\n<blockquote class=\"wp-block-quote is-layout-flow wp-block-quote-is-layout-flow\">\n<p>Les proxys mobiles ont chang\u00e9 la donne pour mon activit\u00e9 de botting de baskets. Ils me permettent de contourner les mesures anti-bot et d\u2019acheter facilement des baskets en \u00e9dition limit\u00e9e.<\/p>\n<cite>John, un revendeur de baskets, utilise des proxys mobiles pour automatiser le processus d&#039;achat de baskets en \u00e9dition limit\u00e9e.<\/cite><\/blockquote>\n\n\n\n<h3 class=\"wp-block-heading\">Gestion des m\u00e9dias sociaux<\/h3>\n\n\n\n<blockquote class=\"wp-block-quote is-layout-flow wp-block-quote-is-layout-flow\">\n<p>Les proxys mobiles sont essentiels \u00e0 mon travail. Ils me permettent de g\u00e9rer plusieurs comptes de r\u00e9seaux sociaux sans \u00eatre bloqu\u00e9 par les mesures de s\u00e9curit\u00e9 de la plateforme.<\/p>\n<cite>Sarah, responsable des r\u00e9seaux sociaux, utilise des proxys mobiles pour g\u00e9rer plusieurs comptes pour ses clients.<\/cite><\/blockquote>\n\n\n\n<p><\/p>\n\n\n\n<h3 class=\"wp-block-heading\">\u00c9tude de march\u00e9<\/h3>\n\n\n\n<blockquote class=\"wp-block-quote is-layout-flow wp-block-quote-is-layout-flow\">\n<p>Les proxys mobiles ont rendu mon travail beaucoup plus facile. Ils me permettent de collecter des donn\u00e9es de diff\u00e9rentes r\u00e9gions sans \u00eatre bloqu\u00e9 par les syst\u00e8mes de suivi IP des sites Web.<\/p>\n<cite><em>Mark, chercheur en march\u00e9, utilise des proxys mobiles pour collecter des donn\u00e9es sur des sites Web et des plateformes de m\u00e9dias sociaux.<\/em><\/cite><\/blockquote>\n\n\n\n<p> <\/p>\n\n\n\n<h3 class=\"wp-block-heading\">V\u00e9rification des annonces<\/h3>\n\n\n\n<blockquote class=\"wp-block-quote is-layout-flow wp-block-quote-is-layout-flow\">\n<p>Les proxys mobiles sont devenus un outil incontournable pour la v\u00e9rification des publicit\u00e9s. Ils m&#039;aident \u00e0 \u00e9viter d&#039;\u00eatre signal\u00e9 comme robot et \u00e0 garantir que les annonces s&#039;affichent correctement.<\/p>\n<cite>Mike, sp\u00e9cialiste de la v\u00e9rification des publicit\u00e9s, utilise des proxys mobiles pour v\u00e9rifier l&#039;emplacement et le contenu des publicit\u00e9s en ligne.<\/cite><\/blockquote>\n\n\n\n<p><\/p>\n\n\n\n<h3 class=\"wp-block-heading\">R\u00e9servation de voyage<\/h3>\n\n\n\n<blockquote class=\"wp-block-quote is-layout-flow wp-block-quote-is-layout-flow\">\n<p>Les proxys mobiles sont indispensables pour les agents de voyages. Ils me permettent d&#039;acc\u00e9der \u00e0 des offres et \u00e0 des r\u00e9ductions sp\u00e9cifiques \u00e0 un emplacement, ce qui me permet d&#039;\u00e9conomiser de l&#039;argent pour mes clients.<\/p>\n<cite><em>Tina, une agente de voyages, utilise des proxys mobiles pour acc\u00e9der \u00e0 des offres et des r\u00e9ductions sp\u00e9cifiques \u00e0 un emplacement.<\/em><\/cite><\/blockquote>\n\n\n\n<h3 class=\"wp-block-heading\">Cr\u00e9ation de contenu<\/h3>\n\n\n\n<blockquote class=\"wp-block-quote is-layout-flow wp-block-quote-is-layout-flow\">\n<p>Les proxys mobiles m&#039;ont permis d&#039;exploiter une grande vari\u00e9t\u00e9 de contenus inspir\u00e9s de diff\u00e9rentes r\u00e9gions, ce qui m&#039;a aid\u00e9 \u00e0 cr\u00e9er un contenu plus diversifi\u00e9 et plus attrayant.<\/p>\n<cite><em>Carlos, cr\u00e9ateur de contenu, utilise des proxys mobiles pour acc\u00e9der \u00e0 l&#039;inspiration de diff\u00e9rentes r\u00e9gions.<\/em><\/cite><\/blockquote>\n\n\n\n<h3 class=\"wp-block-heading\">Commerce \u00e9lectronique<\/h3>\n\n\n\n<blockquote class=\"wp-block-quote is-layout-flow wp-block-quote-is-layout-flow\">\n<p>Les proxys mobiles sont devenus un outil essentiel pour mon activit\u00e9 de commerce \u00e9lectronique. Ils m&#039;aident \u00e0 effectuer des recherches concurrentielles et des comparaisons de prix, ce qui m&#039;aide \u00e0 garder une longueur d&#039;avance sur la concurrence.<\/p>\n<cite><em>Emma, une entrepreneure en commerce \u00e9lectronique, utilise des proxys mobiles pour effectuer des recherches concurrentielles et des comparaisons de prix.<\/em><\/cite><\/blockquote>\n\n\n\n<h3 class=\"wp-block-heading\">Exploration de donn\u00e9es<\/h3>\n\n\n\n<blockquote class=\"wp-block-quote is-layout-flow wp-block-quote-is-layout-flow\">\n<p>Les proxys mobiles sont un outil essentiel pour mon travail. Ils me permettent d&#039;extraire des donn\u00e9es de diff\u00e9rentes r\u00e9gions sans \u00eatre bloqu\u00e9 par les syst\u00e8mes de suivi IP des sites Web.<\/p>\n<cite><em>David, analyste de donn\u00e9es, utilise des proxys mobiles pour extraire des donn\u00e9es de diff\u00e9rents sites Web et plateformes de m\u00e9dias sociaux.<\/em><\/cite><\/blockquote>\n\n\n\n<h3 class=\"wp-block-heading\">Jeux en ligne<\/h3>\n\n\n\n<blockquote class=\"wp-block-quote is-layout-flow wp-block-quote-is-layout-flow\">\n<p>Les proxys mobiles sont un outil indispensable pour les joueurs en ligne s\u00e9rieux. Ils me permettent de contourner les restrictions du serveur de jeu et d&#039;acc\u00e9der \u00e0 diff\u00e9rentes r\u00e9gions, ce qui m&#039;aide \u00e0 garder une longueur d&#039;avance sur la concurrence.<\/p>\n<cite><em>Oliver, un joueur en ligne, utilise des proxys mobiles pour contourner les restrictions du serveur de jeu et acc\u00e9der \u00e0 diff\u00e9rentes r\u00e9gions.<\/em><\/cite><\/blockquote>\n\n\n\n<h3 class=\"wp-block-heading\">Campagnes publicitaires<\/h3>\n\n\n\n<blockquote class=\"wp-block-quote is-layout-flow wp-block-quote-is-layout-flow\">\n<p>Les proxys mobiles sont devenus un outil essentiel pour mes campagnes de marketing num\u00e9rique. Ils me permettent de tester des campagnes publicitaires dans diff\u00e9rentes r\u00e9gions, ce qui m&#039;aide \u00e0 optimiser mes campagnes pour de meilleures performances.<\/p>\n<cite><em>Ava, sp\u00e9cialiste du marketing num\u00e9rique, utilise des proxys mobiles pour tester des campagnes publicitaires dans diff\u00e9rentes r\u00e9gions.<\/em><\/cite><\/blockquote>\n\n\n\n<p>Dans l\u2019ensemble, les proxys mobiles ont de nombreuses applications dans diff\u00e9rents secteurs et postes. Que vous soyez revendeur de baskets, gestionnaire de r\u00e9seaux sociaux, chercheur de march\u00e9, sp\u00e9cialiste de la v\u00e9rification des publicit\u00e9s, agent de voyages, cr\u00e9ateur de contenu, entrepreneur en commerce \u00e9lectronique, analyste de donn\u00e9es, joueur en ligne ou sp\u00e9cialiste du marketing num\u00e9rique, les proxys mobiles peuvent vous aider \u00e0 garder une longueur d&#039;avance sur la concurrence. et atteindre vos objectifs.<\/p>","protected":false},"excerpt":{"rendered":"<p>Les proxys mobiles sont un type de serveur interm\u00e9diaire qui permet aux utilisateurs d&#039;acc\u00e9der \u00e0 Internet de mani\u00e8re anonyme et d&#039;acheminer le trafic Internet via des appareils mobiles tels que\u2026<\/p>","protected":false},"author":1,"featured_media":0,"parent":0,"menu_order":0,"comment_status":"closed","ping_status":"closed","template":"","meta":{"_acf_changed":false,"footnotes":""},"class_list":["post-683","page","type-page","status-publish","hentry"],"acf":[],"yoast_head":"<!-- This site is optimized with the Yoast SEO plugin v27.4 - https:\/\/yoast.com\/product\/yoast-seo-wordpress\/ -->\n<title>Mobile proxies - Virtual Local Phone Numbers<\/title>\n<meta name=\"robots\" content=\"index, follow, max-snippet:-1, max-image-preview:large, max-video-preview:-1\" \/>\n<link rel=\"canonical\" href=\"https:\/\/virtnum.com\/fr\/mobile-proxies\/\" \/>\n<meta property=\"og:locale\" content=\"fr_FR\" \/>\n<meta property=\"og:type\" content=\"article\" \/>\n<meta property=\"og:title\" content=\"Mobile proxies - Virtual Local Phone Numbers\" \/>\n<meta property=\"og:description\" content=\"Mobile proxies are a type of intermediary server that allow users to access the internet anonymously and route internet traffic through mobile devices such as&hellip;\" \/>\n<meta property=\"og:url\" content=\"https:\/\/virtnum.com\/fr\/mobile-proxies\/\" \/>\n<meta property=\"og:site_name\" content=\"Virtual Local Phone Numbers\" \/>\n<meta property=\"article:modified_time\" content=\"2023-03-22T11:41:14+00:00\" \/>\n<meta property=\"og:image\" content=\"https:\/\/virtnum.com\/wp-content\/uploads\/2023\/03\/mobile-proxies-1-1024x1024.jpg\" \/>\n<meta name=\"twitter:card\" content=\"summary_large_image\" \/>\n<meta name=\"twitter:label1\" content=\"Dur\u00e9e de lecture estim\u00e9e\" \/>\n\t<meta name=\"twitter:data1\" content=\"5 minutes\" \/>\n<script type=\"application\/ld+json\" class=\"yoast-schema-graph\">{\"@context\":\"https:\\\/\\\/schema.org\",\"@graph\":[{\"@type\":\"WebPage\",\"@id\":\"https:\\\/\\\/virtnum.com\\\/mobile-proxies\\\/\",\"url\":\"https:\\\/\\\/virtnum.com\\\/mobile-proxies\\\/\",\"name\":\"Mobile proxies - Virtual Local Phone Numbers\",\"isPartOf\":{\"@id\":\"https:\\\/\\\/virtnum.com\\\/#website\"},\"primaryImageOfPage\":{\"@id\":\"https:\\\/\\\/virtnum.com\\\/mobile-proxies\\\/#primaryimage\"},\"image\":{\"@id\":\"https:\\\/\\\/virtnum.com\\\/mobile-proxies\\\/#primaryimage\"},\"thumbnailUrl\":\"https:\\\/\\\/virtnum.com\\\/wp-content\\\/uploads\\\/2023\\\/03\\\/mobile-proxies-1-1024x1024.jpg\",\"datePublished\":\"2023-03-22T09:30:03+00:00\",\"dateModified\":\"2023-03-22T11:41:14+00:00\",\"inLanguage\":\"fr-FR\",\"potentialAction\":[{\"@type\":\"ReadAction\",\"target\":[\"https:\\\/\\\/virtnum.com\\\/mobile-proxies\\\/\"]}]},{\"@type\":\"ImageObject\",\"inLanguage\":\"fr-FR\",\"@id\":\"https:\\\/\\\/virtnum.com\\\/mobile-proxies\\\/#primaryimage\",\"url\":\"https:\\\/\\\/virtnum.com\\\/wp-content\\\/uploads\\\/2023\\\/03\\\/mobile-proxies-1-1024x1024.jpg\",\"contentUrl\":\"https:\\\/\\\/virtnum.com\\\/wp-content\\\/uploads\\\/2023\\\/03\\\/mobile-proxies-1-1024x1024.jpg\"},{\"@type\":\"WebSite\",\"@id\":\"https:\\\/\\\/virtnum.com\\\/#website\",\"url\":\"https:\\\/\\\/virtnum.com\\\/\",\"name\":\"Virtual Local Phone Numbers\",\"description\":\"Buy Virtual Phone Numbers | DID Numbers | VoIP Numbers | Toll-free Numbers | Call forwarding to SIP, VOIP, PBX, Mobile or Fixed Phones\",\"publisher\":{\"@id\":\"https:\\\/\\\/virtnum.com\\\/#organization\"},\"potentialAction\":[{\"@type\":\"SearchAction\",\"target\":{\"@type\":\"EntryPoint\",\"urlTemplate\":\"https:\\\/\\\/virtnum.com\\\/?s={search_term_string}\"},\"query-input\":{\"@type\":\"PropertyValueSpecification\",\"valueRequired\":true,\"valueName\":\"search_term_string\"}}],\"inLanguage\":\"fr-FR\"},{\"@type\":\"Organization\",\"@id\":\"https:\\\/\\\/virtnum.com\\\/#organization\",\"name\":\"Virtual Local Phone Numbers\",\"url\":\"https:\\\/\\\/virtnum.com\\\/\",\"logo\":{\"@type\":\"ImageObject\",\"inLanguage\":\"fr-FR\",\"@id\":\"https:\\\/\\\/virtnum.com\\\/#\\\/schema\\\/logo\\\/image\\\/\",\"url\":\"https:\\\/\\\/virtnum.com\\\/wp-content\\\/uploads\\\/2022\\\/12\\\/logo-1.png\",\"contentUrl\":\"https:\\\/\\\/virtnum.com\\\/wp-content\\\/uploads\\\/2022\\\/12\\\/logo-1.png\",\"width\":420,\"height\":165,\"caption\":\"Virtual Local Phone Numbers\"},\"image\":{\"@id\":\"https:\\\/\\\/virtnum.com\\\/#\\\/schema\\\/logo\\\/image\\\/\"}}]}<\/script>\n<!-- \/ Yoast SEO plugin. -->","yoast_head_json":{"title":"Proxys mobiles - Num\u00e9ros de t\u00e9l\u00e9phone locaux virtuels","robots":{"index":"index","follow":"follow","max-snippet":"max-snippet:-1","max-image-preview":"max-image-preview:large","max-video-preview":"max-video-preview:-1"},"canonical":"https:\/\/virtnum.com\/fr\/mobile-proxies\/","og_locale":"fr_FR","og_type":"article","og_title":"Mobile proxies - Virtual Local Phone Numbers","og_description":"Mobile proxies are a type of intermediary server that allow users to access the internet anonymously and route internet traffic through mobile devices such as&hellip;","og_url":"https:\/\/virtnum.com\/fr\/mobile-proxies\/","og_site_name":"Virtual Local Phone Numbers","article_modified_time":"2023-03-22T11:41:14+00:00","og_image":[{"url":"https:\/\/virtnum.com\/wp-content\/uploads\/2023\/03\/mobile-proxies-1-1024x1024.jpg","type":"","width":"","height":""}],"twitter_card":"summary_large_image","twitter_misc":{"Dur\u00e9e de lecture estim\u00e9e":"5 minutes"},"schema":{"@context":"https:\/\/schema.org","@graph":[{"@type":"WebPage","@id":"https:\/\/virtnum.com\/mobile-proxies\/","url":"https:\/\/virtnum.com\/mobile-proxies\/","name":"Proxys mobiles - Num\u00e9ros de t\u00e9l\u00e9phone locaux virtuels","isPartOf":{"@id":"https:\/\/virtnum.com\/#website"},"primaryImageOfPage":{"@id":"https:\/\/virtnum.com\/mobile-proxies\/#primaryimage"},"image":{"@id":"https:\/\/virtnum.com\/mobile-proxies\/#primaryimage"},"thumbnailUrl":"https:\/\/virtnum.com\/wp-content\/uploads\/2023\/03\/mobile-proxies-1-1024x1024.jpg","datePublished":"2023-03-22T09:30:03+00:00","dateModified":"2023-03-22T11:41:14+00:00","inLanguage":"fr-FR","potentialAction":[{"@type":"ReadAction","target":["https:\/\/virtnum.com\/mobile-proxies\/"]}]},{"@type":"ImageObject","inLanguage":"fr-FR","@id":"https:\/\/virtnum.com\/mobile-proxies\/#primaryimage","url":"https:\/\/virtnum.com\/wp-content\/uploads\/2023\/03\/mobile-proxies-1-1024x1024.jpg","contentUrl":"https:\/\/virtnum.com\/wp-content\/uploads\/2023\/03\/mobile-proxies-1-1024x1024.jpg"},{"@type":"WebSite","@id":"https:\/\/virtnum.com\/#website","url":"https:\/\/virtnum.com\/","name":"Num\u00e9ros de t\u00e9l\u00e9phone locaux virtuels","description":"Acheter des num\u00e9ros de t\u00e9l\u00e9phone virtuels | Num\u00e9ros DID | Num\u00e9ros VoIP | Num\u00e9ros gratuits | Renvoi d&#039;appel vers SIP, VOIP, PBX, t\u00e9l\u00e9phones mobiles ou fixes","publisher":{"@id":"https:\/\/virtnum.com\/#organization"},"potentialAction":[{"@type":"SearchAction","target":{"@type":"EntryPoint","urlTemplate":"https:\/\/virtnum.com\/?s={search_term_string}"},"query-input":{"@type":"PropertyValueSpecification","valueRequired":true,"valueName":"search_term_string"}}],"inLanguage":"fr-FR"},{"@type":"Organization","@id":"https:\/\/virtnum.com\/#organization","name":"Num\u00e9ros de t\u00e9l\u00e9phone locaux virtuels","url":"https:\/\/virtnum.com\/","logo":{"@type":"ImageObject","inLanguage":"fr-FR","@id":"https:\/\/virtnum.com\/#\/schema\/logo\/image\/","url":"https:\/\/virtnum.com\/wp-content\/uploads\/2022\/12\/logo-1.png","contentUrl":"https:\/\/virtnum.com\/wp-content\/uploads\/2022\/12\/logo-1.png","width":420,"height":165,"caption":"Virtual Local Phone Numbers"},"image":{"@id":"https:\/\/virtnum.com\/#\/schema\/logo\/image\/"}}]}},"_links":{"self":[{"href":"https:\/\/virtnum.com\/fr\/wp-json\/wp\/v2\/pages\/683","targetHints":{"allow":["GET"]}}],"collection":[{"href":"https:\/\/virtnum.com\/fr\/wp-json\/wp\/v2\/pages"}],"about":[{"href":"https:\/\/virtnum.com\/fr\/wp-json\/wp\/v2\/types\/page"}],"author":[{"embeddable":true,"href":"https:\/\/virtnum.com\/fr\/wp-json\/wp\/v2\/users\/1"}],"replies":[{"embeddable":true,"href":"https:\/\/virtnum.com\/fr\/wp-json\/wp\/v2\/comments?post=683"}],"version-history":[{"count":9,"href":"https:\/\/virtnum.com\/fr\/wp-json\/wp\/v2\/pages\/683\/revisions"}],"predecessor-version":[{"id":702,"href":"https:\/\/virtnum.com\/fr\/wp-json\/wp\/v2\/pages\/683\/revisions\/702"}],"wp:attachment":[{"href":"https:\/\/virtnum.com\/fr\/wp-json\/wp\/v2\/media?parent=683"}],"curies":[{"name":"wp","href":"https:\/\/api.w.org\/{rel}","templated":true}]}}