{"id":820,"date":"2023-10-31T01:51:49","date_gmt":"2023-10-30T21:51:49","guid":{"rendered":"https:\/\/virtnum.com\/?page_id=820"},"modified":"2026-02-02T01:24:52","modified_gmt":"2026-02-01T21:24:52","slug":"home-empty","status":"publish","type":"page","link":"https:\/\/virtnum.com\/fr\/","title":{"rendered":"Num\u00e9ros de t\u00e9l\u00e9phone virtuels"},"content":{"rendered":"<h2 class=\"wp-block-heading\"><strong>Nous fournissons des num\u00e9ros de t\u00e9l\u00e9phone virtuels et des num\u00e9ros de composition directe \u00e0 l&#039;arriv\u00e9e (DID) dans plus de 60 pays avec la meilleure qualit\u00e9 au co\u00fbt le moins cher du march\u00e9.<\/strong><\/h2>\n\n\n\n<p>Dans l\u2019ensemble, les num\u00e9ros de t\u00e9l\u00e9phone DID virtuels offrent une solution flexible et polyvalente pour recevoir des appels t\u00e9l\u00e9phoniques et peuvent \u00eatre utilis\u00e9s dans une large gamme d\u2019applications pour r\u00e9pondre \u00e0 diff\u00e9rents besoins.<\/p>\n\n\n\n<p>Les pays actuellement pris en charge sont indiqu\u00e9s ci-dessous. Veuillez visiter cette page r\u00e9guli\u00e8rement pour v\u00e9rifier les mises \u00e0 jour de la couverture.<\/p>\n\n\n\n\n<!-- Page-list plugin v.5.9 wordpress.org\/plugins\/page-list\/ -->\n<ul class=\"page-list\">\n<li class=\"page_item page-item-243\"><a href=\"https:\/\/virtnum.com\/fr\/buy-virtual-phone-number\/albania\/\">Albanie<\/a><\/li>\n<li class=\"page_item page-item-248\"><a href=\"https:\/\/virtnum.com\/fr\/buy-virtual-phone-number\/algeria\/\">Alg\u00e9rie<\/a><\/li>\n<li class=\"page_item page-item-855\"><a href=\"https:\/\/virtnum.com\/fr\/buy-virtual-phone-number\/angola\/\">Angola<\/a><\/li>\n<li class=\"page_item page-item-231\"><a href=\"https:\/\/virtnum.com\/fr\/buy-virtual-phone-number\/argentina\/\">Argentine<\/a><\/li>\n<li class=\"page_item page-item-251\"><a href=\"https:\/\/virtnum.com\/fr\/buy-virtual-phone-number\/armenia\/\">Arm\u00e9nie<\/a><\/li>\n<li class=\"page_item page-item-175\"><a href=\"https:\/\/virtnum.com\/fr\/buy-virtual-phone-number\/australia\/\">Australie<\/a><\/li>\n<li class=\"page_item page-item-216\"><a href=\"https:\/\/virtnum.com\/fr\/buy-virtual-phone-number\/austria\/\">L&#039;Autriche<\/a><\/li>\n<li class=\"page_item page-item-254\"><a href=\"https:\/\/virtnum.com\/fr\/buy-virtual-phone-number\/azerbaijan\/\">Azerba\u00efdjan<\/a><\/li>\n<li class=\"page_item page-item-43\"><a href=\"https:\/\/virtnum.com\/fr\/buy-virtual-phone-number\/bahrain-virtual-numbers\/\">Bahre\u00efn<\/a><\/li>\n<li class=\"page_item page-item-257\"><a href=\"https:\/\/virtnum.com\/fr\/buy-virtual-phone-number\/bangladesh\/\">Bangladesh<\/a><\/li>\n<li class=\"page_item page-item-260\"><a href=\"https:\/\/virtnum.com\/fr\/buy-virtual-phone-number\/belarus\/\">Bi\u00e9lorussie<\/a><\/li>\n<li class=\"page_item page-item-237\"><a href=\"https:\/\/virtnum.com\/fr\/buy-virtual-phone-number\/belgium\/\">Belgique<\/a><\/li>\n<li class=\"page_item page-item-264\"><a href=\"https:\/\/virtnum.com\/fr\/buy-virtual-phone-number\/benin\/\">B\u00e9nin<\/a><\/li>\n<li class=\"page_item page-item-268\"><a href=\"https:\/\/virtnum.com\/fr\/buy-virtual-phone-number\/bolivia\/\">Bolivie<\/a><\/li>\n<li class=\"page_item page-item-858\"><a href=\"https:\/\/virtnum.com\/fr\/buy-virtual-phone-number\/bosnia-and-herzegovina\/\">Bosnie-Herz\u00e9govine<\/a><\/li>\n<li class=\"page_item page-item-933\"><a href=\"https:\/\/virtnum.com\/fr\/buy-virtual-phone-number\/botswana\/\">Botswana<\/a><\/li>\n<li class=\"page_item page-item-271\"><a href=\"https:\/\/virtnum.com\/fr\/buy-virtual-phone-number\/brazil\/\">Br\u00e9sil<\/a><\/li>\n<li class=\"page_item page-item-274\"><a href=\"https:\/\/virtnum.com\/fr\/buy-virtual-phone-number\/bulgaria\/\">Bulgarie<\/a><\/li>\n<li class=\"page_item page-item-937\"><a href=\"https:\/\/virtnum.com\/fr\/buy-virtual-phone-number\/cambodia\/\">Cambodge<\/a><\/li>\n<li class=\"page_item page-item-939\"><a href=\"https:\/\/virtnum.com\/fr\/buy-virtual-phone-number\/cameroon\/\">Cameroun<\/a><\/li>\n<li class=\"page_item page-item-234\"><a href=\"https:\/\/virtnum.com\/fr\/buy-virtual-phone-number\/canada\/\">Canada<\/a><\/li>\n<li class=\"page_item page-item-277\"><a href=\"https:\/\/virtnum.com\/fr\/buy-virtual-phone-number\/cayman-islands\/\">\u00celes Ca\u00efmans<\/a><\/li>\n<li class=\"page_item page-item-651\"><a href=\"https:\/\/virtnum.com\/fr\/buy-virtual-phone-number\/chad\/\">Tchad<\/a><\/li>\n<li class=\"page_item page-item-280\"><a href=\"https:\/\/virtnum.com\/fr\/buy-virtual-phone-number\/chile\/\">Chili<\/a><\/li>\n<li class=\"page_item page-item-582\"><a href=\"https:\/\/virtnum.com\/fr\/buy-virtual-phone-number\/china\/\">Chine<\/a><\/li>\n<li class=\"page_item page-item-283\"><a href=\"https:\/\/virtnum.com\/fr\/buy-virtual-phone-number\/colombia\/\">Colombie<\/a><\/li>\n<li class=\"page_item page-item-286\"><a href=\"https:\/\/virtnum.com\/fr\/buy-virtual-phone-number\/costa-rica\/\">Costa Rica<\/a><\/li>\n<li class=\"page_item page-item-289\"><a href=\"https:\/\/virtnum.com\/fr\/buy-virtual-phone-number\/croatia\/\">Croatie<\/a><\/li>\n<li class=\"page_item page-item-941\"><a href=\"https:\/\/virtnum.com\/fr\/buy-virtual-phone-number\/cuba\/\">Cuba<\/a><\/li>\n<li class=\"page_item page-item-292\"><a href=\"https:\/\/virtnum.com\/fr\/buy-virtual-phone-number\/cyprus\/\">Chypre<\/a><\/li>\n<li class=\"page_item page-item-295\"><a href=\"https:\/\/virtnum.com\/fr\/buy-virtual-phone-number\/czech-republic\/\">R\u00e9publique tch\u00e8que<\/a><\/li>\n<li class=\"page_item page-item-298\"><a href=\"https:\/\/virtnum.com\/fr\/buy-virtual-phone-number\/denmark\/\">Danemark<\/a><\/li>\n<li class=\"page_item page-item-313\"><a href=\"https:\/\/virtnum.com\/fr\/buy-virtual-phone-number\/dominican-republic\/\">R\u00e9publique dominicaine<\/a><\/li>\n<li class=\"page_item page-item-316\"><a href=\"https:\/\/virtnum.com\/fr\/buy-virtual-phone-number\/ecuador\/\">\u00c9quateur<\/a><\/li>\n<li class=\"page_item page-item-319\"><a href=\"https:\/\/virtnum.com\/fr\/buy-virtual-phone-number\/egypt\/\">Egypte<\/a><\/li>\n<li class=\"page_item page-item-322\"><a href=\"https:\/\/virtnum.com\/fr\/buy-virtual-phone-number\/el-salvador\/\">Le Salvador<\/a><\/li>\n<li class=\"page_item page-item-325\"><a href=\"https:\/\/virtnum.com\/fr\/buy-virtual-phone-number\/estonia\/\">Estonie<\/a><\/li>\n<li class=\"page_item page-item-911\"><a href=\"https:\/\/virtnum.com\/fr\/buy-virtual-phone-number\/ethiopia\/\">Ethiopie<\/a><\/li>\n<li class=\"page_item page-item-328\"><a href=\"https:\/\/virtnum.com\/fr\/buy-virtual-phone-number\/finland\/\">Finlande<\/a><\/li>\n<li class=\"page_item page-item-222\"><a href=\"https:\/\/virtnum.com\/fr\/buy-virtual-phone-number\/france\/\">France<\/a><\/li>\n<li class=\"page_item page-item-331\"><a href=\"https:\/\/virtnum.com\/fr\/buy-virtual-phone-number\/georgia\/\">G\u00e9orgie<\/a><\/li>\n<li class=\"page_item page-item-334\"><a href=\"https:\/\/virtnum.com\/fr\/buy-virtual-phone-number\/germany\/\">Allemagne<\/a><\/li>\n<li class=\"page_item page-item-337\"><a href=\"https:\/\/virtnum.com\/fr\/buy-virtual-phone-number\/ghana\/\">Ghana<\/a><\/li>\n<li class=\"page_item page-item-340\"><a href=\"https:\/\/virtnum.com\/fr\/buy-virtual-phone-number\/gibraltar\/\">Gibraltar<\/a><\/li>\n<li class=\"page_item page-item-343\"><a href=\"https:\/\/virtnum.com\/fr\/buy-virtual-phone-number\/greece\/\">Gr\u00e8ce<\/a><\/li>\n<li class=\"page_item page-item-346\"><a href=\"https:\/\/virtnum.com\/fr\/buy-virtual-phone-number\/guatemala\/\">Guatemala<\/a><\/li>\n<li class=\"page_item page-item-943\"><a href=\"https:\/\/virtnum.com\/fr\/buy-virtual-phone-number\/haiti\/\">Ha\u00efti<\/a><\/li>\n<li class=\"page_item page-item-349\"><a href=\"https:\/\/virtnum.com\/fr\/buy-virtual-phone-number\/hong-kong\/\">Hong Kong<\/a><\/li>\n<li class=\"page_item page-item-352\"><a href=\"https:\/\/virtnum.com\/fr\/buy-virtual-phone-number\/hungary\/\">Hongrie<\/a><\/li>\n<li class=\"page_item page-item-357\"><a href=\"https:\/\/virtnum.com\/fr\/buy-virtual-phone-number\/iceland\/\">Islande<\/a><\/li>\n<li class=\"page_item page-item-360\"><a href=\"https:\/\/virtnum.com\/fr\/buy-virtual-phone-number\/india\/\">Inde<\/a><\/li>\n<li class=\"page_item page-item-363\"><a href=\"https:\/\/virtnum.com\/fr\/buy-virtual-phone-number\/indonesia\/\">Indon\u00e9sie<\/a><\/li>\n<li class=\"page_item page-item-366\"><a href=\"https:\/\/virtnum.com\/fr\/buy-virtual-phone-number\/iraq\/\">Irak<\/a><\/li>\n<li class=\"page_item page-item-369\"><a href=\"https:\/\/virtnum.com\/fr\/buy-virtual-phone-number\/ireland\/\">Irlande<\/a><\/li>\n<li class=\"page_item page-item-372\"><a href=\"https:\/\/virtnum.com\/fr\/buy-virtual-phone-number\/israel\/\">Isra\u00ebl<\/a><\/li>\n<li class=\"page_item page-item-375\"><a href=\"https:\/\/virtnum.com\/fr\/buy-virtual-phone-number\/italy\/\">Italie<\/a><\/li>\n<li class=\"page_item page-item-378\"><a href=\"https:\/\/virtnum.com\/fr\/buy-virtual-phone-number\/ivory-coast\/\">C\u00f4te d&#039;Ivoire<\/a><\/li>\n<li class=\"page_item page-item-381\"><a href=\"https:\/\/virtnum.com\/fr\/buy-virtual-phone-number\/japan\/\">Japon<\/a><\/li>\n<li class=\"page_item page-item-384\"><a href=\"https:\/\/virtnum.com\/fr\/buy-virtual-phone-number\/kazakhstan\/\">Kazakhstan<\/a><\/li>\n<li class=\"page_item page-item-387\"><a href=\"https:\/\/virtnum.com\/fr\/buy-virtual-phone-number\/kenya\/\">Kenya<\/a><\/li>\n<li class=\"page_item page-item-390\"><a href=\"https:\/\/virtnum.com\/fr\/buy-virtual-phone-number\/kuwait\/\">Koweit<\/a><\/li>\n<li class=\"page_item page-item-393\"><a href=\"https:\/\/virtnum.com\/fr\/buy-virtual-phone-number\/kyrgyzstan\/\">Kirghizistan<\/a><\/li>\n<li class=\"page_item page-item-396\"><a href=\"https:\/\/virtnum.com\/fr\/buy-virtual-phone-number\/latvia\/\">Lettonie<\/a><\/li>\n<li class=\"page_item page-item-240\"><a href=\"https:\/\/virtnum.com\/fr\/buy-virtual-phone-number\/lithuania\/\">Lituanie<\/a><\/li>\n<li class=\"page_item page-item-399\"><a href=\"https:\/\/virtnum.com\/fr\/buy-virtual-phone-number\/luxembourg\/\">Luxembourg<\/a><\/li>\n<li class=\"page_item page-item-403\"><a href=\"https:\/\/virtnum.com\/fr\/buy-virtual-phone-number\/macedonia\/\">Mac\u00e9doine<\/a><\/li>\n<li class=\"page_item page-item-406\"><a href=\"https:\/\/virtnum.com\/fr\/buy-virtual-phone-number\/malaysia\/\">Malaisie<\/a><\/li>\n<li class=\"page_item page-item-409\"><a href=\"https:\/\/virtnum.com\/fr\/buy-virtual-phone-number\/malta\/\">Malte<\/a><\/li>\n<li class=\"page_item page-item-412\"><a href=\"https:\/\/virtnum.com\/fr\/buy-virtual-phone-number\/mauritius\/\">Maurice<\/a><\/li>\n<li class=\"page_item page-item-415\"><a href=\"https:\/\/virtnum.com\/fr\/buy-virtual-phone-number\/mexico\/\">Mexique<\/a><\/li>\n<li class=\"page_item page-item-418\"><a href=\"https:\/\/virtnum.com\/fr\/buy-virtual-phone-number\/moldova\/\">Moldavie<\/a><\/li>\n<li class=\"page_item page-item-424\"><a href=\"https:\/\/virtnum.com\/fr\/buy-virtual-phone-number\/monaco\/\">Monaco<\/a><\/li>\n<li class=\"page_item page-item-427\"><a href=\"https:\/\/virtnum.com\/fr\/buy-virtual-phone-number\/morocco\/\">Maroc<\/a><\/li>\n<li class=\"page_item page-item-917\"><a href=\"https:\/\/virtnum.com\/fr\/buy-virtual-phone-number\/mozambique\/\">Mozambique<\/a><\/li>\n<li class=\"page_item page-item-945\"><a href=\"https:\/\/virtnum.com\/fr\/buy-virtual-phone-number\/myanmar\/\">Myanmar<\/a><\/li>\n<li class=\"page_item page-item-430\"><a href=\"https:\/\/virtnum.com\/fr\/buy-virtual-phone-number\/namibia\/\">Namibie<\/a><\/li>\n<li class=\"page_item page-item-947\"><a href=\"https:\/\/virtnum.com\/fr\/buy-virtual-phone-number\/nepal\/\">N\u00e9pal<\/a><\/li>\n<li class=\"page_item page-item-433\"><a href=\"https:\/\/virtnum.com\/fr\/buy-virtual-phone-number\/netherlands\/\">Pays-Bas<\/a><\/li>\n<li class=\"page_item page-item-436\"><a href=\"https:\/\/virtnum.com\/fr\/buy-virtual-phone-number\/new-zealand\/\">Nouvelle-Z\u00e9lande<\/a><\/li>\n<li class=\"page_item page-item-439\"><a href=\"https:\/\/virtnum.com\/fr\/buy-virtual-phone-number\/nicaragua\/\">Nicaragua<\/a><\/li>\n<li class=\"page_item page-item-442\"><a href=\"https:\/\/virtnum.com\/fr\/buy-virtual-phone-number\/nigeria\/\">Nigeria<\/a><\/li>\n<li class=\"page_item page-item-445\"><a href=\"https:\/\/virtnum.com\/fr\/buy-virtual-phone-number\/norway\/\">Norv\u00e8ge<\/a><\/li>\n<li class=\"page_item page-item-448\"><a href=\"https:\/\/virtnum.com\/fr\/buy-virtual-phone-number\/pakistan\/\">Pakistan<\/a><\/li>\n<li class=\"page_item page-item-451\"><a href=\"https:\/\/virtnum.com\/fr\/buy-virtual-phone-number\/panama\/\">Panama<\/a><\/li>\n<li class=\"page_item page-item-454\"><a href=\"https:\/\/virtnum.com\/fr\/buy-virtual-phone-number\/paraguay\/\">Paraguay<\/a><\/li>\n<li class=\"page_item page-item-457\"><a href=\"https:\/\/virtnum.com\/fr\/buy-virtual-phone-number\/peru\/\">P\u00e9rou<\/a><\/li>\n<li class=\"page_item page-item-460\"><a href=\"https:\/\/virtnum.com\/fr\/buy-virtual-phone-number\/philippines\/\">Philippines<\/a><\/li>\n<li class=\"page_item page-item-463\"><a href=\"https:\/\/virtnum.com\/fr\/buy-virtual-phone-number\/poland\/\">Pologne<\/a><\/li>\n<li class=\"page_item page-item-479\"><a href=\"https:\/\/virtnum.com\/fr\/buy-virtual-phone-number\/portugal\/\">le Portugal<\/a><\/li>\n<li class=\"page_item page-item-482\"><a href=\"https:\/\/virtnum.com\/fr\/buy-virtual-phone-number\/puerto-rico\/\">Porto Rico<\/a><\/li>\n<li class=\"page_item page-item-485\"><a href=\"https:\/\/virtnum.com\/fr\/buy-virtual-phone-number\/romania\/\">Roumanie<\/a><\/li>\n<li class=\"page_item page-item-488\"><a href=\"https:\/\/virtnum.com\/fr\/buy-virtual-phone-number\/russia\/\">Russie<\/a><\/li>\n<li class=\"page_item page-item-847\"><a href=\"https:\/\/virtnum.com\/fr\/buy-virtual-phone-number\/saudi-arabia\/\">Arabie Saoudite<\/a><\/li>\n<li class=\"page_item page-item-491\"><a href=\"https:\/\/virtnum.com\/fr\/buy-virtual-phone-number\/serbia\/\">Serbie<\/a><\/li>\n<li class=\"page_item page-item-494\"><a href=\"https:\/\/virtnum.com\/fr\/buy-virtual-phone-number\/singapore\/\">Singapour<\/a><\/li>\n<li class=\"page_item page-item-497\"><a href=\"https:\/\/virtnum.com\/fr\/buy-virtual-phone-number\/slovakia\/\">Slovaquie<\/a><\/li>\n<li class=\"page_item page-item-500\"><a href=\"https:\/\/virtnum.com\/fr\/buy-virtual-phone-number\/slovenia\/\">Slov\u00e9nie<\/a><\/li>\n<li class=\"page_item page-item-503\"><a href=\"https:\/\/virtnum.com\/fr\/buy-virtual-phone-number\/south-africa\/\">Afrique du Sud<\/a><\/li>\n<li class=\"page_item page-item-506\"><a href=\"https:\/\/virtnum.com\/fr\/buy-virtual-phone-number\/south-korea\/\">Cor\u00e9e du Sud<\/a><\/li>\n<li class=\"page_item page-item-509\"><a href=\"https:\/\/virtnum.com\/fr\/buy-virtual-phone-number\/spain\/\">Espagne<\/a><\/li>\n<li class=\"page_item page-item-512\"><a href=\"https:\/\/virtnum.com\/fr\/buy-virtual-phone-number\/sri-lanka\/\">Sri Lanka<\/a><\/li>\n<li class=\"page_item page-item-515\"><a href=\"https:\/\/virtnum.com\/fr\/buy-virtual-phone-number\/sweden\/\">Su\u00e8de<\/a><\/li>\n<li class=\"page_item page-item-518\"><a href=\"https:\/\/virtnum.com\/fr\/buy-virtual-phone-number\/switzerland\/\">Suisse<\/a><\/li>\n<li class=\"page_item page-item-521\"><a href=\"https:\/\/virtnum.com\/fr\/buy-virtual-phone-number\/taiwan\/\">Ta\u00efwan<\/a><\/li>\n<li class=\"page_item page-item-524\"><a href=\"https:\/\/virtnum.com\/fr\/buy-virtual-phone-number\/tanzania\/\">Tanzanie<\/a><\/li>\n<li class=\"page_item page-item-527\"><a href=\"https:\/\/virtnum.com\/fr\/buy-virtual-phone-number\/thailand\/\">Tha\u00eflande<\/a><\/li>\n<li class=\"page_item page-item-530\"><a href=\"https:\/\/virtnum.com\/fr\/buy-virtual-phone-number\/turkey\/\">Turquie<\/a><\/li>\n<li class=\"page_item page-item-536\"><a href=\"https:\/\/virtnum.com\/fr\/buy-virtual-phone-number\/uganda\/\">Ouganda<\/a><\/li>\n<li class=\"page_item page-item-539\"><a href=\"https:\/\/virtnum.com\/fr\/buy-virtual-phone-number\/ukraine\/\">Ukraine<\/a><\/li>\n<li class=\"page_item page-item-542\"><a href=\"https:\/\/virtnum.com\/fr\/buy-virtual-phone-number\/united-arab-emirates\/\">Emirats Arabes Unis<\/a><\/li>\n<li class=\"page_item page-item-545\"><a href=\"https:\/\/virtnum.com\/fr\/buy-virtual-phone-number\/united-kingdom\/\">Royaume-Uni<\/a><\/li>\n<li class=\"page_item page-item-548\"><a href=\"https:\/\/virtnum.com\/fr\/buy-virtual-phone-number\/uruguay\/\">Uruguay<\/a><\/li>\n<li class=\"page_item page-item-533\"><a href=\"https:\/\/virtnum.com\/fr\/buy-virtual-phone-number\/usa\/\">Etats-Unis<\/a><\/li>\n<li class=\"page_item page-item-551\"><a href=\"https:\/\/virtnum.com\/fr\/buy-virtual-phone-number\/uzbekistan\/\">Ouzb\u00e9kistan<\/a><\/li>\n<li class=\"page_item page-item-554\"><a href=\"https:\/\/virtnum.com\/fr\/buy-virtual-phone-number\/venezuela\/\">Venezuela<\/a><\/li>\n<li class=\"page_item page-item-949\"><a href=\"https:\/\/virtnum.com\/fr\/buy-virtual-phone-number\/vietnam\/\">Vi\u00eat Nam<\/a><\/li>\n\n<\/ul>","protected":false},"excerpt":{"rendered":"<p>Nous fournissons des num\u00e9ros de t\u00e9l\u00e9phone virtuels et des num\u00e9ros de composition directe \u00e0 l&#039;arriv\u00e9e (DID) dans plus de 60 pays avec la meilleure qualit\u00e9 au co\u00fbt le moins cher du\u2026<\/p>","protected":false},"author":1,"featured_media":0,"parent":0,"menu_order":0,"comment_status":"closed","ping_status":"closed","template":"","meta":{"_acf_changed":false,"footnotes":""},"class_list":["post-820","page","type-page","status-publish","hentry"],"acf":[],"yoast_head":"<!-- This site is optimized with the Yoast SEO plugin v27.3 - https:\/\/yoast.com\/product\/yoast-seo-wordpress\/ -->\n<title>Buy virtual phone numbers online - pay with crypto<\/title>\n<meta name=\"description\" content=\"Buy Virtual Phone Numbers with Unlimited Minutes | DID Numbers | VoIP Numbers | Toll-free Numbers | Call forwarding to SIP, VOIP, PBX, Mobile or Fixed Phones\" \/>\n<meta name=\"robots\" content=\"index, follow, max-snippet:-1, max-image-preview:large, max-video-preview:-1\" \/>\n<link rel=\"canonical\" href=\"https:\/\/virtnum.com\/fr\/\" \/>\n<meta property=\"og:locale\" content=\"fr_FR\" \/>\n<meta property=\"og:type\" content=\"article\" \/>\n<meta property=\"og:title\" content=\"Buy virtual phone numbers online - pay with crypto\" \/>\n<meta property=\"og:description\" content=\"Buy Virtual Phone Numbers with Unlimited Minutes | DID Numbers | VoIP Numbers | Toll-free Numbers | Call forwarding to SIP, VOIP, PBX, Mobile or Fixed Phones\" \/>\n<meta property=\"og:url\" content=\"https:\/\/virtnum.com\/fr\/\" \/>\n<meta property=\"og:site_name\" content=\"Virtual Local Phone Numbers\" \/>\n<meta property=\"article:modified_time\" content=\"2026-02-01T21:24:52+00:00\" \/>\n<meta name=\"twitter:card\" content=\"summary_large_image\" \/>\n<meta name=\"twitter:label1\" content=\"Dur\u00e9e de lecture estim\u00e9e\" \/>\n\t<meta name=\"twitter:data1\" content=\"1 minute\" \/>\n<script type=\"application\/ld+json\" class=\"yoast-schema-graph\">{\"@context\":\"https:\\\/\\\/schema.org\",\"@graph\":[{\"@type\":\"WebPage\",\"@id\":\"https:\\\/\\\/virtnum.com\\\/\",\"url\":\"https:\\\/\\\/virtnum.com\\\/\",\"name\":\"Buy virtual phone numbers online - pay with crypto\",\"isPartOf\":{\"@id\":\"https:\\\/\\\/virtnum.com\\\/#website\"},\"datePublished\":\"2023-10-30T21:51:49+00:00\",\"dateModified\":\"2026-02-01T21:24:52+00:00\",\"description\":\"Buy Virtual Phone Numbers with Unlimited Minutes | DID Numbers | VoIP Numbers | Toll-free Numbers | Call forwarding to SIP, VOIP, PBX, Mobile or Fixed Phones\",\"inLanguage\":\"fr-FR\",\"potentialAction\":[{\"@type\":\"ReadAction\",\"target\":[\"https:\\\/\\\/virtnum.com\\\/\"]}]},{\"@type\":\"WebSite\",\"@id\":\"https:\\\/\\\/virtnum.com\\\/#website\",\"url\":\"https:\\\/\\\/virtnum.com\\\/\",\"name\":\"Virtual Local Phone Numbers\",\"description\":\"Buy Virtual Phone Numbers | DID Numbers | VoIP Numbers | Toll-free Numbers | Call forwarding to SIP, VOIP, PBX, Mobile or Fixed Phones\",\"publisher\":{\"@id\":\"https:\\\/\\\/virtnum.com\\\/#organization\"},\"potentialAction\":[{\"@type\":\"SearchAction\",\"target\":{\"@type\":\"EntryPoint\",\"urlTemplate\":\"https:\\\/\\\/virtnum.com\\\/?s={search_term_string}\"},\"query-input\":{\"@type\":\"PropertyValueSpecification\",\"valueRequired\":true,\"valueName\":\"search_term_string\"}}],\"inLanguage\":\"fr-FR\"},{\"@type\":\"Organization\",\"@id\":\"https:\\\/\\\/virtnum.com\\\/#organization\",\"name\":\"Virtual Local Phone Numbers\",\"url\":\"https:\\\/\\\/virtnum.com\\\/\",\"logo\":{\"@type\":\"ImageObject\",\"inLanguage\":\"fr-FR\",\"@id\":\"https:\\\/\\\/virtnum.com\\\/#\\\/schema\\\/logo\\\/image\\\/\",\"url\":\"https:\\\/\\\/virtnum.com\\\/wp-content\\\/uploads\\\/2022\\\/12\\\/logo-1.png\",\"contentUrl\":\"https:\\\/\\\/virtnum.com\\\/wp-content\\\/uploads\\\/2022\\\/12\\\/logo-1.png\",\"width\":420,\"height\":165,\"caption\":\"Virtual Local Phone Numbers\"},\"image\":{\"@id\":\"https:\\\/\\\/virtnum.com\\\/#\\\/schema\\\/logo\\\/image\\\/\"}}]}<\/script>\n<!-- \/ Yoast SEO plugin. -->","yoast_head_json":{"title":"Achetez des num\u00e9ros de t\u00e9l\u00e9phone virtuels en ligne - payez en cryptomonnaie","description":"Acheter des num\u00e9ros de t\u00e9l\u00e9phone virtuels avec des minutes illimit\u00e9es | Num\u00e9ros DID | Num\u00e9ros VoIP | Num\u00e9ros gratuits | Renvoi d&#039;appel vers SIP, VOIP, PBX, t\u00e9l\u00e9phones mobiles ou fixes","robots":{"index":"index","follow":"follow","max-snippet":"max-snippet:-1","max-image-preview":"max-image-preview:large","max-video-preview":"max-video-preview:-1"},"canonical":"https:\/\/virtnum.com\/fr\/","og_locale":"fr_FR","og_type":"article","og_title":"Buy virtual phone numbers online - pay with crypto","og_description":"Buy Virtual Phone Numbers with Unlimited Minutes | DID Numbers | VoIP Numbers | Toll-free Numbers | Call forwarding to SIP, VOIP, PBX, Mobile or Fixed Phones","og_url":"https:\/\/virtnum.com\/fr\/","og_site_name":"Virtual Local Phone Numbers","article_modified_time":"2026-02-01T21:24:52+00:00","twitter_card":"summary_large_image","twitter_misc":{"Dur\u00e9e de lecture estim\u00e9e":"1 minute"},"schema":{"@context":"https:\/\/schema.org","@graph":[{"@type":"WebPage","@id":"https:\/\/virtnum.com\/","url":"https:\/\/virtnum.com\/","name":"Achetez des num\u00e9ros de t\u00e9l\u00e9phone virtuels en ligne - payez en cryptomonnaie","isPartOf":{"@id":"https:\/\/virtnum.com\/#website"},"datePublished":"2023-10-30T21:51:49+00:00","dateModified":"2026-02-01T21:24:52+00:00","description":"Acheter des num\u00e9ros de t\u00e9l\u00e9phone virtuels avec des minutes illimit\u00e9es | Num\u00e9ros DID | Num\u00e9ros VoIP | Num\u00e9ros gratuits | Renvoi d&#039;appel vers SIP, VOIP, PBX, t\u00e9l\u00e9phones mobiles ou fixes","inLanguage":"fr-FR","potentialAction":[{"@type":"ReadAction","target":["https:\/\/virtnum.com\/"]}]},{"@type":"WebSite","@id":"https:\/\/virtnum.com\/#website","url":"https:\/\/virtnum.com\/","name":"Num\u00e9ros de t\u00e9l\u00e9phone locaux virtuels","description":"Acheter des num\u00e9ros de t\u00e9l\u00e9phone virtuels | Num\u00e9ros DID | Num\u00e9ros VoIP | Num\u00e9ros gratuits | Renvoi d&#039;appel vers SIP, VOIP, PBX, t\u00e9l\u00e9phones mobiles ou fixes","publisher":{"@id":"https:\/\/virtnum.com\/#organization"},"potentialAction":[{"@type":"SearchAction","target":{"@type":"EntryPoint","urlTemplate":"https:\/\/virtnum.com\/?s={search_term_string}"},"query-input":{"@type":"PropertyValueSpecification","valueRequired":true,"valueName":"search_term_string"}}],"inLanguage":"fr-FR"},{"@type":"Organization","@id":"https:\/\/virtnum.com\/#organization","name":"Num\u00e9ros de t\u00e9l\u00e9phone locaux virtuels","url":"https:\/\/virtnum.com\/","logo":{"@type":"ImageObject","inLanguage":"fr-FR","@id":"https:\/\/virtnum.com\/#\/schema\/logo\/image\/","url":"https:\/\/virtnum.com\/wp-content\/uploads\/2022\/12\/logo-1.png","contentUrl":"https:\/\/virtnum.com\/wp-content\/uploads\/2022\/12\/logo-1.png","width":420,"height":165,"caption":"Virtual Local Phone Numbers"},"image":{"@id":"https:\/\/virtnum.com\/#\/schema\/logo\/image\/"}}]}},"_links":{"self":[{"href":"https:\/\/virtnum.com\/fr\/wp-json\/wp\/v2\/pages\/820","targetHints":{"allow":["GET"]}}],"collection":[{"href":"https:\/\/virtnum.com\/fr\/wp-json\/wp\/v2\/pages"}],"about":[{"href":"https:\/\/virtnum.com\/fr\/wp-json\/wp\/v2\/types\/page"}],"author":[{"embeddable":true,"href":"https:\/\/virtnum.com\/fr\/wp-json\/wp\/v2\/users\/1"}],"replies":[{"embeddable":true,"href":"https:\/\/virtnum.com\/fr\/wp-json\/wp\/v2\/comments?post=820"}],"version-history":[{"count":3,"href":"https:\/\/virtnum.com\/fr\/wp-json\/wp\/v2\/pages\/820\/revisions"}],"predecessor-version":[{"id":915,"href":"https:\/\/virtnum.com\/fr\/wp-json\/wp\/v2\/pages\/820\/revisions\/915"}],"wp:attachment":[{"href":"https:\/\/virtnum.com\/fr\/wp-json\/wp\/v2\/media?parent=820"}],"curies":[{"name":"wp","href":"https:\/\/api.w.org\/{rel}","templated":true}]}}