{"id":862,"date":"2024-08-14T05:53:36","date_gmt":"2024-08-14T01:53:36","guid":{"rendered":"https:\/\/virtnum.com\/?page_id=862"},"modified":"2026-03-12T01:12:37","modified_gmt":"2026-03-11T21:12:37","slug":"sms-numbers","status":"publish","type":"page","link":"https:\/\/virtnum.com\/fr\/sms-numbers\/","title":{"rendered":"Num\u00e9ros SMS virtuels"},"content":{"rendered":"<p>Prenez le contr\u00f4le de votre strat\u00e9gie de messagerie avec les num\u00e9ros SMS virtuels de Virtnum. Activez instantan\u00e9ment des num\u00e9ros de plus de 100 pays et commencez \u00e0 envoyer et \u00e0 recevoir des SMS sans avoir besoin d&#039;une carte SIM physique. Nos num\u00e9ros virtuels sont parfaits pour les entreprises de toutes tailles, vous permettant de maintenir une pr\u00e9sence locale, d&#039;interagir directement avec les clients et de rationaliser vos communications. Que vous meniez des campagnes marketing ou que vous g\u00e9riez le service client, les num\u00e9ros SMS virtuels de Virtnum offrent une solution simple pour r\u00e9pondre \u00e0 vos besoins.<\/p>\n\n\n\n<p align=\"center\"><a href=\"https:\/\/lk.virtnum.com\/en\/component\/telecomax?task=buyunregistred&#038;type=sms\" class=\"buy\">Acheter un num\u00e9ro SMS virtuel<\/a><\/p>\n\n\n\n<h3 class=\"wp-block-heading\">Pourquoi choisir Virtnum.com pour les num\u00e9ros SMS virtuels ?<\/h3>\n\n\n\n<p>Virtnum propose une plateforme robuste avec une fiabilit\u00e9 in\u00e9gal\u00e9e et une port\u00e9e mondiale. Nos num\u00e9ros SMS virtuels sont non seulement faciles \u00e0 configurer, mais sont \u00e9galement dot\u00e9s d&#039;une gamme de fonctionnalit\u00e9s con\u00e7ues pour optimiser vos capacit\u00e9s de messagerie. Profitez de fonctionnalit\u00e9s telles que la messagerie bidirectionnelle, les r\u00e9ponses automatiques et les rapports de livraison en temps r\u00e9el, tout en pr\u00e9servant la confidentialit\u00e9 de votre num\u00e9ro personnel. Avec des prix comp\u00e9titifs et une assistance 24h\/24 et 7j\/7, Virtnum garantit que vos communications professionnelles se d\u00e9roulent toujours sans probl\u00e8me, quel que soit l&#039;endroit o\u00f9 se trouvent vos clients.<\/p>\n\n\n\n<p align=\"center\"><a href=\"https:\/\/lk.virtnum.com\/en\/component\/telecomax?task=buyunregistred&#038;type=sms\" class=\"buy\">Acheter un num\u00e9ro SMS virtuel<\/a><\/p>\n\n\n\n<h3 class=\"wp-block-heading\">Comment \u00e7a marche<\/h3>\n\n\n\n<p>D\u00e9marrer avec Virtnum est simple et rapide. Choisissez votre num\u00e9ro SMS virtuel pr\u00e9f\u00e9r\u00e9 dans notre vaste inventaire, s\u00e9lectionnez le forfait souhait\u00e9 et vous \u00eates pr\u00eat \u00e0 partir ! Notre tableau de bord convivial vous permet de g\u00e9rer tous vos num\u00e9ros, de suivre votre activit\u00e9 SMS et d&#039;acc\u00e9der \u00e0 des fonctionnalit\u00e9s avanc\u00e9es en quelques clics. <\/p>\n\n\n\n<p><\/p>","protected":false},"excerpt":{"rendered":"<p>Prenez le contr\u00f4le de votre strat\u00e9gie de messagerie avec les num\u00e9ros SMS virtuels de Virtnum. Activez instantan\u00e9ment des num\u00e9ros de plus de 100 pays et commencez \u00e0 envoyer et \u00e0 recevoir des SMS\u2026<\/p>","protected":false},"author":1,"featured_media":0,"parent":0,"menu_order":0,"comment_status":"closed","ping_status":"closed","template":"","meta":{"_acf_changed":false,"footnotes":""},"class_list":["post-862","page","type-page","status-publish","hentry"],"acf":[],"yoast_head":"<!-- This site is optimized with the Yoast SEO plugin v27.3 - https:\/\/yoast.com\/product\/yoast-seo-wordpress\/ -->\n<title>Virtual SMS Numbers - Virtual Local Phone Numbers<\/title>\n<meta name=\"description\" content=\"Buy virtual SMS numbers from 100+ countries instantly. No SIM card needed. Two-way messaging, real-time delivery reports &amp; 24\/7 support. Start today \u2014 Virtnum.\" \/>\n<meta name=\"robots\" content=\"index, follow, max-snippet:-1, max-image-preview:large, max-video-preview:-1\" \/>\n<link rel=\"canonical\" href=\"https:\/\/virtnum.com\/fr\/sms-numbers\/\" \/>\n<meta property=\"og:locale\" content=\"fr_FR\" \/>\n<meta property=\"og:type\" content=\"article\" \/>\n<meta property=\"og:title\" content=\"Virtual SMS Numbers - Virtual Local Phone Numbers\" \/>\n<meta property=\"og:description\" content=\"Buy virtual SMS numbers from 100+ countries instantly. No SIM card needed. Two-way messaging, real-time delivery reports &amp; 24\/7 support. Start today \u2014 Virtnum.\" \/>\n<meta property=\"og:url\" content=\"https:\/\/virtnum.com\/fr\/sms-numbers\/\" \/>\n<meta property=\"og:site_name\" content=\"Virtual Local Phone Numbers\" \/>\n<meta property=\"article:modified_time\" content=\"2026-03-11T21:12:37+00:00\" \/>\n<meta name=\"twitter:card\" content=\"summary_large_image\" \/>\n<meta name=\"twitter:label1\" content=\"Dur\u00e9e de lecture estim\u00e9e\" \/>\n\t<meta name=\"twitter:data1\" content=\"1 minute\" \/>\n<script type=\"application\/ld+json\" class=\"yoast-schema-graph\">{\"@context\":\"https:\\\/\\\/schema.org\",\"@graph\":[{\"@type\":\"WebPage\",\"@id\":\"https:\\\/\\\/virtnum.com\\\/sms-numbers\\\/\",\"url\":\"https:\\\/\\\/virtnum.com\\\/sms-numbers\\\/\",\"name\":\"Virtual SMS Numbers - Virtual Local Phone Numbers\",\"isPartOf\":{\"@id\":\"https:\\\/\\\/virtnum.com\\\/#website\"},\"datePublished\":\"2024-08-14T01:53:36+00:00\",\"dateModified\":\"2026-03-11T21:12:37+00:00\",\"description\":\"Buy virtual SMS numbers from 100+ countries instantly. No SIM card needed. Two-way messaging, real-time delivery reports & 24\\\/7 support. Start today \u2014 Virtnum.\",\"inLanguage\":\"fr-FR\",\"potentialAction\":[{\"@type\":\"ReadAction\",\"target\":[\"https:\\\/\\\/virtnum.com\\\/sms-numbers\\\/\"]}]},{\"@type\":\"WebSite\",\"@id\":\"https:\\\/\\\/virtnum.com\\\/#website\",\"url\":\"https:\\\/\\\/virtnum.com\\\/\",\"name\":\"Virtual Local Phone Numbers\",\"description\":\"Buy Virtual Phone Numbers | DID Numbers | VoIP Numbers | Toll-free Numbers | Call forwarding to SIP, VOIP, PBX, Mobile or Fixed Phones\",\"publisher\":{\"@id\":\"https:\\\/\\\/virtnum.com\\\/#organization\"},\"potentialAction\":[{\"@type\":\"SearchAction\",\"target\":{\"@type\":\"EntryPoint\",\"urlTemplate\":\"https:\\\/\\\/virtnum.com\\\/?s={search_term_string}\"},\"query-input\":{\"@type\":\"PropertyValueSpecification\",\"valueRequired\":true,\"valueName\":\"search_term_string\"}}],\"inLanguage\":\"fr-FR\"},{\"@type\":\"Organization\",\"@id\":\"https:\\\/\\\/virtnum.com\\\/#organization\",\"name\":\"Virtual Local Phone Numbers\",\"url\":\"https:\\\/\\\/virtnum.com\\\/\",\"logo\":{\"@type\":\"ImageObject\",\"inLanguage\":\"fr-FR\",\"@id\":\"https:\\\/\\\/virtnum.com\\\/#\\\/schema\\\/logo\\\/image\\\/\",\"url\":\"https:\\\/\\\/virtnum.com\\\/wp-content\\\/uploads\\\/2022\\\/12\\\/logo-1.png\",\"contentUrl\":\"https:\\\/\\\/virtnum.com\\\/wp-content\\\/uploads\\\/2022\\\/12\\\/logo-1.png\",\"width\":420,\"height\":165,\"caption\":\"Virtual Local Phone Numbers\"},\"image\":{\"@id\":\"https:\\\/\\\/virtnum.com\\\/#\\\/schema\\\/logo\\\/image\\\/\"}}]}<\/script>\n<!-- \/ Yoast SEO plugin. -->","yoast_head_json":{"title":"Num\u00e9ros SMS virtuels - Num\u00e9ros de t\u00e9l\u00e9phone locaux virtuels","description":"Achetez instantan\u00e9ment des num\u00e9ros SMS virtuels dans plus de 100 pays. Aucune carte SIM requise. Messagerie bidirectionnelle, accus\u00e9s de r\u00e9ception en temps r\u00e9el et assistance 24h\/24 et 7j\/7. Commencez d\u00e8s aujourd&#039;hui\u00a0\u2014 Virtnum.","robots":{"index":"index","follow":"follow","max-snippet":"max-snippet:-1","max-image-preview":"max-image-preview:large","max-video-preview":"max-video-preview:-1"},"canonical":"https:\/\/virtnum.com\/fr\/sms-numbers\/","og_locale":"fr_FR","og_type":"article","og_title":"Virtual SMS Numbers - Virtual Local Phone Numbers","og_description":"Buy virtual SMS numbers from 100+ countries instantly. No SIM card needed. Two-way messaging, real-time delivery reports & 24\/7 support. Start today \u2014 Virtnum.","og_url":"https:\/\/virtnum.com\/fr\/sms-numbers\/","og_site_name":"Virtual Local Phone Numbers","article_modified_time":"2026-03-11T21:12:37+00:00","twitter_card":"summary_large_image","twitter_misc":{"Dur\u00e9e de lecture estim\u00e9e":"1 minute"},"schema":{"@context":"https:\/\/schema.org","@graph":[{"@type":"WebPage","@id":"https:\/\/virtnum.com\/sms-numbers\/","url":"https:\/\/virtnum.com\/sms-numbers\/","name":"Num\u00e9ros SMS virtuels - Num\u00e9ros de t\u00e9l\u00e9phone locaux virtuels","isPartOf":{"@id":"https:\/\/virtnum.com\/#website"},"datePublished":"2024-08-14T01:53:36+00:00","dateModified":"2026-03-11T21:12:37+00:00","description":"Achetez instantan\u00e9ment des num\u00e9ros SMS virtuels dans plus de 100 pays. Aucune carte SIM requise. Messagerie bidirectionnelle, accus\u00e9s de r\u00e9ception en temps r\u00e9el et assistance 24h\/24 et 7j\/7. Commencez d\u00e8s aujourd&#039;hui\u00a0\u2014 Virtnum.","inLanguage":"fr-FR","potentialAction":[{"@type":"ReadAction","target":["https:\/\/virtnum.com\/sms-numbers\/"]}]},{"@type":"WebSite","@id":"https:\/\/virtnum.com\/#website","url":"https:\/\/virtnum.com\/","name":"Num\u00e9ros de t\u00e9l\u00e9phone locaux virtuels","description":"Acheter des num\u00e9ros de t\u00e9l\u00e9phone virtuels | Num\u00e9ros DID | Num\u00e9ros VoIP | Num\u00e9ros gratuits | Renvoi d&#039;appel vers SIP, VOIP, PBX, t\u00e9l\u00e9phones mobiles ou fixes","publisher":{"@id":"https:\/\/virtnum.com\/#organization"},"potentialAction":[{"@type":"SearchAction","target":{"@type":"EntryPoint","urlTemplate":"https:\/\/virtnum.com\/?s={search_term_string}"},"query-input":{"@type":"PropertyValueSpecification","valueRequired":true,"valueName":"search_term_string"}}],"inLanguage":"fr-FR"},{"@type":"Organization","@id":"https:\/\/virtnum.com\/#organization","name":"Num\u00e9ros de t\u00e9l\u00e9phone locaux virtuels","url":"https:\/\/virtnum.com\/","logo":{"@type":"ImageObject","inLanguage":"fr-FR","@id":"https:\/\/virtnum.com\/#\/schema\/logo\/image\/","url":"https:\/\/virtnum.com\/wp-content\/uploads\/2022\/12\/logo-1.png","contentUrl":"https:\/\/virtnum.com\/wp-content\/uploads\/2022\/12\/logo-1.png","width":420,"height":165,"caption":"Virtual Local Phone Numbers"},"image":{"@id":"https:\/\/virtnum.com\/#\/schema\/logo\/image\/"}}]}},"_links":{"self":[{"href":"https:\/\/virtnum.com\/fr\/wp-json\/wp\/v2\/pages\/862","targetHints":{"allow":["GET"]}}],"collection":[{"href":"https:\/\/virtnum.com\/fr\/wp-json\/wp\/v2\/pages"}],"about":[{"href":"https:\/\/virtnum.com\/fr\/wp-json\/wp\/v2\/types\/page"}],"author":[{"embeddable":true,"href":"https:\/\/virtnum.com\/fr\/wp-json\/wp\/v2\/users\/1"}],"replies":[{"embeddable":true,"href":"https:\/\/virtnum.com\/fr\/wp-json\/wp\/v2\/comments?post=862"}],"version-history":[{"count":2,"href":"https:\/\/virtnum.com\/fr\/wp-json\/wp\/v2\/pages\/862\/revisions"}],"predecessor-version":[{"id":866,"href":"https:\/\/virtnum.com\/fr\/wp-json\/wp\/v2\/pages\/862\/revisions\/866"}],"wp:attachment":[{"href":"https:\/\/virtnum.com\/fr\/wp-json\/wp\/v2\/media?parent=862"}],"curies":[{"name":"wp","href":"https:\/\/api.w.org\/{rel}","templated":true}]}}