{"id":867,"date":"2024-08-14T05:58:27","date_gmt":"2024-08-14T01:58:27","guid":{"rendered":"https:\/\/virtnum.com\/?page_id=867"},"modified":"2024-08-14T05:59:00","modified_gmt":"2024-08-14T01:59:00","slug":"numbers-for-call","status":"publish","type":"page","link":"https:\/\/virtnum.com\/fr\/numbers-for-call\/","title":{"rendered":"Num\u00e9ros virtuels pour les appels"},"content":{"rendered":"<p>G\u00e9rez vos appels internationaux sans effort avec les num\u00e9ros vocaux virtuels de Virtnum. Activez instantan\u00e9ment des num\u00e9ros de plus de 100 pays et commencez \u00e0 recevoir des appels sans avoir besoin de lignes t\u00e9l\u00e9phoniques physiques. Nos num\u00e9ros virtuels sont id\u00e9aux pour les entreprises de toutes tailles, vous permettant d&#039;\u00e9tablir une pr\u00e9sence locale, d&#039;interagir directement avec des clients internationaux et de rationaliser vos communications entrantes. Que vous g\u00e9riez le support client ou que vous vous d\u00e9veloppiez sur de nouveaux march\u00e9s, les num\u00e9ros vocaux virtuels de Virtnum offrent une solution transparente et fiable pour r\u00e9pondre \u00e0 vos besoins.<\/p>\n\n\n\n<p align=\"center\"><a href=\"https:\/\/lk.virtnum.com\/en\/component\/telecomax?task=buyunregistred&#038;type=voice\" class=\"buy\">Achetez un num\u00e9ro virtuel pour les appels<\/a><\/p>\n\n\n\n<h3 class=\"wp-block-heading\">Pourquoi choisir Virtnum.com pour les num\u00e9ros vocaux virtuels\u00a0?<\/h3>\n\n\n\n<p>Virtnum propose une plateforme puissante avec une fiabilit\u00e9 exceptionnelle et une connectivit\u00e9 mondiale. Nos num\u00e9ros vocaux virtuels sont faciles \u00e0 configurer et sont \u00e9quip\u00e9s d&#039;une gamme de fonctionnalit\u00e9s con\u00e7ues pour am\u00e9liorer la gestion de vos appels. B\u00e9n\u00e9ficiez d&#039;avantages tels que le transfert d&#039;appel, la messagerie vocale et les journaux d&#039;appels d\u00e9taill\u00e9s, tout en pr\u00e9servant la confidentialit\u00e9 de votre num\u00e9ro personnel. Avec des prix comp\u00e9titifs et une assistance 24h\/24 et 7j\/7, Virtnum garantit que vos communications professionnelles restent efficaces et professionnelles, quelle que soit la provenance de vos appels.<\/p>\n\n\n\n<p align=\"center\"><a href=\"https:\/\/lk.virtnum.com\/en\/component\/telecomax?task=buyunregistred&#038;type=voice\" class=\"buy\">Acheter un num\u00e9ro de voix virtuel<\/a><\/p>\n\n\n\n<h3 class=\"wp-block-heading\">Comment \u00e7a marche<\/h3>\n\n\n\n<p>D\u00e9marrer avec Virtnum est simple et direct. S\u00e9lectionnez votre num\u00e9ro vocal virtuel pr\u00e9f\u00e9r\u00e9 dans notre vaste inventaire mondial, choisissez un forfait adapt\u00e9 \u00e0 vos besoins et vous \u00eates pr\u00eat \u00e0 recevoir des appels\u00a0! Notre tableau de bord intuitif vous permet de g\u00e9rer tous vos num\u00e9ros, de surveiller l&#039;activit\u00e9 des appels et d&#039;acc\u00e9der \u00e0 des fonctionnalit\u00e9s avanc\u00e9es en quelques clics. Commencez \u00e0 recevoir des appels du monde entier gr\u00e2ce \u00e0 la plateforme flexible et conviviale de Virtnum.<\/p>","protected":false},"excerpt":{"rendered":"<p>G\u00e9rez vos appels internationaux sans effort avec les num\u00e9ros vocaux virtuels de Virtnum. Activez instantan\u00e9ment des num\u00e9ros de plus de 100 pays et commencez \u00e0 recevoir des appels sans avoir besoin de\u2026<\/p>","protected":false},"author":1,"featured_media":0,"parent":0,"menu_order":0,"comment_status":"closed","ping_status":"closed","template":"","meta":{"_acf_changed":false,"footnotes":""},"class_list":["post-867","page","type-page","status-publish","hentry"],"acf":[],"yoast_head":"<!-- This site is optimized with the Yoast SEO plugin v27.3 - https:\/\/yoast.com\/product\/yoast-seo-wordpress\/ -->\n<title>Buy Virtual Numbers for Calls - Receive Global Calls Anywhere | Virtnum<\/title>\n<meta name=\"description\" content=\"Get virtual phone numbers from Virtnum to receive calls from over 100 countries. Instantly activate numbers, manage global calls seamlessly, and maintain your privacy. Start receiving international calls with Virtnum today!\" \/>\n<meta name=\"robots\" content=\"index, follow, max-snippet:-1, max-image-preview:large, max-video-preview:-1\" \/>\n<link rel=\"canonical\" href=\"https:\/\/virtnum.com\/fr\/numbers-for-call\/\" \/>\n<meta property=\"og:locale\" content=\"fr_FR\" \/>\n<meta property=\"og:type\" content=\"article\" \/>\n<meta property=\"og:title\" content=\"Buy Virtual Numbers for Calls - Receive Global Calls Anywhere | Virtnum\" \/>\n<meta property=\"og:description\" content=\"Get virtual phone numbers from Virtnum to receive calls from over 100 countries. Instantly activate numbers, manage global calls seamlessly, and maintain your privacy. Start receiving international calls with Virtnum today!\" \/>\n<meta property=\"og:url\" content=\"https:\/\/virtnum.com\/fr\/numbers-for-call\/\" \/>\n<meta property=\"og:site_name\" content=\"Virtual Local Phone Numbers\" \/>\n<meta property=\"article:modified_time\" content=\"2024-08-14T01:59:00+00:00\" \/>\n<meta name=\"twitter:card\" content=\"summary_large_image\" \/>\n<meta name=\"twitter:label1\" content=\"Dur\u00e9e de lecture estim\u00e9e\" \/>\n\t<meta name=\"twitter:data1\" content=\"2 minutes\" \/>\n<script type=\"application\/ld+json\" class=\"yoast-schema-graph\">{\"@context\":\"https:\\\/\\\/schema.org\",\"@graph\":[{\"@type\":\"WebPage\",\"@id\":\"https:\\\/\\\/virtnum.com\\\/numbers-for-call\\\/\",\"url\":\"https:\\\/\\\/virtnum.com\\\/numbers-for-call\\\/\",\"name\":\"Buy Virtual Numbers for Calls - Receive Global Calls Anywhere | Virtnum\",\"isPartOf\":{\"@id\":\"https:\\\/\\\/virtnum.com\\\/#website\"},\"datePublished\":\"2024-08-14T01:58:27+00:00\",\"dateModified\":\"2024-08-14T01:59:00+00:00\",\"description\":\"Get virtual phone numbers from Virtnum to receive calls from over 100 countries. Instantly activate numbers, manage global calls seamlessly, and maintain your privacy. Start receiving international calls with Virtnum today!\",\"inLanguage\":\"fr-FR\",\"potentialAction\":[{\"@type\":\"ReadAction\",\"target\":[\"https:\\\/\\\/virtnum.com\\\/numbers-for-call\\\/\"]}]},{\"@type\":\"WebSite\",\"@id\":\"https:\\\/\\\/virtnum.com\\\/#website\",\"url\":\"https:\\\/\\\/virtnum.com\\\/\",\"name\":\"Virtual Local Phone Numbers\",\"description\":\"Buy Virtual Phone Numbers | DID Numbers | VoIP Numbers | Toll-free Numbers | Call forwarding to SIP, VOIP, PBX, Mobile or Fixed Phones\",\"publisher\":{\"@id\":\"https:\\\/\\\/virtnum.com\\\/#organization\"},\"potentialAction\":[{\"@type\":\"SearchAction\",\"target\":{\"@type\":\"EntryPoint\",\"urlTemplate\":\"https:\\\/\\\/virtnum.com\\\/?s={search_term_string}\"},\"query-input\":{\"@type\":\"PropertyValueSpecification\",\"valueRequired\":true,\"valueName\":\"search_term_string\"}}],\"inLanguage\":\"fr-FR\"},{\"@type\":\"Organization\",\"@id\":\"https:\\\/\\\/virtnum.com\\\/#organization\",\"name\":\"Virtual Local Phone Numbers\",\"url\":\"https:\\\/\\\/virtnum.com\\\/\",\"logo\":{\"@type\":\"ImageObject\",\"inLanguage\":\"fr-FR\",\"@id\":\"https:\\\/\\\/virtnum.com\\\/#\\\/schema\\\/logo\\\/image\\\/\",\"url\":\"https:\\\/\\\/virtnum.com\\\/wp-content\\\/uploads\\\/2022\\\/12\\\/logo-1.png\",\"contentUrl\":\"https:\\\/\\\/virtnum.com\\\/wp-content\\\/uploads\\\/2022\\\/12\\\/logo-1.png\",\"width\":420,\"height\":165,\"caption\":\"Virtual Local Phone Numbers\"},\"image\":{\"@id\":\"https:\\\/\\\/virtnum.com\\\/#\\\/schema\\\/logo\\\/image\\\/\"}}]}<\/script>\n<!-- \/ Yoast SEO plugin. -->","yoast_head_json":{"title":"Achetez des num\u00e9ros virtuels pour vos appels - Recevez des appels internationaux partout dans le monde | Virtnum","description":"Obtenez des num\u00e9ros de t\u00e9l\u00e9phone virtuels de Virtnum pour recevoir des appels de plus de 100 pays. Activez instantan\u00e9ment des num\u00e9ros, g\u00e9rez vos appels internationaux en toute transparence et pr\u00e9servez votre confidentialit\u00e9. Commencez \u00e0 recevoir des appels internationaux avec Virtnum d\u00e8s aujourd&#039;hui\u00a0!","robots":{"index":"index","follow":"follow","max-snippet":"max-snippet:-1","max-image-preview":"max-image-preview:large","max-video-preview":"max-video-preview:-1"},"canonical":"https:\/\/virtnum.com\/fr\/numbers-for-call\/","og_locale":"fr_FR","og_type":"article","og_title":"Buy Virtual Numbers for Calls - Receive Global Calls Anywhere | Virtnum","og_description":"Get virtual phone numbers from Virtnum to receive calls from over 100 countries. Instantly activate numbers, manage global calls seamlessly, and maintain your privacy. Start receiving international calls with Virtnum today!","og_url":"https:\/\/virtnum.com\/fr\/numbers-for-call\/","og_site_name":"Virtual Local Phone Numbers","article_modified_time":"2024-08-14T01:59:00+00:00","twitter_card":"summary_large_image","twitter_misc":{"Dur\u00e9e de lecture estim\u00e9e":"2 minutes"},"schema":{"@context":"https:\/\/schema.org","@graph":[{"@type":"WebPage","@id":"https:\/\/virtnum.com\/numbers-for-call\/","url":"https:\/\/virtnum.com\/numbers-for-call\/","name":"Achetez des num\u00e9ros virtuels pour vos appels - Recevez des appels internationaux partout dans le monde | Virtnum","isPartOf":{"@id":"https:\/\/virtnum.com\/#website"},"datePublished":"2024-08-14T01:58:27+00:00","dateModified":"2024-08-14T01:59:00+00:00","description":"Obtenez des num\u00e9ros de t\u00e9l\u00e9phone virtuels de Virtnum pour recevoir des appels de plus de 100 pays. Activez instantan\u00e9ment des num\u00e9ros, g\u00e9rez vos appels internationaux en toute transparence et pr\u00e9servez votre confidentialit\u00e9. Commencez \u00e0 recevoir des appels internationaux avec Virtnum d\u00e8s aujourd&#039;hui\u00a0!","inLanguage":"fr-FR","potentialAction":[{"@type":"ReadAction","target":["https:\/\/virtnum.com\/numbers-for-call\/"]}]},{"@type":"WebSite","@id":"https:\/\/virtnum.com\/#website","url":"https:\/\/virtnum.com\/","name":"Num\u00e9ros de t\u00e9l\u00e9phone locaux virtuels","description":"Acheter des num\u00e9ros de t\u00e9l\u00e9phone virtuels | Num\u00e9ros DID | Num\u00e9ros VoIP | Num\u00e9ros gratuits | Renvoi d&#039;appel vers SIP, VOIP, PBX, t\u00e9l\u00e9phones mobiles ou fixes","publisher":{"@id":"https:\/\/virtnum.com\/#organization"},"potentialAction":[{"@type":"SearchAction","target":{"@type":"EntryPoint","urlTemplate":"https:\/\/virtnum.com\/?s={search_term_string}"},"query-input":{"@type":"PropertyValueSpecification","valueRequired":true,"valueName":"search_term_string"}}],"inLanguage":"fr-FR"},{"@type":"Organization","@id":"https:\/\/virtnum.com\/#organization","name":"Num\u00e9ros de t\u00e9l\u00e9phone locaux virtuels","url":"https:\/\/virtnum.com\/","logo":{"@type":"ImageObject","inLanguage":"fr-FR","@id":"https:\/\/virtnum.com\/#\/schema\/logo\/image\/","url":"https:\/\/virtnum.com\/wp-content\/uploads\/2022\/12\/logo-1.png","contentUrl":"https:\/\/virtnum.com\/wp-content\/uploads\/2022\/12\/logo-1.png","width":420,"height":165,"caption":"Virtual Local Phone Numbers"},"image":{"@id":"https:\/\/virtnum.com\/#\/schema\/logo\/image\/"}}]}},"_links":{"self":[{"href":"https:\/\/virtnum.com\/fr\/wp-json\/wp\/v2\/pages\/867","targetHints":{"allow":["GET"]}}],"collection":[{"href":"https:\/\/virtnum.com\/fr\/wp-json\/wp\/v2\/pages"}],"about":[{"href":"https:\/\/virtnum.com\/fr\/wp-json\/wp\/v2\/types\/page"}],"author":[{"embeddable":true,"href":"https:\/\/virtnum.com\/fr\/wp-json\/wp\/v2\/users\/1"}],"replies":[{"embeddable":true,"href":"https:\/\/virtnum.com\/fr\/wp-json\/wp\/v2\/comments?post=867"}],"version-history":[{"count":2,"href":"https:\/\/virtnum.com\/fr\/wp-json\/wp\/v2\/pages\/867\/revisions"}],"predecessor-version":[{"id":871,"href":"https:\/\/virtnum.com\/fr\/wp-json\/wp\/v2\/pages\/867\/revisions\/871"}],"wp:attachment":[{"href":"https:\/\/virtnum.com\/fr\/wp-json\/wp\/v2\/media?parent=867"}],"curies":[{"name":"wp","href":"https:\/\/api.w.org\/{rel}","templated":true}]}}