{"id":939,"date":"2026-02-20T01:03:32","date_gmt":"2026-02-19T21:03:32","guid":{"rendered":"https:\/\/virtnum.com\/?page_id=939"},"modified":"2026-02-20T01:03:45","modified_gmt":"2026-02-19T21:03:45","slug":"cameroon","status":"publish","type":"page","link":"https:\/\/virtnum.com\/fr\/buy-virtual-phone-number\/cameroon\/","title":{"rendered":"Cameroun"},"content":{"rendered":"<div class=\"wp-block-columns is-layout-flex wp-container-core-columns-is-layout-9d6595d7 wp-block-columns-is-layout-flex\">\n<div class=\"wp-block-column is-layout-flow wp-block-column-is-layout-flow\">\n<h2 class=\"wp-block-heading\">Num\u00e9ro virtuel local du Cameroun<\/h2>\n\n\n\n<h3 class=\"wp-block-heading\">Recevez et transf\u00e9rez des appels et des SMS dans le monde entier<\/h3>\n\n\n\n<ul class=\"wp-block-list\">\n<li>Louez un num\u00e9ro de t\u00e9l\u00e9phone camerounais depuis n&#039;importe quel pays.<\/li>\n\n\n\n<li>Si vous devez enregistrer le num\u00e9ro de t\u00e9l\u00e9phone lorsque vous modifiez l&#039;adresse de votre entreprise.<\/li>\n\n\n\n<li>De plus, les conversations restent confidentielles.<\/li>\n\n\n\n<li>Utilisez-le pour lancer des campagnes publicitaires.<\/li>\n\n\n\n<li>R\u00e9duisez les co\u00fbts des appels internationaux. Vos contacts pourront appeler un num\u00e9ro local.<\/li>\n<\/ul>\n<\/div>\n\n\n\n<div class=\"wp-block-column is-vertically-aligned-top is-layout-flow wp-block-column-is-layout-flow\">\n<p>\u0421hoisissez votre pays et votre r\u00e9gion, puis s\u00e9lectionnez le num\u00e9ro qui correspond \u00e0 vos crit\u00e8res de recherche dans la liste.<\/p>\n<a href=\"https:\/\/virtnum.com\/buy\/Cameroon\"><img loading=\"lazy\" decoding=\"async\" width=\"500\" height=\"200\" src=\"https:\/\/virtnum.com\/wp-content\/uploads\/2021\/04\/check-price.png\" alt=\"\" class=\"wp-image-96\" srcset=\"https:\/\/virtnum.com\/wp-content\/uploads\/2021\/04\/check-price.png 500w, https:\/\/virtnum.com\/wp-content\/uploads\/2021\/04\/check-price-300x120.png 300w\" sizes=\"auto, (max-width: 500px) 100vw, 500px\" \/><\/a>\n\n<p>Avez-vous besoin de plusieurs num\u00e9ros ? Pas d&#039;inqui\u00e9tudes \u00e0 avoir. Il est possible d&#039;acheter quelques num\u00e9ros du pays ou de la r\u00e9gion de votre choix.<\/p>\n\n<p>Vous trouverez ci-dessous des tableaux permettant d&#039;acc\u00e9der rapidement \u00e0<br> <a href=\"#prices\" style=\"text-decoration:underline\">prix des num\u00e9ros virtuels<\/a>.<\/p>\n<\/div>\n<\/div>\n\n\n\n<p>Avec un num\u00e9ro de t\u00e9l\u00e9phone virtuel camerounais, vous pouvez transf\u00e9rer vos appels vers n&#039;importe quel num\u00e9ro\u00a0: fixe, mobile, SIP ou Telegram. Le transfert d&#039;appels et de SMS peut \u00eatre configur\u00e9 depuis votre compte.<\/p>\n\n\n\n<a name=\"prices\">\n\n\n<p><div>\n               <h2>Prix des num\u00e9ros virtuels SMSReg au Cameroun<\/h2>\n                <table id=\"city-search-smsreg\">\n                            <thead>\n                                <tr>\n                                <th>\n                                    R\u00e9gion\n                                <\/th>\n                                <th>\n                                    Code de t\u00e9l\u00e9phone\n                                <\/th>\n                                <th>\n                                    Frais d&#039;installation\n                                <\/th>\n                                <th>\n                                    Redevance mensuelle\n                                <\/th>\n                                <th>\n                                    \n                                <\/th>\n                                <\/tr>\n                            <\/thead>\n                            <tbody>\n                            <tr >\n                                <td data-label=\"City\">Mobile pour l&#039;inscription (SMS uniquement)<\/td>\n                \t\t\t\t<td data-label=\"Code\">+237 (6)<\/td>\n                \t\t\t\t<td data-label=\"Setup\">$17<\/td>\n                        \t    <td data-label=\"Fix\">$18<\/td>\n                                <td><a href=\"https:\/\/lk.virtnum.com\/fr\/component\/telecomax\/?task=buyunregistred&type=smsreg&country=cameroon&city=mobile-for-registration-sms-only\" class=\"buy\">ACHETER \ud83d\uded2<\/a><\/td> \n                            <\/tr>\n                            <tr >\n                                <td data-label=\"City\">Mobile pour l&#039;inscription (SMS uniquement)<\/td>\n                \t\t\t\t<td data-label=\"Code\">+237 (124)<\/td>\n                \t\t\t\t<td data-label=\"Setup\">$17<\/td>\n                        \t    <td data-label=\"Fix\">$18<\/td>\n                                <td><a href=\"https:\/\/lk.virtnum.com\/fr\/component\/telecomax\/?task=buyunregistred&type=smsreg&country=cameroon&city=mobile-for-registration-sms-only\" class=\"buy\">ACHETER \ud83d\uded2<\/a><\/td> \n                            <\/tr><\/tbody>\n                <\/table>\n                <\/div><br \/>\n<div><\/tbody>\n                <\/table>\n                <\/div><br \/>\n<div>\n               <h2>Prix des num\u00e9ros virtuels SMS au Cameroun<\/h2>\n                <table id=\"city-search-sms\">\n                            <thead>\n                                <tr>\n                                <th>\n                                    R\u00e9gion\n                                <\/th>\n                                <th>\n                                    Code de t\u00e9l\u00e9phone\n                                <\/th>\n                                <th>\n                                    Frais d&#039;installation\n                                <\/th>\n                                <th>\n                                    Redevance mensuelle\n                                <\/th>\n                                <th>\n                                    \n                                <\/th>\n                                <\/tr>\n                            <\/thead>\n                            <tbody>\n                            <tr >\n                                <td data-label=\"City\">Mobile pour l&#039;inscription (SMS uniquement)<\/td>\n                \t\t\t\t<td data-label=\"Code\">+237 (6)<\/td>\n                \t\t\t\t<td data-label=\"Setup\">$17<\/td>\n                        \t    <td data-label=\"Fix\">$18<\/td>\n                                <td><a href=\"https:\/\/lk.virtnum.com\/fr\/component\/telecomax\/?task=buyunregistred&type=sms&country=cameroon&city=mobile-for-registration-sms-only\" class=\"buy\">ACHETER \ud83d\uded2<\/a><\/td> \n                            <\/tr>\n                            <tr >\n                                <td data-label=\"City\">Mobile pour l&#039;inscription (SMS uniquement)<\/td>\n                \t\t\t\t<td data-label=\"Code\">+237 (124)<\/td>\n                \t\t\t\t<td data-label=\"Setup\">$17<\/td>\n                        \t    <td data-label=\"Fix\">$18<\/td>\n                                <td><a href=\"https:\/\/lk.virtnum.com\/fr\/component\/telecomax\/?task=buyunregistred&type=sms&country=cameroon&city=mobile-for-registration-sms-only\" class=\"buy\">ACHETER \ud83d\uded2<\/a><\/td> \n                            <\/tr><\/tbody>\n                <\/table>\n                <\/div><br \/>\n<div><\/tbody>\n                <\/table>\n                <\/div><\/p>\n\n\n\n<h2 class=\"wp-block-heading\">Possibilit\u00e9s<\/h2>\n\n\n\n<ul class=\"wp-block-list\">\n<li>Transf\u00e9rer les appels pass\u00e9s au Cameroun vers n&#039;importe o\u00f9 dans le monde.<\/li>\n\n\n\n<li>Recevez vos appels entrants avec votre num\u00e9ro virtuel camerounais via un softphone ou notre application mobile.<\/li>\n\n\n\n<li>Transf\u00e9rez les appels entrants vers n\u2019importe quelle ligne t\u00e9l\u00e9phonique ordinaire ou mobile \u00e0 un tarif tr\u00e8s bas.<\/li>\n\n\n\n<li>Le renvoi d&#039;appel entrant vers n&#039;importe quel fournisseur de voix sur IP (VoIP), SIP, H.323 ou IAX est inclus.<\/li>\n\n\n\n<li>Appels entrants via ITSP ou VoIP (SIP, H.323 ou IAX)<\/li>\n\n\n\n<li>Vous louez le num\u00e9ro de t\u00e9l\u00e9phone camerounais sans contrat.<\/li>\n\n\n\n<li>Si vous avez besoin d&#039;un num\u00e9ro vert ou d&#039;un num\u00e9ro payant au Cameroun, veuillez contacter le service d&#039;assistance.<\/li>\n<\/ul>\n\n\n\n<p align=\"center\"><a class=\"buy\" href=\"https:\/\/virtnum.com\/buy\/Cameroon\">\u27a1\ufe0f Acheter un num\u00e9ro DID au Cameroun \u2b05\ufe0f<\/a><\/p>\n\n\n\n<h2 class=\"wp-block-heading\">Obtenez une deuxi\u00e8me ligne t\u00e9l\u00e9phonique camerounaise<\/h2>\n\n\n\n<p>Besoin d&#039;une pr\u00e9sence au Cameroun pour votre entreprise ou votre site web\u00a0? Achetez un num\u00e9ro de t\u00e9l\u00e9phone virtuel camerounais (num\u00e9ro DID camerounais) et contactez des clients insoup\u00e7onn\u00e9s. Vos clients actuels et potentiels appr\u00e9cieront de disposer d&#039;un num\u00e9ro local au Cameroun. Consultez les statistiques de votre site web\u00a0: si votre trafic provient de zones situ\u00e9es en dehors de la zone o\u00f9 figure votre num\u00e9ro de t\u00e9l\u00e9phone \u201c\u00a0Contactez-nous\u00a0\u201d, vous risquez de passer \u00e0 c\u00f4t\u00e9 d&#039;opportunit\u00e9s commerciales. Optez pour un num\u00e9ro virtuel camerounais, transf\u00e9rez vos appels vers n&#039;importe quel appareil VoIP et b\u00e9n\u00e9ficiez d&#039;un forfait illimit\u00e9 d&#039;appels entrants. Vous seriez surpris du nombre d&#039;appelants potentiels au Cameroun.<\/p>\n\n\n\n<p align=\"center\"><a class=\"buy\" href=\"https:\/\/virtnum.com\/buy\/Cameroon\">\u27a1\ufe0f Obtenez un num\u00e9ro virtuel camerounais \u2b05\ufe0f<\/a><\/p>\n\n\n\n<h2 class=\"wp-block-heading\">Comment obtenir un num\u00e9ro de t\u00e9l\u00e9phone virtuel local au Cameroun ?<\/h2>\n\n\n\n<ol class=\"wp-block-list\">\n<li>Dans Votre compte, s\u00e9lectionnez le <strong>type de num\u00e9ro<\/strong> (SMS, voix ou num\u00e9ro gratuit).<\/li>\n\n\n\n<li>\u0421hoisissez <strong>Cameroun<\/strong> \u00e0 partir de la liste des pays.<\/li>\n\n\n\n<li>S\u00e9lectionnez le <strong>ville\/r\u00e9gion<\/strong> o\u00f9 vous voulez obtenir le num\u00e9ro.<\/li>\n\n\n\n<li>Installation <strong>direction de renvoi d&#039;appel<\/strong> (au num\u00e9ro de t\u00e9l\u00e9phone, SIP ou Telegram).<\/li>\n\n\n\n<li>Paye le <strong>frais d&#039;installation<\/strong> et <strong>redevance mensuelle<\/strong> pour le nombre de mois de loyer requis (une remise est possible avec une augmentation du nombre de mois).<\/li>\n<\/ol>","protected":false},"excerpt":{"rendered":"<p>Num\u00e9ro virtuel local Recevez et transf\u00e9rez des appels et des SMS dans le monde entier \u0421hoisissez votre pays et votre r\u00e9gion, puis s\u00e9lectionnez le num\u00e9ro qui correspond \u00e0 vos crit\u00e8res de recherche parmi\u2026<\/p>","protected":false},"author":1,"featured_media":0,"parent":40,"menu_order":0,"comment_status":"closed","ping_status":"closed","template":"","meta":{"_acf_changed":false,"footnotes":""},"class_list":["post-939","page","type-page","status-publish","hentry"],"acf":[],"yoast_head":"<!-- This site is optimized with the Yoast SEO plugin v27.4 - https:\/\/yoast.com\/product\/yoast-seo-wordpress\/ -->\n<title>Buy Cameroon Virtual Phone Numbers - Virtual Local Phone Numbers<\/title>\n<meta name=\"description\" content=\"Get unique Cameroon Virtual Phone Numbers (Cameroon DID Numbers). Make outgoing calls and receive incoming calls or forward the calls to anywhere in the world. Signup for Local Cameroon Number.\" \/>\n<meta name=\"robots\" content=\"index, follow, max-snippet:-1, max-image-preview:large, max-video-preview:-1\" \/>\n<link rel=\"canonical\" href=\"https:\/\/virtnum.com\/fr\/buy-virtual-phone-number\/cameroon\/\" \/>\n<meta property=\"og:locale\" content=\"fr_FR\" \/>\n<meta property=\"og:type\" content=\"article\" \/>\n<meta property=\"og:title\" content=\"Buy Cameroon Virtual Phone Numbers - Virtual Local Phone Numbers\" \/>\n<meta property=\"og:description\" content=\"Get unique Cameroon Virtual Phone Numbers (Cameroon DID Numbers). Make outgoing calls and receive incoming calls or forward the calls to anywhere in the world. Signup for Local Cameroon Number.\" \/>\n<meta property=\"og:url\" content=\"https:\/\/virtnum.com\/fr\/buy-virtual-phone-number\/cameroon\/\" \/>\n<meta property=\"og:site_name\" content=\"Virtual Local Phone Numbers\" \/>\n<meta property=\"article:modified_time\" content=\"2026-02-19T21:03:45+00:00\" \/>\n<meta property=\"og:image\" content=\"https:\/\/virtnum.com\/wp-content\/uploads\/2021\/04\/check-price.png\" \/>\n\t<meta property=\"og:image:width\" content=\"500\" \/>\n\t<meta property=\"og:image:height\" content=\"200\" \/>\n\t<meta property=\"og:image:type\" content=\"image\/png\" \/>\n<meta name=\"twitter:card\" content=\"summary_large_image\" \/>\n<meta name=\"twitter:label1\" content=\"Dur\u00e9e de lecture estim\u00e9e\" \/>\n\t<meta name=\"twitter:data1\" content=\"3 minutes\" \/>\n<script type=\"application\/ld+json\" class=\"yoast-schema-graph\">{\"@context\":\"https:\\\/\\\/schema.org\",\"@graph\":[{\"@type\":\"WebPage\",\"@id\":\"https:\\\/\\\/virtnum.com\\\/buy-virtual-phone-number\\\/cameroon\\\/\",\"url\":\"https:\\\/\\\/virtnum.com\\\/buy-virtual-phone-number\\\/cameroon\\\/\",\"name\":\"Buy Cameroon Virtual Phone Numbers - Virtual Local Phone Numbers\",\"isPartOf\":{\"@id\":\"https:\\\/\\\/virtnum.com\\\/#website\"},\"primaryImageOfPage\":{\"@id\":\"https:\\\/\\\/virtnum.com\\\/buy-virtual-phone-number\\\/cameroon\\\/#primaryimage\"},\"image\":{\"@id\":\"https:\\\/\\\/virtnum.com\\\/buy-virtual-phone-number\\\/cameroon\\\/#primaryimage\"},\"thumbnailUrl\":\"https:\\\/\\\/virtnum.com\\\/wp-content\\\/uploads\\\/2021\\\/04\\\/check-price.png\",\"datePublished\":\"2026-02-19T21:03:32+00:00\",\"dateModified\":\"2026-02-19T21:03:45+00:00\",\"description\":\"Get unique Cameroon Virtual Phone Numbers (Cameroon DID Numbers). Make outgoing calls and receive incoming calls or forward the calls to anywhere in the world. Signup for Local Cameroon Number.\",\"breadcrumb\":{\"@id\":\"https:\\\/\\\/virtnum.com\\\/buy-virtual-phone-number\\\/cameroon\\\/#breadcrumb\"},\"inLanguage\":\"fr-FR\",\"potentialAction\":[{\"@type\":\"ReadAction\",\"target\":[\"https:\\\/\\\/virtnum.com\\\/buy-virtual-phone-number\\\/cameroon\\\/\"]}]},{\"@type\":\"ImageObject\",\"inLanguage\":\"fr-FR\",\"@id\":\"https:\\\/\\\/virtnum.com\\\/buy-virtual-phone-number\\\/cameroon\\\/#primaryimage\",\"url\":\"https:\\\/\\\/virtnum.com\\\/wp-content\\\/uploads\\\/2021\\\/04\\\/check-price.png\",\"contentUrl\":\"https:\\\/\\\/virtnum.com\\\/wp-content\\\/uploads\\\/2021\\\/04\\\/check-price.png\"},{\"@type\":\"BreadcrumbList\",\"@id\":\"https:\\\/\\\/virtnum.com\\\/buy-virtual-phone-number\\\/cameroon\\\/#breadcrumb\",\"itemListElement\":[{\"@type\":\"ListItem\",\"position\":1,\"name\":\"Permanent Virtual Phone Numbers\",\"item\":\"https:\\\/\\\/virtnum.com\\\/buy-virtual-phone-number\\\/\"},{\"@type\":\"ListItem\",\"position\":2,\"name\":\"Cameroon\"}]},{\"@type\":\"WebSite\",\"@id\":\"https:\\\/\\\/virtnum.com\\\/#website\",\"url\":\"https:\\\/\\\/virtnum.com\\\/\",\"name\":\"Virtual Local Phone Numbers\",\"description\":\"Buy Virtual Phone Numbers | DID Numbers | VoIP Numbers | Toll-free Numbers | Call forwarding to SIP, VOIP, PBX, Mobile or Fixed Phones\",\"publisher\":{\"@id\":\"https:\\\/\\\/virtnum.com\\\/#organization\"},\"potentialAction\":[{\"@type\":\"SearchAction\",\"target\":{\"@type\":\"EntryPoint\",\"urlTemplate\":\"https:\\\/\\\/virtnum.com\\\/?s={search_term_string}\"},\"query-input\":{\"@type\":\"PropertyValueSpecification\",\"valueRequired\":true,\"valueName\":\"search_term_string\"}}],\"inLanguage\":\"fr-FR\"},{\"@type\":\"Organization\",\"@id\":\"https:\\\/\\\/virtnum.com\\\/#organization\",\"name\":\"Virtual Local Phone Numbers\",\"url\":\"https:\\\/\\\/virtnum.com\\\/\",\"logo\":{\"@type\":\"ImageObject\",\"inLanguage\":\"fr-FR\",\"@id\":\"https:\\\/\\\/virtnum.com\\\/#\\\/schema\\\/logo\\\/image\\\/\",\"url\":\"https:\\\/\\\/virtnum.com\\\/wp-content\\\/uploads\\\/2022\\\/12\\\/logo-1.png\",\"contentUrl\":\"https:\\\/\\\/virtnum.com\\\/wp-content\\\/uploads\\\/2022\\\/12\\\/logo-1.png\",\"width\":420,\"height\":165,\"caption\":\"Virtual Local Phone Numbers\"},\"image\":{\"@id\":\"https:\\\/\\\/virtnum.com\\\/#\\\/schema\\\/logo\\\/image\\\/\"}}]}<\/script>\n<!-- \/ Yoast SEO plugin. -->","yoast_head_json":{"title":"Achetez des num\u00e9ros de t\u00e9l\u00e9phone virtuels camerounais - Num\u00e9ros de t\u00e9l\u00e9phone locaux virtuels","description":"Obtenez des num\u00e9ros de t\u00e9l\u00e9phone virtuels camerounais uniques (num\u00e9ros DID camerounais). Passez et recevez des appels, ou transf\u00e9rez-les partout dans le monde. Inscrivez-vous pour un num\u00e9ro local camerounais.","robots":{"index":"index","follow":"follow","max-snippet":"max-snippet:-1","max-image-preview":"max-image-preview:large","max-video-preview":"max-video-preview:-1"},"canonical":"https:\/\/virtnum.com\/fr\/buy-virtual-phone-number\/cameroon\/","og_locale":"fr_FR","og_type":"article","og_title":"Buy Cameroon Virtual Phone Numbers - Virtual Local Phone Numbers","og_description":"Get unique Cameroon Virtual Phone Numbers (Cameroon DID Numbers). Make outgoing calls and receive incoming calls or forward the calls to anywhere in the world. Signup for Local Cameroon Number.","og_url":"https:\/\/virtnum.com\/fr\/buy-virtual-phone-number\/cameroon\/","og_site_name":"Virtual Local Phone Numbers","article_modified_time":"2026-02-19T21:03:45+00:00","og_image":[{"width":500,"height":200,"url":"https:\/\/virtnum.com\/wp-content\/uploads\/2021\/04\/check-price.png","type":"image\/png"}],"twitter_card":"summary_large_image","twitter_misc":{"Dur\u00e9e de lecture estim\u00e9e":"3 minutes"},"schema":{"@context":"https:\/\/schema.org","@graph":[{"@type":"WebPage","@id":"https:\/\/virtnum.com\/buy-virtual-phone-number\/cameroon\/","url":"https:\/\/virtnum.com\/buy-virtual-phone-number\/cameroon\/","name":"Achetez des num\u00e9ros de t\u00e9l\u00e9phone virtuels camerounais - Num\u00e9ros de t\u00e9l\u00e9phone locaux virtuels","isPartOf":{"@id":"https:\/\/virtnum.com\/#website"},"primaryImageOfPage":{"@id":"https:\/\/virtnum.com\/buy-virtual-phone-number\/cameroon\/#primaryimage"},"image":{"@id":"https:\/\/virtnum.com\/buy-virtual-phone-number\/cameroon\/#primaryimage"},"thumbnailUrl":"https:\/\/virtnum.com\/wp-content\/uploads\/2021\/04\/check-price.png","datePublished":"2026-02-19T21:03:32+00:00","dateModified":"2026-02-19T21:03:45+00:00","description":"Obtenez des num\u00e9ros de t\u00e9l\u00e9phone virtuels camerounais uniques (num\u00e9ros DID camerounais). Passez et recevez des appels, ou transf\u00e9rez-les partout dans le monde. Inscrivez-vous pour un num\u00e9ro local camerounais.","breadcrumb":{"@id":"https:\/\/virtnum.com\/buy-virtual-phone-number\/cameroon\/#breadcrumb"},"inLanguage":"fr-FR","potentialAction":[{"@type":"ReadAction","target":["https:\/\/virtnum.com\/buy-virtual-phone-number\/cameroon\/"]}]},{"@type":"ImageObject","inLanguage":"fr-FR","@id":"https:\/\/virtnum.com\/buy-virtual-phone-number\/cameroon\/#primaryimage","url":"https:\/\/virtnum.com\/wp-content\/uploads\/2021\/04\/check-price.png","contentUrl":"https:\/\/virtnum.com\/wp-content\/uploads\/2021\/04\/check-price.png"},{"@type":"BreadcrumbList","@id":"https:\/\/virtnum.com\/buy-virtual-phone-number\/cameroon\/#breadcrumb","itemListElement":[{"@type":"ListItem","position":1,"name":"Permanent Virtual Phone Numbers","item":"https:\/\/virtnum.com\/buy-virtual-phone-number\/"},{"@type":"ListItem","position":2,"name":"Cameroon"}]},{"@type":"WebSite","@id":"https:\/\/virtnum.com\/#website","url":"https:\/\/virtnum.com\/","name":"Num\u00e9ros de t\u00e9l\u00e9phone locaux virtuels","description":"Acheter des num\u00e9ros de t\u00e9l\u00e9phone virtuels | Num\u00e9ros DID | Num\u00e9ros VoIP | Num\u00e9ros gratuits | Renvoi d&#039;appel vers SIP, VOIP, PBX, t\u00e9l\u00e9phones mobiles ou fixes","publisher":{"@id":"https:\/\/virtnum.com\/#organization"},"potentialAction":[{"@type":"SearchAction","target":{"@type":"EntryPoint","urlTemplate":"https:\/\/virtnum.com\/?s={search_term_string}"},"query-input":{"@type":"PropertyValueSpecification","valueRequired":true,"valueName":"search_term_string"}}],"inLanguage":"fr-FR"},{"@type":"Organization","@id":"https:\/\/virtnum.com\/#organization","name":"Num\u00e9ros de t\u00e9l\u00e9phone locaux virtuels","url":"https:\/\/virtnum.com\/","logo":{"@type":"ImageObject","inLanguage":"fr-FR","@id":"https:\/\/virtnum.com\/#\/schema\/logo\/image\/","url":"https:\/\/virtnum.com\/wp-content\/uploads\/2022\/12\/logo-1.png","contentUrl":"https:\/\/virtnum.com\/wp-content\/uploads\/2022\/12\/logo-1.png","width":420,"height":165,"caption":"Virtual Local Phone Numbers"},"image":{"@id":"https:\/\/virtnum.com\/#\/schema\/logo\/image\/"}}]}},"_links":{"self":[{"href":"https:\/\/virtnum.com\/fr\/wp-json\/wp\/v2\/pages\/939","targetHints":{"allow":["GET"]}}],"collection":[{"href":"https:\/\/virtnum.com\/fr\/wp-json\/wp\/v2\/pages"}],"about":[{"href":"https:\/\/virtnum.com\/fr\/wp-json\/wp\/v2\/types\/page"}],"author":[{"embeddable":true,"href":"https:\/\/virtnum.com\/fr\/wp-json\/wp\/v2\/users\/1"}],"replies":[{"embeddable":true,"href":"https:\/\/virtnum.com\/fr\/wp-json\/wp\/v2\/comments?post=939"}],"version-history":[{"count":1,"href":"https:\/\/virtnum.com\/fr\/wp-json\/wp\/v2\/pages\/939\/revisions"}],"predecessor-version":[{"id":940,"href":"https:\/\/virtnum.com\/fr\/wp-json\/wp\/v2\/pages\/939\/revisions\/940"}],"up":[{"embeddable":true,"href":"https:\/\/virtnum.com\/fr\/wp-json\/wp\/v2\/pages\/40"}],"wp:attachment":[{"href":"https:\/\/virtnum.com\/fr\/wp-json\/wp\/v2\/media?parent=939"}],"curies":[{"name":"wp","href":"https:\/\/api.w.org\/{rel}","templated":true}]}}