{"id":957,"date":"2026-04-15T00:59:07","date_gmt":"2026-04-14T20:59:07","guid":{"rendered":"https:\/\/virtnum.com\/?page_id=957"},"modified":"2026-04-15T00:59:08","modified_gmt":"2026-04-14T20:59:08","slug":"cookie-statement","status":"publish","type":"page","link":"https:\/\/virtnum.com\/fr\/cookie-statement\/","title":{"rendered":"D\u00e9claration relative aux cookies"},"content":{"rendered":"<h1 class=\"wp-block-heading\">D\u00e9claration relative aux cookies<\/h1>\n\n\n\n<p>Toute r\u00e9f\u00e9rence \u00e0 \u201c nous \u201d, \u201c notre \u201d ou \u201c soci\u00e9t\u00e9 Beta \u201d dans ce document d\u00e9signe Virtnum.com (soci\u00e9t\u00e9 Beta sp. z oo, REGON 146444560).<\/p>\n\n\n\n<p>Cette d\u00e9claration relative aux cookies explique comment nous utilisons les cookies et les technologies similaires lorsque vous visitez nos sites web, tels que\u00a0<a href=\"https:\/\/betacompany.net\/\">betacompany.net<\/a>,\u00a0<a href=\"https:\/\/telnum.net\/\">virtnum.com<\/a>, ou tout autre site web ou application que nous exploitons (collectivement, les \u201c\u00a0Sites web\u00a0\u201d). Ce document explique ce que sont ces technologies, pourquoi nous les utilisons et vos droits concernant leur utilisation.<\/p>\n\n\n\n<p>La pr\u00e9sente d\u00e9claration relative aux cookies fait partie int\u00e9grante de nos conditions d&#039;utilisation. Les termes en majuscules non d\u00e9finis ici ont la signification qui leur est attribu\u00e9e dans notre politique de confidentialit\u00e9.<\/p>\n\n\n\n<p>Dans certains cas, nous pouvons utiliser des cookies et d&#039;autres technologies de suivi pour collecter des donn\u00e9es personnelles, ou des informations qui deviennent des donn\u00e9es personnelles si nous les combinons avec d&#039;autres informations. Pour plus de d\u00e9tails sur la mani\u00e8re dont nous traitons vos donn\u00e9es personnelles, veuillez consulter notre politique de confidentialit\u00e9.<\/p>\n\n\n\n<h2 class=\"wp-block-heading\">Que sont les cookies ?<\/h2>\n\n\n\n<p>Les cookies sont de petits fichiers de donn\u00e9es plac\u00e9s sur votre ordinateur ou appareil mobile lorsque vous consultez un site web. Ils sont largement utilis\u00e9s par les fournisseurs de services en ligne pour assurer le bon fonctionnement des sites web, am\u00e9liorer l&#039;exp\u00e9rience utilisateur et fournir des informations statistiques.<\/p>\n\n\n\n<ul class=\"wp-block-list\">\n<li><strong>Cookies internes\u00a0:<\/strong>\u00a0Cookies d\u00e9pos\u00e9s par le propri\u00e9taire du site web (en l&#039;occurrence, la soci\u00e9t\u00e9 Beta).<\/li>\n\n\n\n<li><strong>Cookies tiers\u00a0:<\/strong>\u00a0Des cookies sont d\u00e9pos\u00e9s par des tiers autres que le propri\u00e9taire du site web. Ils permettent d&#039;activer des fonctionnalit\u00e9s tierces sur nos sites, comme la publicit\u00e9, le contenu interactif et l&#039;analyse d&#039;audience. Les tiers qui d\u00e9posent ces cookies peuvent reconna\u00eetre votre ordinateur lorsque vous consultez nos sites web et certains autres sites.<\/li>\n<\/ul>\n\n\n\n<h2 class=\"wp-block-heading\">Pourquoi utilisons-nous des cookies ?<\/h2>\n\n\n\n<p>Nous utilisons des cookies internes et tiers pour plusieurs raisons. Certains sont indispensables au bon fonctionnement technique de nos sites web (cookies \u201c\u00a0essentiels\u00a0\u201d). D\u2019autres nous permettent de mieux comprendre les centres d\u2019int\u00e9r\u00eat de nos visiteurs et d\u2019am\u00e9liorer leur exp\u00e9rience (cookies de \u201c\u00a0performance\u00a0\u201d ou de \u201c\u00a0fonctionnalit\u00e9\u00a0\u201d). Enfin, des tiers d\u00e9posent des cookies sur nos sites web \u00e0 des fins publicitaires, analytiques et autres.<\/p>\n\n\n\n<h2 class=\"wp-block-heading\">Cookies utilis\u00e9s sur nos sites Web<\/h2>\n\n\n\n<p>Les types sp\u00e9cifiques de cookies utilis\u00e9s sur nos sites Web comprennent\u00a0:<\/p>\n\n\n\n<h3 class=\"wp-block-heading\">Cookies essentiels du site Web<\/h3>\n\n\n\n<p>Ces cookies sont strictement n\u00e9cessaires pour vous fournir les services disponibles sur nos sites web et pour utiliser certaines de leurs fonctionnalit\u00e9s, comme l&#039;acc\u00e8s aux zones s\u00e9curis\u00e9es. \u00c9tant indispensables, vous ne pouvez pas les refuser sans que cela n&#039;affecte le fonctionnement du site. Vous pouvez toutefois les bloquer ou les supprimer en modifiant les param\u00e8tres de votre navigateur, mais les sites web risquent alors de ne pas fonctionner correctement.<\/p>\n\n\n\n<h3 class=\"wp-block-heading\">Cookies de performance et de fonctionnalit\u00e9<\/h3>\n\n\n\n<p>Ces cookies servent \u00e0 am\u00e9liorer les performances et les fonctionnalit\u00e9s de nos sites web, mais ne sont pas indispensables \u00e0 leur utilisation de base. Toutefois, sans ces cookies, certaines fonctionnalit\u00e9s pourraient devenir indisponibles ou difficiles \u00e0 utiliser.<\/p>\n\n\n\n<h3 class=\"wp-block-heading\">Cookies d&#039;analyse et de personnalisation<\/h3>\n\n\n\n<p>Ces cookies collectent des informations sous forme agr\u00e9g\u00e9e pour nous aider \u00e0 comprendre comment nos sites Web sont utilis\u00e9s, \u00e0 mesurer l&#039;efficacit\u00e9 de nos campagnes marketing et \u00e0 personnaliser votre exp\u00e9rience.<\/p>\n\n\n\n<h3 class=\"wp-block-heading\">Cookies publicitaires (de ciblage)<\/h3>\n\n\n\n<p>Ces cookies servent \u00e0 rendre les messages publicitaires plus pertinents par rapport \u00e0 vos centres d&#039;int\u00e9r\u00eat. Ils emp\u00eachent la r\u00e9p\u00e9tition incessante d&#039;une m\u00eame publicit\u00e9, garantissent un affichage correct des annonces et s\u00e9lectionnent les publicit\u00e9s en fonction de vos habitudes de navigation.<\/p>\n\n\n\n<h2 class=\"wp-block-heading\">Autres technologies de suivi<\/h2>\n\n\n\n<p>Nous et nos partenaires tiers pouvons utiliser des technologies similaires, comme les balises Web ou les pixels invisibles (GIF transparents). Il s&#039;agit de petites images dot\u00e9es d&#039;un identifiant unique qui nous permettent de savoir lorsqu&#039;une personne a visit\u00e9 nos sites Web ou ouvert un e-mail que nous lui avons envoy\u00e9. Cela nous aide \u00e0 analyser les habitudes de navigation des utilisateurs, \u00e0 am\u00e9liorer les performances de nos sites et \u00e0 mesurer l&#039;efficacit\u00e9 de nos campagnes marketing. Dans de nombreux cas, ces technologies d\u00e9pendent des cookies pour fonctionner correctement\u00a0; par cons\u00e9quent, refuser les cookies en limitera l&#039;efficacit\u00e9.<\/p>\n\n\n\n<h2 class=\"wp-block-heading\">Publicit\u00e9 cibl\u00e9e en ligne<\/h2>\n\n\n\n<p>Nous collaborons avec des prestataires de services tiers pour suivre et analyser l&#039;utilisation et les donn\u00e9es statistiques relatives aux interactions avec nos sites web. Ces tiers utilisent des cookies, des pixels invisibles et des technologies de suivi similaires pour d\u00e9duire vos centres d&#039;int\u00e9r\u00eat et vous proposer des publicit\u00e9s cibl\u00e9es en fonction de votre navigation.<\/p>\n\n\n\n<p>Les informations recueillies par ces tiers n&#039;incluent pas de renseignements personnels permettant de vous identifier sp\u00e9cifiquement (comme votre nom ou votre adresse courriel), sauf si vous choisissez de les fournir.<\/p>\n\n\n\n<h2 class=\"wp-block-heading\">Comment contr\u00f4ler les cookies<\/h2>\n\n\n\n<p>Vous avez le droit d&#039;accepter ou de refuser les cookies non essentiels. Vous pouvez configurer votre navigateur pour accepter ou refuser les cookies. Si vous choisissez de les refuser, vous pourrez toujours utiliser nos sites web, mais l&#039;acc\u00e8s \u00e0 certaines fonctionnalit\u00e9s et zones pourrait \u00eatre limit\u00e9. La proc\u00e9dure pour refuser les cookies variant d&#039;un navigateur \u00e0 l&#039;autre, veuillez consulter l&#039;aide de votre navigateur pour plus d&#039;informations.<\/p>\n\n\n\n<h2 class=\"wp-block-heading\">Mises \u00e0 jour des politiques<\/h2>\n\n\n\n<p>Nous pouvons \u00eatre amen\u00e9s \u00e0 modifier la pr\u00e9sente d\u00e9claration relative aux cookies afin de refl\u00e9ter les changements apport\u00e9s aux cookies que nous utilisons ou pour d&#039;autres raisons op\u00e9rationnelles, juridiques ou r\u00e9glementaires. Veuillez consulter r\u00e9guli\u00e8rement cette page pour rester inform\u00e9(e) de notre utilisation des technologies de suivi.<\/p>\n\n\n\n<h2 class=\"wp-block-heading\">Contactez-nous<\/h2>\n\n\n\n<p>Si vous avez des questions concernant notre utilisation des cookies ou d&#039;autres technologies, veuillez nous envoyer un courriel \u00e0&nbsp;<a href=\"mailto:info@betacompany.net\">info@betacompany.net<\/a>.<\/p>","protected":false},"excerpt":{"rendered":"<p>D\u00e9claration relative aux cookies Toute r\u00e9f\u00e9rence \u00e0 \u201c nous \u201d, \u201c notre \u201d ou \u201c Beta company \u201d dans ce document d\u00e9signe Virtnum.com (Beta company sp. z oo, REGON 146444560). Ce cookie\u2026<\/p>","protected":false},"author":1,"featured_media":0,"parent":0,"menu_order":0,"comment_status":"closed","ping_status":"closed","template":"","meta":{"_acf_changed":false,"footnotes":""},"class_list":["post-957","page","type-page","status-publish","hentry"],"acf":[],"yoast_head":"<!-- This site is optimized with the Yoast SEO plugin v27.4 - https:\/\/yoast.com\/product\/yoast-seo-wordpress\/ -->\n<title>Cookie Statement - Virtnum.com<\/title>\n<meta name=\"description\" content=\"Cookie Statement - Virtnum.com\" \/>\n<meta name=\"robots\" content=\"index, follow, max-snippet:-1, max-image-preview:large, max-video-preview:-1\" \/>\n<link rel=\"canonical\" href=\"https:\/\/virtnum.com\/fr\/cookie-statement\/\" \/>\n<meta property=\"og:locale\" content=\"fr_FR\" \/>\n<meta property=\"og:type\" content=\"article\" \/>\n<meta property=\"og:title\" content=\"Cookie Statement - Virtnum.com\" \/>\n<meta property=\"og:description\" content=\"Cookie Statement - Virtnum.com\" \/>\n<meta property=\"og:url\" content=\"https:\/\/virtnum.com\/fr\/cookie-statement\/\" \/>\n<meta property=\"og:site_name\" content=\"Virtual Local Phone Numbers\" \/>\n<meta property=\"article:modified_time\" content=\"2026-04-14T20:59:08+00:00\" \/>\n<meta name=\"twitter:card\" content=\"summary_large_image\" \/>\n<meta name=\"twitter:label1\" content=\"Dur\u00e9e de lecture estim\u00e9e\" \/>\n\t<meta name=\"twitter:data1\" content=\"4 minutes\" \/>\n<script type=\"application\/ld+json\" class=\"yoast-schema-graph\">{\"@context\":\"https:\\\/\\\/schema.org\",\"@graph\":[{\"@type\":\"WebPage\",\"@id\":\"https:\\\/\\\/virtnum.com\\\/cookie-statement\\\/\",\"url\":\"https:\\\/\\\/virtnum.com\\\/cookie-statement\\\/\",\"name\":\"Cookie Statement - Virtnum.com\",\"isPartOf\":{\"@id\":\"https:\\\/\\\/virtnum.com\\\/#website\"},\"datePublished\":\"2026-04-14T20:59:07+00:00\",\"dateModified\":\"2026-04-14T20:59:08+00:00\",\"description\":\"Cookie Statement - Virtnum.com\",\"inLanguage\":\"fr-FR\",\"potentialAction\":[{\"@type\":\"ReadAction\",\"target\":[\"https:\\\/\\\/virtnum.com\\\/cookie-statement\\\/\"]}]},{\"@type\":\"WebSite\",\"@id\":\"https:\\\/\\\/virtnum.com\\\/#website\",\"url\":\"https:\\\/\\\/virtnum.com\\\/\",\"name\":\"Virtual Local Phone Numbers\",\"description\":\"Buy Virtual Phone Numbers | DID Numbers | VoIP Numbers | Toll-free Numbers | Call forwarding to SIP, VOIP, PBX, Mobile or Fixed Phones\",\"publisher\":{\"@id\":\"https:\\\/\\\/virtnum.com\\\/#organization\"},\"potentialAction\":[{\"@type\":\"SearchAction\",\"target\":{\"@type\":\"EntryPoint\",\"urlTemplate\":\"https:\\\/\\\/virtnum.com\\\/?s={search_term_string}\"},\"query-input\":{\"@type\":\"PropertyValueSpecification\",\"valueRequired\":true,\"valueName\":\"search_term_string\"}}],\"inLanguage\":\"fr-FR\"},{\"@type\":\"Organization\",\"@id\":\"https:\\\/\\\/virtnum.com\\\/#organization\",\"name\":\"Virtual Local Phone Numbers\",\"url\":\"https:\\\/\\\/virtnum.com\\\/\",\"logo\":{\"@type\":\"ImageObject\",\"inLanguage\":\"fr-FR\",\"@id\":\"https:\\\/\\\/virtnum.com\\\/#\\\/schema\\\/logo\\\/image\\\/\",\"url\":\"https:\\\/\\\/virtnum.com\\\/wp-content\\\/uploads\\\/2022\\\/12\\\/logo-1.png\",\"contentUrl\":\"https:\\\/\\\/virtnum.com\\\/wp-content\\\/uploads\\\/2022\\\/12\\\/logo-1.png\",\"width\":420,\"height\":165,\"caption\":\"Virtual Local Phone Numbers\"},\"image\":{\"@id\":\"https:\\\/\\\/virtnum.com\\\/#\\\/schema\\\/logo\\\/image\\\/\"}}]}<\/script>\n<!-- \/ Yoast SEO plugin. -->","yoast_head_json":{"title":"D\u00e9claration relative aux cookies - Virtnum.com","description":"D\u00e9claration relative aux cookies - Virtnum.com","robots":{"index":"index","follow":"follow","max-snippet":"max-snippet:-1","max-image-preview":"max-image-preview:large","max-video-preview":"max-video-preview:-1"},"canonical":"https:\/\/virtnum.com\/fr\/cookie-statement\/","og_locale":"fr_FR","og_type":"article","og_title":"Cookie Statement - Virtnum.com","og_description":"Cookie Statement - Virtnum.com","og_url":"https:\/\/virtnum.com\/fr\/cookie-statement\/","og_site_name":"Virtual Local Phone Numbers","article_modified_time":"2026-04-14T20:59:08+00:00","twitter_card":"summary_large_image","twitter_misc":{"Dur\u00e9e de lecture estim\u00e9e":"4 minutes"},"schema":{"@context":"https:\/\/schema.org","@graph":[{"@type":"WebPage","@id":"https:\/\/virtnum.com\/cookie-statement\/","url":"https:\/\/virtnum.com\/cookie-statement\/","name":"D\u00e9claration relative aux cookies - Virtnum.com","isPartOf":{"@id":"https:\/\/virtnum.com\/#website"},"datePublished":"2026-04-14T20:59:07+00:00","dateModified":"2026-04-14T20:59:08+00:00","description":"D\u00e9claration relative aux cookies - Virtnum.com","inLanguage":"fr-FR","potentialAction":[{"@type":"ReadAction","target":["https:\/\/virtnum.com\/cookie-statement\/"]}]},{"@type":"WebSite","@id":"https:\/\/virtnum.com\/#website","url":"https:\/\/virtnum.com\/","name":"Num\u00e9ros de t\u00e9l\u00e9phone locaux virtuels","description":"Acheter des num\u00e9ros de t\u00e9l\u00e9phone virtuels | Num\u00e9ros DID | Num\u00e9ros VoIP | Num\u00e9ros gratuits | Renvoi d&#039;appel vers SIP, VOIP, PBX, t\u00e9l\u00e9phones mobiles ou fixes","publisher":{"@id":"https:\/\/virtnum.com\/#organization"},"potentialAction":[{"@type":"SearchAction","target":{"@type":"EntryPoint","urlTemplate":"https:\/\/virtnum.com\/?s={search_term_string}"},"query-input":{"@type":"PropertyValueSpecification","valueRequired":true,"valueName":"search_term_string"}}],"inLanguage":"fr-FR"},{"@type":"Organization","@id":"https:\/\/virtnum.com\/#organization","name":"Num\u00e9ros de t\u00e9l\u00e9phone locaux virtuels","url":"https:\/\/virtnum.com\/","logo":{"@type":"ImageObject","inLanguage":"fr-FR","@id":"https:\/\/virtnum.com\/#\/schema\/logo\/image\/","url":"https:\/\/virtnum.com\/wp-content\/uploads\/2022\/12\/logo-1.png","contentUrl":"https:\/\/virtnum.com\/wp-content\/uploads\/2022\/12\/logo-1.png","width":420,"height":165,"caption":"Virtual Local Phone Numbers"},"image":{"@id":"https:\/\/virtnum.com\/#\/schema\/logo\/image\/"}}]}},"_links":{"self":[{"href":"https:\/\/virtnum.com\/fr\/wp-json\/wp\/v2\/pages\/957","targetHints":{"allow":["GET"]}}],"collection":[{"href":"https:\/\/virtnum.com\/fr\/wp-json\/wp\/v2\/pages"}],"about":[{"href":"https:\/\/virtnum.com\/fr\/wp-json\/wp\/v2\/types\/page"}],"author":[{"embeddable":true,"href":"https:\/\/virtnum.com\/fr\/wp-json\/wp\/v2\/users\/1"}],"replies":[{"embeddable":true,"href":"https:\/\/virtnum.com\/fr\/wp-json\/wp\/v2\/comments?post=957"}],"version-history":[{"count":1,"href":"https:\/\/virtnum.com\/fr\/wp-json\/wp\/v2\/pages\/957\/revisions"}],"predecessor-version":[{"id":960,"href":"https:\/\/virtnum.com\/fr\/wp-json\/wp\/v2\/pages\/957\/revisions\/960"}],"wp:attachment":[{"href":"https:\/\/virtnum.com\/fr\/wp-json\/wp\/v2\/media?parent=957"}],"curies":[{"name":"wp","href":"https:\/\/api.w.org\/{rel}","templated":true}]}}