{"id":115,"date":"2021-04-06T20:34:41","date_gmt":"2021-04-06T16:34:41","guid":{"rendered":"https:\/\/virtnum.com\/?page_id=115"},"modified":"2021-04-06T20:34:41","modified_gmt":"2021-04-06T16:34:41","slug":"buy-toll-free-number","status":"publish","type":"page","link":"https:\/\/virtnum.com\/nl\/buy-toll-free-number\/","title":{"rendered":"Koop gratis nummers"},"content":{"rendered":"<h2 class=\"wp-block-heading\">Wat is een gratis nummer en hoe werkt het?<\/h2>\n\n\n\n<p>Met gratis nummers kunnen bellers bedrijven en\/of particulieren bereiken zonder dat er voor de oproep kosten in rekening worden gebracht. De kosten voor het gebruik van een gratis nummer worden betaald door de gebelde partij (de gratis abonnee) in plaats van door de bellende partij. Gratis nummers kunnen rechtstreeks naar uw zakelijke of persoonlijke telefoonlijn worden gebeld.<\/p>\n\n\n\n<p>Gratis nummers zijn heel gebruikelijk en zijn succesvol gebleken voor bedrijven, vooral op het gebied van klantenservice en telemarketing. De gratis service biedt potenti\u00eble klanten en anderen een \u201cgratis\u201d en gemakkelijke manier om contact op te nemen met bedrijven.<\/p>\n\n\n\n<p>Gratis nummers zijn zeer succesvol geweest voor ondernemers en consumenten. Bedrijven bieden hun klanten vaak gratis nummers om producten te bestellen of klantenservice te bieden. Normaal gesproken zijn de kosten per gesprek voor het bedrijf lager dan de kosten per gesprek als de consument interlokale kosten betaalt. Bovendien zullen consumenten eerder contact opnemen met het bedrijf als het gesprek gratis is.<\/p>\n\n\n\n<p>Virtuele telefoonnummers bieden Toll Free nummers die beginnen met een van de volgende codes: 120, 1300, 1800, 1809, 20, 4, 400, 800, 803, 805, 807, 808, 844, 855, 866, 877, 888, 900.<\/p>\n\n\n\n<p>Virtuele telefoonnummers bieden momenteel Toll Free nummers uit de volgende landen: Argentini\u00eb, Australi\u00eb, Oostenrijk, Bahrein, Bolivia, Brazili\u00eb, Bulgarije, Canada, China, Colombia, Costa Rica, Kroati\u00eb, Cyprus, Tsjechi\u00eb, Denemarken, Ecuador, Estland, Finland , Frankrijk, Duitsland, Hong Kong, India, Indonesi\u00eb, Ierland, Isra\u00ebl, Itali\u00eb, Japan, Litouwen, Luxemburg, Mexico, Nieuw-Zeeland, Noorwegen, Panama, Peru, Polen, Portugal, Roemeni\u00eb, Russische Federatie, Slowakije, Spanje, Zweden, VK, Verenigd Koninkrijk, Verenigde Staten, Uruguay, VS, Venezuela.<\/p>","protected":false},"excerpt":{"rendered":"<p>Wat is een gratis nummer en hoe werkt het? Met gratis nummers kunnen bellers bedrijven en\/of particulieren bereiken zonder dat er kosten in rekening worden gebracht voor de...<\/p>","protected":false},"author":1,"featured_media":0,"parent":0,"menu_order":0,"comment_status":"closed","ping_status":"closed","template":"","meta":{"_acf_changed":false,"footnotes":""},"class_list":["post-115","page","type-page","status-publish","hentry"],"acf":[],"yoast_head":"<!-- This site is optimized with the Yoast SEO plugin v27.4 - https:\/\/yoast.com\/product\/yoast-seo-wordpress\/ -->\n<title>Buy Toll Free Numbers | Buy Virtual Toll Free Numbers | Buy Local Toll Free Number - Virtual Number Provider | DID Numbers | Call Forwarding<\/title>\n<meta name=\"description\" content=\"Buy Toll Free Number or Toll-free Phone Numbers from over 20 countries worldwide. Signup for a Toll Free Number for FREE NOW!!!\" \/>\n<meta name=\"robots\" content=\"index, follow, max-snippet:-1, max-image-preview:large, max-video-preview:-1\" \/>\n<link rel=\"canonical\" href=\"https:\/\/virtnum.com\/nl\/buy-toll-free-number\/\" \/>\n<meta property=\"og:locale\" content=\"nl_NL\" \/>\n<meta property=\"og:type\" content=\"article\" \/>\n<meta property=\"og:title\" content=\"Buy Toll Free Numbers | Buy Virtual Toll Free Numbers | Buy Local Toll Free Number - Virtual Number Provider | DID Numbers | Call Forwarding\" \/>\n<meta property=\"og:description\" content=\"Buy Toll Free Number or Toll-free Phone Numbers from over 20 countries worldwide. Signup for a Toll Free Number for FREE NOW!!!\" \/>\n<meta property=\"og:url\" content=\"https:\/\/virtnum.com\/nl\/buy-toll-free-number\/\" \/>\n<meta property=\"og:site_name\" content=\"Virtual Local Phone Numbers\" \/>\n<meta name=\"twitter:card\" content=\"summary_large_image\" \/>\n<meta name=\"twitter:label1\" content=\"Geschatte leestijd\" \/>\n\t<meta name=\"twitter:data1\" content=\"2 minuten\" \/>\n<script type=\"application\/ld+json\" class=\"yoast-schema-graph\">{\"@context\":\"https:\\\/\\\/schema.org\",\"@graph\":[{\"@type\":\"WebPage\",\"@id\":\"https:\\\/\\\/virtnum.com\\\/buy-toll-free-number\\\/\",\"url\":\"https:\\\/\\\/virtnum.com\\\/buy-toll-free-number\\\/\",\"name\":\"Buy Toll Free Numbers | Buy Virtual Toll Free Numbers | Buy Local Toll Free Number - Virtual Number Provider | DID Numbers | Call Forwarding\",\"isPartOf\":{\"@id\":\"https:\\\/\\\/virtnum.com\\\/#website\"},\"datePublished\":\"2021-04-06T16:34:41+00:00\",\"description\":\"Buy Toll Free Number or Toll-free Phone Numbers from over 20 countries worldwide. Signup for a Toll Free Number for FREE NOW!!!\",\"inLanguage\":\"nl-NL\",\"potentialAction\":[{\"@type\":\"ReadAction\",\"target\":[\"https:\\\/\\\/virtnum.com\\\/buy-toll-free-number\\\/\"]}]},{\"@type\":\"WebSite\",\"@id\":\"https:\\\/\\\/virtnum.com\\\/#website\",\"url\":\"https:\\\/\\\/virtnum.com\\\/\",\"name\":\"Virtual Local Phone Numbers\",\"description\":\"Buy Virtual Phone Numbers | DID Numbers | VoIP Numbers | Toll-free Numbers | Call forwarding to SIP, VOIP, PBX, Mobile or Fixed Phones\",\"publisher\":{\"@id\":\"https:\\\/\\\/virtnum.com\\\/#organization\"},\"potentialAction\":[{\"@type\":\"SearchAction\",\"target\":{\"@type\":\"EntryPoint\",\"urlTemplate\":\"https:\\\/\\\/virtnum.com\\\/?s={search_term_string}\"},\"query-input\":{\"@type\":\"PropertyValueSpecification\",\"valueRequired\":true,\"valueName\":\"search_term_string\"}}],\"inLanguage\":\"nl-NL\"},{\"@type\":\"Organization\",\"@id\":\"https:\\\/\\\/virtnum.com\\\/#organization\",\"name\":\"Virtual Local Phone Numbers\",\"url\":\"https:\\\/\\\/virtnum.com\\\/\",\"logo\":{\"@type\":\"ImageObject\",\"inLanguage\":\"nl-NL\",\"@id\":\"https:\\\/\\\/virtnum.com\\\/#\\\/schema\\\/logo\\\/image\\\/\",\"url\":\"https:\\\/\\\/virtnum.com\\\/wp-content\\\/uploads\\\/2022\\\/12\\\/logo-1.png\",\"contentUrl\":\"https:\\\/\\\/virtnum.com\\\/wp-content\\\/uploads\\\/2022\\\/12\\\/logo-1.png\",\"width\":420,\"height\":165,\"caption\":\"Virtual Local Phone Numbers\"},\"image\":{\"@id\":\"https:\\\/\\\/virtnum.com\\\/#\\\/schema\\\/logo\\\/image\\\/\"}}]}<\/script>\n<!-- \/ Yoast SEO plugin. -->","yoast_head_json":{"title":"Koop gratis nummers | Koop virtuele gratis nummers | Koop een lokaal gratis nummer - Virtuele nummeraanbieder | DID-nummers | Doorschakeling","description":"Koop gratis nummers of gratis telefoonnummers uit meer dan 20 landen over de hele wereld. Meld u NU GRATIS aan voor een gratis nummer!!!","robots":{"index":"index","follow":"follow","max-snippet":"max-snippet:-1","max-image-preview":"max-image-preview:large","max-video-preview":"max-video-preview:-1"},"canonical":"https:\/\/virtnum.com\/nl\/buy-toll-free-number\/","og_locale":"nl_NL","og_type":"article","og_title":"Buy Toll Free Numbers | Buy Virtual Toll Free Numbers | Buy Local Toll Free Number - Virtual Number Provider | DID Numbers | Call Forwarding","og_description":"Buy Toll Free Number or Toll-free Phone Numbers from over 20 countries worldwide. Signup for a Toll Free Number for FREE NOW!!!","og_url":"https:\/\/virtnum.com\/nl\/buy-toll-free-number\/","og_site_name":"Virtual Local Phone Numbers","twitter_card":"summary_large_image","twitter_misc":{"Geschatte leestijd":"2 minuten"},"schema":{"@context":"https:\/\/schema.org","@graph":[{"@type":"WebPage","@id":"https:\/\/virtnum.com\/buy-toll-free-number\/","url":"https:\/\/virtnum.com\/buy-toll-free-number\/","name":"Koop gratis nummers | Koop virtuele gratis nummers | Koop een lokaal gratis nummer - Virtuele nummeraanbieder | DID-nummers | Doorschakeling","isPartOf":{"@id":"https:\/\/virtnum.com\/#website"},"datePublished":"2021-04-06T16:34:41+00:00","description":"Koop gratis nummers of gratis telefoonnummers uit meer dan 20 landen over de hele wereld. Meld u NU GRATIS aan voor een gratis nummer!!!","inLanguage":"nl-NL","potentialAction":[{"@type":"ReadAction","target":["https:\/\/virtnum.com\/buy-toll-free-number\/"]}]},{"@type":"WebSite","@id":"https:\/\/virtnum.com\/#website","url":"https:\/\/virtnum.com\/","name":"Virtuele lokale telefoonnummers","description":"Koop virtuele telefoonnummers | DID-nummers | VoIP-nummers | Gratis nummers | Oproepdoorschakeling naar SIP, VOIP, PBX, mobiele of vaste telefoons","publisher":{"@id":"https:\/\/virtnum.com\/#organization"},"potentialAction":[{"@type":"SearchAction","target":{"@type":"EntryPoint","urlTemplate":"https:\/\/virtnum.com\/?s={search_term_string}"},"query-input":{"@type":"PropertyValueSpecification","valueRequired":true,"valueName":"search_term_string"}}],"inLanguage":"nl-NL"},{"@type":"Organization","@id":"https:\/\/virtnum.com\/#organization","name":"Virtuele lokale telefoonnummers","url":"https:\/\/virtnum.com\/","logo":{"@type":"ImageObject","inLanguage":"nl-NL","@id":"https:\/\/virtnum.com\/#\/schema\/logo\/image\/","url":"https:\/\/virtnum.com\/wp-content\/uploads\/2022\/12\/logo-1.png","contentUrl":"https:\/\/virtnum.com\/wp-content\/uploads\/2022\/12\/logo-1.png","width":420,"height":165,"caption":"Virtual Local Phone Numbers"},"image":{"@id":"https:\/\/virtnum.com\/#\/schema\/logo\/image\/"}}]}},"_links":{"self":[{"href":"https:\/\/virtnum.com\/nl\/wp-json\/wp\/v2\/pages\/115","targetHints":{"allow":["GET"]}}],"collection":[{"href":"https:\/\/virtnum.com\/nl\/wp-json\/wp\/v2\/pages"}],"about":[{"href":"https:\/\/virtnum.com\/nl\/wp-json\/wp\/v2\/types\/page"}],"author":[{"embeddable":true,"href":"https:\/\/virtnum.com\/nl\/wp-json\/wp\/v2\/users\/1"}],"replies":[{"embeddable":true,"href":"https:\/\/virtnum.com\/nl\/wp-json\/wp\/v2\/comments?post=115"}],"version-history":[{"count":1,"href":"https:\/\/virtnum.com\/nl\/wp-json\/wp\/v2\/pages\/115\/revisions"}],"predecessor-version":[{"id":117,"href":"https:\/\/virtnum.com\/nl\/wp-json\/wp\/v2\/pages\/115\/revisions\/117"}],"wp:attachment":[{"href":"https:\/\/virtnum.com\/nl\/wp-json\/wp\/v2\/media?parent=115"}],"curies":[{"name":"wp","href":"https:\/\/api.w.org\/{rel}","templated":true}]}}