{"id":858,"date":"2024-08-07T02:43:17","date_gmt":"2024-08-06T22:43:17","guid":{"rendered":"https:\/\/virtnum.com\/?page_id=858"},"modified":"2024-08-07T02:43:24","modified_gmt":"2024-08-06T22:43:24","slug":"bosnia-and-herzegovina","status":"publish","type":"page","link":"https:\/\/virtnum.com\/nl\/buy-virtual-phone-number\/bosnia-and-herzegovina\/","title":{"rendered":"Bosni\u00eb en Herzegovina"},"content":{"rendered":"<div class=\"wp-block-columns is-layout-flex wp-container-core-columns-is-layout-9d6595d7 wp-block-columns-is-layout-flex\">\n<div class=\"wp-block-column is-layout-flow wp-block-column-is-layout-flow\">\n<h2 class=\"wp-block-heading\">Bosni\u00eb en Herzegovina Lokaal virtueel nummer<\/h2>\n\n\n\n<h3 class=\"wp-block-heading\">Wereldwijd oproepen en sms-berichten ontvangen en doorsturen<\/h3>\n\n\n\n<ul class=\"wp-block-list\">\n<li>Huur een telefoonnummer uit Bosni\u00eb en Herzegovina vanuit elk land.<\/li>\n\n\n\n<li>Als u het telefoonnummer moet opslaan wanneer u het adres van uw bedrijf wijzigt.<\/li>\n\n\n\n<li>Bovendien worden gesprekken vertrouwelijk behandeld.<\/li>\n\n\n\n<li>Gebruik het om advertentiecampagnes uit te voeren.<\/li>\n\n\n\n<li>Verlaag de internationale belkosten. Uw contacten kunnen een lokaal nummer bellen.<\/li>\n<\/ul>\n<\/div>\n\n\n\n<div class=\"wp-block-column is-vertically-aligned-top is-layout-flow wp-block-column-is-layout-flow\">\n<p>Kies uw land en regio en selecteer vervolgens het nummer dat overeenkomt met uw zoekcriteria uit de lijst.<\/p>\n<a href=\"https:\/\/virtnum.com\/buy\/Bosnia and Herzegovina\"><img loading=\"lazy\" decoding=\"async\" width=\"500\" height=\"200\" src=\"https:\/\/virtnum.com\/wp-content\/uploads\/2021\/04\/check-price.png\" alt=\"\" class=\"wp-image-96\" srcset=\"https:\/\/virtnum.com\/wp-content\/uploads\/2021\/04\/check-price.png 500w, https:\/\/virtnum.com\/wp-content\/uploads\/2021\/04\/check-price-300x120.png 300w\" sizes=\"auto, (max-width: 500px) 100vw, 500px\" \/><\/a>\n\n<p>Heeft u meer dan \u00e9\u00e9n nummer nodig? Niets om je druk over te maken. Het is mogelijk om enkele nummers te kopen uit het land of de regio van uw keuze.<\/p>\n\n<p>Hieronder vindt u tabellen die snelle toegang bieden<br> <a href=\"#prices\" style=\"text-decoration:underline\">virtuele nummerprijzen<\/a>.<\/p>\n<\/div>\n<\/div>\n\n\n\n<p>Met het virtuele telefoonnummer van Bosni\u00eb en Herzegovina kunt u gesprekken doorsturen naar elk nummer: vast, mobiel, SIP of Telegram. Gespreks- en sms-doorsturing kan worden ingesteld vanuit uw account.<\/p>\n\n\n\n<a name=\"prices\">\n\n\n<p><div>\n               <h2>Prijzen voor virtuele nummers in Bosni\u00eb en Herzegovina<\/h2>\n                <table id=\"city-search-voice\">\n                            <thead>\n                                <tr>\n                                <th>\n                                    Regio\n                                <\/th>\n                                <th>\n                                    Telefooncode\n                                <\/th>\n                                <th>\n                                    Opstartkosten\n                                <\/th>\n                                <th>\n                                    Maandelijkse kosten\n                                <\/th>\n                                <th>\n                                    \n                                <\/th>\n                                <\/tr>\n                            <\/thead>\n                            <tbody>\n                            <tr >\n                                <td data-label=\"City\">Mobiel voor registratie (gesprekken en sms&#039;en)<\/td>\n                \t\t\t\t<td data-label=\"Code\">+387 (123)<\/td>\n                \t\t\t\t<td data-label=\"Setup\">$40<\/td>\n                        \t    <td data-label=\"Fix\">$80<\/td>\n                                <td><a href=\"https:\/\/lk.virtnum.com\/nl\/component\/telecomax\/?task=buyunregistred&type=voice&country=bosnia-and-herzegovina&city=mobile-for-registration-calls-and-sms\" class=\"buy\">KOOP \ud83d\uded2<\/a><\/td> \n                            <\/tr><\/tbody>\n                <\/table>\n                <\/div><br \/>\n<div>\n               <h2>Prijzen virtuele sms-nummers Bosni\u00eb-Herzegovina<\/h2>\n                <table id=\"city-search-sms\">\n                            <thead>\n                                <tr>\n                                <th>\n                                    Regio\n                                <\/th>\n                                <th>\n                                    Telefooncode\n                                <\/th>\n                                <th>\n                                    Opstartkosten\n                                <\/th>\n                                <th>\n                                    Maandelijkse kosten\n                                <\/th>\n                                <th>\n                                    \n                                <\/th>\n                                <\/tr>\n                            <\/thead>\n                            <tbody>\n                            <tr >\n                                <td data-label=\"City\">Mobiel voor registratie (gesprekken en sms&#039;en)<\/td>\n                \t\t\t\t<td data-label=\"Code\">+387 (123)<\/td>\n                \t\t\t\t<td data-label=\"Setup\">$40<\/td>\n                        \t    <td data-label=\"Fix\">$80<\/td>\n                                <td><a href=\"https:\/\/lk.virtnum.com\/nl\/component\/telecomax\/?task=buyunregistred&type=sms&country=bosnia-and-herzegovina&city=mobile-for-registration-calls-and-sms\" class=\"buy\">KOOP \ud83d\uded2<\/a><\/td> \n                            <\/tr><\/tbody>\n                <\/table>\n                <\/div><br \/>\n<div>\n               <h2>Prijzen voor virtuele tolvrije nummers in Bosni\u00eb en Herzegovina<\/h2>\n                <table id=\"city-search-tollfree\">\n                            <thead>\n                                <tr>\n                                <th>\n                                    Regio\n                                <\/th>\n                                <th>\n                                    Telefooncode\n                                <\/th>\n                                <th>\n                                    Opstartkosten\n                                <\/th>\n                                <th>\n                                    Maandelijkse kosten\n                                <\/th>\n                                <th>\n                                    \n                                <\/th>\n                                <\/tr>\n                            <\/thead>\n                            <tbody>\n                            <tr >\n                                <td data-label=\"City\">Tolvrij<\/td>\n                \t\t\t\t<td data-label=\"Code\">+387 (800)<\/td>\n                \t\t\t\t<td data-label=\"Setup\">$200<\/td>\n                        \t    <td data-label=\"Fix\">$80<\/td>\n                                <td><a href=\"https:\/\/lk.virtnum.com\/nl\/component\/telecomax\/?task=buyunregistred&type=tollfree&country=bosnia-and-herzegovina&city=tollfree\" class=\"buy\">KOOP \ud83d\uded2<\/a><\/td> \n                            <\/tr><\/tbody>\n                <\/table>\n                <\/div><\/p>\n\n\n\n<h2 class=\"wp-block-heading\">Opties<\/h2>\n\n\n\n<ul class=\"wp-block-list\">\n<li>Schakel gesprekken naar Bosni\u00eb en Herzegovina door naar elke locatie ter wereld.<\/li>\n\n\n\n<li>Ontvang inkomende oproepen met uw virtuele nummer van Bosni\u00eb en Herzegovina via een softphone of onze mobiele app.<\/li>\n\n\n\n<li>Stuur inkomende oproepen door naar elke vaste of mobiele telefoonlijn tegen een zeer laag tarief.<\/li>\n\n\n\n<li>Inkomende oproepen doorsturen naar elke Voice-over-IP-provider (VoIP), SIP, H.323 of IAX is inbegrepen.<\/li>\n\n\n\n<li>Inkomende oproepen via ITSP of VoIP (SIP, H.323 of IAX)<\/li>\n\n\n\n<li>U huurt het telefoonnummer van Bosni\u00eb en Herzegovina zonder contract.<\/li>\n\n\n\n<li>Als u een gratis nummer of een nummer met meter nodig hebt in Bosni\u00eb en Herzegovina, neem dan contact op met de ondersteuning.<\/li>\n<\/ul>\n\n\n\n<p align=\"center\"><a class=\"buy\" href=\"https:\/\/virtnum.com\/buy\/Bosnia and Herzegovina\">\u27a1\ufe0f Koop DID-nummer in Bosni\u00eb en Herzegovina \u2b05\ufe0f<\/a><\/p>\n\n\n\n<h2 class=\"wp-block-heading\">Krijg een 2e telefoonlijn in Bosni\u00eb en Herzegovina<\/h2>\n\n\n\n<p>Hebt u een aanwezigheid in Bosni\u00eb en Herzegovina nodig voor uw bedrijf of website? Koop een virtueel telefoonnummer van Bosni\u00eb en Herzegovina (Bosnia en Herzegovina DID-nummer) en praat met klanten waarvan u nooit had gedacht dat u ze had. Potenti\u00eble en huidige klanten zullen allebei een lokaal telefoonnummer in Bosni\u00eb en Herzegovina waarderen dat ze kunnen gebruiken. Controleer de analyserapporten van uw website, als u verkeer krijgt buiten de gebieden waar u uw vermelde &quot;Contact Us&quot;-telefoonnummer hebt, loopt u mogelijk zaken mis. Neem een virtueel nummer van Bosni\u00eb en Herzegovina en stuur de oproepen door naar elk VOIP-apparaat en betaal een vast tarief voor onbeperkte inkomende minuten naar dat nummer. U zult verbaasd zijn hoeveel bellers er in Bosni\u00eb en Herzegovina zouden kunnen zijn.<\/p>\n\n\n\n<p align=\"center\"><a class=\"buy\" href=\"https:\/\/virtnum.com\/buy\/Bosnia and Herzegovina\">\u27a1\ufe0f Ontvang een virtueel nummer voor Bosni\u00eb en Herzegovina \u2b05\ufe0f<\/a><\/p>\n\n\n\n<h2 class=\"wp-block-heading\">Hoe krijg ik een lokaal virtueel telefoonnummer in Bosni\u00eb en Herzegovina?<\/h2>\n\n\n\n<ol class=\"wp-block-list\">\n<li>Selecteer in Uw account de <strong>nummer soort<\/strong> (SMS, spraak of gratis).<\/li>\n\n\n\n<li>Kies <strong>Bosni\u00eb en Herzegovina<\/strong> uit de landenlijst.<\/li>\n\n\n\n<li>Selecteer de <strong>stad\/regio<\/strong> waar u het nummer wilt ophalen.<\/li>\n\n\n\n<li>Opgericht <strong>richting voor het doorsturen van oproepen<\/strong> (naar telefoonnummer, SIP of Telegram).<\/li>\n\n\n\n<li>Betaal de <strong>instelkosten<\/strong> En <strong>maandelijkse kosten<\/strong> voor het benodigde aantal maanden huur (korting is mogelijk bij verhoging van het aantal maanden).<\/li>\n<\/ol>","protected":false},"excerpt":{"rendered":"<p>Lokaal virtueel nummer Ontvang en stuur oproepen en sms-berichten wereldwijd door. Kies uw land en regio en selecteer vervolgens het nummer dat overeenkomt met uw zoekcriteria uit...<\/p>","protected":false},"author":1,"featured_media":0,"parent":40,"menu_order":0,"comment_status":"closed","ping_status":"closed","template":"","meta":{"_acf_changed":false,"footnotes":""},"class_list":["post-858","page","type-page","status-publish","hentry"],"acf":[],"yoast_head":"<!-- This site is optimized with the Yoast SEO plugin v27.3 - https:\/\/yoast.com\/product\/yoast-seo-wordpress\/ -->\n<title>Buy Bosnia and Herzegovina Virtual Phone Numbers - Virtual Local Phone Numbers<\/title>\n<meta name=\"description\" content=\"Get unique Bosnia and Herzegovina Virtual Phone Numbers (Bosnia and Herzegovina DID Numbers). Make outgoing calls and receive incoming calls or forward the calls to anywhere in the world. Signup for Local Bosnia and Herzegovina Number.\" \/>\n<meta name=\"robots\" content=\"index, follow, max-snippet:-1, max-image-preview:large, max-video-preview:-1\" \/>\n<link rel=\"canonical\" href=\"https:\/\/virtnum.com\/nl\/buy-virtual-phone-number\/bosnia-and-herzegovina\/\" \/>\n<meta property=\"og:locale\" content=\"nl_NL\" \/>\n<meta property=\"og:type\" content=\"article\" \/>\n<meta property=\"og:title\" content=\"Buy Bosnia and Herzegovina Virtual Phone Numbers - Virtual Local Phone Numbers\" \/>\n<meta property=\"og:description\" content=\"Get unique Bosnia and Herzegovina Virtual Phone Numbers (Bosnia and Herzegovina DID Numbers). Make outgoing calls and receive incoming calls or forward the calls to anywhere in the world. Signup for Local Bosnia and Herzegovina Number.\" \/>\n<meta property=\"og:url\" content=\"https:\/\/virtnum.com\/nl\/buy-virtual-phone-number\/bosnia-and-herzegovina\/\" \/>\n<meta property=\"og:site_name\" content=\"Virtual Local Phone Numbers\" \/>\n<meta property=\"article:modified_time\" content=\"2024-08-06T22:43:24+00:00\" \/>\n<meta property=\"og:image\" content=\"https:\/\/virtnum.com\/wp-content\/uploads\/2021\/04\/check-price.png\" \/>\n<meta name=\"twitter:card\" content=\"summary_large_image\" \/>\n<meta name=\"twitter:label1\" content=\"Geschatte leestijd\" \/>\n\t<meta name=\"twitter:data1\" content=\"3 minuten\" \/>\n<script type=\"application\/ld+json\" class=\"yoast-schema-graph\">{\"@context\":\"https:\\\/\\\/schema.org\",\"@graph\":[{\"@type\":\"WebPage\",\"@id\":\"https:\\\/\\\/virtnum.com\\\/buy-virtual-phone-number\\\/bosnia-and-herzegovina\\\/\",\"url\":\"https:\\\/\\\/virtnum.com\\\/buy-virtual-phone-number\\\/bosnia-and-herzegovina\\\/\",\"name\":\"Buy Bosnia and Herzegovina Virtual Phone Numbers - Virtual Local Phone Numbers\",\"isPartOf\":{\"@id\":\"https:\\\/\\\/virtnum.com\\\/#website\"},\"primaryImageOfPage\":{\"@id\":\"https:\\\/\\\/virtnum.com\\\/buy-virtual-phone-number\\\/bosnia-and-herzegovina\\\/#primaryimage\"},\"image\":{\"@id\":\"https:\\\/\\\/virtnum.com\\\/buy-virtual-phone-number\\\/bosnia-and-herzegovina\\\/#primaryimage\"},\"thumbnailUrl\":\"https:\\\/\\\/virtnum.com\\\/wp-content\\\/uploads\\\/2021\\\/04\\\/check-price.png\",\"datePublished\":\"2024-08-06T22:43:17+00:00\",\"dateModified\":\"2024-08-06T22:43:24+00:00\",\"description\":\"Get unique Bosnia and Herzegovina Virtual Phone Numbers (Bosnia and Herzegovina DID Numbers). Make outgoing calls and receive incoming calls or forward the calls to anywhere in the world. Signup for Local Bosnia and Herzegovina Number.\",\"breadcrumb\":{\"@id\":\"https:\\\/\\\/virtnum.com\\\/buy-virtual-phone-number\\\/bosnia-and-herzegovina\\\/#breadcrumb\"},\"inLanguage\":\"nl-NL\",\"potentialAction\":[{\"@type\":\"ReadAction\",\"target\":[\"https:\\\/\\\/virtnum.com\\\/buy-virtual-phone-number\\\/bosnia-and-herzegovina\\\/\"]}]},{\"@type\":\"ImageObject\",\"inLanguage\":\"nl-NL\",\"@id\":\"https:\\\/\\\/virtnum.com\\\/buy-virtual-phone-number\\\/bosnia-and-herzegovina\\\/#primaryimage\",\"url\":\"https:\\\/\\\/virtnum.com\\\/wp-content\\\/uploads\\\/2021\\\/04\\\/check-price.png\",\"contentUrl\":\"https:\\\/\\\/virtnum.com\\\/wp-content\\\/uploads\\\/2021\\\/04\\\/check-price.png\"},{\"@type\":\"BreadcrumbList\",\"@id\":\"https:\\\/\\\/virtnum.com\\\/buy-virtual-phone-number\\\/bosnia-and-herzegovina\\\/#breadcrumb\",\"itemListElement\":[{\"@type\":\"ListItem\",\"position\":1,\"name\":\"Permanent Virtual Phone Numbers\",\"item\":\"https:\\\/\\\/virtnum.com\\\/buy-virtual-phone-number\\\/\"},{\"@type\":\"ListItem\",\"position\":2,\"name\":\"Bosnia and Herzegovina\"}]},{\"@type\":\"WebSite\",\"@id\":\"https:\\\/\\\/virtnum.com\\\/#website\",\"url\":\"https:\\\/\\\/virtnum.com\\\/\",\"name\":\"Virtual Local Phone Numbers\",\"description\":\"Buy Virtual Phone Numbers | DID Numbers | VoIP Numbers | Toll-free Numbers | Call forwarding to SIP, VOIP, PBX, Mobile or Fixed Phones\",\"publisher\":{\"@id\":\"https:\\\/\\\/virtnum.com\\\/#organization\"},\"potentialAction\":[{\"@type\":\"SearchAction\",\"target\":{\"@type\":\"EntryPoint\",\"urlTemplate\":\"https:\\\/\\\/virtnum.com\\\/?s={search_term_string}\"},\"query-input\":{\"@type\":\"PropertyValueSpecification\",\"valueRequired\":true,\"valueName\":\"search_term_string\"}}],\"inLanguage\":\"nl-NL\"},{\"@type\":\"Organization\",\"@id\":\"https:\\\/\\\/virtnum.com\\\/#organization\",\"name\":\"Virtual Local Phone Numbers\",\"url\":\"https:\\\/\\\/virtnum.com\\\/\",\"logo\":{\"@type\":\"ImageObject\",\"inLanguage\":\"nl-NL\",\"@id\":\"https:\\\/\\\/virtnum.com\\\/#\\\/schema\\\/logo\\\/image\\\/\",\"url\":\"https:\\\/\\\/virtnum.com\\\/wp-content\\\/uploads\\\/2022\\\/12\\\/logo-1.png\",\"contentUrl\":\"https:\\\/\\\/virtnum.com\\\/wp-content\\\/uploads\\\/2022\\\/12\\\/logo-1.png\",\"width\":420,\"height\":165,\"caption\":\"Virtual Local Phone Numbers\"},\"image\":{\"@id\":\"https:\\\/\\\/virtnum.com\\\/#\\\/schema\\\/logo\\\/image\\\/\"}}]}<\/script>\n<!-- \/ Yoast SEO plugin. -->","yoast_head_json":{"title":"Koop virtuele telefoonnummers van Bosni\u00eb en Herzegovina - Virtuele lokale telefoonnummers","description":"Ontvang unieke virtuele telefoonnummers van Bosni\u00eb en Herzegovina (DID-nummers van Bosni\u00eb en Herzegovina). Bel uitgaande gesprekken en ontvang inkomende gesprekken of stuur de gesprekken door naar waar dan ook ter wereld. Meld u aan voor een lokaal nummer van Bosni\u00eb en Herzegovina.","robots":{"index":"index","follow":"follow","max-snippet":"max-snippet:-1","max-image-preview":"max-image-preview:large","max-video-preview":"max-video-preview:-1"},"canonical":"https:\/\/virtnum.com\/nl\/buy-virtual-phone-number\/bosnia-and-herzegovina\/","og_locale":"nl_NL","og_type":"article","og_title":"Buy Bosnia and Herzegovina Virtual Phone Numbers - Virtual Local Phone Numbers","og_description":"Get unique Bosnia and Herzegovina Virtual Phone Numbers (Bosnia and Herzegovina DID Numbers). Make outgoing calls and receive incoming calls or forward the calls to anywhere in the world. Signup for Local Bosnia and Herzegovina Number.","og_url":"https:\/\/virtnum.com\/nl\/buy-virtual-phone-number\/bosnia-and-herzegovina\/","og_site_name":"Virtual Local Phone Numbers","article_modified_time":"2024-08-06T22:43:24+00:00","og_image":[{"url":"https:\/\/virtnum.com\/wp-content\/uploads\/2021\/04\/check-price.png","type":"","width":"","height":""}],"twitter_card":"summary_large_image","twitter_misc":{"Geschatte leestijd":"3 minuten"},"schema":{"@context":"https:\/\/schema.org","@graph":[{"@type":"WebPage","@id":"https:\/\/virtnum.com\/buy-virtual-phone-number\/bosnia-and-herzegovina\/","url":"https:\/\/virtnum.com\/buy-virtual-phone-number\/bosnia-and-herzegovina\/","name":"Koop virtuele telefoonnummers van Bosni\u00eb en Herzegovina - Virtuele lokale telefoonnummers","isPartOf":{"@id":"https:\/\/virtnum.com\/#website"},"primaryImageOfPage":{"@id":"https:\/\/virtnum.com\/buy-virtual-phone-number\/bosnia-and-herzegovina\/#primaryimage"},"image":{"@id":"https:\/\/virtnum.com\/buy-virtual-phone-number\/bosnia-and-herzegovina\/#primaryimage"},"thumbnailUrl":"https:\/\/virtnum.com\/wp-content\/uploads\/2021\/04\/check-price.png","datePublished":"2024-08-06T22:43:17+00:00","dateModified":"2024-08-06T22:43:24+00:00","description":"Ontvang unieke virtuele telefoonnummers van Bosni\u00eb en Herzegovina (DID-nummers van Bosni\u00eb en Herzegovina). Bel uitgaande gesprekken en ontvang inkomende gesprekken of stuur de gesprekken door naar waar dan ook ter wereld. Meld u aan voor een lokaal nummer van Bosni\u00eb en Herzegovina.","breadcrumb":{"@id":"https:\/\/virtnum.com\/buy-virtual-phone-number\/bosnia-and-herzegovina\/#breadcrumb"},"inLanguage":"nl-NL","potentialAction":[{"@type":"ReadAction","target":["https:\/\/virtnum.com\/buy-virtual-phone-number\/bosnia-and-herzegovina\/"]}]},{"@type":"ImageObject","inLanguage":"nl-NL","@id":"https:\/\/virtnum.com\/buy-virtual-phone-number\/bosnia-and-herzegovina\/#primaryimage","url":"https:\/\/virtnum.com\/wp-content\/uploads\/2021\/04\/check-price.png","contentUrl":"https:\/\/virtnum.com\/wp-content\/uploads\/2021\/04\/check-price.png"},{"@type":"BreadcrumbList","@id":"https:\/\/virtnum.com\/buy-virtual-phone-number\/bosnia-and-herzegovina\/#breadcrumb","itemListElement":[{"@type":"ListItem","position":1,"name":"Permanent Virtual Phone Numbers","item":"https:\/\/virtnum.com\/buy-virtual-phone-number\/"},{"@type":"ListItem","position":2,"name":"Bosnia and Herzegovina"}]},{"@type":"WebSite","@id":"https:\/\/virtnum.com\/#website","url":"https:\/\/virtnum.com\/","name":"Virtuele lokale telefoonnummers","description":"Koop virtuele telefoonnummers | DID-nummers | VoIP-nummers | Gratis nummers | Oproepdoorschakeling naar SIP, VOIP, PBX, mobiele of vaste telefoons","publisher":{"@id":"https:\/\/virtnum.com\/#organization"},"potentialAction":[{"@type":"SearchAction","target":{"@type":"EntryPoint","urlTemplate":"https:\/\/virtnum.com\/?s={search_term_string}"},"query-input":{"@type":"PropertyValueSpecification","valueRequired":true,"valueName":"search_term_string"}}],"inLanguage":"nl-NL"},{"@type":"Organization","@id":"https:\/\/virtnum.com\/#organization","name":"Virtuele lokale telefoonnummers","url":"https:\/\/virtnum.com\/","logo":{"@type":"ImageObject","inLanguage":"nl-NL","@id":"https:\/\/virtnum.com\/#\/schema\/logo\/image\/","url":"https:\/\/virtnum.com\/wp-content\/uploads\/2022\/12\/logo-1.png","contentUrl":"https:\/\/virtnum.com\/wp-content\/uploads\/2022\/12\/logo-1.png","width":420,"height":165,"caption":"Virtual Local Phone Numbers"},"image":{"@id":"https:\/\/virtnum.com\/#\/schema\/logo\/image\/"}}]}},"_links":{"self":[{"href":"https:\/\/virtnum.com\/nl\/wp-json\/wp\/v2\/pages\/858","targetHints":{"allow":["GET"]}}],"collection":[{"href":"https:\/\/virtnum.com\/nl\/wp-json\/wp\/v2\/pages"}],"about":[{"href":"https:\/\/virtnum.com\/nl\/wp-json\/wp\/v2\/types\/page"}],"author":[{"embeddable":true,"href":"https:\/\/virtnum.com\/nl\/wp-json\/wp\/v2\/users\/1"}],"replies":[{"embeddable":true,"href":"https:\/\/virtnum.com\/nl\/wp-json\/wp\/v2\/comments?post=858"}],"version-history":[{"count":2,"href":"https:\/\/virtnum.com\/nl\/wp-json\/wp\/v2\/pages\/858\/revisions"}],"predecessor-version":[{"id":860,"href":"https:\/\/virtnum.com\/nl\/wp-json\/wp\/v2\/pages\/858\/revisions\/860"}],"up":[{"embeddable":true,"href":"https:\/\/virtnum.com\/nl\/wp-json\/wp\/v2\/pages\/40"}],"wp:attachment":[{"href":"https:\/\/virtnum.com\/nl\/wp-json\/wp\/v2\/media?parent=858"}],"curies":[{"name":"wp","href":"https:\/\/api.w.org\/{rel}","templated":true}]}}