{"id":911,"date":"2025-03-21T14:50:44","date_gmt":"2025-03-21T10:50:44","guid":{"rendered":"https:\/\/virtnum.com\/?page_id=911"},"modified":"2025-03-21T14:50:53","modified_gmt":"2025-03-21T10:50:53","slug":"ethiopia","status":"publish","type":"page","link":"https:\/\/virtnum.com\/nl\/buy-virtual-phone-number\/ethiopia\/","title":{"rendered":"Ethiopi\u00eb"},"content":{"rendered":"<div class=\"wp-block-columns is-layout-flex wp-container-core-columns-is-layout-9d6595d7 wp-block-columns-is-layout-flex\">\n<div class=\"wp-block-column is-layout-flow wp-block-column-is-layout-flow\">\n<h2 class=\"wp-block-heading\">Ethiopi\u00eb Lokaal Virtueel Nummer<\/h2>\n\n\n\n<h3 class=\"wp-block-heading\">Wereldwijd oproepen en sms-berichten ontvangen en doorsturen<\/h3>\n\n\n\n<ul class=\"wp-block-list\">\n<li>Huur een Ethiopisch telefoonnummer vanuit elk land.<\/li>\n\n\n\n<li>Als u het telefoonnummer moet opslaan wanneer u het adres van uw bedrijf wijzigt.<\/li>\n\n\n\n<li>Bovendien worden gesprekken vertrouwelijk behandeld.<\/li>\n\n\n\n<li>Gebruik het om advertentiecampagnes uit te voeren.<\/li>\n\n\n\n<li>Verlaag de internationale belkosten. Uw contacten kunnen een lokaal nummer bellen.<\/li>\n<\/ul>\n<\/div>\n\n\n\n<div class=\"wp-block-column is-vertically-aligned-top is-layout-flow wp-block-column-is-layout-flow\">\n<p>Kies uw land en regio en selecteer vervolgens het nummer dat overeenkomt met uw zoekcriteria uit de lijst.<\/p>\n<a href=\"https:\/\/virtnum.com\/buy\/Ethiopia\"><img loading=\"lazy\" decoding=\"async\" width=\"500\" height=\"200\" src=\"https:\/\/virtnum.com\/wp-content\/uploads\/2021\/04\/check-price.png\" alt=\"\" class=\"wp-image-96\" srcset=\"https:\/\/virtnum.com\/wp-content\/uploads\/2021\/04\/check-price.png 500w, https:\/\/virtnum.com\/wp-content\/uploads\/2021\/04\/check-price-300x120.png 300w\" sizes=\"auto, (max-width: 500px) 100vw, 500px\" \/><\/a>\n\n<p>Heeft u meer dan \u00e9\u00e9n nummer nodig? Niets om je druk over te maken. Het is mogelijk om enkele nummers te kopen uit het land of de regio van uw keuze.<\/p>\n\n<p>Hieronder vindt u tabellen die snelle toegang bieden<br> <a href=\"#prices\" style=\"text-decoration:underline\">virtuele nummerprijzen<\/a>.<\/p>\n<\/div>\n<\/div>\n\n\n\n<p>Met het virtuele telefoonnummer van Ethiopi\u00eb kunt u gesprekken doorsturen naar elk nummer: vast, mobiel, SIP of Telegram. Gespreks- en sms-doorsturing kan worden ingesteld vanuit uw account.<\/p>\n\n\n\n<a name=\"prices\">\n\n\n<p><div><\/tbody>\n                <\/table>\n                <\/div><br \/>\n<div>\n               <h2>Prijzen voor virtuele sms-nummers in Ethiopi\u00eb<\/h2>\n                <table id=\"city-search-sms\">\n                            <thead>\n                                <tr>\n                                <th>\n                                    Regio\n                                <\/th>\n                                <th>\n                                    Telefooncode\n                                <\/th>\n                                <th>\n                                    Opstartkosten\n                                <\/th>\n                                <th>\n                                    Maandelijkse kosten\n                                <\/th>\n                                <th>\n                                    \n                                <\/th>\n                                <\/tr>\n                            <\/thead>\n                            <tbody>\n                            <tr >\n                                <td data-label=\"City\">Mobiel voor registratie (alleen sms)<\/td>\n                \t\t\t\t<td data-label=\"Code\">+251 (70)<\/td>\n                \t\t\t\t<td data-label=\"Setup\">$20<\/td>\n                        \t    <td data-label=\"Fix\">$20<\/td>\n                                <td><a href=\"https:\/\/lk.virtnum.com\/nl\/component\/telecomax\/?task=buyunregistred&type=sms&country=ethiopia&city=mobile-for-registration-sms-only\" class=\"buy\">KOOP \ud83d\uded2<\/a><\/td> \n                            <\/tr>\n                            <tr >\n                                <td data-label=\"City\">Mobiel voor registratie (alleen sms)<\/td>\n                \t\t\t\t<td data-label=\"Code\">+251 (71)<\/td>\n                \t\t\t\t<td data-label=\"Setup\">$20<\/td>\n                        \t    <td data-label=\"Fix\">$20<\/td>\n                                <td><a href=\"https:\/\/lk.virtnum.com\/nl\/component\/telecomax\/?task=buyunregistred&type=sms&country=ethiopia&city=mobile-for-registration-sms-only\" class=\"buy\">KOOP \ud83d\uded2<\/a><\/td> \n                            <\/tr>\n                            <tr >\n                                <td data-label=\"City\">Mobiel voor registratie (alleen sms)<\/td>\n                \t\t\t\t<td data-label=\"Code\">+251 (90)<\/td>\n                \t\t\t\t<td data-label=\"Setup\">$20<\/td>\n                        \t    <td data-label=\"Fix\">$20<\/td>\n                                <td><a href=\"https:\/\/lk.virtnum.com\/nl\/component\/telecomax\/?task=buyunregistred&type=sms&country=ethiopia&city=mobile-for-registration-sms-only\" class=\"buy\">KOOP \ud83d\uded2<\/a><\/td> \n                            <\/tr>\n                            <tr >\n                                <td data-label=\"City\">Mobiel voor registratie (alleen sms)<\/td>\n                \t\t\t\t<td data-label=\"Code\">+251 (93)<\/td>\n                \t\t\t\t<td data-label=\"Setup\">$20<\/td>\n                        \t    <td data-label=\"Fix\">$20<\/td>\n                                <td><a href=\"https:\/\/lk.virtnum.com\/nl\/component\/telecomax\/?task=buyunregistred&type=sms&country=ethiopia&city=mobile-for-registration-sms-only\" class=\"buy\">KOOP \ud83d\uded2<\/a><\/td> \n                            <\/tr>\n                            <tr >\n                                <td data-label=\"City\">Mobiel voor registratie (alleen sms)<\/td>\n                \t\t\t\t<td data-label=\"Code\">+251 (97)<\/td>\n                \t\t\t\t<td data-label=\"Setup\">$20<\/td>\n                        \t    <td data-label=\"Fix\">$20<\/td>\n                                <td><a href=\"https:\/\/lk.virtnum.com\/nl\/component\/telecomax\/?task=buyunregistred&type=sms&country=ethiopia&city=mobile-for-registration-sms-only\" class=\"buy\">KOOP \ud83d\uded2<\/a><\/td> \n                            <\/tr>\n                            <tr >\n                                <td data-label=\"City\">Mobiel voor registratie (alleen sms)<\/td>\n                \t\t\t\t<td data-label=\"Code\">+251 (123)<\/td>\n                \t\t\t\t<td data-label=\"Setup\">$17<\/td>\n                        \t    <td data-label=\"Fix\">$18<\/td>\n                                <td><a href=\"https:\/\/lk.virtnum.com\/nl\/component\/telecomax\/?task=buyunregistred&type=sms&country=ethiopia&city=mobile-for-registration-sms-only\" class=\"buy\">KOOP \ud83d\uded2<\/a><\/td> \n                            <\/tr><\/tbody>\n                <\/table>\n                <\/div><br \/>\n<div><\/tbody>\n                <\/table>\n                <\/div><\/p>\n\n\n\n<h2 class=\"wp-block-heading\">Opties<\/h2>\n\n\n\n<ul class=\"wp-block-list\">\n<li>Schakel gesprekken naar Ethiopi\u00eb door naar elke locatie ter wereld.<\/li>\n\n\n\n<li>Ontvang inkomende oproepen met uw virtuele nummer in Ethiopi\u00eb via een softphone of onze mobiele app.<\/li>\n\n\n\n<li>Stuur inkomende oproepen door naar elke vaste of mobiele telefoonlijn tegen een zeer laag tarief.<\/li>\n\n\n\n<li>Inkomende oproepen doorsturen naar elke Voice-over-IP-provider (VoIP), SIP, H.323 of IAX is inbegrepen.<\/li>\n\n\n\n<li>Inkomende oproepen via ITSP of VoIP (SIP, H.323 of IAX)<\/li>\n\n\n\n<li>U huurt het telefoonnummer van Ethiopi\u00eb zonder contract.<\/li>\n\n\n\n<li>Als u een gratis nummer of een nummer met meter in Ethiopi\u00eb nodig hebt, neem dan contact op met de ondersteuning.<\/li>\n<\/ul>\n\n\n\n<p align=\"center\"><a class=\"buy\" href=\"https:\/\/virtnum.com\/buy\/Ethiopia\">\u27a1\ufe0f Koop DID-nummer in Ethiopi\u00eb \u2b05\ufe0f<\/a><\/p>\n\n\n\n<h2 class=\"wp-block-heading\">Krijg een 2e Ethiopische telefoonlijn<\/h2>\n\n\n\n<p>Heb je een aanwezigheid in Ethiopi\u00eb nodig voor je bedrijf of website? Koop een virtueel telefoonnummer in Ethiopi\u00eb (Ethiopi\u00eb DID-nummer) en praat met klanten waarvan je nooit had gedacht dat je ze had. Potenti\u00eble en huidige klanten zullen allebei een lokaal telefoonnummer in Ethiopi\u00eb waarderen dat ze kunnen gebruiken. Controleer de analyserapporten van je website. Als je verkeer krijgt buiten de gebieden waar je je telefoonnummer &#039;Contact opnemen&#039; hebt staan, loop je mogelijk zaken mis. Neem een virtueel nummer in Ethiopi\u00eb en stuur de gesprekken door naar elk VOIP-apparaat en betaal een vast bedrag voor onbeperkte inkomende minuten naar dat nummer. Je zou verbaasd zijn hoeveel bellers er in Ethiopi\u00eb zouden kunnen zijn.<\/p>\n\n\n\n<p align=\"center\"><a class=\"buy\" href=\"https:\/\/virtnum.com\/buy\/Ethiopia\">\u27a1\ufe0f Ontvang een virtueel nummer uit Ethiopi\u00eb \u2b05\ufe0f<\/a><\/p>\n\n\n\n<h2 class=\"wp-block-heading\">Hoe krijg ik een lokaal virtueel telefoonnummer in Ethiopi\u00eb?<\/h2>\n\n\n\n<ol class=\"wp-block-list\">\n<li>Selecteer in Uw account de <strong>nummer soort<\/strong> (SMS, spraak of gratis).<\/li>\n\n\n\n<li>Kies <strong>Ethiopi\u00eb<\/strong> uit de landenlijst.<\/li>\n\n\n\n<li>Selecteer de <strong>stad\/regio<\/strong> waar u het nummer wilt ophalen.<\/li>\n\n\n\n<li>Opgericht <strong>richting voor het doorsturen van oproepen<\/strong> (naar telefoonnummer, SIP of Telegram).<\/li>\n\n\n\n<li>Betaal de <strong>instelkosten<\/strong> En <strong>maandelijkse kosten<\/strong> voor het benodigde aantal maanden huur (korting is mogelijk bij verhoging van het aantal maanden).<\/li>\n<\/ol>","protected":false},"excerpt":{"rendered":"<p>Lokaal virtueel nummer Ontvang en stuur oproepen en sms-berichten wereldwijd door. Kies uw land en regio en selecteer vervolgens het nummer dat overeenkomt met uw zoekcriteria uit...<\/p>","protected":false},"author":1,"featured_media":0,"parent":40,"menu_order":0,"comment_status":"closed","ping_status":"closed","template":"","meta":{"_acf_changed":false,"footnotes":""},"class_list":["post-911","page","type-page","status-publish","hentry"],"acf":[],"yoast_head":"<!-- This site is optimized with the Yoast SEO plugin v27.3 - https:\/\/yoast.com\/product\/yoast-seo-wordpress\/ -->\n<title>Buy Ethiopia Virtual Phone Numbers - Virtual Local Phone Numbers<\/title>\n<meta name=\"description\" content=\"Get unique Ethiopia Virtual Phone Numbers (Ethiopia DID Numbers). Make outgoing calls and receive incoming calls or forward the calls to anywhere in the world. Signup for Local Ethiopia Number.\" \/>\n<meta name=\"robots\" content=\"index, follow, max-snippet:-1, max-image-preview:large, max-video-preview:-1\" \/>\n<link rel=\"canonical\" href=\"https:\/\/virtnum.com\/nl\/buy-virtual-phone-number\/ethiopia\/\" \/>\n<meta property=\"og:locale\" content=\"nl_NL\" \/>\n<meta property=\"og:type\" content=\"article\" \/>\n<meta property=\"og:title\" content=\"Buy Ethiopia Virtual Phone Numbers - Virtual Local Phone Numbers\" \/>\n<meta property=\"og:description\" content=\"Get unique Ethiopia Virtual Phone Numbers (Ethiopia DID Numbers). Make outgoing calls and receive incoming calls or forward the calls to anywhere in the world. Signup for Local Ethiopia Number.\" \/>\n<meta property=\"og:url\" content=\"https:\/\/virtnum.com\/nl\/buy-virtual-phone-number\/ethiopia\/\" \/>\n<meta property=\"og:site_name\" content=\"Virtual Local Phone Numbers\" \/>\n<meta property=\"article:modified_time\" content=\"2025-03-21T10:50:53+00:00\" \/>\n<meta property=\"og:image\" content=\"https:\/\/virtnum.com\/wp-content\/uploads\/2021\/04\/check-price.png\" \/>\n\t<meta property=\"og:image:width\" content=\"500\" \/>\n\t<meta property=\"og:image:height\" content=\"200\" \/>\n\t<meta property=\"og:image:type\" content=\"image\/png\" \/>\n<meta name=\"twitter:card\" content=\"summary_large_image\" \/>\n<meta name=\"twitter:label1\" content=\"Geschatte leestijd\" \/>\n\t<meta name=\"twitter:data1\" content=\"3 minuten\" \/>\n<script type=\"application\/ld+json\" class=\"yoast-schema-graph\">{\"@context\":\"https:\\\/\\\/schema.org\",\"@graph\":[{\"@type\":\"WebPage\",\"@id\":\"https:\\\/\\\/virtnum.com\\\/buy-virtual-phone-number\\\/ethiopia\\\/\",\"url\":\"https:\\\/\\\/virtnum.com\\\/buy-virtual-phone-number\\\/ethiopia\\\/\",\"name\":\"Buy Ethiopia Virtual Phone Numbers - Virtual Local Phone Numbers\",\"isPartOf\":{\"@id\":\"https:\\\/\\\/virtnum.com\\\/#website\"},\"primaryImageOfPage\":{\"@id\":\"https:\\\/\\\/virtnum.com\\\/buy-virtual-phone-number\\\/ethiopia\\\/#primaryimage\"},\"image\":{\"@id\":\"https:\\\/\\\/virtnum.com\\\/buy-virtual-phone-number\\\/ethiopia\\\/#primaryimage\"},\"thumbnailUrl\":\"https:\\\/\\\/virtnum.com\\\/wp-content\\\/uploads\\\/2021\\\/04\\\/check-price.png\",\"datePublished\":\"2025-03-21T10:50:44+00:00\",\"dateModified\":\"2025-03-21T10:50:53+00:00\",\"description\":\"Get unique Ethiopia Virtual Phone Numbers (Ethiopia DID Numbers). Make outgoing calls and receive incoming calls or forward the calls to anywhere in the world. Signup for Local Ethiopia Number.\",\"breadcrumb\":{\"@id\":\"https:\\\/\\\/virtnum.com\\\/buy-virtual-phone-number\\\/ethiopia\\\/#breadcrumb\"},\"inLanguage\":\"nl-NL\",\"potentialAction\":[{\"@type\":\"ReadAction\",\"target\":[\"https:\\\/\\\/virtnum.com\\\/buy-virtual-phone-number\\\/ethiopia\\\/\"]}]},{\"@type\":\"ImageObject\",\"inLanguage\":\"nl-NL\",\"@id\":\"https:\\\/\\\/virtnum.com\\\/buy-virtual-phone-number\\\/ethiopia\\\/#primaryimage\",\"url\":\"https:\\\/\\\/virtnum.com\\\/wp-content\\\/uploads\\\/2021\\\/04\\\/check-price.png\",\"contentUrl\":\"https:\\\/\\\/virtnum.com\\\/wp-content\\\/uploads\\\/2021\\\/04\\\/check-price.png\"},{\"@type\":\"BreadcrumbList\",\"@id\":\"https:\\\/\\\/virtnum.com\\\/buy-virtual-phone-number\\\/ethiopia\\\/#breadcrumb\",\"itemListElement\":[{\"@type\":\"ListItem\",\"position\":1,\"name\":\"Permanent Virtual Phone Numbers\",\"item\":\"https:\\\/\\\/virtnum.com\\\/buy-virtual-phone-number\\\/\"},{\"@type\":\"ListItem\",\"position\":2,\"name\":\"Ethiopia\"}]},{\"@type\":\"WebSite\",\"@id\":\"https:\\\/\\\/virtnum.com\\\/#website\",\"url\":\"https:\\\/\\\/virtnum.com\\\/\",\"name\":\"Virtual Local Phone Numbers\",\"description\":\"Buy Virtual Phone Numbers | DID Numbers | VoIP Numbers | Toll-free Numbers | Call forwarding to SIP, VOIP, PBX, Mobile or Fixed Phones\",\"publisher\":{\"@id\":\"https:\\\/\\\/virtnum.com\\\/#organization\"},\"potentialAction\":[{\"@type\":\"SearchAction\",\"target\":{\"@type\":\"EntryPoint\",\"urlTemplate\":\"https:\\\/\\\/virtnum.com\\\/?s={search_term_string}\"},\"query-input\":{\"@type\":\"PropertyValueSpecification\",\"valueRequired\":true,\"valueName\":\"search_term_string\"}}],\"inLanguage\":\"nl-NL\"},{\"@type\":\"Organization\",\"@id\":\"https:\\\/\\\/virtnum.com\\\/#organization\",\"name\":\"Virtual Local Phone Numbers\",\"url\":\"https:\\\/\\\/virtnum.com\\\/\",\"logo\":{\"@type\":\"ImageObject\",\"inLanguage\":\"nl-NL\",\"@id\":\"https:\\\/\\\/virtnum.com\\\/#\\\/schema\\\/logo\\\/image\\\/\",\"url\":\"https:\\\/\\\/virtnum.com\\\/wp-content\\\/uploads\\\/2022\\\/12\\\/logo-1.png\",\"contentUrl\":\"https:\\\/\\\/virtnum.com\\\/wp-content\\\/uploads\\\/2022\\\/12\\\/logo-1.png\",\"width\":420,\"height\":165,\"caption\":\"Virtual Local Phone Numbers\"},\"image\":{\"@id\":\"https:\\\/\\\/virtnum.com\\\/#\\\/schema\\\/logo\\\/image\\\/\"}}]}<\/script>\n<!-- \/ Yoast SEO plugin. -->","yoast_head_json":{"title":"Koop virtuele telefoonnummers van Ethiopi\u00eb - Virtuele lokale telefoonnummers","description":"Ontvang unieke Ethiopische virtuele telefoonnummers (Ethiopische DID-nummers). Bel uitgaande gesprekken en ontvang inkomende gesprekken of stuur de gesprekken door naar waar dan ook ter wereld. Meld u aan voor een lokaal Ethiopisch nummer.","robots":{"index":"index","follow":"follow","max-snippet":"max-snippet:-1","max-image-preview":"max-image-preview:large","max-video-preview":"max-video-preview:-1"},"canonical":"https:\/\/virtnum.com\/nl\/buy-virtual-phone-number\/ethiopia\/","og_locale":"nl_NL","og_type":"article","og_title":"Buy Ethiopia Virtual Phone Numbers - Virtual Local Phone Numbers","og_description":"Get unique Ethiopia Virtual Phone Numbers (Ethiopia DID Numbers). Make outgoing calls and receive incoming calls or forward the calls to anywhere in the world. Signup for Local Ethiopia Number.","og_url":"https:\/\/virtnum.com\/nl\/buy-virtual-phone-number\/ethiopia\/","og_site_name":"Virtual Local Phone Numbers","article_modified_time":"2025-03-21T10:50:53+00:00","og_image":[{"width":500,"height":200,"url":"https:\/\/virtnum.com\/wp-content\/uploads\/2021\/04\/check-price.png","type":"image\/png"}],"twitter_card":"summary_large_image","twitter_misc":{"Geschatte leestijd":"3 minuten"},"schema":{"@context":"https:\/\/schema.org","@graph":[{"@type":"WebPage","@id":"https:\/\/virtnum.com\/buy-virtual-phone-number\/ethiopia\/","url":"https:\/\/virtnum.com\/buy-virtual-phone-number\/ethiopia\/","name":"Koop virtuele telefoonnummers van Ethiopi\u00eb - Virtuele lokale telefoonnummers","isPartOf":{"@id":"https:\/\/virtnum.com\/#website"},"primaryImageOfPage":{"@id":"https:\/\/virtnum.com\/buy-virtual-phone-number\/ethiopia\/#primaryimage"},"image":{"@id":"https:\/\/virtnum.com\/buy-virtual-phone-number\/ethiopia\/#primaryimage"},"thumbnailUrl":"https:\/\/virtnum.com\/wp-content\/uploads\/2021\/04\/check-price.png","datePublished":"2025-03-21T10:50:44+00:00","dateModified":"2025-03-21T10:50:53+00:00","description":"Ontvang unieke Ethiopische virtuele telefoonnummers (Ethiopische DID-nummers). Bel uitgaande gesprekken en ontvang inkomende gesprekken of stuur de gesprekken door naar waar dan ook ter wereld. Meld u aan voor een lokaal Ethiopisch nummer.","breadcrumb":{"@id":"https:\/\/virtnum.com\/buy-virtual-phone-number\/ethiopia\/#breadcrumb"},"inLanguage":"nl-NL","potentialAction":[{"@type":"ReadAction","target":["https:\/\/virtnum.com\/buy-virtual-phone-number\/ethiopia\/"]}]},{"@type":"ImageObject","inLanguage":"nl-NL","@id":"https:\/\/virtnum.com\/buy-virtual-phone-number\/ethiopia\/#primaryimage","url":"https:\/\/virtnum.com\/wp-content\/uploads\/2021\/04\/check-price.png","contentUrl":"https:\/\/virtnum.com\/wp-content\/uploads\/2021\/04\/check-price.png"},{"@type":"BreadcrumbList","@id":"https:\/\/virtnum.com\/buy-virtual-phone-number\/ethiopia\/#breadcrumb","itemListElement":[{"@type":"ListItem","position":1,"name":"Permanent Virtual Phone Numbers","item":"https:\/\/virtnum.com\/buy-virtual-phone-number\/"},{"@type":"ListItem","position":2,"name":"Ethiopia"}]},{"@type":"WebSite","@id":"https:\/\/virtnum.com\/#website","url":"https:\/\/virtnum.com\/","name":"Virtuele lokale telefoonnummers","description":"Koop virtuele telefoonnummers | DID-nummers | VoIP-nummers | Gratis nummers | Oproepdoorschakeling naar SIP, VOIP, PBX, mobiele of vaste telefoons","publisher":{"@id":"https:\/\/virtnum.com\/#organization"},"potentialAction":[{"@type":"SearchAction","target":{"@type":"EntryPoint","urlTemplate":"https:\/\/virtnum.com\/?s={search_term_string}"},"query-input":{"@type":"PropertyValueSpecification","valueRequired":true,"valueName":"search_term_string"}}],"inLanguage":"nl-NL"},{"@type":"Organization","@id":"https:\/\/virtnum.com\/#organization","name":"Virtuele lokale telefoonnummers","url":"https:\/\/virtnum.com\/","logo":{"@type":"ImageObject","inLanguage":"nl-NL","@id":"https:\/\/virtnum.com\/#\/schema\/logo\/image\/","url":"https:\/\/virtnum.com\/wp-content\/uploads\/2022\/12\/logo-1.png","contentUrl":"https:\/\/virtnum.com\/wp-content\/uploads\/2022\/12\/logo-1.png","width":420,"height":165,"caption":"Virtual Local Phone Numbers"},"image":{"@id":"https:\/\/virtnum.com\/#\/schema\/logo\/image\/"}}]}},"_links":{"self":[{"href":"https:\/\/virtnum.com\/nl\/wp-json\/wp\/v2\/pages\/911","targetHints":{"allow":["GET"]}}],"collection":[{"href":"https:\/\/virtnum.com\/nl\/wp-json\/wp\/v2\/pages"}],"about":[{"href":"https:\/\/virtnum.com\/nl\/wp-json\/wp\/v2\/types\/page"}],"author":[{"embeddable":true,"href":"https:\/\/virtnum.com\/nl\/wp-json\/wp\/v2\/users\/1"}],"replies":[{"embeddable":true,"href":"https:\/\/virtnum.com\/nl\/wp-json\/wp\/v2\/comments?post=911"}],"version-history":[{"count":1,"href":"https:\/\/virtnum.com\/nl\/wp-json\/wp\/v2\/pages\/911\/revisions"}],"predecessor-version":[{"id":912,"href":"https:\/\/virtnum.com\/nl\/wp-json\/wp\/v2\/pages\/911\/revisions\/912"}],"up":[{"embeddable":true,"href":"https:\/\/virtnum.com\/nl\/wp-json\/wp\/v2\/pages\/40"}],"wp:attachment":[{"href":"https:\/\/virtnum.com\/nl\/wp-json\/wp\/v2\/media?parent=911"}],"curies":[{"name":"wp","href":"https:\/\/api.w.org\/{rel}","templated":true}]}}