{"id":115,"date":"2021-04-06T20:34:41","date_gmt":"2021-04-06T16:34:41","guid":{"rendered":"https:\/\/virtnum.com\/?page_id=115"},"modified":"2021-04-06T20:34:41","modified_gmt":"2021-04-06T16:34:41","slug":"buy-toll-free-number","status":"publish","type":"page","link":"https:\/\/virtnum.com\/pt\/buy-toll-free-number\/","title":{"rendered":"Compre n\u00fameros gratuitos"},"content":{"rendered":"<h2 class=\"wp-block-heading\">O que \u00e9 um n\u00famero gratuito e como funciona?<\/h2>\n\n\n\n<p>Os n\u00fameros gratuitos permitem que os chamadores entrem em contato com empresas e\/ou indiv\u00edduos sem serem cobrados pela chamada. A cobran\u00e7a pelo uso de um n\u00famero gratuito \u00e9 paga pelo chamador (o assinante gratuito) e n\u00e3o pelo chamador. N\u00fameros gratuitos podem ser discados diretamente para sua linha telef\u00f4nica comercial ou pessoal.<\/p>\n\n\n\n<p>Os n\u00fameros gratuitos s\u00e3o muito comuns e t\u00eam se mostrado bem-sucedidos para as empresas, principalmente nas \u00e1reas de atendimento ao cliente e telemarketing. O servi\u00e7o gratuito oferece aos clientes em potencial e outras pessoas uma maneira \u201cgratuita\u201d e conveniente de entrar em contato com empresas.<\/p>\n\n\n\n<p>Os n\u00fameros gratuitos t\u00eam feito muito sucesso para empres\u00e1rios e consumidores. As empresas geralmente fornecem a seus clientes n\u00fameros gratuitos para solicitar produtos ou fornecer atendimento ao cliente. Normalmente, o custo por chamada para a empresa \u00e9 menor do que o custo por chamada se o consumidor pagar tarifas de longa dist\u00e2ncia. Al\u00e9m disso, \u00e9 mais prov\u00e1vel que os consumidores contactem a empresa se a chamada for gratuita.<\/p>\n\n\n\n<p>Os n\u00fameros de telefone virtuais oferecem n\u00fameros Toll Free que come\u00e7am com um dos seguintes c\u00f3digos: 120, 1300, 1800, 1809, 20, 4, 400, 800, 803, 805, 807, 808, 844, 855, 866, 877, 888, 900.<\/p>\n\n\n\n<p>Atualmente, os n\u00fameros de telefone virtuais fornecem n\u00fameros Toll Free dos seguintes pa\u00edses: Argentina, Austr\u00e1lia, \u00c1ustria, Bahrein, Bol\u00edvia, Brasil, Bulg\u00e1ria, Canad\u00e1, China, Col\u00f4mbia, Costa Rica, Cro\u00e1cia, Chipre, Rep\u00fablica Tcheca, Dinamarca, Equador, Est\u00f4nia, Finl\u00e2ndia , Fran\u00e7a, Alemanha, Hong Kong, \u00cdndia, Indon\u00e9sia, Irlanda, Israel, It\u00e1lia, Jap\u00e3o, Litu\u00e2nia, Luxemburgo, M\u00e9xico, Nova Zel\u00e2ndia, Noruega, Panam\u00e1, Peru, Pol\u00f3nia, Portugal, Rom\u00e9nia, Federa\u00e7\u00e3o Russa, Eslov\u00e1quia, Espanha, Su\u00e9cia, Reino Unido, Reino Unido, Estados Unidos, Uruguai, EUA, Venezuela.<\/p>","protected":false},"excerpt":{"rendered":"<p>O que \u00e9 um n\u00famero gratuito e como funciona? Os n\u00fameros gratuitos permitem que os chamadores entrem em contato com empresas e\/ou indiv\u00edduos sem serem cobrados pelo\u2026<\/p>","protected":false},"author":1,"featured_media":0,"parent":0,"menu_order":0,"comment_status":"closed","ping_status":"closed","template":"","meta":{"_acf_changed":false,"footnotes":""},"class_list":["post-115","page","type-page","status-publish","hentry"],"acf":[],"yoast_head":"<!-- This site is optimized with the Yoast SEO plugin v27.4 - https:\/\/yoast.com\/product\/yoast-seo-wordpress\/ -->\n<title>Buy Toll Free Numbers | Buy Virtual Toll Free Numbers | Buy Local Toll Free Number - Virtual Number Provider | DID Numbers | Call Forwarding<\/title>\n<meta name=\"description\" content=\"Buy Toll Free Number or Toll-free Phone Numbers from over 20 countries worldwide. Signup for a Toll Free Number for FREE NOW!!!\" \/>\n<meta name=\"robots\" content=\"index, follow, max-snippet:-1, max-image-preview:large, max-video-preview:-1\" \/>\n<link rel=\"canonical\" href=\"https:\/\/virtnum.com\/pt\/buy-toll-free-number\/\" \/>\n<meta property=\"og:locale\" content=\"pt_BR\" \/>\n<meta property=\"og:type\" content=\"article\" \/>\n<meta property=\"og:title\" content=\"Buy Toll Free Numbers | Buy Virtual Toll Free Numbers | Buy Local Toll Free Number - Virtual Number Provider | DID Numbers | Call Forwarding\" \/>\n<meta property=\"og:description\" content=\"Buy Toll Free Number or Toll-free Phone Numbers from over 20 countries worldwide. Signup for a Toll Free Number for FREE NOW!!!\" \/>\n<meta property=\"og:url\" content=\"https:\/\/virtnum.com\/pt\/buy-toll-free-number\/\" \/>\n<meta property=\"og:site_name\" content=\"Virtual Local Phone Numbers\" \/>\n<meta name=\"twitter:card\" content=\"summary_large_image\" \/>\n<meta name=\"twitter:label1\" content=\"Est. tempo de leitura\" \/>\n\t<meta name=\"twitter:data1\" content=\"2 minutos\" \/>\n<script type=\"application\/ld+json\" class=\"yoast-schema-graph\">{\"@context\":\"https:\\\/\\\/schema.org\",\"@graph\":[{\"@type\":\"WebPage\",\"@id\":\"https:\\\/\\\/virtnum.com\\\/buy-toll-free-number\\\/\",\"url\":\"https:\\\/\\\/virtnum.com\\\/buy-toll-free-number\\\/\",\"name\":\"Buy Toll Free Numbers | Buy Virtual Toll Free Numbers | Buy Local Toll Free Number - Virtual Number Provider | DID Numbers | Call Forwarding\",\"isPartOf\":{\"@id\":\"https:\\\/\\\/virtnum.com\\\/#website\"},\"datePublished\":\"2021-04-06T16:34:41+00:00\",\"description\":\"Buy Toll Free Number or Toll-free Phone Numbers from over 20 countries worldwide. Signup for a Toll Free Number for FREE NOW!!!\",\"inLanguage\":\"pt-BR\",\"potentialAction\":[{\"@type\":\"ReadAction\",\"target\":[\"https:\\\/\\\/virtnum.com\\\/buy-toll-free-number\\\/\"]}]},{\"@type\":\"WebSite\",\"@id\":\"https:\\\/\\\/virtnum.com\\\/#website\",\"url\":\"https:\\\/\\\/virtnum.com\\\/\",\"name\":\"Virtual Local Phone Numbers\",\"description\":\"Buy Virtual Phone Numbers | DID Numbers | VoIP Numbers | Toll-free Numbers | Call forwarding to SIP, VOIP, PBX, Mobile or Fixed Phones\",\"publisher\":{\"@id\":\"https:\\\/\\\/virtnum.com\\\/#organization\"},\"potentialAction\":[{\"@type\":\"SearchAction\",\"target\":{\"@type\":\"EntryPoint\",\"urlTemplate\":\"https:\\\/\\\/virtnum.com\\\/?s={search_term_string}\"},\"query-input\":{\"@type\":\"PropertyValueSpecification\",\"valueRequired\":true,\"valueName\":\"search_term_string\"}}],\"inLanguage\":\"pt-BR\"},{\"@type\":\"Organization\",\"@id\":\"https:\\\/\\\/virtnum.com\\\/#organization\",\"name\":\"Virtual Local Phone Numbers\",\"url\":\"https:\\\/\\\/virtnum.com\\\/\",\"logo\":{\"@type\":\"ImageObject\",\"inLanguage\":\"pt-BR\",\"@id\":\"https:\\\/\\\/virtnum.com\\\/#\\\/schema\\\/logo\\\/image\\\/\",\"url\":\"https:\\\/\\\/virtnum.com\\\/wp-content\\\/uploads\\\/2022\\\/12\\\/logo-1.png\",\"contentUrl\":\"https:\\\/\\\/virtnum.com\\\/wp-content\\\/uploads\\\/2022\\\/12\\\/logo-1.png\",\"width\":420,\"height\":165,\"caption\":\"Virtual Local Phone Numbers\"},\"image\":{\"@id\":\"https:\\\/\\\/virtnum.com\\\/#\\\/schema\\\/logo\\\/image\\\/\"}}]}<\/script>\n<!-- \/ Yoast SEO plugin. -->","yoast_head_json":{"title":"Compre n\u00fameros gratuitos | Compre n\u00fameros virtuais gratuitos | Compre um n\u00famero gratuito local - Provedor de n\u00famero virtual | N\u00fameros DID | Encaminhamento de chamadas","description":"Compre n\u00fameros gratuitos ou n\u00fameros de telefone gratuitos de mais de 20 pa\u00edses em todo o mundo. Inscreva-se para um n\u00famero gratuito GRATUITAMENTE AGORA!!!","robots":{"index":"index","follow":"follow","max-snippet":"max-snippet:-1","max-image-preview":"max-image-preview:large","max-video-preview":"max-video-preview:-1"},"canonical":"https:\/\/virtnum.com\/pt\/buy-toll-free-number\/","og_locale":"pt_BR","og_type":"article","og_title":"Buy Toll Free Numbers | Buy Virtual Toll Free Numbers | Buy Local Toll Free Number - Virtual Number Provider | DID Numbers | Call Forwarding","og_description":"Buy Toll Free Number or Toll-free Phone Numbers from over 20 countries worldwide. Signup for a Toll Free Number for FREE NOW!!!","og_url":"https:\/\/virtnum.com\/pt\/buy-toll-free-number\/","og_site_name":"Virtual Local Phone Numbers","twitter_card":"summary_large_image","twitter_misc":{"Est. tempo de leitura":"2 minutos"},"schema":{"@context":"https:\/\/schema.org","@graph":[{"@type":"WebPage","@id":"https:\/\/virtnum.com\/buy-toll-free-number\/","url":"https:\/\/virtnum.com\/buy-toll-free-number\/","name":"Compre n\u00fameros gratuitos | Compre n\u00fameros virtuais gratuitos | Compre um n\u00famero gratuito local - Provedor de n\u00famero virtual | N\u00fameros DID | Encaminhamento de chamadas","isPartOf":{"@id":"https:\/\/virtnum.com\/#website"},"datePublished":"2021-04-06T16:34:41+00:00","description":"Compre n\u00fameros gratuitos ou n\u00fameros de telefone gratuitos de mais de 20 pa\u00edses em todo o mundo. Inscreva-se para um n\u00famero gratuito GRATUITAMENTE AGORA!!!","inLanguage":"pt-BR","potentialAction":[{"@type":"ReadAction","target":["https:\/\/virtnum.com\/buy-toll-free-number\/"]}]},{"@type":"WebSite","@id":"https:\/\/virtnum.com\/#website","url":"https:\/\/virtnum.com\/","name":"N\u00fameros de telefone locais virtuais","description":"Compre n\u00fameros de telefone virtuais | N\u00fameros DID | N\u00fameros VoIP | N\u00fameros gratuitos | Encaminhamento de chamadas para SIP, VOIP, PBX, telefones m\u00f3veis ou fixos","publisher":{"@id":"https:\/\/virtnum.com\/#organization"},"potentialAction":[{"@type":"SearchAction","target":{"@type":"EntryPoint","urlTemplate":"https:\/\/virtnum.com\/?s={search_term_string}"},"query-input":{"@type":"PropertyValueSpecification","valueRequired":true,"valueName":"search_term_string"}}],"inLanguage":"pt-BR"},{"@type":"Organization","@id":"https:\/\/virtnum.com\/#organization","name":"N\u00fameros de telefone locais virtuais","url":"https:\/\/virtnum.com\/","logo":{"@type":"ImageObject","inLanguage":"pt-BR","@id":"https:\/\/virtnum.com\/#\/schema\/logo\/image\/","url":"https:\/\/virtnum.com\/wp-content\/uploads\/2022\/12\/logo-1.png","contentUrl":"https:\/\/virtnum.com\/wp-content\/uploads\/2022\/12\/logo-1.png","width":420,"height":165,"caption":"Virtual Local Phone Numbers"},"image":{"@id":"https:\/\/virtnum.com\/#\/schema\/logo\/image\/"}}]}},"_links":{"self":[{"href":"https:\/\/virtnum.com\/pt\/wp-json\/wp\/v2\/pages\/115","targetHints":{"allow":["GET"]}}],"collection":[{"href":"https:\/\/virtnum.com\/pt\/wp-json\/wp\/v2\/pages"}],"about":[{"href":"https:\/\/virtnum.com\/pt\/wp-json\/wp\/v2\/types\/page"}],"author":[{"embeddable":true,"href":"https:\/\/virtnum.com\/pt\/wp-json\/wp\/v2\/users\/1"}],"replies":[{"embeddable":true,"href":"https:\/\/virtnum.com\/pt\/wp-json\/wp\/v2\/comments?post=115"}],"version-history":[{"count":1,"href":"https:\/\/virtnum.com\/pt\/wp-json\/wp\/v2\/pages\/115\/revisions"}],"predecessor-version":[{"id":117,"href":"https:\/\/virtnum.com\/pt\/wp-json\/wp\/v2\/pages\/115\/revisions\/117"}],"wp:attachment":[{"href":"https:\/\/virtnum.com\/pt\/wp-json\/wp\/v2\/media?parent=115"}],"curies":[{"name":"wp","href":"https:\/\/api.w.org\/{rel}","templated":true}]}}