{"id":349,"date":"2022-11-02T00:56:19","date_gmt":"2022-11-01T20:56:19","guid":{"rendered":"https:\/\/virtnum.com\/?page_id=349"},"modified":"2023-11-01T03:19:37","modified_gmt":"2023-10-31T23:19:37","slug":"hong-kong","status":"publish","type":"page","link":"https:\/\/virtnum.com\/pt\/buy-virtual-phone-number\/hong-kong\/","title":{"rendered":"Hong Kong"},"content":{"rendered":"<div class=\"wp-block-columns is-layout-flex wp-container-core-columns-is-layout-9d6595d7 wp-block-columns-is-layout-flex\">\n<div class=\"wp-block-column is-layout-flow wp-block-column-is-layout-flow\">\n<h2 class=\"wp-block-heading\">N\u00famero virtual local de Hong Kong<\/h2>\n\n\n\n<h3 class=\"wp-block-heading\">Receba e encaminhe chamadas e SMS em todo o mundo<\/h3>\n\n\n\n<ul class=\"wp-block-list\">\n<li>Alugue o n\u00famero de telefone de Hong Kong de qualquer pa\u00eds.<\/li>\n\n\n\n<li>Se precisar salvar o n\u00famero de telefone ao alterar o endere\u00e7o da sua empresa.<\/li>\n\n\n\n<li>Al\u00e9m disso, as conversas s\u00e3o mantidas em sigilo.<\/li>\n\n\n\n<li>Use-o para veicular campanhas publicit\u00e1rias.<\/li>\n\n\n\n<li>Reduza os custos de chamadas internacionais. Seus contatos poder\u00e3o ligar para um n\u00famero local.<\/li>\n<\/ul>\n<\/div>\n\n\n\n<div class=\"wp-block-column is-vertically-aligned-top is-layout-flow wp-block-column-is-layout-flow\">\n<p>\u0415scolha seu pa\u00eds e regi\u00e3o e selecione o n\u00famero que corresponde aos seus crit\u00e9rios de pesquisa na lista.<\/p>\n<a href=\"https:\/\/virtnum.com\/buy\/Hong Kong\"><img loading=\"lazy\" decoding=\"async\" width=\"500\" height=\"200\" src=\"https:\/\/virtnum.com\/wp-content\/uploads\/2021\/04\/check-price.png\" alt=\"\" class=\"wp-image-96\" srcset=\"https:\/\/virtnum.com\/wp-content\/uploads\/2021\/04\/check-price.png 500w, https:\/\/virtnum.com\/wp-content\/uploads\/2021\/04\/check-price-300x120.png 300w\" sizes=\"auto, (max-width: 500px) 100vw, 500px\" \/><\/a>\n\n<p>Voc\u00ea precisa de mais de um n\u00famero? Nada com que se preocupar. \u00c9 poss\u00edvel comprar alguns n\u00fameros do pa\u00eds ou regi\u00e3o de sua prefer\u00eancia.<\/p>\n\n<p>Abaixo est\u00e3o tabelas que fornecem acesso r\u00e1pido a<br> <a href=\"#prices\" style=\"text-decoration:underline\">pre\u00e7os de n\u00fameros virtuais<\/a>.<\/p>\n<\/div>\n<\/div>\n\n\n\n<p>Com o n\u00famero virtual de Hong Kong voc\u00ea pode encaminhar chamadas para qualquer n\u00famero: fixo, celular, SIP ou Telegram. O encaminhamento de chamadas e SMS pode ser configurado em sua conta.<\/p>\n\n\n\n<a name=\"prices\">\n\n\n<p><div>\n               <h2>Pre\u00e7os dos n\u00fameros virtuais de voz de Hong Kong<\/h2>\n                <table id=\"city-search-voice\">\n                            <thead>\n                                <tr>\n                                <th>\n                                    Regi\u00e3o\n                                <\/th>\n                                <th>\n                                    C\u00f3digo do telefone\n                                <\/th>\n                                <th>\n                                    Taxa criada\n                                <\/th>\n                                <th>\n                                    Taxa mensal\n                                <\/th>\n                                <th>\n                                    \n                                <\/th>\n                                <\/tr>\n                            <\/thead>\n                            <tbody>\n                            <tr >\n                                <td data-label=\"City\">Nacional (5)<\/td>\n                \t\t\t\t<td data-label=\"Code\">+852 (5)<\/td>\n                \t\t\t\t<td data-label=\"Setup\">$50<\/td>\n                        \t    <td data-label=\"Fix\">$30<\/td>\n                                <td><a href=\"https:\/\/lk.virtnum.com\/pt\/component\/telecomax\/?task=buyunregistred&type=voice&country=hong-kong&city=national-5\" class=\"buy\">COMPRE \ud83d\uded2<\/a><\/td> \n                            <\/tr><\/tbody>\n                <\/table>\n                <\/div><br \/>\n<div><\/tbody>\n                <\/table>\n                <\/div><br \/>\n<div>\n               <h2>Pre\u00e7os de n\u00fameros virtuais gratuitos em Hong Kong<\/h2>\n                <table id=\"city-search-tollfree\">\n                            <thead>\n                                <tr>\n                                <th>\n                                    Regi\u00e3o\n                                <\/th>\n                                <th>\n                                    C\u00f3digo do telefone\n                                <\/th>\n                                <th>\n                                    Taxa criada\n                                <\/th>\n                                <th>\n                                    Taxa mensal\n                                <\/th>\n                                <th>\n                                    \n                                <\/th>\n                                <\/tr>\n                            <\/thead>\n                            <tbody>\n                            <tr >\n                                <td data-label=\"City\">Gr\u00e1tis<\/td>\n                \t\t\t\t<td data-label=\"Code\">+852 (800)<\/td>\n                \t\t\t\t<td data-label=\"Setup\">$140<\/td>\n                        \t    <td data-label=\"Fix\">$140<\/td>\n                                <td><a href=\"https:\/\/lk.virtnum.com\/pt\/component\/telecomax\/?task=buyunregistred&type=tollfree&country=hong-kong&city=tollfree\" class=\"buy\">COMPRE \ud83d\uded2<\/a><\/td> \n                            <\/tr><\/tbody>\n                <\/table>\n                <\/div><\/p>\n\n\n\n<h2 class=\"wp-block-heading\">Op\u00e7\u00f5es<\/h2>\n\n\n\n<ul class=\"wp-block-list\">\n<li>Encaminhe chamadas feitas de Hong Kong para qualquer lugar do mundo.<\/li>\n\n\n\n<li>Receba chamadas com seu n\u00famero virtual de Hong Kong usando um softphone ou nosso aplicativo m\u00f3vel.<\/li>\n\n\n\n<li>Encaminhe chamadas recebidas para qualquer linha telef\u00f4nica normal ou m\u00f3vel por uma tarifa muito baixa.<\/li>\n\n\n\n<li>O encaminhamento de chamadas recebidas para qualquer provedor de voz sobre IP (VoIP), SIP, H.323 ou IAX est\u00e1 inclu\u00eddo.<\/li>\n\n\n\n<li>Chamadas recebidas usando ITSP ou VoIP (SIP, H.323 ou IAX)<\/li>\n\n\n\n<li>Voc\u00ea aluga o n\u00famero de telefone de Hong Kong sem contratos.<\/li>\n\n\n\n<li>Se voc\u00ea precisar de um n\u00famero gratuito ou medido em Hong Kong, entre em contato com o suporte.<\/li>\n<\/ul>\n\n\n\n<p align=\"center\"><a class=\"buy\" href=\"https:\/\/virtnum.com\/buy\/Hong Kong\">\u27a1\ufe0f Compre n\u00famero DID em Hong Kong \u2b05\ufe0f<\/a><\/p>\n\n\n\n<h2 class=\"wp-block-heading\"><\/h2>\n\n\n\n<p align=\"center\"><a class=\"buy\" href=\"https:\/\/virtnum.com\/buy\/Hong Kong\">\u27a1\ufe0f Compre o n\u00famero virtual de Hong Kong \u2b05\ufe0f<\/a><\/p>","protected":false},"excerpt":{"rendered":"<p>N\u00famero virtual local Receba e encaminhe chamadas e SMS em todo o mundo \u0415scolha seu pa\u00eds e regi\u00e3o e, em seguida, selecione o n\u00famero que corresponde aos seus crit\u00e9rios de pesquisa em\u2026<\/p>","protected":false},"author":1,"featured_media":752,"parent":40,"menu_order":0,"comment_status":"closed","ping_status":"closed","template":"","meta":{"_acf_changed":false,"footnotes":""},"class_list":["post-349","page","type-page","status-publish","has-post-thumbnail","hentry"],"acf":[],"yoast_head":"<!-- This site is optimized with the Yoast SEO plugin v27.4 - https:\/\/yoast.com\/product\/yoast-seo-wordpress\/ -->\n<title>Buy Hong Kong Virtual Phone Numbers - Virtual Local Phone Numbers<\/title>\n<meta name=\"description\" content=\"Get unique Hong Kong Virtual Phone Numbers (Hong Kong DID Numbers). Make outgoing calls and receive incoming calls or forward the calls to anywhere in the world. Signup for Local Hong Kong Number.\" \/>\n<meta name=\"robots\" content=\"index, follow, max-snippet:-1, max-image-preview:large, max-video-preview:-1\" \/>\n<link rel=\"canonical\" href=\"https:\/\/virtnum.com\/pt\/buy-virtual-phone-number\/hong-kong\/\" \/>\n<meta property=\"og:locale\" content=\"pt_BR\" \/>\n<meta property=\"og:type\" content=\"article\" \/>\n<meta property=\"og:title\" content=\"Buy Hong Kong Virtual Phone Numbers - Virtual Local Phone Numbers\" \/>\n<meta property=\"og:description\" content=\"Get unique Hong Kong Virtual Phone Numbers (Hong Kong DID Numbers). Make outgoing calls and receive incoming calls or forward the calls to anywhere in the world. Signup for Local Hong Kong Number.\" \/>\n<meta property=\"og:url\" content=\"https:\/\/virtnum.com\/pt\/buy-virtual-phone-number\/hong-kong\/\" \/>\n<meta property=\"og:site_name\" content=\"Virtual Local Phone Numbers\" \/>\n<meta property=\"article:modified_time\" content=\"2023-10-31T23:19:37+00:00\" \/>\n<meta property=\"og:image\" content=\"https:\/\/virtnum.com\/wp-content\/uploads\/2023\/05\/virtual-phone-number-hong-kong.jpg\" \/>\n\t<meta property=\"og:image:width\" content=\"1200\" \/>\n\t<meta property=\"og:image:height\" content=\"628\" \/>\n\t<meta property=\"og:image:type\" content=\"image\/jpeg\" \/>\n<meta name=\"twitter:card\" content=\"summary_large_image\" \/>\n<meta name=\"twitter:label1\" content=\"Est. tempo de leitura\" \/>\n\t<meta name=\"twitter:data1\" content=\"2 minutos\" \/>\n<script type=\"application\/ld+json\" class=\"yoast-schema-graph\">{\"@context\":\"https:\\\/\\\/schema.org\",\"@graph\":[{\"@type\":\"WebPage\",\"@id\":\"https:\\\/\\\/virtnum.com\\\/buy-virtual-phone-number\\\/hong-kong\\\/\",\"url\":\"https:\\\/\\\/virtnum.com\\\/buy-virtual-phone-number\\\/hong-kong\\\/\",\"name\":\"Buy Hong Kong Virtual Phone Numbers - Virtual Local Phone Numbers\",\"isPartOf\":{\"@id\":\"https:\\\/\\\/virtnum.com\\\/#website\"},\"primaryImageOfPage\":{\"@id\":\"https:\\\/\\\/virtnum.com\\\/buy-virtual-phone-number\\\/hong-kong\\\/#primaryimage\"},\"image\":{\"@id\":\"https:\\\/\\\/virtnum.com\\\/buy-virtual-phone-number\\\/hong-kong\\\/#primaryimage\"},\"thumbnailUrl\":\"https:\\\/\\\/virtnum.com\\\/wp-content\\\/uploads\\\/2023\\\/05\\\/virtual-phone-number-hong-kong.jpg\",\"datePublished\":\"2022-11-01T20:56:19+00:00\",\"dateModified\":\"2023-10-31T23:19:37+00:00\",\"description\":\"Get unique Hong Kong Virtual Phone Numbers (Hong Kong DID Numbers). Make outgoing calls and receive incoming calls or forward the calls to anywhere in the world. Signup for Local Hong Kong Number.\",\"breadcrumb\":{\"@id\":\"https:\\\/\\\/virtnum.com\\\/buy-virtual-phone-number\\\/hong-kong\\\/#breadcrumb\"},\"inLanguage\":\"pt-BR\",\"potentialAction\":[{\"@type\":\"ReadAction\",\"target\":[\"https:\\\/\\\/virtnum.com\\\/buy-virtual-phone-number\\\/hong-kong\\\/\"]}]},{\"@type\":\"ImageObject\",\"inLanguage\":\"pt-BR\",\"@id\":\"https:\\\/\\\/virtnum.com\\\/buy-virtual-phone-number\\\/hong-kong\\\/#primaryimage\",\"url\":\"https:\\\/\\\/virtnum.com\\\/wp-content\\\/uploads\\\/2023\\\/05\\\/virtual-phone-number-hong-kong.jpg\",\"contentUrl\":\"https:\\\/\\\/virtnum.com\\\/wp-content\\\/uploads\\\/2023\\\/05\\\/virtual-phone-number-hong-kong.jpg\",\"width\":1200,\"height\":628,\"caption\":\"Virtual Phone Number for Hong Kong\"},{\"@type\":\"BreadcrumbList\",\"@id\":\"https:\\\/\\\/virtnum.com\\\/buy-virtual-phone-number\\\/hong-kong\\\/#breadcrumb\",\"itemListElement\":[{\"@type\":\"ListItem\",\"position\":1,\"name\":\"Permanent Virtual Phone Numbers\",\"item\":\"https:\\\/\\\/virtnum.com\\\/buy-virtual-phone-number\\\/\"},{\"@type\":\"ListItem\",\"position\":2,\"name\":\"Hong Kong\"}]},{\"@type\":\"WebSite\",\"@id\":\"https:\\\/\\\/virtnum.com\\\/#website\",\"url\":\"https:\\\/\\\/virtnum.com\\\/\",\"name\":\"Virtual Local Phone Numbers\",\"description\":\"Buy Virtual Phone Numbers | DID Numbers | VoIP Numbers | Toll-free Numbers | Call forwarding to SIP, VOIP, PBX, Mobile or Fixed Phones\",\"publisher\":{\"@id\":\"https:\\\/\\\/virtnum.com\\\/#organization\"},\"potentialAction\":[{\"@type\":\"SearchAction\",\"target\":{\"@type\":\"EntryPoint\",\"urlTemplate\":\"https:\\\/\\\/virtnum.com\\\/?s={search_term_string}\"},\"query-input\":{\"@type\":\"PropertyValueSpecification\",\"valueRequired\":true,\"valueName\":\"search_term_string\"}}],\"inLanguage\":\"pt-BR\"},{\"@type\":\"Organization\",\"@id\":\"https:\\\/\\\/virtnum.com\\\/#organization\",\"name\":\"Virtual Local Phone Numbers\",\"url\":\"https:\\\/\\\/virtnum.com\\\/\",\"logo\":{\"@type\":\"ImageObject\",\"inLanguage\":\"pt-BR\",\"@id\":\"https:\\\/\\\/virtnum.com\\\/#\\\/schema\\\/logo\\\/image\\\/\",\"url\":\"https:\\\/\\\/virtnum.com\\\/wp-content\\\/uploads\\\/2022\\\/12\\\/logo-1.png\",\"contentUrl\":\"https:\\\/\\\/virtnum.com\\\/wp-content\\\/uploads\\\/2022\\\/12\\\/logo-1.png\",\"width\":420,\"height\":165,\"caption\":\"Virtual Local Phone Numbers\"},\"image\":{\"@id\":\"https:\\\/\\\/virtnum.com\\\/#\\\/schema\\\/logo\\\/image\\\/\"}}]}<\/script>\n<!-- \/ Yoast SEO plugin. -->","yoast_head_json":{"title":"Compre n\u00fameros de telefone virtuais de Hong Kong - N\u00fameros de telefone locais virtuais","description":"Obtenha n\u00fameros de telefone virtuais exclusivos de Hong Kong (n\u00fameros DID de Hong Kong). Fa\u00e7a e receba chamadas ou encaminhe-as para qualquer lugar do mundo. Inscreva-se para obter um n\u00famero local de Hong Kong.","robots":{"index":"index","follow":"follow","max-snippet":"max-snippet:-1","max-image-preview":"max-image-preview:large","max-video-preview":"max-video-preview:-1"},"canonical":"https:\/\/virtnum.com\/pt\/buy-virtual-phone-number\/hong-kong\/","og_locale":"pt_BR","og_type":"article","og_title":"Buy Hong Kong Virtual Phone Numbers - Virtual Local Phone Numbers","og_description":"Get unique Hong Kong Virtual Phone Numbers (Hong Kong DID Numbers). Make outgoing calls and receive incoming calls or forward the calls to anywhere in the world. Signup for Local Hong Kong Number.","og_url":"https:\/\/virtnum.com\/pt\/buy-virtual-phone-number\/hong-kong\/","og_site_name":"Virtual Local Phone Numbers","article_modified_time":"2023-10-31T23:19:37+00:00","og_image":[{"width":1200,"height":628,"url":"https:\/\/virtnum.com\/wp-content\/uploads\/2023\/05\/virtual-phone-number-hong-kong.jpg","type":"image\/jpeg"}],"twitter_card":"summary_large_image","twitter_misc":{"Est. tempo de leitura":"2 minutos"},"schema":{"@context":"https:\/\/schema.org","@graph":[{"@type":"WebPage","@id":"https:\/\/virtnum.com\/buy-virtual-phone-number\/hong-kong\/","url":"https:\/\/virtnum.com\/buy-virtual-phone-number\/hong-kong\/","name":"Compre n\u00fameros de telefone virtuais de Hong Kong - N\u00fameros de telefone locais virtuais","isPartOf":{"@id":"https:\/\/virtnum.com\/#website"},"primaryImageOfPage":{"@id":"https:\/\/virtnum.com\/buy-virtual-phone-number\/hong-kong\/#primaryimage"},"image":{"@id":"https:\/\/virtnum.com\/buy-virtual-phone-number\/hong-kong\/#primaryimage"},"thumbnailUrl":"https:\/\/virtnum.com\/wp-content\/uploads\/2023\/05\/virtual-phone-number-hong-kong.jpg","datePublished":"2022-11-01T20:56:19+00:00","dateModified":"2023-10-31T23:19:37+00:00","description":"Obtenha n\u00fameros de telefone virtuais exclusivos de Hong Kong (n\u00fameros DID de Hong Kong). Fa\u00e7a e receba chamadas ou encaminhe-as para qualquer lugar do mundo. Inscreva-se para obter um n\u00famero local de Hong Kong.","breadcrumb":{"@id":"https:\/\/virtnum.com\/buy-virtual-phone-number\/hong-kong\/#breadcrumb"},"inLanguage":"pt-BR","potentialAction":[{"@type":"ReadAction","target":["https:\/\/virtnum.com\/buy-virtual-phone-number\/hong-kong\/"]}]},{"@type":"ImageObject","inLanguage":"pt-BR","@id":"https:\/\/virtnum.com\/buy-virtual-phone-number\/hong-kong\/#primaryimage","url":"https:\/\/virtnum.com\/wp-content\/uploads\/2023\/05\/virtual-phone-number-hong-kong.jpg","contentUrl":"https:\/\/virtnum.com\/wp-content\/uploads\/2023\/05\/virtual-phone-number-hong-kong.jpg","width":1200,"height":628,"caption":"Virtual Phone Number for Hong Kong"},{"@type":"BreadcrumbList","@id":"https:\/\/virtnum.com\/buy-virtual-phone-number\/hong-kong\/#breadcrumb","itemListElement":[{"@type":"ListItem","position":1,"name":"Permanent Virtual Phone Numbers","item":"https:\/\/virtnum.com\/buy-virtual-phone-number\/"},{"@type":"ListItem","position":2,"name":"Hong Kong"}]},{"@type":"WebSite","@id":"https:\/\/virtnum.com\/#website","url":"https:\/\/virtnum.com\/","name":"N\u00fameros de telefone locais virtuais","description":"Compre n\u00fameros de telefone virtuais | N\u00fameros DID | N\u00fameros VoIP | N\u00fameros gratuitos | Encaminhamento de chamadas para SIP, VOIP, PBX, telefones m\u00f3veis ou fixos","publisher":{"@id":"https:\/\/virtnum.com\/#organization"},"potentialAction":[{"@type":"SearchAction","target":{"@type":"EntryPoint","urlTemplate":"https:\/\/virtnum.com\/?s={search_term_string}"},"query-input":{"@type":"PropertyValueSpecification","valueRequired":true,"valueName":"search_term_string"}}],"inLanguage":"pt-BR"},{"@type":"Organization","@id":"https:\/\/virtnum.com\/#organization","name":"N\u00fameros de telefone locais virtuais","url":"https:\/\/virtnum.com\/","logo":{"@type":"ImageObject","inLanguage":"pt-BR","@id":"https:\/\/virtnum.com\/#\/schema\/logo\/image\/","url":"https:\/\/virtnum.com\/wp-content\/uploads\/2022\/12\/logo-1.png","contentUrl":"https:\/\/virtnum.com\/wp-content\/uploads\/2022\/12\/logo-1.png","width":420,"height":165,"caption":"Virtual Local Phone Numbers"},"image":{"@id":"https:\/\/virtnum.com\/#\/schema\/logo\/image\/"}}]}},"_links":{"self":[{"href":"https:\/\/virtnum.com\/pt\/wp-json\/wp\/v2\/pages\/349","targetHints":{"allow":["GET"]}}],"collection":[{"href":"https:\/\/virtnum.com\/pt\/wp-json\/wp\/v2\/pages"}],"about":[{"href":"https:\/\/virtnum.com\/pt\/wp-json\/wp\/v2\/types\/page"}],"author":[{"embeddable":true,"href":"https:\/\/virtnum.com\/pt\/wp-json\/wp\/v2\/users\/1"}],"replies":[{"embeddable":true,"href":"https:\/\/virtnum.com\/pt\/wp-json\/wp\/v2\/comments?post=349"}],"version-history":[{"count":7,"href":"https:\/\/virtnum.com\/pt\/wp-json\/wp\/v2\/pages\/349\/revisions"}],"predecessor-version":[{"id":825,"href":"https:\/\/virtnum.com\/pt\/wp-json\/wp\/v2\/pages\/349\/revisions\/825"}],"up":[{"embeddable":true,"href":"https:\/\/virtnum.com\/pt\/wp-json\/wp\/v2\/pages\/40"}],"wp:featuredmedia":[{"embeddable":true,"href":"https:\/\/virtnum.com\/pt\/wp-json\/wp\/v2\/media\/752"}],"wp:attachment":[{"href":"https:\/\/virtnum.com\/pt\/wp-json\/wp\/v2\/media?parent=349"}],"curies":[{"name":"wp","href":"https:\/\/api.w.org\/{rel}","templated":true}]}}