{"id":43,"date":"2021-01-17T12:44:30","date_gmt":"2021-01-17T08:44:30","guid":{"rendered":"https:\/\/virtnum.com\/?page_id=43"},"modified":"2022-10-31T14:54:45","modified_gmt":"2022-10-31T10:54:45","slug":"bahrain-virtual-numbers","status":"publish","type":"page","link":"https:\/\/virtnum.com\/pt\/buy-virtual-phone-number\/bahrain-virtual-numbers\/","title":{"rendered":"Bahrein"},"content":{"rendered":"<p>Obtenha n\u00fameros DID de Bahrein e n\u00fameros de telefone locais em mais de 60 outros pa\u00edses com a melhor qualidade e ao menor custo.<\/p>\n\n\n\n<ul class=\"wp-block-list\"><li>Encaminhe chamadas feitas do Bahrein para qualquer lugar do mundo.<\/li><li>Fa\u00e7a chamadas com seu n\u00famero virtual de Bahrein usando um softphone ou nosso aplicativo m\u00f3vel<\/li><li>Encaminhe chamadas recebidas para qualquer linha telef\u00f4nica normal ou m\u00f3vel por uma tarifa muito baixa.<\/li><li>O encaminhamento de chamadas recebidas para qualquer provedor de voz sobre IP (VoIP), SIP, H.323 ou IAX est\u00e1 inclu\u00eddo.<\/li><li>Voc\u00ea possui o n\u00famero de telefone do Bahrein sem contratos.<\/li><li>Se voc\u00ea precisar de um n\u00famero gratuito ou medido do Bahrein, saiba mais aqui.<\/li><\/ul>\n\n\n\n<h2 class=\"wp-block-heading\">Compre o n\u00famero de telefone do Bahrein para sua empresa<\/h2>\n\n\n\n<p>Precisa de uma presen\u00e7a no Bahrein para o seu neg\u00f3cio ou site? Compre um n\u00famero de telefone virtual Bahrein (n\u00famero DID Bahrein) e fale com clientes que voc\u00ea nunca imaginou ter. Clientes potenciais e atuais apreciar\u00e3o um n\u00famero de telefone local no Bahrein para usarem. Verifique os relat\u00f3rios anal\u00edticos de seu site, se voc\u00ea estiver recebendo tr\u00e1fego fora das \u00e1reas em que tem seu n\u00famero de telefone \u201cFale conosco\u201d, voc\u00ea pode estar perdendo neg\u00f3cios. Pegue um n\u00famero virtual de Bahrein, encaminhe as chamadas para qualquer dispositivo VOIP e pague uma tarifa fixa por minutos de entrada ilimitados para esse n\u00famero. Voc\u00ea ficaria surpreso com quantos visitantes poderiam haver no Bahrein. <\/p>\n\n\n\n<h2 class=\"wp-block-heading\">N\u00famero de telefone local do Bahrein para que amigos e familiares possam manter contato<\/h2>\n\n\n\n<p>Esteja voc\u00ea se mudando de casa ou apenas viajando no ver\u00e3o, voc\u00ea vai querer um n\u00famero de telefone local para amigos e familiares entrarem em contato com voc\u00ea. Escolha um n\u00famero de telefone local do Bahrein e desvie as chamadas para onde voc\u00ea estiver. Pode ser um n\u00famero de celular internacional ou um cliente SIP executado em um iPhone ou Android. As possibilidades s\u00e3o infinitas<\/p>","protected":false},"excerpt":{"rendered":"<p>Obtenha n\u00fameros DID de Bahrein e n\u00fameros de telefone locais em mais de 60 outros pa\u00edses com a melhor qualidade e ao menor custo. Encaminhar chamadas feitas para\u2026<\/p>","protected":false},"author":1,"featured_media":0,"parent":40,"menu_order":0,"comment_status":"closed","ping_status":"closed","template":"","meta":{"_acf_changed":false,"footnotes":""},"class_list":["post-43","page","type-page","status-publish","hentry"],"acf":[],"yoast_head":"<!-- This site is optimized with the Yoast SEO plugin v27.3 - https:\/\/yoast.com\/product\/yoast-seo-wordpress\/ -->\n<title>Buy Bahrain Virtual Phone Numbers for calls and SMS<\/title>\n<meta name=\"description\" content=\"Get unique Bahrain Virtual Phone Numbers (Bahrain DID Numbers). Make outgoing calls and receive incoming calls or forward the calls to anywhere in the world.\" \/>\n<meta name=\"robots\" content=\"index, follow, max-snippet:-1, max-image-preview:large, max-video-preview:-1\" \/>\n<link rel=\"canonical\" href=\"https:\/\/virtnum.com\/pt\/buy-virtual-phone-number\/bahrain-virtual-numbers\/\" \/>\n<meta property=\"og:locale\" content=\"pt_BR\" \/>\n<meta property=\"og:type\" content=\"article\" \/>\n<meta property=\"og:title\" content=\"Buy Bahrain Virtual Phone Numbers for calls and SMS\" \/>\n<meta property=\"og:description\" content=\"Get unique Bahrain Virtual Phone Numbers (Bahrain DID Numbers). Make outgoing calls and receive incoming calls or forward the calls to anywhere in the world.\" \/>\n<meta property=\"og:url\" content=\"https:\/\/virtnum.com\/pt\/buy-virtual-phone-number\/bahrain-virtual-numbers\/\" \/>\n<meta property=\"og:site_name\" content=\"Virtual Local Phone Numbers\" \/>\n<meta property=\"article:modified_time\" content=\"2022-10-31T10:54:45+00:00\" \/>\n<meta name=\"twitter:card\" content=\"summary_large_image\" \/>\n<script type=\"application\/ld+json\" class=\"yoast-schema-graph\">{\"@context\":\"https:\\\/\\\/schema.org\",\"@graph\":[{\"@type\":\"WebPage\",\"@id\":\"https:\\\/\\\/virtnum.com\\\/buy-virtual-phone-number\\\/bahrain-virtual-numbers\\\/\",\"url\":\"https:\\\/\\\/virtnum.com\\\/buy-virtual-phone-number\\\/bahrain-virtual-numbers\\\/\",\"name\":\"Buy Bahrain Virtual Phone Numbers for calls and SMS\",\"isPartOf\":{\"@id\":\"https:\\\/\\\/virtnum.com\\\/#website\"},\"datePublished\":\"2021-01-17T08:44:30+00:00\",\"dateModified\":\"2022-10-31T10:54:45+00:00\",\"description\":\"Get unique Bahrain Virtual Phone Numbers (Bahrain DID Numbers). Make outgoing calls and receive incoming calls or forward the calls to anywhere in the world.\",\"breadcrumb\":{\"@id\":\"https:\\\/\\\/virtnum.com\\\/buy-virtual-phone-number\\\/bahrain-virtual-numbers\\\/#breadcrumb\"},\"inLanguage\":\"pt-BR\",\"potentialAction\":[{\"@type\":\"ReadAction\",\"target\":[\"https:\\\/\\\/virtnum.com\\\/buy-virtual-phone-number\\\/bahrain-virtual-numbers\\\/\"]}]},{\"@type\":\"BreadcrumbList\",\"@id\":\"https:\\\/\\\/virtnum.com\\\/buy-virtual-phone-number\\\/bahrain-virtual-numbers\\\/#breadcrumb\",\"itemListElement\":[{\"@type\":\"ListItem\",\"position\":1,\"name\":\"Permanent Virtual Phone Numbers\",\"item\":\"https:\\\/\\\/virtnum.com\\\/buy-virtual-phone-number\\\/\"},{\"@type\":\"ListItem\",\"position\":2,\"name\":\"Bahrain\"}]},{\"@type\":\"WebSite\",\"@id\":\"https:\\\/\\\/virtnum.com\\\/#website\",\"url\":\"https:\\\/\\\/virtnum.com\\\/\",\"name\":\"Virtual Local Phone Numbers\",\"description\":\"Buy Virtual Phone Numbers | DID Numbers | VoIP Numbers | Toll-free Numbers | Call forwarding to SIP, VOIP, PBX, Mobile or Fixed Phones\",\"publisher\":{\"@id\":\"https:\\\/\\\/virtnum.com\\\/#organization\"},\"potentialAction\":[{\"@type\":\"SearchAction\",\"target\":{\"@type\":\"EntryPoint\",\"urlTemplate\":\"https:\\\/\\\/virtnum.com\\\/?s={search_term_string}\"},\"query-input\":{\"@type\":\"PropertyValueSpecification\",\"valueRequired\":true,\"valueName\":\"search_term_string\"}}],\"inLanguage\":\"pt-BR\"},{\"@type\":\"Organization\",\"@id\":\"https:\\\/\\\/virtnum.com\\\/#organization\",\"name\":\"Virtual Local Phone Numbers\",\"url\":\"https:\\\/\\\/virtnum.com\\\/\",\"logo\":{\"@type\":\"ImageObject\",\"inLanguage\":\"pt-BR\",\"@id\":\"https:\\\/\\\/virtnum.com\\\/#\\\/schema\\\/logo\\\/image\\\/\",\"url\":\"https:\\\/\\\/virtnum.com\\\/wp-content\\\/uploads\\\/2022\\\/12\\\/logo-1.png\",\"contentUrl\":\"https:\\\/\\\/virtnum.com\\\/wp-content\\\/uploads\\\/2022\\\/12\\\/logo-1.png\",\"width\":420,\"height\":165,\"caption\":\"Virtual Local Phone Numbers\"},\"image\":{\"@id\":\"https:\\\/\\\/virtnum.com\\\/#\\\/schema\\\/logo\\\/image\\\/\"}}]}<\/script>\n<!-- \/ Yoast SEO plugin. -->","yoast_head_json":{"title":"Compre n\u00fameros de telefone virtuais do Bahrein para chamadas e SMS","description":"Obtenha n\u00fameros de telefone virtuais exclusivos do Bahrein (n\u00fameros DID do Bahrein). Fa\u00e7a e receba chamadas ou encaminhe-as para qualquer lugar do mundo.","robots":{"index":"index","follow":"follow","max-snippet":"max-snippet:-1","max-image-preview":"max-image-preview:large","max-video-preview":"max-video-preview:-1"},"canonical":"https:\/\/virtnum.com\/pt\/buy-virtual-phone-number\/bahrain-virtual-numbers\/","og_locale":"pt_BR","og_type":"article","og_title":"Buy Bahrain Virtual Phone Numbers for calls and SMS","og_description":"Get unique Bahrain Virtual Phone Numbers (Bahrain DID Numbers). Make outgoing calls and receive incoming calls or forward the calls to anywhere in the world.","og_url":"https:\/\/virtnum.com\/pt\/buy-virtual-phone-number\/bahrain-virtual-numbers\/","og_site_name":"Virtual Local Phone Numbers","article_modified_time":"2022-10-31T10:54:45+00:00","twitter_card":"summary_large_image","schema":{"@context":"https:\/\/schema.org","@graph":[{"@type":"WebPage","@id":"https:\/\/virtnum.com\/buy-virtual-phone-number\/bahrain-virtual-numbers\/","url":"https:\/\/virtnum.com\/buy-virtual-phone-number\/bahrain-virtual-numbers\/","name":"Compre n\u00fameros de telefone virtuais do Bahrein para chamadas e SMS","isPartOf":{"@id":"https:\/\/virtnum.com\/#website"},"datePublished":"2021-01-17T08:44:30+00:00","dateModified":"2022-10-31T10:54:45+00:00","description":"Obtenha n\u00fameros de telefone virtuais exclusivos do Bahrein (n\u00fameros DID do Bahrein). Fa\u00e7a e receba chamadas ou encaminhe-as para qualquer lugar do mundo.","breadcrumb":{"@id":"https:\/\/virtnum.com\/buy-virtual-phone-number\/bahrain-virtual-numbers\/#breadcrumb"},"inLanguage":"pt-BR","potentialAction":[{"@type":"ReadAction","target":["https:\/\/virtnum.com\/buy-virtual-phone-number\/bahrain-virtual-numbers\/"]}]},{"@type":"BreadcrumbList","@id":"https:\/\/virtnum.com\/buy-virtual-phone-number\/bahrain-virtual-numbers\/#breadcrumb","itemListElement":[{"@type":"ListItem","position":1,"name":"Permanent Virtual Phone Numbers","item":"https:\/\/virtnum.com\/buy-virtual-phone-number\/"},{"@type":"ListItem","position":2,"name":"Bahrain"}]},{"@type":"WebSite","@id":"https:\/\/virtnum.com\/#website","url":"https:\/\/virtnum.com\/","name":"N\u00fameros de telefone locais virtuais","description":"Compre n\u00fameros de telefone virtuais | N\u00fameros DID | N\u00fameros VoIP | N\u00fameros gratuitos | Encaminhamento de chamadas para SIP, VOIP, PBX, telefones m\u00f3veis ou fixos","publisher":{"@id":"https:\/\/virtnum.com\/#organization"},"potentialAction":[{"@type":"SearchAction","target":{"@type":"EntryPoint","urlTemplate":"https:\/\/virtnum.com\/?s={search_term_string}"},"query-input":{"@type":"PropertyValueSpecification","valueRequired":true,"valueName":"search_term_string"}}],"inLanguage":"pt-BR"},{"@type":"Organization","@id":"https:\/\/virtnum.com\/#organization","name":"N\u00fameros de telefone locais virtuais","url":"https:\/\/virtnum.com\/","logo":{"@type":"ImageObject","inLanguage":"pt-BR","@id":"https:\/\/virtnum.com\/#\/schema\/logo\/image\/","url":"https:\/\/virtnum.com\/wp-content\/uploads\/2022\/12\/logo-1.png","contentUrl":"https:\/\/virtnum.com\/wp-content\/uploads\/2022\/12\/logo-1.png","width":420,"height":165,"caption":"Virtual Local Phone Numbers"},"image":{"@id":"https:\/\/virtnum.com\/#\/schema\/logo\/image\/"}}]}},"_links":{"self":[{"href":"https:\/\/virtnum.com\/pt\/wp-json\/wp\/v2\/pages\/43","targetHints":{"allow":["GET"]}}],"collection":[{"href":"https:\/\/virtnum.com\/pt\/wp-json\/wp\/v2\/pages"}],"about":[{"href":"https:\/\/virtnum.com\/pt\/wp-json\/wp\/v2\/types\/page"}],"author":[{"embeddable":true,"href":"https:\/\/virtnum.com\/pt\/wp-json\/wp\/v2\/users\/1"}],"replies":[{"embeddable":true,"href":"https:\/\/virtnum.com\/pt\/wp-json\/wp\/v2\/comments?post=43"}],"version-history":[{"count":3,"href":"https:\/\/virtnum.com\/pt\/wp-json\/wp\/v2\/pages\/43\/revisions"}],"predecessor-version":[{"id":312,"href":"https:\/\/virtnum.com\/pt\/wp-json\/wp\/v2\/pages\/43\/revisions\/312"}],"up":[{"embeddable":true,"href":"https:\/\/virtnum.com\/pt\/wp-json\/wp\/v2\/pages\/40"}],"wp:attachment":[{"href":"https:\/\/virtnum.com\/pt\/wp-json\/wp\/v2\/media?parent=43"}],"curies":[{"name":"wp","href":"https:\/\/api.w.org\/{rel}","templated":true}]}}