{"id":683,"date":"2023-03-22T13:30:03","date_gmt":"2023-03-22T09:30:03","guid":{"rendered":"https:\/\/virtnum.com\/?page_id=683"},"modified":"2023-03-22T15:41:14","modified_gmt":"2023-03-22T11:41:14","slug":"mobile-proxies","status":"publish","type":"page","link":"https:\/\/virtnum.com\/pt\/mobile-proxies\/","title":{"rendered":"Proxies m\u00f3veis"},"content":{"rendered":"<div class=\"wp-block-image is-style-rounded\">\n<figure class=\"alignright size-large is-resized\"><img loading=\"lazy\" decoding=\"async\" src=\"https:\/\/virtnum.com\/wp-content\/uploads\/2023\/03\/mobile-proxies-1-1024x1024.jpg\" alt=\"Proxies m\u00f3veis\" class=\"wp-image-697\" width=\"256\" height=\"256\" srcset=\"https:\/\/virtnum.com\/wp-content\/uploads\/2023\/03\/mobile-proxies-1.jpg 1024w, https:\/\/virtnum.com\/wp-content\/uploads\/2023\/03\/mobile-proxies-1-300x300.jpg 300w, https:\/\/virtnum.com\/wp-content\/uploads\/2023\/03\/mobile-proxies-1-150x150.jpg 150w, https:\/\/virtnum.com\/wp-content\/uploads\/2023\/03\/mobile-proxies-1-768x768.jpg 768w\" sizes=\"auto, (max-width: 256px) 100vw, 256px\" \/><\/figure>\n<\/div>\n\n\n<p>Os proxies m\u00f3veis s\u00e3o um tipo de servidor intermedi\u00e1rio que permite aos usu\u00e1rios acessar a Internet anonimamente e rotear o tr\u00e1fego da Internet por meio de dispositivos m\u00f3veis, como smartphones ou tablets. Eles fornecem uma camada de prote\u00e7\u00e3o ao atribuir um endere\u00e7o IP exclusivo a cada dispositivo, que pode mudar conforme o usu\u00e1rio alterna entre dispositivos e redes, dificultando que sites e servi\u00e7os online rastreiem sua atividade online.<\/p>\n\n\n\n<p>Os proxies m\u00f3veis oferecem v\u00e1rios benef\u00edcios para usu\u00e1rios que necessitam de acesso seguro e an\u00f4nimo \u00e0 Internet. Eles fornecem acesso a conte\u00fado espec\u00edfico de localiza\u00e7\u00e3o que pode ser restrito ou bloqueado por localiza\u00e7\u00e3o geogr\u00e1fica ou outros meios, tornando-os uma ferramenta \u00fatil para empresas e indiv\u00edduos que necessitam de acesso a tal conte\u00fado. Eles tamb\u00e9m podem ajudar a proteger contra hackers e amea\u00e7as \u00e0 seguran\u00e7a online, fornecendo uma camada extra de seguran\u00e7a \u00e0 atividade online do usu\u00e1rio.<\/p>\n\n\n\n<p>No geral, os proxies m\u00f3veis s\u00e3o uma ferramenta cada vez mais popular para navega\u00e7\u00e3o online e prote\u00e7\u00e3o de dados. Com a crescente import\u00e2ncia da privacidade e seguran\u00e7a online, os proxies m\u00f3veis tornaram-se essenciais para empresas e indiv\u00edduos que necessitam de acesso \u00e0 Internet seguro, an\u00f4nimo e espec\u00edfico do local.<\/p>\n\n\n\n<h2 class=\"wp-block-heading\">Veja por que os proxies m\u00f3veis s\u00e3o uma virada de jogo para os neg\u00f3cios online:<\/h2>\n\n\n<div class=\"wp-block-image is-style-rounded\">\n<figure class=\"alignright size-large is-resized\"><img loading=\"lazy\" decoding=\"async\" src=\"https:\/\/virtnum.com\/wp-content\/uploads\/2023\/03\/mobile-proxies-3-1024x1024.jpg\" alt=\"Compre proxies m\u00f3veis\" class=\"wp-image-699\" width=\"256\" height=\"256\" srcset=\"https:\/\/virtnum.com\/wp-content\/uploads\/2023\/03\/mobile-proxies-3.jpg 1024w, https:\/\/virtnum.com\/wp-content\/uploads\/2023\/03\/mobile-proxies-3-300x300.jpg 300w, https:\/\/virtnum.com\/wp-content\/uploads\/2023\/03\/mobile-proxies-3-150x150.jpg 150w, https:\/\/virtnum.com\/wp-content\/uploads\/2023\/03\/mobile-proxies-3-768x768.jpg 768w\" sizes=\"auto, (max-width: 256px) 100vw, 256px\" \/><\/figure>\n<\/div>\n\n\n<ol class=\"wp-block-list\">\n<li>Seguran\u00e7a aprimorada: os proxies m\u00f3veis oferecem uma camada adicional de seguran\u00e7a. Ao usar dispositivos m\u00f3veis para direcionar o tr\u00e1fego, \u00e9 muito mais dif\u00edcil para hackers e outros cibercriminosos rastrearem sua atividade online. Isso torna mais f\u00e1cil proteger os dados confidenciais da sua empresa e manter seus ativos online seguros.<\/li>\n\n\n\n<li>Desempenho aprimorado: os proxies m\u00f3veis podem melhorar o desempenho do seu neg\u00f3cio online, reduzindo a carga nos seus servidores. Isso ocorre porque os proxies m\u00f3veis podem ajudar a distribuir a carga entre diferentes dispositivos e redes, resultando em tempos de carregamento mais r\u00e1pidos e em uma melhor experi\u00eancia do usu\u00e1rio.<\/li>\n\n\n\n<li>Acesso ao conte\u00fado espec\u00edfico do local: os proxies m\u00f3veis podem fornecer acesso a conte\u00fado espec\u00edfico do local que voc\u00ea n\u00e3o conseguiria ver de outra forma. Isso ocorre porque os proxies m\u00f3veis usam endere\u00e7os IP de dispositivos m\u00f3veis, que geralmente est\u00e3o localizados em diferentes partes do mundo. Isto \u00e9 particularmente \u00fatil para empresas que precisam acessar conte\u00fado com restri\u00e7\u00e3o geogr\u00e1fica ou que desejam testar o desempenho de seus sites em diferentes partes do mundo.<\/li>\n\n\n\n<li>Maior privacidade: os proxies m\u00f3veis oferecem maior privacidade, mascarando sua atividade online por tr\u00e1s do endere\u00e7o IP de um dispositivo m\u00f3vel. Isso torna mais dif\u00edcil para sites e anunciantes de terceiros rastrear seu comportamento on-line e direcionar an\u00fancios para voc\u00ea.<\/li>\n\n\n\n<li>Econ\u00f4mico: os proxies m\u00f3veis s\u00e3o uma solu\u00e7\u00e3o econ\u00f4mica para empresas que precisam acessar v\u00e1rios recursos online simultaneamente. Ao usar proxies m\u00f3veis, voc\u00ea pode evitar a compra de planos de dados separados para cada dispositivo ou servi\u00e7o que precisa acessar.<\/li>\n<\/ol>\n\n\n\n<p>Concluindo, os proxies m\u00f3veis s\u00e3o uma virada de jogo para os neg\u00f3cios online. Eles oferecem seguran\u00e7a aprimorada, desempenho aprimorado, acesso a conte\u00fado espec\u00edfico de local, maior privacidade e s\u00e3o uma solu\u00e7\u00e3o econ\u00f4mica. Se voc\u00ea deseja levar seu neg\u00f3cio online para o pr\u00f3ximo n\u00edvel, vale a pena considerar investir em proxies m\u00f3veis.<\/p>\n\n\n\n<h2 class=\"wp-block-heading\">Casos de uso de proxies m\u00f3veis<\/h2>\n\n\n\n<h3 class=\"wp-block-heading\">Botting de t\u00eanis<\/h3>\n\n\n\n<blockquote class=\"wp-block-quote is-layout-flow wp-block-quote-is-layout-flow\">\n<p>Os proxies m\u00f3veis mudaram o jogo para meu neg\u00f3cio de bots de t\u00eanis. Eles me permitem contornar as medidas anti-bot e comprar t\u00eanis de edi\u00e7\u00e3o limitada com facilidade.<\/p>\n<cite>John, um revendedor de t\u00eanis, usa proxies m\u00f3veis para automatizar o processo de compra de t\u00eanis de edi\u00e7\u00e3o limitada.<\/cite><\/blockquote>\n\n\n\n<h3 class=\"wp-block-heading\">Gerenciamento de m\u00eddias sociais<\/h3>\n\n\n\n<blockquote class=\"wp-block-quote is-layout-flow wp-block-quote-is-layout-flow\">\n<p>Os proxies m\u00f3veis s\u00e3o essenciais para o meu trabalho. Eles me permitem gerenciar v\u00e1rias contas de m\u00eddia social sem ser bloqueado pelas medidas de seguran\u00e7a da plataforma.<\/p>\n<cite>Sarah, gerente de m\u00eddia social, usa proxies m\u00f3veis para gerenciar diversas contas de seus clientes.<\/cite><\/blockquote>\n\n\n\n<p><\/p>\n\n\n\n<h3 class=\"wp-block-heading\">Pesquisa de mercado<\/h3>\n\n\n\n<blockquote class=\"wp-block-quote is-layout-flow wp-block-quote-is-layout-flow\">\n<p>Os proxies m\u00f3veis tornaram meu trabalho muito mais f\u00e1cil. Eles me permitem coletar dados de diferentes regi\u00f5es sem ser bloqueado pelos sistemas de rastreamento de IP dos sites.<\/p>\n<cite><em>Mark, pesquisador de mercado, usa proxies m\u00f3veis para coletar dados de sites e plataformas de m\u00eddia social.<\/em><\/cite><\/blockquote>\n\n\n\n<p> <\/p>\n\n\n\n<h3 class=\"wp-block-heading\">Verifica\u00e7\u00e3o de an\u00fancios<\/h3>\n\n\n\n<blockquote class=\"wp-block-quote is-layout-flow wp-block-quote-is-layout-flow\">\n<p>Os proxies m\u00f3veis se tornaram uma ferramenta obrigat\u00f3ria para verifica\u00e7\u00e3o de an\u00fancios. Eles me ajudam a evitar ser sinalizado como bot e a garantir que os an\u00fancios sejam exibidos corretamente.<\/p>\n<cite>Mike, um especialista em verifica\u00e7\u00e3o de an\u00fancios, usa proxies m\u00f3veis para verificar o posicionamento e o conte\u00fado de an\u00fancios online.<\/cite><\/blockquote>\n\n\n\n<p><\/p>\n\n\n\n<h3 class=\"wp-block-heading\">Reserva de viagens<\/h3>\n\n\n\n<blockquote class=\"wp-block-quote is-layout-flow wp-block-quote-is-layout-flow\">\n<p>Os proxies m\u00f3veis s\u00e3o essenciais para os agentes de viagens. Eles me permitem acessar ofertas e descontos espec\u00edficos de locais, o que me ajuda a economizar dinheiro para meus clientes.<\/p>\n<cite><em>Tina, uma agente de viagens, usa proxies m\u00f3veis para acessar ofertas e descontos espec\u00edficos de locais.<\/em><\/cite><\/blockquote>\n\n\n\n<h3 class=\"wp-block-heading\">Cria\u00e7\u00e3o de conte\u00fado<\/h3>\n\n\n\n<blockquote class=\"wp-block-quote is-layout-flow wp-block-quote-is-layout-flow\">\n<p>Os proxies m\u00f3veis me permitiram aproveitar uma ampla variedade de inspira\u00e7\u00e3o de conte\u00fado de diferentes regi\u00f5es, o que me ajudou a criar um conte\u00fado mais diversificado e envolvente.<\/p>\n<cite><em>Carlos, um criador de conte\u00fado, usa proxies m\u00f3veis para acessar inspira\u00e7\u00e3o de diferentes regi\u00f5es.<\/em><\/cite><\/blockquote>\n\n\n\n<h3 class=\"wp-block-heading\">Com\u00e9rcio eletr\u00f4nico<\/h3>\n\n\n\n<blockquote class=\"wp-block-quote is-layout-flow wp-block-quote-is-layout-flow\">\n<p>Os proxies m\u00f3veis se tornaram uma ferramenta essencial para meu neg\u00f3cio de com\u00e9rcio eletr\u00f4nico. Eles me ajudam a realizar pesquisas competitivas e compara\u00e7\u00f5es de pre\u00e7os, o que me ajuda a ficar \u00e0 frente da concorr\u00eancia.<\/p>\n<cite><em>Emma, uma empreendedora de com\u00e9rcio eletr\u00f4nico, usa proxies m\u00f3veis para realizar pesquisas competitivas e compara\u00e7\u00f5es de pre\u00e7os.<\/em><\/cite><\/blockquote>\n\n\n\n<h3 class=\"wp-block-heading\">Minera\u00e7\u00e3o de dados<\/h3>\n\n\n\n<blockquote class=\"wp-block-quote is-layout-flow wp-block-quote-is-layout-flow\">\n<p>Os proxies m\u00f3veis s\u00e3o uma ferramenta essencial para o meu trabalho. Eles me permitem extrair dados de diferentes regi\u00f5es sem ser bloqueado pelos sistemas de rastreamento de IP dos sites.<\/p>\n<cite><em>David, um analista de dados, usa proxies m\u00f3veis para extrair dados de diferentes sites e plataformas de m\u00eddia social.<\/em><\/cite><\/blockquote>\n\n\n\n<h3 class=\"wp-block-heading\">Jogo on line<\/h3>\n\n\n\n<blockquote class=\"wp-block-quote is-layout-flow wp-block-quote-is-layout-flow\">\n<p>Os proxies m\u00f3veis s\u00e3o uma ferramenta obrigat\u00f3ria para jogadores online s\u00e9rios. Eles me permitem contornar as restri\u00e7\u00f5es do servidor de jogos e acessar diferentes regi\u00f5es, o que me ajuda a ficar \u00e0 frente da concorr\u00eancia.<\/p>\n<cite><em>Oliver, um jogador online, usa proxies m\u00f3veis para contornar as restri\u00e7\u00f5es do servidor de jogos e acessar diferentes regi\u00f5es.<\/em><\/cite><\/blockquote>\n\n\n\n<h3 class=\"wp-block-heading\">Campanhas publicit\u00e1rias<\/h3>\n\n\n\n<blockquote class=\"wp-block-quote is-layout-flow wp-block-quote-is-layout-flow\">\n<p>Os proxies m\u00f3veis se tornaram uma ferramenta cr\u00edtica para minhas campanhas de marketing digital. Eles me permitem testar campanhas publicit\u00e1rias em diferentes regi\u00f5es, o que me ajuda a otimizar minhas campanhas para obter um melhor desempenho.<\/p>\n<cite><em>Ava, uma profissional de marketing digital, usa proxies m\u00f3veis para testar campanhas publicit\u00e1rias em diferentes regi\u00f5es.<\/em><\/cite><\/blockquote>\n\n\n\n<p>No geral, os proxies m\u00f3veis t\u00eam in\u00fameras aplica\u00e7\u00f5es em diferentes setores e fun\u00e7\u00f5es. Quer voc\u00ea seja revendedor de t\u00eanis, gerente de m\u00eddia social, pesquisador de mercado, especialista em verifica\u00e7\u00e3o de an\u00fancios, agente de viagens, criador de conte\u00fado, empres\u00e1rio de com\u00e9rcio eletr\u00f4nico, analista de dados, jogador online ou profissional de marketing digital, os proxies m\u00f3veis podem ajud\u00e1-lo a ficar \u00e0 frente da concorr\u00eancia e alcan\u00e7ar seus objetivos.<\/p>","protected":false},"excerpt":{"rendered":"<p>Os proxies m\u00f3veis s\u00e3o um tipo de servidor intermedi\u00e1rio que permite aos usu\u00e1rios acessar a Internet anonimamente e rotear o tr\u00e1fego da Internet atrav\u00e9s de dispositivos m\u00f3veis, como\u2026<\/p>","protected":false},"author":1,"featured_media":0,"parent":0,"menu_order":0,"comment_status":"closed","ping_status":"closed","template":"","meta":{"_acf_changed":false,"footnotes":""},"class_list":["post-683","page","type-page","status-publish","hentry"],"acf":[],"yoast_head":"<!-- This site is optimized with the Yoast SEO plugin v27.3 - https:\/\/yoast.com\/product\/yoast-seo-wordpress\/ -->\n<title>Mobile proxies - Virtual Local Phone Numbers<\/title>\n<meta name=\"robots\" content=\"index, follow, max-snippet:-1, max-image-preview:large, max-video-preview:-1\" \/>\n<link rel=\"canonical\" href=\"https:\/\/virtnum.com\/pt\/mobile-proxies\/\" \/>\n<meta property=\"og:locale\" content=\"pt_BR\" \/>\n<meta property=\"og:type\" content=\"article\" \/>\n<meta property=\"og:title\" content=\"Mobile proxies - Virtual Local Phone Numbers\" \/>\n<meta property=\"og:description\" content=\"Mobile proxies are a type of intermediary server that allow users to access the internet anonymously and route internet traffic through mobile devices such as&hellip;\" \/>\n<meta property=\"og:url\" content=\"https:\/\/virtnum.com\/pt\/mobile-proxies\/\" \/>\n<meta property=\"og:site_name\" content=\"Virtual Local Phone Numbers\" \/>\n<meta property=\"article:modified_time\" content=\"2023-03-22T11:41:14+00:00\" \/>\n<meta property=\"og:image\" content=\"https:\/\/virtnum.com\/wp-content\/uploads\/2023\/03\/mobile-proxies-1-1024x1024.jpg\" \/>\n<meta name=\"twitter:card\" content=\"summary_large_image\" \/>\n<meta name=\"twitter:label1\" content=\"Est. tempo de leitura\" \/>\n\t<meta name=\"twitter:data1\" content=\"5 minutos\" \/>\n<script type=\"application\/ld+json\" class=\"yoast-schema-graph\">{\"@context\":\"https:\\\/\\\/schema.org\",\"@graph\":[{\"@type\":\"WebPage\",\"@id\":\"https:\\\/\\\/virtnum.com\\\/mobile-proxies\\\/\",\"url\":\"https:\\\/\\\/virtnum.com\\\/mobile-proxies\\\/\",\"name\":\"Mobile proxies - Virtual Local Phone Numbers\",\"isPartOf\":{\"@id\":\"https:\\\/\\\/virtnum.com\\\/#website\"},\"primaryImageOfPage\":{\"@id\":\"https:\\\/\\\/virtnum.com\\\/mobile-proxies\\\/#primaryimage\"},\"image\":{\"@id\":\"https:\\\/\\\/virtnum.com\\\/mobile-proxies\\\/#primaryimage\"},\"thumbnailUrl\":\"https:\\\/\\\/virtnum.com\\\/wp-content\\\/uploads\\\/2023\\\/03\\\/mobile-proxies-1-1024x1024.jpg\",\"datePublished\":\"2023-03-22T09:30:03+00:00\",\"dateModified\":\"2023-03-22T11:41:14+00:00\",\"inLanguage\":\"pt-BR\",\"potentialAction\":[{\"@type\":\"ReadAction\",\"target\":[\"https:\\\/\\\/virtnum.com\\\/mobile-proxies\\\/\"]}]},{\"@type\":\"ImageObject\",\"inLanguage\":\"pt-BR\",\"@id\":\"https:\\\/\\\/virtnum.com\\\/mobile-proxies\\\/#primaryimage\",\"url\":\"https:\\\/\\\/virtnum.com\\\/wp-content\\\/uploads\\\/2023\\\/03\\\/mobile-proxies-1-1024x1024.jpg\",\"contentUrl\":\"https:\\\/\\\/virtnum.com\\\/wp-content\\\/uploads\\\/2023\\\/03\\\/mobile-proxies-1-1024x1024.jpg\"},{\"@type\":\"WebSite\",\"@id\":\"https:\\\/\\\/virtnum.com\\\/#website\",\"url\":\"https:\\\/\\\/virtnum.com\\\/\",\"name\":\"Virtual Local Phone Numbers\",\"description\":\"Buy Virtual Phone Numbers | DID Numbers | VoIP Numbers | Toll-free Numbers | Call forwarding to SIP, VOIP, PBX, Mobile or Fixed Phones\",\"publisher\":{\"@id\":\"https:\\\/\\\/virtnum.com\\\/#organization\"},\"potentialAction\":[{\"@type\":\"SearchAction\",\"target\":{\"@type\":\"EntryPoint\",\"urlTemplate\":\"https:\\\/\\\/virtnum.com\\\/?s={search_term_string}\"},\"query-input\":{\"@type\":\"PropertyValueSpecification\",\"valueRequired\":true,\"valueName\":\"search_term_string\"}}],\"inLanguage\":\"pt-BR\"},{\"@type\":\"Organization\",\"@id\":\"https:\\\/\\\/virtnum.com\\\/#organization\",\"name\":\"Virtual Local Phone Numbers\",\"url\":\"https:\\\/\\\/virtnum.com\\\/\",\"logo\":{\"@type\":\"ImageObject\",\"inLanguage\":\"pt-BR\",\"@id\":\"https:\\\/\\\/virtnum.com\\\/#\\\/schema\\\/logo\\\/image\\\/\",\"url\":\"https:\\\/\\\/virtnum.com\\\/wp-content\\\/uploads\\\/2022\\\/12\\\/logo-1.png\",\"contentUrl\":\"https:\\\/\\\/virtnum.com\\\/wp-content\\\/uploads\\\/2022\\\/12\\\/logo-1.png\",\"width\":420,\"height\":165,\"caption\":\"Virtual Local Phone Numbers\"},\"image\":{\"@id\":\"https:\\\/\\\/virtnum.com\\\/#\\\/schema\\\/logo\\\/image\\\/\"}}]}<\/script>\n<!-- \/ Yoast SEO plugin. -->","yoast_head_json":{"title":"Proxies m\u00f3veis - N\u00fameros de telefone locais virtuais","robots":{"index":"index","follow":"follow","max-snippet":"max-snippet:-1","max-image-preview":"max-image-preview:large","max-video-preview":"max-video-preview:-1"},"canonical":"https:\/\/virtnum.com\/pt\/mobile-proxies\/","og_locale":"pt_BR","og_type":"article","og_title":"Mobile proxies - Virtual Local Phone Numbers","og_description":"Mobile proxies are a type of intermediary server that allow users to access the internet anonymously and route internet traffic through mobile devices such as&hellip;","og_url":"https:\/\/virtnum.com\/pt\/mobile-proxies\/","og_site_name":"Virtual Local Phone Numbers","article_modified_time":"2023-03-22T11:41:14+00:00","og_image":[{"url":"https:\/\/virtnum.com\/wp-content\/uploads\/2023\/03\/mobile-proxies-1-1024x1024.jpg","type":"","width":"","height":""}],"twitter_card":"summary_large_image","twitter_misc":{"Est. tempo de leitura":"5 minutos"},"schema":{"@context":"https:\/\/schema.org","@graph":[{"@type":"WebPage","@id":"https:\/\/virtnum.com\/mobile-proxies\/","url":"https:\/\/virtnum.com\/mobile-proxies\/","name":"Proxies m\u00f3veis - N\u00fameros de telefone locais virtuais","isPartOf":{"@id":"https:\/\/virtnum.com\/#website"},"primaryImageOfPage":{"@id":"https:\/\/virtnum.com\/mobile-proxies\/#primaryimage"},"image":{"@id":"https:\/\/virtnum.com\/mobile-proxies\/#primaryimage"},"thumbnailUrl":"https:\/\/virtnum.com\/wp-content\/uploads\/2023\/03\/mobile-proxies-1-1024x1024.jpg","datePublished":"2023-03-22T09:30:03+00:00","dateModified":"2023-03-22T11:41:14+00:00","inLanguage":"pt-BR","potentialAction":[{"@type":"ReadAction","target":["https:\/\/virtnum.com\/mobile-proxies\/"]}]},{"@type":"ImageObject","inLanguage":"pt-BR","@id":"https:\/\/virtnum.com\/mobile-proxies\/#primaryimage","url":"https:\/\/virtnum.com\/wp-content\/uploads\/2023\/03\/mobile-proxies-1-1024x1024.jpg","contentUrl":"https:\/\/virtnum.com\/wp-content\/uploads\/2023\/03\/mobile-proxies-1-1024x1024.jpg"},{"@type":"WebSite","@id":"https:\/\/virtnum.com\/#website","url":"https:\/\/virtnum.com\/","name":"N\u00fameros de telefone locais virtuais","description":"Compre n\u00fameros de telefone virtuais | N\u00fameros DID | N\u00fameros VoIP | N\u00fameros gratuitos | Encaminhamento de chamadas para SIP, VOIP, PBX, telefones m\u00f3veis ou fixos","publisher":{"@id":"https:\/\/virtnum.com\/#organization"},"potentialAction":[{"@type":"SearchAction","target":{"@type":"EntryPoint","urlTemplate":"https:\/\/virtnum.com\/?s={search_term_string}"},"query-input":{"@type":"PropertyValueSpecification","valueRequired":true,"valueName":"search_term_string"}}],"inLanguage":"pt-BR"},{"@type":"Organization","@id":"https:\/\/virtnum.com\/#organization","name":"N\u00fameros de telefone locais virtuais","url":"https:\/\/virtnum.com\/","logo":{"@type":"ImageObject","inLanguage":"pt-BR","@id":"https:\/\/virtnum.com\/#\/schema\/logo\/image\/","url":"https:\/\/virtnum.com\/wp-content\/uploads\/2022\/12\/logo-1.png","contentUrl":"https:\/\/virtnum.com\/wp-content\/uploads\/2022\/12\/logo-1.png","width":420,"height":165,"caption":"Virtual Local Phone Numbers"},"image":{"@id":"https:\/\/virtnum.com\/#\/schema\/logo\/image\/"}}]}},"_links":{"self":[{"href":"https:\/\/virtnum.com\/pt\/wp-json\/wp\/v2\/pages\/683","targetHints":{"allow":["GET"]}}],"collection":[{"href":"https:\/\/virtnum.com\/pt\/wp-json\/wp\/v2\/pages"}],"about":[{"href":"https:\/\/virtnum.com\/pt\/wp-json\/wp\/v2\/types\/page"}],"author":[{"embeddable":true,"href":"https:\/\/virtnum.com\/pt\/wp-json\/wp\/v2\/users\/1"}],"replies":[{"embeddable":true,"href":"https:\/\/virtnum.com\/pt\/wp-json\/wp\/v2\/comments?post=683"}],"version-history":[{"count":9,"href":"https:\/\/virtnum.com\/pt\/wp-json\/wp\/v2\/pages\/683\/revisions"}],"predecessor-version":[{"id":702,"href":"https:\/\/virtnum.com\/pt\/wp-json\/wp\/v2\/pages\/683\/revisions\/702"}],"wp:attachment":[{"href":"https:\/\/virtnum.com\/pt\/wp-json\/wp\/v2\/media?parent=683"}],"curies":[{"name":"wp","href":"https:\/\/api.w.org\/{rel}","templated":true}]}}