{"id":820,"date":"2023-10-31T01:51:49","date_gmt":"2023-10-30T21:51:49","guid":{"rendered":"https:\/\/virtnum.com\/?page_id=820"},"modified":"2026-02-02T01:24:52","modified_gmt":"2026-02-01T21:24:52","slug":"home-empty","status":"publish","type":"page","link":"https:\/\/virtnum.com\/pt\/","title":{"rendered":"N\u00fameros de telefone virtuais"},"content":{"rendered":"<h2 class=\"wp-block-heading\"><strong>Fornecemos n\u00fameros de telefone virtuais e n\u00fameros de discagem direta interna (DID) em mais de 60 pa\u00edses com a melhor qualidade e o menor custo do mercado.<\/strong><\/h2>\n\n\n\n<p>No geral, os n\u00fameros de telefone DID virtuais oferecem uma solu\u00e7\u00e3o flex\u00edvel e vers\u00e1til para receber chamadas e podem ser usados em uma ampla gama de aplica\u00e7\u00f5es para atender a diferentes necessidades.<\/p>\n\n\n\n<p>Os pa\u00edses atualmente suportados s\u00e3o mostrados abaixo. Visite esta p\u00e1gina regularmente para verificar atualiza\u00e7\u00f5es de cobertura.<\/p>\n\n\n\n\n<!-- Page-list plugin v.5.9 wordpress.org\/plugins\/page-list\/ -->\n<ul class=\"page-list\">\n<li class=\"page_item page-item-243\"><a href=\"https:\/\/virtnum.com\/pt\/buy-virtual-phone-number\/albania\/\">Alb\u00e2nia<\/a><\/li>\n<li class=\"page_item page-item-248\"><a href=\"https:\/\/virtnum.com\/pt\/buy-virtual-phone-number\/algeria\/\">Arg\u00e9lia<\/a><\/li>\n<li class=\"page_item page-item-855\"><a href=\"https:\/\/virtnum.com\/pt\/buy-virtual-phone-number\/angola\/\">Angola<\/a><\/li>\n<li class=\"page_item page-item-231\"><a href=\"https:\/\/virtnum.com\/pt\/buy-virtual-phone-number\/argentina\/\">Argentina<\/a><\/li>\n<li class=\"page_item page-item-251\"><a href=\"https:\/\/virtnum.com\/pt\/buy-virtual-phone-number\/armenia\/\">Arm\u00eania<\/a><\/li>\n<li class=\"page_item page-item-175\"><a href=\"https:\/\/virtnum.com\/pt\/buy-virtual-phone-number\/australia\/\">Austr\u00e1lia<\/a><\/li>\n<li class=\"page_item page-item-216\"><a href=\"https:\/\/virtnum.com\/pt\/buy-virtual-phone-number\/austria\/\">\u00c1ustria<\/a><\/li>\n<li class=\"page_item page-item-254\"><a href=\"https:\/\/virtnum.com\/pt\/buy-virtual-phone-number\/azerbaijan\/\">Azerbaij\u00e3o<\/a><\/li>\n<li class=\"page_item page-item-43\"><a href=\"https:\/\/virtnum.com\/pt\/buy-virtual-phone-number\/bahrain-virtual-numbers\/\">Bahrein<\/a><\/li>\n<li class=\"page_item page-item-257\"><a href=\"https:\/\/virtnum.com\/pt\/buy-virtual-phone-number\/bangladesh\/\">Bangladesh<\/a><\/li>\n<li class=\"page_item page-item-260\"><a href=\"https:\/\/virtnum.com\/pt\/buy-virtual-phone-number\/belarus\/\">Bielorr\u00fassia<\/a><\/li>\n<li class=\"page_item page-item-237\"><a href=\"https:\/\/virtnum.com\/pt\/buy-virtual-phone-number\/belgium\/\">B\u00e9lgica<\/a><\/li>\n<li class=\"page_item page-item-264\"><a href=\"https:\/\/virtnum.com\/pt\/buy-virtual-phone-number\/benin\/\">Benim<\/a><\/li>\n<li class=\"page_item page-item-268\"><a href=\"https:\/\/virtnum.com\/pt\/buy-virtual-phone-number\/bolivia\/\">Bol\u00edvia<\/a><\/li>\n<li class=\"page_item page-item-858\"><a href=\"https:\/\/virtnum.com\/pt\/buy-virtual-phone-number\/bosnia-and-herzegovina\/\">B\u00f3snia e Herzegovina<\/a><\/li>\n<li class=\"page_item page-item-933\"><a href=\"https:\/\/virtnum.com\/pt\/buy-virtual-phone-number\/botswana\/\">Botsuana<\/a><\/li>\n<li class=\"page_item page-item-271\"><a href=\"https:\/\/virtnum.com\/pt\/buy-virtual-phone-number\/brazil\/\">Brasil<\/a><\/li>\n<li class=\"page_item page-item-274\"><a href=\"https:\/\/virtnum.com\/pt\/buy-virtual-phone-number\/bulgaria\/\">Bulg\u00e1ria<\/a><\/li>\n<li class=\"page_item page-item-937\"><a href=\"https:\/\/virtnum.com\/pt\/buy-virtual-phone-number\/cambodia\/\">Camboja<\/a><\/li>\n<li class=\"page_item page-item-939\"><a href=\"https:\/\/virtnum.com\/pt\/buy-virtual-phone-number\/cameroon\/\">Camar\u00f5es<\/a><\/li>\n<li class=\"page_item page-item-234\"><a href=\"https:\/\/virtnum.com\/pt\/buy-virtual-phone-number\/canada\/\">Canad\u00e1<\/a><\/li>\n<li class=\"page_item page-item-277\"><a href=\"https:\/\/virtnum.com\/pt\/buy-virtual-phone-number\/cayman-islands\/\">Ilhas Cayman<\/a><\/li>\n<li class=\"page_item page-item-651\"><a href=\"https:\/\/virtnum.com\/pt\/buy-virtual-phone-number\/chad\/\">Chade<\/a><\/li>\n<li class=\"page_item page-item-280\"><a href=\"https:\/\/virtnum.com\/pt\/buy-virtual-phone-number\/chile\/\">Chile<\/a><\/li>\n<li class=\"page_item page-item-582\"><a href=\"https:\/\/virtnum.com\/pt\/buy-virtual-phone-number\/china\/\">China<\/a><\/li>\n<li class=\"page_item page-item-283\"><a href=\"https:\/\/virtnum.com\/pt\/buy-virtual-phone-number\/colombia\/\">Col\u00f4mbia<\/a><\/li>\n<li class=\"page_item page-item-286\"><a href=\"https:\/\/virtnum.com\/pt\/buy-virtual-phone-number\/costa-rica\/\">Costa Rica<\/a><\/li>\n<li class=\"page_item page-item-289\"><a href=\"https:\/\/virtnum.com\/pt\/buy-virtual-phone-number\/croatia\/\">Cro\u00e1cia<\/a><\/li>\n<li class=\"page_item page-item-941\"><a href=\"https:\/\/virtnum.com\/pt\/buy-virtual-phone-number\/cuba\/\">Cuba<\/a><\/li>\n<li class=\"page_item page-item-292\"><a href=\"https:\/\/virtnum.com\/pt\/buy-virtual-phone-number\/cyprus\/\">Chipre<\/a><\/li>\n<li class=\"page_item page-item-295\"><a href=\"https:\/\/virtnum.com\/pt\/buy-virtual-phone-number\/czech-republic\/\">Rep\u00fablica Checa<\/a><\/li>\n<li class=\"page_item page-item-298\"><a href=\"https:\/\/virtnum.com\/pt\/buy-virtual-phone-number\/denmark\/\">Dinamarca<\/a><\/li>\n<li class=\"page_item page-item-313\"><a href=\"https:\/\/virtnum.com\/pt\/buy-virtual-phone-number\/dominican-republic\/\">Rep\u00fablica Dominicana<\/a><\/li>\n<li class=\"page_item page-item-316\"><a href=\"https:\/\/virtnum.com\/pt\/buy-virtual-phone-number\/ecuador\/\">Equador<\/a><\/li>\n<li class=\"page_item page-item-319\"><a href=\"https:\/\/virtnum.com\/pt\/buy-virtual-phone-number\/egypt\/\">Egito<\/a><\/li>\n<li class=\"page_item page-item-322\"><a href=\"https:\/\/virtnum.com\/pt\/buy-virtual-phone-number\/el-salvador\/\">El Salvador<\/a><\/li>\n<li class=\"page_item page-item-325\"><a href=\"https:\/\/virtnum.com\/pt\/buy-virtual-phone-number\/estonia\/\">Est\u00f4nia<\/a><\/li>\n<li class=\"page_item page-item-911\"><a href=\"https:\/\/virtnum.com\/pt\/buy-virtual-phone-number\/ethiopia\/\">Eti\u00f3pia<\/a><\/li>\n<li class=\"page_item page-item-328\"><a href=\"https:\/\/virtnum.com\/pt\/buy-virtual-phone-number\/finland\/\">Finl\u00e2ndia<\/a><\/li>\n<li class=\"page_item page-item-222\"><a href=\"https:\/\/virtnum.com\/pt\/buy-virtual-phone-number\/france\/\">Fran\u00e7a<\/a><\/li>\n<li class=\"page_item page-item-331\"><a href=\"https:\/\/virtnum.com\/pt\/buy-virtual-phone-number\/georgia\/\">Ge\u00f3rgia<\/a><\/li>\n<li class=\"page_item page-item-334\"><a href=\"https:\/\/virtnum.com\/pt\/buy-virtual-phone-number\/germany\/\">Alemanha<\/a><\/li>\n<li class=\"page_item page-item-337\"><a href=\"https:\/\/virtnum.com\/pt\/buy-virtual-phone-number\/ghana\/\">Gana<\/a><\/li>\n<li class=\"page_item page-item-340\"><a href=\"https:\/\/virtnum.com\/pt\/buy-virtual-phone-number\/gibraltar\/\">Gibraltar<\/a><\/li>\n<li class=\"page_item page-item-343\"><a href=\"https:\/\/virtnum.com\/pt\/buy-virtual-phone-number\/greece\/\">Gr\u00e9cia<\/a><\/li>\n<li class=\"page_item page-item-346\"><a href=\"https:\/\/virtnum.com\/pt\/buy-virtual-phone-number\/guatemala\/\">Guatemala<\/a><\/li>\n<li class=\"page_item page-item-943\"><a href=\"https:\/\/virtnum.com\/pt\/buy-virtual-phone-number\/haiti\/\">Haiti<\/a><\/li>\n<li class=\"page_item page-item-349\"><a href=\"https:\/\/virtnum.com\/pt\/buy-virtual-phone-number\/hong-kong\/\">Hong Kong<\/a><\/li>\n<li class=\"page_item page-item-352\"><a href=\"https:\/\/virtnum.com\/pt\/buy-virtual-phone-number\/hungary\/\">Hungria<\/a><\/li>\n<li class=\"page_item page-item-357\"><a href=\"https:\/\/virtnum.com\/pt\/buy-virtual-phone-number\/iceland\/\">Isl\u00e2ndia<\/a><\/li>\n<li class=\"page_item page-item-360\"><a href=\"https:\/\/virtnum.com\/pt\/buy-virtual-phone-number\/india\/\">\u00cdndia<\/a><\/li>\n<li class=\"page_item page-item-363\"><a href=\"https:\/\/virtnum.com\/pt\/buy-virtual-phone-number\/indonesia\/\">Indon\u00e9sia<\/a><\/li>\n<li class=\"page_item page-item-366\"><a href=\"https:\/\/virtnum.com\/pt\/buy-virtual-phone-number\/iraq\/\">Iraque<\/a><\/li>\n<li class=\"page_item page-item-369\"><a href=\"https:\/\/virtnum.com\/pt\/buy-virtual-phone-number\/ireland\/\">Irlanda<\/a><\/li>\n<li class=\"page_item page-item-372\"><a href=\"https:\/\/virtnum.com\/pt\/buy-virtual-phone-number\/israel\/\">Israel<\/a><\/li>\n<li class=\"page_item page-item-375\"><a href=\"https:\/\/virtnum.com\/pt\/buy-virtual-phone-number\/italy\/\">It\u00e1lia<\/a><\/li>\n<li class=\"page_item page-item-378\"><a href=\"https:\/\/virtnum.com\/pt\/buy-virtual-phone-number\/ivory-coast\/\">Costa do Marfim<\/a><\/li>\n<li class=\"page_item page-item-381\"><a href=\"https:\/\/virtnum.com\/pt\/buy-virtual-phone-number\/japan\/\">Jap\u00e3o<\/a><\/li>\n<li class=\"page_item page-item-384\"><a href=\"https:\/\/virtnum.com\/pt\/buy-virtual-phone-number\/kazakhstan\/\">Cazaquist\u00e3o<\/a><\/li>\n<li class=\"page_item page-item-387\"><a href=\"https:\/\/virtnum.com\/pt\/buy-virtual-phone-number\/kenya\/\">Qu\u00eania<\/a><\/li>\n<li class=\"page_item page-item-390\"><a href=\"https:\/\/virtnum.com\/pt\/buy-virtual-phone-number\/kuwait\/\">Kuwait<\/a><\/li>\n<li class=\"page_item page-item-393\"><a href=\"https:\/\/virtnum.com\/pt\/buy-virtual-phone-number\/kyrgyzstan\/\">Quirguist\u00e3o<\/a><\/li>\n<li class=\"page_item page-item-396\"><a href=\"https:\/\/virtnum.com\/pt\/buy-virtual-phone-number\/latvia\/\">Let\u00f4nia<\/a><\/li>\n<li class=\"page_item page-item-240\"><a href=\"https:\/\/virtnum.com\/pt\/buy-virtual-phone-number\/lithuania\/\">Litu\u00e2nia<\/a><\/li>\n<li class=\"page_item page-item-399\"><a href=\"https:\/\/virtnum.com\/pt\/buy-virtual-phone-number\/luxembourg\/\">Luxemburgo<\/a><\/li>\n<li class=\"page_item page-item-403\"><a href=\"https:\/\/virtnum.com\/pt\/buy-virtual-phone-number\/macedonia\/\">Maced\u00f4nia<\/a><\/li>\n<li class=\"page_item page-item-406\"><a href=\"https:\/\/virtnum.com\/pt\/buy-virtual-phone-number\/malaysia\/\">Mal\u00e1sia<\/a><\/li>\n<li class=\"page_item page-item-409\"><a href=\"https:\/\/virtnum.com\/pt\/buy-virtual-phone-number\/malta\/\">Malta<\/a><\/li>\n<li class=\"page_item page-item-412\"><a href=\"https:\/\/virtnum.com\/pt\/buy-virtual-phone-number\/mauritius\/\">Maur\u00edcio<\/a><\/li>\n<li class=\"page_item page-item-415\"><a href=\"https:\/\/virtnum.com\/pt\/buy-virtual-phone-number\/mexico\/\">M\u00e9xico<\/a><\/li>\n<li class=\"page_item page-item-418\"><a href=\"https:\/\/virtnum.com\/pt\/buy-virtual-phone-number\/moldova\/\">Mold\u00e1via<\/a><\/li>\n<li class=\"page_item page-item-424\"><a href=\"https:\/\/virtnum.com\/pt\/buy-virtual-phone-number\/monaco\/\">M\u00f4naco<\/a><\/li>\n<li class=\"page_item page-item-427\"><a href=\"https:\/\/virtnum.com\/pt\/buy-virtual-phone-number\/morocco\/\">Marrocos<\/a><\/li>\n<li class=\"page_item page-item-917\"><a href=\"https:\/\/virtnum.com\/pt\/buy-virtual-phone-number\/mozambique\/\">Mo\u00e7ambique<\/a><\/li>\n<li class=\"page_item page-item-945\"><a href=\"https:\/\/virtnum.com\/pt\/buy-virtual-phone-number\/myanmar\/\">Myanmar<\/a><\/li>\n<li class=\"page_item page-item-430\"><a href=\"https:\/\/virtnum.com\/pt\/buy-virtual-phone-number\/namibia\/\">Nam\u00edbia<\/a><\/li>\n<li class=\"page_item page-item-947\"><a href=\"https:\/\/virtnum.com\/pt\/buy-virtual-phone-number\/nepal\/\">Nepal<\/a><\/li>\n<li class=\"page_item page-item-433\"><a href=\"https:\/\/virtnum.com\/pt\/buy-virtual-phone-number\/netherlands\/\">Holanda<\/a><\/li>\n<li class=\"page_item page-item-436\"><a href=\"https:\/\/virtnum.com\/pt\/buy-virtual-phone-number\/new-zealand\/\">Nova Zel\u00e2ndia<\/a><\/li>\n<li class=\"page_item page-item-439\"><a href=\"https:\/\/virtnum.com\/pt\/buy-virtual-phone-number\/nicaragua\/\">Nicar\u00e1gua<\/a><\/li>\n<li class=\"page_item page-item-442\"><a href=\"https:\/\/virtnum.com\/pt\/buy-virtual-phone-number\/nigeria\/\">Nig\u00e9ria<\/a><\/li>\n<li class=\"page_item page-item-445\"><a href=\"https:\/\/virtnum.com\/pt\/buy-virtual-phone-number\/norway\/\">Noruega<\/a><\/li>\n<li class=\"page_item page-item-448\"><a href=\"https:\/\/virtnum.com\/pt\/buy-virtual-phone-number\/pakistan\/\">Paquist\u00e3o<\/a><\/li>\n<li class=\"page_item page-item-451\"><a href=\"https:\/\/virtnum.com\/pt\/buy-virtual-phone-number\/panama\/\">Panam\u00e1<\/a><\/li>\n<li class=\"page_item page-item-454\"><a href=\"https:\/\/virtnum.com\/pt\/buy-virtual-phone-number\/paraguay\/\">Paraguai<\/a><\/li>\n<li class=\"page_item page-item-457\"><a href=\"https:\/\/virtnum.com\/pt\/buy-virtual-phone-number\/peru\/\">Peru<\/a><\/li>\n<li class=\"page_item page-item-460\"><a href=\"https:\/\/virtnum.com\/pt\/buy-virtual-phone-number\/philippines\/\">Filipinas<\/a><\/li>\n<li class=\"page_item page-item-463\"><a href=\"https:\/\/virtnum.com\/pt\/buy-virtual-phone-number\/poland\/\">Pol\u00f4nia<\/a><\/li>\n<li class=\"page_item page-item-479\"><a href=\"https:\/\/virtnum.com\/pt\/buy-virtual-phone-number\/portugal\/\">Portugal<\/a><\/li>\n<li class=\"page_item page-item-482\"><a href=\"https:\/\/virtnum.com\/pt\/buy-virtual-phone-number\/puerto-rico\/\">Porto Rico<\/a><\/li>\n<li class=\"page_item page-item-485\"><a href=\"https:\/\/virtnum.com\/pt\/buy-virtual-phone-number\/romania\/\">Rom\u00eania<\/a><\/li>\n<li class=\"page_item page-item-488\"><a href=\"https:\/\/virtnum.com\/pt\/buy-virtual-phone-number\/russia\/\">R\u00fassia<\/a><\/li>\n<li class=\"page_item page-item-847\"><a href=\"https:\/\/virtnum.com\/pt\/buy-virtual-phone-number\/saudi-arabia\/\">Ar\u00e1bia Saudita<\/a><\/li>\n<li class=\"page_item page-item-491\"><a href=\"https:\/\/virtnum.com\/pt\/buy-virtual-phone-number\/serbia\/\">S\u00e9rvia<\/a><\/li>\n<li class=\"page_item page-item-494\"><a href=\"https:\/\/virtnum.com\/pt\/buy-virtual-phone-number\/singapore\/\">Cingapura<\/a><\/li>\n<li class=\"page_item page-item-497\"><a href=\"https:\/\/virtnum.com\/pt\/buy-virtual-phone-number\/slovakia\/\">Eslov\u00e1quia<\/a><\/li>\n<li class=\"page_item page-item-500\"><a href=\"https:\/\/virtnum.com\/pt\/buy-virtual-phone-number\/slovenia\/\">Eslov\u00eania<\/a><\/li>\n<li class=\"page_item page-item-503\"><a href=\"https:\/\/virtnum.com\/pt\/buy-virtual-phone-number\/south-africa\/\">\u00c1frica do Sul<\/a><\/li>\n<li class=\"page_item page-item-506\"><a href=\"https:\/\/virtnum.com\/pt\/buy-virtual-phone-number\/south-korea\/\">Coreia do Sul<\/a><\/li>\n<li class=\"page_item page-item-509\"><a href=\"https:\/\/virtnum.com\/pt\/buy-virtual-phone-number\/spain\/\">Espanha<\/a><\/li>\n<li class=\"page_item page-item-512\"><a href=\"https:\/\/virtnum.com\/pt\/buy-virtual-phone-number\/sri-lanka\/\">Sri Lanka<\/a><\/li>\n<li class=\"page_item page-item-515\"><a href=\"https:\/\/virtnum.com\/pt\/buy-virtual-phone-number\/sweden\/\">Su\u00e9cia<\/a><\/li>\n<li class=\"page_item page-item-518\"><a href=\"https:\/\/virtnum.com\/pt\/buy-virtual-phone-number\/switzerland\/\">Su\u00ed\u00e7a<\/a><\/li>\n<li class=\"page_item page-item-521\"><a href=\"https:\/\/virtnum.com\/pt\/buy-virtual-phone-number\/taiwan\/\">Taiwan<\/a><\/li>\n<li class=\"page_item page-item-524\"><a href=\"https:\/\/virtnum.com\/pt\/buy-virtual-phone-number\/tanzania\/\">Tanz\u00e2nia<\/a><\/li>\n<li class=\"page_item page-item-527\"><a href=\"https:\/\/virtnum.com\/pt\/buy-virtual-phone-number\/thailand\/\">Tail\u00e2ndia<\/a><\/li>\n<li class=\"page_item page-item-530\"><a href=\"https:\/\/virtnum.com\/pt\/buy-virtual-phone-number\/turkey\/\">Peru<\/a><\/li>\n<li class=\"page_item page-item-536\"><a href=\"https:\/\/virtnum.com\/pt\/buy-virtual-phone-number\/uganda\/\">Uganda<\/a><\/li>\n<li class=\"page_item page-item-539\"><a href=\"https:\/\/virtnum.com\/pt\/buy-virtual-phone-number\/ukraine\/\">Ucr\u00e2nia<\/a><\/li>\n<li class=\"page_item page-item-542\"><a href=\"https:\/\/virtnum.com\/pt\/buy-virtual-phone-number\/united-arab-emirates\/\">Emirados \u00c1rabes Unidos<\/a><\/li>\n<li class=\"page_item page-item-545\"><a href=\"https:\/\/virtnum.com\/pt\/buy-virtual-phone-number\/united-kingdom\/\">Reino Unido<\/a><\/li>\n<li class=\"page_item page-item-548\"><a href=\"https:\/\/virtnum.com\/pt\/buy-virtual-phone-number\/uruguay\/\">Uruguai<\/a><\/li>\n<li class=\"page_item page-item-533\"><a href=\"https:\/\/virtnum.com\/pt\/buy-virtual-phone-number\/usa\/\">EUA<\/a><\/li>\n<li class=\"page_item page-item-551\"><a href=\"https:\/\/virtnum.com\/pt\/buy-virtual-phone-number\/uzbekistan\/\">Uzbequist\u00e3o<\/a><\/li>\n<li class=\"page_item page-item-554\"><a href=\"https:\/\/virtnum.com\/pt\/buy-virtual-phone-number\/venezuela\/\">Venezuela<\/a><\/li>\n<li class=\"page_item page-item-949\"><a href=\"https:\/\/virtnum.com\/pt\/buy-virtual-phone-number\/vietnam\/\">Vietn\u00e3<\/a><\/li>\n\n<\/ul>","protected":false},"excerpt":{"rendered":"<p>Fornecemos n\u00fameros de telefone virtuais e n\u00fameros de discagem direta interna (DID) em mais de 60 pa\u00edses com a melhor qualidade ao custo mais barato no\u2026<\/p>","protected":false},"author":1,"featured_media":0,"parent":0,"menu_order":0,"comment_status":"closed","ping_status":"closed","template":"","meta":{"_acf_changed":false,"footnotes":""},"class_list":["post-820","page","type-page","status-publish","hentry"],"acf":[],"yoast_head":"<!-- This site is optimized with the Yoast SEO plugin v27.4 - https:\/\/yoast.com\/product\/yoast-seo-wordpress\/ -->\n<title>Buy virtual phone numbers online - pay with crypto<\/title>\n<meta name=\"description\" content=\"Buy Virtual Phone Numbers with Unlimited Minutes | DID Numbers | VoIP Numbers | Toll-free Numbers | Call forwarding to SIP, VOIP, PBX, Mobile or Fixed Phones\" \/>\n<meta name=\"robots\" content=\"index, follow, max-snippet:-1, max-image-preview:large, max-video-preview:-1\" \/>\n<link rel=\"canonical\" href=\"https:\/\/virtnum.com\/pt\/\" \/>\n<meta property=\"og:locale\" content=\"pt_BR\" \/>\n<meta property=\"og:type\" content=\"article\" \/>\n<meta property=\"og:title\" content=\"Buy virtual phone numbers online - pay with crypto\" \/>\n<meta property=\"og:description\" content=\"Buy Virtual Phone Numbers with Unlimited Minutes | DID Numbers | VoIP Numbers | Toll-free Numbers | Call forwarding to SIP, VOIP, PBX, Mobile or Fixed Phones\" \/>\n<meta property=\"og:url\" content=\"https:\/\/virtnum.com\/pt\/\" \/>\n<meta property=\"og:site_name\" content=\"Virtual Local Phone Numbers\" \/>\n<meta property=\"article:modified_time\" content=\"2026-02-01T21:24:52+00:00\" \/>\n<meta name=\"twitter:card\" content=\"summary_large_image\" \/>\n<meta name=\"twitter:label1\" content=\"Est. tempo de leitura\" \/>\n\t<meta name=\"twitter:data1\" content=\"1 minuto\" \/>\n<script type=\"application\/ld+json\" class=\"yoast-schema-graph\">{\"@context\":\"https:\\\/\\\/schema.org\",\"@graph\":[{\"@type\":\"WebPage\",\"@id\":\"https:\\\/\\\/virtnum.com\\\/\",\"url\":\"https:\\\/\\\/virtnum.com\\\/\",\"name\":\"Buy virtual phone numbers online - pay with crypto\",\"isPartOf\":{\"@id\":\"https:\\\/\\\/virtnum.com\\\/#website\"},\"datePublished\":\"2023-10-30T21:51:49+00:00\",\"dateModified\":\"2026-02-01T21:24:52+00:00\",\"description\":\"Buy Virtual Phone Numbers with Unlimited Minutes | DID Numbers | VoIP Numbers | Toll-free Numbers | Call forwarding to SIP, VOIP, PBX, Mobile or Fixed Phones\",\"inLanguage\":\"pt-BR\",\"potentialAction\":[{\"@type\":\"ReadAction\",\"target\":[\"https:\\\/\\\/virtnum.com\\\/\"]}]},{\"@type\":\"WebSite\",\"@id\":\"https:\\\/\\\/virtnum.com\\\/#website\",\"url\":\"https:\\\/\\\/virtnum.com\\\/\",\"name\":\"Virtual Local Phone Numbers\",\"description\":\"Buy Virtual Phone Numbers | DID Numbers | VoIP Numbers | Toll-free Numbers | Call forwarding to SIP, VOIP, PBX, Mobile or Fixed Phones\",\"publisher\":{\"@id\":\"https:\\\/\\\/virtnum.com\\\/#organization\"},\"potentialAction\":[{\"@type\":\"SearchAction\",\"target\":{\"@type\":\"EntryPoint\",\"urlTemplate\":\"https:\\\/\\\/virtnum.com\\\/?s={search_term_string}\"},\"query-input\":{\"@type\":\"PropertyValueSpecification\",\"valueRequired\":true,\"valueName\":\"search_term_string\"}}],\"inLanguage\":\"pt-BR\"},{\"@type\":\"Organization\",\"@id\":\"https:\\\/\\\/virtnum.com\\\/#organization\",\"name\":\"Virtual Local Phone Numbers\",\"url\":\"https:\\\/\\\/virtnum.com\\\/\",\"logo\":{\"@type\":\"ImageObject\",\"inLanguage\":\"pt-BR\",\"@id\":\"https:\\\/\\\/virtnum.com\\\/#\\\/schema\\\/logo\\\/image\\\/\",\"url\":\"https:\\\/\\\/virtnum.com\\\/wp-content\\\/uploads\\\/2022\\\/12\\\/logo-1.png\",\"contentUrl\":\"https:\\\/\\\/virtnum.com\\\/wp-content\\\/uploads\\\/2022\\\/12\\\/logo-1.png\",\"width\":420,\"height\":165,\"caption\":\"Virtual Local Phone Numbers\"},\"image\":{\"@id\":\"https:\\\/\\\/virtnum.com\\\/#\\\/schema\\\/logo\\\/image\\\/\"}}]}<\/script>\n<!-- \/ Yoast SEO plugin. -->","yoast_head_json":{"title":"Compre n\u00fameros de telefone virtuais online - pague com criptomoedas.","description":"Compre n\u00fameros de telefone virtuais com minutos ilimitados | N\u00fameros DID | N\u00fameros VoIP | N\u00fameros gratuitos | Encaminhamento de chamadas para SIP, VOIP, PBX, telefones m\u00f3veis ou fixos","robots":{"index":"index","follow":"follow","max-snippet":"max-snippet:-1","max-image-preview":"max-image-preview:large","max-video-preview":"max-video-preview:-1"},"canonical":"https:\/\/virtnum.com\/pt\/","og_locale":"pt_BR","og_type":"article","og_title":"Buy virtual phone numbers online - pay with crypto","og_description":"Buy Virtual Phone Numbers with Unlimited Minutes | DID Numbers | VoIP Numbers | Toll-free Numbers | Call forwarding to SIP, VOIP, PBX, Mobile or Fixed Phones","og_url":"https:\/\/virtnum.com\/pt\/","og_site_name":"Virtual Local Phone Numbers","article_modified_time":"2026-02-01T21:24:52+00:00","twitter_card":"summary_large_image","twitter_misc":{"Est. tempo de leitura":"1 minuto"},"schema":{"@context":"https:\/\/schema.org","@graph":[{"@type":"WebPage","@id":"https:\/\/virtnum.com\/","url":"https:\/\/virtnum.com\/","name":"Compre n\u00fameros de telefone virtuais online - pague com criptomoedas.","isPartOf":{"@id":"https:\/\/virtnum.com\/#website"},"datePublished":"2023-10-30T21:51:49+00:00","dateModified":"2026-02-01T21:24:52+00:00","description":"Compre n\u00fameros de telefone virtuais com minutos ilimitados | N\u00fameros DID | N\u00fameros VoIP | N\u00fameros gratuitos | Encaminhamento de chamadas para SIP, VOIP, PBX, telefones m\u00f3veis ou fixos","inLanguage":"pt-BR","potentialAction":[{"@type":"ReadAction","target":["https:\/\/virtnum.com\/"]}]},{"@type":"WebSite","@id":"https:\/\/virtnum.com\/#website","url":"https:\/\/virtnum.com\/","name":"N\u00fameros de telefone locais virtuais","description":"Compre n\u00fameros de telefone virtuais | N\u00fameros DID | N\u00fameros VoIP | N\u00fameros gratuitos | Encaminhamento de chamadas para SIP, VOIP, PBX, telefones m\u00f3veis ou fixos","publisher":{"@id":"https:\/\/virtnum.com\/#organization"},"potentialAction":[{"@type":"SearchAction","target":{"@type":"EntryPoint","urlTemplate":"https:\/\/virtnum.com\/?s={search_term_string}"},"query-input":{"@type":"PropertyValueSpecification","valueRequired":true,"valueName":"search_term_string"}}],"inLanguage":"pt-BR"},{"@type":"Organization","@id":"https:\/\/virtnum.com\/#organization","name":"N\u00fameros de telefone locais virtuais","url":"https:\/\/virtnum.com\/","logo":{"@type":"ImageObject","inLanguage":"pt-BR","@id":"https:\/\/virtnum.com\/#\/schema\/logo\/image\/","url":"https:\/\/virtnum.com\/wp-content\/uploads\/2022\/12\/logo-1.png","contentUrl":"https:\/\/virtnum.com\/wp-content\/uploads\/2022\/12\/logo-1.png","width":420,"height":165,"caption":"Virtual Local Phone Numbers"},"image":{"@id":"https:\/\/virtnum.com\/#\/schema\/logo\/image\/"}}]}},"_links":{"self":[{"href":"https:\/\/virtnum.com\/pt\/wp-json\/wp\/v2\/pages\/820","targetHints":{"allow":["GET"]}}],"collection":[{"href":"https:\/\/virtnum.com\/pt\/wp-json\/wp\/v2\/pages"}],"about":[{"href":"https:\/\/virtnum.com\/pt\/wp-json\/wp\/v2\/types\/page"}],"author":[{"embeddable":true,"href":"https:\/\/virtnum.com\/pt\/wp-json\/wp\/v2\/users\/1"}],"replies":[{"embeddable":true,"href":"https:\/\/virtnum.com\/pt\/wp-json\/wp\/v2\/comments?post=820"}],"version-history":[{"count":3,"href":"https:\/\/virtnum.com\/pt\/wp-json\/wp\/v2\/pages\/820\/revisions"}],"predecessor-version":[{"id":915,"href":"https:\/\/virtnum.com\/pt\/wp-json\/wp\/v2\/pages\/820\/revisions\/915"}],"wp:attachment":[{"href":"https:\/\/virtnum.com\/pt\/wp-json\/wp\/v2\/media?parent=820"}],"curies":[{"name":"wp","href":"https:\/\/api.w.org\/{rel}","templated":true}]}}