{"id":847,"date":"2024-07-25T04:49:25","date_gmt":"2024-07-25T00:49:25","guid":{"rendered":"https:\/\/virtnum.com\/?page_id=847"},"modified":"2024-07-25T04:49:34","modified_gmt":"2024-07-25T00:49:34","slug":"saudi-arabia","status":"publish","type":"page","link":"https:\/\/virtnum.com\/pt\/buy-virtual-phone-number\/saudi-arabia\/","title":{"rendered":"Ar\u00e1bia Saudita"},"content":{"rendered":"<div class=\"wp-block-columns is-layout-flex wp-container-core-columns-is-layout-9d6595d7 wp-block-columns-is-layout-flex\">\n<div class=\"wp-block-column is-layout-flow wp-block-column-is-layout-flow\">\n<h2 class=\"wp-block-heading\">N\u00famero Virtual Local da Ar\u00e1bia Saudita<\/h2>\n\n\n\n<h3 class=\"wp-block-heading\">Receba e encaminhe chamadas e SMS em todo o mundo<\/h3>\n\n\n\n<ul class=\"wp-block-list\">\n<li>Alugue n\u00fameros de telefone da Ar\u00e1bia Saudita de qualquer pa\u00eds.<\/li>\n\n\n\n<li>Se precisar salvar o n\u00famero de telefone ao alterar o endere\u00e7o da sua empresa.<\/li>\n\n\n\n<li>Al\u00e9m disso, as conversas s\u00e3o mantidas em sigilo.<\/li>\n\n\n\n<li>Use-o para veicular campanhas publicit\u00e1rias.<\/li>\n\n\n\n<li>Reduza os custos de chamadas internacionais. Seus contatos poder\u00e3o ligar para um n\u00famero local.<\/li>\n<\/ul>\n<\/div>\n\n\n\n<div class=\"wp-block-column is-vertically-aligned-top is-layout-flow wp-block-column-is-layout-flow\">\n<p>\u0415scolha seu pa\u00eds e regi\u00e3o e selecione o n\u00famero que corresponde aos seus crit\u00e9rios de pesquisa na lista.<\/p>\n<a href='https:\/\/virtnum.com\/buy\/Saudi Arabia'><img loading=\"lazy\" decoding=\"async\" width=\"500\" height=\"200\" src=\"https:\/\/virtnum.com\/wp-content\/uploads\/2021\/04\/check-price.png\" alt=\"\" class=\"wp-image-96\" srcset=\"https:\/\/virtnum.com\/wp-content\/uploads\/2021\/04\/check-price.png 500w, https:\/\/virtnum.com\/wp-content\/uploads\/2021\/04\/check-price-300x120.png 300w\" sizes=\"auto, (max-width: 500px) 100vw, 500px\" \/><\/a>\n\n<p>Voc\u00ea precisa de mais de um n\u00famero? Nada com que se preocupar. \u00c9 poss\u00edvel comprar alguns n\u00fameros do pa\u00eds ou regi\u00e3o de sua prefer\u00eancia.<\/p>\n\n<p>Abaixo est\u00e3o tabelas que fornecem acesso r\u00e1pido a<br \/> <a href=\"#prices\" style=\"text-decoration:underline\">pre\u00e7os de n\u00fameros virtuais<\/a>.<\/p>\n<\/div>\n<\/div>\n\n\n\n<p>Com o n\u00famero de telefone virtual da Ar\u00e1bia Saudita, voc\u00ea pode encaminhar chamadas para qualquer n\u00famero: fixo, celular, SIP ou Telegram. O encaminhamento de chamadas e SMS pode ser configurado a partir da sua conta.<\/p>\n\n\n\n<a name=\"prices\">\n\n\n<p><div><\/tbody>\n                <\/table>\n                <\/div><br \/>\n<div><\/tbody>\n                <\/table>\n                <\/div><br \/>\n<div><\/tbody>\n                <\/table>\n                <\/div><\/p>\n\n\n\n<h2 class=\"wp-block-heading\">Op\u00e7\u00f5es<\/h2>\n\n\n\n<ul class=\"wp-block-list\">\n<li>Encaminhe chamadas feitas para a Ar\u00e1bia Saudita para qualquer lugar do mundo.<\/li>\n\n\n\n<li>Receba chamadas com seu n\u00famero virtual da Ar\u00e1bia Saudita usando um softphone ou nosso aplicativo m\u00f3vel.<\/li>\n\n\n\n<li>Encaminhe chamadas recebidas para qualquer linha telef\u00f4nica normal ou m\u00f3vel por uma tarifa muito baixa.<\/li>\n\n\n\n<li>O encaminhamento de chamadas recebidas para qualquer provedor de voz sobre IP (VoIP), SIP, H.323 ou IAX est\u00e1 inclu\u00eddo.<\/li>\n\n\n\n<li>Chamadas recebidas usando ITSP ou VoIP (SIP, H.323 ou IAX)<\/li>\n\n\n\n<li>Voc\u00ea aluga o n\u00famero de telefone da Ar\u00e1bia Saudita sem contratos.<\/li>\n\n\n\n<li>Se voc\u00ea precisar de um n\u00famero gratuito ou com medidor da Ar\u00e1bia Saudita, entre em contato com o suporte.<\/li>\n<\/ul>\n\n\n\n<p align=\"center\"><a class=\"buy\" href=\"https:\/\/virtnum.com\/buy\/\">\u27a1\ufe0f Compre um n\u00famero DID na Ar\u00e1bia Saudita \u2b05\ufe0f<\/a><\/p>\n\n\n\n<h2 class=\"wp-block-heading\">Obtenha uma segunda linha telef\u00f4nica na Ar\u00e1bia Saudita<\/h2>\n\n\n\n<p>Voc\u00ea precisa de uma presen\u00e7a na Ar\u00e1bia Saudita para seu neg\u00f3cio ou site? Compre um n\u00famero de telefone virtual da Ar\u00e1bia Saudita (n\u00famero DID da Ar\u00e1bia Saudita) e fale com clientes que voc\u00ea nunca pensou que tinha. Clientes potenciais e atuais apreciar\u00e3o um n\u00famero de telefone local na Ar\u00e1bia Saudita para eles usarem. Verifique os relat\u00f3rios de an\u00e1lise do seu site, se voc\u00ea estiver recebendo tr\u00e1fego fora das \u00e1reas em que tem seu n\u00famero de telefone &quot;Fale Conosco&quot; listado, voc\u00ea pode estar perdendo neg\u00f3cios. Pegue um n\u00famero virtual da Ar\u00e1bia Saudita e encaminhe as chamadas para qualquer dispositivo VOIP e pague uma taxa fixa por minutos de entrada ilimitados para esse n\u00famero. Voc\u00ea ficaria surpreso com a quantidade de chamadores que poderia haver na Ar\u00e1bia Saudita.<\/p>\n\n\n\n<p align=\"center\"><a class=\"buy\" href=\"https:\/\/virtnum.com\/buy\/\">\u27a1\ufe0f Obtenha um n\u00famero virtual da Ar\u00e1bia Saudita \u2b05\ufe0f<\/a><\/p>\n\n\n\n<h2 class=\"wp-block-heading\">Como obter um n\u00famero de telefone virtual local da Ar\u00e1bia Saudita?<\/h2>\n\n\n\n<ol class=\"wp-block-list\">\n<li>Em sua conta, selecione o <strong>tipo de n\u00famero<\/strong> (SMS, voz ou liga\u00e7\u00e3o gratuita).<\/li>\n\n\n\n<li>\u0415scolha <strong>Ar\u00e1bia Saudita<\/strong> da lista de pa\u00edses.<\/li>\n\n\n\n<li>Selecione os <strong>cidade\/regi\u00e3o<\/strong> onde voc\u00ea deseja obter o n\u00famero.<\/li>\n\n\n\n<li>Configurar <strong>dire\u00e7\u00e3o de encaminhamento de chamada<\/strong> (para n\u00famero de telefone, SIP ou Telegram).<\/li>\n\n\n\n<li>Pague o <strong>taxa criada<\/strong> e <strong>taxa mensal<\/strong> para o n\u00famero necess\u00e1rio de meses de aluguel (\u00e9 poss\u00edvel um desconto com o aumento do n\u00famero de meses).<\/li>\n<\/ol>","protected":false},"excerpt":{"rendered":"<p>N\u00famero virtual local Receba e encaminhe chamadas e SMS em todo o mundo \u0415scolha seu pa\u00eds e regi\u00e3o e, em seguida, selecione o n\u00famero que corresponde aos seus crit\u00e9rios de pesquisa em\u2026<\/p>","protected":false},"author":1,"featured_media":0,"parent":40,"menu_order":0,"comment_status":"closed","ping_status":"closed","template":"","meta":{"_acf_changed":false,"footnotes":""},"class_list":["post-847","page","type-page","status-publish","hentry"],"acf":[],"yoast_head":"<!-- This site is optimized with the Yoast SEO plugin v27.4 - https:\/\/yoast.com\/product\/yoast-seo-wordpress\/ -->\n<title>Buy Saudi Arabia Virtual Phone Numbers - Virtual Local Phone Numbers<\/title>\n<meta name=\"description\" content=\"Get unique Saudi Arabia Virtual Phone Numbers (Saudi Arabia DID Numbers). Make outgoing calls and receive incoming calls or forward the calls to anywhere in the world. Signup for Local Saudi Arabia Number.\" \/>\n<meta name=\"robots\" content=\"index, follow, max-snippet:-1, max-image-preview:large, max-video-preview:-1\" \/>\n<link rel=\"canonical\" href=\"https:\/\/virtnum.com\/pt\/buy-virtual-phone-number\/saudi-arabia\/\" \/>\n<meta property=\"og:locale\" content=\"pt_BR\" \/>\n<meta property=\"og:type\" content=\"article\" \/>\n<meta property=\"og:title\" content=\"Buy Saudi Arabia Virtual Phone Numbers - Virtual Local Phone Numbers\" \/>\n<meta property=\"og:description\" content=\"Get unique Saudi Arabia Virtual Phone Numbers (Saudi Arabia DID Numbers). Make outgoing calls and receive incoming calls or forward the calls to anywhere in the world. Signup for Local Saudi Arabia Number.\" \/>\n<meta property=\"og:url\" content=\"https:\/\/virtnum.com\/pt\/buy-virtual-phone-number\/saudi-arabia\/\" \/>\n<meta property=\"og:site_name\" content=\"Virtual Local Phone Numbers\" \/>\n<meta property=\"article:modified_time\" content=\"2024-07-25T00:49:34+00:00\" \/>\n<meta property=\"og:image\" content=\"https:\/\/virtnum.com\/wp-content\/uploads\/2021\/04\/check-price.png\" \/>\n<meta name=\"twitter:card\" content=\"summary_large_image\" \/>\n<meta name=\"twitter:label1\" content=\"Est. tempo de leitura\" \/>\n\t<meta name=\"twitter:data1\" content=\"3 minutos\" \/>\n<script type=\"application\/ld+json\" class=\"yoast-schema-graph\">{\"@context\":\"https:\\\/\\\/schema.org\",\"@graph\":[{\"@type\":\"WebPage\",\"@id\":\"https:\\\/\\\/virtnum.com\\\/buy-virtual-phone-number\\\/saudi-arabia\\\/\",\"url\":\"https:\\\/\\\/virtnum.com\\\/buy-virtual-phone-number\\\/saudi-arabia\\\/\",\"name\":\"Buy Saudi Arabia Virtual Phone Numbers - Virtual Local Phone Numbers\",\"isPartOf\":{\"@id\":\"https:\\\/\\\/virtnum.com\\\/#website\"},\"primaryImageOfPage\":{\"@id\":\"https:\\\/\\\/virtnum.com\\\/buy-virtual-phone-number\\\/saudi-arabia\\\/#primaryimage\"},\"image\":{\"@id\":\"https:\\\/\\\/virtnum.com\\\/buy-virtual-phone-number\\\/saudi-arabia\\\/#primaryimage\"},\"thumbnailUrl\":\"https:\\\/\\\/virtnum.com\\\/wp-content\\\/uploads\\\/2021\\\/04\\\/check-price.png\",\"datePublished\":\"2024-07-25T00:49:25+00:00\",\"dateModified\":\"2024-07-25T00:49:34+00:00\",\"description\":\"Get unique Saudi Arabia Virtual Phone Numbers (Saudi Arabia DID Numbers). Make outgoing calls and receive incoming calls or forward the calls to anywhere in the world. Signup for Local Saudi Arabia Number.\",\"breadcrumb\":{\"@id\":\"https:\\\/\\\/virtnum.com\\\/buy-virtual-phone-number\\\/saudi-arabia\\\/#breadcrumb\"},\"inLanguage\":\"pt-BR\",\"potentialAction\":[{\"@type\":\"ReadAction\",\"target\":[\"https:\\\/\\\/virtnum.com\\\/buy-virtual-phone-number\\\/saudi-arabia\\\/\"]}]},{\"@type\":\"ImageObject\",\"inLanguage\":\"pt-BR\",\"@id\":\"https:\\\/\\\/virtnum.com\\\/buy-virtual-phone-number\\\/saudi-arabia\\\/#primaryimage\",\"url\":\"https:\\\/\\\/virtnum.com\\\/wp-content\\\/uploads\\\/2021\\\/04\\\/check-price.png\",\"contentUrl\":\"https:\\\/\\\/virtnum.com\\\/wp-content\\\/uploads\\\/2021\\\/04\\\/check-price.png\"},{\"@type\":\"BreadcrumbList\",\"@id\":\"https:\\\/\\\/virtnum.com\\\/buy-virtual-phone-number\\\/saudi-arabia\\\/#breadcrumb\",\"itemListElement\":[{\"@type\":\"ListItem\",\"position\":1,\"name\":\"Permanent Virtual Phone Numbers\",\"item\":\"https:\\\/\\\/virtnum.com\\\/buy-virtual-phone-number\\\/\"},{\"@type\":\"ListItem\",\"position\":2,\"name\":\"Saudi Arabia\"}]},{\"@type\":\"WebSite\",\"@id\":\"https:\\\/\\\/virtnum.com\\\/#website\",\"url\":\"https:\\\/\\\/virtnum.com\\\/\",\"name\":\"Virtual Local Phone Numbers\",\"description\":\"Buy Virtual Phone Numbers | DID Numbers | VoIP Numbers | Toll-free Numbers | Call forwarding to SIP, VOIP, PBX, Mobile or Fixed Phones\",\"publisher\":{\"@id\":\"https:\\\/\\\/virtnum.com\\\/#organization\"},\"potentialAction\":[{\"@type\":\"SearchAction\",\"target\":{\"@type\":\"EntryPoint\",\"urlTemplate\":\"https:\\\/\\\/virtnum.com\\\/?s={search_term_string}\"},\"query-input\":{\"@type\":\"PropertyValueSpecification\",\"valueRequired\":true,\"valueName\":\"search_term_string\"}}],\"inLanguage\":\"pt-BR\"},{\"@type\":\"Organization\",\"@id\":\"https:\\\/\\\/virtnum.com\\\/#organization\",\"name\":\"Virtual Local Phone Numbers\",\"url\":\"https:\\\/\\\/virtnum.com\\\/\",\"logo\":{\"@type\":\"ImageObject\",\"inLanguage\":\"pt-BR\",\"@id\":\"https:\\\/\\\/virtnum.com\\\/#\\\/schema\\\/logo\\\/image\\\/\",\"url\":\"https:\\\/\\\/virtnum.com\\\/wp-content\\\/uploads\\\/2022\\\/12\\\/logo-1.png\",\"contentUrl\":\"https:\\\/\\\/virtnum.com\\\/wp-content\\\/uploads\\\/2022\\\/12\\\/logo-1.png\",\"width\":420,\"height\":165,\"caption\":\"Virtual Local Phone Numbers\"},\"image\":{\"@id\":\"https:\\\/\\\/virtnum.com\\\/#\\\/schema\\\/logo\\\/image\\\/\"}}]}<\/script>\n<!-- \/ Yoast SEO plugin. -->","yoast_head_json":{"title":"Compre n\u00fameros de telefone virtuais da Ar\u00e1bia Saudita - N\u00fameros de telefone locais virtuais","description":"Obtenha n\u00fameros de telefone virtuais exclusivos da Ar\u00e1bia Saudita (n\u00fameros DID da Ar\u00e1bia Saudita). Fa\u00e7a chamadas de sa\u00edda e receba chamadas de entrada ou encaminhe as chamadas para qualquer lugar do mundo. Inscreva-se para o n\u00famero local da Ar\u00e1bia Saudita.","robots":{"index":"index","follow":"follow","max-snippet":"max-snippet:-1","max-image-preview":"max-image-preview:large","max-video-preview":"max-video-preview:-1"},"canonical":"https:\/\/virtnum.com\/pt\/buy-virtual-phone-number\/saudi-arabia\/","og_locale":"pt_BR","og_type":"article","og_title":"Buy Saudi Arabia Virtual Phone Numbers - Virtual Local Phone Numbers","og_description":"Get unique Saudi Arabia Virtual Phone Numbers (Saudi Arabia DID Numbers). Make outgoing calls and receive incoming calls or forward the calls to anywhere in the world. Signup for Local Saudi Arabia Number.","og_url":"https:\/\/virtnum.com\/pt\/buy-virtual-phone-number\/saudi-arabia\/","og_site_name":"Virtual Local Phone Numbers","article_modified_time":"2024-07-25T00:49:34+00:00","og_image":[{"url":"https:\/\/virtnum.com\/wp-content\/uploads\/2021\/04\/check-price.png","type":"","width":"","height":""}],"twitter_card":"summary_large_image","twitter_misc":{"Est. tempo de leitura":"3 minutos"},"schema":{"@context":"https:\/\/schema.org","@graph":[{"@type":"WebPage","@id":"https:\/\/virtnum.com\/buy-virtual-phone-number\/saudi-arabia\/","url":"https:\/\/virtnum.com\/buy-virtual-phone-number\/saudi-arabia\/","name":"Compre n\u00fameros de telefone virtuais da Ar\u00e1bia Saudita - N\u00fameros de telefone locais virtuais","isPartOf":{"@id":"https:\/\/virtnum.com\/#website"},"primaryImageOfPage":{"@id":"https:\/\/virtnum.com\/buy-virtual-phone-number\/saudi-arabia\/#primaryimage"},"image":{"@id":"https:\/\/virtnum.com\/buy-virtual-phone-number\/saudi-arabia\/#primaryimage"},"thumbnailUrl":"https:\/\/virtnum.com\/wp-content\/uploads\/2021\/04\/check-price.png","datePublished":"2024-07-25T00:49:25+00:00","dateModified":"2024-07-25T00:49:34+00:00","description":"Obtenha n\u00fameros de telefone virtuais exclusivos da Ar\u00e1bia Saudita (n\u00fameros DID da Ar\u00e1bia Saudita). Fa\u00e7a chamadas de sa\u00edda e receba chamadas de entrada ou encaminhe as chamadas para qualquer lugar do mundo. Inscreva-se para o n\u00famero local da Ar\u00e1bia Saudita.","breadcrumb":{"@id":"https:\/\/virtnum.com\/buy-virtual-phone-number\/saudi-arabia\/#breadcrumb"},"inLanguage":"pt-BR","potentialAction":[{"@type":"ReadAction","target":["https:\/\/virtnum.com\/buy-virtual-phone-number\/saudi-arabia\/"]}]},{"@type":"ImageObject","inLanguage":"pt-BR","@id":"https:\/\/virtnum.com\/buy-virtual-phone-number\/saudi-arabia\/#primaryimage","url":"https:\/\/virtnum.com\/wp-content\/uploads\/2021\/04\/check-price.png","contentUrl":"https:\/\/virtnum.com\/wp-content\/uploads\/2021\/04\/check-price.png"},{"@type":"BreadcrumbList","@id":"https:\/\/virtnum.com\/buy-virtual-phone-number\/saudi-arabia\/#breadcrumb","itemListElement":[{"@type":"ListItem","position":1,"name":"Permanent Virtual Phone Numbers","item":"https:\/\/virtnum.com\/buy-virtual-phone-number\/"},{"@type":"ListItem","position":2,"name":"Saudi Arabia"}]},{"@type":"WebSite","@id":"https:\/\/virtnum.com\/#website","url":"https:\/\/virtnum.com\/","name":"N\u00fameros de telefone locais virtuais","description":"Compre n\u00fameros de telefone virtuais | N\u00fameros DID | N\u00fameros VoIP | N\u00fameros gratuitos | Encaminhamento de chamadas para SIP, VOIP, PBX, telefones m\u00f3veis ou fixos","publisher":{"@id":"https:\/\/virtnum.com\/#organization"},"potentialAction":[{"@type":"SearchAction","target":{"@type":"EntryPoint","urlTemplate":"https:\/\/virtnum.com\/?s={search_term_string}"},"query-input":{"@type":"PropertyValueSpecification","valueRequired":true,"valueName":"search_term_string"}}],"inLanguage":"pt-BR"},{"@type":"Organization","@id":"https:\/\/virtnum.com\/#organization","name":"N\u00fameros de telefone locais virtuais","url":"https:\/\/virtnum.com\/","logo":{"@type":"ImageObject","inLanguage":"pt-BR","@id":"https:\/\/virtnum.com\/#\/schema\/logo\/image\/","url":"https:\/\/virtnum.com\/wp-content\/uploads\/2022\/12\/logo-1.png","contentUrl":"https:\/\/virtnum.com\/wp-content\/uploads\/2022\/12\/logo-1.png","width":420,"height":165,"caption":"Virtual Local Phone Numbers"},"image":{"@id":"https:\/\/virtnum.com\/#\/schema\/logo\/image\/"}}]}},"_links":{"self":[{"href":"https:\/\/virtnum.com\/pt\/wp-json\/wp\/v2\/pages\/847","targetHints":{"allow":["GET"]}}],"collection":[{"href":"https:\/\/virtnum.com\/pt\/wp-json\/wp\/v2\/pages"}],"about":[{"href":"https:\/\/virtnum.com\/pt\/wp-json\/wp\/v2\/types\/page"}],"author":[{"embeddable":true,"href":"https:\/\/virtnum.com\/pt\/wp-json\/wp\/v2\/users\/1"}],"replies":[{"embeddable":true,"href":"https:\/\/virtnum.com\/pt\/wp-json\/wp\/v2\/comments?post=847"}],"version-history":[{"count":2,"href":"https:\/\/virtnum.com\/pt\/wp-json\/wp\/v2\/pages\/847\/revisions"}],"predecessor-version":[{"id":849,"href":"https:\/\/virtnum.com\/pt\/wp-json\/wp\/v2\/pages\/847\/revisions\/849"}],"up":[{"embeddable":true,"href":"https:\/\/virtnum.com\/pt\/wp-json\/wp\/v2\/pages\/40"}],"wp:attachment":[{"href":"https:\/\/virtnum.com\/pt\/wp-json\/wp\/v2\/media?parent=847"}],"curies":[{"name":"wp","href":"https:\/\/api.w.org\/{rel}","templated":true}]}}