{"id":862,"date":"2024-08-14T05:53:36","date_gmt":"2024-08-14T01:53:36","guid":{"rendered":"https:\/\/virtnum.com\/?page_id=862"},"modified":"2026-03-12T01:12:37","modified_gmt":"2026-03-11T21:12:37","slug":"sms-numbers","status":"publish","type":"page","link":"https:\/\/virtnum.com\/pt\/sms-numbers\/","title":{"rendered":"N\u00fameros de SMS virtuais"},"content":{"rendered":"<p>Assuma o controle da sua estrat\u00e9gia de mensagens com os n\u00fameros de SMS virtuais da Virtnum. Ative instantaneamente n\u00fameros de mais de 100 pa\u00edses e comece a enviar e receber mensagens SMS sem a necessidade de um cart\u00e3o SIM f\u00edsico. Nossos n\u00fameros virtuais s\u00e3o perfeitos para empresas de todos os tamanhos, permitindo que voc\u00ea mantenha uma presen\u00e7a local, interaja com os clientes diretamente e agilize suas comunica\u00e7\u00f5es. Quer voc\u00ea esteja conduzindo campanhas de marketing ou gerenciando o atendimento ao cliente, os n\u00fameros de SMS virtuais da Virtnum fornecem uma solu\u00e7\u00e3o sem complica\u00e7\u00f5es para atender \u00e0s suas necessidades.<\/p>\n\n\n\n<p align=\"center\"><a href=\"https:\/\/lk.virtnum.com\/en\/component\/telecomax?task=buyunregistred&#038;type=sms\" class=\"buy\">Comprar n\u00famero SMS virtual<\/a><\/p>\n\n\n\n<h3 class=\"wp-block-heading\">Por que escolher Virtnum.com para n\u00fameros de SMS virtuais?<\/h3>\n\n\n\n<p>A Virtnum oferece uma plataforma robusta com confiabilidade incompar\u00e1vel e alcance global. Nossos n\u00fameros de SMS virtuais n\u00e3o s\u00e3o apenas f\u00e1ceis de configurar, mas tamb\u00e9m v\u00eam com uma variedade de recursos projetados para otimizar seus recursos de mensagens. Aproveite recursos como mensagens bidirecionais, respostas autom\u00e1ticas e relat\u00f3rios de entrega em tempo real, tudo isso mantendo seu n\u00famero pessoal privado. Com pre\u00e7os competitivos e suporte 24 horas por dia, 7 dias por semana, a Virtnum garante que suas comunica\u00e7\u00f5es comerciais estejam sempre funcionando sem problemas, n\u00e3o importa onde seus clientes estejam localizados.<\/p>\n\n\n\n<p align=\"center\"><a href=\"https:\/\/lk.virtnum.com\/en\/component\/telecomax?task=buyunregistred&#038;type=sms\" class=\"buy\">Comprar n\u00famero SMS virtual<\/a><\/p>\n\n\n\n<h3 class=\"wp-block-heading\">Como funciona<\/h3>\n\n\n\n<p>Come\u00e7ar a usar o Virtnum \u00e9 r\u00e1pido e f\u00e1cil. Escolha seu n\u00famero de SMS virtual preferido em nosso amplo invent\u00e1rio, selecione seu plano desejado e pronto! Nosso painel de controle amig\u00e1vel permite que voc\u00ea gerencie todos os seus n\u00fameros, rastreie sua atividade de SMS e acesse recursos avan\u00e7ados com apenas alguns cliques. <\/p>\n\n\n\n<p><\/p>","protected":false},"excerpt":{"rendered":"<p>Assuma o controle da sua estrat\u00e9gia de mensagens com os n\u00fameros de SMS virtuais da Virtnum. Ative instantaneamente n\u00fameros de mais de 100 pa\u00edses e comece a enviar e receber mensagens SMS\u2026<\/p>","protected":false},"author":1,"featured_media":0,"parent":0,"menu_order":0,"comment_status":"closed","ping_status":"closed","template":"","meta":{"_acf_changed":false,"footnotes":""},"class_list":["post-862","page","type-page","status-publish","hentry"],"acf":[],"yoast_head":"<!-- This site is optimized with the Yoast SEO plugin v27.4 - https:\/\/yoast.com\/product\/yoast-seo-wordpress\/ -->\n<title>Virtual SMS Numbers - Virtual Local Phone Numbers<\/title>\n<meta name=\"description\" content=\"Buy virtual SMS numbers from 100+ countries instantly. No SIM card needed. Two-way messaging, real-time delivery reports &amp; 24\/7 support. Start today \u2014 Virtnum.\" \/>\n<meta name=\"robots\" content=\"index, follow, max-snippet:-1, max-image-preview:large, max-video-preview:-1\" \/>\n<link rel=\"canonical\" href=\"https:\/\/virtnum.com\/pt\/sms-numbers\/\" \/>\n<meta property=\"og:locale\" content=\"pt_BR\" \/>\n<meta property=\"og:type\" content=\"article\" \/>\n<meta property=\"og:title\" content=\"Virtual SMS Numbers - Virtual Local Phone Numbers\" \/>\n<meta property=\"og:description\" content=\"Buy virtual SMS numbers from 100+ countries instantly. No SIM card needed. Two-way messaging, real-time delivery reports &amp; 24\/7 support. Start today \u2014 Virtnum.\" \/>\n<meta property=\"og:url\" content=\"https:\/\/virtnum.com\/pt\/sms-numbers\/\" \/>\n<meta property=\"og:site_name\" content=\"Virtual Local Phone Numbers\" \/>\n<meta property=\"article:modified_time\" content=\"2026-03-11T21:12:37+00:00\" \/>\n<meta name=\"twitter:card\" content=\"summary_large_image\" \/>\n<meta name=\"twitter:label1\" content=\"Est. tempo de leitura\" \/>\n\t<meta name=\"twitter:data1\" content=\"1 minuto\" \/>\n<script type=\"application\/ld+json\" class=\"yoast-schema-graph\">{\"@context\":\"https:\\\/\\\/schema.org\",\"@graph\":[{\"@type\":\"WebPage\",\"@id\":\"https:\\\/\\\/virtnum.com\\\/sms-numbers\\\/\",\"url\":\"https:\\\/\\\/virtnum.com\\\/sms-numbers\\\/\",\"name\":\"Virtual SMS Numbers - Virtual Local Phone Numbers\",\"isPartOf\":{\"@id\":\"https:\\\/\\\/virtnum.com\\\/#website\"},\"datePublished\":\"2024-08-14T01:53:36+00:00\",\"dateModified\":\"2026-03-11T21:12:37+00:00\",\"description\":\"Buy virtual SMS numbers from 100+ countries instantly. No SIM card needed. Two-way messaging, real-time delivery reports & 24\\\/7 support. Start today \u2014 Virtnum.\",\"inLanguage\":\"pt-BR\",\"potentialAction\":[{\"@type\":\"ReadAction\",\"target\":[\"https:\\\/\\\/virtnum.com\\\/sms-numbers\\\/\"]}]},{\"@type\":\"WebSite\",\"@id\":\"https:\\\/\\\/virtnum.com\\\/#website\",\"url\":\"https:\\\/\\\/virtnum.com\\\/\",\"name\":\"Virtual Local Phone Numbers\",\"description\":\"Buy Virtual Phone Numbers | DID Numbers | VoIP Numbers | Toll-free Numbers | Call forwarding to SIP, VOIP, PBX, Mobile or Fixed Phones\",\"publisher\":{\"@id\":\"https:\\\/\\\/virtnum.com\\\/#organization\"},\"potentialAction\":[{\"@type\":\"SearchAction\",\"target\":{\"@type\":\"EntryPoint\",\"urlTemplate\":\"https:\\\/\\\/virtnum.com\\\/?s={search_term_string}\"},\"query-input\":{\"@type\":\"PropertyValueSpecification\",\"valueRequired\":true,\"valueName\":\"search_term_string\"}}],\"inLanguage\":\"pt-BR\"},{\"@type\":\"Organization\",\"@id\":\"https:\\\/\\\/virtnum.com\\\/#organization\",\"name\":\"Virtual Local Phone Numbers\",\"url\":\"https:\\\/\\\/virtnum.com\\\/\",\"logo\":{\"@type\":\"ImageObject\",\"inLanguage\":\"pt-BR\",\"@id\":\"https:\\\/\\\/virtnum.com\\\/#\\\/schema\\\/logo\\\/image\\\/\",\"url\":\"https:\\\/\\\/virtnum.com\\\/wp-content\\\/uploads\\\/2022\\\/12\\\/logo-1.png\",\"contentUrl\":\"https:\\\/\\\/virtnum.com\\\/wp-content\\\/uploads\\\/2022\\\/12\\\/logo-1.png\",\"width\":420,\"height\":165,\"caption\":\"Virtual Local Phone Numbers\"},\"image\":{\"@id\":\"https:\\\/\\\/virtnum.com\\\/#\\\/schema\\\/logo\\\/image\\\/\"}}]}<\/script>\n<!-- \/ Yoast SEO plugin. -->","yoast_head_json":{"title":"N\u00fameros SMS virtuais - N\u00fameros de telefone locais virtuais","description":"Compre n\u00fameros SMS virtuais de mais de 100 pa\u00edses instantaneamente. Sem necessidade de cart\u00e3o SIM. Mensagens bidirecionais, relat\u00f3rios de entrega em tempo real e suporte 24 horas por dia, 7 dias por semana. Comece hoje mesmo \u2014 Virtnum.","robots":{"index":"index","follow":"follow","max-snippet":"max-snippet:-1","max-image-preview":"max-image-preview:large","max-video-preview":"max-video-preview:-1"},"canonical":"https:\/\/virtnum.com\/pt\/sms-numbers\/","og_locale":"pt_BR","og_type":"article","og_title":"Virtual SMS Numbers - Virtual Local Phone Numbers","og_description":"Buy virtual SMS numbers from 100+ countries instantly. No SIM card needed. Two-way messaging, real-time delivery reports & 24\/7 support. Start today \u2014 Virtnum.","og_url":"https:\/\/virtnum.com\/pt\/sms-numbers\/","og_site_name":"Virtual Local Phone Numbers","article_modified_time":"2026-03-11T21:12:37+00:00","twitter_card":"summary_large_image","twitter_misc":{"Est. tempo de leitura":"1 minuto"},"schema":{"@context":"https:\/\/schema.org","@graph":[{"@type":"WebPage","@id":"https:\/\/virtnum.com\/sms-numbers\/","url":"https:\/\/virtnum.com\/sms-numbers\/","name":"N\u00fameros SMS virtuais - N\u00fameros de telefone locais virtuais","isPartOf":{"@id":"https:\/\/virtnum.com\/#website"},"datePublished":"2024-08-14T01:53:36+00:00","dateModified":"2026-03-11T21:12:37+00:00","description":"Compre n\u00fameros SMS virtuais de mais de 100 pa\u00edses instantaneamente. Sem necessidade de cart\u00e3o SIM. Mensagens bidirecionais, relat\u00f3rios de entrega em tempo real e suporte 24 horas por dia, 7 dias por semana. Comece hoje mesmo \u2014 Virtnum.","inLanguage":"pt-BR","potentialAction":[{"@type":"ReadAction","target":["https:\/\/virtnum.com\/sms-numbers\/"]}]},{"@type":"WebSite","@id":"https:\/\/virtnum.com\/#website","url":"https:\/\/virtnum.com\/","name":"N\u00fameros de telefone locais virtuais","description":"Compre n\u00fameros de telefone virtuais | N\u00fameros DID | N\u00fameros VoIP | N\u00fameros gratuitos | Encaminhamento de chamadas para SIP, VOIP, PBX, telefones m\u00f3veis ou fixos","publisher":{"@id":"https:\/\/virtnum.com\/#organization"},"potentialAction":[{"@type":"SearchAction","target":{"@type":"EntryPoint","urlTemplate":"https:\/\/virtnum.com\/?s={search_term_string}"},"query-input":{"@type":"PropertyValueSpecification","valueRequired":true,"valueName":"search_term_string"}}],"inLanguage":"pt-BR"},{"@type":"Organization","@id":"https:\/\/virtnum.com\/#organization","name":"N\u00fameros de telefone locais virtuais","url":"https:\/\/virtnum.com\/","logo":{"@type":"ImageObject","inLanguage":"pt-BR","@id":"https:\/\/virtnum.com\/#\/schema\/logo\/image\/","url":"https:\/\/virtnum.com\/wp-content\/uploads\/2022\/12\/logo-1.png","contentUrl":"https:\/\/virtnum.com\/wp-content\/uploads\/2022\/12\/logo-1.png","width":420,"height":165,"caption":"Virtual Local Phone Numbers"},"image":{"@id":"https:\/\/virtnum.com\/#\/schema\/logo\/image\/"}}]}},"_links":{"self":[{"href":"https:\/\/virtnum.com\/pt\/wp-json\/wp\/v2\/pages\/862","targetHints":{"allow":["GET"]}}],"collection":[{"href":"https:\/\/virtnum.com\/pt\/wp-json\/wp\/v2\/pages"}],"about":[{"href":"https:\/\/virtnum.com\/pt\/wp-json\/wp\/v2\/types\/page"}],"author":[{"embeddable":true,"href":"https:\/\/virtnum.com\/pt\/wp-json\/wp\/v2\/users\/1"}],"replies":[{"embeddable":true,"href":"https:\/\/virtnum.com\/pt\/wp-json\/wp\/v2\/comments?post=862"}],"version-history":[{"count":2,"href":"https:\/\/virtnum.com\/pt\/wp-json\/wp\/v2\/pages\/862\/revisions"}],"predecessor-version":[{"id":866,"href":"https:\/\/virtnum.com\/pt\/wp-json\/wp\/v2\/pages\/862\/revisions\/866"}],"wp:attachment":[{"href":"https:\/\/virtnum.com\/pt\/wp-json\/wp\/v2\/media?parent=862"}],"curies":[{"name":"wp","href":"https:\/\/api.w.org\/{rel}","templated":true}]}}