{"id":867,"date":"2024-08-14T05:58:27","date_gmt":"2024-08-14T01:58:27","guid":{"rendered":"https:\/\/virtnum.com\/?page_id=867"},"modified":"2024-08-14T05:59:00","modified_gmt":"2024-08-14T01:59:00","slug":"numbers-for-call","status":"publish","type":"page","link":"https:\/\/virtnum.com\/pt\/numbers-for-call\/","title":{"rendered":"N\u00fameros virtuais para chamadas"},"content":{"rendered":"<p>Gerencie suas chamadas internacionais sem esfor\u00e7o com os n\u00fameros de voz virtuais da Virtnum. Ative instantaneamente n\u00fameros de mais de 100 pa\u00edses e comece a receber chamadas sem a necessidade de linhas telef\u00f4nicas f\u00edsicas. Nossos n\u00fameros virtuais s\u00e3o ideais para empresas de todos os tamanhos, permitindo que voc\u00ea estabele\u00e7a uma presen\u00e7a local, interaja diretamente com clientes globais e agilize suas comunica\u00e7\u00f5es de entrada. Quer voc\u00ea esteja lidando com suporte ao cliente ou expandindo para novos mercados, os n\u00fameros de voz virtuais da Virtnum fornecem uma solu\u00e7\u00e3o perfeita e confi\u00e1vel para atender \u00e0s suas necessidades.<\/p>\n\n\n\n<p align=\"center\"><a href=\"https:\/\/lk.virtnum.com\/en\/component\/telecomax?task=buyunregistred&#038;type=voice\" class=\"buy\">Compre um n\u00famero virtual para chamadas<\/a><\/p>\n\n\n\n<h3 class=\"wp-block-heading\">Por que escolher Virtnum.com para n\u00fameros de voz virtuais?<\/h3>\n\n\n\n<p>A Virtnum oferece uma plataforma poderosa com confiabilidade excepcional e conectividade global. Nossos n\u00fameros de voz virtuais s\u00e3o f\u00e1ceis de configurar e v\u00eam equipados com uma variedade de recursos projetados para aprimorar seu gerenciamento de chamadas. Aproveite benef\u00edcios como encaminhamento de chamadas, correio de voz e registros de chamadas detalhados, tudo isso mantendo seu n\u00famero pessoal privado. Com pre\u00e7os competitivos e suporte 24 horas por dia, 7 dias por semana, a Virtnum garante que suas comunica\u00e7\u00f5es comerciais permane\u00e7am eficientes e profissionais, n\u00e3o importa de onde suas chamadas estejam vindo.<\/p>\n\n\n\n<p align=\"center\"><a href=\"https:\/\/lk.virtnum.com\/en\/component\/telecomax?task=buyunregistred&#038;type=voice\" class=\"buy\">Comprar n\u00famero de voz virtual<\/a><\/p>\n\n\n\n<h3 class=\"wp-block-heading\">Como funciona<\/h3>\n\n\n\n<p>Come\u00e7ar a usar o Virtnum \u00e9 simples e direto. Selecione seu n\u00famero de voz virtual preferido em nosso amplo invent\u00e1rio global, escolha um plano que atenda \u00e0s suas necessidades e voc\u00ea estar\u00e1 pronto para receber chamadas! Nosso painel intuitivo permite que voc\u00ea gerencie todos os seus n\u00fameros, monitore a atividade de chamadas e acesse recursos avan\u00e7ados com apenas alguns cliques. Comece a receber chamadas do mundo todo com a plataforma flex\u00edvel e f\u00e1cil de usar do Virtnum.<\/p>","protected":false},"excerpt":{"rendered":"<p>Gerencie suas chamadas internacionais sem esfor\u00e7o com os n\u00fameros de voz virtuais da Virtnum. Ative instantaneamente n\u00fameros de mais de 100 pa\u00edses e comece a receber chamadas sem a necessidade de\u2026<\/p>","protected":false},"author":1,"featured_media":0,"parent":0,"menu_order":0,"comment_status":"closed","ping_status":"closed","template":"","meta":{"_acf_changed":false,"footnotes":""},"class_list":["post-867","page","type-page","status-publish","hentry"],"acf":[],"yoast_head":"<!-- This site is optimized with the Yoast SEO plugin v27.4 - https:\/\/yoast.com\/product\/yoast-seo-wordpress\/ -->\n<title>Buy Virtual Numbers for Calls - Receive Global Calls Anywhere | Virtnum<\/title>\n<meta name=\"description\" content=\"Get virtual phone numbers from Virtnum to receive calls from over 100 countries. Instantly activate numbers, manage global calls seamlessly, and maintain your privacy. Start receiving international calls with Virtnum today!\" \/>\n<meta name=\"robots\" content=\"index, follow, max-snippet:-1, max-image-preview:large, max-video-preview:-1\" \/>\n<link rel=\"canonical\" href=\"https:\/\/virtnum.com\/pt\/numbers-for-call\/\" \/>\n<meta property=\"og:locale\" content=\"pt_BR\" \/>\n<meta property=\"og:type\" content=\"article\" \/>\n<meta property=\"og:title\" content=\"Buy Virtual Numbers for Calls - Receive Global Calls Anywhere | Virtnum\" \/>\n<meta property=\"og:description\" content=\"Get virtual phone numbers from Virtnum to receive calls from over 100 countries. Instantly activate numbers, manage global calls seamlessly, and maintain your privacy. Start receiving international calls with Virtnum today!\" \/>\n<meta property=\"og:url\" content=\"https:\/\/virtnum.com\/pt\/numbers-for-call\/\" \/>\n<meta property=\"og:site_name\" content=\"Virtual Local Phone Numbers\" \/>\n<meta property=\"article:modified_time\" content=\"2024-08-14T01:59:00+00:00\" \/>\n<meta name=\"twitter:card\" content=\"summary_large_image\" \/>\n<meta name=\"twitter:label1\" content=\"Est. tempo de leitura\" \/>\n\t<meta name=\"twitter:data1\" content=\"2 minutos\" \/>\n<script type=\"application\/ld+json\" class=\"yoast-schema-graph\">{\"@context\":\"https:\\\/\\\/schema.org\",\"@graph\":[{\"@type\":\"WebPage\",\"@id\":\"https:\\\/\\\/virtnum.com\\\/numbers-for-call\\\/\",\"url\":\"https:\\\/\\\/virtnum.com\\\/numbers-for-call\\\/\",\"name\":\"Buy Virtual Numbers for Calls - Receive Global Calls Anywhere | Virtnum\",\"isPartOf\":{\"@id\":\"https:\\\/\\\/virtnum.com\\\/#website\"},\"datePublished\":\"2024-08-14T01:58:27+00:00\",\"dateModified\":\"2024-08-14T01:59:00+00:00\",\"description\":\"Get virtual phone numbers from Virtnum to receive calls from over 100 countries. Instantly activate numbers, manage global calls seamlessly, and maintain your privacy. Start receiving international calls with Virtnum today!\",\"inLanguage\":\"pt-BR\",\"potentialAction\":[{\"@type\":\"ReadAction\",\"target\":[\"https:\\\/\\\/virtnum.com\\\/numbers-for-call\\\/\"]}]},{\"@type\":\"WebSite\",\"@id\":\"https:\\\/\\\/virtnum.com\\\/#website\",\"url\":\"https:\\\/\\\/virtnum.com\\\/\",\"name\":\"Virtual Local Phone Numbers\",\"description\":\"Buy Virtual Phone Numbers | DID Numbers | VoIP Numbers | Toll-free Numbers | Call forwarding to SIP, VOIP, PBX, Mobile or Fixed Phones\",\"publisher\":{\"@id\":\"https:\\\/\\\/virtnum.com\\\/#organization\"},\"potentialAction\":[{\"@type\":\"SearchAction\",\"target\":{\"@type\":\"EntryPoint\",\"urlTemplate\":\"https:\\\/\\\/virtnum.com\\\/?s={search_term_string}\"},\"query-input\":{\"@type\":\"PropertyValueSpecification\",\"valueRequired\":true,\"valueName\":\"search_term_string\"}}],\"inLanguage\":\"pt-BR\"},{\"@type\":\"Organization\",\"@id\":\"https:\\\/\\\/virtnum.com\\\/#organization\",\"name\":\"Virtual Local Phone Numbers\",\"url\":\"https:\\\/\\\/virtnum.com\\\/\",\"logo\":{\"@type\":\"ImageObject\",\"inLanguage\":\"pt-BR\",\"@id\":\"https:\\\/\\\/virtnum.com\\\/#\\\/schema\\\/logo\\\/image\\\/\",\"url\":\"https:\\\/\\\/virtnum.com\\\/wp-content\\\/uploads\\\/2022\\\/12\\\/logo-1.png\",\"contentUrl\":\"https:\\\/\\\/virtnum.com\\\/wp-content\\\/uploads\\\/2022\\\/12\\\/logo-1.png\",\"width\":420,\"height\":165,\"caption\":\"Virtual Local Phone Numbers\"},\"image\":{\"@id\":\"https:\\\/\\\/virtnum.com\\\/#\\\/schema\\\/logo\\\/image\\\/\"}}]}<\/script>\n<!-- \/ Yoast SEO plugin. -->","yoast_head_json":{"title":"Compre n\u00fameros virtuais para chamadas - Receba chamadas globais em qualquer lugar | Virtnum","description":"Obtenha n\u00fameros de telefone virtuais da Virtnum para receber chamadas de mais de 100 pa\u00edses. Ative n\u00fameros instantaneamente, gerencie chamadas globais perfeitamente e mantenha sua privacidade. Comece a receber chamadas internacionais com a Virtnum hoje mesmo!","robots":{"index":"index","follow":"follow","max-snippet":"max-snippet:-1","max-image-preview":"max-image-preview:large","max-video-preview":"max-video-preview:-1"},"canonical":"https:\/\/virtnum.com\/pt\/numbers-for-call\/","og_locale":"pt_BR","og_type":"article","og_title":"Buy Virtual Numbers for Calls - Receive Global Calls Anywhere | Virtnum","og_description":"Get virtual phone numbers from Virtnum to receive calls from over 100 countries. Instantly activate numbers, manage global calls seamlessly, and maintain your privacy. Start receiving international calls with Virtnum today!","og_url":"https:\/\/virtnum.com\/pt\/numbers-for-call\/","og_site_name":"Virtual Local Phone Numbers","article_modified_time":"2024-08-14T01:59:00+00:00","twitter_card":"summary_large_image","twitter_misc":{"Est. tempo de leitura":"2 minutos"},"schema":{"@context":"https:\/\/schema.org","@graph":[{"@type":"WebPage","@id":"https:\/\/virtnum.com\/numbers-for-call\/","url":"https:\/\/virtnum.com\/numbers-for-call\/","name":"Compre n\u00fameros virtuais para chamadas - Receba chamadas globais em qualquer lugar | Virtnum","isPartOf":{"@id":"https:\/\/virtnum.com\/#website"},"datePublished":"2024-08-14T01:58:27+00:00","dateModified":"2024-08-14T01:59:00+00:00","description":"Obtenha n\u00fameros de telefone virtuais da Virtnum para receber chamadas de mais de 100 pa\u00edses. Ative n\u00fameros instantaneamente, gerencie chamadas globais perfeitamente e mantenha sua privacidade. Comece a receber chamadas internacionais com a Virtnum hoje mesmo!","inLanguage":"pt-BR","potentialAction":[{"@type":"ReadAction","target":["https:\/\/virtnum.com\/numbers-for-call\/"]}]},{"@type":"WebSite","@id":"https:\/\/virtnum.com\/#website","url":"https:\/\/virtnum.com\/","name":"N\u00fameros de telefone locais virtuais","description":"Compre n\u00fameros de telefone virtuais | N\u00fameros DID | N\u00fameros VoIP | N\u00fameros gratuitos | Encaminhamento de chamadas para SIP, VOIP, PBX, telefones m\u00f3veis ou fixos","publisher":{"@id":"https:\/\/virtnum.com\/#organization"},"potentialAction":[{"@type":"SearchAction","target":{"@type":"EntryPoint","urlTemplate":"https:\/\/virtnum.com\/?s={search_term_string}"},"query-input":{"@type":"PropertyValueSpecification","valueRequired":true,"valueName":"search_term_string"}}],"inLanguage":"pt-BR"},{"@type":"Organization","@id":"https:\/\/virtnum.com\/#organization","name":"N\u00fameros de telefone locais virtuais","url":"https:\/\/virtnum.com\/","logo":{"@type":"ImageObject","inLanguage":"pt-BR","@id":"https:\/\/virtnum.com\/#\/schema\/logo\/image\/","url":"https:\/\/virtnum.com\/wp-content\/uploads\/2022\/12\/logo-1.png","contentUrl":"https:\/\/virtnum.com\/wp-content\/uploads\/2022\/12\/logo-1.png","width":420,"height":165,"caption":"Virtual Local Phone Numbers"},"image":{"@id":"https:\/\/virtnum.com\/#\/schema\/logo\/image\/"}}]}},"_links":{"self":[{"href":"https:\/\/virtnum.com\/pt\/wp-json\/wp\/v2\/pages\/867","targetHints":{"allow":["GET"]}}],"collection":[{"href":"https:\/\/virtnum.com\/pt\/wp-json\/wp\/v2\/pages"}],"about":[{"href":"https:\/\/virtnum.com\/pt\/wp-json\/wp\/v2\/types\/page"}],"author":[{"embeddable":true,"href":"https:\/\/virtnum.com\/pt\/wp-json\/wp\/v2\/users\/1"}],"replies":[{"embeddable":true,"href":"https:\/\/virtnum.com\/pt\/wp-json\/wp\/v2\/comments?post=867"}],"version-history":[{"count":2,"href":"https:\/\/virtnum.com\/pt\/wp-json\/wp\/v2\/pages\/867\/revisions"}],"predecessor-version":[{"id":871,"href":"https:\/\/virtnum.com\/pt\/wp-json\/wp\/v2\/pages\/867\/revisions\/871"}],"wp:attachment":[{"href":"https:\/\/virtnum.com\/pt\/wp-json\/wp\/v2\/media?parent=867"}],"curies":[{"name":"wp","href":"https:\/\/api.w.org\/{rel}","templated":true}]}}