{"id":874,"date":"2024-08-23T04:21:14","date_gmt":"2024-08-23T00:21:14","guid":{"rendered":"https:\/\/virtnum.com\/?page_id=874"},"modified":"2024-08-23T04:21:17","modified_gmt":"2024-08-23T00:21:17","slug":"sms-number-registration","status":"publish","type":"page","link":"https:\/\/virtnum.com\/pt\/sms-number-registration\/","title":{"rendered":"N\u00famero SMS permanente para registro"},"content":{"rendered":"<p><strong>Cansado de procurar um novo n\u00famero toda vez que precisa se registrar em diferentes servi\u00e7os e redes sociais?<\/strong> Com nosso n\u00famero SMS permanente, voc\u00ea pode simplificar a cria\u00e7\u00e3o de contas em v\u00e1rias plataformas. Esses n\u00fameros SMS virtuais reutiliz\u00e1veis permitem que voc\u00ea se registre facilmente em redes sociais, aplicativos e outros servi\u00e7os, fornecendo uma solu\u00e7\u00e3o confi\u00e1vel e conveniente para todas as suas necessidades de registro.<\/p>\n\n\n\n<p align=\"center\"><a href=\"https:\/\/lk.virtnum.com\/en\/component\/telecomax?task=buyunregistred\" class=\"buy\">Comprar n\u00famero SMS para registro<\/a><\/p>\n\n\n\n<h2 class=\"wp-block-heading\">O que \u00e9 um n\u00famero SMS permanente?<\/h2>\n\n\n\n<p>Este \u00e9 um n\u00famero virtual que pode ser usado para criar e verificar contas em v\u00e1rios sites, aplicativos e redes sociais. Ao contr\u00e1rio dos n\u00fameros descart\u00e1veis, nosso n\u00famero SMS permanente fica com voc\u00ea por um longo tempo e pode ser usado repetidamente para receber c\u00f3digos SMS de diferentes servi\u00e7os.<\/p>\n\n\n\n<h2 class=\"wp-block-heading\">Benef\u00edcios de um n\u00famero SMS permanente:<\/h2>\n\n\n\n<ul class=\"wp-block-list\">\n<li><strong>Reutiliz\u00e1vel:<\/strong> Crie contas em diferentes plataformas usando o mesmo n\u00famero.<\/li>\n\n\n\n<li><strong>Vers\u00e1til:<\/strong> Adequado para registro em redes sociais, f\u00f3runs, mensageiros, lojas online e outros servi\u00e7os.<\/li>\n\n\n\n<li><strong>Confi\u00e1vel:<\/strong> Receba c\u00f3digos SMS mesmo ao se registrar v\u00e1rias vezes no mesmo servi\u00e7o.<\/li>\n\n\n\n<li><strong>Conveniente:<\/strong> N\u00e3o \u00e9 necess\u00e1rio procurar um novo n\u00famero toda vez: o n\u00famero permanente est\u00e1 sempre \u00e0 sua disposi\u00e7\u00e3o.<\/li>\n<\/ul>\n\n\n\n<h2 class=\"wp-block-heading\">Como funciona?<\/h2>\n\n\n\n<ol class=\"wp-block-list\">\n<li><strong>Escolha um n\u00famero:<\/strong> Encontre um n\u00famero de SMS permanente dispon\u00edvel em nosso site.<\/li>\n\n\n\n<li><strong>Use-o para registro:<\/strong> Use o n\u00famero para registrar e verificar contas nos servi\u00e7os que voc\u00ea precisa.<\/li>\n\n\n\n<li><strong>Receba c\u00f3digos SMS:<\/strong> Todos os c\u00f3digos ser\u00e3o enviados para seu n\u00famero permanente, independentemente de quantas contas voc\u00ea criar.<\/li>\n<\/ol>\n\n\n\n<p>Nossos n\u00fameros SMS permanentes s\u00e3o a escolha perfeita para aqueles que se registram frequentemente em diferentes servi\u00e7os e valorizam conveni\u00eancia e confiabilidade. Diga adeus ao inc\u00f4modo de n\u00fameros descart\u00e1veis e avance para um novo n\u00edvel de liberdade m\u00f3vel com nosso servi\u00e7o!<\/p>\n\n\n\n<p align=\"center\"><a href=\"https:\/\/lk.virtnum.com\/en\/component\/telecomax?task=buyunregistred\" class=\"buy\">Comprar n\u00famero SMS para registro<\/a><\/p>\n\n\n\n<p><strong>Comece a usar um n\u00famero SMS permanente hoje mesmo e simplifique o processo de registro nos seus servi\u00e7os favoritos!<\/strong><\/p>","protected":false},"excerpt":{"rendered":"<p>Cansado de procurar um novo n\u00famero toda vez que precisa se registrar em diferentes servi\u00e7os e redes sociais? Com nosso n\u00famero SMS permanente, voc\u00ea\u2026<\/p>","protected":false},"author":1,"featured_media":0,"parent":0,"menu_order":0,"comment_status":"closed","ping_status":"closed","template":"","meta":{"_acf_changed":false,"footnotes":""},"class_list":["post-874","page","type-page","status-publish","hentry"],"acf":[],"yoast_head":"<!-- This site is optimized with the Yoast SEO plugin v27.3 - https:\/\/yoast.com\/product\/yoast-seo-wordpress\/ -->\n<title>Permanent SMS Number for Registration<\/title>\n<meta name=\"description\" content=\"Discover the advantages of using a permanent SMS number for registration on multiple platforms. Learn how our reusable virtual numbers simplify account creation across social networks, apps, and other services. Enjoy reliable, convenient, and versatile registration with a number that stays with you. Start today!\" \/>\n<meta name=\"robots\" content=\"index, follow, max-snippet:-1, max-image-preview:large, max-video-preview:-1\" \/>\n<link rel=\"canonical\" href=\"https:\/\/virtnum.com\/pt\/sms-number-registration\/\" \/>\n<meta property=\"og:locale\" content=\"pt_BR\" \/>\n<meta property=\"og:type\" content=\"article\" \/>\n<meta property=\"og:title\" content=\"Permanent SMS Number for Registration\" \/>\n<meta property=\"og:description\" content=\"Discover the advantages of using a permanent SMS number for registration on multiple platforms. Learn how our reusable virtual numbers simplify account creation across social networks, apps, and other services. Enjoy reliable, convenient, and versatile registration with a number that stays with you. Start today!\" \/>\n<meta property=\"og:url\" content=\"https:\/\/virtnum.com\/pt\/sms-number-registration\/\" \/>\n<meta property=\"og:site_name\" content=\"Virtual Local Phone Numbers\" \/>\n<meta property=\"article:modified_time\" content=\"2024-08-23T00:21:17+00:00\" \/>\n<meta name=\"twitter:card\" content=\"summary_large_image\" \/>\n<meta name=\"twitter:label1\" content=\"Est. tempo de leitura\" \/>\n\t<meta name=\"twitter:data1\" content=\"2 minutos\" \/>\n<script type=\"application\/ld+json\" class=\"yoast-schema-graph\">{\"@context\":\"https:\\\/\\\/schema.org\",\"@graph\":[{\"@type\":\"WebPage\",\"@id\":\"https:\\\/\\\/virtnum.com\\\/sms-number-registration\\\/\",\"url\":\"https:\\\/\\\/virtnum.com\\\/sms-number-registration\\\/\",\"name\":\"Permanent SMS Number for Registration\",\"isPartOf\":{\"@id\":\"https:\\\/\\\/virtnum.com\\\/#website\"},\"datePublished\":\"2024-08-23T00:21:14+00:00\",\"dateModified\":\"2024-08-23T00:21:17+00:00\",\"description\":\"Discover the advantages of using a permanent SMS number for registration on multiple platforms. Learn how our reusable virtual numbers simplify account creation across social networks, apps, and other services. Enjoy reliable, convenient, and versatile registration with a number that stays with you. Start today!\",\"inLanguage\":\"pt-BR\",\"potentialAction\":[{\"@type\":\"ReadAction\",\"target\":[\"https:\\\/\\\/virtnum.com\\\/sms-number-registration\\\/\"]}]},{\"@type\":\"WebSite\",\"@id\":\"https:\\\/\\\/virtnum.com\\\/#website\",\"url\":\"https:\\\/\\\/virtnum.com\\\/\",\"name\":\"Virtual Local Phone Numbers\",\"description\":\"Buy Virtual Phone Numbers | DID Numbers | VoIP Numbers | Toll-free Numbers | Call forwarding to SIP, VOIP, PBX, Mobile or Fixed Phones\",\"publisher\":{\"@id\":\"https:\\\/\\\/virtnum.com\\\/#organization\"},\"potentialAction\":[{\"@type\":\"SearchAction\",\"target\":{\"@type\":\"EntryPoint\",\"urlTemplate\":\"https:\\\/\\\/virtnum.com\\\/?s={search_term_string}\"},\"query-input\":{\"@type\":\"PropertyValueSpecification\",\"valueRequired\":true,\"valueName\":\"search_term_string\"}}],\"inLanguage\":\"pt-BR\"},{\"@type\":\"Organization\",\"@id\":\"https:\\\/\\\/virtnum.com\\\/#organization\",\"name\":\"Virtual Local Phone Numbers\",\"url\":\"https:\\\/\\\/virtnum.com\\\/\",\"logo\":{\"@type\":\"ImageObject\",\"inLanguage\":\"pt-BR\",\"@id\":\"https:\\\/\\\/virtnum.com\\\/#\\\/schema\\\/logo\\\/image\\\/\",\"url\":\"https:\\\/\\\/virtnum.com\\\/wp-content\\\/uploads\\\/2022\\\/12\\\/logo-1.png\",\"contentUrl\":\"https:\\\/\\\/virtnum.com\\\/wp-content\\\/uploads\\\/2022\\\/12\\\/logo-1.png\",\"width\":420,\"height\":165,\"caption\":\"Virtual Local Phone Numbers\"},\"image\":{\"@id\":\"https:\\\/\\\/virtnum.com\\\/#\\\/schema\\\/logo\\\/image\\\/\"}}]}<\/script>\n<!-- \/ Yoast SEO plugin. -->","yoast_head_json":{"title":"N\u00famero SMS permanente para registro","description":"Descubra as vantagens de usar um n\u00famero SMS permanente para registro em v\u00e1rias plataformas. Saiba como nossos n\u00fameros virtuais reutiliz\u00e1veis simplificam a cria\u00e7\u00e3o de contas em redes sociais, aplicativos e outros servi\u00e7os. Aproveite o registro confi\u00e1vel, conveniente e vers\u00e1til com um n\u00famero que fica com voc\u00ea. Comece hoje mesmo!","robots":{"index":"index","follow":"follow","max-snippet":"max-snippet:-1","max-image-preview":"max-image-preview:large","max-video-preview":"max-video-preview:-1"},"canonical":"https:\/\/virtnum.com\/pt\/sms-number-registration\/","og_locale":"pt_BR","og_type":"article","og_title":"Permanent SMS Number for Registration","og_description":"Discover the advantages of using a permanent SMS number for registration on multiple platforms. Learn how our reusable virtual numbers simplify account creation across social networks, apps, and other services. Enjoy reliable, convenient, and versatile registration with a number that stays with you. Start today!","og_url":"https:\/\/virtnum.com\/pt\/sms-number-registration\/","og_site_name":"Virtual Local Phone Numbers","article_modified_time":"2024-08-23T00:21:17+00:00","twitter_card":"summary_large_image","twitter_misc":{"Est. tempo de leitura":"2 minutos"},"schema":{"@context":"https:\/\/schema.org","@graph":[{"@type":"WebPage","@id":"https:\/\/virtnum.com\/sms-number-registration\/","url":"https:\/\/virtnum.com\/sms-number-registration\/","name":"N\u00famero SMS permanente para registro","isPartOf":{"@id":"https:\/\/virtnum.com\/#website"},"datePublished":"2024-08-23T00:21:14+00:00","dateModified":"2024-08-23T00:21:17+00:00","description":"Descubra as vantagens de usar um n\u00famero SMS permanente para registro em v\u00e1rias plataformas. Saiba como nossos n\u00fameros virtuais reutiliz\u00e1veis simplificam a cria\u00e7\u00e3o de contas em redes sociais, aplicativos e outros servi\u00e7os. Aproveite o registro confi\u00e1vel, conveniente e vers\u00e1til com um n\u00famero que fica com voc\u00ea. Comece hoje mesmo!","inLanguage":"pt-BR","potentialAction":[{"@type":"ReadAction","target":["https:\/\/virtnum.com\/sms-number-registration\/"]}]},{"@type":"WebSite","@id":"https:\/\/virtnum.com\/#website","url":"https:\/\/virtnum.com\/","name":"N\u00fameros de telefone locais virtuais","description":"Compre n\u00fameros de telefone virtuais | N\u00fameros DID | N\u00fameros VoIP | N\u00fameros gratuitos | Encaminhamento de chamadas para SIP, VOIP, PBX, telefones m\u00f3veis ou fixos","publisher":{"@id":"https:\/\/virtnum.com\/#organization"},"potentialAction":[{"@type":"SearchAction","target":{"@type":"EntryPoint","urlTemplate":"https:\/\/virtnum.com\/?s={search_term_string}"},"query-input":{"@type":"PropertyValueSpecification","valueRequired":true,"valueName":"search_term_string"}}],"inLanguage":"pt-BR"},{"@type":"Organization","@id":"https:\/\/virtnum.com\/#organization","name":"N\u00fameros de telefone locais virtuais","url":"https:\/\/virtnum.com\/","logo":{"@type":"ImageObject","inLanguage":"pt-BR","@id":"https:\/\/virtnum.com\/#\/schema\/logo\/image\/","url":"https:\/\/virtnum.com\/wp-content\/uploads\/2022\/12\/logo-1.png","contentUrl":"https:\/\/virtnum.com\/wp-content\/uploads\/2022\/12\/logo-1.png","width":420,"height":165,"caption":"Virtual Local Phone Numbers"},"image":{"@id":"https:\/\/virtnum.com\/#\/schema\/logo\/image\/"}}]}},"_links":{"self":[{"href":"https:\/\/virtnum.com\/pt\/wp-json\/wp\/v2\/pages\/874","targetHints":{"allow":["GET"]}}],"collection":[{"href":"https:\/\/virtnum.com\/pt\/wp-json\/wp\/v2\/pages"}],"about":[{"href":"https:\/\/virtnum.com\/pt\/wp-json\/wp\/v2\/types\/page"}],"author":[{"embeddable":true,"href":"https:\/\/virtnum.com\/pt\/wp-json\/wp\/v2\/users\/1"}],"replies":[{"embeddable":true,"href":"https:\/\/virtnum.com\/pt\/wp-json\/wp\/v2\/comments?post=874"}],"version-history":[{"count":1,"href":"https:\/\/virtnum.com\/pt\/wp-json\/wp\/v2\/pages\/874\/revisions"}],"predecessor-version":[{"id":878,"href":"https:\/\/virtnum.com\/pt\/wp-json\/wp\/v2\/pages\/874\/revisions\/878"}],"wp:attachment":[{"href":"https:\/\/virtnum.com\/pt\/wp-json\/wp\/v2\/media?parent=874"}],"curies":[{"name":"wp","href":"https:\/\/api.w.org\/{rel}","templated":true}]}}