{"id":957,"date":"2026-04-15T00:59:07","date_gmt":"2026-04-14T20:59:07","guid":{"rendered":"https:\/\/virtnum.com\/?page_id=957"},"modified":"2026-04-15T00:59:08","modified_gmt":"2026-04-14T20:59:08","slug":"cookie-statement","status":"publish","type":"page","link":"https:\/\/virtnum.com\/pt\/cookie-statement\/","title":{"rendered":"Declara\u00e7\u00e3o de Cookies"},"content":{"rendered":"<h1 class=\"wp-block-heading\">Declara\u00e7\u00e3o de Cookies<\/h1>\n\n\n\n<p>Qualquer refer\u00eancia a \u201cn\u00f3s\u201d, \u201cnosso\u201d ou \u201cempresa Beta\u201d neste documento significa Virtnum.com (Beta company sp. z oo, REGON 146444560).<\/p>\n\n\n\n<p>Esta Declara\u00e7\u00e3o de Cookies explica como utilizamos cookies e tecnologias semelhantes quando voc\u00ea visita nossos sites, como por exemplo:\u00a0<a href=\"https:\/\/betacompany.net\/\">betacompany.net<\/a>,\u00a0<a href=\"https:\/\/telnum.net\/\">virtnum.com<\/a>, ou qualquer outro site ou aplicativo operado por n\u00f3s (coletivamente, os \u201cSites\u201d). Ele explica o que s\u00e3o essas tecnologias, por que as usamos e seus direitos de controlar nosso uso delas.<\/p>\n\n\n\n<p>Esta Declara\u00e7\u00e3o de Cookies faz parte dos nossos Termos de Uso. Quaisquer termos em mai\u00fasculas n\u00e3o definidos aqui t\u00eam os significados que lhes s\u00e3o atribu\u00eddos na nossa Pol\u00edtica de Privacidade.<\/p>\n\n\n\n<p>Em alguns casos, podemos usar cookies e outras tecnologias de rastreamento para coletar Dados Pessoais, ou informa\u00e7\u00f5es que se tornam Dados Pessoais se as combinarmos com outras informa\u00e7\u00f5es. Para obter mais detalhes sobre como processamos suas informa\u00e7\u00f5es pessoais, leia nossa Pol\u00edtica de Privacidade.<\/p>\n\n\n\n<h2 class=\"wp-block-heading\">O que s\u00e3o cookies?<\/h2>\n\n\n\n<p>Os cookies s\u00e3o pequenos arquivos de dados colocados no seu computador ou dispositivo m\u00f3vel quando voc\u00ea visita um site. Eles s\u00e3o amplamente utilizados por provedores de servi\u00e7os online para fazer com que os sites funcionem de forma eficiente, melhorar a experi\u00eancia do usu\u00e1rio e fornecer informa\u00e7\u00f5es para relat\u00f3rios.<\/p>\n\n\n\n<ul class=\"wp-block-list\">\n<li><strong>Cookies prim\u00e1rios:<\/strong>\u00a0Cookies definidos pelo propriet\u00e1rio do site (neste caso, a empresa Beta).<\/li>\n\n\n\n<li><strong>Cookies de terceiros:<\/strong>\u00a0Cookies definidos por terceiros que n\u00e3o o propriet\u00e1rio do site. Esses cookies permitem recursos ou funcionalidades de terceiros em nossos sites, como publicidade, conte\u00fado interativo e an\u00e1lises. Os terceiros que definem esses cookies podem reconhecer seu computador quando ele visita nossos sites e outros sites espec\u00edficos.<\/li>\n<\/ul>\n\n\n\n<h2 class=\"wp-block-heading\">Por que usamos cookies?<\/h2>\n\n\n\n<p>Utilizamos cookies pr\u00f3prios e de terceiros por diversos motivos. Alguns s\u00e3o necess\u00e1rios por raz\u00f5es t\u00e9cnicas para que nossos sites funcionem corretamente (chamamos esses de cookies \u201cessenciais\u201d). Outros cookies nos ajudam a rastrear e direcionar os interesses de nossos visitantes para aprimorar sua experi\u00eancia (cookies de \u201cdesempenho\u201d ou \u201cfuncionalidade\u201d). Por fim, terceiros utilizam cookies por meio de nossos sites para fins de publicidade, an\u00e1lise e outros.<\/p>\n\n\n\n<h2 class=\"wp-block-heading\">Cookies utilizados em nossos sites<\/h2>\n\n\n\n<p>Os tipos espec\u00edficos de cookies utilizados em nossos sites incluem:<\/p>\n\n\n\n<h3 class=\"wp-block-heading\">Cookies essenciais do site<\/h3>\n\n\n\n<p>Esses cookies s\u00e3o estritamente necess\u00e1rios para fornecer os servi\u00e7os dispon\u00edveis em nossos sites e para usar alguns de seus recursos, como o acesso a \u00e1reas seguras. Por serem essenciais, voc\u00ea n\u00e3o pode recus\u00e1-los sem afetar o funcionamento do site. Voc\u00ea ainda pode bloque\u00e1-los ou exclu\u00ed-los alterando as configura\u00e7\u00f5es do seu navegador, mas os sites podem n\u00e3o funcionar corretamente.<\/p>\n\n\n\n<h3 class=\"wp-block-heading\">Cookies de desempenho e funcionalidade<\/h3>\n\n\n\n<p>Esses cookies s\u00e3o usados para melhorar o desempenho e a funcionalidade de nossos sites, mas n\u00e3o s\u00e3o essenciais para seu uso b\u00e1sico. No entanto, sem esses cookies, certos recursos podem ficar indispon\u00edveis ou dif\u00edceis de usar.<\/p>\n\n\n\n<h3 class=\"wp-block-heading\">Cookies de an\u00e1lise e personaliza\u00e7\u00e3o<\/h3>\n\n\n\n<p>Esses cookies coletam informa\u00e7\u00f5es de forma agregada para nos ajudar a entender como nossos sites est\u00e3o sendo usados, medir a efic\u00e1cia de nossas campanhas de marketing e personalizar sua experi\u00eancia.<\/p>\n\n\n\n<h3 class=\"wp-block-heading\">Cookies de publicidade (segmenta\u00e7\u00e3o)<\/h3>\n\n\n\n<p>Esses cookies s\u00e3o usados para tornar as mensagens publicit\u00e1rias mais relevantes para seus interesses. Eles impedem que o mesmo an\u00fancio seja exibido repetidamente, garantem que os an\u00fancios sejam exibidos corretamente e selecionam an\u00fancios com base em seus h\u00e1bitos de navega\u00e7\u00e3o.<\/p>\n\n\n\n<h2 class=\"wp-block-heading\">Outras tecnologias de rastreamento<\/h2>\n\n\n\n<p>N\u00f3s e nossos parceiros terceirizados podemos usar tecnologias semelhantes, como web beacons ou pixels (gifs transparentes). Trata-se de pequenas imagens com um identificador exclusivo que nos permitem reconhecer quando algu\u00e9m visitou nossos sites ou abriu um e-mail que enviamos. Isso nos ajuda a monitorar padr\u00f5es de tr\u00e1fego de usu\u00e1rios, melhorar o desempenho do site e medir o sucesso de campanhas de marketing. Em muitos casos, essas tecnologias dependem de cookies para funcionar corretamente, portanto, recusar cookies prejudicar\u00e1 sua efic\u00e1cia.<\/p>\n\n\n\n<h2 class=\"wp-block-heading\">Publicidade online direcionada<\/h2>\n\n\n\n<p>Trabalhamos com fornecedores de servi\u00e7os terceirizados para rastrear e analisar informa\u00e7\u00f5es de uso e estat\u00edsticas das intera\u00e7\u00f5es com nossos sites. Esses terceiros usam cookies, web beacons e tecnologias de rastreamento semelhantes para inferir seus interesses e exibir an\u00fancios direcionados com base em suas atividades de navega\u00e7\u00e3o.<\/p>\n\n\n\n<p>As informa\u00e7\u00f5es coletadas por esses terceiros n\u00e3o incluem informa\u00e7\u00f5es pessoais que o identifiquem especificamente (como seu nome ou endere\u00e7o de e-mail), a menos que voc\u00ea opte por fornec\u00ea-las.<\/p>\n\n\n\n<h2 class=\"wp-block-heading\">Como controlar os cookies<\/h2>\n\n\n\n<p>Voc\u00ea tem o direito de decidir se aceita ou rejeita cookies n\u00e3o essenciais. Voc\u00ea pode configurar ou alterar as configura\u00e7\u00f5es do seu navegador para aceitar ou recusar cookies. Se optar por recus\u00e1-los, voc\u00ea ainda poder\u00e1 usar nossos sites, mas seu acesso a algumas funcionalidades e \u00e1reas poder\u00e1 ser restrito. Como os procedimentos para recusar cookies variam de navegador para navegador, consulte o menu de ajuda do seu navegador para obter mais informa\u00e7\u00f5es.<\/p>\n\n\n\n<h2 class=\"wp-block-heading\">Atualiza\u00e7\u00f5es de Pol\u00edticas<\/h2>\n\n\n\n<p>Podemos atualizar esta Declara\u00e7\u00e3o de Cookies periodicamente para refletir altera\u00e7\u00f5es nos cookies que utilizamos ou por outros motivos operacionais, legais ou regulamentares. Visite esta p\u00e1gina regularmente para se manter informado sobre o nosso uso de tecnologias de rastreamento.<\/p>\n\n\n\n<h2 class=\"wp-block-heading\">Contate-nos<\/h2>\n\n\n\n<p>Se tiver alguma d\u00favida sobre a nossa utiliza\u00e7\u00e3o de cookies ou outras tecnologias, envie-nos um e-mail para&nbsp;<a href=\"mailto:info@betacompany.net\">info@betacompany.net<\/a>.<\/p>","protected":false},"excerpt":{"rendered":"<p>Pol\u00edtica de Cookies: Qualquer refer\u00eancia a \u201cn\u00f3s\u201d, \u201cnosso\u201d ou \u201cEmpresa Beta\u201d neste documento significa Virtnum.com (Beta company sp. z oo, REGON 146444560). Esta Pol\u00edtica de Cookies\u2026<\/p>","protected":false},"author":1,"featured_media":0,"parent":0,"menu_order":0,"comment_status":"closed","ping_status":"closed","template":"","meta":{"_acf_changed":false,"footnotes":""},"class_list":["post-957","page","type-page","status-publish","hentry"],"acf":[],"yoast_head":"<!-- This site is optimized with the Yoast SEO plugin v27.4 - https:\/\/yoast.com\/product\/yoast-seo-wordpress\/ -->\n<title>Cookie Statement - Virtnum.com<\/title>\n<meta name=\"description\" content=\"Cookie Statement - Virtnum.com\" \/>\n<meta name=\"robots\" content=\"index, follow, max-snippet:-1, max-image-preview:large, max-video-preview:-1\" \/>\n<link rel=\"canonical\" href=\"https:\/\/virtnum.com\/pt\/cookie-statement\/\" \/>\n<meta property=\"og:locale\" content=\"pt_BR\" \/>\n<meta property=\"og:type\" content=\"article\" \/>\n<meta property=\"og:title\" content=\"Cookie Statement - Virtnum.com\" \/>\n<meta property=\"og:description\" content=\"Cookie Statement - Virtnum.com\" \/>\n<meta property=\"og:url\" content=\"https:\/\/virtnum.com\/pt\/cookie-statement\/\" \/>\n<meta property=\"og:site_name\" content=\"Virtual Local Phone Numbers\" \/>\n<meta property=\"article:modified_time\" content=\"2026-04-14T20:59:08+00:00\" \/>\n<meta name=\"twitter:card\" content=\"summary_large_image\" \/>\n<meta name=\"twitter:label1\" content=\"Est. tempo de leitura\" \/>\n\t<meta name=\"twitter:data1\" content=\"4 minutos\" \/>\n<script type=\"application\/ld+json\" class=\"yoast-schema-graph\">{\"@context\":\"https:\\\/\\\/schema.org\",\"@graph\":[{\"@type\":\"WebPage\",\"@id\":\"https:\\\/\\\/virtnum.com\\\/cookie-statement\\\/\",\"url\":\"https:\\\/\\\/virtnum.com\\\/cookie-statement\\\/\",\"name\":\"Cookie Statement - Virtnum.com\",\"isPartOf\":{\"@id\":\"https:\\\/\\\/virtnum.com\\\/#website\"},\"datePublished\":\"2026-04-14T20:59:07+00:00\",\"dateModified\":\"2026-04-14T20:59:08+00:00\",\"description\":\"Cookie Statement - Virtnum.com\",\"inLanguage\":\"pt-BR\",\"potentialAction\":[{\"@type\":\"ReadAction\",\"target\":[\"https:\\\/\\\/virtnum.com\\\/cookie-statement\\\/\"]}]},{\"@type\":\"WebSite\",\"@id\":\"https:\\\/\\\/virtnum.com\\\/#website\",\"url\":\"https:\\\/\\\/virtnum.com\\\/\",\"name\":\"Virtual Local Phone Numbers\",\"description\":\"Buy Virtual Phone Numbers | DID Numbers | VoIP Numbers | Toll-free Numbers | Call forwarding to SIP, VOIP, PBX, Mobile or Fixed Phones\",\"publisher\":{\"@id\":\"https:\\\/\\\/virtnum.com\\\/#organization\"},\"potentialAction\":[{\"@type\":\"SearchAction\",\"target\":{\"@type\":\"EntryPoint\",\"urlTemplate\":\"https:\\\/\\\/virtnum.com\\\/?s={search_term_string}\"},\"query-input\":{\"@type\":\"PropertyValueSpecification\",\"valueRequired\":true,\"valueName\":\"search_term_string\"}}],\"inLanguage\":\"pt-BR\"},{\"@type\":\"Organization\",\"@id\":\"https:\\\/\\\/virtnum.com\\\/#organization\",\"name\":\"Virtual Local Phone Numbers\",\"url\":\"https:\\\/\\\/virtnum.com\\\/\",\"logo\":{\"@type\":\"ImageObject\",\"inLanguage\":\"pt-BR\",\"@id\":\"https:\\\/\\\/virtnum.com\\\/#\\\/schema\\\/logo\\\/image\\\/\",\"url\":\"https:\\\/\\\/virtnum.com\\\/wp-content\\\/uploads\\\/2022\\\/12\\\/logo-1.png\",\"contentUrl\":\"https:\\\/\\\/virtnum.com\\\/wp-content\\\/uploads\\\/2022\\\/12\\\/logo-1.png\",\"width\":420,\"height\":165,\"caption\":\"Virtual Local Phone Numbers\"},\"image\":{\"@id\":\"https:\\\/\\\/virtnum.com\\\/#\\\/schema\\\/logo\\\/image\\\/\"}}]}<\/script>\n<!-- \/ Yoast SEO plugin. -->","yoast_head_json":{"title":"Pol\u00edtica de Cookies - Virtnum.com","description":"Pol\u00edtica de Cookies - Virtnum.com","robots":{"index":"index","follow":"follow","max-snippet":"max-snippet:-1","max-image-preview":"max-image-preview:large","max-video-preview":"max-video-preview:-1"},"canonical":"https:\/\/virtnum.com\/pt\/cookie-statement\/","og_locale":"pt_BR","og_type":"article","og_title":"Cookie Statement - Virtnum.com","og_description":"Cookie Statement - Virtnum.com","og_url":"https:\/\/virtnum.com\/pt\/cookie-statement\/","og_site_name":"Virtual Local Phone Numbers","article_modified_time":"2026-04-14T20:59:08+00:00","twitter_card":"summary_large_image","twitter_misc":{"Est. tempo de leitura":"4 minutos"},"schema":{"@context":"https:\/\/schema.org","@graph":[{"@type":"WebPage","@id":"https:\/\/virtnum.com\/cookie-statement\/","url":"https:\/\/virtnum.com\/cookie-statement\/","name":"Pol\u00edtica de Cookies - Virtnum.com","isPartOf":{"@id":"https:\/\/virtnum.com\/#website"},"datePublished":"2026-04-14T20:59:07+00:00","dateModified":"2026-04-14T20:59:08+00:00","description":"Pol\u00edtica de Cookies - Virtnum.com","inLanguage":"pt-BR","potentialAction":[{"@type":"ReadAction","target":["https:\/\/virtnum.com\/cookie-statement\/"]}]},{"@type":"WebSite","@id":"https:\/\/virtnum.com\/#website","url":"https:\/\/virtnum.com\/","name":"N\u00fameros de telefone locais virtuais","description":"Compre n\u00fameros de telefone virtuais | N\u00fameros DID | N\u00fameros VoIP | N\u00fameros gratuitos | Encaminhamento de chamadas para SIP, VOIP, PBX, telefones m\u00f3veis ou fixos","publisher":{"@id":"https:\/\/virtnum.com\/#organization"},"potentialAction":[{"@type":"SearchAction","target":{"@type":"EntryPoint","urlTemplate":"https:\/\/virtnum.com\/?s={search_term_string}"},"query-input":{"@type":"PropertyValueSpecification","valueRequired":true,"valueName":"search_term_string"}}],"inLanguage":"pt-BR"},{"@type":"Organization","@id":"https:\/\/virtnum.com\/#organization","name":"N\u00fameros de telefone locais virtuais","url":"https:\/\/virtnum.com\/","logo":{"@type":"ImageObject","inLanguage":"pt-BR","@id":"https:\/\/virtnum.com\/#\/schema\/logo\/image\/","url":"https:\/\/virtnum.com\/wp-content\/uploads\/2022\/12\/logo-1.png","contentUrl":"https:\/\/virtnum.com\/wp-content\/uploads\/2022\/12\/logo-1.png","width":420,"height":165,"caption":"Virtual Local Phone Numbers"},"image":{"@id":"https:\/\/virtnum.com\/#\/schema\/logo\/image\/"}}]}},"_links":{"self":[{"href":"https:\/\/virtnum.com\/pt\/wp-json\/wp\/v2\/pages\/957","targetHints":{"allow":["GET"]}}],"collection":[{"href":"https:\/\/virtnum.com\/pt\/wp-json\/wp\/v2\/pages"}],"about":[{"href":"https:\/\/virtnum.com\/pt\/wp-json\/wp\/v2\/types\/page"}],"author":[{"embeddable":true,"href":"https:\/\/virtnum.com\/pt\/wp-json\/wp\/v2\/users\/1"}],"replies":[{"embeddable":true,"href":"https:\/\/virtnum.com\/pt\/wp-json\/wp\/v2\/comments?post=957"}],"version-history":[{"count":1,"href":"https:\/\/virtnum.com\/pt\/wp-json\/wp\/v2\/pages\/957\/revisions"}],"predecessor-version":[{"id":960,"href":"https:\/\/virtnum.com\/pt\/wp-json\/wp\/v2\/pages\/957\/revisions\/960"}],"wp:attachment":[{"href":"https:\/\/virtnum.com\/pt\/wp-json\/wp\/v2\/media?parent=957"}],"curies":[{"name":"wp","href":"https:\/\/api.w.org\/{rel}","templated":true}]}}