{"id":115,"date":"2021-04-06T20:34:41","date_gmt":"2021-04-06T16:34:41","guid":{"rendered":"https:\/\/virtnum.com\/?page_id=115"},"modified":"2021-04-06T20:34:41","modified_gmt":"2021-04-06T16:34:41","slug":"buy-toll-free-number","status":"publish","type":"page","link":"https:\/\/virtnum.com\/tr\/buy-toll-free-number\/","title":{"rendered":"Toll Free Numaralar\u0131n\u0131 Sat\u0131n Al"},"content":{"rendered":"<h2 class=\"wp-block-heading\">\u00dccretsiz Numara Nedir ve Nas\u0131l \u00c7al\u0131\u015f\u0131r?<\/h2>\n\n\n\n<p>\u00dccretsiz numaralar, arayanlar\u0131n arama i\u00e7in \u00fccretlendirilmeden i\u015fletmelere ve\/veya bireylere ula\u015fmas\u0131n\u0131 sa\u011flar. \u00dccretsiz numara kullanman\u0131n \u00fccreti, arayan taraf yerine aranan taraf (\u00fccretsiz abone) taraf\u0131ndan \u00f6denir. \u00dccretsiz numaralar do\u011frudan i\u015f veya ki\u015fisel telefon hatt\u0131n\u0131za \u00e7evrilebilir.<\/p>\n\n\n\n<p>\u00dccretsiz numaralar \u00e7ok yayg\u0131nd\u0131r ve \u00f6zellikle m\u00fc\u015fteri hizmetleri ve tele pazarlama alanlar\u0131nda i\u015fletmeler i\u00e7in ba\u015far\u0131l\u0131 olduklar\u0131 kan\u0131tlanm\u0131\u015ft\u0131r. \u00dccretsiz hizmet, potansiyel m\u00fc\u015fterilere ve di\u011ferlerine i\u015fletmelerle ileti\u015fim kurman\u0131n &quot;\u00fccretsiz&quot; ve kullan\u0131\u015fl\u0131 bir yolunu sunar.<\/p>\n\n\n\n<p>\u00dccretsiz numaralar i\u015fletme sahipleri ve t\u00fcketiciler i\u00e7in olduk\u00e7a ba\u015far\u0131l\u0131 olmu\u015ftur. \u0130\u015fletmeler genellikle m\u00fc\u015fterilerine \u00fcr\u00fcn sipari\u015fi vermeleri veya m\u00fc\u015fteri hizmeti sunmalar\u0131 i\u00e7in \u00fccretsiz numaralar sa\u011flar. Genellikle i\u015fletme i\u00e7in arama ba\u015f\u0131na maliyet, t\u00fcketici uzun mesafe \u00fccretleri \u00f6dedi\u011finde arama ba\u015f\u0131na maliyetten daha azd\u0131r. Ayr\u0131ca, arama \u00fccretsizse t\u00fcketicilerin i\u015fletmeyle ileti\u015fime ge\u00e7me olas\u0131l\u0131\u011f\u0131 daha y\u00fcksektir.<\/p>\n\n\n\n<p>Sanal Telefon Numaralar\u0131, a\u015fa\u011f\u0131daki kodlardan biriyle ba\u015flayan \u00dccretsiz numaralar sunar: 120, 1300, 1800, 1809, 20, 4, 400, 800, 803, 805, 807, 808, 844, 855, 866, 877, 888, 900.<\/p>\n\n\n\n<p>Sanal Telefon Numaralar\u0131 \u015fu anda a\u015fa\u011f\u0131daki \u00fclkelerden \u00fccretsiz numaralar sa\u011flamaktad\u0131r: Arjantin, Avustralya, Avusturya, Bahreyn, Bolivya, Brezilya, Bulgaristan, Kanada, \u00c7in, Kolombiya, Kosta Rika, H\u0131rvatistan, K\u0131br\u0131s, \u00c7ek Cumhuriyeti, Danimarka, Ekvador, Estonya, Finlandiya, Fransa, Almanya, Hong Kong, Hindistan, Endonezya, \u0130rlanda, \u0130srail, \u0130talya, Japonya, Litvanya, L\u00fcksemburg, Meksika, Yeni Zelanda, Norve\u00e7, Panama, Peru, Polonya, Portekiz, Romanya, Rusya Federasyonu, Slovakya, \u0130spanya, \u0130sve\u00e7, \u0130ngiltere, Birle\u015fik Krall\u0131k, Amerika Birle\u015fik Devletleri, Uruguay, ABD, Venezuela.<\/p>","protected":false},"excerpt":{"rendered":"<p>\u00dccretsiz Numara Nedir ve Nas\u0131l \u00c7al\u0131\u015f\u0131r? \u00dccretsiz numaralar arayanlar\u0131n \u00fccretlendirilmeden i\u015fletmelere ve\/veya bireylere ula\u015fmas\u0131n\u0131 sa\u011flar\u2026<\/p>","protected":false},"author":1,"featured_media":0,"parent":0,"menu_order":0,"comment_status":"closed","ping_status":"closed","template":"","meta":{"_acf_changed":false,"footnotes":""},"class_list":["post-115","page","type-page","status-publish","hentry"],"acf":[],"yoast_head":"<!-- This site is optimized with the Yoast SEO plugin v27.3 - https:\/\/yoast.com\/product\/yoast-seo-wordpress\/ -->\n<title>Buy Toll Free Numbers | Buy Virtual Toll Free Numbers | Buy Local Toll Free Number - Virtual Number Provider | DID Numbers | Call Forwarding<\/title>\n<meta name=\"description\" content=\"Buy Toll Free Number or Toll-free Phone Numbers from over 20 countries worldwide. Signup for a Toll Free Number for FREE NOW!!!\" \/>\n<meta name=\"robots\" content=\"index, follow, max-snippet:-1, max-image-preview:large, max-video-preview:-1\" \/>\n<link rel=\"canonical\" href=\"https:\/\/virtnum.com\/tr\/buy-toll-free-number\/\" \/>\n<meta property=\"og:locale\" content=\"tr_TR\" \/>\n<meta property=\"og:type\" content=\"article\" \/>\n<meta property=\"og:title\" content=\"Buy Toll Free Numbers | Buy Virtual Toll Free Numbers | Buy Local Toll Free Number - Virtual Number Provider | DID Numbers | Call Forwarding\" \/>\n<meta property=\"og:description\" content=\"Buy Toll Free Number or Toll-free Phone Numbers from over 20 countries worldwide. Signup for a Toll Free Number for FREE NOW!!!\" \/>\n<meta property=\"og:url\" content=\"https:\/\/virtnum.com\/tr\/buy-toll-free-number\/\" \/>\n<meta property=\"og:site_name\" content=\"Virtual Local Phone Numbers\" \/>\n<meta name=\"twitter:card\" content=\"summary_large_image\" \/>\n<meta name=\"twitter:label1\" content=\"Tahmini okuma s\u00fcresi\" \/>\n\t<meta name=\"twitter:data1\" content=\"2 dakika\" \/>\n<script type=\"application\/ld+json\" class=\"yoast-schema-graph\">{\"@context\":\"https:\\\/\\\/schema.org\",\"@graph\":[{\"@type\":\"WebPage\",\"@id\":\"https:\\\/\\\/virtnum.com\\\/buy-toll-free-number\\\/\",\"url\":\"https:\\\/\\\/virtnum.com\\\/buy-toll-free-number\\\/\",\"name\":\"Buy Toll Free Numbers | Buy Virtual Toll Free Numbers | Buy Local Toll Free Number - Virtual Number Provider | DID Numbers | Call Forwarding\",\"isPartOf\":{\"@id\":\"https:\\\/\\\/virtnum.com\\\/#website\"},\"datePublished\":\"2021-04-06T16:34:41+00:00\",\"description\":\"Buy Toll Free Number or Toll-free Phone Numbers from over 20 countries worldwide. Signup for a Toll Free Number for FREE NOW!!!\",\"inLanguage\":\"tr\",\"potentialAction\":[{\"@type\":\"ReadAction\",\"target\":[\"https:\\\/\\\/virtnum.com\\\/buy-toll-free-number\\\/\"]}]},{\"@type\":\"WebSite\",\"@id\":\"https:\\\/\\\/virtnum.com\\\/#website\",\"url\":\"https:\\\/\\\/virtnum.com\\\/\",\"name\":\"Virtual Local Phone Numbers\",\"description\":\"Buy Virtual Phone Numbers | DID Numbers | VoIP Numbers | Toll-free Numbers | Call forwarding to SIP, VOIP, PBX, Mobile or Fixed Phones\",\"publisher\":{\"@id\":\"https:\\\/\\\/virtnum.com\\\/#organization\"},\"potentialAction\":[{\"@type\":\"SearchAction\",\"target\":{\"@type\":\"EntryPoint\",\"urlTemplate\":\"https:\\\/\\\/virtnum.com\\\/?s={search_term_string}\"},\"query-input\":{\"@type\":\"PropertyValueSpecification\",\"valueRequired\":true,\"valueName\":\"search_term_string\"}}],\"inLanguage\":\"tr\"},{\"@type\":\"Organization\",\"@id\":\"https:\\\/\\\/virtnum.com\\\/#organization\",\"name\":\"Virtual Local Phone Numbers\",\"url\":\"https:\\\/\\\/virtnum.com\\\/\",\"logo\":{\"@type\":\"ImageObject\",\"inLanguage\":\"tr\",\"@id\":\"https:\\\/\\\/virtnum.com\\\/#\\\/schema\\\/logo\\\/image\\\/\",\"url\":\"https:\\\/\\\/virtnum.com\\\/wp-content\\\/uploads\\\/2022\\\/12\\\/logo-1.png\",\"contentUrl\":\"https:\\\/\\\/virtnum.com\\\/wp-content\\\/uploads\\\/2022\\\/12\\\/logo-1.png\",\"width\":420,\"height\":165,\"caption\":\"Virtual Local Phone Numbers\"},\"image\":{\"@id\":\"https:\\\/\\\/virtnum.com\\\/#\\\/schema\\\/logo\\\/image\\\/\"}}]}<\/script>\n<!-- \/ Yoast SEO plugin. -->","yoast_head_json":{"title":"Toll Free Numaralar\u0131 Sat\u0131n Al\u0131n | Sanal Toll Free Numaralar\u0131 Sat\u0131n Al\u0131n | Yerel Toll Free Numaras\u0131 Sat\u0131n Al\u0131n - Sanal Numara Sa\u011flay\u0131c\u0131 | DID Numaralar\u0131 | \u00c7a\u011fr\u0131 Y\u00f6nlendirme","description":"D\u00fcnya \u00e7ap\u0131nda 20&#039;den fazla \u00fclkeden Toll Free Numaras\u0131 veya \u00dccretsiz Telefon Numaralar\u0131 sat\u0131n al\u0131n. \u015e\u0130MD\u0130 \u00dcCRETS\u0130Z olarak bir Toll Free Numaras\u0131na kaydolun!!!","robots":{"index":"index","follow":"follow","max-snippet":"max-snippet:-1","max-image-preview":"max-image-preview:large","max-video-preview":"max-video-preview:-1"},"canonical":"https:\/\/virtnum.com\/tr\/buy-toll-free-number\/","og_locale":"tr_TR","og_type":"article","og_title":"Buy Toll Free Numbers | Buy Virtual Toll Free Numbers | Buy Local Toll Free Number - Virtual Number Provider | DID Numbers | Call Forwarding","og_description":"Buy Toll Free Number or Toll-free Phone Numbers from over 20 countries worldwide. Signup for a Toll Free Number for FREE NOW!!!","og_url":"https:\/\/virtnum.com\/tr\/buy-toll-free-number\/","og_site_name":"Virtual Local Phone Numbers","twitter_card":"summary_large_image","twitter_misc":{"Tahmini okuma s\u00fcresi":"2 dakika"},"schema":{"@context":"https:\/\/schema.org","@graph":[{"@type":"WebPage","@id":"https:\/\/virtnum.com\/buy-toll-free-number\/","url":"https:\/\/virtnum.com\/buy-toll-free-number\/","name":"Toll Free Numaralar\u0131 Sat\u0131n Al\u0131n | Sanal Toll Free Numaralar\u0131 Sat\u0131n Al\u0131n | Yerel Toll Free Numaras\u0131 Sat\u0131n Al\u0131n - Sanal Numara Sa\u011flay\u0131c\u0131 | DID Numaralar\u0131 | \u00c7a\u011fr\u0131 Y\u00f6nlendirme","isPartOf":{"@id":"https:\/\/virtnum.com\/#website"},"datePublished":"2021-04-06T16:34:41+00:00","description":"D\u00fcnya \u00e7ap\u0131nda 20&#039;den fazla \u00fclkeden Toll Free Numaras\u0131 veya \u00dccretsiz Telefon Numaralar\u0131 sat\u0131n al\u0131n. \u015e\u0130MD\u0130 \u00dcCRETS\u0130Z olarak bir Toll Free Numaras\u0131na kaydolun!!!","inLanguage":"tr","potentialAction":[{"@type":"ReadAction","target":["https:\/\/virtnum.com\/buy-toll-free-number\/"]}]},{"@type":"WebSite","@id":"https:\/\/virtnum.com\/#website","url":"https:\/\/virtnum.com\/","name":"Sanal Yerel Telefon Numaralar\u0131","description":"Sanal Telefon Numaralar\u0131 Sat\u0131n Al\u0131n | DID Numaralar\u0131 | VoIP Numaralar\u0131 | \u00dccretsiz Numaralar | SIP, VOIP, PBX, Mobil veya Sabit Telefonlara \u00c7a\u011fr\u0131 Y\u00f6nlendirme","publisher":{"@id":"https:\/\/virtnum.com\/#organization"},"potentialAction":[{"@type":"SearchAction","target":{"@type":"EntryPoint","urlTemplate":"https:\/\/virtnum.com\/?s={search_term_string}"},"query-input":{"@type":"PropertyValueSpecification","valueRequired":true,"valueName":"search_term_string"}}],"inLanguage":"tr"},{"@type":"Organization","@id":"https:\/\/virtnum.com\/#organization","name":"Sanal Yerel Telefon Numaralar\u0131","url":"https:\/\/virtnum.com\/","logo":{"@type":"ImageObject","inLanguage":"tr","@id":"https:\/\/virtnum.com\/#\/schema\/logo\/image\/","url":"https:\/\/virtnum.com\/wp-content\/uploads\/2022\/12\/logo-1.png","contentUrl":"https:\/\/virtnum.com\/wp-content\/uploads\/2022\/12\/logo-1.png","width":420,"height":165,"caption":"Virtual Local Phone Numbers"},"image":{"@id":"https:\/\/virtnum.com\/#\/schema\/logo\/image\/"}}]}},"_links":{"self":[{"href":"https:\/\/virtnum.com\/tr\/wp-json\/wp\/v2\/pages\/115","targetHints":{"allow":["GET"]}}],"collection":[{"href":"https:\/\/virtnum.com\/tr\/wp-json\/wp\/v2\/pages"}],"about":[{"href":"https:\/\/virtnum.com\/tr\/wp-json\/wp\/v2\/types\/page"}],"author":[{"embeddable":true,"href":"https:\/\/virtnum.com\/tr\/wp-json\/wp\/v2\/users\/1"}],"replies":[{"embeddable":true,"href":"https:\/\/virtnum.com\/tr\/wp-json\/wp\/v2\/comments?post=115"}],"version-history":[{"count":1,"href":"https:\/\/virtnum.com\/tr\/wp-json\/wp\/v2\/pages\/115\/revisions"}],"predecessor-version":[{"id":117,"href":"https:\/\/virtnum.com\/tr\/wp-json\/wp\/v2\/pages\/115\/revisions\/117"}],"wp:attachment":[{"href":"https:\/\/virtnum.com\/tr\/wp-json\/wp\/v2\/media?parent=115"}],"curies":[{"name":"wp","href":"https:\/\/api.w.org\/{rel}","templated":true}]}}