{"id":19,"date":"2021-01-08T14:32:50","date_gmt":"2021-01-08T14:32:50","guid":{"rendered":"https:\/\/virtnum.com\/contact\/"},"modified":"2022-11-14T15:57:21","modified_gmt":"2022-11-14T11:57:21","slug":"contact","status":"publish","type":"page","link":"https:\/\/virtnum.com\/tr\/contact\/","title":{"rendered":"Temas etmek"},"content":{"rendered":"<div class=\"wp-block-contact-form-7-contact-form-selector\">\n<div class=\"wpcf7 no-js\" id=\"wpcf7-f122-o1\" lang=\"en-US\" dir=\"ltr\" data-wpcf7-id=\"122\">\n<div class=\"screen-reader-response\"><p role=\"status\" aria-live=\"polite\" aria-atomic=\"true\"><\/p> <ul><\/ul><\/div>\n<form action=\"\/tr\/wp-json\/wp\/v2\/pages\/19#wpcf7-f122-o1\" method=\"post\" class=\"wpcf7-form init\" aria-label=\"\u0130leti\u015fim formu\" novalidate=\"novalidate\" data-status=\"init\" data-trp-original-action=\"\/tr\/wp-json\/wp\/v2\/pages\/19#wpcf7-f122-o1\">\n<fieldset class=\"hidden-fields-container\"><input type=\"hidden\" name=\"_wpcf7\" value=\"122\" \/><input type=\"hidden\" name=\"_wpcf7_version\" value=\"6.1.5\" \/><input type=\"hidden\" name=\"_wpcf7_locale\" value=\"en_US\" \/><input type=\"hidden\" name=\"_wpcf7_unit_tag\" value=\"wpcf7-f122-o1\" \/><input type=\"hidden\" name=\"_wpcf7_container_post\" value=\"0\" \/><input type=\"hidden\" name=\"_wpcf7_posted_data_hash\" value=\"\" \/>\n<\/fieldset>\n<p><span class=\"wpcf7-form-control-wrap\" data-name=\"Choosecountry\"><select class=\"wpcf7-form-control wpcf7-select wpcf7-validates-as-required\" aria-required=\"true\" aria-invalid=\"false\" name=\"Choosecountry\"><option value=\"Algeria\">Cezayir<\/option><option value=\"Argentina\">Arjantin<\/option><option value=\"Armenia\">Ermenistan<\/option><option value=\"Australia\">Avustralya<\/option><option value=\"Austria\">Avusturya<\/option><option value=\"Bahrain\">Bahreyn<\/option><option value=\"Belarus\">Beyaz Rusya<\/option><option value=\"Belgium\">Bel\u00e7ika<\/option><option value=\"Benin\">Benin<\/option><option value=\"Brazil\">Brezilya<\/option><option value=\"Bulgaria\">Bulgaristan<\/option><option value=\"Canada\">Kanada<\/option><option value=\"Cayman Islands\">Cayman Adalar\u0131<\/option><option value=\"Chile\">\u015eili<\/option><option value=\"China\">\u00c7in<\/option><option value=\"Colombia\">Kolombiya<\/option><option value=\"Costa Rica\">Kosta Rika<\/option><option value=\"Croatia\">H\u0131rvatistan<\/option><option value=\"Cyprus\">K\u0131br\u0131s<\/option><option value=\"Czech\">\u00c7ek<\/option><option value=\"Denmark\">Danimarka<\/option><option value=\"Dominican Republic\">Dominik Cumhuriyeti<\/option><option value=\"El Salvador\">El Salvador<\/option><option value=\"Estonia\">Estonya<\/option><option value=\"Finland\">Finlandiya<\/option><option value=\"France\">Fransa<\/option><option value=\"Georgia\">Georgia<\/option><option value=\"Germany\">Almanya<\/option><option value=\"Greece\">Yunanistan<\/option><option value=\"Guatemala\">Guatemala<\/option><option value=\"Hong Kong\">Hong Kong<\/option><option value=\"Hungary\">Macaristan<\/option><option value=\"Iceland\">\u0130zlanda<\/option><option value=\"Ireland\">\u0130rlanda<\/option><option value=\"Israel\">\u0130srail<\/option><option value=\"Italy\">\u0130talya<\/option><option value=\"Japan\">Japonya<\/option><option value=\"Kazakhstan\">Kazakistan<\/option><option value=\"Kenya\">Kenya<\/option><option value=\"Kyrgyzstan\">K\u0131rg\u0131zistan<\/option><option value=\"Latvia\">Letonya<\/option><option value=\"Lithuania\">Litvanya<\/option><option value=\"Luxembourg\">L\u00fcksemburg<\/option><option value=\"Macau\">Makao<\/option><option value=\"Malaysia\">Malezya<\/option><option value=\"Malta\">Malta<\/option><option value=\"Mexico\">Meksika<\/option><option value=\"Moldova\">Moldova<\/option><option value=\"Namibia\">Namibya<\/option><option value=\"Netherlands\">Hollanda<\/option><option value=\"New Zealand\">Yeni Zelanda<\/option><option value=\"Nicaragua\">Nikaragua<\/option><option value=\"Nigeria\">Nijerya<\/option><option value=\"Pakistan\">Pakistan<\/option><option value=\"Panama\">Panama<\/option><option value=\"Peru\">Peru<\/option><option value=\"Philippines\">Filipinler<\/option><option value=\"Poland\">Polonya<\/option><option value=\"Portugal\">Portekiz<\/option><option value=\"Puerto Rico\">Porto Riko<\/option><option value=\"Romania\">Romanya<\/option><option value=\"Russia\">Rusya<\/option><option value=\"Saudi Arabia\">Suudi Arabistan<\/option><option value=\"Singapore\">Singapur<\/option><option value=\"Slovakia\">Slovakya<\/option><option value=\"Slovenia\">Slovenya<\/option><option value=\"South Africa\">G\u00fcney Afrika<\/option><option value=\"Spain\">\u0130spanya<\/option><option value=\"Sweden\">\u0130sve\u00e7<\/option><option value=\"Switzerland\">\u0130svi\u00e7re<\/option><option value=\"Taiwan\">Tayvan<\/option><option value=\"Tajikistan\">Tacikistan<\/option><option value=\"Thailand\">Tayland<\/option><option value=\"Turkey\">T\u00fcrkiye<\/option><option value=\"Uganda\">Uganda<\/option><option value=\"Ukraine\">Ukrayna<\/option><option value=\"United Kingdom\">Birle\u015fik Krall\u0131k<\/option><option value=\"United States\">Amerika Birle\u015fik Devletleri<\/option><option value=\"Venezuela\">Venez\u00fcella<\/option><option value=\"Vietnam\">Vietnam<\/option><\/select><\/span>\n<\/p><div class=\"wpcf7-response-output\" aria-hidden=\"true\"><\/div>\n<input type=\"hidden\" name=\"trp-form-language\" value=\"tr\"\/><\/form>\n<\/div>\n<\/div>","protected":false},"excerpt":{"rendered":"","protected":false},"author":1,"featured_media":0,"parent":0,"menu_order":0,"comment_status":"closed","ping_status":"closed","template":"","meta":{"_acf_changed":false,"footnotes":""},"class_list":["post-19","page","type-page","status-publish","hentry"],"acf":[],"yoast_head":"<!-- This site is optimized with the Yoast SEO plugin v27.4 - https:\/\/yoast.com\/product\/yoast-seo-wordpress\/ -->\n<title>Contact - Virtual Local Phone Numbers<\/title>\n<meta name=\"robots\" content=\"index, follow, max-snippet:-1, max-image-preview:large, max-video-preview:-1\" \/>\n<link rel=\"canonical\" href=\"https:\/\/virtnum.com\/tr\/contact\/\" \/>\n<meta property=\"og:locale\" content=\"tr_TR\" \/>\n<meta property=\"og:type\" content=\"article\" \/>\n<meta property=\"og:title\" content=\"Contact - Virtual Local Phone Numbers\" \/>\n<meta property=\"og:url\" content=\"https:\/\/virtnum.com\/tr\/contact\/\" \/>\n<meta property=\"og:site_name\" content=\"Virtual Local Phone Numbers\" \/>\n<meta property=\"article:modified_time\" content=\"2022-11-14T11:57:21+00:00\" \/>\n<meta name=\"twitter:card\" content=\"summary_large_image\" \/>\n<meta name=\"twitter:label1\" content=\"Tahmini okuma s\u00fcresi\" \/>\n\t<meta name=\"twitter:data1\" content=\"1 dakika\" \/>\n<script type=\"application\/ld+json\" class=\"yoast-schema-graph\">{\"@context\":\"https:\\\/\\\/schema.org\",\"@graph\":[{\"@type\":\"WebPage\",\"@id\":\"https:\\\/\\\/virtnum.com\\\/contact\\\/\",\"url\":\"https:\\\/\\\/virtnum.com\\\/contact\\\/\",\"name\":\"Contact - Virtual Local Phone Numbers\",\"isPartOf\":{\"@id\":\"https:\\\/\\\/virtnum.com\\\/#website\"},\"datePublished\":\"2021-01-08T14:32:50+00:00\",\"dateModified\":\"2022-11-14T11:57:21+00:00\",\"inLanguage\":\"tr\",\"potentialAction\":[{\"@type\":\"ReadAction\",\"target\":[\"https:\\\/\\\/virtnum.com\\\/contact\\\/\"]}]},{\"@type\":\"WebSite\",\"@id\":\"https:\\\/\\\/virtnum.com\\\/#website\",\"url\":\"https:\\\/\\\/virtnum.com\\\/\",\"name\":\"Virtual Local Phone Numbers\",\"description\":\"Buy Virtual Phone Numbers | DID Numbers | VoIP Numbers | Toll-free Numbers | Call forwarding to SIP, VOIP, PBX, Mobile or Fixed Phones\",\"publisher\":{\"@id\":\"https:\\\/\\\/virtnum.com\\\/#organization\"},\"potentialAction\":[{\"@type\":\"SearchAction\",\"target\":{\"@type\":\"EntryPoint\",\"urlTemplate\":\"https:\\\/\\\/virtnum.com\\\/?s={search_term_string}\"},\"query-input\":{\"@type\":\"PropertyValueSpecification\",\"valueRequired\":true,\"valueName\":\"search_term_string\"}}],\"inLanguage\":\"tr\"},{\"@type\":\"Organization\",\"@id\":\"https:\\\/\\\/virtnum.com\\\/#organization\",\"name\":\"Virtual Local Phone Numbers\",\"url\":\"https:\\\/\\\/virtnum.com\\\/\",\"logo\":{\"@type\":\"ImageObject\",\"inLanguage\":\"tr\",\"@id\":\"https:\\\/\\\/virtnum.com\\\/#\\\/schema\\\/logo\\\/image\\\/\",\"url\":\"https:\\\/\\\/virtnum.com\\\/wp-content\\\/uploads\\\/2022\\\/12\\\/logo-1.png\",\"contentUrl\":\"https:\\\/\\\/virtnum.com\\\/wp-content\\\/uploads\\\/2022\\\/12\\\/logo-1.png\",\"width\":420,\"height\":165,\"caption\":\"Virtual Local Phone Numbers\"},\"image\":{\"@id\":\"https:\\\/\\\/virtnum.com\\\/#\\\/schema\\\/logo\\\/image\\\/\"}}]}<\/script>\n<!-- \/ Yoast SEO plugin. -->","yoast_head_json":{"title":"\u0130leti\u015fim - Sanal Yerel Telefon Numaralar\u0131","robots":{"index":"index","follow":"follow","max-snippet":"max-snippet:-1","max-image-preview":"max-image-preview:large","max-video-preview":"max-video-preview:-1"},"canonical":"https:\/\/virtnum.com\/tr\/contact\/","og_locale":"tr_TR","og_type":"article","og_title":"Contact - Virtual Local Phone Numbers","og_url":"https:\/\/virtnum.com\/tr\/contact\/","og_site_name":"Virtual Local Phone Numbers","article_modified_time":"2022-11-14T11:57:21+00:00","twitter_card":"summary_large_image","twitter_misc":{"Tahmini okuma s\u00fcresi":"1 dakika"},"schema":{"@context":"https:\/\/schema.org","@graph":[{"@type":"WebPage","@id":"https:\/\/virtnum.com\/contact\/","url":"https:\/\/virtnum.com\/contact\/","name":"\u0130leti\u015fim - Sanal Yerel Telefon Numaralar\u0131","isPartOf":{"@id":"https:\/\/virtnum.com\/#website"},"datePublished":"2021-01-08T14:32:50+00:00","dateModified":"2022-11-14T11:57:21+00:00","inLanguage":"tr","potentialAction":[{"@type":"ReadAction","target":["https:\/\/virtnum.com\/contact\/"]}]},{"@type":"WebSite","@id":"https:\/\/virtnum.com\/#website","url":"https:\/\/virtnum.com\/","name":"Sanal Yerel Telefon Numaralar\u0131","description":"Sanal Telefon Numaralar\u0131 Sat\u0131n Al\u0131n | DID Numaralar\u0131 | VoIP Numaralar\u0131 | \u00dccretsiz Numaralar | SIP, VOIP, PBX, Mobil veya Sabit Telefonlara \u00c7a\u011fr\u0131 Y\u00f6nlendirme","publisher":{"@id":"https:\/\/virtnum.com\/#organization"},"potentialAction":[{"@type":"SearchAction","target":{"@type":"EntryPoint","urlTemplate":"https:\/\/virtnum.com\/?s={search_term_string}"},"query-input":{"@type":"PropertyValueSpecification","valueRequired":true,"valueName":"search_term_string"}}],"inLanguage":"tr"},{"@type":"Organization","@id":"https:\/\/virtnum.com\/#organization","name":"Sanal Yerel Telefon Numaralar\u0131","url":"https:\/\/virtnum.com\/","logo":{"@type":"ImageObject","inLanguage":"tr","@id":"https:\/\/virtnum.com\/#\/schema\/logo\/image\/","url":"https:\/\/virtnum.com\/wp-content\/uploads\/2022\/12\/logo-1.png","contentUrl":"https:\/\/virtnum.com\/wp-content\/uploads\/2022\/12\/logo-1.png","width":420,"height":165,"caption":"Virtual Local Phone Numbers"},"image":{"@id":"https:\/\/virtnum.com\/#\/schema\/logo\/image\/"}}]}},"_links":{"self":[{"href":"https:\/\/virtnum.com\/tr\/wp-json\/wp\/v2\/pages\/19","targetHints":{"allow":["GET"]}}],"collection":[{"href":"https:\/\/virtnum.com\/tr\/wp-json\/wp\/v2\/pages"}],"about":[{"href":"https:\/\/virtnum.com\/tr\/wp-json\/wp\/v2\/types\/page"}],"author":[{"embeddable":true,"href":"https:\/\/virtnum.com\/tr\/wp-json\/wp\/v2\/users\/1"}],"replies":[{"embeddable":true,"href":"https:\/\/virtnum.com\/tr\/wp-json\/wp\/v2\/comments?post=19"}],"version-history":[{"count":2,"href":"https:\/\/virtnum.com\/tr\/wp-json\/wp\/v2\/pages\/19\/revisions"}],"predecessor-version":[{"id":478,"href":"https:\/\/virtnum.com\/tr\/wp-json\/wp\/v2\/pages\/19\/revisions\/478"}],"wp:attachment":[{"href":"https:\/\/virtnum.com\/tr\/wp-json\/wp\/v2\/media?parent=19"}],"curies":[{"name":"wp","href":"https:\/\/api.w.org\/{rel}","templated":true}]}}